{"id":1543,"date":"2024-09-02T13:37:15","date_gmt":"2024-09-02T13:37:15","guid":{"rendered":"https:\/\/www.peanutoem.com\/?post_type=product&#038;p=1543"},"modified":"2024-09-28T06:03:37","modified_gmt":"2024-09-28T06:03:37","slug":"pure-peanut-butter","status":"publish","type":"product","link":"https:\/\/www.peanutoem.com\/it\/manufacturer\/pure-peanut-butter\/","title":{"rendered":"Burro di arachidi puro"},"content":{"rendered":"<h3>Burro di arachidi puro \u2013 Fornitore OEM leader e produttore di etichette private<\/h3>\n<p>Siamo specializzati nella produzione e fornitura di burro di arachidi puro come fornitore OEM affidabile, produttore di etichette private ed esportatore. I nostri prodotti sono realizzati con arachidi 100%, offrendo qualit\u00e0 e autenticit\u00e0 senza pari per il tuo marchio. Con capacit\u00e0 di produzione avanzate e certificazioni globali, adattiamo le nostre soluzioni di burro di arachidi alle tue esigenze specifiche.<\/p>\n<h3>Cos&#039;\u00e8 il burro di arachidi puro?<\/h3>\n<p><strong>Puro <a href=\"https:\/\/www.peanutoem.com\/it\/Wholesale\/peanut-butter\/\" target=\"_blank\" rel=\"noopener\">burro di arachidi<\/a><\/strong> \u00e8 fatto da 100% <a href=\"https:\/\/en.wikipedia.org\/wiki\/Peanut\" target=\"_blank\" rel=\"noopener\">arachidi<\/a>, senza zuccheri, oli o conservanti aggiunti. Offre un gusto naturale e non elaborato che piace ai consumatori attenti alla salute. Questo tipo di burro di arachidi conserva il sapore ricco e gli oli naturali delle arachidi, rendendolo una scelta popolare per coloro che cercano prodotti con etichetta pulita.<\/p>\n<h3>Quali altri nomi si possono dare al burro di arachidi puro?<\/h3>\n<p>\u00c8 anche conosciuto con nomi diversi in base alle regioni e ai settori. Alcuni dei nomi alternativi pi\u00f9 comuni includono:<\/p>\n<ul>\n<li><strong>Burro di arachidi naturale<\/strong><\/li>\n<li><strong>Burro di arachidi non zuccherato<\/strong><\/li>\n<li><strong>Burro di arachidi senza additivi<\/strong><\/li>\n<li><strong>100% burro di arachidi<\/strong><\/li>\n<\/ul>\n<p>Questi nomi sottolineano l&#039;assenza di ingredienti aggiuntivi, evidenziando la purezza del prodotto.<\/p>\n<h3>Perch\u00e9 sceglierci come fornitore?<\/h3>\n<p>In qualit\u00e0 di fornitore OEM leader e produttore di marchi privati, offriamo:<\/p>\n<ul>\n<li><strong>Prodotti di alta qualit\u00e0:<\/strong> Il nostro burro di arachidi puro contiene 100% arachidi selezionate, senza zuccheri aggiunti, oli o conservanti.<\/li>\n<li><strong>Soluzioni personalizzabili:<\/strong> Forniamo soluzioni di imballaggio flessibili, tra cui barattoli, lattine e secchi, in varie dimensioni per soddisfare le richieste del mercato.<\/li>\n<li><strong>Globale <a href=\"https:\/\/www.peanutoem.com\/it\/certificate\/\" target=\"_blank\" rel=\"noopener\">Certificazioni<\/a>:<\/strong> Le nostre certificazioni, tra cui HACCP, BRCGS, Halal e Kosher, garantiscono la sicurezza dei prodotti e la massima qualit\u00e0.<\/li>\n<li><strong>Grande capacit\u00e0 produttiva:<\/strong> Siamo in grado di gestire in modo efficiente sia gli ordini di piccole dimensioni che quelli all&#039;ingrosso, soddisfacendo le diverse esigenze dei clienti.<\/li>\n<li><strong>Competenza nelle esportazioni globali:<\/strong> Abbiamo una vasta esperienza nella fornitura di burro di arachidi di alta qualit\u00e0 a clienti in tutto il mondo.<\/li>\n<\/ul>\n<h3>Domande frequenti sul nostro ruolo aziendale come produttori e grossisti<\/h3>\n<ol>\n<li><strong>Perch\u00e9 siete un fornitore OEM leader nel settore del burro di arachidi?<\/strong><br \/>\nProduciamo burro di arachidi per marchi con il loro marchio, garantendo soluzioni di prodotto personalizzate.<\/li>\n<li><strong>Offrite servizi di private label?<\/strong><br \/>\nS\u00ec, siamo specializzati in soluzioni flessibili per etichette private per aiutarti a creare il tuo burro di arachidi di marca.<\/li>\n<li><strong>Quali ingredienti utilizzi?<\/strong><br \/>\nIl nostro burro di arachidi puro \u00e8 composto da arachidi selezionate 100%, senza zuccheri, oli o conservanti aggiunti.<\/li>\n<li><strong>Come posso personalizzare il mio imballaggio?<\/strong><br \/>\nPuoi scegliere tra diverse opzioni e dimensioni di imballaggio, adatte alle tue esigenze, dalla vendita al dettaglio alla vendita all&#039;ingrosso.<\/li>\n<li><strong>Qual \u00e8 la quantit\u00e0 minima ordinabile (MOQ)?<\/strong><br \/>\nIl MOQ \u00e8 di una tonnellata, garantendo flessibilit\u00e0 sia alle piccole che alle grandi imprese.<\/li>\n<li><strong>Cosa rende speciale il vostro burro di arachidi puro?<\/strong><br \/>\nIl nostro impegno per la qualit\u00e0, le certificazioni globali e le soluzioni private label personalizzate ci differenziano dai nostri concorrenti.<\/li>\n<li><strong>Quanto tempo ci vuole per elaborare un ordine?<\/strong><br \/>\nI tempi di consegna variano da 7 a 20 giorni, a seconda delle dimensioni dell&#039;ordine e delle esigenze di imballaggio.<\/li>\n<li><strong>Posso richiedere dei campioni prima di effettuare un ordine?<\/strong><br \/>\nS\u00ec, offriamo campioni gratuiti del nostro burro di arachidi puro per valutarne la qualit\u00e0 prima di effettuare un ordine all&#039;ingrosso.<\/li>\n<li><strong>Esporti a livello globale?<\/strong><br \/>\nAssolutamente! Abbiamo esperienza nell&#039;esportazione di burro di arachidi puro di alta qualit\u00e0 a clienti in tutto il mondo.<\/li>\n<\/ol>\n<h3>Perch\u00e9 burro di arachidi puro?<\/h3>\n<p>Il burro di arachidi puro \u00e8 l&#039;opzione preferita dai consumatori attenti alla salute che cercano un prodotto naturale senza additivi. \u00c8 ricco di proteine, grassi sani e nutrienti essenziali, il che lo rende un ingrediente versatile nelle cucine di tutto il mondo. Man mano che i consumatori si concentrano sempre di pi\u00f9 sulle etichette pulite, la domanda di prodotti a base di arachidi 100% continua a crescere.<\/p>\n<p>Garantiamo che il nostro burro di arachidi puro soddisfi queste esigenze, offrendo un prodotto il pi\u00f9 vicino possibile alla natura e al contempo completamente personalizzabile in base alle esigenze del tuo marchio. Che tu stia cercando di ampliare l&#039;offerta del tuo marchio o di entrare in nuovi mercati, abbiamo la capacit\u00e0, l&#039;esperienza e le certificazioni per realizzarlo.<\/p>\n<a href=\"mailto:globepeanut@gmail.com\" class=\"button primary is-primary is-medium\"  >\n    <span>Inviaci un&#039;e-mail<\/span>\n  <\/a>","protected":false},"excerpt":{"rendered":"<table width=\"564\">\n<tbody>\n<tr>\n<td width=\"113\"><strong>Nome del prodotto<\/strong><\/td>\n<td width=\"402\">Burro di arachidi puro<\/td>\n<\/tr>\n<tr>\n<td width=\"113\"><strong>Ingredienti<\/strong><\/td>\n<td width=\"402\">Burro di arachidi selezionato<\/td>\n<\/tr>\n<tr>\n<td width=\"113\"><strong>Specifiche<\/strong><\/td>\n<td width=\"402\">10kgx1, 20kgx1, 22kgx1,220kgx1<\/td>\n<\/tr>\n<tr>\n<td width=\"113\"><strong>Modulo di imballaggio<\/strong><\/td>\n<td width=\"402\">Barattolo, secchio, borsa, cartone, barile, bottiglia, ecc.<\/td>\n<\/tr>\n<tr>\n<td width=\"113\"><strong>Tempi di consegna<\/strong><\/td>\n<td width=\"402\">7~20 giorni dopo l&#039;ordine<\/td>\n<\/tr>\n<tr>\n<td width=\"113\"><strong>Quantit\u00e0 minima<\/strong><\/td>\n<td width=\"402\">Una tonnellata<\/td>\n<\/tr>\n<tr>\n<td width=\"113\"><strong>Campione<\/strong><\/td>\n<td width=\"402\">Campione gratuito disponibile<\/td>\n<\/tr>\n<tr>\n<td width=\"113\"><strong>OEM<\/strong><\/td>\n<td width=\"402\">Etichetta dell&#039;acquirente accettata<\/td>\n<\/tr>\n<\/tbody>\n<\/table>","protected":false},"featured_media":1659,"comment_status":"open","ping_status":"closed","template":"","meta":[],"product_cat":[15],"product_tag":[],"class_list":{"0":"post-1543","1":"product","2":"type-product","3":"status-publish","4":"has-post-thumbnail","6":"product_cat-peanut-butter","8":"first","9":"instock","10":"shipping-taxable","11":"product-type-simple"},"yoast_head":"<!-- This site is optimized with the Yoast SEO plugin v24.9 - https:\/\/yoast.com\/wordpress\/plugins\/seo\/ -->\n<title>Pure Peanut Butter OEM Producer - Peanut Butter Factory<\/title>\n<meta name=\"description\" content=\"As a top OEM manufacturer and exporter, we supply pure peanut butter made from 100% peanuts. Customizable private label solutions for your business needs.\" \/>\n<meta name=\"robots\" content=\"index, follow, max-snippet:-1, max-image-preview:large, max-video-preview:-1\" \/>\n<link rel=\"canonical\" href=\"https:\/\/www.peanutoem.com\/it\/manufacturer\/pure-peanut-butter\/\" \/>\n<meta property=\"og:locale\" content=\"it_IT\" \/>\n<meta property=\"og:type\" content=\"article\" \/>\n<meta property=\"og:title\" content=\"Pure Peanut Butter OEM Producer - Peanut Butter Factory\" \/>\n<meta property=\"og:description\" content=\"As a top OEM manufacturer and exporter, we supply pure peanut butter made from 100% peanuts. Customizable private label solutions for your business needs.\" \/>\n<meta property=\"og:url\" content=\"https:\/\/www.peanutoem.com\/it\/manufacturer\/pure-peanut-butter\/\" \/>\n<meta property=\"og:site_name\" content=\"Peanut Butter Factory\" \/>\n<meta property=\"article:modified_time\" content=\"2024-09-28T06:03:37+00:00\" \/>\n<meta property=\"og:image\" content=\"https:\/\/www.peanutoem.com\/wp-content\/uploads\/2024\/09\/Pure-Peanut-Butter-OEM-Supplier.webp\" \/>\n\t<meta property=\"og:image:width\" content=\"1000\" \/>\n\t<meta property=\"og:image:height\" content=\"1000\" \/>\n\t<meta property=\"og:image:type\" content=\"image\/webp\" \/>\n<meta name=\"twitter:card\" content=\"summary_large_image\" \/>\n<meta name=\"twitter:label1\" content=\"Tempo di lettura stimato\" \/>\n\t<meta name=\"twitter:data1\" content=\"3 minuti\" \/>\n<script type=\"application\/ld+json\" class=\"yoast-schema-graph\">{\"@context\":\"https:\/\/schema.org\",\"@graph\":[{\"@type\":\"WebPage\",\"@id\":\"https:\/\/www.peanutoem.com\/manufacturer\/pure-peanut-butter\/\",\"url\":\"https:\/\/www.peanutoem.com\/manufacturer\/pure-peanut-butter\/\",\"name\":\"Pure Peanut Butter OEM Producer - Peanut Butter Factory\",\"isPartOf\":{\"@id\":\"https:\/\/www.peanutoem.com\/#website\"},\"primaryImageOfPage\":{\"@id\":\"https:\/\/www.peanutoem.com\/manufacturer\/pure-peanut-butter\/#primaryimage\"},\"image\":{\"@id\":\"https:\/\/www.peanutoem.com\/manufacturer\/pure-peanut-butter\/#primaryimage\"},\"thumbnailUrl\":\"https:\/\/www.peanutoem.com\/wp-content\/uploads\/2024\/09\/Pure-Peanut-Butter-OEM-Supplier.webp\",\"datePublished\":\"2024-09-02T13:37:15+00:00\",\"dateModified\":\"2024-09-28T06:03:37+00:00\",\"description\":\"As a top OEM manufacturer and exporter, we supply pure peanut butter made from 100% peanuts. Customizable private label solutions for your business needs.\",\"breadcrumb\":{\"@id\":\"https:\/\/www.peanutoem.com\/manufacturer\/pure-peanut-butter\/#breadcrumb\"},\"inLanguage\":\"it-IT\",\"potentialAction\":[{\"@type\":\"ReadAction\",\"target\":[\"https:\/\/www.peanutoem.com\/manufacturer\/pure-peanut-butter\/\"]}]},{\"@type\":\"ImageObject\",\"inLanguage\":\"it-IT\",\"@id\":\"https:\/\/www.peanutoem.com\/manufacturer\/pure-peanut-butter\/#primaryimage\",\"url\":\"https:\/\/www.peanutoem.com\/wp-content\/uploads\/2024\/09\/Pure-Peanut-Butter-OEM-Supplier.webp\",\"contentUrl\":\"https:\/\/www.peanutoem.com\/wp-content\/uploads\/2024\/09\/Pure-Peanut-Butter-OEM-Supplier.webp\",\"width\":1000,\"height\":1000,\"caption\":\"Pure Peanut Butter OEM Supplier\"},{\"@type\":\"BreadcrumbList\",\"@id\":\"https:\/\/www.peanutoem.com\/manufacturer\/pure-peanut-butter\/#breadcrumb\",\"itemListElement\":[{\"@type\":\"ListItem\",\"position\":1,\"name\":\"Home\",\"item\":\"https:\/\/www.peanutoem.com\/\"},{\"@type\":\"ListItem\",\"position\":2,\"name\":\"Products\",\"item\":\"https:\/\/www.peanutoem.com\/shop\/\"},{\"@type\":\"ListItem\",\"position\":3,\"name\":\"Pure Peanut Butter\"}]},{\"@type\":\"WebSite\",\"@id\":\"https:\/\/www.peanutoem.com\/#website\",\"url\":\"https:\/\/www.peanutoem.com\/\",\"name\":\"Peanut Butter Factory\",\"description\":\"Peanut Butter Manufacturer and Roast Peanut OEM Factory | Peanut Private Label China Supplier\",\"publisher\":{\"@id\":\"https:\/\/www.peanutoem.com\/#organization\"},\"alternateName\":\"Peanut Butter OEM and Wholesale\",\"potentialAction\":[{\"@type\":\"SearchAction\",\"target\":{\"@type\":\"EntryPoint\",\"urlTemplate\":\"https:\/\/www.peanutoem.com\/?s={search_term_string}\"},\"query-input\":{\"@type\":\"PropertyValueSpecification\",\"valueRequired\":true,\"valueName\":\"search_term_string\"}}],\"inLanguage\":\"it-IT\"},{\"@type\":\"Organization\",\"@id\":\"https:\/\/www.peanutoem.com\/#organization\",\"name\":\"Peanut Butter Factory\",\"alternateName\":\"JuFeng Group\",\"url\":\"https:\/\/www.peanutoem.com\/\",\"logo\":{\"@type\":\"ImageObject\",\"inLanguage\":\"it-IT\",\"@id\":\"https:\/\/www.peanutoem.com\/#\/schema\/logo\/image\/\",\"url\":\"https:\/\/www.peanutoem.com\/wp-content\/uploads\/2024\/09\/JUFENG-LOGO.png\",\"contentUrl\":\"https:\/\/www.peanutoem.com\/wp-content\/uploads\/2024\/09\/JUFENG-LOGO.png\",\"width\":600,\"height\":170,\"caption\":\"Peanut Butter Factory\"},\"image\":{\"@id\":\"https:\/\/www.peanutoem.com\/#\/schema\/logo\/image\/\"}}]}<\/script>\n<!-- \/ Yoast SEO plugin. -->","yoast_head_json":{"title":"Pure Peanut Butter OEM Producer - Peanut Butter Factory","description":"As a top OEM manufacturer and exporter, we supply pure peanut butter made from 100% peanuts. Customizable private label solutions for your business needs.","robots":{"index":"index","follow":"follow","max-snippet":"max-snippet:-1","max-image-preview":"max-image-preview:large","max-video-preview":"max-video-preview:-1"},"canonical":"https:\/\/www.peanutoem.com\/it\/manufacturer\/pure-peanut-butter\/","og_locale":"it_IT","og_type":"article","og_title":"Pure Peanut Butter OEM Producer - Peanut Butter Factory","og_description":"As a top OEM manufacturer and exporter, we supply pure peanut butter made from 100% peanuts. Customizable private label solutions for your business needs.","og_url":"https:\/\/www.peanutoem.com\/it\/manufacturer\/pure-peanut-butter\/","og_site_name":"Peanut Butter Factory","article_modified_time":"2024-09-28T06:03:37+00:00","og_image":[{"width":1000,"height":1000,"url":"https:\/\/www.peanutoem.com\/wp-content\/uploads\/2024\/09\/Pure-Peanut-Butter-OEM-Supplier.webp","type":"image\/webp"}],"twitter_card":"summary_large_image","twitter_misc":{"Tempo di lettura stimato":"3 minuti"},"schema":{"@context":"https:\/\/schema.org","@graph":[{"@type":"WebPage","@id":"https:\/\/www.peanutoem.com\/manufacturer\/pure-peanut-butter\/","url":"https:\/\/www.peanutoem.com\/manufacturer\/pure-peanut-butter\/","name":"Pure Peanut Butter OEM Producer - Peanut Butter Factory","isPartOf":{"@id":"https:\/\/www.peanutoem.com\/#website"},"primaryImageOfPage":{"@id":"https:\/\/www.peanutoem.com\/manufacturer\/pure-peanut-butter\/#primaryimage"},"image":{"@id":"https:\/\/www.peanutoem.com\/manufacturer\/pure-peanut-butter\/#primaryimage"},"thumbnailUrl":"https:\/\/www.peanutoem.com\/wp-content\/uploads\/2024\/09\/Pure-Peanut-Butter-OEM-Supplier.webp","datePublished":"2024-09-02T13:37:15+00:00","dateModified":"2024-09-28T06:03:37+00:00","description":"As a top OEM manufacturer and exporter, we supply pure peanut butter made from 100% peanuts. Customizable private label solutions for your business needs.","breadcrumb":{"@id":"https:\/\/www.peanutoem.com\/manufacturer\/pure-peanut-butter\/#breadcrumb"},"inLanguage":"it-IT","potentialAction":[{"@type":"ReadAction","target":["https:\/\/www.peanutoem.com\/manufacturer\/pure-peanut-butter\/"]}]},{"@type":"ImageObject","inLanguage":"it-IT","@id":"https:\/\/www.peanutoem.com\/manufacturer\/pure-peanut-butter\/#primaryimage","url":"https:\/\/www.peanutoem.com\/wp-content\/uploads\/2024\/09\/Pure-Peanut-Butter-OEM-Supplier.webp","contentUrl":"https:\/\/www.peanutoem.com\/wp-content\/uploads\/2024\/09\/Pure-Peanut-Butter-OEM-Supplier.webp","width":1000,"height":1000,"caption":"Pure Peanut Butter OEM Supplier"},{"@type":"BreadcrumbList","@id":"https:\/\/www.peanutoem.com\/manufacturer\/pure-peanut-butter\/#breadcrumb","itemListElement":[{"@type":"ListItem","position":1,"name":"Home","item":"https:\/\/www.peanutoem.com\/"},{"@type":"ListItem","position":2,"name":"Products","item":"https:\/\/www.peanutoem.com\/shop\/"},{"@type":"ListItem","position":3,"name":"Pure Peanut Butter"}]},{"@type":"WebSite","@id":"https:\/\/www.peanutoem.com\/#website","url":"https:\/\/www.peanutoem.com\/","name":"Peanut Butter Factory","description":"Peanut Butter Manufacturer and Roast Peanut OEM Factory | Peanut Private Label China Supplier","publisher":{"@id":"https:\/\/www.peanutoem.com\/#organization"},"alternateName":"Peanut Butter OEM and Wholesale","potentialAction":[{"@type":"SearchAction","target":{"@type":"EntryPoint","urlTemplate":"https:\/\/www.peanutoem.com\/?s={search_term_string}"},"query-input":{"@type":"PropertyValueSpecification","valueRequired":true,"valueName":"search_term_string"}}],"inLanguage":"it-IT"},{"@type":"Organization","@id":"https:\/\/www.peanutoem.com\/#organization","name":"Peanut Butter Factory","alternateName":"JuFeng Group","url":"https:\/\/www.peanutoem.com\/","logo":{"@type":"ImageObject","inLanguage":"it-IT","@id":"https:\/\/www.peanutoem.com\/#\/schema\/logo\/image\/","url":"https:\/\/www.peanutoem.com\/wp-content\/uploads\/2024\/09\/JUFENG-LOGO.png","contentUrl":"https:\/\/www.peanutoem.com\/wp-content\/uploads\/2024\/09\/JUFENG-LOGO.png","width":600,"height":170,"caption":"Peanut Butter Factory"},"image":{"@id":"https:\/\/www.peanutoem.com\/#\/schema\/logo\/image\/"}}]}},"_links":{"self":[{"href":"https:\/\/www.peanutoem.com\/it\/wp-json\/wp\/v2\/product\/1543","targetHints":{"allow":["GET"]}}],"collection":[{"href":"https:\/\/www.peanutoem.com\/it\/wp-json\/wp\/v2\/product"}],"about":[{"href":"https:\/\/www.peanutoem.com\/it\/wp-json\/wp\/v2\/types\/product"}],"replies":[{"embeddable":true,"href":"https:\/\/www.peanutoem.com\/it\/wp-json\/wp\/v2\/comments?post=1543"}],"wp:featuredmedia":[{"embeddable":true,"href":"https:\/\/www.peanutoem.com\/it\/wp-json\/wp\/v2\/media\/1659"}],"wp:attachment":[{"href":"https:\/\/www.peanutoem.com\/it\/wp-json\/wp\/v2\/media?parent=1543"}],"wp:term":[{"taxonomy":"product_cat","embeddable":true,"href":"https:\/\/www.peanutoem.com\/it\/wp-json\/wp\/v2\/product_cat?post=1543"},{"taxonomy":"product_tag","embeddable":true,"href":"https:\/\/www.peanutoem.com\/it\/wp-json\/wp\/v2\/product_tag?post=1543"}],"curies":[{"name":"wp","href":"https:\/\/api.w.org\/{rel}","templated":true}]}}