{"id":1554,"date":"2024-09-02T13:59:01","date_gmt":"2024-09-02T13:59:01","guid":{"rendered":"https:\/\/www.peanutoem.com\/?post_type=product&#038;p=1554"},"modified":"2024-09-28T05:11:42","modified_gmt":"2024-09-28T05:11:42","slug":"roasted-blanched-peanut","status":"publish","type":"product","link":"https:\/\/www.peanutoem.com\/it\/manufacturer\/roasted-blanched-peanut\/","title":{"rendered":"Arachidi sbollentate tostate"},"content":{"rendered":"<h3><strong>Cosa sono le arachidi tostate e sbollentate?<\/strong><\/h3>\n<p>Le arachidi tostate e sbollentate vengono sottoposte a uno specifico processo in due fasi. Innanzitutto, le arachidi crude vengono sbollentate, il che comporta la rimozione della buccia esterna tramite riscaldamento e delicati mezzi meccanici. Successivamente, vengono tostate alla perfezione, ottenendo un sapore ricco e nocciolato e una consistenza croccante. Queste arachidi sono ideali per varie applicazioni, tra cui la produzione di snack, dolciumi, produzione di burro di arachidi e come ingredienti in piatti salati.<\/p>\n<p>Inoltre, le arachidi tostate sbianchite offrono il vantaggio aggiuntivo di un aspetto pulito e liscio. Questa qualit\u00e0 le rende altamente desiderabili per prodotti in cui l&#039;aspetto visivo e l&#039;uniformit\u00e0 sono cruciali.<\/p>\n<h3><strong>Quali altri nomi si possono dare alle arachidi tostate e sbollentate?<\/strong><\/h3>\n<p>Le arachidi tostate e sbollentate possono essere chiamate con diversi nomi, a seconda delle preferenze regionali o dell&#039;uso industriale:<\/p>\n<ul>\n<li>Arachidi tostate senza pelle<\/li>\n<li>Arachidi sbollentate e tostate<\/li>\n<li>Arachidi bianche tostate<\/li>\n<li>Arachidi sbollentate<\/li>\n<li>Semi di arachidi sbollentati<\/li>\n<li>Arachidi intere sbollentate tostate<\/li>\n<\/ul>\n<p>Questi nomi riflettono il processo di preparazione, in cui le bucce delle arachidi vengono rimosse prima della tostatura, ottenendo un prodotto finale liscio e invitante.<\/p>\n<h3><img loading=\"lazy\" decoding=\"async\" class=\"alignnone wp-image-1702 size-full\" src=\"https:\/\/www.peanutoem.com\/wp-content\/uploads\/2024\/09\/Whole-Roasted-Blanched-Peanut-.webp\" alt=\"Arachidi intere tostate e sbollentate\" width=\"1000\" height=\"1000\" srcset=\"https:\/\/www.peanutoem.com\/wp-content\/uploads\/2024\/09\/Whole-Roasted-Blanched-Peanut-.webp 1000w, https:\/\/www.peanutoem.com\/wp-content\/uploads\/2024\/09\/Whole-Roasted-Blanched-Peanut--300x300.webp 300w, https:\/\/www.peanutoem.com\/wp-content\/uploads\/2024\/09\/Whole-Roasted-Blanched-Peanut--150x150.webp 150w, https:\/\/www.peanutoem.com\/wp-content\/uploads\/2024\/09\/Whole-Roasted-Blanched-Peanut--768x768.webp 768w, https:\/\/www.peanutoem.com\/wp-content\/uploads\/2024\/09\/Whole-Roasted-Blanched-Peanut--12x12.webp 12w, https:\/\/www.peanutoem.com\/wp-content\/uploads\/2024\/09\/Whole-Roasted-Blanched-Peanut--600x600.webp 600w, https:\/\/www.peanutoem.com\/wp-content\/uploads\/2024\/09\/Whole-Roasted-Blanched-Peanut--100x100.webp 100w\" sizes=\"auto, (max-width: 1000px) 100vw, 1000px\" \/><\/h3>\n<h3><strong>Perch\u00e9 sceglierci come fornitore OEM di arachidi tostate e sbollentate?<\/strong><\/h3>\n<p>Siamo leader di mercato nella produzione di arachidi tostate e sbollentate, offrendo sia arachidi tostate intere che arachidi tostate e sbollentate a met\u00e0. Ecco perch\u00e9 siamo il tuo miglior partner:<\/p>\n<ul>\n<li><strong>Competenza in soluzioni OEM<\/strong>: Grazie alle nostre avanzate capacit\u00e0 produttive, offriamo servizi OEM su misura che soddisfano le specifiche del vostro prodotto, dai livelli di tostatura ai requisiti di confezionamento.<\/li>\n<li><strong>Produzione a marchio privato<\/strong>:Siamo specializzati nella produzione di marchi privati, consentendo ai marchi di sfruttare la nostra competenza mentre sviluppano i loro prodotti distintivi.<\/li>\n<li><strong>Capacit\u00e0 di esportazione globale<\/strong>: In qualit\u00e0 di esportatori esperti, serviamo clienti in tutto il mondo con una logistica efficiente e una qualit\u00e0 costante.<\/li>\n<li><strong>Garanzia di qualit\u00e0 certificata<\/strong>: I nostri prodotti sono certificati secondo gli standard HACCP, BRCGS, Halal, Kosher e EU Organic, garantendo la conformit\u00e0 alle normative globali in materia di sicurezza e qualit\u00e0 alimentare.<\/li>\n<li><strong>Sostenibilit\u00e0 e affidabilit\u00e0<\/strong>: Diamo priorit\u00e0 a metodi di produzione sostenibili e manteniamo una forte affidabilit\u00e0 della catena di fornitura per soddisfare le esigenze dei nostri clienti in tutto il mondo.<\/li>\n<\/ul>\n<h3><strong>Argomenti di attualit\u00e0 sulle arachidi tostate e sbollentate<\/strong><\/h3>\n<ul>\n<li><strong>Intero vs. met\u00e0<\/strong>: Per i produttori \u00e8 fondamentale comprendere i casi d&#039;uso di Roasted Blanched Peanut Whole rispetto a Roasted Blanched Peanut Halves. Le arachidi intere sono spesso utilizzate in prodotti snack di alta qualit\u00e0, mentre le met\u00e0 sono preferite per la produzione alimentare, la cottura al forno e il burro di arachidi.<\/li>\n<li><strong>Benefici per la salute delle arachidi tostate e sbollentate<\/strong>:Le arachidi sbollentate mantengono molti dei benefici nutrizionali delle arachidi crude, tra cui proteine, grassi sani e vitamine e minerali essenziali, il che le rende una scelta intelligente per i consumatori attenti alla salute.<\/li>\n<li><strong>Crescente domanda di ingredienti Clean-Label<\/strong>:Dato che sempre pi\u00f9 consumatori cercano prodotti con una lavorazione minima, le arachidi tostate e sbollentate rappresentano un ingrediente eccellente per snack e prodotti alimentari commercializzati come &quot;clean-label&quot;.<\/li>\n<li><strong>Sostenibilit\u00e0 delle arachidi e impatto ambientale<\/strong>:Rispetto ad altre noci, le arachidi, comprese le variet\u00e0 sbollentate, richiedono meno risorse per la coltivazione, il che le rende una scelta sostenibile per le aziende alimentari che mirano a ridurre il loro impatto ambientale.<\/li>\n<\/ul>\n<h3><strong>Domande frequenti sul nostro ruolo di produttori di arachidi tostate e sbollentate<\/strong><\/h3>\n<ol>\n<li><strong>Quali sono i benefici delle arachidi sbollentate?<\/strong><br \/>\nLe arachidi sbollentate sono prive di buccia, il che conferisce loro un aspetto pi\u00f9 pulito e una consistenza uniforme, ideali per snack e prodotti estetici.<\/li>\n<li><strong>Offrite opzioni di private label?<\/strong><br \/>\nS\u00ec, siamo specializzati nella produzione di private label, con personalizzazione completa del packaging e delle specifiche del tuo marchio.<\/li>\n<li><strong>Posso personalizzare il livello di tostatura?<\/strong><br \/>\nAssolutamente! Offriamo opzioni di tostatura da chiara a scura, su misura per le tue preferenze e le esigenze del mercato.<\/li>\n<li><strong>Come si mantiene la freschezza?<\/strong><br \/>\nConserviamo le arachidi in strutture a temperatura controllata per garantire che rimangano fresche e di alta qualit\u00e0 durante lo stoccaggio e il trasporto.<\/li>\n<li><strong>Esporti a livello globale?<\/strong><br \/>\nS\u00ec, abbiamo una vasta esperienza nell&#039;esportazione di arachidi tostate e sbollentate verso vari mercati internazionali con una logistica efficiente.<\/li>\n<li><strong>Qual \u00e8 la durata di conservazione delle vostre arachidi?<\/strong><br \/>\nLe nostre arachidi tostate e sbollentate durano dai 12 ai 18 mesi se conservate correttamente, garantendone freschezza e sapore duraturi.<\/li>\n<li><strong>Quali sono gli usi pi\u00f9 comuni delle arachidi tostate e sbollentate?<\/strong><br \/>\nSono molto usati negli snack, nei dolciumi, nel burro di arachidi e come ingredienti nei prodotti salati e da forno.<\/li>\n<li><strong>Come si differenziano le arachidi tostate e sbollentate dalle altre variet\u00e0?<\/strong><br \/>\nLe arachidi tostate e sbollentate hanno un aspetto pi\u00f9 liscio e pulito perch\u00e9 vengono rimosse le bucce. Questa qualit\u00e0 le rende perfette per prodotti di qualit\u00e0 che necessitano di una consistenza uniforme.<\/li>\n<\/ol>\n<div class=\"flex max-w-full flex-col flex-grow\">\n<div class=\"min-h-8 text-message flex w-full flex-col items-end gap-2 whitespace-normal break-words [.text-message+&amp;]:mt-5\" dir=\"auto\" data-message-author-role=\"assistant\" data-message-id=\"31ea6229-78d6-4c3f-8f61-fea9e8392c9b\">\n<div class=\"flex w-full flex-col gap-1 empty:hidden first:pt-[3px]\">\n<div class=\"markdown prose w-full break-words dark:prose-invert dark\">\n<a href=\"mailto:globepeanut@gmail.com\" class=\"button primary is-primary is-medium\"  >\n    <span>Inviaci un&#039;e-mail<\/span>\n  <\/a>\n\n<\/div>\n<\/div>\n<\/div>\n<\/div>\n<div class=\"mb-2 flex gap-3 empty:hidden -ml-2\">\n<div class=\"items-center justify-start rounded-xl p-1 flex\"><\/div>\n<\/div>","protected":false},"excerpt":{"rendered":"<p>Siamo produttori e fornitori di arachidi tostate e sbollentate in Cina<\/p>\n<p>\u2013 Quantit\u00e0 minima: 1 tonnellata<br \/>\n\u2013 Servizio OEM\/ODM offerto<br \/>\n\u2013 Campione gratuito disponibile<br \/>\n\u2013 Accettare la personalizzazione (specifiche, dimensioni, colore, design, ecc.)<br \/>\n\u2013 Tipo: Arachidi tostate intere, Arachidi tostate a met\u00e0<\/p>\n<p>Se vuoi conoscere i prezzi delle arachidi tostate e sbollentate, contattaci.<\/p>","protected":false},"featured_media":1701,"comment_status":"open","ping_status":"closed","template":"","meta":[],"product_cat":[37],"product_tag":[],"class_list":{"0":"post-1554","1":"product","2":"type-product","3":"status-publish","4":"has-post-thumbnail","6":"product_cat-roasted-peanut","8":"first","9":"instock","10":"shipping-taxable","11":"product-type-simple"},"yoast_head":"<!-- This site is optimized with the Yoast SEO plugin v24.9 - https:\/\/yoast.com\/wordpress\/plugins\/seo\/ -->\n<title>Roasted Blanched Peanut China Wholesaler - Peanut Butter Factory<\/title>\n<meta name=\"description\" content=\"High-quality Roasted Blanched Peanut OEM supplier, private label manufacturer, and exporter. Choose us for customizable solutions and global expertise.\" \/>\n<meta name=\"robots\" content=\"index, follow, max-snippet:-1, max-image-preview:large, max-video-preview:-1\" \/>\n<link rel=\"canonical\" href=\"https:\/\/www.peanutoem.com\/it\/manufacturer\/roasted-blanched-peanut\/\" \/>\n<meta property=\"og:locale\" content=\"it_IT\" \/>\n<meta property=\"og:type\" content=\"article\" \/>\n<meta property=\"og:title\" content=\"Roasted Blanched Peanut China Wholesaler - Peanut Butter Factory\" \/>\n<meta property=\"og:description\" content=\"High-quality Roasted Blanched Peanut OEM supplier, private label manufacturer, and exporter. Choose us for customizable solutions and global expertise.\" \/>\n<meta property=\"og:url\" content=\"https:\/\/www.peanutoem.com\/it\/manufacturer\/roasted-blanched-peanut\/\" \/>\n<meta property=\"og:site_name\" content=\"Peanut Butter Factory\" \/>\n<meta property=\"article:modified_time\" content=\"2024-09-28T05:11:42+00:00\" \/>\n<meta property=\"og:image\" content=\"https:\/\/www.peanutoem.com\/wp-content\/uploads\/2024\/09\/Whole-Roast-Blanched-Peanut-.webp\" \/>\n\t<meta property=\"og:image:width\" content=\"1000\" \/>\n\t<meta property=\"og:image:height\" content=\"1000\" \/>\n\t<meta property=\"og:image:type\" content=\"image\/webp\" \/>\n<meta name=\"twitter:card\" content=\"summary_large_image\" \/>\n<meta name=\"twitter:label1\" content=\"Tempo di lettura stimato\" \/>\n\t<meta name=\"twitter:data1\" content=\"4 minuti\" \/>\n<script type=\"application\/ld+json\" class=\"yoast-schema-graph\">{\"@context\":\"https:\/\/schema.org\",\"@graph\":[{\"@type\":\"WebPage\",\"@id\":\"https:\/\/www.peanutoem.com\/manufacturer\/roasted-blanched-peanut\/\",\"url\":\"https:\/\/www.peanutoem.com\/manufacturer\/roasted-blanched-peanut\/\",\"name\":\"Roasted Blanched Peanut China Wholesaler - Peanut Butter Factory\",\"isPartOf\":{\"@id\":\"https:\/\/www.peanutoem.com\/#website\"},\"primaryImageOfPage\":{\"@id\":\"https:\/\/www.peanutoem.com\/manufacturer\/roasted-blanched-peanut\/#primaryimage\"},\"image\":{\"@id\":\"https:\/\/www.peanutoem.com\/manufacturer\/roasted-blanched-peanut\/#primaryimage\"},\"thumbnailUrl\":\"https:\/\/www.peanutoem.com\/wp-content\/uploads\/2024\/09\/Whole-Roast-Blanched-Peanut-.webp\",\"datePublished\":\"2024-09-02T13:59:01+00:00\",\"dateModified\":\"2024-09-28T05:11:42+00:00\",\"description\":\"High-quality Roasted Blanched Peanut OEM supplier, private label manufacturer, and exporter. Choose us for customizable solutions and global expertise.\",\"breadcrumb\":{\"@id\":\"https:\/\/www.peanutoem.com\/manufacturer\/roasted-blanched-peanut\/#breadcrumb\"},\"inLanguage\":\"it-IT\",\"potentialAction\":[{\"@type\":\"ReadAction\",\"target\":[\"https:\/\/www.peanutoem.com\/manufacturer\/roasted-blanched-peanut\/\"]}]},{\"@type\":\"ImageObject\",\"inLanguage\":\"it-IT\",\"@id\":\"https:\/\/www.peanutoem.com\/manufacturer\/roasted-blanched-peanut\/#primaryimage\",\"url\":\"https:\/\/www.peanutoem.com\/wp-content\/uploads\/2024\/09\/Whole-Roast-Blanched-Peanut-.webp\",\"contentUrl\":\"https:\/\/www.peanutoem.com\/wp-content\/uploads\/2024\/09\/Whole-Roast-Blanched-Peanut-.webp\",\"width\":1000,\"height\":1000,\"caption\":\"Whole Roast Blanched Peanut\"},{\"@type\":\"BreadcrumbList\",\"@id\":\"https:\/\/www.peanutoem.com\/manufacturer\/roasted-blanched-peanut\/#breadcrumb\",\"itemListElement\":[{\"@type\":\"ListItem\",\"position\":1,\"name\":\"Home\",\"item\":\"https:\/\/www.peanutoem.com\/\"},{\"@type\":\"ListItem\",\"position\":2,\"name\":\"Products\",\"item\":\"https:\/\/www.peanutoem.com\/shop\/\"},{\"@type\":\"ListItem\",\"position\":3,\"name\":\"Roasted Blanched Peanut\"}]},{\"@type\":\"WebSite\",\"@id\":\"https:\/\/www.peanutoem.com\/#website\",\"url\":\"https:\/\/www.peanutoem.com\/\",\"name\":\"Peanut Butter Factory\",\"description\":\"Peanut Butter Manufacturer and Roast Peanut OEM Factory | Peanut Private Label China Supplier\",\"publisher\":{\"@id\":\"https:\/\/www.peanutoem.com\/#organization\"},\"alternateName\":\"Peanut Butter OEM and Wholesale\",\"potentialAction\":[{\"@type\":\"SearchAction\",\"target\":{\"@type\":\"EntryPoint\",\"urlTemplate\":\"https:\/\/www.peanutoem.com\/?s={search_term_string}\"},\"query-input\":{\"@type\":\"PropertyValueSpecification\",\"valueRequired\":true,\"valueName\":\"search_term_string\"}}],\"inLanguage\":\"it-IT\"},{\"@type\":\"Organization\",\"@id\":\"https:\/\/www.peanutoem.com\/#organization\",\"name\":\"Peanut Butter Factory\",\"alternateName\":\"JuFeng Group\",\"url\":\"https:\/\/www.peanutoem.com\/\",\"logo\":{\"@type\":\"ImageObject\",\"inLanguage\":\"it-IT\",\"@id\":\"https:\/\/www.peanutoem.com\/#\/schema\/logo\/image\/\",\"url\":\"https:\/\/www.peanutoem.com\/wp-content\/uploads\/2024\/09\/JUFENG-LOGO.png\",\"contentUrl\":\"https:\/\/www.peanutoem.com\/wp-content\/uploads\/2024\/09\/JUFENG-LOGO.png\",\"width\":600,\"height\":170,\"caption\":\"Peanut Butter Factory\"},\"image\":{\"@id\":\"https:\/\/www.peanutoem.com\/#\/schema\/logo\/image\/\"}}]}<\/script>\n<!-- \/ Yoast SEO plugin. -->","yoast_head_json":{"title":"Roasted Blanched Peanut China Wholesaler - Peanut Butter Factory","description":"High-quality Roasted Blanched Peanut OEM supplier, private label manufacturer, and exporter. Choose us for customizable solutions and global expertise.","robots":{"index":"index","follow":"follow","max-snippet":"max-snippet:-1","max-image-preview":"max-image-preview:large","max-video-preview":"max-video-preview:-1"},"canonical":"https:\/\/www.peanutoem.com\/it\/manufacturer\/roasted-blanched-peanut\/","og_locale":"it_IT","og_type":"article","og_title":"Roasted Blanched Peanut China Wholesaler - Peanut Butter Factory","og_description":"High-quality Roasted Blanched Peanut OEM supplier, private label manufacturer, and exporter. Choose us for customizable solutions and global expertise.","og_url":"https:\/\/www.peanutoem.com\/it\/manufacturer\/roasted-blanched-peanut\/","og_site_name":"Peanut Butter Factory","article_modified_time":"2024-09-28T05:11:42+00:00","og_image":[{"width":1000,"height":1000,"url":"https:\/\/www.peanutoem.com\/wp-content\/uploads\/2024\/09\/Whole-Roast-Blanched-Peanut-.webp","type":"image\/webp"}],"twitter_card":"summary_large_image","twitter_misc":{"Tempo di lettura stimato":"4 minuti"},"schema":{"@context":"https:\/\/schema.org","@graph":[{"@type":"WebPage","@id":"https:\/\/www.peanutoem.com\/manufacturer\/roasted-blanched-peanut\/","url":"https:\/\/www.peanutoem.com\/manufacturer\/roasted-blanched-peanut\/","name":"Roasted Blanched Peanut China Wholesaler - Peanut Butter Factory","isPartOf":{"@id":"https:\/\/www.peanutoem.com\/#website"},"primaryImageOfPage":{"@id":"https:\/\/www.peanutoem.com\/manufacturer\/roasted-blanched-peanut\/#primaryimage"},"image":{"@id":"https:\/\/www.peanutoem.com\/manufacturer\/roasted-blanched-peanut\/#primaryimage"},"thumbnailUrl":"https:\/\/www.peanutoem.com\/wp-content\/uploads\/2024\/09\/Whole-Roast-Blanched-Peanut-.webp","datePublished":"2024-09-02T13:59:01+00:00","dateModified":"2024-09-28T05:11:42+00:00","description":"High-quality Roasted Blanched Peanut OEM supplier, private label manufacturer, and exporter. Choose us for customizable solutions and global expertise.","breadcrumb":{"@id":"https:\/\/www.peanutoem.com\/manufacturer\/roasted-blanched-peanut\/#breadcrumb"},"inLanguage":"it-IT","potentialAction":[{"@type":"ReadAction","target":["https:\/\/www.peanutoem.com\/manufacturer\/roasted-blanched-peanut\/"]}]},{"@type":"ImageObject","inLanguage":"it-IT","@id":"https:\/\/www.peanutoem.com\/manufacturer\/roasted-blanched-peanut\/#primaryimage","url":"https:\/\/www.peanutoem.com\/wp-content\/uploads\/2024\/09\/Whole-Roast-Blanched-Peanut-.webp","contentUrl":"https:\/\/www.peanutoem.com\/wp-content\/uploads\/2024\/09\/Whole-Roast-Blanched-Peanut-.webp","width":1000,"height":1000,"caption":"Whole Roast Blanched Peanut"},{"@type":"BreadcrumbList","@id":"https:\/\/www.peanutoem.com\/manufacturer\/roasted-blanched-peanut\/#breadcrumb","itemListElement":[{"@type":"ListItem","position":1,"name":"Home","item":"https:\/\/www.peanutoem.com\/"},{"@type":"ListItem","position":2,"name":"Products","item":"https:\/\/www.peanutoem.com\/shop\/"},{"@type":"ListItem","position":3,"name":"Roasted Blanched Peanut"}]},{"@type":"WebSite","@id":"https:\/\/www.peanutoem.com\/#website","url":"https:\/\/www.peanutoem.com\/","name":"Peanut Butter Factory","description":"Peanut Butter Manufacturer and Roast Peanut OEM Factory | Peanut Private Label China Supplier","publisher":{"@id":"https:\/\/www.peanutoem.com\/#organization"},"alternateName":"Peanut Butter OEM and Wholesale","potentialAction":[{"@type":"SearchAction","target":{"@type":"EntryPoint","urlTemplate":"https:\/\/www.peanutoem.com\/?s={search_term_string}"},"query-input":{"@type":"PropertyValueSpecification","valueRequired":true,"valueName":"search_term_string"}}],"inLanguage":"it-IT"},{"@type":"Organization","@id":"https:\/\/www.peanutoem.com\/#organization","name":"Peanut Butter Factory","alternateName":"JuFeng Group","url":"https:\/\/www.peanutoem.com\/","logo":{"@type":"ImageObject","inLanguage":"it-IT","@id":"https:\/\/www.peanutoem.com\/#\/schema\/logo\/image\/","url":"https:\/\/www.peanutoem.com\/wp-content\/uploads\/2024\/09\/JUFENG-LOGO.png","contentUrl":"https:\/\/www.peanutoem.com\/wp-content\/uploads\/2024\/09\/JUFENG-LOGO.png","width":600,"height":170,"caption":"Peanut Butter Factory"},"image":{"@id":"https:\/\/www.peanutoem.com\/#\/schema\/logo\/image\/"}}]}},"_links":{"self":[{"href":"https:\/\/www.peanutoem.com\/it\/wp-json\/wp\/v2\/product\/1554","targetHints":{"allow":["GET"]}}],"collection":[{"href":"https:\/\/www.peanutoem.com\/it\/wp-json\/wp\/v2\/product"}],"about":[{"href":"https:\/\/www.peanutoem.com\/it\/wp-json\/wp\/v2\/types\/product"}],"replies":[{"embeddable":true,"href":"https:\/\/www.peanutoem.com\/it\/wp-json\/wp\/v2\/comments?post=1554"}],"wp:featuredmedia":[{"embeddable":true,"href":"https:\/\/www.peanutoem.com\/it\/wp-json\/wp\/v2\/media\/1701"}],"wp:attachment":[{"href":"https:\/\/www.peanutoem.com\/it\/wp-json\/wp\/v2\/media?parent=1554"}],"wp:term":[{"taxonomy":"product_cat","embeddable":true,"href":"https:\/\/www.peanutoem.com\/it\/wp-json\/wp\/v2\/product_cat?post=1554"},{"taxonomy":"product_tag","embeddable":true,"href":"https:\/\/www.peanutoem.com\/it\/wp-json\/wp\/v2\/product_tag?post=1554"}],"curies":[{"name":"wp","href":"https:\/\/api.w.org\/{rel}","templated":true}]}}