{"id":1555,"date":"2024-09-02T14:00:33","date_gmt":"2024-09-02T14:00:33","guid":{"rendered":"https:\/\/www.peanutoem.com\/?post_type=product&#038;p=1555"},"modified":"2024-09-28T04:44:51","modified_gmt":"2024-09-28T04:44:51","slug":"roasted-peanut-kernels-in-split","status":"publish","type":"product","link":"https:\/\/www.peanutoem.com\/it\/manufacturer\/roasted-peanut-kernels-in-split\/","title":{"rendered":"Semi di arachidi tostati divisi | Semi di arachidi tostati a fette"},"content":{"rendered":"<h3>Cosa sono i semi di arachidi tostati a Spalato?<\/h3>\n<p>I chicchi di arachidi tostati in Split o chiamati chicchi di arachidi tostati split, sono arachidi che sono state accuratamente tostate alla perfezione e poi accuratamente divise a met\u00e0. Sono note per il loro aroma ricco, il sapore croccante e l&#039;ampia applicazione in snack, prodotti da forno e una variet\u00e0 di cibi. Il processo di tostatura non solo esalta il sapore naturale delle arachidi, ma le rende anche una scelta ideale per produttori di alimenti, marchi di snack e consumatori che seguono una dieta pi\u00f9 sana.<\/p>\n<h3>Nomi alternativi per i semi di arachidi tostati in Split<\/h3>\n<p>I semi di arachidi tostati a Spalato vengono anche chiamati con altri nomi, a seconda della regione o del mercato, tra cui:<\/p>\n<ul>\n<li>Arachidi tostate divise<\/li>\n<li>Met\u00e0 di arachidi tostate<\/li>\n<li>Semi di arachidi tostati e divisi<\/li>\n<li>Arachidi spaccate<\/li>\n<\/ul>\n<h3>Argomenti di attualit\u00e0 rilevanti<\/h3>\n<ol>\n<li><strong>Benefici per la salute dei semi di arachidi tostati<\/strong>: I semi di arachidi tostati sono una ricca fonte di proteine, grassi sani e vitamine essenziali. Sono uno spuntino nutriente o un ingrediente in vari prodotti incentrati sulla salute.<\/li>\n<li><strong>La crescente domanda di snack a base di arachidi:<\/strong> I semi di arachidi tostati e spezzati stanno diventando sempre pi\u00f9 popolari grazie alla crescente domanda di snack salutari.<\/li>\n<li><strong>Sicurezza alimentare e controllo di qualit\u00e0 nella lavorazione delle arachidi:<\/strong> Mantenere elevati standard di produzione e movimentazione \u00e8 fondamentale per l&#039;integrit\u00e0 del prodotto e la conformit\u00e0 alle normative sulla sicurezza alimentare.<\/li>\n<li><strong>Prodotti a base di arachidi a marchio privato:<\/strong> Molti marchi scelgono i nostri servizi di private label per offrire semi di arachidi tostati e affettati di qualit\u00e0 superiore con il proprio marchio.<\/li>\n<\/ol>\n<p><img loading=\"lazy\" decoding=\"async\" class=\"alignnone wp-image-1720 size-large\" src=\"https:\/\/www.peanutoem.com\/wp-content\/uploads\/2024\/09\/Roasted-Peanut-Power-in-Carton-1024x908.webp\" alt=\"Arachidi tostate in polvere in cartone\" width=\"1020\" height=\"904\" srcset=\"https:\/\/www.peanutoem.com\/wp-content\/uploads\/2024\/09\/Roasted-Peanut-Power-in-Carton-1024x908.webp 1024w, https:\/\/www.peanutoem.com\/wp-content\/uploads\/2024\/09\/Roasted-Peanut-Power-in-Carton-300x266.webp 300w, https:\/\/www.peanutoem.com\/wp-content\/uploads\/2024\/09\/Roasted-Peanut-Power-in-Carton-768x681.webp 768w, https:\/\/www.peanutoem.com\/wp-content\/uploads\/2024\/09\/Roasted-Peanut-Power-in-Carton-1536x1362.webp 1536w, https:\/\/www.peanutoem.com\/wp-content\/uploads\/2024\/09\/Roasted-Peanut-Power-in-Carton-2048x1816.webp 2048w, https:\/\/www.peanutoem.com\/wp-content\/uploads\/2024\/09\/Roasted-Peanut-Power-in-Carton-14x12.webp 14w, https:\/\/www.peanutoem.com\/wp-content\/uploads\/2024\/09\/Roasted-Peanut-Power-in-Carton-600x532.webp 600w\" sizes=\"auto, (max-width: 1020px) 100vw, 1020px\" \/><\/p>\n<hr \/>\n<h3>Perch\u00e9 sceglierci come fornitore di semi di arachidi tostati e affettati?<\/h3>\n<p>Siamo un fornitore affidabile di semi di arachidi tostati a Spalato per diversi motivi convincenti:<\/p>\n<ul>\n<li><strong>Impianti di produzione avanzati:<\/strong> La nostra fabbrica si avvale di linee di produzione statunitensi all&#039;avanguardia per processi di tostatura e taglio di alto livello.<\/li>\n<li><strong>Rigorosa garanzia di qualit\u00e0:<\/strong> Eseguiamo test approfonditi nel nostro laboratorio per garantire che ogni lotto soddisfi gli standard globali.<\/li>\n<li><strong>Certificazioni globali:<\/strong> I nostri semi di arachidi tostati sono certificati HACCP, BRCGS, Kosher, Halal e EU Organic per qualit\u00e0 e sicurezza.<\/li>\n<li><strong>Catena di fornitura affidabile:<\/strong> Il nostro ampio magazzino a temperatura costante garantisce la qualit\u00e0 dei prodotti e la stabilit\u00e0 della fornitura durante tutto l&#039;anno.<\/li>\n<li><strong>Servizi personalizzati:<\/strong> Forniamo soluzioni private label studiate su misura per soddisfare le esigenze specifiche di marchi e importatori a livello globale.<\/li>\n<li><strong>Sviluppo sostenibile:<\/strong> Ci concentriamo su pratiche sostenibili e collaboriamo con rinomate catene di supermercati per una prosperit\u00e0 reciproca.<\/li>\n<\/ul>\n<h3>Domande e risposte sui semi di arachidi tostati e affettati<\/h3>\n<p><strong>D: Cosa vi rende un fornitore leader di semi di arachidi tostati e spaccati?<\/strong><br \/>\n<strong>UN:<\/strong> I nostri impianti di produzione all&#039;avanguardia, la rigorosa garanzia di qualit\u00e0 e le certificazioni globali garantiscono la fornitura di prodotti di qualit\u00e0 costantemente elevata.<\/p>\n<p><strong>D: Posso personalizzare la confezione con il mio marchio?<\/strong><br \/>\n<strong>UN:<\/strong> S\u00ec, forniamo servizi di private label, consentendo la completa personalizzazione del packaging e del branding per soddisfare le esigenze del mercato.<\/p>\n<p><strong>D: Quali certificazioni hanno i vostri semi di arachidi tostati?<\/strong><br \/>\n<strong>UN:<\/strong> I nostri prodotti sono certificati HACCP, BRC, Halal, Kosher, EU Organic e altri standard globali, garantendo qualit\u00e0 e sicurezza.<\/p>\n<p><strong>D: Come garantite freschezza e qualit\u00e0?<\/strong><br \/>\n<strong>UN:<\/strong> Il nostro ampio magazzino di stoccaggio a temperatura costante mantiene condizioni ottimali, preservando la freschezza e la qualit\u00e0 fino alla consegna.<\/p>\n<p><strong>D: Effettuate ordini all&#039;ingrosso per spedizioni internazionali?<\/strong><br \/>\n<strong>UN:<\/strong> S\u00ec, siamo specializzati in ordini all&#039;ingrosso e spedizioni internazionali, garantendo una catena di fornitura senza intoppi per i clienti globali.<\/p>\n<p><strong>D: Quali sono i vantaggi nello scegliere i semi di arachidi tostati in forma spezzata?<\/strong><br \/>\n<strong>UN:<\/strong> I semi di arachidi tostati e spezzati offrono un prodotto pronto all&#039;uso dal sapore e dalla consistenza migliorati, ideale per spuntini e guarnizioni.<\/p>\n<p><strong>D: Ci sono additivi nei vostri semi di arachidi tostati?<\/strong><br \/>\n<strong>UN:<\/strong> No, i nostri semi di arachidi tostati sono privi di additivi e conservanti, garantendo cos\u00ec un prodotto naturale.<\/p>\n<p><strong>D: Posso richiedere livelli di tostatura specifici?<\/strong><br \/>\n<strong>UN:<\/strong> S\u00ec, possiamo personalizzare i livelli di tostatura in base alle tue specifiche, che tu preferisca una tostatura chiara, media o scura.<\/p>\n<p><strong>D: Come posso richiedere un campione?<\/strong><br \/>\n<strong>UN:<\/strong> <a href=\"mailto:globepeanut@gmail.com\" target=\"_blank\" rel=\"noopener\">Contatto <\/a>il nostro team commerciale per richiedere un campione e discutere le tue esigenze specifiche.<\/p>\n<p><strong>D: A quali mercati fornite i vostri servizi?<\/strong><br \/>\n<strong>UN:<\/strong> Forniamo semi di arachidi tostati a diversi mercati in tutto il mondo, tra cui Nord America, Europa, Asia e Medio Oriente, con solide partnership industriali.<\/p>\n<a href=\"mailto:globepeanut@gmail.com\" class=\"button primary is-primary is-medium\"  >\n    <span>Inviaci un&#039;e-mail<\/span>\n  <\/a>","protected":false},"excerpt":{"rendered":"<p>Siamo produttori e fornitori di semi di arachidi tostati a fette in Cina<\/p>\n<p>\u2013 Quantit\u00e0 minima: 1 tonnellata<br \/>\n\u2013 Servizio OEM\/ODM offerto<br \/>\n\u2013 Campione gratuito disponibile<br \/>\n\u2013 Accettare la personalizzazione (specifiche, dimensioni, colore, design, ecc.)<br \/>\n\u2013 Specifiche (maglia 3-5, maglia 4-7, maglia 5-8, maglia 6-10, maglia 8-14 o secondo le vostre esigenze)<\/p>\n<p>Se desideri ricevere i semi di arachidi tostati tagliati a met\u00e0 o a fette, contattaci.<\/p>","protected":false},"featured_media":1712,"comment_status":"open","ping_status":"closed","template":"","meta":[],"product_cat":[37],"product_tag":[],"class_list":{"0":"post-1555","1":"product","2":"type-product","3":"status-publish","4":"has-post-thumbnail","6":"product_cat-roasted-peanut","8":"first","9":"instock","10":"shipping-taxable","11":"product-type-simple"},"yoast_head":"<!-- This site is optimized with the Yoast SEO plugin v24.9 - https:\/\/yoast.com\/wordpress\/plugins\/seo\/ -->\n<title>Roasted Peanut Kernels in Split | Sliced Roasted Peanut Kernels - Peanut Butter Factory<\/title>\n<meta name=\"description\" content=\"We are leading OEM manufacturer, supplier, and exporter of high-quality Roasted Peanut Kernels in Split. Private label services and global brands partner.\" \/>\n<meta name=\"robots\" content=\"index, follow, max-snippet:-1, max-image-preview:large, max-video-preview:-1\" \/>\n<link rel=\"canonical\" href=\"https:\/\/www.peanutoem.com\/it\/manufacturer\/roasted-peanut-kernels-in-split\/\" \/>\n<meta property=\"og:locale\" content=\"it_IT\" \/>\n<meta property=\"og:type\" content=\"article\" \/>\n<meta property=\"og:title\" content=\"Roasted Peanut Kernels in Split | Sliced Roasted Peanut Kernels - Peanut Butter Factory\" \/>\n<meta property=\"og:description\" content=\"We are leading OEM manufacturer, supplier, and exporter of high-quality Roasted Peanut Kernels in Split. Private label services and global brands partner.\" \/>\n<meta property=\"og:url\" content=\"https:\/\/www.peanutoem.com\/it\/manufacturer\/roasted-peanut-kernels-in-split\/\" \/>\n<meta property=\"og:site_name\" content=\"Peanut Butter Factory\" \/>\n<meta property=\"article:modified_time\" content=\"2024-09-28T04:44:51+00:00\" \/>\n<meta property=\"og:image\" content=\"https:\/\/www.peanutoem.com\/wp-content\/uploads\/2024\/09\/4-6mm-roasted-peanut-kernels-scaled.webp\" \/>\n\t<meta property=\"og:image:width\" content=\"1920\" \/>\n\t<meta property=\"og:image:height\" content=\"2560\" \/>\n\t<meta property=\"og:image:type\" content=\"image\/webp\" \/>\n<meta name=\"twitter:card\" content=\"summary_large_image\" \/>\n<meta name=\"twitter:label1\" content=\"Tempo di lettura stimato\" \/>\n\t<meta name=\"twitter:data1\" content=\"4 minuti\" \/>\n<script type=\"application\/ld+json\" class=\"yoast-schema-graph\">{\"@context\":\"https:\/\/schema.org\",\"@graph\":[{\"@type\":\"WebPage\",\"@id\":\"https:\/\/www.peanutoem.com\/manufacturer\/roasted-peanut-kernels-in-split\/\",\"url\":\"https:\/\/www.peanutoem.com\/manufacturer\/roasted-peanut-kernels-in-split\/\",\"name\":\"Roasted Peanut Kernels in Split | Sliced Roasted Peanut Kernels - Peanut Butter Factory\",\"isPartOf\":{\"@id\":\"https:\/\/www.peanutoem.com\/#website\"},\"primaryImageOfPage\":{\"@id\":\"https:\/\/www.peanutoem.com\/manufacturer\/roasted-peanut-kernels-in-split\/#primaryimage\"},\"image\":{\"@id\":\"https:\/\/www.peanutoem.com\/manufacturer\/roasted-peanut-kernels-in-split\/#primaryimage\"},\"thumbnailUrl\":\"https:\/\/www.peanutoem.com\/wp-content\/uploads\/2024\/09\/4-6mm-roasted-peanut-kernels-scaled.webp\",\"datePublished\":\"2024-09-02T14:00:33+00:00\",\"dateModified\":\"2024-09-28T04:44:51+00:00\",\"description\":\"We are leading OEM manufacturer, supplier, and exporter of high-quality Roasted Peanut Kernels in Split. Private label services and global brands partner.\",\"breadcrumb\":{\"@id\":\"https:\/\/www.peanutoem.com\/manufacturer\/roasted-peanut-kernels-in-split\/#breadcrumb\"},\"inLanguage\":\"it-IT\",\"potentialAction\":[{\"@type\":\"ReadAction\",\"target\":[\"https:\/\/www.peanutoem.com\/manufacturer\/roasted-peanut-kernels-in-split\/\"]}]},{\"@type\":\"ImageObject\",\"inLanguage\":\"it-IT\",\"@id\":\"https:\/\/www.peanutoem.com\/manufacturer\/roasted-peanut-kernels-in-split\/#primaryimage\",\"url\":\"https:\/\/www.peanutoem.com\/wp-content\/uploads\/2024\/09\/4-6mm-roasted-peanut-kernels-scaled.webp\",\"contentUrl\":\"https:\/\/www.peanutoem.com\/wp-content\/uploads\/2024\/09\/4-6mm-roasted-peanut-kernels-scaled.webp\",\"width\":1920,\"height\":2560,\"caption\":\"4-6mm roasted peanut kernels\"},{\"@type\":\"BreadcrumbList\",\"@id\":\"https:\/\/www.peanutoem.com\/manufacturer\/roasted-peanut-kernels-in-split\/#breadcrumb\",\"itemListElement\":[{\"@type\":\"ListItem\",\"position\":1,\"name\":\"Home\",\"item\":\"https:\/\/www.peanutoem.com\/\"},{\"@type\":\"ListItem\",\"position\":2,\"name\":\"Products\",\"item\":\"https:\/\/www.peanutoem.com\/shop\/\"},{\"@type\":\"ListItem\",\"position\":3,\"name\":\"Roasted Peanut Kernels in Split | Sliced Roasted Peanut Kernels\"}]},{\"@type\":\"WebSite\",\"@id\":\"https:\/\/www.peanutoem.com\/#website\",\"url\":\"https:\/\/www.peanutoem.com\/\",\"name\":\"Peanut Butter Factory\",\"description\":\"Peanut Butter Manufacturer and Roast Peanut OEM Factory | Peanut Private Label China Supplier\",\"publisher\":{\"@id\":\"https:\/\/www.peanutoem.com\/#organization\"},\"alternateName\":\"Peanut Butter OEM and Wholesale\",\"potentialAction\":[{\"@type\":\"SearchAction\",\"target\":{\"@type\":\"EntryPoint\",\"urlTemplate\":\"https:\/\/www.peanutoem.com\/?s={search_term_string}\"},\"query-input\":{\"@type\":\"PropertyValueSpecification\",\"valueRequired\":true,\"valueName\":\"search_term_string\"}}],\"inLanguage\":\"it-IT\"},{\"@type\":\"Organization\",\"@id\":\"https:\/\/www.peanutoem.com\/#organization\",\"name\":\"Peanut Butter Factory\",\"alternateName\":\"JuFeng Group\",\"url\":\"https:\/\/www.peanutoem.com\/\",\"logo\":{\"@type\":\"ImageObject\",\"inLanguage\":\"it-IT\",\"@id\":\"https:\/\/www.peanutoem.com\/#\/schema\/logo\/image\/\",\"url\":\"https:\/\/www.peanutoem.com\/wp-content\/uploads\/2024\/09\/JUFENG-LOGO.png\",\"contentUrl\":\"https:\/\/www.peanutoem.com\/wp-content\/uploads\/2024\/09\/JUFENG-LOGO.png\",\"width\":600,\"height\":170,\"caption\":\"Peanut Butter Factory\"},\"image\":{\"@id\":\"https:\/\/www.peanutoem.com\/#\/schema\/logo\/image\/\"}}]}<\/script>\n<!-- \/ Yoast SEO plugin. -->","yoast_head_json":{"title":"Roasted Peanut Kernels in Split | Sliced Roasted Peanut Kernels - Peanut Butter Factory","description":"We are leading OEM manufacturer, supplier, and exporter of high-quality Roasted Peanut Kernels in Split. Private label services and global brands partner.","robots":{"index":"index","follow":"follow","max-snippet":"max-snippet:-1","max-image-preview":"max-image-preview:large","max-video-preview":"max-video-preview:-1"},"canonical":"https:\/\/www.peanutoem.com\/it\/manufacturer\/roasted-peanut-kernels-in-split\/","og_locale":"it_IT","og_type":"article","og_title":"Roasted Peanut Kernels in Split | Sliced Roasted Peanut Kernels - Peanut Butter Factory","og_description":"We are leading OEM manufacturer, supplier, and exporter of high-quality Roasted Peanut Kernels in Split. Private label services and global brands partner.","og_url":"https:\/\/www.peanutoem.com\/it\/manufacturer\/roasted-peanut-kernels-in-split\/","og_site_name":"Peanut Butter Factory","article_modified_time":"2024-09-28T04:44:51+00:00","og_image":[{"width":1920,"height":2560,"url":"https:\/\/www.peanutoem.com\/wp-content\/uploads\/2024\/09\/4-6mm-roasted-peanut-kernels-scaled.webp","type":"image\/webp"}],"twitter_card":"summary_large_image","twitter_misc":{"Tempo di lettura stimato":"4 minuti"},"schema":{"@context":"https:\/\/schema.org","@graph":[{"@type":"WebPage","@id":"https:\/\/www.peanutoem.com\/manufacturer\/roasted-peanut-kernels-in-split\/","url":"https:\/\/www.peanutoem.com\/manufacturer\/roasted-peanut-kernels-in-split\/","name":"Roasted Peanut Kernels in Split | Sliced Roasted Peanut Kernels - Peanut Butter Factory","isPartOf":{"@id":"https:\/\/www.peanutoem.com\/#website"},"primaryImageOfPage":{"@id":"https:\/\/www.peanutoem.com\/manufacturer\/roasted-peanut-kernels-in-split\/#primaryimage"},"image":{"@id":"https:\/\/www.peanutoem.com\/manufacturer\/roasted-peanut-kernels-in-split\/#primaryimage"},"thumbnailUrl":"https:\/\/www.peanutoem.com\/wp-content\/uploads\/2024\/09\/4-6mm-roasted-peanut-kernels-scaled.webp","datePublished":"2024-09-02T14:00:33+00:00","dateModified":"2024-09-28T04:44:51+00:00","description":"We are leading OEM manufacturer, supplier, and exporter of high-quality Roasted Peanut Kernels in Split. Private label services and global brands partner.","breadcrumb":{"@id":"https:\/\/www.peanutoem.com\/manufacturer\/roasted-peanut-kernels-in-split\/#breadcrumb"},"inLanguage":"it-IT","potentialAction":[{"@type":"ReadAction","target":["https:\/\/www.peanutoem.com\/manufacturer\/roasted-peanut-kernels-in-split\/"]}]},{"@type":"ImageObject","inLanguage":"it-IT","@id":"https:\/\/www.peanutoem.com\/manufacturer\/roasted-peanut-kernels-in-split\/#primaryimage","url":"https:\/\/www.peanutoem.com\/wp-content\/uploads\/2024\/09\/4-6mm-roasted-peanut-kernels-scaled.webp","contentUrl":"https:\/\/www.peanutoem.com\/wp-content\/uploads\/2024\/09\/4-6mm-roasted-peanut-kernels-scaled.webp","width":1920,"height":2560,"caption":"4-6mm roasted peanut kernels"},{"@type":"BreadcrumbList","@id":"https:\/\/www.peanutoem.com\/manufacturer\/roasted-peanut-kernels-in-split\/#breadcrumb","itemListElement":[{"@type":"ListItem","position":1,"name":"Home","item":"https:\/\/www.peanutoem.com\/"},{"@type":"ListItem","position":2,"name":"Products","item":"https:\/\/www.peanutoem.com\/shop\/"},{"@type":"ListItem","position":3,"name":"Roasted Peanut Kernels in Split | Sliced Roasted Peanut Kernels"}]},{"@type":"WebSite","@id":"https:\/\/www.peanutoem.com\/#website","url":"https:\/\/www.peanutoem.com\/","name":"Peanut Butter Factory","description":"Peanut Butter Manufacturer and Roast Peanut OEM Factory | Peanut Private Label China Supplier","publisher":{"@id":"https:\/\/www.peanutoem.com\/#organization"},"alternateName":"Peanut Butter OEM and Wholesale","potentialAction":[{"@type":"SearchAction","target":{"@type":"EntryPoint","urlTemplate":"https:\/\/www.peanutoem.com\/?s={search_term_string}"},"query-input":{"@type":"PropertyValueSpecification","valueRequired":true,"valueName":"search_term_string"}}],"inLanguage":"it-IT"},{"@type":"Organization","@id":"https:\/\/www.peanutoem.com\/#organization","name":"Peanut Butter Factory","alternateName":"JuFeng Group","url":"https:\/\/www.peanutoem.com\/","logo":{"@type":"ImageObject","inLanguage":"it-IT","@id":"https:\/\/www.peanutoem.com\/#\/schema\/logo\/image\/","url":"https:\/\/www.peanutoem.com\/wp-content\/uploads\/2024\/09\/JUFENG-LOGO.png","contentUrl":"https:\/\/www.peanutoem.com\/wp-content\/uploads\/2024\/09\/JUFENG-LOGO.png","width":600,"height":170,"caption":"Peanut Butter Factory"},"image":{"@id":"https:\/\/www.peanutoem.com\/#\/schema\/logo\/image\/"}}]}},"_links":{"self":[{"href":"https:\/\/www.peanutoem.com\/it\/wp-json\/wp\/v2\/product\/1555","targetHints":{"allow":["GET"]}}],"collection":[{"href":"https:\/\/www.peanutoem.com\/it\/wp-json\/wp\/v2\/product"}],"about":[{"href":"https:\/\/www.peanutoem.com\/it\/wp-json\/wp\/v2\/types\/product"}],"replies":[{"embeddable":true,"href":"https:\/\/www.peanutoem.com\/it\/wp-json\/wp\/v2\/comments?post=1555"}],"wp:featuredmedia":[{"embeddable":true,"href":"https:\/\/www.peanutoem.com\/it\/wp-json\/wp\/v2\/media\/1712"}],"wp:attachment":[{"href":"https:\/\/www.peanutoem.com\/it\/wp-json\/wp\/v2\/media?parent=1555"}],"wp:term":[{"taxonomy":"product_cat","embeddable":true,"href":"https:\/\/www.peanutoem.com\/it\/wp-json\/wp\/v2\/product_cat?post=1555"},{"taxonomy":"product_tag","embeddable":true,"href":"https:\/\/www.peanutoem.com\/it\/wp-json\/wp\/v2\/product_tag?post=1555"}],"curies":[{"name":"wp","href":"https:\/\/api.w.org\/{rel}","templated":true}]}}