{"id":1638,"date":"2024-09-10T12:30:11","date_gmt":"2024-09-10T12:30:11","guid":{"rendered":"https:\/\/www.peanutoem.com\/?post_type=product&#038;p=1638"},"modified":"2024-10-06T09:55:00","modified_gmt":"2024-10-06T09:55:00","slug":"chocolate-peanut-butter","status":"publish","type":"product","link":"https:\/\/www.peanutoem.com\/it\/manufacturer\/chocolate-peanut-butter\/","title":{"rendered":"Burro di arachidi al cioccolato"},"content":{"rendered":"<h3>Cos&#039;\u00e8 il burro di arachidi al cioccolato?<\/h3>\n<p>Il burro di arachidi al cioccolato \u00e8 una deliziosa fusione di cremoso burro di arachidi e ricco <a href=\"https:\/\/en.wikipedia.org\/wiki\/Chocolate\" target=\"_blank\" rel=\"noopener\">cioccolato<\/a>, creando una crema spalmabile dolce e saporita che soddisfa un&#039;ampia gamma di gusti. Questa deliziosa miscela \u00e8 perfetta da spalmare sul pane, da usare nei dessert o semplicemente da gustare a cucchiaiate. La combinazione di arachidi e cioccolato offre una delizia equilibrata che soddisfa sia gli amanti del burro di noci che gli amanti del cioccolato.<\/p>\n<h3>Quali altri nomi si possono dare al cioccolato nel burro di arachidi?<\/h3>\n<p>Il burro di arachidi al cioccolato \u00e8 spesso chiamato con nomi diversi in base al suo sapore e utilizzo. Alcuni nomi alternativi includono:<\/p>\n<ul>\n<li>Burro di arachidi al cioccolato<\/li>\n<li>Crema spalmabile al burro di arachidi e cacao<\/li>\n<li>Burro di arachidi al cacao<\/li>\n<li>Crema spalmabile al cioccolato e arachidi<\/li>\n<li>Burro di arachidi con cioccolato<\/li>\n<li>Crema spalmabile al cioccolato e nocciole<\/li>\n<li>Burro di arachidi al cioccolato<\/li>\n<li>Crema spalmabile al cioccolato e nocciole<\/li>\n<\/ul>\n<p>Questi nomi sottolineano il delizioso mix di cioccolato e burro di arachidi, rendendolo attraente per i consumatori di diversi mercati.<\/p>\n<h3><img loading=\"lazy\" decoding=\"async\" class=\"alignnone wp-image-1682 size-full\" src=\"https:\/\/www.peanutoem.com\/wp-content\/uploads\/2024\/09\/Chocolate-Peanut-Butter-on-Bread.webp\" alt=\"Burro di arachidi al cioccolato sul pane\" width=\"912\" height=\"1144\" srcset=\"https:\/\/www.peanutoem.com\/wp-content\/uploads\/2024\/09\/Chocolate-Peanut-Butter-on-Bread.webp 912w, https:\/\/www.peanutoem.com\/wp-content\/uploads\/2024\/09\/Chocolate-Peanut-Butter-on-Bread-239x300.webp 239w, https:\/\/www.peanutoem.com\/wp-content\/uploads\/2024\/09\/Chocolate-Peanut-Butter-on-Bread-816x1024.webp 816w, https:\/\/www.peanutoem.com\/wp-content\/uploads\/2024\/09\/Chocolate-Peanut-Butter-on-Bread-768x963.webp 768w, https:\/\/www.peanutoem.com\/wp-content\/uploads\/2024\/09\/Chocolate-Peanut-Butter-on-Bread-10x12.webp 10w, https:\/\/www.peanutoem.com\/wp-content\/uploads\/2024\/09\/Chocolate-Peanut-Butter-on-Bread-600x753.webp 600w\" sizes=\"auto, (max-width: 912px) 100vw, 912px\" \/><\/h3>\n<h3>Perch\u00e9 sceglierci come fornitore partner?<\/h3>\n<p>Siamo il principale produttore ed esportatore OEM di burro di arachidi al cioccolato a marchio privato.<\/p>\n<ul>\n<li><strong>Competenza nella personalizzazione:<\/strong> Offriamo formulazioni completamente personalizzate per soddisfare i vostri specifici requisiti di gusto, consistenza e confezionamento.<\/li>\n<li><strong>Ingredienti Premium:<\/strong> Utilizzando solo arachidi e cioccolato della migliore qualit\u00e0.<\/li>\n<li><strong>Produzione avanzata:<\/strong> Le nostre strutture all&#039;avanguardia sono dotate di linee di produzione all&#039;avanguardia provenienti dagli Stati Uniti, garantendo qualit\u00e0 ed efficienza costanti in ogni lotto.<\/li>\n<li><strong>Certificazioni e Garanzia di Qualit\u00e0:<\/strong> Possediamo numerose certificazioni, tra cui BRCGS, Kosher, Halal e HACCP, che garantiscono la conformit\u00e0 agli standard internazionali di sicurezza e qualit\u00e0.<\/li>\n<li><strong>Distribuzione globale:<\/strong> Grazie alla nostra vasta esperienza nel commercio internazionale, esportiamo burro di arachidi al cioccolato nei mercati di tutto il mondo, garantendo una logistica impeccabile e consegne puntuali.<\/li>\n<\/ul>\n<h3>Argomenti di attualit\u00e0<\/h3>\n<div class=\"group\/conversation-turn relative flex w-full min-w-0 flex-col agent-turn\">\n<div class=\"flex-col gap-1 md:gap-3\">\n<div class=\"flex max-w-full flex-col flex-grow\">\n<div class=\"min-h-8 text-message flex w-full flex-col items-end gap-2 whitespace-normal break-words [.text-message+&amp;]:mt-5\" dir=\"auto\" data-message-author-role=\"assistant\" data-message-id=\"61c5f9c1-377c-4081-b461-888734723e68\">\n<div class=\"flex w-full flex-col gap-1 empty:hidden first:pt-[3px]\">\n<div class=\"markdown prose w-full break-words dark:prose-invert dark\">\n<ul>\n<li><span style=\"color: #282828;\"><strong>Nei dolci<\/strong><\/span><br \/>\n<span style=\"color: #282828;\">Il burro di arachidi con cioccolato \u00e8 un ingrediente versatile che esalta notevolmente la qualit\u00e0 e il sapore di dessert come torte, brownies e gelati. La sua consistenza cremosa e il sapore ricco lo rendono un ottimo compagno per prodotti da forno e dolciumi.<\/span><\/li>\n<li><span style=\"color: #282828;\"><strong>Benefici per la salute<\/strong><\/span><br \/>\n<span style=\"color: #282828;\">Oltre alla sua irresistibile bont\u00e0, questa crema \u00e8 ricca di proteine, grassi sani e fibre, che forniscono un supporto nutrizionale al corpo. Quando \u00e8 realizzata con cioccolato fondente, aggiunge propriet\u00e0 antiossidanti, conferendo al prodotto un fascino salutare che attrae i consumatori attenti alla salute.<\/span><\/li>\n<li><span style=\"color: #282828;\"><strong>Popolarit\u00e0 globale<\/strong><\/span><br \/>\n<span style=\"color: #282828;\">Poich\u00e9 i consumatori cercano sempre pi\u00f9 snack che soddisfino le loro papille gustative e che siano anche nutrienti, il burro di arachidi al cioccolato ha guadagnato un&#039;immensa popolarit\u00e0 nel mercato globale. Combina con successo sapore e nutrizione, guadagnandosi l&#039;ammirazione diffusa sia dei bambini che degli adulti.<\/span><\/li>\n<li><span style=\"color: #282828;\"><strong>Usi creativi<\/strong><\/span><br \/>\n<span style=\"color: #282828;\">Oltre agli abbinamenti tradizionali come toast o sandwich, questo ingrediente pu\u00f2 essere incorporato in modo creativo in frullati, barrette energetiche o utilizzato come ripieno per dolci. La sua adattabilit\u00e0 unica al sapore gli consente di risaltare sia nei piatti dolci che in quelli salati, rendendolo un elemento fondamentale in molte cucine domestiche.<\/span><\/li>\n<\/ul>\n<\/div>\n<\/div>\n<\/div>\n<\/div>\n<\/div>\n<\/div>\n<hr \/>\n<h3><img loading=\"lazy\" decoding=\"async\" class=\"alignnone wp-image-1683 size-full\" src=\"https:\/\/www.peanutoem.com\/wp-content\/uploads\/2024\/09\/Chocolate-Peanut-Butter-Served.webp\" alt=\"Burro di arachidi al cioccolato servito\" width=\"896\" height=\"1152\" srcset=\"https:\/\/www.peanutoem.com\/wp-content\/uploads\/2024\/09\/Chocolate-Peanut-Butter-Served.webp 896w, https:\/\/www.peanutoem.com\/wp-content\/uploads\/2024\/09\/Chocolate-Peanut-Butter-Served-233x300.webp 233w, https:\/\/www.peanutoem.com\/wp-content\/uploads\/2024\/09\/Chocolate-Peanut-Butter-Served-796x1024.webp 796w, https:\/\/www.peanutoem.com\/wp-content\/uploads\/2024\/09\/Chocolate-Peanut-Butter-Served-768x987.webp 768w, https:\/\/www.peanutoem.com\/wp-content\/uploads\/2024\/09\/Chocolate-Peanut-Butter-Served-9x12.webp 9w, https:\/\/www.peanutoem.com\/wp-content\/uploads\/2024\/09\/Chocolate-Peanut-Butter-Served-600x771.webp 600w\" sizes=\"auto, (max-width: 896px) 100vw, 896px\" \/><\/h3>\n<h3>Domande frequenti sul burro di arachidi al cioccolato<\/h3>\n<ol>\n<li><strong>In qualit\u00e0 di produttore OEM leader, qual \u00e8 il vostro principale vantaggio competitivo?<\/strong><br \/>\nCi distinguiamo perch\u00e9 offriamo diversi servizi di personalizzazione, selezioniamo ingredienti di alta qualit\u00e0 e utilizziamo tecnologie di produzione avanzate. Ci\u00f2 garantisce che ogni lotto di burro di arachidi eccella sul mercato e soddisfi le esigenze uniche dei nostri clienti.<\/li>\n<li><strong>Puoi adattare il rapporto cioccolato\/arachidi in base alle mie specifiche e creare una formula personalizzata per il mio marchio?<\/strong><br \/>\nAssolutamente! Forniamo servizi completi di personalizzazione del gusto per aiutarti a trovare il perfetto equilibrio tra cioccolato e arachidi, sviluppando al contempo una formula unica che migliori la competitivit\u00e0 del tuo marchio sul mercato.<\/li>\n<li><strong>Quali opzioni di imballaggio offrite?<\/strong><br \/>\nOffriamo una variet\u00e0 di soluzioni di imballaggio, tra cui eleganti barattoli, comode buste squeeze e contenitori sfusi adatti allo stoccaggio su larga scala. Tutti gli imballaggi possono essere personalizzati per riflettere l&#039;identit\u00e0 del tuo marchio e la strategia di marketing.<\/li>\n<li><strong>Offrite burro di arachidi al cioccolato biologico? Come garantite la qualit\u00e0 del prodotto?<\/strong><br \/>\nS\u00ec, produciamo burro di arachidi certificato biologico UE, fatto con ingredienti che soddisfano gli standard biologici. Inoltre, abbiamo stabilito un rigoroso sistema di gestione della qualit\u00e0, inclusi test di laboratorio interni, per garantire che ogni lotto soddisfi i pi\u00f9 elevati standard di gusto, consistenza e sicurezza.<\/li>\n<li><strong>Posso richiedere campioni per una degustazione prima di effettuare un ordine importante? Supportate le esportazioni a livello globale?<\/strong><br \/>\nCertamente! Siamo lieti di fornirvi lotti campione per la vostra valutazione prima della produzione completa. Inoltre, abbiamo una vasta esperienza nelle esportazioni globali, assicurando che i vostri prodotti arrivino in modo sicuro e puntuale in tutto il mondo.<\/li>\n<\/ol>\n<a href=\"mailto:globepeanut@gmail.com\" class=\"button primary is-primary is-medium\"  >\n    <span>Inviaci un&#039;e-mail<\/span>\n  <\/a>","protected":false},"excerpt":{"rendered":"<table width=\"564\">\n<tbody>\n<tr>\n<td width=\"113\"><strong>Nome del prodotto<\/strong><\/td>\n<td width=\"402\">Burro di arachidi al cioccolato<\/td>\n<\/tr>\n<tr>\n<td width=\"113\"><strong>Specifiche<\/strong><\/td>\n<td width=\"402\">200gx36, 227gx24, 340gx12, 375gx12, 500gx12, 510gx12, 1kgx12, 10kgx1, 20kgx1, 220kgx1<\/td>\n<\/tr>\n<tr>\n<td width=\"113\"><strong>Modulo di imballaggio<\/strong><\/td>\n<td width=\"402\">Barattolo, secchio, Doy Pack, sacchetto, cartone, lattina, barile, lattina, bottiglia, ecc.<\/td>\n<\/tr>\n<tr>\n<td width=\"113\"><strong>Tempi di consegna<\/strong><\/td>\n<td width=\"402\">7~20 giorni dopo l&#039;ordine<\/td>\n<\/tr>\n<tr>\n<td width=\"113\"><strong>Quantit\u00e0 minima<\/strong><\/td>\n<td width=\"402\">Una tonnellata<\/td>\n<\/tr>\n<tr>\n<td width=\"113\"><strong>Campione<\/strong><\/td>\n<td width=\"402\">Campione gratuito disponibile<\/td>\n<\/tr>\n<tr>\n<td width=\"113\"><strong>OEM<\/strong><\/td>\n<td width=\"402\">Etichetta dell&#039;acquirente accettata<\/td>\n<\/tr>\n<\/tbody>\n<\/table>\n<p>&nbsp;<\/p>","protected":false},"featured_media":1671,"comment_status":"open","ping_status":"closed","template":"","meta":[],"product_cat":[15],"product_tag":[],"class_list":{"0":"post-1638","1":"product","2":"type-product","3":"status-publish","4":"has-post-thumbnail","6":"product_cat-peanut-butter","8":"first","9":"instock","10":"shipping-taxable","11":"product-type-simple"},"yoast_head":"<!-- This site is optimized with the Yoast SEO plugin v24.9 - https:\/\/yoast.com\/wordpress\/plugins\/seo\/ -->\n<title>Chocolate Peanut Butter Manufacturer OEM - China Peanut Butter Factory<\/title>\n<meta name=\"description\" content=\"Leading chocolate peanut butter OEM private label manufacturer and exporter. Discover premium, customized chocolate peanut butter from us.\" \/>\n<meta name=\"robots\" content=\"index, follow, max-snippet:-1, max-image-preview:large, max-video-preview:-1\" \/>\n<link rel=\"canonical\" href=\"https:\/\/www.peanutoem.com\/it\/manufacturer\/chocolate-peanut-butter\/\" \/>\n<meta property=\"og:locale\" content=\"it_IT\" \/>\n<meta property=\"og:type\" content=\"article\" \/>\n<meta property=\"og:title\" content=\"Chocolate Peanut Butter Manufacturer OEM - China Peanut Butter Factory\" \/>\n<meta property=\"og:description\" content=\"Leading chocolate peanut butter OEM private label manufacturer and exporter. Discover premium, customized chocolate peanut butter from us.\" \/>\n<meta property=\"og:url\" content=\"https:\/\/www.peanutoem.com\/it\/manufacturer\/chocolate-peanut-butter\/\" \/>\n<meta property=\"og:site_name\" content=\"Peanut Butter Factory\" \/>\n<meta property=\"article:modified_time\" content=\"2024-10-06T09:55:00+00:00\" \/>\n<meta property=\"og:image\" content=\"https:\/\/www.peanutoem.com\/wp-content\/uploads\/2024\/09\/Peanut-Butter-Chocolate-Flavor.webp\" \/>\n\t<meta property=\"og:image:width\" content=\"819\" \/>\n\t<meta property=\"og:image:height\" content=\"975\" \/>\n\t<meta property=\"og:image:type\" content=\"image\/webp\" \/>\n<meta name=\"twitter:card\" content=\"summary_large_image\" \/>\n<meta name=\"twitter:label1\" content=\"Tempo di lettura stimato\" \/>\n\t<meta name=\"twitter:data1\" content=\"4 minuti\" \/>\n<script type=\"application\/ld+json\" class=\"yoast-schema-graph\">{\"@context\":\"https:\/\/schema.org\",\"@graph\":[{\"@type\":\"WebPage\",\"@id\":\"https:\/\/www.peanutoem.com\/manufacturer\/chocolate-peanut-butter\/\",\"url\":\"https:\/\/www.peanutoem.com\/manufacturer\/chocolate-peanut-butter\/\",\"name\":\"Chocolate Peanut Butter Manufacturer OEM - China Peanut Butter Factory\",\"isPartOf\":{\"@id\":\"https:\/\/www.peanutoem.com\/#website\"},\"primaryImageOfPage\":{\"@id\":\"https:\/\/www.peanutoem.com\/manufacturer\/chocolate-peanut-butter\/#primaryimage\"},\"image\":{\"@id\":\"https:\/\/www.peanutoem.com\/manufacturer\/chocolate-peanut-butter\/#primaryimage\"},\"thumbnailUrl\":\"https:\/\/www.peanutoem.com\/wp-content\/uploads\/2024\/09\/Peanut-Butter-Chocolate-Flavor.webp\",\"datePublished\":\"2024-09-10T12:30:11+00:00\",\"dateModified\":\"2024-10-06T09:55:00+00:00\",\"description\":\"Leading chocolate peanut butter OEM private label manufacturer and exporter. Discover premium, customized chocolate peanut butter from us.\",\"breadcrumb\":{\"@id\":\"https:\/\/www.peanutoem.com\/manufacturer\/chocolate-peanut-butter\/#breadcrumb\"},\"inLanguage\":\"it-IT\",\"potentialAction\":[{\"@type\":\"ReadAction\",\"target\":[\"https:\/\/www.peanutoem.com\/manufacturer\/chocolate-peanut-butter\/\"]}]},{\"@type\":\"ImageObject\",\"inLanguage\":\"it-IT\",\"@id\":\"https:\/\/www.peanutoem.com\/manufacturer\/chocolate-peanut-butter\/#primaryimage\",\"url\":\"https:\/\/www.peanutoem.com\/wp-content\/uploads\/2024\/09\/Peanut-Butter-Chocolate-Flavor.webp\",\"contentUrl\":\"https:\/\/www.peanutoem.com\/wp-content\/uploads\/2024\/09\/Peanut-Butter-Chocolate-Flavor.webp\",\"width\":819,\"height\":975,\"caption\":\"Peanut Butter Chocolate Flavor\"},{\"@type\":\"BreadcrumbList\",\"@id\":\"https:\/\/www.peanutoem.com\/manufacturer\/chocolate-peanut-butter\/#breadcrumb\",\"itemListElement\":[{\"@type\":\"ListItem\",\"position\":1,\"name\":\"Home\",\"item\":\"https:\/\/www.peanutoem.com\/\"},{\"@type\":\"ListItem\",\"position\":2,\"name\":\"Products\",\"item\":\"https:\/\/www.peanutoem.com\/shop\/\"},{\"@type\":\"ListItem\",\"position\":3,\"name\":\"Chocolate Peanut Butter\"}]},{\"@type\":\"WebSite\",\"@id\":\"https:\/\/www.peanutoem.com\/#website\",\"url\":\"https:\/\/www.peanutoem.com\/\",\"name\":\"Peanut Butter Factory\",\"description\":\"Peanut Butter Manufacturer and Roast Peanut OEM Factory | Peanut Private Label China Supplier\",\"publisher\":{\"@id\":\"https:\/\/www.peanutoem.com\/#organization\"},\"alternateName\":\"Peanut Butter OEM and Wholesale\",\"potentialAction\":[{\"@type\":\"SearchAction\",\"target\":{\"@type\":\"EntryPoint\",\"urlTemplate\":\"https:\/\/www.peanutoem.com\/?s={search_term_string}\"},\"query-input\":{\"@type\":\"PropertyValueSpecification\",\"valueRequired\":true,\"valueName\":\"search_term_string\"}}],\"inLanguage\":\"it-IT\"},{\"@type\":\"Organization\",\"@id\":\"https:\/\/www.peanutoem.com\/#organization\",\"name\":\"Peanut Butter Factory\",\"alternateName\":\"JuFeng Group\",\"url\":\"https:\/\/www.peanutoem.com\/\",\"logo\":{\"@type\":\"ImageObject\",\"inLanguage\":\"it-IT\",\"@id\":\"https:\/\/www.peanutoem.com\/#\/schema\/logo\/image\/\",\"url\":\"https:\/\/www.peanutoem.com\/wp-content\/uploads\/2024\/09\/JUFENG-LOGO.png\",\"contentUrl\":\"https:\/\/www.peanutoem.com\/wp-content\/uploads\/2024\/09\/JUFENG-LOGO.png\",\"width\":600,\"height\":170,\"caption\":\"Peanut Butter Factory\"},\"image\":{\"@id\":\"https:\/\/www.peanutoem.com\/#\/schema\/logo\/image\/\"}}]}<\/script>\n<!-- \/ Yoast SEO plugin. -->","yoast_head_json":{"title":"Chocolate Peanut Butter Manufacturer OEM - China Peanut Butter Factory","description":"Leading chocolate peanut butter OEM private label manufacturer and exporter. Discover premium, customized chocolate peanut butter from us.","robots":{"index":"index","follow":"follow","max-snippet":"max-snippet:-1","max-image-preview":"max-image-preview:large","max-video-preview":"max-video-preview:-1"},"canonical":"https:\/\/www.peanutoem.com\/it\/manufacturer\/chocolate-peanut-butter\/","og_locale":"it_IT","og_type":"article","og_title":"Chocolate Peanut Butter Manufacturer OEM - China Peanut Butter Factory","og_description":"Leading chocolate peanut butter OEM private label manufacturer and exporter. Discover premium, customized chocolate peanut butter from us.","og_url":"https:\/\/www.peanutoem.com\/it\/manufacturer\/chocolate-peanut-butter\/","og_site_name":"Peanut Butter Factory","article_modified_time":"2024-10-06T09:55:00+00:00","og_image":[{"width":819,"height":975,"url":"https:\/\/www.peanutoem.com\/wp-content\/uploads\/2024\/09\/Peanut-Butter-Chocolate-Flavor.webp","type":"image\/webp"}],"twitter_card":"summary_large_image","twitter_misc":{"Tempo di lettura stimato":"4 minuti"},"schema":{"@context":"https:\/\/schema.org","@graph":[{"@type":"WebPage","@id":"https:\/\/www.peanutoem.com\/manufacturer\/chocolate-peanut-butter\/","url":"https:\/\/www.peanutoem.com\/manufacturer\/chocolate-peanut-butter\/","name":"Chocolate Peanut Butter Manufacturer OEM - China Peanut Butter Factory","isPartOf":{"@id":"https:\/\/www.peanutoem.com\/#website"},"primaryImageOfPage":{"@id":"https:\/\/www.peanutoem.com\/manufacturer\/chocolate-peanut-butter\/#primaryimage"},"image":{"@id":"https:\/\/www.peanutoem.com\/manufacturer\/chocolate-peanut-butter\/#primaryimage"},"thumbnailUrl":"https:\/\/www.peanutoem.com\/wp-content\/uploads\/2024\/09\/Peanut-Butter-Chocolate-Flavor.webp","datePublished":"2024-09-10T12:30:11+00:00","dateModified":"2024-10-06T09:55:00+00:00","description":"Leading chocolate peanut butter OEM private label manufacturer and exporter. Discover premium, customized chocolate peanut butter from us.","breadcrumb":{"@id":"https:\/\/www.peanutoem.com\/manufacturer\/chocolate-peanut-butter\/#breadcrumb"},"inLanguage":"it-IT","potentialAction":[{"@type":"ReadAction","target":["https:\/\/www.peanutoem.com\/manufacturer\/chocolate-peanut-butter\/"]}]},{"@type":"ImageObject","inLanguage":"it-IT","@id":"https:\/\/www.peanutoem.com\/manufacturer\/chocolate-peanut-butter\/#primaryimage","url":"https:\/\/www.peanutoem.com\/wp-content\/uploads\/2024\/09\/Peanut-Butter-Chocolate-Flavor.webp","contentUrl":"https:\/\/www.peanutoem.com\/wp-content\/uploads\/2024\/09\/Peanut-Butter-Chocolate-Flavor.webp","width":819,"height":975,"caption":"Peanut Butter Chocolate Flavor"},{"@type":"BreadcrumbList","@id":"https:\/\/www.peanutoem.com\/manufacturer\/chocolate-peanut-butter\/#breadcrumb","itemListElement":[{"@type":"ListItem","position":1,"name":"Home","item":"https:\/\/www.peanutoem.com\/"},{"@type":"ListItem","position":2,"name":"Products","item":"https:\/\/www.peanutoem.com\/shop\/"},{"@type":"ListItem","position":3,"name":"Chocolate Peanut Butter"}]},{"@type":"WebSite","@id":"https:\/\/www.peanutoem.com\/#website","url":"https:\/\/www.peanutoem.com\/","name":"Peanut Butter Factory","description":"Peanut Butter Manufacturer and Roast Peanut OEM Factory | Peanut Private Label China Supplier","publisher":{"@id":"https:\/\/www.peanutoem.com\/#organization"},"alternateName":"Peanut Butter OEM and Wholesale","potentialAction":[{"@type":"SearchAction","target":{"@type":"EntryPoint","urlTemplate":"https:\/\/www.peanutoem.com\/?s={search_term_string}"},"query-input":{"@type":"PropertyValueSpecification","valueRequired":true,"valueName":"search_term_string"}}],"inLanguage":"it-IT"},{"@type":"Organization","@id":"https:\/\/www.peanutoem.com\/#organization","name":"Peanut Butter Factory","alternateName":"JuFeng Group","url":"https:\/\/www.peanutoem.com\/","logo":{"@type":"ImageObject","inLanguage":"it-IT","@id":"https:\/\/www.peanutoem.com\/#\/schema\/logo\/image\/","url":"https:\/\/www.peanutoem.com\/wp-content\/uploads\/2024\/09\/JUFENG-LOGO.png","contentUrl":"https:\/\/www.peanutoem.com\/wp-content\/uploads\/2024\/09\/JUFENG-LOGO.png","width":600,"height":170,"caption":"Peanut Butter Factory"},"image":{"@id":"https:\/\/www.peanutoem.com\/#\/schema\/logo\/image\/"}}]}},"_links":{"self":[{"href":"https:\/\/www.peanutoem.com\/it\/wp-json\/wp\/v2\/product\/1638","targetHints":{"allow":["GET"]}}],"collection":[{"href":"https:\/\/www.peanutoem.com\/it\/wp-json\/wp\/v2\/product"}],"about":[{"href":"https:\/\/www.peanutoem.com\/it\/wp-json\/wp\/v2\/types\/product"}],"replies":[{"embeddable":true,"href":"https:\/\/www.peanutoem.com\/it\/wp-json\/wp\/v2\/comments?post=1638"}],"wp:featuredmedia":[{"embeddable":true,"href":"https:\/\/www.peanutoem.com\/it\/wp-json\/wp\/v2\/media\/1671"}],"wp:attachment":[{"href":"https:\/\/www.peanutoem.com\/it\/wp-json\/wp\/v2\/media?parent=1638"}],"wp:term":[{"taxonomy":"product_cat","embeddable":true,"href":"https:\/\/www.peanutoem.com\/it\/wp-json\/wp\/v2\/product_cat?post=1638"},{"taxonomy":"product_tag","embeddable":true,"href":"https:\/\/www.peanutoem.com\/it\/wp-json\/wp\/v2\/product_tag?post=1638"}],"curies":[{"name":"wp","href":"https:\/\/api.w.org\/{rel}","templated":true}]}}