{"id":1393,"date":"2023-06-08T07:38:38","date_gmt":"2023-06-08T07:38:38","guid":{"rendered":"https:\/\/www.peanutoem.com\/?post_type=product&#038;p=1393"},"modified":"2024-10-09T12:10:08","modified_gmt":"2024-10-09T12:10:08","slug":"salty-peanut-butter","status":"publish","type":"product","link":"https:\/\/www.peanutoem.com\/lt\/manufacturer\/salty-peanut-butter\/","title":{"rendered":"S\u016brus \u017eem\u0117s rie\u0161ut\u0173 sviestas"},"content":{"rendered":"<h3>Pagrindinis O\u012eG tiek\u0117jas ir \u201eSalty\u201c priva\u010di\u0173 preki\u0173 \u017eenkl\u0173 gamintojas <a href=\"https:\/\/www.peanutoem.com\/lt\/Wholesale\/peanut-butter\/\" target=\"_blank\" rel=\"noopener\">\u017dem\u0117s rie\u0161ut\u0173 sviestas<\/a><\/h3>\n<p>Mes i\u0161did\u017eiai si\u016blome auk\u0161\u010diausios kokyb\u0117s s\u016br\u0173 \u017eem\u0117s rie\u0161ut\u0173 sviest\u0105 kaip patikimas O\u012eG tiek\u0117jas, priva\u010di\u0173 preki\u0173 \u017eenkl\u0173 gamintojas ir pasaulinis eksportuotojas. Sukurtas puikiai subalansavus skrudintus \u017eem\u0117s rie\u0161utus ir <a href=\"https:\/\/en.wikipedia.org\/wiki\/Salt\" target=\"_blank\" rel=\"noopener\">druskos<\/a>, suteikia pikanti\u0161k\u0105 skon\u012f, idealiai tinkant\u012f u\u017ekand\u017eiams ir maisto ruo\u0161imui. M\u016bs\u0173 visi\u0161kai pritaikomi gamybos sprendimai leid\u017eia preki\u0173 \u017eenklams sukurti unikalius variantus naudojant lanks\u010di\u0105 pakuot\u0119 ir u\u017esakymo dyd\u017eius.<\/p>\n<h3>Kas yra s\u016brus \u017eem\u0117s rie\u0161ut\u0173 sviestas?<\/h3>\n<p>S\u016brus \u017eem\u0117s rie\u0161ut\u0173 sviestas yra kvapnus tradicinio \u017eem\u0117s rie\u0161ut\u0173 sviesto variantas, suteikiantis pikanti\u0161k\u0105 pos\u016bk\u012f su prid\u0117ta druska. \u0160io tipo \u017eem\u0117s rie\u0161ut\u0173 sviestas patinka vartotojams, ie\u0161kantiems dr\u0105sesnio, ma\u017eiau saldaus varianto. Druska sustiprina nat\u016bral\u0173 \u017eem\u0117s rie\u0161ut\u0173 rie\u0161ut\u0173 skon\u012f, tod\u0117l ji yra m\u0117gstama pikanti\u0161k\u0173 recept\u0173, u\u017etep\u0117li\u0173 ir u\u017ekand\u017ei\u0173.<\/p>\n<p><img loading=\"lazy\" decoding=\"async\" class=\"alignnone wp-image-1970 size-large\" src=\"https:\/\/www.peanutoem.com\/wp-content\/uploads\/2023\/06\/Seasalt-Peanut-Butter-200g-1-1024x461.webp\" alt=\"J\u016bros druskos \u017eem\u0117s rie\u0161ut\u0173 sviestas 200g\" width=\"1020\" height=\"459\" srcset=\"https:\/\/www.peanutoem.com\/wp-content\/uploads\/2023\/06\/Seasalt-Peanut-Butter-200g-1-1024x461.webp 1024w, https:\/\/www.peanutoem.com\/wp-content\/uploads\/2023\/06\/Seasalt-Peanut-Butter-200g-1-300x135.webp 300w, https:\/\/www.peanutoem.com\/wp-content\/uploads\/2023\/06\/Seasalt-Peanut-Butter-200g-1-768x346.webp 768w, https:\/\/www.peanutoem.com\/wp-content\/uploads\/2023\/06\/Seasalt-Peanut-Butter-200g-1-1536x691.webp 1536w, https:\/\/www.peanutoem.com\/wp-content\/uploads\/2023\/06\/Seasalt-Peanut-Butter-200g-1-2048x922.webp 2048w, https:\/\/www.peanutoem.com\/wp-content\/uploads\/2023\/06\/Seasalt-Peanut-Butter-200g-1-18x8.webp 18w, https:\/\/www.peanutoem.com\/wp-content\/uploads\/2023\/06\/Seasalt-Peanut-Butter-200g-1-600x270.webp 600w\" sizes=\"auto, (max-width: 1020px) 100vw, 1020px\" \/><\/p>\n<h3>Kas yra kiti vardai?<\/h3>\n<p>S\u016brus \u017eem\u0117s rie\u0161ut\u0173 sviestas taip pat gali b\u016bti vadinamas:<\/p>\n<ul>\n<li><strong>Pikanti\u0161kas \u017eem\u0117s rie\u0161ut\u0173 sviestas<\/strong><\/li>\n<li><strong>S\u016bdytas \u017eem\u0117s rie\u0161ut\u0173 sviestas<\/strong><\/li>\n<li><strong>\u017dem\u0117s rie\u0161ut\u0173 sviestas su druska<\/strong><\/li>\n<li><strong>\u017dem\u0117s rie\u0161ut\u0173 sviestas su druska<\/strong><\/li>\n<\/ul>\n<p>\u0160ie pavadinimai pabr\u0117\u017eia i\u0161skirtin\u012f pikanti\u0161k\u0105 element\u0105, d\u0117l kurio s\u016brus \u017eem\u0117s rie\u0161ut\u0173 sviestas yra unikalus ir populiarus produktas.<\/p>\n<h3>Kod\u0117l verta rinktis mus savo tiek\u0117ju?<\/h3>\n<p>Kaip patikimas O\u012eG tiek\u0117jas ir priva\u010di\u0173 preki\u0173 \u017eenkl\u0173 gamintojas, si\u016blome:<\/p>\n<ul>\n<li><strong>Pritaikomas s\u016brus \u017eem\u0117s rie\u0161ut\u0173 sviestas<\/strong>: pritaikyti produktai, atitinkantys j\u016bs\u0173 prek\u0117s \u017eenkl\u0105.<\/li>\n<li><strong>Pasaulinis <a href=\"https:\/\/www.peanutoem.com\/lt\/certificate\/\" target=\"_blank\" rel=\"noopener\">Sertifikatai<\/a><\/strong>: M\u016bs\u0173 standartai apima HACCP, BRCGS, Halal, Kosher ir EU Organic, u\u017etikrinan\u010dius auk\u0161\u010diausi\u0105 kokyb\u0119.<\/li>\n<li><strong>\u012evairios pakavimo galimyb\u0117s<\/strong>: Gaminame \u012fvairi\u0173 dyd\u017ei\u0173, nuo ma\u017emenin\u0117s prekybos stiklaini\u0173 iki biri\u0173 konteineri\u0173.<\/li>\n<li><strong>Pasaulin\u0117 eksporto patirtis<\/strong>: Patikimai tiekiame tarptautines rinkas.<\/li>\n<\/ul>\n<h3>DUK apie \u017eem\u0117s rie\u0161ut\u0173 sviest\u0105 su druska<\/h3>\n<ol>\n<li><strong>Kuo j\u016bs\u0173 s\u016brus \u017eem\u0117s rie\u0161ut\u0173 sviestas i\u0161siskiria?<\/strong><br \/>\nPristatome auk\u0161\u010diausios kokyb\u0117s, vientis\u0105 \u017eem\u0117s rie\u0161ut\u0173 sviest\u0105 su druska su pritaikomais asmeninio \u017eenklo gamybos variantais.<\/li>\n<li><strong>Kokius ingredientus naudojate?<\/strong><br \/>\nM\u016bs\u0173 s\u016briame \u017eem\u0117s rie\u0161ut\u0173 svieste yra auk\u0161tos kokyb\u0117s skrudint\u0173 \u017eem\u0117s rie\u0161ut\u0173 ir tiksliai i\u0161matuotos druskos, be pried\u0173.<\/li>\n<li><strong>Ar galiu reguliuoti druskos kiek\u012f?<\/strong><br \/>\nTaip, mes si\u016blome lanks\u010dius druskos kiekius, kad atitikt\u0173 j\u016bs\u0173 prek\u0117s \u017eenklo skon\u012f.<\/li>\n<li><strong>Kokie yra pakavimo variantai?<\/strong><br \/>\nMes tiekiame stiklainius, kibirus ir paket\u0117lius, kuri\u0173 dyd\u017eiai tinka tiek ma\u017emeninei prekybai, tiek dideliam platinimui.<\/li>\n<li><strong>Kiek laiko trunka pristatymo laikas?<\/strong><br \/>\nPristatymas paprastai svyruoja nuo 7 iki 20 dien\u0173, priklausomai nuo u\u017esakymo dyd\u017eio ir specifikacij\u0173.<\/li>\n<li><strong>Ar si\u016blote priva\u010di\u0173 preki\u0173 \u017eenkl\u0173 paslaugas?<\/strong><br \/>\nTaip, mes specializuojam\u0117s priva\u010di\u0173 preki\u0173 \u017eenkl\u0173 paslaugose, visi\u0161kai pritaikydami prek\u0117s \u017eenkl\u0105 ir pakavim\u0105.<\/li>\n<li><strong>Koks yra minimalus u\u017esakymo kiekis (MOQ)?<\/strong><br \/>\nM\u016bs\u0173 MOQ yra viena tona, tinkanti tiek didel\u0117ms, tiek smulkesn\u0117ms \u012fmon\u0117ms.<\/li>\n<\/ol>\n<h3>Atraskite m\u016bs\u0173 pritaikom\u0173 produkt\u0173 universalum\u0105<\/h3>\n<p>S\u016brus \u017eem\u0117s rie\u0161ut\u0173 sviestas yra universalus pasirinkimas ie\u0161kantiems pikanti\u0161kos alternatyvos sald\u017eioms r\u016b\u0161ims. Jo unikalus skonis pagerina u\u017ekand\u017eius ir gaminim\u0105, tod\u0117l puikiai tinka u\u017etepimams, pada\u017eams ir pada\u017eams. Mes patenkiname augan\u010di\u0105 kvapni\u0173, auk\u0161tos kokyb\u0117s produkt\u0173 paklaus\u0105 ir si\u016blome visapusi\u0161k\u0105 pritaikym\u0105 pagal j\u016bs\u0173 poreikius.<\/p>\n<p>Kaip j\u016bs\u0173 patikimas originalios \u012frangos gamintoj\u0173 ir priva\u010di\u0173 preki\u0173 \u017eenkl\u0173 partneris, mes tiekiame auk\u0161tos kokyb\u0117s, pritaikomus variantus su pasaulinio eksporto galimyb\u0117mis, u\u017etikrindami tobulum\u0105 kiekviename stiklainyje.<\/p>\n<a href=\"mailto:globepeanut@gmail.com\" class=\"button primary is-primary is-medium\"  >\n    <span>El. pa\u0161tu<\/span>\n  <\/a>","protected":false},"excerpt":{"rendered":"<table width=\"564\">\n<tbody>\n<tr>\n<td width=\"113\"><strong>Produkto pavadinimas<\/strong><\/td>\n<td width=\"402\">S\u016brus \u017eem\u0117s rie\u0161ut\u0173 sviestas<\/td>\n<\/tr>\n<tr>\n<td width=\"113\"><strong>Ingredientai<\/strong><\/td>\n<td width=\"402\">Rinktiniai \u017eem\u0117s rie\u0161ut\u0173 branduoliai, druska<\/td>\n<\/tr>\n<tr>\n<td width=\"113\"><strong>Specifikacijos<\/strong><\/td>\n<td width=\"402\">227 g x 24, 340 g x 12, 375 g x 12, 500 g x 12, 510 g x 12, 1 kg x 12, 10 kg x 1, 20 kg x 1, 220 kg x 1<\/td>\n<\/tr>\n<tr>\n<td width=\"113\"><strong>Pakavimo forma<\/strong><\/td>\n<td width=\"402\">Stiklainis, kibiras, Doy pakuot\u0117, krep\u0161ys, d\u0117\u017eut\u0117, skarda, statin\u0117, skardin\u0117, butelis ir kt<\/td>\n<\/tr>\n<tr>\n<td width=\"113\"><strong>Pristatymo laikas<\/strong><\/td>\n<td width=\"402\">7-20 dien\u0173 po u\u017esakymo<\/td>\n<\/tr>\n<tr>\n<td width=\"113\"><strong>MOQ<\/strong><\/td>\n<td width=\"402\">Viena tona<\/td>\n<\/tr>\n<tr>\n<td width=\"113\"><strong>Pavyzdys<\/strong><\/td>\n<td width=\"402\">Galimas nemokamas pavyzdys<\/td>\n<\/tr>\n<tr>\n<td width=\"113\"><strong>O\u012eG<\/strong><\/td>\n<td width=\"402\">Pirk\u0117jo etiket\u0117 priimta<\/td>\n<\/tr>\n<\/tbody>\n<\/table>","protected":false},"featured_media":1968,"comment_status":"open","ping_status":"closed","template":"","meta":[],"product_cat":[15],"product_tag":[],"class_list":{"0":"post-1393","1":"product","2":"type-product","3":"status-publish","4":"has-post-thumbnail","6":"product_cat-peanut-butter","8":"first","9":"instock","10":"shipping-taxable","11":"product-type-simple"},"yoast_head":"<!-- This site is optimized with the Yoast SEO plugin v24.9 - https:\/\/yoast.com\/wordpress\/plugins\/seo\/ -->\n<title>Salty Peanut Butter China Exporter OEM - Peanut Butter Factory<\/title>\n<meta name=\"description\" content=\"Discover premium salty peanut butter OEM service. Your trusted private label manufacturer. Enjoy customizable production, various packaging.\" \/>\n<meta name=\"robots\" content=\"index, follow, max-snippet:-1, max-image-preview:large, max-video-preview:-1\" \/>\n<link rel=\"canonical\" href=\"https:\/\/www.peanutoem.com\/lt\/manufacturer\/salty-peanut-butter\/\" \/>\n<meta property=\"og:locale\" content=\"lt_LT\" \/>\n<meta property=\"og:type\" content=\"article\" \/>\n<meta property=\"og:title\" content=\"Salty Peanut Butter China Exporter OEM - Peanut Butter Factory\" \/>\n<meta property=\"og:description\" content=\"Discover premium salty peanut butter OEM service. Your trusted private label manufacturer. Enjoy customizable production, various packaging.\" \/>\n<meta property=\"og:url\" content=\"https:\/\/www.peanutoem.com\/lt\/manufacturer\/salty-peanut-butter\/\" \/>\n<meta property=\"og:site_name\" content=\"Peanut Butter Factory\" \/>\n<meta property=\"article:modified_time\" content=\"2024-10-09T12:10:08+00:00\" \/>\n<meta property=\"og:image\" content=\"https:\/\/www.peanutoem.com\/wp-content\/uploads\/2023\/06\/200g-seasalt-peanut-butter-1-scaled.webp\" \/>\n\t<meta property=\"og:image:width\" content=\"2560\" \/>\n\t<meta property=\"og:image:height\" content=\"1152\" \/>\n\t<meta property=\"og:image:type\" content=\"image\/webp\" \/>\n<meta name=\"twitter:card\" content=\"summary_large_image\" \/>\n<meta name=\"twitter:label1\" content=\"Est. reading time\" \/>\n\t<meta name=\"twitter:data1\" content=\"3 minut\u0117s\" \/>\n<script type=\"application\/ld+json\" class=\"yoast-schema-graph\">{\"@context\":\"https:\/\/schema.org\",\"@graph\":[{\"@type\":\"WebPage\",\"@id\":\"https:\/\/www.peanutoem.com\/manufacturer\/salty-peanut-butter\/\",\"url\":\"https:\/\/www.peanutoem.com\/manufacturer\/salty-peanut-butter\/\",\"name\":\"Salty Peanut Butter China Exporter OEM - Peanut Butter Factory\",\"isPartOf\":{\"@id\":\"https:\/\/www.peanutoem.com\/#website\"},\"primaryImageOfPage\":{\"@id\":\"https:\/\/www.peanutoem.com\/manufacturer\/salty-peanut-butter\/#primaryimage\"},\"image\":{\"@id\":\"https:\/\/www.peanutoem.com\/manufacturer\/salty-peanut-butter\/#primaryimage\"},\"thumbnailUrl\":\"https:\/\/www.peanutoem.com\/wp-content\/uploads\/2023\/06\/200g-seasalt-peanut-butter-1-scaled.webp\",\"datePublished\":\"2023-06-08T07:38:38+00:00\",\"dateModified\":\"2024-10-09T12:10:08+00:00\",\"description\":\"Discover premium salty peanut butter OEM service. Your trusted private label manufacturer. Enjoy customizable production, various packaging.\",\"breadcrumb\":{\"@id\":\"https:\/\/www.peanutoem.com\/manufacturer\/salty-peanut-butter\/#breadcrumb\"},\"inLanguage\":\"lt-LT\",\"potentialAction\":[{\"@type\":\"ReadAction\",\"target\":[\"https:\/\/www.peanutoem.com\/manufacturer\/salty-peanut-butter\/\"]}]},{\"@type\":\"ImageObject\",\"inLanguage\":\"lt-LT\",\"@id\":\"https:\/\/www.peanutoem.com\/manufacturer\/salty-peanut-butter\/#primaryimage\",\"url\":\"https:\/\/www.peanutoem.com\/wp-content\/uploads\/2023\/06\/200g-seasalt-peanut-butter-1-scaled.webp\",\"contentUrl\":\"https:\/\/www.peanutoem.com\/wp-content\/uploads\/2023\/06\/200g-seasalt-peanut-butter-1-scaled.webp\",\"width\":2560,\"height\":1152,\"caption\":\"200g seasalt peanut butter\"},{\"@type\":\"BreadcrumbList\",\"@id\":\"https:\/\/www.peanutoem.com\/manufacturer\/salty-peanut-butter\/#breadcrumb\",\"itemListElement\":[{\"@type\":\"ListItem\",\"position\":1,\"name\":\"Home\",\"item\":\"https:\/\/www.peanutoem.com\/\"},{\"@type\":\"ListItem\",\"position\":2,\"name\":\"Products\",\"item\":\"https:\/\/www.peanutoem.com\/shop\/\"},{\"@type\":\"ListItem\",\"position\":3,\"name\":\"Salty Peanut Butter\"}]},{\"@type\":\"WebSite\",\"@id\":\"https:\/\/www.peanutoem.com\/#website\",\"url\":\"https:\/\/www.peanutoem.com\/\",\"name\":\"Peanut Butter Factory\",\"description\":\"Peanut Butter Manufacturer and Roast Peanut OEM Factory | Peanut Private Label China Supplier\",\"publisher\":{\"@id\":\"https:\/\/www.peanutoem.com\/#organization\"},\"alternateName\":\"Peanut Butter OEM and Wholesale\",\"potentialAction\":[{\"@type\":\"SearchAction\",\"target\":{\"@type\":\"EntryPoint\",\"urlTemplate\":\"https:\/\/www.peanutoem.com\/?s={search_term_string}\"},\"query-input\":{\"@type\":\"PropertyValueSpecification\",\"valueRequired\":true,\"valueName\":\"search_term_string\"}}],\"inLanguage\":\"lt-LT\"},{\"@type\":\"Organization\",\"@id\":\"https:\/\/www.peanutoem.com\/#organization\",\"name\":\"Peanut Butter Factory\",\"alternateName\":\"JuFeng Group\",\"url\":\"https:\/\/www.peanutoem.com\/\",\"logo\":{\"@type\":\"ImageObject\",\"inLanguage\":\"lt-LT\",\"@id\":\"https:\/\/www.peanutoem.com\/#\/schema\/logo\/image\/\",\"url\":\"https:\/\/www.peanutoem.com\/wp-content\/uploads\/2024\/09\/JUFENG-LOGO.png\",\"contentUrl\":\"https:\/\/www.peanutoem.com\/wp-content\/uploads\/2024\/09\/JUFENG-LOGO.png\",\"width\":600,\"height\":170,\"caption\":\"Peanut Butter Factory\"},\"image\":{\"@id\":\"https:\/\/www.peanutoem.com\/#\/schema\/logo\/image\/\"}}]}<\/script>\n<!-- \/ Yoast SEO plugin. -->","yoast_head_json":{"title":"Salty Peanut Butter China Exporter OEM - Peanut Butter Factory","description":"Discover premium salty peanut butter OEM service. Your trusted private label manufacturer. Enjoy customizable production, various packaging.","robots":{"index":"index","follow":"follow","max-snippet":"max-snippet:-1","max-image-preview":"max-image-preview:large","max-video-preview":"max-video-preview:-1"},"canonical":"https:\/\/www.peanutoem.com\/lt\/manufacturer\/salty-peanut-butter\/","og_locale":"lt_LT","og_type":"article","og_title":"Salty Peanut Butter China Exporter OEM - Peanut Butter Factory","og_description":"Discover premium salty peanut butter OEM service. Your trusted private label manufacturer. Enjoy customizable production, various packaging.","og_url":"https:\/\/www.peanutoem.com\/lt\/manufacturer\/salty-peanut-butter\/","og_site_name":"Peanut Butter Factory","article_modified_time":"2024-10-09T12:10:08+00:00","og_image":[{"width":2560,"height":1152,"url":"https:\/\/www.peanutoem.com\/wp-content\/uploads\/2023\/06\/200g-seasalt-peanut-butter-1-scaled.webp","type":"image\/webp"}],"twitter_card":"summary_large_image","twitter_misc":{"Est. reading time":"3 minut\u0117s"},"schema":{"@context":"https:\/\/schema.org","@graph":[{"@type":"WebPage","@id":"https:\/\/www.peanutoem.com\/manufacturer\/salty-peanut-butter\/","url":"https:\/\/www.peanutoem.com\/manufacturer\/salty-peanut-butter\/","name":"Salty Peanut Butter China Exporter OEM - Peanut Butter Factory","isPartOf":{"@id":"https:\/\/www.peanutoem.com\/#website"},"primaryImageOfPage":{"@id":"https:\/\/www.peanutoem.com\/manufacturer\/salty-peanut-butter\/#primaryimage"},"image":{"@id":"https:\/\/www.peanutoem.com\/manufacturer\/salty-peanut-butter\/#primaryimage"},"thumbnailUrl":"https:\/\/www.peanutoem.com\/wp-content\/uploads\/2023\/06\/200g-seasalt-peanut-butter-1-scaled.webp","datePublished":"2023-06-08T07:38:38+00:00","dateModified":"2024-10-09T12:10:08+00:00","description":"Discover premium salty peanut butter OEM service. Your trusted private label manufacturer. Enjoy customizable production, various packaging.","breadcrumb":{"@id":"https:\/\/www.peanutoem.com\/manufacturer\/salty-peanut-butter\/#breadcrumb"},"inLanguage":"lt-LT","potentialAction":[{"@type":"ReadAction","target":["https:\/\/www.peanutoem.com\/manufacturer\/salty-peanut-butter\/"]}]},{"@type":"ImageObject","inLanguage":"lt-LT","@id":"https:\/\/www.peanutoem.com\/manufacturer\/salty-peanut-butter\/#primaryimage","url":"https:\/\/www.peanutoem.com\/wp-content\/uploads\/2023\/06\/200g-seasalt-peanut-butter-1-scaled.webp","contentUrl":"https:\/\/www.peanutoem.com\/wp-content\/uploads\/2023\/06\/200g-seasalt-peanut-butter-1-scaled.webp","width":2560,"height":1152,"caption":"200g seasalt peanut butter"},{"@type":"BreadcrumbList","@id":"https:\/\/www.peanutoem.com\/manufacturer\/salty-peanut-butter\/#breadcrumb","itemListElement":[{"@type":"ListItem","position":1,"name":"Home","item":"https:\/\/www.peanutoem.com\/"},{"@type":"ListItem","position":2,"name":"Products","item":"https:\/\/www.peanutoem.com\/shop\/"},{"@type":"ListItem","position":3,"name":"Salty Peanut Butter"}]},{"@type":"WebSite","@id":"https:\/\/www.peanutoem.com\/#website","url":"https:\/\/www.peanutoem.com\/","name":"Peanut Butter Factory","description":"Peanut Butter Manufacturer and Roast Peanut OEM Factory | Peanut Private Label China Supplier","publisher":{"@id":"https:\/\/www.peanutoem.com\/#organization"},"alternateName":"Peanut Butter OEM and Wholesale","potentialAction":[{"@type":"SearchAction","target":{"@type":"EntryPoint","urlTemplate":"https:\/\/www.peanutoem.com\/?s={search_term_string}"},"query-input":{"@type":"PropertyValueSpecification","valueRequired":true,"valueName":"search_term_string"}}],"inLanguage":"lt-LT"},{"@type":"Organization","@id":"https:\/\/www.peanutoem.com\/#organization","name":"Peanut Butter Factory","alternateName":"JuFeng Group","url":"https:\/\/www.peanutoem.com\/","logo":{"@type":"ImageObject","inLanguage":"lt-LT","@id":"https:\/\/www.peanutoem.com\/#\/schema\/logo\/image\/","url":"https:\/\/www.peanutoem.com\/wp-content\/uploads\/2024\/09\/JUFENG-LOGO.png","contentUrl":"https:\/\/www.peanutoem.com\/wp-content\/uploads\/2024\/09\/JUFENG-LOGO.png","width":600,"height":170,"caption":"Peanut Butter Factory"},"image":{"@id":"https:\/\/www.peanutoem.com\/#\/schema\/logo\/image\/"}}]}},"_links":{"self":[{"href":"https:\/\/www.peanutoem.com\/lt\/wp-json\/wp\/v2\/product\/1393","targetHints":{"allow":["GET"]}}],"collection":[{"href":"https:\/\/www.peanutoem.com\/lt\/wp-json\/wp\/v2\/product"}],"about":[{"href":"https:\/\/www.peanutoem.com\/lt\/wp-json\/wp\/v2\/types\/product"}],"replies":[{"embeddable":true,"href":"https:\/\/www.peanutoem.com\/lt\/wp-json\/wp\/v2\/comments?post=1393"}],"wp:featuredmedia":[{"embeddable":true,"href":"https:\/\/www.peanutoem.com\/lt\/wp-json\/wp\/v2\/media\/1968"}],"wp:attachment":[{"href":"https:\/\/www.peanutoem.com\/lt\/wp-json\/wp\/v2\/media?parent=1393"}],"wp:term":[{"taxonomy":"product_cat","embeddable":true,"href":"https:\/\/www.peanutoem.com\/lt\/wp-json\/wp\/v2\/product_cat?post=1393"},{"taxonomy":"product_tag","embeddable":true,"href":"https:\/\/www.peanutoem.com\/lt\/wp-json\/wp\/v2\/product_tag?post=1393"}],"curies":[{"name":"wp","href":"https:\/\/api.w.org\/{rel}","templated":true}]}}