{"id":1397,"date":"2023-06-08T07:51:40","date_gmt":"2023-06-08T07:51:40","guid":{"rendered":"https:\/\/www.peanutoem.com\/?post_type=product&#038;p=1397"},"modified":"2024-09-28T07:06:47","modified_gmt":"2024-09-28T07:06:47","slug":"creamy-peanut-butter","status":"publish","type":"product","link":"https:\/\/www.peanutoem.com\/lt\/manufacturer\/creamy-peanut-butter\/","title":{"rendered":"Kreminis \u017eem\u0117s rie\u0161ut\u0173 sviestas | Lygus \u017eem\u0117s rie\u0161ut\u0173 sviestas"},"content":{"rendered":"<h3>Kreminis <a href=\"https:\/\/www.peanutoem.com\/lt\/Wholesale\/peanut-butter\/\" target=\"_blank\" rel=\"noopener\">\u017dem\u0117s rie\u0161ut\u0173 sviestas<\/a> | Sklandus \u017eem\u0117s rie\u0161ut\u0173 sviestas \u2013 pirmaujantis OEM priva\u010di\u0173 preki\u0173 \u017eenkl\u0173 gamintojas<\/h3>\n<p>Did\u017eiuojam\u0117s b\u016bdami geriausiu O\u012eG priva\u010dios prek\u0117s \u017eenklo gamintoju, eksportuotoju ir kreminio \u017eem\u0117s rie\u0161ut\u0173 sviesto ir lygaus \u017eem\u0117s rie\u0161ut\u0173 sviesto tiek\u0117ju. M\u016bs\u0173 naujausios gamybos linijos ir auk\u0161ti kokyb\u0117s standartai u\u017etikrina, kad kiekvienas \u017eem\u0117s rie\u0161ut\u0173 sviesto indelis atitikt\u0173 pasaulinius skonio ir konsistencijos reikalavimus. Palaikomas tarptautiniu mastu pripa\u017eint\u0173 <a href=\"https:\/\/www.peanutoem.com\/lt\/certificate\/\" target=\"_blank\" rel=\"noopener\">sertifikatus<\/a> kaip RVASVT, BRCGS, ECOCERT, Halal ir Kosher, m\u016bs\u0173 \u017eem\u0117s rie\u0161ut\u0173 sviesto produktai yra b\u016btini verslo \u012fmon\u0117ms visame pasaulyje.<\/p>\n<p><img loading=\"lazy\" decoding=\"async\" class=\"alignnone wp-image-1620 size-large\" src=\"https:\/\/www.peanutoem.com\/wp-content\/uploads\/2024\/09\/Peanut-Butter-Qualifications-1024x736.webp\" alt=\"\u017dem\u0117s rie\u0161ut\u0173 sviesto OEM procesoriaus kvalifikacija\" width=\"1020\" height=\"733\" srcset=\"https:\/\/www.peanutoem.com\/wp-content\/uploads\/2024\/09\/Peanut-Butter-Qualifications-1024x736.webp 1024w, https:\/\/www.peanutoem.com\/wp-content\/uploads\/2024\/09\/Peanut-Butter-Qualifications-300x216.webp 300w, https:\/\/www.peanutoem.com\/wp-content\/uploads\/2024\/09\/Peanut-Butter-Qualifications-768x552.webp 768w, https:\/\/www.peanutoem.com\/wp-content\/uploads\/2024\/09\/Peanut-Butter-Qualifications-18x12.webp 18w, https:\/\/www.peanutoem.com\/wp-content\/uploads\/2024\/09\/Peanut-Butter-Qualifications-600x431.webp 600w, https:\/\/www.peanutoem.com\/wp-content\/uploads\/2024\/09\/Peanut-Butter-Qualifications.webp 1341w\" sizes=\"auto, (max-width: 1020px) 100vw, 1020px\" \/><\/p>\n<h3>Kas yra kreminis \u017eem\u0117s rie\u0161ut\u0173 sviestas ir lygus \u017eem\u0117s rie\u0161ut\u0173 sviestas?<\/h3>\n<p>Kreminis \u017eem\u0117s rie\u0161ut\u0173 sviestas ir lygus \u017eem\u0117s rie\u0161ut\u0173 sviestas yra dvi populiariausios \u017eem\u0117s rie\u0161ut\u0173 u\u017etep\u0117li\u0173 r\u016b\u0161ys. Abu yra pagaminti i\u0161 smulkiai sumalt\u0173 skrudint\u0173 \u017eem\u0117s rie\u0161ut\u0173, tod\u0117l j\u0173 tekst\u016bra yra sodri ir lygi. Ta\u010diau kreminio \u017eem\u0117s rie\u0161ut\u0173 sviesto tekst\u016bra yra \u0161iek tiek tankesn\u0117, palyginti su lygiu \u017eem\u0117s rie\u0161ut\u0173 sviestu, tod\u0117l puikiai tinka tepti ant duonos arba kaip ingredient\u0105 kepant ir gaminant.<\/p>\n<h3>M\u016bs\u0173 paj\u0117gumai<\/h3>\n<p>Mes dirbame su pa\u017eangiais perdirbimo \u012frenginiais, galin\u010diais kasmet pagaminti 30 000 ton\u0173 \u017eem\u0117s rie\u0161ut\u0173 sviesto. M\u016bs\u0173 gerai \u012frengtos laboratorijos atlieka grie\u017etus jutimo, fizinius, cheminius ir mikrobinius tyrimus, kad u\u017etikrint\u0173 kiekvienos partijos kokyb\u0119 ir saug\u0105.<\/p>\n<h3>O\u012eG priva\u010dios etiket\u0117s sprendimai \u017eem\u0117s rie\u0161ut\u0173 sviestui<\/h3>\n<p>Kaip patikimas OEM gamintojas ir priva\u010di\u0173 preki\u0173 \u017eenkl\u0173 tiek\u0117jas, si\u016blome pritaikytus sprendimus, atitinkan\u010dius j\u016bs\u0173 prek\u0117s \u017eenklo poreikius. Nesvarbu, ar norite pateikti savo kreminio \u017eem\u0117s rie\u0161ut\u0173 sviesto, ar lygaus \u017eem\u0117s rie\u0161ut\u0173 sviesto etiket\u0119, si\u016blome lanks\u010dias pakuot\u0117s ir gaminio dyd\u017eio parinktis. M\u016bs\u0173 komanda u\u017etikrina, kad j\u016bs\u0173 gaminiai b\u016bt\u0173 sukurti kruop\u0161\u010diai ir pagal auk\u0161\u010diausius pramon\u0117s standartus.<\/p>\n<h3>Pasaulinis eksportuotojas ir tiek\u0117jas<\/h3>\n<p>Esame visame pasaulyje, esame patikimi \u017eem\u0117s rie\u0161ut\u0173 sviesto eksportuotojai ir tiek\u0117jai, tiekdami savo produktus did\u017eiausiems maisto ma\u017emenininkams, fran\u0161iz\u0117s dav\u0117jams ir platintojams visame pasaulyje. M\u016bs\u0173 platus platinimo tinklas ir efektyvi logistika u\u017etikrina pristatym\u0105 laiku, nesvarbu, kur yra j\u016bs\u0173 \u012fmon\u0117.<\/p>\n<h3>Kod\u0117l verta rinktis mus?<\/h3>\n<ul>\n<li><strong>Didelis gamybos paj\u0117gumas<\/strong>: 30 000 ton\u0173 per metus<\/li>\n<li><strong>I\u0161sam\u016bs sertifikatai<\/strong>: RVASVT, BRCGS, Halal, Kosher, ES ekologi\u0161ki<\/li>\n<li><strong>O\u012eG ir priva\u010di\u0173 etike\u010di\u0173 ekspertai<\/strong>: J\u016bs\u0173 prek\u0117s \u017eenklui pritaikyti sprendimai<\/li>\n<li><strong>Pasaulinis tiek\u0117jas ir eksportuotojas<\/strong>: Aptarnaujame klientus visame pasaulyje su auk\u0161\u010diausios kokyb\u0117s \u017eem\u0117s rie\u0161ut\u0173 produktais<\/li>\n<\/ul>\n<p>Mes \u012fsipareigojame tiekti geriausius \u017eem\u0117s rie\u0161ut\u0173 sviesto produktus, atitinkan\u010dius besikei\u010dian\u010dius pasaulin\u0117s rinkos poreikius. Nesvarbu, ar jums reikia ma\u017eos ma\u017emenin\u0117s pakuot\u0117s, ar dideliais kiekiais, pristatome puikiai.<\/p>\n<a href=\"mailto:globepeanut@gmail.com\" class=\"button primary is-primary is-medium\"  >\n    <span>El. pa\u0161tu<\/span>\n  <\/a>","protected":false},"excerpt":{"rendered":"<table style=\"height: 282px;\" width=\"564\">\n<tbody>\n<tr>\n<td width=\"113\"><strong>Produkto pavadinimas<\/strong><\/td>\n<td width=\"402\">Kreminis \u017eem\u0117s rie\u0161ut\u0173 sviestas | Lygus \u017eem\u0117s rie\u0161ut\u0173 sviestas<\/td>\n<\/tr>\n<tr>\n<td width=\"113\"><strong>Ingredientai<\/strong><\/td>\n<td width=\"402\">Rinktiniai \u017eem\u0117s rie\u0161ut\u0173 branduoliai, baltasis cukrus, hidrintas augalinis aliejus, druska<\/td>\n<\/tr>\n<tr>\n<td width=\"113\"><strong>Specifikacijos<\/strong><\/td>\n<td width=\"402\">200 g x 36, 227 g x 24, 340 g x 12, 375 g x 12, 500 g x 12, 510 g x 12, 1 kg x 12, 10 kg x 1, 20 kg x 1, 220 kg x 1<\/td>\n<\/tr>\n<tr>\n<td width=\"113\"><strong>Pakavimo forma<\/strong><\/td>\n<td width=\"402\">Stiklainis, kibiras, Doy pakuot\u0117, krep\u0161ys, d\u0117\u017eut\u0117, skarda, statin\u0117, skardin\u0117, butelis ir kt<\/td>\n<\/tr>\n<tr>\n<td width=\"113\"><strong>Pristatymo laikas<\/strong><\/td>\n<td width=\"402\">7-20 dien\u0173 po u\u017esakymo<\/td>\n<\/tr>\n<tr>\n<td width=\"113\"><strong>MOQ<\/strong><\/td>\n<td width=\"402\">Viena tona<\/td>\n<\/tr>\n<tr>\n<td width=\"113\"><strong>Pavyzdys<\/strong><\/td>\n<td width=\"402\">Galimas nemokamas pavyzdys<\/td>\n<\/tr>\n<tr>\n<td width=\"113\"><strong>O\u012eG<\/strong><\/td>\n<td width=\"402\">Pirk\u0117jo etiket\u0117 priimta<\/td>\n<\/tr>\n<\/tbody>\n<\/table>\n<p>&nbsp;<\/p>","protected":false},"featured_media":1641,"comment_status":"open","ping_status":"closed","template":"","meta":[],"product_cat":[15],"product_tag":[],"class_list":{"0":"post-1397","1":"product","2":"type-product","3":"status-publish","4":"has-post-thumbnail","6":"product_cat-peanut-butter","8":"first","9":"instock","10":"featured","11":"shipping-taxable","12":"product-type-simple"},"yoast_head":"<!-- This site is optimized with the Yoast SEO plugin v24.9 - https:\/\/yoast.com\/wordpress\/plugins\/seo\/ -->\n<title>Creamy Peanut Butter Manufacturer- Smooth Peanut Butter OEM - Peanut Butter Factory<\/title>\n<meta name=\"description\" content=\"As a leading OEM private label manufacturer, we offer premium creamy and smooth peanut butter with flexible packaging, certified to global standards.\" \/>\n<meta name=\"robots\" content=\"index, follow, max-snippet:-1, max-image-preview:large, max-video-preview:-1\" \/>\n<link rel=\"canonical\" href=\"https:\/\/www.peanutoem.com\/lt\/manufacturer\/creamy-peanut-butter\/\" \/>\n<meta property=\"og:locale\" content=\"lt_LT\" \/>\n<meta property=\"og:type\" content=\"article\" \/>\n<meta property=\"og:title\" content=\"Creamy Peanut Butter Manufacturer- Smooth Peanut Butter OEM - Peanut Butter Factory\" \/>\n<meta property=\"og:description\" content=\"As a leading OEM private label manufacturer, we offer premium creamy and smooth peanut butter with flexible packaging, certified to global standards.\" \/>\n<meta property=\"og:url\" content=\"https:\/\/www.peanutoem.com\/lt\/manufacturer\/creamy-peanut-butter\/\" \/>\n<meta property=\"og:site_name\" content=\"Peanut Butter Factory\" \/>\n<meta property=\"article:modified_time\" content=\"2024-09-28T07:06:47+00:00\" \/>\n<meta property=\"og:image\" content=\"https:\/\/www.peanutoem.com\/wp-content\/uploads\/2023\/06\/Creamy-Peanut-Butter-in-jar.webp\" \/>\n\t<meta property=\"og:image:width\" content=\"1000\" \/>\n\t<meta property=\"og:image:height\" content=\"1000\" \/>\n\t<meta property=\"og:image:type\" content=\"image\/webp\" \/>\n<meta name=\"twitter:card\" content=\"summary_large_image\" \/>\n<meta name=\"twitter:label1\" content=\"Est. reading time\" \/>\n\t<meta name=\"twitter:data1\" content=\"3 minut\u0117s\" \/>\n<script type=\"application\/ld+json\" class=\"yoast-schema-graph\">{\"@context\":\"https:\/\/schema.org\",\"@graph\":[{\"@type\":\"WebPage\",\"@id\":\"https:\/\/www.peanutoem.com\/manufacturer\/creamy-peanut-butter\/\",\"url\":\"https:\/\/www.peanutoem.com\/manufacturer\/creamy-peanut-butter\/\",\"name\":\"Creamy Peanut Butter Manufacturer- Smooth Peanut Butter OEM - Peanut Butter Factory\",\"isPartOf\":{\"@id\":\"https:\/\/www.peanutoem.com\/#website\"},\"primaryImageOfPage\":{\"@id\":\"https:\/\/www.peanutoem.com\/manufacturer\/creamy-peanut-butter\/#primaryimage\"},\"image\":{\"@id\":\"https:\/\/www.peanutoem.com\/manufacturer\/creamy-peanut-butter\/#primaryimage\"},\"thumbnailUrl\":\"https:\/\/www.peanutoem.com\/wp-content\/uploads\/2023\/06\/Creamy-Peanut-Butter-in-jar.webp\",\"datePublished\":\"2023-06-08T07:51:40+00:00\",\"dateModified\":\"2024-09-28T07:06:47+00:00\",\"description\":\"As a leading OEM private label manufacturer, we offer premium creamy and smooth peanut butter with flexible packaging, certified to global standards.\",\"breadcrumb\":{\"@id\":\"https:\/\/www.peanutoem.com\/manufacturer\/creamy-peanut-butter\/#breadcrumb\"},\"inLanguage\":\"lt-LT\",\"potentialAction\":[{\"@type\":\"ReadAction\",\"target\":[\"https:\/\/www.peanutoem.com\/manufacturer\/creamy-peanut-butter\/\"]}]},{\"@type\":\"ImageObject\",\"inLanguage\":\"lt-LT\",\"@id\":\"https:\/\/www.peanutoem.com\/manufacturer\/creamy-peanut-butter\/#primaryimage\",\"url\":\"https:\/\/www.peanutoem.com\/wp-content\/uploads\/2023\/06\/Creamy-Peanut-Butter-in-jar.webp\",\"contentUrl\":\"https:\/\/www.peanutoem.com\/wp-content\/uploads\/2023\/06\/Creamy-Peanut-Butter-in-jar.webp\",\"width\":1000,\"height\":1000,\"caption\":\"Creamy Peanut Butter in jar\"},{\"@type\":\"BreadcrumbList\",\"@id\":\"https:\/\/www.peanutoem.com\/manufacturer\/creamy-peanut-butter\/#breadcrumb\",\"itemListElement\":[{\"@type\":\"ListItem\",\"position\":1,\"name\":\"Home\",\"item\":\"https:\/\/www.peanutoem.com\/\"},{\"@type\":\"ListItem\",\"position\":2,\"name\":\"Products\",\"item\":\"https:\/\/www.peanutoem.com\/shop\/\"},{\"@type\":\"ListItem\",\"position\":3,\"name\":\"Creamy Peanut Butter | Smooth Peanut Butter\"}]},{\"@type\":\"WebSite\",\"@id\":\"https:\/\/www.peanutoem.com\/#website\",\"url\":\"https:\/\/www.peanutoem.com\/\",\"name\":\"Peanut Butter Factory\",\"description\":\"Peanut Butter Manufacturer and Roast Peanut OEM Factory | Peanut Private Label China Supplier\",\"publisher\":{\"@id\":\"https:\/\/www.peanutoem.com\/#organization\"},\"alternateName\":\"Peanut Butter OEM and Wholesale\",\"potentialAction\":[{\"@type\":\"SearchAction\",\"target\":{\"@type\":\"EntryPoint\",\"urlTemplate\":\"https:\/\/www.peanutoem.com\/?s={search_term_string}\"},\"query-input\":{\"@type\":\"PropertyValueSpecification\",\"valueRequired\":true,\"valueName\":\"search_term_string\"}}],\"inLanguage\":\"lt-LT\"},{\"@type\":\"Organization\",\"@id\":\"https:\/\/www.peanutoem.com\/#organization\",\"name\":\"Peanut Butter Factory\",\"alternateName\":\"JuFeng Group\",\"url\":\"https:\/\/www.peanutoem.com\/\",\"logo\":{\"@type\":\"ImageObject\",\"inLanguage\":\"lt-LT\",\"@id\":\"https:\/\/www.peanutoem.com\/#\/schema\/logo\/image\/\",\"url\":\"https:\/\/www.peanutoem.com\/wp-content\/uploads\/2024\/09\/JUFENG-LOGO.png\",\"contentUrl\":\"https:\/\/www.peanutoem.com\/wp-content\/uploads\/2024\/09\/JUFENG-LOGO.png\",\"width\":600,\"height\":170,\"caption\":\"Peanut Butter Factory\"},\"image\":{\"@id\":\"https:\/\/www.peanutoem.com\/#\/schema\/logo\/image\/\"}}]}<\/script>\n<!-- \/ Yoast SEO plugin. -->","yoast_head_json":{"title":"Creamy Peanut Butter Manufacturer- Smooth Peanut Butter OEM - Peanut Butter Factory","description":"As a leading OEM private label manufacturer, we offer premium creamy and smooth peanut butter with flexible packaging, certified to global standards.","robots":{"index":"index","follow":"follow","max-snippet":"max-snippet:-1","max-image-preview":"max-image-preview:large","max-video-preview":"max-video-preview:-1"},"canonical":"https:\/\/www.peanutoem.com\/lt\/manufacturer\/creamy-peanut-butter\/","og_locale":"lt_LT","og_type":"article","og_title":"Creamy Peanut Butter Manufacturer- Smooth Peanut Butter OEM - Peanut Butter Factory","og_description":"As a leading OEM private label manufacturer, we offer premium creamy and smooth peanut butter with flexible packaging, certified to global standards.","og_url":"https:\/\/www.peanutoem.com\/lt\/manufacturer\/creamy-peanut-butter\/","og_site_name":"Peanut Butter Factory","article_modified_time":"2024-09-28T07:06:47+00:00","og_image":[{"width":1000,"height":1000,"url":"https:\/\/www.peanutoem.com\/wp-content\/uploads\/2023\/06\/Creamy-Peanut-Butter-in-jar.webp","type":"image\/webp"}],"twitter_card":"summary_large_image","twitter_misc":{"Est. reading time":"3 minut\u0117s"},"schema":{"@context":"https:\/\/schema.org","@graph":[{"@type":"WebPage","@id":"https:\/\/www.peanutoem.com\/manufacturer\/creamy-peanut-butter\/","url":"https:\/\/www.peanutoem.com\/manufacturer\/creamy-peanut-butter\/","name":"Creamy Peanut Butter Manufacturer- Smooth Peanut Butter OEM - Peanut Butter Factory","isPartOf":{"@id":"https:\/\/www.peanutoem.com\/#website"},"primaryImageOfPage":{"@id":"https:\/\/www.peanutoem.com\/manufacturer\/creamy-peanut-butter\/#primaryimage"},"image":{"@id":"https:\/\/www.peanutoem.com\/manufacturer\/creamy-peanut-butter\/#primaryimage"},"thumbnailUrl":"https:\/\/www.peanutoem.com\/wp-content\/uploads\/2023\/06\/Creamy-Peanut-Butter-in-jar.webp","datePublished":"2023-06-08T07:51:40+00:00","dateModified":"2024-09-28T07:06:47+00:00","description":"As a leading OEM private label manufacturer, we offer premium creamy and smooth peanut butter with flexible packaging, certified to global standards.","breadcrumb":{"@id":"https:\/\/www.peanutoem.com\/manufacturer\/creamy-peanut-butter\/#breadcrumb"},"inLanguage":"lt-LT","potentialAction":[{"@type":"ReadAction","target":["https:\/\/www.peanutoem.com\/manufacturer\/creamy-peanut-butter\/"]}]},{"@type":"ImageObject","inLanguage":"lt-LT","@id":"https:\/\/www.peanutoem.com\/manufacturer\/creamy-peanut-butter\/#primaryimage","url":"https:\/\/www.peanutoem.com\/wp-content\/uploads\/2023\/06\/Creamy-Peanut-Butter-in-jar.webp","contentUrl":"https:\/\/www.peanutoem.com\/wp-content\/uploads\/2023\/06\/Creamy-Peanut-Butter-in-jar.webp","width":1000,"height":1000,"caption":"Creamy Peanut Butter in jar"},{"@type":"BreadcrumbList","@id":"https:\/\/www.peanutoem.com\/manufacturer\/creamy-peanut-butter\/#breadcrumb","itemListElement":[{"@type":"ListItem","position":1,"name":"Home","item":"https:\/\/www.peanutoem.com\/"},{"@type":"ListItem","position":2,"name":"Products","item":"https:\/\/www.peanutoem.com\/shop\/"},{"@type":"ListItem","position":3,"name":"Creamy Peanut Butter | Smooth Peanut Butter"}]},{"@type":"WebSite","@id":"https:\/\/www.peanutoem.com\/#website","url":"https:\/\/www.peanutoem.com\/","name":"Peanut Butter Factory","description":"Peanut Butter Manufacturer and Roast Peanut OEM Factory | Peanut Private Label China Supplier","publisher":{"@id":"https:\/\/www.peanutoem.com\/#organization"},"alternateName":"Peanut Butter OEM and Wholesale","potentialAction":[{"@type":"SearchAction","target":{"@type":"EntryPoint","urlTemplate":"https:\/\/www.peanutoem.com\/?s={search_term_string}"},"query-input":{"@type":"PropertyValueSpecification","valueRequired":true,"valueName":"search_term_string"}}],"inLanguage":"lt-LT"},{"@type":"Organization","@id":"https:\/\/www.peanutoem.com\/#organization","name":"Peanut Butter Factory","alternateName":"JuFeng Group","url":"https:\/\/www.peanutoem.com\/","logo":{"@type":"ImageObject","inLanguage":"lt-LT","@id":"https:\/\/www.peanutoem.com\/#\/schema\/logo\/image\/","url":"https:\/\/www.peanutoem.com\/wp-content\/uploads\/2024\/09\/JUFENG-LOGO.png","contentUrl":"https:\/\/www.peanutoem.com\/wp-content\/uploads\/2024\/09\/JUFENG-LOGO.png","width":600,"height":170,"caption":"Peanut Butter Factory"},"image":{"@id":"https:\/\/www.peanutoem.com\/#\/schema\/logo\/image\/"}}]}},"_links":{"self":[{"href":"https:\/\/www.peanutoem.com\/lt\/wp-json\/wp\/v2\/product\/1397","targetHints":{"allow":["GET"]}}],"collection":[{"href":"https:\/\/www.peanutoem.com\/lt\/wp-json\/wp\/v2\/product"}],"about":[{"href":"https:\/\/www.peanutoem.com\/lt\/wp-json\/wp\/v2\/types\/product"}],"replies":[{"embeddable":true,"href":"https:\/\/www.peanutoem.com\/lt\/wp-json\/wp\/v2\/comments?post=1397"}],"wp:featuredmedia":[{"embeddable":true,"href":"https:\/\/www.peanutoem.com\/lt\/wp-json\/wp\/v2\/media\/1641"}],"wp:attachment":[{"href":"https:\/\/www.peanutoem.com\/lt\/wp-json\/wp\/v2\/media?parent=1397"}],"wp:term":[{"taxonomy":"product_cat","embeddable":true,"href":"https:\/\/www.peanutoem.com\/lt\/wp-json\/wp\/v2\/product_cat?post=1397"},{"taxonomy":"product_tag","embeddable":true,"href":"https:\/\/www.peanutoem.com\/lt\/wp-json\/wp\/v2\/product_tag?post=1397"}],"curies":[{"name":"wp","href":"https:\/\/api.w.org\/{rel}","templated":true}]}}