{"id":1402,"date":"2023-06-08T08:15:42","date_gmt":"2023-06-08T08:15:42","guid":{"rendered":"https:\/\/www.peanutoem.com\/?post_type=product&#038;p=1402"},"modified":"2024-09-28T06:53:33","modified_gmt":"2024-09-28T06:53:33","slug":"crunchy-peanut-butter","status":"publish","type":"product","link":"https:\/\/www.peanutoem.com\/lt\/manufacturer\/crunchy-peanut-butter\/","title":{"rendered":"Tra\u0161kus \u017eem\u0117s rie\u0161ut\u0173 sviestas | Pagal u\u017esakym\u0105 tra\u0161kus \u017eem\u0117s rie\u0161ut\u0173 sviestas"},"content":{"rendered":"<h3>Tra\u0161kus <a href=\"https:\/\/www.peanutoem.com\/lt\/Wholesale\/peanut-butter\/\" target=\"_blank\" rel=\"noopener\">\u017dem\u0117s rie\u0161ut\u0173 sviestas<\/a> \u2013 Auk\u0161\u010diausios kokyb\u0117s OEM priva\u010dios etiket\u0117s gamintojas<\/h3>\n<p>Did\u017eiuojam\u0117s, kad esame pirmaujantis OEM priva\u010di\u0173 preki\u0173 \u017eenkl\u0173 gamintojas, eksportuotojas ir auk\u0161tos kokyb\u0117s tra\u0161kaus \u017eem\u0117s rie\u0161ut\u0173 sviesto, kurio tekst\u016bra yra patenkinama, puikiai tinkanti tiek ma\u017emeninei prekybai, tiek pramonei, tiek\u0117ja. M\u016bs\u0173 gamybos galimyb\u0117s kartu su pritaikytomis galimyb\u0117mis leid\u017eia patenkinti unikalius prek\u0117s \u017eenkl\u0173 poreikius visame pasaulyje.<\/p>\n<h3>I\u0161pl\u0117stin\u0117 gamyba ir <a href=\"https:\/\/www.peanutoem.com\/lt\/certificate\/\" target=\"_blank\" rel=\"noopener\">Sertifikatai<\/a><\/h3>\n<p>M\u016bs\u0173 modernios patalpos yra pritaikytos didelio masto gamybai, i\u0161laikant grie\u017et\u0105 kokyb\u0117s kontrol\u0119. Tur\u0117dami tokius sertifikatus kaip HACCP, BRCGS, Halal, Kosher ir EU Organic, u\u017etikriname, kad m\u016bs\u0173 tra\u0161kus \u017eem\u0117s rie\u0161ut\u0173 sviestas atitikt\u0173 auk\u0161\u010diausius pasaulinius standartus. D\u0117l to esame pageidaujamas partneris \u012fmon\u0117ms, ie\u0161kan\u010dioms patikim\u0173 OEM ir priva\u010di\u0173 preki\u0173 \u017eenkl\u0173 sprendim\u0173.<\/p>\n<h3>Kas yra tra\u0161kus \u017eem\u0117s rie\u0161ut\u0173 sviestas?<\/h3>\n<p>Tra\u0161kiame \u017eem\u0117s rie\u0161ut\u0173 svieste yra ma\u017e\u0173 \u017eem\u0117s rie\u0161ut\u0173 granuli\u0173, kurios suteikia tekst\u016bruot\u0105 k\u0105sn\u012f ir sodr\u0173 \u017eem\u0117s rie\u0161ut\u0173 skon\u012f. \u0160i veisl\u0117 puikiai tinka vartotojams, kurie m\u0117gaujasi sodresniu \u017eem\u0117s rie\u0161ut\u0173 sviesto poj\u016b\u010diu, palyginti su lygiais arba kreminiais variantais. M\u016bs\u0173 granuliuotas \u017eem\u0117s rie\u0161ut\u0173 sviestas gaminamas naudojant pa\u010dius geriausius \u017eem\u0117s rie\u0161utus, tod\u0117l kiekviename stiklainyje u\u017etikrinamas vienodumas.<\/p>\n<p>Tra\u0161kus \u017eem\u0117s rie\u0161ut\u0173 sviestas taip pat gali b\u016bti vadinamas keliais kitais pavadinimais, atsi\u017evelgiant \u012f region\u0105 ar rinkodaros pasirinkim\u0105. Kai kurie alternatyv\u016bs pavadinimai:<\/p>\n<ol>\n<li><strong>Stambus \u017eem\u0117s rie\u0161ut\u0173 sviestas<\/strong> \u2013 Tai \u012fprastas terminas, ypa\u010d JAV, nurodantis t\u0105 pa\u010di\u0105 tekst\u016bruot\u0105 \u012fvairov\u0119.<\/li>\n<li><strong>Granulinio tipo \u017eem\u0117s rie\u0161ut\u0173 sviestas<\/strong> \u2013 Granuliuotos tekst\u016bros apra\u0161ymas, da\u017enai naudojamas techniniame ar pramoniniame kontekste.<\/li>\n<li><strong>Tekst\u016bruotas \u017eem\u0117s rie\u0161ut\u0173 sviestas<\/strong> \u2013 \u017dem\u0117s rie\u0161ut\u0173 gabal\u0117li\u0173 tekst\u016bros pary\u0161kinimas.<\/li>\n<li><strong>Rie\u0161utinis \u017eem\u0117s rie\u0161ut\u0173 sviestas<\/strong> \u2013 Kartais naudojamas \u017eem\u0117s rie\u0161ut\u0173 gabaliukams pabr\u0117\u017eti.<\/li>\n<\/ol>\n<p>\u0160ie pavadinimai da\u017enai kei\u010diami ir perteikia id\u0117j\u0105, kad \u017eem\u0117s rie\u0161ut\u0173 svieste yra ma\u017e\u0173 \u017eem\u0117s rie\u0161ut\u0173 gabal\u0117li\u0173 arba granuli\u0173.<\/p>\n<h3>Individual\u016bs privat\u016bs etiket\u0117s sprendimai tra\u0161kiam \u017eem\u0117s rie\u0161ut\u0173 sviestui<\/h3>\n<p>Kaip \u017einomas O\u012eG gamintojas, si\u016blome pritaikytas privataus prek\u0117s \u017eenklo paslaugas tra\u0161kiam \u017eem\u0117s rie\u0161ut\u0173 sviestui. Nesvarbu, ar jums reikia unikalios pakuot\u0117s, ar konkre\u010di\u0173 dyd\u017ei\u0173, si\u016blome lanks\u010dias parinktis, atitinkan\u010dias j\u016bs\u0173 prek\u0117s \u017eenklo poreikius. M\u016bs\u0173 komanda glaud\u017eiai bendradarbiauja su jumis, kad sukurt\u0173 produkt\u0105, kuris atitikt\u0173 j\u016bs\u0173 prek\u0117s \u017eenklo tapatyb\u0119 ir rinkos reikalavimus.<\/p>\n<h3>Pasaulinis granuliuoto \u017eem\u0117s rie\u0161ut\u0173 sviesto eksportuotojas ir tiek\u0117jas<\/h3>\n<p>Tur\u0117dami plat\u0173 eksporto tinkl\u0105 aptarnaujame klientus visame pasaulyje, tod\u0117l esame patikimi granulinio \u017eem\u0117s rie\u0161ut\u0173 sviesto eksportuotojai ir tiek\u0117jai. M\u016bs\u0173 efektyvi logistika u\u017etikrina pristatym\u0105 laiku, nesvarbu, ar jums reikia ma\u017e\u0173 partij\u0173, ar masini\u0173 u\u017esakym\u0173. Suprantame nuoseklumo ir patikimumo svarb\u0105 tarptautin\u0117se rinkose.<\/p>\n<h3>Kod\u0117l verta rinktis mus?<\/h3>\n<ul>\n<li><strong>Dideli gamybos paj\u0117gumai<\/strong>: didelio masto gamyba, pritaikyta j\u016bs\u0173 prek\u0117s \u017eenklui<\/li>\n<li><strong>Pasaulinis <a href=\"https:\/\/www.peanutoem.com\/lt\/certificate\/\" target=\"_blank\" rel=\"noopener\">Sertifikatai<\/a><\/strong>: \u012eskaitant RVASVT, BRCGS, Halal, Kosher ir kt<\/li>\n<li><strong>Lanks\u010dios originalios \u012frangos gamintoj\u0173 ir priva\u010di\u0173 \u017eenkl\u0173 parinktys<\/strong>: Pritaikoma pagal j\u016bs\u0173 specifikacijas<\/li>\n<li><strong>Patikimas eksportuotojas ir tiek\u0117jas<\/strong>: Aptarnaujame pasaulio rinkas su pastovia kokybe<\/li>\n<\/ul>\n<p>Esame pasireng\u0119 pateikti geriausio tra\u0161kaus \u017eem\u0117s rie\u0161ut\u0173 sviesto, naudodami lanks\u010dius O\u012eG ir priva\u010di\u0173 preki\u0173 \u017eenkl\u0173 sprendimus. Leiskite pad\u0117ti jums pristatyti auk\u0161\u010diausios kokyb\u0117s granuliuot\u0105 \u017eem\u0117s rie\u0161ut\u0173 sviest\u0105 savo klientams, daugiausia d\u0117mesio skirdami kokybei ir pritaikymui.<\/p>\n<a href=\"mailto:globepeanut@gmail.com\" class=\"button primary is-primary is-medium\"  >\n    <span>El. pa\u0161tu<\/span>\n  <\/a>","protected":false},"excerpt":{"rendered":"<table width=\"564\">\n<tbody>\n<tr>\n<td width=\"113\"><strong>Produkto pavadinimas<\/strong><\/td>\n<td width=\"402\">Tra\u0161kus \u017eem\u0117s rie\u0161ut\u0173 sviestas<\/td>\n<\/tr>\n<tr>\n<td width=\"113\"><strong>Ingredientai<\/strong><\/td>\n<td width=\"402\">Rinktiniai \u017eem\u0117s rie\u0161ut\u0173 branduoliai, baltasis cukrus, hidrintas augalinis aliejus, druska<\/td>\n<\/tr>\n<tr>\n<td width=\"113\"><strong>Specifikacijos<\/strong><\/td>\n<td width=\"402\">200 g x 36, 227 g x 24, 340 g x 12, 375 g x 12, 500 g x 12, 510 g x 12, 1 kg x 12, 10 kg x 1, 20 kg x 1, 220 kg x 1<\/td>\n<\/tr>\n<tr>\n<td width=\"113\"><strong>Pakavimo forma<\/strong><\/td>\n<td width=\"402\">Stiklainis, kibiras, Doy pakuot\u0117, krep\u0161ys, d\u0117\u017eut\u0117, skarda, statin\u0117, skardin\u0117, butelis ir kt<\/td>\n<\/tr>\n<tr>\n<td width=\"113\"><strong>Pristatymo laikas<\/strong><\/td>\n<td width=\"402\">7-20 dien\u0173 po u\u017esakymo<\/td>\n<\/tr>\n<tr>\n<td width=\"113\"><strong>MOQ<\/strong><\/td>\n<td width=\"402\">Viena tona<\/td>\n<\/tr>\n<tr>\n<td width=\"113\"><strong>Pavyzdys<\/strong><\/td>\n<td width=\"402\">Galimas nemokamas pavyzdys<\/td>\n<\/tr>\n<tr>\n<td width=\"113\"><strong>O\u012eG<\/strong><\/td>\n<td width=\"402\">Pirk\u0117jo etiket\u0117 priimta<\/td>\n<\/tr>\n<\/tbody>\n<\/table>","protected":false},"featured_media":1652,"comment_status":"open","ping_status":"closed","template":"","meta":[],"product_cat":[15],"product_tag":[],"class_list":{"0":"post-1402","1":"product","2":"type-product","3":"status-publish","4":"has-post-thumbnail","6":"product_cat-peanut-butter","8":"first","9":"instock","10":"featured","11":"shipping-taxable","12":"product-type-simple"},"yoast_head":"<!-- This site is optimized with the Yoast SEO plugin v24.9 - https:\/\/yoast.com\/wordpress\/plugins\/seo\/ -->\n<title>Crunchy Peanut Butter | Custom Crunchy Peanut Butter OEM - Peanut Butter Factory<\/title>\n<meta name=\"description\" content=\"As a leading private label manufacturer, Our crunchy peanut butter is made with delightful granule texture and customizable packaging.\" \/>\n<meta name=\"robots\" content=\"index, follow, max-snippet:-1, max-image-preview:large, max-video-preview:-1\" \/>\n<link rel=\"canonical\" href=\"https:\/\/www.peanutoem.com\/lt\/manufacturer\/crunchy-peanut-butter\/\" \/>\n<meta property=\"og:locale\" content=\"lt_LT\" \/>\n<meta property=\"og:type\" content=\"article\" \/>\n<meta property=\"og:title\" content=\"Crunchy Peanut Butter | Custom Crunchy Peanut Butter OEM - Peanut Butter Factory\" \/>\n<meta property=\"og:description\" content=\"As a leading private label manufacturer, Our crunchy peanut butter is made with delightful granule texture and customizable packaging.\" \/>\n<meta property=\"og:url\" content=\"https:\/\/www.peanutoem.com\/lt\/manufacturer\/crunchy-peanut-butter\/\" \/>\n<meta property=\"og:site_name\" content=\"Peanut Butter Factory\" \/>\n<meta property=\"article:modified_time\" content=\"2024-09-28T06:53:33+00:00\" \/>\n<meta property=\"og:image\" content=\"https:\/\/www.peanutoem.com\/wp-content\/uploads\/2023\/06\/Crunchy-Type-Peanut-Butter-340g.webp\" \/>\n\t<meta property=\"og:image:width\" content=\"1000\" \/>\n\t<meta property=\"og:image:height\" content=\"1000\" \/>\n\t<meta property=\"og:image:type\" content=\"image\/webp\" \/>\n<meta name=\"twitter:card\" content=\"summary_large_image\" \/>\n<meta name=\"twitter:label1\" content=\"Est. reading time\" \/>\n\t<meta name=\"twitter:data1\" content=\"3 minut\u0117s\" \/>\n<script type=\"application\/ld+json\" class=\"yoast-schema-graph\">{\"@context\":\"https:\/\/schema.org\",\"@graph\":[{\"@type\":\"WebPage\",\"@id\":\"https:\/\/www.peanutoem.com\/manufacturer\/crunchy-peanut-butter\/\",\"url\":\"https:\/\/www.peanutoem.com\/manufacturer\/crunchy-peanut-butter\/\",\"name\":\"Crunchy Peanut Butter | Custom Crunchy Peanut Butter OEM - Peanut Butter Factory\",\"isPartOf\":{\"@id\":\"https:\/\/www.peanutoem.com\/#website\"},\"primaryImageOfPage\":{\"@id\":\"https:\/\/www.peanutoem.com\/manufacturer\/crunchy-peanut-butter\/#primaryimage\"},\"image\":{\"@id\":\"https:\/\/www.peanutoem.com\/manufacturer\/crunchy-peanut-butter\/#primaryimage\"},\"thumbnailUrl\":\"https:\/\/www.peanutoem.com\/wp-content\/uploads\/2023\/06\/Crunchy-Type-Peanut-Butter-340g.webp\",\"datePublished\":\"2023-06-08T08:15:42+00:00\",\"dateModified\":\"2024-09-28T06:53:33+00:00\",\"description\":\"As a leading private label manufacturer, Our crunchy peanut butter is made with delightful granule texture and customizable packaging.\",\"breadcrumb\":{\"@id\":\"https:\/\/www.peanutoem.com\/manufacturer\/crunchy-peanut-butter\/#breadcrumb\"},\"inLanguage\":\"lt-LT\",\"potentialAction\":[{\"@type\":\"ReadAction\",\"target\":[\"https:\/\/www.peanutoem.com\/manufacturer\/crunchy-peanut-butter\/\"]}]},{\"@type\":\"ImageObject\",\"inLanguage\":\"lt-LT\",\"@id\":\"https:\/\/www.peanutoem.com\/manufacturer\/crunchy-peanut-butter\/#primaryimage\",\"url\":\"https:\/\/www.peanutoem.com\/wp-content\/uploads\/2023\/06\/Crunchy-Type-Peanut-Butter-340g.webp\",\"contentUrl\":\"https:\/\/www.peanutoem.com\/wp-content\/uploads\/2023\/06\/Crunchy-Type-Peanut-Butter-340g.webp\",\"width\":1000,\"height\":1000,\"caption\":\"Crunchy Type Peanut Butter 340g\"},{\"@type\":\"BreadcrumbList\",\"@id\":\"https:\/\/www.peanutoem.com\/manufacturer\/crunchy-peanut-butter\/#breadcrumb\",\"itemListElement\":[{\"@type\":\"ListItem\",\"position\":1,\"name\":\"Home\",\"item\":\"https:\/\/www.peanutoem.com\/\"},{\"@type\":\"ListItem\",\"position\":2,\"name\":\"Products\",\"item\":\"https:\/\/www.peanutoem.com\/shop\/\"},{\"@type\":\"ListItem\",\"position\":3,\"name\":\"Crunchy Peanut Butter | Custom Crunchy Peanut Butter\"}]},{\"@type\":\"WebSite\",\"@id\":\"https:\/\/www.peanutoem.com\/#website\",\"url\":\"https:\/\/www.peanutoem.com\/\",\"name\":\"Peanut Butter Factory\",\"description\":\"Peanut Butter Manufacturer and Roast Peanut OEM Factory | Peanut Private Label China Supplier\",\"publisher\":{\"@id\":\"https:\/\/www.peanutoem.com\/#organization\"},\"alternateName\":\"Peanut Butter OEM and Wholesale\",\"potentialAction\":[{\"@type\":\"SearchAction\",\"target\":{\"@type\":\"EntryPoint\",\"urlTemplate\":\"https:\/\/www.peanutoem.com\/?s={search_term_string}\"},\"query-input\":{\"@type\":\"PropertyValueSpecification\",\"valueRequired\":true,\"valueName\":\"search_term_string\"}}],\"inLanguage\":\"lt-LT\"},{\"@type\":\"Organization\",\"@id\":\"https:\/\/www.peanutoem.com\/#organization\",\"name\":\"Peanut Butter Factory\",\"alternateName\":\"JuFeng Group\",\"url\":\"https:\/\/www.peanutoem.com\/\",\"logo\":{\"@type\":\"ImageObject\",\"inLanguage\":\"lt-LT\",\"@id\":\"https:\/\/www.peanutoem.com\/#\/schema\/logo\/image\/\",\"url\":\"https:\/\/www.peanutoem.com\/wp-content\/uploads\/2024\/09\/JUFENG-LOGO.png\",\"contentUrl\":\"https:\/\/www.peanutoem.com\/wp-content\/uploads\/2024\/09\/JUFENG-LOGO.png\",\"width\":600,\"height\":170,\"caption\":\"Peanut Butter Factory\"},\"image\":{\"@id\":\"https:\/\/www.peanutoem.com\/#\/schema\/logo\/image\/\"}}]}<\/script>\n<!-- \/ Yoast SEO plugin. -->","yoast_head_json":{"title":"Crunchy Peanut Butter | Custom Crunchy Peanut Butter OEM - Peanut Butter Factory","description":"As a leading private label manufacturer, Our crunchy peanut butter is made with delightful granule texture and customizable packaging.","robots":{"index":"index","follow":"follow","max-snippet":"max-snippet:-1","max-image-preview":"max-image-preview:large","max-video-preview":"max-video-preview:-1"},"canonical":"https:\/\/www.peanutoem.com\/lt\/manufacturer\/crunchy-peanut-butter\/","og_locale":"lt_LT","og_type":"article","og_title":"Crunchy Peanut Butter | Custom Crunchy Peanut Butter OEM - Peanut Butter Factory","og_description":"As a leading private label manufacturer, Our crunchy peanut butter is made with delightful granule texture and customizable packaging.","og_url":"https:\/\/www.peanutoem.com\/lt\/manufacturer\/crunchy-peanut-butter\/","og_site_name":"Peanut Butter Factory","article_modified_time":"2024-09-28T06:53:33+00:00","og_image":[{"width":1000,"height":1000,"url":"https:\/\/www.peanutoem.com\/wp-content\/uploads\/2023\/06\/Crunchy-Type-Peanut-Butter-340g.webp","type":"image\/webp"}],"twitter_card":"summary_large_image","twitter_misc":{"Est. reading time":"3 minut\u0117s"},"schema":{"@context":"https:\/\/schema.org","@graph":[{"@type":"WebPage","@id":"https:\/\/www.peanutoem.com\/manufacturer\/crunchy-peanut-butter\/","url":"https:\/\/www.peanutoem.com\/manufacturer\/crunchy-peanut-butter\/","name":"Crunchy Peanut Butter | Custom Crunchy Peanut Butter OEM - Peanut Butter Factory","isPartOf":{"@id":"https:\/\/www.peanutoem.com\/#website"},"primaryImageOfPage":{"@id":"https:\/\/www.peanutoem.com\/manufacturer\/crunchy-peanut-butter\/#primaryimage"},"image":{"@id":"https:\/\/www.peanutoem.com\/manufacturer\/crunchy-peanut-butter\/#primaryimage"},"thumbnailUrl":"https:\/\/www.peanutoem.com\/wp-content\/uploads\/2023\/06\/Crunchy-Type-Peanut-Butter-340g.webp","datePublished":"2023-06-08T08:15:42+00:00","dateModified":"2024-09-28T06:53:33+00:00","description":"As a leading private label manufacturer, Our crunchy peanut butter is made with delightful granule texture and customizable packaging.","breadcrumb":{"@id":"https:\/\/www.peanutoem.com\/manufacturer\/crunchy-peanut-butter\/#breadcrumb"},"inLanguage":"lt-LT","potentialAction":[{"@type":"ReadAction","target":["https:\/\/www.peanutoem.com\/manufacturer\/crunchy-peanut-butter\/"]}]},{"@type":"ImageObject","inLanguage":"lt-LT","@id":"https:\/\/www.peanutoem.com\/manufacturer\/crunchy-peanut-butter\/#primaryimage","url":"https:\/\/www.peanutoem.com\/wp-content\/uploads\/2023\/06\/Crunchy-Type-Peanut-Butter-340g.webp","contentUrl":"https:\/\/www.peanutoem.com\/wp-content\/uploads\/2023\/06\/Crunchy-Type-Peanut-Butter-340g.webp","width":1000,"height":1000,"caption":"Crunchy Type Peanut Butter 340g"},{"@type":"BreadcrumbList","@id":"https:\/\/www.peanutoem.com\/manufacturer\/crunchy-peanut-butter\/#breadcrumb","itemListElement":[{"@type":"ListItem","position":1,"name":"Home","item":"https:\/\/www.peanutoem.com\/"},{"@type":"ListItem","position":2,"name":"Products","item":"https:\/\/www.peanutoem.com\/shop\/"},{"@type":"ListItem","position":3,"name":"Crunchy Peanut Butter | Custom Crunchy Peanut Butter"}]},{"@type":"WebSite","@id":"https:\/\/www.peanutoem.com\/#website","url":"https:\/\/www.peanutoem.com\/","name":"Peanut Butter Factory","description":"Peanut Butter Manufacturer and Roast Peanut OEM Factory | Peanut Private Label China Supplier","publisher":{"@id":"https:\/\/www.peanutoem.com\/#organization"},"alternateName":"Peanut Butter OEM and Wholesale","potentialAction":[{"@type":"SearchAction","target":{"@type":"EntryPoint","urlTemplate":"https:\/\/www.peanutoem.com\/?s={search_term_string}"},"query-input":{"@type":"PropertyValueSpecification","valueRequired":true,"valueName":"search_term_string"}}],"inLanguage":"lt-LT"},{"@type":"Organization","@id":"https:\/\/www.peanutoem.com\/#organization","name":"Peanut Butter Factory","alternateName":"JuFeng Group","url":"https:\/\/www.peanutoem.com\/","logo":{"@type":"ImageObject","inLanguage":"lt-LT","@id":"https:\/\/www.peanutoem.com\/#\/schema\/logo\/image\/","url":"https:\/\/www.peanutoem.com\/wp-content\/uploads\/2024\/09\/JUFENG-LOGO.png","contentUrl":"https:\/\/www.peanutoem.com\/wp-content\/uploads\/2024\/09\/JUFENG-LOGO.png","width":600,"height":170,"caption":"Peanut Butter Factory"},"image":{"@id":"https:\/\/www.peanutoem.com\/#\/schema\/logo\/image\/"}}]}},"_links":{"self":[{"href":"https:\/\/www.peanutoem.com\/lt\/wp-json\/wp\/v2\/product\/1402","targetHints":{"allow":["GET"]}}],"collection":[{"href":"https:\/\/www.peanutoem.com\/lt\/wp-json\/wp\/v2\/product"}],"about":[{"href":"https:\/\/www.peanutoem.com\/lt\/wp-json\/wp\/v2\/types\/product"}],"replies":[{"embeddable":true,"href":"https:\/\/www.peanutoem.com\/lt\/wp-json\/wp\/v2\/comments?post=1402"}],"wp:featuredmedia":[{"embeddable":true,"href":"https:\/\/www.peanutoem.com\/lt\/wp-json\/wp\/v2\/media\/1652"}],"wp:attachment":[{"href":"https:\/\/www.peanutoem.com\/lt\/wp-json\/wp\/v2\/media?parent=1402"}],"wp:term":[{"taxonomy":"product_cat","embeddable":true,"href":"https:\/\/www.peanutoem.com\/lt\/wp-json\/wp\/v2\/product_cat?post=1402"},{"taxonomy":"product_tag","embeddable":true,"href":"https:\/\/www.peanutoem.com\/lt\/wp-json\/wp\/v2\/product_tag?post=1402"}],"curies":[{"name":"wp","href":"https:\/\/api.w.org\/{rel}","templated":true}]}}