{"id":1543,"date":"2024-09-02T13:37:15","date_gmt":"2024-09-02T13:37:15","guid":{"rendered":"https:\/\/www.peanutoem.com\/?post_type=product&#038;p=1543"},"modified":"2024-09-28T06:03:37","modified_gmt":"2024-09-28T06:03:37","slug":"pure-peanut-butter","status":"publish","type":"product","link":"https:\/\/www.peanutoem.com\/lt\/manufacturer\/pure-peanut-butter\/","title":{"rendered":"Grynas \u017eem\u0117s rie\u0161ut\u0173 sviestas"},"content":{"rendered":"<h3>Grynas \u017eem\u0117s rie\u0161ut\u0173 sviestas \u2013 pirmaujantis O\u012eG tiek\u0117jas ir priva\u010di\u0173 preki\u0173 \u017eenkl\u0173 gamintojas<\/h3>\n<p>Mes specializuojam\u0117s gryno \u017eem\u0117s rie\u0161ut\u0173 sviesto gamyboje ir tiekime kaip patikimas O\u012eG tiek\u0117jas, priva\u010di\u0173 preki\u0173 \u017eenkl\u0173 gamintojas ir eksportuotojas. M\u016bs\u0173 gaminiai yra pagaminti i\u0161 100% \u017eem\u0117s rie\u0161ut\u0173, tod\u0117l j\u016bs\u0173 prek\u0117s \u017eenklas u\u017etikrina neprilygstam\u0105 kokyb\u0119 ir autenti\u0161kum\u0105. Tur\u0117dami pa\u017eangias gamybos galimybes ir pasaulinius sertifikatus, mes pritaikome \u017eem\u0117s rie\u0161ut\u0173 sviesto sprendimus pagal j\u016bs\u0173 konkre\u010dius reikalavimus.<\/p>\n<h3>Kas yra grynas \u017eem\u0117s rie\u0161ut\u0173 sviestas?<\/h3>\n<p><strong>Grynas <a href=\"https:\/\/www.peanutoem.com\/lt\/Wholesale\/peanut-butter\/\" target=\"_blank\" rel=\"noopener\">\u017eem\u0117s rie\u0161ut\u0173 sviestas<\/a><\/strong> pagamintas i\u0161 100% <a href=\"https:\/\/en.wikipedia.org\/wiki\/Peanut\" target=\"_blank\" rel=\"noopener\">\u017eem\u0117s rie\u0161ut\u0173<\/a>, be joki\u0173 prid\u0117tini\u0173 cukr\u0173, aliej\u0173 ar konservant\u0173. Jis si\u016blo nat\u016bral\u0173, neapdorot\u0105 skon\u012f, kuris patinka sveikatai besir\u016bpinantiems vartotojams. \u0160io tipo \u017eem\u0117s rie\u0161ut\u0173 sviestas i\u0161laiko sodr\u0173 skon\u012f ir nat\u016bral\u0173 \u017eem\u0117s rie\u0161ut\u0173 aliej\u0173, tod\u0117l yra populiarus pasirinkimas ie\u0161kantiems \u0161vari\u0173 produkt\u0173.<\/p>\n<h3>Kokie yra kiti gryno \u017eem\u0117s rie\u0161ut\u0173 sviesto pavadinimai?<\/h3>\n<p>Jis taip pat \u017einomas skirtingais pavadinimais \u012fvairiuose regionuose ir pramon\u0117s \u0161akose. Kai kurie da\u017eniausiai pasitaikantys alternatyv\u016bs pavadinimai:<\/p>\n<ul>\n<li><strong>Nat\u016bralus \u017eem\u0117s rie\u0161ut\u0173 sviestas<\/strong><\/li>\n<li><strong>Nesaldintas \u017eem\u0117s rie\u0161ut\u0173 sviestas<\/strong><\/li>\n<li><strong>\u017dem\u0117s rie\u0161ut\u0173 sviestas be pried\u0173<\/strong><\/li>\n<li><strong>100% \u017eem\u0117s rie\u0161ut\u0173 sviestas<\/strong><\/li>\n<\/ul>\n<p>\u0160ie pavadinimai pabr\u0117\u017eia papildom\u0173 ingredient\u0173 nebuvim\u0105, pabr\u0117\u017eiant produkto grynum\u0105.<\/p>\n<h3>Kod\u0117l verta rinktis mus savo tiek\u0117ju?<\/h3>\n<p>Kaip pirmaujantis O\u012eG tiek\u0117jas ir priva\u010di\u0173 preki\u0173 \u017eenkl\u0173 gamintojas, si\u016blome:<\/p>\n<ul>\n<li><strong>Auk\u0161tos kokyb\u0117s produktai:<\/strong> M\u016bs\u0173 gryname \u017eem\u0117s rie\u0161ut\u0173 svieste yra 100% atrinkt\u0173 \u017eem\u0117s rie\u0161ut\u0173, be prid\u0117tini\u0173 cukr\u0173, aliej\u0173 ar konservant\u0173.<\/li>\n<li><strong>Pritaikomi sprendimai:<\/strong> Si\u016blome lanks\u010dias pakavimo galimybes, \u012fskaitant stiklainius, skardines ir kibirus, \u012fvairi\u0173 dyd\u017ei\u0173, kad atitiktume rinkos poreikius.<\/li>\n<li><strong>Pasaulinis <a href=\"https:\/\/www.peanutoem.com\/lt\/certificate\/\" target=\"_blank\" rel=\"noopener\">Sertifikatai<\/a>:<\/strong> M\u016bs\u0173 sertifikatai, \u012fskaitant HACCP, BRCGS, Halal ir Kosher, u\u017etikrina produkt\u0173 saug\u0105 ir auk\u0161\u010diausi\u0105 kokyb\u0119.<\/li>\n<li><strong>Didelis gamybos paj\u0117gumas:<\/strong> Galime efektyviai vykdyti tiek smulkius, tiek masinius u\u017esakymus, patenkindami \u012fvairius klient\u0173 poreikius.<\/li>\n<li><strong>Pasaulinio eksporto patirtis:<\/strong> Turime didel\u0119 patirt\u012f tiekiant auk\u0161tos kokyb\u0117s \u017eem\u0117s rie\u0161ut\u0173 sviest\u0105 klientams visame pasaulyje.<\/li>\n<\/ul>\n<h3>DUK apie m\u016bs\u0173, kaip gamintojo ir didmenin\u0117s prekybos, vaidmen\u012f<\/h3>\n<ol>\n<li><strong>Kod\u0117l esate pirmaujantis O\u012eG tiek\u0117jas \u017eem\u0117s rie\u0161ut\u0173 sviesto pramon\u0117je?<\/strong><br \/>\nGaminame \u017eem\u0117s rie\u0161ut\u0173 sviest\u0105 preki\u0173 \u017eenklams pagal j\u0173 pa\u010di\u0173 etiket\u0119, u\u017etikrindami individualius produkt\u0173 sprendimus.<\/li>\n<li><strong>Ar si\u016blote priva\u010di\u0173 preki\u0173 \u017eenkl\u0173 paslaugas?<\/strong><br \/>\nTaip, mes specializuojam\u0117s teikiant lanks\u010dius priva\u010di\u0173 preki\u0173 \u017eenkl\u0173 sprendimus, kurie pad\u0117s jums sukurti firmin\u012f \u017eem\u0117s rie\u0161ut\u0173 sviest\u0105.<\/li>\n<li><strong>Kokius ingredientus naudojate?<\/strong><br \/>\nM\u016bs\u0173 grynas \u017eem\u0117s rie\u0161ut\u0173 sviestas susideda i\u0161 100% atrinkt\u0173 \u017eem\u0117s rie\u0161ut\u0173, be joki\u0173 prid\u0117tini\u0173 cukr\u0173, aliej\u0173 ar konservant\u0173.<\/li>\n<li><strong>Kaip galiu pritaikyti savo pakuot\u0119?<\/strong><br \/>\nGalite rinktis i\u0161 \u012fvairi\u0173 pakuo\u010di\u0173 variant\u0173 ir dyd\u017ei\u0173, pritaikyt\u0173 j\u016bs\u0173 poreikiams nuo ma\u017emenin\u0117s iki urmu.<\/li>\n<li><strong>Koks yra minimalus u\u017esakymo kiekis (MOQ)?<\/strong><br \/>\nMOQ yra viena tona, suteikianti lankstumo tiek ma\u017eoms, tiek didel\u0117ms \u012fmon\u0117ms.<\/li>\n<li><strong>Kuo j\u016bs\u0173 grynas \u017eem\u0117s rie\u0161ut\u0173 sviestas i\u0161siskiria?<\/strong><br \/>\nM\u016bs\u0173 \u012fsipareigojimas kokybei, pasauliniai sertifikatai ir pritaikyti priva\u010di\u0173 preki\u0173 \u017eenkl\u0173 sprendimai i\u0161skiria mus i\u0161 konkurent\u0173.<\/li>\n<li><strong>Kiek laiko u\u017etrunka u\u017esakymo apdorojimas?<\/strong><br \/>\nPristatymo laikas svyruoja nuo 7 iki 20 dien\u0173, priklausomai nuo u\u017esakymo dyd\u017eio ir pakuot\u0117s reikalavim\u0173.<\/li>\n<li><strong>Ar galiu papra\u0161yti pavyzd\u017ei\u0173 prie\u0161 pateikdamas u\u017esakym\u0105?<\/strong><br \/>\nTaip, mes si\u016blome nemokamus m\u016bs\u0173 gryno \u017eem\u0117s rie\u0161ut\u0173 sviesto pavyzd\u017eius, kad gal\u0117tume \u012fvertinti kokyb\u0119 prie\u0161 pateikdami masin\u012f u\u017esakym\u0105.<\/li>\n<li><strong>Ar eksportuojate visame pasaulyje?<\/strong><br \/>\nabsoliu\u010diai! Esame patyr\u0119 eksportuodami auk\u0161tos kokyb\u0117s gryn\u0105 \u017eem\u0117s rie\u0161ut\u0173 sviest\u0105 klientams visame pasaulyje.<\/li>\n<\/ol>\n<h3>Kod\u0117l grynas \u017eem\u0117s rie\u0161ut\u0173 sviestas?<\/h3>\n<p>Grynas \u017eem\u0117s rie\u0161ut\u0173 sviestas yra geriausias pasirinkimas sveikai besir\u016bpinantiems vartotojams, ie\u0161kantiems nat\u016bralaus produkto be pried\u0173. Jame gausu baltym\u0173, sveik\u0173j\u0173 riebal\u0173 ir pagrindini\u0173 maistini\u0173 med\u017eiag\u0173, tod\u0117l jis yra universalus ingredientas virtuv\u0117se visame pasaulyje. Kadangi vartotojai vis daugiau d\u0117mesio skiria \u0161varioms etiket\u0117ms, 100% \u017eem\u0117s rie\u0161ut\u0173 pagrindu pagamint\u0173 produkt\u0173 paklausa ir toliau auga.<\/p>\n<p>U\u017etikriname, kad m\u016bs\u0173 grynas \u017eem\u0117s rie\u0161ut\u0173 sviestas atitikt\u0173 \u0161iuos reikalavimus, o gaminys b\u016bt\u0173 kuo artimesnis gamtai ir b\u016bt\u0173 visi\u0161kai pritaikomas pagal j\u016bs\u0173 prek\u0117s \u017eenklo poreikius. Nesvarbu, ar norite i\u0161pl\u0117sti savo prek\u0117s \u017eenklo pasi\u016bl\u0105, ar patekti \u012f naujas rinkas, turime pakankamai paj\u0117gum\u0173, patirties ir sertifikat\u0173, kad tai \u012fvykt\u0173.<\/p>\n<a href=\"mailto:globepeanut@gmail.com\" class=\"button primary is-primary is-medium\"  >\n    <span>El. pa\u0161tu<\/span>\n  <\/a>","protected":false},"excerpt":{"rendered":"<table width=\"564\">\n<tbody>\n<tr>\n<td width=\"113\"><strong>Produkto pavadinimas<\/strong><\/td>\n<td width=\"402\">Grynas \u017eem\u0117s rie\u0161ut\u0173 sviestas<\/td>\n<\/tr>\n<tr>\n<td width=\"113\"><strong>Ingredientai<\/strong><\/td>\n<td width=\"402\">Pasirinktas \u017eem\u0117s rie\u0161ut\u0173 sviestas<\/td>\n<\/tr>\n<tr>\n<td width=\"113\"><strong>Specifikacijos<\/strong><\/td>\n<td width=\"402\">10 kg x 1, 20 kg x 1, 22 kg x 1 220 kg x 1<\/td>\n<\/tr>\n<tr>\n<td width=\"113\"><strong>Pakavimo forma<\/strong><\/td>\n<td width=\"402\">Stiklainis, kibiras, krep\u0161ys, d\u0117\u017eut\u0117, statin\u0117, butelis ir kt<\/td>\n<\/tr>\n<tr>\n<td width=\"113\"><strong>Pristatymo laikas<\/strong><\/td>\n<td width=\"402\">7-20 dien\u0173 po u\u017esakymo<\/td>\n<\/tr>\n<tr>\n<td width=\"113\"><strong>MOQ<\/strong><\/td>\n<td width=\"402\">Viena tona<\/td>\n<\/tr>\n<tr>\n<td width=\"113\"><strong>Pavyzdys<\/strong><\/td>\n<td width=\"402\">Galimas nemokamas pavyzdys<\/td>\n<\/tr>\n<tr>\n<td width=\"113\"><strong>O\u012eG<\/strong><\/td>\n<td width=\"402\">Pirk\u0117jo etiket\u0117 priimta<\/td>\n<\/tr>\n<\/tbody>\n<\/table>","protected":false},"featured_media":1659,"comment_status":"open","ping_status":"closed","template":"","meta":[],"product_cat":[15],"product_tag":[],"class_list":{"0":"post-1543","1":"product","2":"type-product","3":"status-publish","4":"has-post-thumbnail","6":"product_cat-peanut-butter","8":"first","9":"instock","10":"shipping-taxable","11":"product-type-simple"},"yoast_head":"<!-- This site is optimized with the Yoast SEO plugin v24.9 - https:\/\/yoast.com\/wordpress\/plugins\/seo\/ -->\n<title>Pure Peanut Butter OEM Producer - Peanut Butter Factory<\/title>\n<meta name=\"description\" content=\"As a top OEM manufacturer and exporter, we supply pure peanut butter made from 100% peanuts. Customizable private label solutions for your business needs.\" \/>\n<meta name=\"robots\" content=\"index, follow, max-snippet:-1, max-image-preview:large, max-video-preview:-1\" \/>\n<link rel=\"canonical\" href=\"https:\/\/www.peanutoem.com\/lt\/manufacturer\/pure-peanut-butter\/\" \/>\n<meta property=\"og:locale\" content=\"lt_LT\" \/>\n<meta property=\"og:type\" content=\"article\" \/>\n<meta property=\"og:title\" content=\"Pure Peanut Butter OEM Producer - Peanut Butter Factory\" \/>\n<meta property=\"og:description\" content=\"As a top OEM manufacturer and exporter, we supply pure peanut butter made from 100% peanuts. Customizable private label solutions for your business needs.\" \/>\n<meta property=\"og:url\" content=\"https:\/\/www.peanutoem.com\/lt\/manufacturer\/pure-peanut-butter\/\" \/>\n<meta property=\"og:site_name\" content=\"Peanut Butter Factory\" \/>\n<meta property=\"article:modified_time\" content=\"2024-09-28T06:03:37+00:00\" \/>\n<meta property=\"og:image\" content=\"https:\/\/www.peanutoem.com\/wp-content\/uploads\/2024\/09\/Pure-Peanut-Butter-OEM-Supplier.webp\" \/>\n\t<meta property=\"og:image:width\" content=\"1000\" \/>\n\t<meta property=\"og:image:height\" content=\"1000\" \/>\n\t<meta property=\"og:image:type\" content=\"image\/webp\" \/>\n<meta name=\"twitter:card\" content=\"summary_large_image\" \/>\n<meta name=\"twitter:label1\" content=\"Est. reading time\" \/>\n\t<meta name=\"twitter:data1\" content=\"3 minut\u0117s\" \/>\n<script type=\"application\/ld+json\" class=\"yoast-schema-graph\">{\"@context\":\"https:\/\/schema.org\",\"@graph\":[{\"@type\":\"WebPage\",\"@id\":\"https:\/\/www.peanutoem.com\/manufacturer\/pure-peanut-butter\/\",\"url\":\"https:\/\/www.peanutoem.com\/manufacturer\/pure-peanut-butter\/\",\"name\":\"Pure Peanut Butter OEM Producer - Peanut Butter Factory\",\"isPartOf\":{\"@id\":\"https:\/\/www.peanutoem.com\/#website\"},\"primaryImageOfPage\":{\"@id\":\"https:\/\/www.peanutoem.com\/manufacturer\/pure-peanut-butter\/#primaryimage\"},\"image\":{\"@id\":\"https:\/\/www.peanutoem.com\/manufacturer\/pure-peanut-butter\/#primaryimage\"},\"thumbnailUrl\":\"https:\/\/www.peanutoem.com\/wp-content\/uploads\/2024\/09\/Pure-Peanut-Butter-OEM-Supplier.webp\",\"datePublished\":\"2024-09-02T13:37:15+00:00\",\"dateModified\":\"2024-09-28T06:03:37+00:00\",\"description\":\"As a top OEM manufacturer and exporter, we supply pure peanut butter made from 100% peanuts. Customizable private label solutions for your business needs.\",\"breadcrumb\":{\"@id\":\"https:\/\/www.peanutoem.com\/manufacturer\/pure-peanut-butter\/#breadcrumb\"},\"inLanguage\":\"lt-LT\",\"potentialAction\":[{\"@type\":\"ReadAction\",\"target\":[\"https:\/\/www.peanutoem.com\/manufacturer\/pure-peanut-butter\/\"]}]},{\"@type\":\"ImageObject\",\"inLanguage\":\"lt-LT\",\"@id\":\"https:\/\/www.peanutoem.com\/manufacturer\/pure-peanut-butter\/#primaryimage\",\"url\":\"https:\/\/www.peanutoem.com\/wp-content\/uploads\/2024\/09\/Pure-Peanut-Butter-OEM-Supplier.webp\",\"contentUrl\":\"https:\/\/www.peanutoem.com\/wp-content\/uploads\/2024\/09\/Pure-Peanut-Butter-OEM-Supplier.webp\",\"width\":1000,\"height\":1000,\"caption\":\"Pure Peanut Butter OEM Supplier\"},{\"@type\":\"BreadcrumbList\",\"@id\":\"https:\/\/www.peanutoem.com\/manufacturer\/pure-peanut-butter\/#breadcrumb\",\"itemListElement\":[{\"@type\":\"ListItem\",\"position\":1,\"name\":\"Home\",\"item\":\"https:\/\/www.peanutoem.com\/\"},{\"@type\":\"ListItem\",\"position\":2,\"name\":\"Products\",\"item\":\"https:\/\/www.peanutoem.com\/shop\/\"},{\"@type\":\"ListItem\",\"position\":3,\"name\":\"Pure Peanut Butter\"}]},{\"@type\":\"WebSite\",\"@id\":\"https:\/\/www.peanutoem.com\/#website\",\"url\":\"https:\/\/www.peanutoem.com\/\",\"name\":\"Peanut Butter Factory\",\"description\":\"Peanut Butter Manufacturer and Roast Peanut OEM Factory | Peanut Private Label China Supplier\",\"publisher\":{\"@id\":\"https:\/\/www.peanutoem.com\/#organization\"},\"alternateName\":\"Peanut Butter OEM and Wholesale\",\"potentialAction\":[{\"@type\":\"SearchAction\",\"target\":{\"@type\":\"EntryPoint\",\"urlTemplate\":\"https:\/\/www.peanutoem.com\/?s={search_term_string}\"},\"query-input\":{\"@type\":\"PropertyValueSpecification\",\"valueRequired\":true,\"valueName\":\"search_term_string\"}}],\"inLanguage\":\"lt-LT\"},{\"@type\":\"Organization\",\"@id\":\"https:\/\/www.peanutoem.com\/#organization\",\"name\":\"Peanut Butter Factory\",\"alternateName\":\"JuFeng Group\",\"url\":\"https:\/\/www.peanutoem.com\/\",\"logo\":{\"@type\":\"ImageObject\",\"inLanguage\":\"lt-LT\",\"@id\":\"https:\/\/www.peanutoem.com\/#\/schema\/logo\/image\/\",\"url\":\"https:\/\/www.peanutoem.com\/wp-content\/uploads\/2024\/09\/JUFENG-LOGO.png\",\"contentUrl\":\"https:\/\/www.peanutoem.com\/wp-content\/uploads\/2024\/09\/JUFENG-LOGO.png\",\"width\":600,\"height\":170,\"caption\":\"Peanut Butter Factory\"},\"image\":{\"@id\":\"https:\/\/www.peanutoem.com\/#\/schema\/logo\/image\/\"}}]}<\/script>\n<!-- \/ Yoast SEO plugin. -->","yoast_head_json":{"title":"Pure Peanut Butter OEM Producer - Peanut Butter Factory","description":"As a top OEM manufacturer and exporter, we supply pure peanut butter made from 100% peanuts. Customizable private label solutions for your business needs.","robots":{"index":"index","follow":"follow","max-snippet":"max-snippet:-1","max-image-preview":"max-image-preview:large","max-video-preview":"max-video-preview:-1"},"canonical":"https:\/\/www.peanutoem.com\/lt\/manufacturer\/pure-peanut-butter\/","og_locale":"lt_LT","og_type":"article","og_title":"Pure Peanut Butter OEM Producer - Peanut Butter Factory","og_description":"As a top OEM manufacturer and exporter, we supply pure peanut butter made from 100% peanuts. Customizable private label solutions for your business needs.","og_url":"https:\/\/www.peanutoem.com\/lt\/manufacturer\/pure-peanut-butter\/","og_site_name":"Peanut Butter Factory","article_modified_time":"2024-09-28T06:03:37+00:00","og_image":[{"width":1000,"height":1000,"url":"https:\/\/www.peanutoem.com\/wp-content\/uploads\/2024\/09\/Pure-Peanut-Butter-OEM-Supplier.webp","type":"image\/webp"}],"twitter_card":"summary_large_image","twitter_misc":{"Est. reading time":"3 minut\u0117s"},"schema":{"@context":"https:\/\/schema.org","@graph":[{"@type":"WebPage","@id":"https:\/\/www.peanutoem.com\/manufacturer\/pure-peanut-butter\/","url":"https:\/\/www.peanutoem.com\/manufacturer\/pure-peanut-butter\/","name":"Pure Peanut Butter OEM Producer - Peanut Butter Factory","isPartOf":{"@id":"https:\/\/www.peanutoem.com\/#website"},"primaryImageOfPage":{"@id":"https:\/\/www.peanutoem.com\/manufacturer\/pure-peanut-butter\/#primaryimage"},"image":{"@id":"https:\/\/www.peanutoem.com\/manufacturer\/pure-peanut-butter\/#primaryimage"},"thumbnailUrl":"https:\/\/www.peanutoem.com\/wp-content\/uploads\/2024\/09\/Pure-Peanut-Butter-OEM-Supplier.webp","datePublished":"2024-09-02T13:37:15+00:00","dateModified":"2024-09-28T06:03:37+00:00","description":"As a top OEM manufacturer and exporter, we supply pure peanut butter made from 100% peanuts. Customizable private label solutions for your business needs.","breadcrumb":{"@id":"https:\/\/www.peanutoem.com\/manufacturer\/pure-peanut-butter\/#breadcrumb"},"inLanguage":"lt-LT","potentialAction":[{"@type":"ReadAction","target":["https:\/\/www.peanutoem.com\/manufacturer\/pure-peanut-butter\/"]}]},{"@type":"ImageObject","inLanguage":"lt-LT","@id":"https:\/\/www.peanutoem.com\/manufacturer\/pure-peanut-butter\/#primaryimage","url":"https:\/\/www.peanutoem.com\/wp-content\/uploads\/2024\/09\/Pure-Peanut-Butter-OEM-Supplier.webp","contentUrl":"https:\/\/www.peanutoem.com\/wp-content\/uploads\/2024\/09\/Pure-Peanut-Butter-OEM-Supplier.webp","width":1000,"height":1000,"caption":"Pure Peanut Butter OEM Supplier"},{"@type":"BreadcrumbList","@id":"https:\/\/www.peanutoem.com\/manufacturer\/pure-peanut-butter\/#breadcrumb","itemListElement":[{"@type":"ListItem","position":1,"name":"Home","item":"https:\/\/www.peanutoem.com\/"},{"@type":"ListItem","position":2,"name":"Products","item":"https:\/\/www.peanutoem.com\/shop\/"},{"@type":"ListItem","position":3,"name":"Pure Peanut Butter"}]},{"@type":"WebSite","@id":"https:\/\/www.peanutoem.com\/#website","url":"https:\/\/www.peanutoem.com\/","name":"Peanut Butter Factory","description":"Peanut Butter Manufacturer and Roast Peanut OEM Factory | Peanut Private Label China Supplier","publisher":{"@id":"https:\/\/www.peanutoem.com\/#organization"},"alternateName":"Peanut Butter OEM and Wholesale","potentialAction":[{"@type":"SearchAction","target":{"@type":"EntryPoint","urlTemplate":"https:\/\/www.peanutoem.com\/?s={search_term_string}"},"query-input":{"@type":"PropertyValueSpecification","valueRequired":true,"valueName":"search_term_string"}}],"inLanguage":"lt-LT"},{"@type":"Organization","@id":"https:\/\/www.peanutoem.com\/#organization","name":"Peanut Butter Factory","alternateName":"JuFeng Group","url":"https:\/\/www.peanutoem.com\/","logo":{"@type":"ImageObject","inLanguage":"lt-LT","@id":"https:\/\/www.peanutoem.com\/#\/schema\/logo\/image\/","url":"https:\/\/www.peanutoem.com\/wp-content\/uploads\/2024\/09\/JUFENG-LOGO.png","contentUrl":"https:\/\/www.peanutoem.com\/wp-content\/uploads\/2024\/09\/JUFENG-LOGO.png","width":600,"height":170,"caption":"Peanut Butter Factory"},"image":{"@id":"https:\/\/www.peanutoem.com\/#\/schema\/logo\/image\/"}}]}},"_links":{"self":[{"href":"https:\/\/www.peanutoem.com\/lt\/wp-json\/wp\/v2\/product\/1543","targetHints":{"allow":["GET"]}}],"collection":[{"href":"https:\/\/www.peanutoem.com\/lt\/wp-json\/wp\/v2\/product"}],"about":[{"href":"https:\/\/www.peanutoem.com\/lt\/wp-json\/wp\/v2\/types\/product"}],"replies":[{"embeddable":true,"href":"https:\/\/www.peanutoem.com\/lt\/wp-json\/wp\/v2\/comments?post=1543"}],"wp:featuredmedia":[{"embeddable":true,"href":"https:\/\/www.peanutoem.com\/lt\/wp-json\/wp\/v2\/media\/1659"}],"wp:attachment":[{"href":"https:\/\/www.peanutoem.com\/lt\/wp-json\/wp\/v2\/media?parent=1543"}],"wp:term":[{"taxonomy":"product_cat","embeddable":true,"href":"https:\/\/www.peanutoem.com\/lt\/wp-json\/wp\/v2\/product_cat?post=1543"},{"taxonomy":"product_tag","embeddable":true,"href":"https:\/\/www.peanutoem.com\/lt\/wp-json\/wp\/v2\/product_tag?post=1543"}],"curies":[{"name":"wp","href":"https:\/\/api.w.org\/{rel}","templated":true}]}}