{"id":1545,"date":"2024-09-02T13:38:22","date_gmt":"2024-09-02T13:38:22","guid":{"rendered":"https:\/\/www.peanutoem.com\/?post_type=product&#038;p=1545"},"modified":"2024-09-28T05:39:23","modified_gmt":"2024-09-28T05:39:23","slug":"stabilized-peanut-butter","status":"publish","type":"product","link":"https:\/\/www.peanutoem.com\/lt\/manufacturer\/stabilized-peanut-butter\/","title":{"rendered":"Stabilizuotas \u017eem\u0117s rie\u0161ut\u0173 sviestas"},"content":{"rendered":"<h3>Kas yra stabilizuotas \u017eem\u0117s rie\u0161ut\u0173 sviestas?<\/h3>\n<p>Stabilizuotas <a href=\"https:\/\/www.peanutoem.com\/lt\/Wholesale\/peanut-butter\/\" target=\"_blank\" rel=\"noopener\">\u017eem\u0117s rie\u0161ut\u0173 sviestas<\/a> yra specialiai sukurta <a href=\"https:\/\/en.wikipedia.org\/wiki\/Peanut\" target=\"_blank\" rel=\"noopener\">\u017eem\u0117s rie\u0161ut\u0173<\/a> sviestas, kuris laikui b\u0117gant i\u0161laiko \u0161ilkin\u0119, kremin\u0119 tekst\u016br\u0105 be aliejaus ir vandens atsiskyrimo, kuris atsiranda laikui b\u0117gant. Skirtingai nuo \u012fprasto nat\u016bralaus \u017eem\u0117s rie\u0161ut\u0173 sviesto, kuris nat\u016braliai i\u0161siskiria \u012f \u017eem\u0117s rie\u0161ut\u0173 aliejaus sluoksnius vir\u0161uje ir kietus \u017eem\u0117s rie\u0161ut\u0173 trupinius apa\u010dioje, stabilizuotas \u017eem\u0117s rie\u0161ut\u0173 sviestas sumaniai sumai\u0161omas su nat\u016braliais stabilizatoriais, tokiais kaip augaliniai aliejai ar emulsikliai, kad b\u016bt\u0173 u\u017etikrinta vienoda tekst\u016bra. D\u0117l \u0161ios funkcijos jis yra geriausias pasirinkimas vartotojams, kurie siekia patogumo, nes prie\u0161 naudojant nereikia atlikti papildom\u0173 operacij\u0173, pavyzd\u017eiui, mai\u0161yti. Stabilizuotas \u017eem\u0117s rie\u0161ut\u0173 sviestas yra populiarus d\u0117l savo pastovios kokyb\u0117s ir ilgo galiojimo laiko, yra ne tik m\u0117gstamas nam\u0173 vartotoj\u0173, bet ir pla\u010diai naudojamas maisto pramon\u0117je.<\/p>\n<h3>Kas yra kiti vardai?<\/h3>\n<p>Stabilizuotas \u017eem\u0117s rie\u0161ut\u0173 sviestas gali b\u016bti vadinamas \u012fvairiais pavadinimais, \u012fskaitant:<\/p>\n<ul>\n<li>Kreminis \u017eem\u0117s rie\u0161ut\u0173 tepalas<\/li>\n<li>Kreminis stabilizuotas \u017eem\u0117s rie\u0161ut\u0173 sviestas<\/li>\n<li>Emulsuotas \u017eem\u0117s rie\u0161ut\u0173 sviestas<\/li>\n<li>Homogeni\u0161kas arba homogenizuotas \u017eem\u0117s rie\u0161ut\u0173 sviestas<\/li>\n<li>Ilgai i\u0161liekantis \u017eem\u0117s rie\u0161ut\u0173 tepalas<\/li>\n<li>Nemai\u0161omas \u017eem\u0117s rie\u0161ut\u0173 sviestas<\/li>\n<li>Neatsiskiriantis \u017eem\u0117s rie\u0161ut\u0173 sviestas<\/li>\n<li>Perdirbtas \u017eem\u0117s rie\u0161ut\u0173 sviestas<\/li>\n<li>Stabilus i\u0161silaikantis \u017eem\u0117s rie\u0161ut\u0173 sviestas<\/li>\n<li>Skland\u017eiai tepamas \u017eem\u0117s rie\u0161ut\u0173 sviestas<\/li>\n<li>Lygus ir stabilus \u017eem\u0117s rie\u0161ut\u0173 sviestas<\/li>\n<\/ul>\n<h3><strong>Aktualios temos apie stabilizuot\u0105 \u017eem\u0117s rie\u0161ut\u0173 sviest\u0105<\/strong><\/h3>\n<ol>\n<li><strong> Privalumai: <\/strong>Stabilizuotas \u017eem\u0117s rie\u0161ut\u0173 sviestas turi kelet\u0105 privalum\u0173, \u012fskaitant vienod\u0105 tekst\u016br\u0105, kurios nereikia mai\u0161yti, ir ilgesn\u012f galiojimo laik\u0105. Jis idealiai tinka naudoti receptuose ir kaip u\u017etep\u0117l\u0117, kai labai svarbu vienoda tekst\u016bra.<\/li>\n<li><strong> Taikymas maisto gamyboje:\u00a0<\/strong>D\u0117l savo stabilumo jis pla\u010diai naudojamas maisto gamyboje. Jis naudojamas kaip \u012fvairi\u0173 produkt\u0173, toki\u0173 kaip u\u017ekand\u017ei\u0173 baton\u0117liai, pada\u017eai ir kepiniai, sudedamoji dalis, kur b\u016btina konsistencija ir kokyb\u0117.<\/li>\n<li><strong> Vartotoj\u0173 pageidavimai ir tendencijos: <\/strong>Vartotojai vis da\u017eniau renkasi stabilizuot\u0105 \u017eem\u0117s rie\u0161ut\u0173 sviest\u0105 d\u0117l jo patogumo ir patikimumo. Kei\u010diantis gyvenimo b\u016bdo tvarkara\u0161\u010diams, populiar\u0117ja produktai, si\u016blantys be r\u016bpes\u010di\u0173 saugojim\u0105 ir paruo\u0161im\u0105.<\/li>\n<li><strong> Mitybos aspektai: <\/strong>Stabilizuotas \u017eem\u0117s rie\u0161ut\u0173 sviestas i\u0161laiko savo maistin\u012f profil\u012f ir si\u016blo stabil\u0173, nuosekl\u0173 produkt\u0105. Jame yra b\u016btin\u0173 maistini\u0173 med\u017eiag\u0173, toki\u0173 kaip baltymai, sveikieji riebalai ir vitaminai, tod\u0117l tai yra sveikas pasirinkimas \u012fvairioms dietoms.<\/li>\n<\/ol>\n<h3><strong>Kod\u0117l verta rinktis mus savo tiek\u0117ju?<\/strong><\/h3>\n<ol>\n<li><strong>Kod\u0117l esate geriausias stabilizuoto \u017eem\u0117s rie\u0161ut\u0173 sviesto OEM paslaug\u0173 pasirinkimas?<\/strong><br \/>\nMes teikiame individualius sprendimus, auk\u0161tos kokyb\u0117s produktus ir didel\u0119 pasaulin\u0117s gamybos ir eksporto patirt\u012f.<\/li>\n<li><strong>Ar galite pakoreguoti tekst\u016br\u0105, konsistencij\u0105 ir sud\u0117t\u012f?<\/strong><br \/>\nTaip, galime pritaikyti tekst\u016br\u0105 ir sukurti unikalias formules, kurios atitikt\u0173 j\u016bs\u0173 konkre\u010dius reikalavimus ir vartotoj\u0173 pageidavimus.<\/li>\n<li><strong>Kokie yra pakavimo variantai?<\/strong><br \/>\nSi\u016blome \u012fvairius pritaikomus pakavimo formatus, \u012fskaitant stiklainius, mai\u0161elius ir birius konteinerius, pritaikytus pagal j\u016bs\u0173 prek\u0117s \u017eenklo poreikius.<\/li>\n<li><strong>Ar galima \u012fsigyti ekologi\u0161k\u0173 produkt\u0173?<\/strong><br \/>\nabsoliu\u010diai! Mes tiekiame stabilizuot\u0105 \u017eem\u0117s rie\u0161ut\u0173 sviest\u0105, pagamint\u0105 i\u0161 ekologi\u0161k\u0173 \u017eem\u0117s rie\u0161ut\u0173 ir nat\u016brali\u0173 ingredient\u0173.<\/li>\n<li><strong>Kaip u\u017etikrinate kokyb\u0119?<\/strong><br \/>\nM\u016bs\u0173 grie\u017eti kokyb\u0117s kontrol\u0117s procesai ir sertifikatai, tokie kaip HACCP, BRCGS ir Kosher, garantuoja, kad kiekviena partija atitinka auk\u0161\u010diausius standartus.<\/li>\n<li><strong>Koks yra j\u016bs\u0173 gamybos ir pristatymo laikas?<\/strong><br \/>\nPristatymo laikas skiriasi priklausomai nuo u\u017esakymo apimties ir paskirties vietos, ta\u010diau u\u017etikriname efektyvi\u0105 gamyb\u0105 ir pristatym\u0105 laiku, paprastai per kelias savaites.<\/li>\n<li><strong>Ar vykdote tarptautin\u012f eksport\u0105?<\/strong><br \/>\nTaip, mes valdome visus pasaulinio pristatymo ir atitikties aspektus, kad u\u017etikrintume skland\u0173 pristatym\u0105.<\/li>\n<li><strong>Kokius sertifikatus turite?<\/strong><br \/>\nM\u016bs\u0173 stabilizuotas \u017eem\u0117s rie\u0161ut\u0173 sviestas yra sertifikuotas pagal HACCP, Kosher, Halal, BRCGS ir kitus atitinkamus standartus, u\u017etikrinan\u010dius produkt\u0173 saug\u0105 ir kokyb\u0119.<\/li>\n<li><strong>Ar galime papra\u0161yti pavyzd\u017ei\u0173 prie\u0161 pateikdami vis\u0105 u\u017esakym\u0105?<\/strong><br \/>\nTaip, mes pateikiame pavyzdines partijas bandymams, u\u017etikrindami, kad jos atitikt\u0173 j\u016bs\u0173 l\u016bkes\u010dius prie\u0161 priimdami didesn\u012f \u012fsipareigojim\u0105.<\/li>\n<\/ol>\n<h3><strong>Faktai apie stabilizuot\u0105 \u017eem\u0117s rie\u0161ut\u0173 sviest\u0105\u00a0<\/strong><\/h3>\n<ol>\n<li><strong>Jokio atskyrimo:<\/strong> Stabilizuotas \u017eem\u0117s rie\u0161ut\u0173 sviestas nesiskiria \u012f aliej\u0173 ir kietas med\u017eiagas, tod\u0117l u\u017etikrina vienod\u0105 tekst\u016br\u0105 per vis\u0105 galiojimo laik\u0105.<\/li>\n<li><strong>Pailgintas galiojimo laikas:<\/strong> Jis turi ilgesn\u012f galiojimo laik\u0105, palyginti su tradiciniu \u017eem\u0117s rie\u0161ut\u0173 sviestu, tod\u0117l suma\u017e\u0117ja poreikis da\u017enai pirkti ir \u0161vaistyti.<\/li>\n<li><strong>Patogumas:<\/strong> Idealiai tinka naudoti \u012fvairiose srityse, kur labai svarbi stabili, tepama konsistencija, pavyzd\u017eiui, gaminant maist\u0105 ir ma\u017emenin\u0117s prekybos produktus.<\/li>\n<li><strong>Maistini\u0173 med\u017eiag\u0173 i\u0161laikymas:<\/strong> Nepaisant stabilumo, jis i\u0161laiko maistines \u017eem\u0117s rie\u0161ut\u0173 naud\u0105, \u012fskaitant baltymus, sveikus riebalus ir b\u016btinus vitaminus.<\/li>\n<li><strong>Universalus naudojimas:<\/strong> Tinka \u012fvairiems produktams, nuo u\u017etep\u0117li\u0173 ir u\u017ekand\u017ei\u0173 iki perdirbt\u0173 maisto produkt\u0173 sudedam\u0173j\u0173 dali\u0173.<\/li>\n<\/ol>\n<a href=\"mailto:globepeanut@gmail.com\" class=\"button primary is-primary is-medium\"  >\n    <span>El. pa\u0161tu<\/span>\n  <\/a>","protected":false},"excerpt":{"rendered":"<table width=\"564\">\n<tbody>\n<tr>\n<td width=\"113\"><strong>Produkto pavadinimas<\/strong><\/td>\n<td width=\"402\">Stabilizuotas \u017eem\u0117s rie\u0161ut\u0173 sviestas<\/td>\n<\/tr>\n<tr>\n<td width=\"113\"><strong>Specifikacijos<\/strong><\/td>\n<td width=\"402\">10kgx1, 20kgx1, 22kgx1<\/td>\n<\/tr>\n<tr>\n<td width=\"113\"><strong>Pakavimo forma<\/strong><\/td>\n<td width=\"402\">Stiklainis, kibiras, Doy pakuot\u0117, krep\u0161ys, d\u0117\u017eut\u0117, skarda, statin\u0117, skardin\u0117, butelis ir kt<\/td>\n<\/tr>\n<tr>\n<td width=\"113\"><strong>Pristatymo laikas<\/strong><\/td>\n<td width=\"402\">7-20 dien\u0173 po u\u017esakymo<\/td>\n<\/tr>\n<tr>\n<td width=\"113\"><strong>MOQ<\/strong><\/td>\n<td width=\"402\">Viena tona<\/td>\n<\/tr>\n<tr>\n<td width=\"113\"><strong>Pavyzdys<\/strong><\/td>\n<td width=\"402\">Galimas nemokamas pavyzdys<\/td>\n<\/tr>\n<tr>\n<td width=\"113\"><strong>O\u012eG<\/strong><\/td>\n<td width=\"402\">Pirk\u0117jo etiket\u0117 priimta<\/td>\n<\/tr>\n<\/tbody>\n<\/table>","protected":false},"featured_media":1692,"comment_status":"open","ping_status":"closed","template":"","meta":[],"product_cat":[15],"product_tag":[],"class_list":{"0":"post-1545","1":"product","2":"type-product","3":"status-publish","4":"has-post-thumbnail","6":"product_cat-peanut-butter","8":"first","9":"instock","10":"shipping-taxable","11":"product-type-simple"},"yoast_head":"<!-- This site is optimized with the Yoast SEO plugin v24.9 - https:\/\/yoast.com\/wordpress\/plugins\/seo\/ -->\n<title>Stabilized Peanut Butter China Producer - Peanut Butter Factory<\/title>\n<meta name=\"description\" content=\"Leading stabilized peanut butter OEM private label manufacturer and exporter. High-quality and packaging customized to meet global market demands.\" \/>\n<meta name=\"robots\" content=\"index, follow, max-snippet:-1, max-image-preview:large, max-video-preview:-1\" \/>\n<link rel=\"canonical\" href=\"https:\/\/www.peanutoem.com\/lt\/manufacturer\/stabilized-peanut-butter\/\" \/>\n<meta property=\"og:locale\" content=\"lt_LT\" \/>\n<meta property=\"og:type\" content=\"article\" \/>\n<meta property=\"og:title\" content=\"Stabilized Peanut Butter China Producer - Peanut Butter Factory\" \/>\n<meta property=\"og:description\" content=\"Leading stabilized peanut butter OEM private label manufacturer and exporter. High-quality and packaging customized to meet global market demands.\" \/>\n<meta property=\"og:url\" content=\"https:\/\/www.peanutoem.com\/lt\/manufacturer\/stabilized-peanut-butter\/\" \/>\n<meta property=\"og:site_name\" content=\"Peanut Butter Factory\" \/>\n<meta property=\"article:modified_time\" content=\"2024-09-28T05:39:23+00:00\" \/>\n<meta property=\"og:image\" content=\"https:\/\/www.peanutoem.com\/wp-content\/uploads\/2024\/09\/Stabilized-Peanut-Butter-in-Jar.webp\" \/>\n\t<meta property=\"og:image:width\" content=\"1000\" \/>\n\t<meta property=\"og:image:height\" content=\"1000\" \/>\n\t<meta property=\"og:image:type\" content=\"image\/webp\" \/>\n<meta name=\"twitter:card\" content=\"summary_large_image\" \/>\n<meta name=\"twitter:label1\" content=\"Est. reading time\" \/>\n\t<meta name=\"twitter:data1\" content=\"4 minut\u0117s\" \/>\n<script type=\"application\/ld+json\" class=\"yoast-schema-graph\">{\"@context\":\"https:\/\/schema.org\",\"@graph\":[{\"@type\":\"WebPage\",\"@id\":\"https:\/\/www.peanutoem.com\/manufacturer\/stabilized-peanut-butter\/\",\"url\":\"https:\/\/www.peanutoem.com\/manufacturer\/stabilized-peanut-butter\/\",\"name\":\"Stabilized Peanut Butter China Producer - Peanut Butter Factory\",\"isPartOf\":{\"@id\":\"https:\/\/www.peanutoem.com\/#website\"},\"primaryImageOfPage\":{\"@id\":\"https:\/\/www.peanutoem.com\/manufacturer\/stabilized-peanut-butter\/#primaryimage\"},\"image\":{\"@id\":\"https:\/\/www.peanutoem.com\/manufacturer\/stabilized-peanut-butter\/#primaryimage\"},\"thumbnailUrl\":\"https:\/\/www.peanutoem.com\/wp-content\/uploads\/2024\/09\/Stabilized-Peanut-Butter-in-Jar.webp\",\"datePublished\":\"2024-09-02T13:38:22+00:00\",\"dateModified\":\"2024-09-28T05:39:23+00:00\",\"description\":\"Leading stabilized peanut butter OEM private label manufacturer and exporter. High-quality and packaging customized to meet global market demands.\",\"breadcrumb\":{\"@id\":\"https:\/\/www.peanutoem.com\/manufacturer\/stabilized-peanut-butter\/#breadcrumb\"},\"inLanguage\":\"lt-LT\",\"potentialAction\":[{\"@type\":\"ReadAction\",\"target\":[\"https:\/\/www.peanutoem.com\/manufacturer\/stabilized-peanut-butter\/\"]}]},{\"@type\":\"ImageObject\",\"inLanguage\":\"lt-LT\",\"@id\":\"https:\/\/www.peanutoem.com\/manufacturer\/stabilized-peanut-butter\/#primaryimage\",\"url\":\"https:\/\/www.peanutoem.com\/wp-content\/uploads\/2024\/09\/Stabilized-Peanut-Butter-in-Jar.webp\",\"contentUrl\":\"https:\/\/www.peanutoem.com\/wp-content\/uploads\/2024\/09\/Stabilized-Peanut-Butter-in-Jar.webp\",\"width\":1000,\"height\":1000,\"caption\":\"Stabilized Peanut Butter in Jar\"},{\"@type\":\"BreadcrumbList\",\"@id\":\"https:\/\/www.peanutoem.com\/manufacturer\/stabilized-peanut-butter\/#breadcrumb\",\"itemListElement\":[{\"@type\":\"ListItem\",\"position\":1,\"name\":\"Home\",\"item\":\"https:\/\/www.peanutoem.com\/\"},{\"@type\":\"ListItem\",\"position\":2,\"name\":\"Products\",\"item\":\"https:\/\/www.peanutoem.com\/shop\/\"},{\"@type\":\"ListItem\",\"position\":3,\"name\":\"Stabilized Peanut Butter\"}]},{\"@type\":\"WebSite\",\"@id\":\"https:\/\/www.peanutoem.com\/#website\",\"url\":\"https:\/\/www.peanutoem.com\/\",\"name\":\"Peanut Butter Factory\",\"description\":\"Peanut Butter Manufacturer and Roast Peanut OEM Factory | Peanut Private Label China Supplier\",\"publisher\":{\"@id\":\"https:\/\/www.peanutoem.com\/#organization\"},\"alternateName\":\"Peanut Butter OEM and Wholesale\",\"potentialAction\":[{\"@type\":\"SearchAction\",\"target\":{\"@type\":\"EntryPoint\",\"urlTemplate\":\"https:\/\/www.peanutoem.com\/?s={search_term_string}\"},\"query-input\":{\"@type\":\"PropertyValueSpecification\",\"valueRequired\":true,\"valueName\":\"search_term_string\"}}],\"inLanguage\":\"lt-LT\"},{\"@type\":\"Organization\",\"@id\":\"https:\/\/www.peanutoem.com\/#organization\",\"name\":\"Peanut Butter Factory\",\"alternateName\":\"JuFeng Group\",\"url\":\"https:\/\/www.peanutoem.com\/\",\"logo\":{\"@type\":\"ImageObject\",\"inLanguage\":\"lt-LT\",\"@id\":\"https:\/\/www.peanutoem.com\/#\/schema\/logo\/image\/\",\"url\":\"https:\/\/www.peanutoem.com\/wp-content\/uploads\/2024\/09\/JUFENG-LOGO.png\",\"contentUrl\":\"https:\/\/www.peanutoem.com\/wp-content\/uploads\/2024\/09\/JUFENG-LOGO.png\",\"width\":600,\"height\":170,\"caption\":\"Peanut Butter Factory\"},\"image\":{\"@id\":\"https:\/\/www.peanutoem.com\/#\/schema\/logo\/image\/\"}}]}<\/script>\n<!-- \/ Yoast SEO plugin. -->","yoast_head_json":{"title":"Stabilized Peanut Butter China Producer - Peanut Butter Factory","description":"Leading stabilized peanut butter OEM private label manufacturer and exporter. High-quality and packaging customized to meet global market demands.","robots":{"index":"index","follow":"follow","max-snippet":"max-snippet:-1","max-image-preview":"max-image-preview:large","max-video-preview":"max-video-preview:-1"},"canonical":"https:\/\/www.peanutoem.com\/lt\/manufacturer\/stabilized-peanut-butter\/","og_locale":"lt_LT","og_type":"article","og_title":"Stabilized Peanut Butter China Producer - Peanut Butter Factory","og_description":"Leading stabilized peanut butter OEM private label manufacturer and exporter. High-quality and packaging customized to meet global market demands.","og_url":"https:\/\/www.peanutoem.com\/lt\/manufacturer\/stabilized-peanut-butter\/","og_site_name":"Peanut Butter Factory","article_modified_time":"2024-09-28T05:39:23+00:00","og_image":[{"width":1000,"height":1000,"url":"https:\/\/www.peanutoem.com\/wp-content\/uploads\/2024\/09\/Stabilized-Peanut-Butter-in-Jar.webp","type":"image\/webp"}],"twitter_card":"summary_large_image","twitter_misc":{"Est. reading time":"4 minut\u0117s"},"schema":{"@context":"https:\/\/schema.org","@graph":[{"@type":"WebPage","@id":"https:\/\/www.peanutoem.com\/manufacturer\/stabilized-peanut-butter\/","url":"https:\/\/www.peanutoem.com\/manufacturer\/stabilized-peanut-butter\/","name":"Stabilized Peanut Butter China Producer - Peanut Butter Factory","isPartOf":{"@id":"https:\/\/www.peanutoem.com\/#website"},"primaryImageOfPage":{"@id":"https:\/\/www.peanutoem.com\/manufacturer\/stabilized-peanut-butter\/#primaryimage"},"image":{"@id":"https:\/\/www.peanutoem.com\/manufacturer\/stabilized-peanut-butter\/#primaryimage"},"thumbnailUrl":"https:\/\/www.peanutoem.com\/wp-content\/uploads\/2024\/09\/Stabilized-Peanut-Butter-in-Jar.webp","datePublished":"2024-09-02T13:38:22+00:00","dateModified":"2024-09-28T05:39:23+00:00","description":"Leading stabilized peanut butter OEM private label manufacturer and exporter. High-quality and packaging customized to meet global market demands.","breadcrumb":{"@id":"https:\/\/www.peanutoem.com\/manufacturer\/stabilized-peanut-butter\/#breadcrumb"},"inLanguage":"lt-LT","potentialAction":[{"@type":"ReadAction","target":["https:\/\/www.peanutoem.com\/manufacturer\/stabilized-peanut-butter\/"]}]},{"@type":"ImageObject","inLanguage":"lt-LT","@id":"https:\/\/www.peanutoem.com\/manufacturer\/stabilized-peanut-butter\/#primaryimage","url":"https:\/\/www.peanutoem.com\/wp-content\/uploads\/2024\/09\/Stabilized-Peanut-Butter-in-Jar.webp","contentUrl":"https:\/\/www.peanutoem.com\/wp-content\/uploads\/2024\/09\/Stabilized-Peanut-Butter-in-Jar.webp","width":1000,"height":1000,"caption":"Stabilized Peanut Butter in Jar"},{"@type":"BreadcrumbList","@id":"https:\/\/www.peanutoem.com\/manufacturer\/stabilized-peanut-butter\/#breadcrumb","itemListElement":[{"@type":"ListItem","position":1,"name":"Home","item":"https:\/\/www.peanutoem.com\/"},{"@type":"ListItem","position":2,"name":"Products","item":"https:\/\/www.peanutoem.com\/shop\/"},{"@type":"ListItem","position":3,"name":"Stabilized Peanut Butter"}]},{"@type":"WebSite","@id":"https:\/\/www.peanutoem.com\/#website","url":"https:\/\/www.peanutoem.com\/","name":"Peanut Butter Factory","description":"Peanut Butter Manufacturer and Roast Peanut OEM Factory | Peanut Private Label China Supplier","publisher":{"@id":"https:\/\/www.peanutoem.com\/#organization"},"alternateName":"Peanut Butter OEM and Wholesale","potentialAction":[{"@type":"SearchAction","target":{"@type":"EntryPoint","urlTemplate":"https:\/\/www.peanutoem.com\/?s={search_term_string}"},"query-input":{"@type":"PropertyValueSpecification","valueRequired":true,"valueName":"search_term_string"}}],"inLanguage":"lt-LT"},{"@type":"Organization","@id":"https:\/\/www.peanutoem.com\/#organization","name":"Peanut Butter Factory","alternateName":"JuFeng Group","url":"https:\/\/www.peanutoem.com\/","logo":{"@type":"ImageObject","inLanguage":"lt-LT","@id":"https:\/\/www.peanutoem.com\/#\/schema\/logo\/image\/","url":"https:\/\/www.peanutoem.com\/wp-content\/uploads\/2024\/09\/JUFENG-LOGO.png","contentUrl":"https:\/\/www.peanutoem.com\/wp-content\/uploads\/2024\/09\/JUFENG-LOGO.png","width":600,"height":170,"caption":"Peanut Butter Factory"},"image":{"@id":"https:\/\/www.peanutoem.com\/#\/schema\/logo\/image\/"}}]}},"_links":{"self":[{"href":"https:\/\/www.peanutoem.com\/lt\/wp-json\/wp\/v2\/product\/1545","targetHints":{"allow":["GET"]}}],"collection":[{"href":"https:\/\/www.peanutoem.com\/lt\/wp-json\/wp\/v2\/product"}],"about":[{"href":"https:\/\/www.peanutoem.com\/lt\/wp-json\/wp\/v2\/types\/product"}],"replies":[{"embeddable":true,"href":"https:\/\/www.peanutoem.com\/lt\/wp-json\/wp\/v2\/comments?post=1545"}],"wp:featuredmedia":[{"embeddable":true,"href":"https:\/\/www.peanutoem.com\/lt\/wp-json\/wp\/v2\/media\/1692"}],"wp:attachment":[{"href":"https:\/\/www.peanutoem.com\/lt\/wp-json\/wp\/v2\/media?parent=1545"}],"wp:term":[{"taxonomy":"product_cat","embeddable":true,"href":"https:\/\/www.peanutoem.com\/lt\/wp-json\/wp\/v2\/product_cat?post=1545"},{"taxonomy":"product_tag","embeddable":true,"href":"https:\/\/www.peanutoem.com\/lt\/wp-json\/wp\/v2\/product_tag?post=1545"}],"curies":[{"name":"wp","href":"https:\/\/api.w.org\/{rel}","templated":true}]}}