{"id":1553,"date":"2024-09-02T13:58:23","date_gmt":"2024-09-02T13:58:23","guid":{"rendered":"https:\/\/www.peanutoem.com\/?post_type=product&#038;p=1553"},"modified":"2024-09-24T15:21:33","modified_gmt":"2024-09-24T15:21:33","slug":"roasted-peanut-kernels","status":"publish","type":"product","link":"https:\/\/www.peanutoem.com\/lt\/manufacturer\/roasted-peanut-kernels\/","title":{"rendered":"Skrudinti \u017eem\u0117s rie\u0161ut\u0173 branduoliai"},"content":{"rendered":"<h3>Kas yra skrudinti \u017eem\u0117s rie\u0161ut\u0173 branduoliai?<\/h3>\n<p>Skrudinti \u017eem\u0117s rie\u0161ut\u0173 branduoliai yra valgomoji \u017eem\u0117s rie\u0161ut\u0173 luk\u0161to dalis, kuri buvo kruop\u0161\u010diai skrudinta. Skrudinimo procesas labai pagerina \u017eem\u0117s rie\u0161ut\u0173 skon\u012f ir skon\u012f. Jis suteikia \u017eem\u0117s rie\u0161utams patraukl\u0173 rie\u0161ut\u0173 aromat\u0105 ir tra\u0161ki\u0105 tekst\u016br\u0105, tod\u0117l jie yra populiarus u\u017ekand\u017ei\u0173 pasirinkimas ir nepakei\u010diamas daugelio maisto produkt\u0173 ingredientas. \u0160iuos skrudintus \u017eem\u0117s rie\u0161ut\u0173 branduolius galima naudoti labai \u012fvairiai \u2013 nuo klasikinio \u017eem\u0117s rie\u0161ut\u0173 sviesto gaminimo iki k\u016brybing\u0173 kepam\u0173 u\u017ekand\u017ei\u0173 ir saldaini\u0173 derini\u0173 iki unikalaus skonio suteikimo pikanti\u0161kiems patiekalams.<\/p>\n<h3>Kokie yra kiti skrudint\u0173 \u017eem\u0117s rie\u0161ut\u0173 branduoli\u0173 pavadinimai?<\/h3>\n<p>Skrudinti \u017eem\u0117s rie\u0161ut\u0173 branduoliai kartais vadinami alternatyviais pavadinimais, priklausomai nuo regiono ar j\u0173 taikymo. \u012eprasti pavadinimai apima:<\/p>\n<ul>\n<li><strong>Skrudinti \u017eem\u0117s rie\u0161utai<\/strong> (naudojamas tam tikrose \u0161alyse)<\/li>\n<li><strong>Sausi skrudinti \u017eem\u0117s rie\u0161utai<\/strong><\/li>\n<li><strong>Skrudinti \u017eem\u0117s rie\u0161utai<\/strong><\/li>\n<li><strong>Skrudinti rie\u0161ut\u0173 branduoliai<\/strong><\/li>\n<\/ul>\n<p>\u0160ie variantai pabr\u0117\u017eia t\u0105 pat\u012f skan\u0173, universal\u0173 produkt\u0105, pagamint\u0105 i\u0161 skrudint\u0173 \u017eem\u0117s rie\u0161ut\u0173, pritaikyt\u0105 \u012fvairioms pramon\u0117s \u0161akoms ir skoniams.<\/p>\n<h3>Kod\u0117l verta rinktis mus kaip skrudint\u0173 \u017eem\u0117s rie\u0161ut\u0173 branduoli\u0173 O\u012eG tiek\u0117j\u0105?<\/h3>\n<p>Renkantis <strong>Kinijos JuFeng grup\u0117<\/strong> rei\u0161kia bendradarbiavim\u0105 su vienu i\u0161 labiausiai patikim\u0173 skrudint\u0173 \u017eem\u0117s rie\u0161ut\u0173 branduoli\u0173 tiek\u0117j\u0173 ir priva\u010di\u0173 preki\u0173 \u017eenkl\u0173 gamintojais. \u0160tai kod\u0117l mes i\u0161siskiriame:<\/p>\n<ul>\n<li><strong>Pa\u017eangiausia gamyba<\/strong>: Naudodami dvi pa\u017eangias gamybos linijas, importuotas i\u0161 JAV, tiekiame nuolat auk\u0161tos kokyb\u0117s skrudintus \u017eem\u0117s rie\u0161ut\u0173 branduolius.<\/li>\n<li><strong>Pritaikomi OEM sprendimai<\/strong>: Mes si\u016blome lanks\u010dias OEM ir priva\u010di\u0173 preki\u0173 \u017eenkl\u0173 paslaugas, leid\u017eian\u010dias klientams pritaikyti gaminio specifikacijas, pakuot\u0119 ir kt., kad atitikt\u0173 konkre\u010dius rinkos poreikius.<\/li>\n<li><strong>Sertifikatai ir atitiktis<\/strong>: M\u016bs\u0173 gaminiai atitinka pasaulinius saugos ir kokyb\u0117s standartus, sertifikuoti BRC, HACCP, Kosher, Halal ir EU Organic sertifikatais.<\/li>\n<li><strong>Patikimas eksportuotojas<\/strong>: B\u016bdami pirmaujanti eksportuotoja, u\u017emezg\u0117me partneryst\u0119 su pagrindiniais prekybos centrais ir maisto preki\u0173 \u017eenklais visame pasaulyje.<\/li>\n<li><strong>Tiekimo grandin\u0117s ekspertiz\u0117<\/strong>: Nuo perdirbimo iki sand\u0117liavimo u\u017etikriname savalaik\u012f pristatym\u0105 ir kokyb\u0117s kontrol\u0119 naudodami m\u016bs\u0173 pa\u010di\u0173 pastatytus temperat\u016bros valdomus \u012frenginius.<\/li>\n<\/ul>\n<h3>Kar\u0161\u010diausios temos apie skrudintus \u017eem\u0117s rie\u0161ut\u0173 branduolius<\/h3>\n<ul>\n<li><strong>\u017dem\u0117s rie\u0161ut\u0173 auginimo tvarumas<\/strong>: Skrudinti \u017eem\u0117s rie\u0161ut\u0173 branduoliai, kaip ir kiti \u017eem\u0117s rie\u0161ut\u0173 produktai, turi ma\u017e\u0105 poveik\u012f aplinkai, palyginti su kitais rie\u0161utais, tod\u0117l jie yra ekologi\u0161kas pasirinkimas maisto gamintojams.<\/li>\n<li><strong>Nauda sveikatai<\/strong>: Skrudintuose \u017eem\u0117s rie\u0161utuose gausu baltym\u0173, sveik\u0173j\u0173 riebal\u0173 ir skaidul\u0173, tod\u0117l vartotojams si\u016bloma maisting\u0173 u\u017ekand\u017ei\u0173.<\/li>\n<li><strong>\u017dem\u0117s rie\u0161ut\u0173 perdirbimo naujov\u0117s<\/strong>: \u017dem\u0117s rie\u0161ut\u0173 pramon\u0117 nuolat tobul\u0117ja taikant naujus skrudinimo b\u016bdus, kurie pagerina skon\u012f ir i\u0161saugo maistines med\u017eiagas.<\/li>\n<\/ul>\n<h3>M\u016bs\u0173 pasirinkimas ir faktai apie skrudintus \u017eem\u0117s rie\u0161ut\u0173 branduolius<\/h3>\n<p><strong>1. Kas daro China JuFeng Group pirmaujan\u010dia skrudint\u0173 \u017eem\u0117s rie\u0161ut\u0173 branduoli\u0173 tiek\u0117ja?<\/strong><br \/>\nSujungiame pa\u017eangiausias technologijas, did\u017eiul\u0119 patirt\u012f ir puik\u0173 produkt\u0173 pritaikym\u0105 individualiems poreikiams, kad pristatytume auk\u0161tos kokyb\u0117s skrudintus \u017eem\u0117s rie\u0161ut\u0173 branduolius \u012f pasaulines rinkas.<\/p>\n<p><strong>2. Ar si\u016blote privataus prek\u0117s \u017eenklo paslaugas skrudint\u0173 \u017eem\u0117s rie\u0161ut\u0173 branduoliams?<\/strong><br \/>\nTaip, mes teikiame lanks\u010dius priva\u010di\u0173 preki\u0173 \u017eenkl\u0173 sprendimus, leid\u017eian\u010dius pritaikyti produkto pakuot\u0119, prek\u0117s \u017eenkl\u0105 ir branduolio specifikacijas, kad atitikt\u0173 j\u016bs\u0173 prek\u0117s \u017eenklo poreikius.<\/p>\n<p><strong>3. Ar galiu i\u0161 j\u016bs\u0173 u\u017esisakyti skrudint\u0173 \u017eem\u0117s rie\u0161ut\u0173 branduoli\u0173 dideliais kiekiais?<\/strong><br \/>\nTikrai si\u016blome masinio pirkimo galimybes, kad gal\u0117tume patenkinti \u012fvairaus dyd\u017eio \u012fmones, \u012fskaitant ma\u017emenininkus, didmenininkus ir maisto gamintojus.<\/p>\n<p><strong>4. Kokius sertifikatus turi j\u016bs\u0173 skrudint\u0173 \u017eem\u0117s rie\u0161ut\u0173 branduoliai?<\/strong><br \/>\nM\u016bs\u0173 gaminiai atitinka grie\u017etus tarptautinius standartus ir sertifikatus, \u012fskaitant HACCP, BRC, Kosher, Halal ir EU Organic.<\/p>\n<p><strong>5. Kaip u\u017etikrinate skrudint\u0173 \u017eem\u0117s rie\u0161ut\u0173 branduoli\u0173 kokyb\u0119?<\/strong><br \/>\nTurime speciali\u0105 vidin\u0119 laboratorij\u0105, kuri atlieka nuodugnius tyrimus ir u\u017etikrina, kad kiekviena partija atitikt\u0173 auk\u0161tus jutimo, fizinius, cheminius ir mikrobinius standartus.<\/p>\n<p><strong>6. Ar galite pritaikyti \u017eem\u0117s rie\u0161ut\u0173 branduoli\u0173 skrudinimo lyg\u012f?<\/strong><br \/>\nTaip, mes si\u016blome pritaikomus skrudinimo lygius (\u0161viesus, vidutinis arba tamsus), atsi\u017evelgdami \u012f klient\u0173 pageidavimus ir rinkos reikalavimus.<\/p>\n<p><strong>7. Kaip laikomi j\u016bs\u0173 skrudinti \u017eem\u0117s rie\u0161ut\u0173 branduoliai, kad i\u0161laikytum\u0117te \u0161vie\u017eum\u0105?<\/strong><br \/>\nM\u016bs\u0173 branduoliai yra laikomi kontroliuojamose temperat\u016bros patalpose, kurios apsaugo nuo gedimo ir palaiko produkto vientisum\u0105 gabenimo ir tvarkymo metu.<\/p>\n<p><strong>8. Ar eksportuojate skrudintus \u017eem\u0117s rie\u0161ut\u0173 branduolius tarptautiniu mastu?<\/strong><br \/>\nTaip, mes esame patyr\u0119 eksportuotojai, turintys pasaulin\u012f tinkl\u0105, tiekiantys skrudintus \u017eem\u0117s rie\u0161ut\u0173 branduolius \u012fvairioms rinkoms skirtinguose \u017eemynuose.<\/p>\n<p><strong>9. Ar j\u016bs\u0173 skrudinti \u017eem\u0117s rie\u0161ut\u0173 branduoliai tinkami naudoti \u017eem\u0117s rie\u0161ut\u0173 sviesto gamyboje?<\/strong><br \/>\nBe abejo, m\u016bs\u0173 skrudinti \u017eem\u0117s rie\u0161ut\u0173 branduoliai idealiai tinka \u017eem\u0117s rie\u0161ut\u0173 sviesto gamyboje, tod\u0117l jie pasi\u017eymi puikiu skoniu ir tekst\u016bra.<\/p>","protected":false},"excerpt":{"rendered":"<p>Esame skrudint\u0173 \u017eem\u0117s rie\u0161ut\u0173 branduoli\u0173 gamintojas ir tiek\u0117jas Kinijoje<\/p>\n<p>- MOQ: 1 tona<br \/>\n- Si\u016bloma OEM \/ ODM paslauga<br \/>\n- Galimas nemokamas pavyzdys<br \/>\n- Priimkite pritaikym\u0105 (specifikacijos, spalva, dyd\u017eiai, pakuot\u0117, dizainas ir kt.)<\/p>\n<p>Jei norite gauti skrudint\u0173 \u017eem\u0117s rie\u0161ut\u0173 branduoli\u0173, susisiekite su mumis.<\/p>","protected":false},"featured_media":1697,"comment_status":"open","ping_status":"closed","template":"","meta":[],"product_cat":[37],"product_tag":[],"class_list":{"0":"post-1553","1":"product","2":"type-product","3":"status-publish","4":"has-post-thumbnail","6":"product_cat-roasted-peanut","8":"first","9":"instock","10":"featured","11":"shipping-taxable","12":"product-type-simple"},"yoast_head":"<!-- This site is optimized with the Yoast SEO plugin v24.9 - https:\/\/yoast.com\/wordpress\/plugins\/seo\/ -->\n<title>Roasted Peanut Kernels - Peanut Butter Factory<\/title>\n<meta name=\"description\" content=\"Premium Roasted Peanut Kernels OEM supplier, private label manufacturer, and exporter. Choose us for superior quality and customizable options.\" \/>\n<meta name=\"robots\" content=\"index, follow, max-snippet:-1, max-image-preview:large, max-video-preview:-1\" \/>\n<link rel=\"canonical\" href=\"https:\/\/www.peanutoem.com\/lt\/manufacturer\/roasted-peanut-kernels\/\" \/>\n<meta property=\"og:locale\" content=\"lt_LT\" \/>\n<meta property=\"og:type\" content=\"article\" \/>\n<meta property=\"og:title\" content=\"Roasted Peanut Kernels - Peanut Butter Factory\" \/>\n<meta property=\"og:description\" content=\"Premium Roasted Peanut Kernels OEM supplier, private label manufacturer, and exporter. Choose us for superior quality and customizable options.\" \/>\n<meta property=\"og:url\" content=\"https:\/\/www.peanutoem.com\/lt\/manufacturer\/roasted-peanut-kernels\/\" \/>\n<meta property=\"og:site_name\" content=\"Peanut Butter Factory\" \/>\n<meta property=\"article:modified_time\" content=\"2024-09-24T15:21:33+00:00\" \/>\n<meta property=\"og:image\" content=\"https:\/\/www.peanutoem.com\/wp-content\/uploads\/2024\/09\/Roasted-Peanut-Kernels-on-plate-scaled.webp\" \/>\n\t<meta property=\"og:image:width\" content=\"2560\" \/>\n\t<meta property=\"og:image:height\" content=\"1707\" \/>\n\t<meta property=\"og:image:type\" content=\"image\/webp\" \/>\n<meta name=\"twitter:card\" content=\"summary_large_image\" \/>\n<meta name=\"twitter:label1\" content=\"Est. reading time\" \/>\n\t<meta name=\"twitter:data1\" content=\"3 minut\u0117s\" \/>\n<script type=\"application\/ld+json\" class=\"yoast-schema-graph\">{\"@context\":\"https:\/\/schema.org\",\"@graph\":[{\"@type\":\"WebPage\",\"@id\":\"https:\/\/www.peanutoem.com\/manufacturer\/roasted-peanut-kernels\/\",\"url\":\"https:\/\/www.peanutoem.com\/manufacturer\/roasted-peanut-kernels\/\",\"name\":\"Roasted Peanut Kernels - Peanut Butter Factory\",\"isPartOf\":{\"@id\":\"https:\/\/www.peanutoem.com\/#website\"},\"primaryImageOfPage\":{\"@id\":\"https:\/\/www.peanutoem.com\/manufacturer\/roasted-peanut-kernels\/#primaryimage\"},\"image\":{\"@id\":\"https:\/\/www.peanutoem.com\/manufacturer\/roasted-peanut-kernels\/#primaryimage\"},\"thumbnailUrl\":\"https:\/\/www.peanutoem.com\/wp-content\/uploads\/2024\/09\/Roasted-Peanut-Kernels-on-plate-scaled.webp\",\"datePublished\":\"2024-09-02T13:58:23+00:00\",\"dateModified\":\"2024-09-24T15:21:33+00:00\",\"description\":\"Premium Roasted Peanut Kernels OEM supplier, private label manufacturer, and exporter. Choose us for superior quality and customizable options.\",\"breadcrumb\":{\"@id\":\"https:\/\/www.peanutoem.com\/manufacturer\/roasted-peanut-kernels\/#breadcrumb\"},\"inLanguage\":\"lt-LT\",\"potentialAction\":[{\"@type\":\"ReadAction\",\"target\":[\"https:\/\/www.peanutoem.com\/manufacturer\/roasted-peanut-kernels\/\"]}]},{\"@type\":\"ImageObject\",\"inLanguage\":\"lt-LT\",\"@id\":\"https:\/\/www.peanutoem.com\/manufacturer\/roasted-peanut-kernels\/#primaryimage\",\"url\":\"https:\/\/www.peanutoem.com\/wp-content\/uploads\/2024\/09\/Roasted-Peanut-Kernels-on-plate-scaled.webp\",\"contentUrl\":\"https:\/\/www.peanutoem.com\/wp-content\/uploads\/2024\/09\/Roasted-Peanut-Kernels-on-plate-scaled.webp\",\"width\":2560,\"height\":1707,\"caption\":\"Roasted Peanut Kernels on plate\"},{\"@type\":\"BreadcrumbList\",\"@id\":\"https:\/\/www.peanutoem.com\/manufacturer\/roasted-peanut-kernels\/#breadcrumb\",\"itemListElement\":[{\"@type\":\"ListItem\",\"position\":1,\"name\":\"Home\",\"item\":\"https:\/\/www.peanutoem.com\/\"},{\"@type\":\"ListItem\",\"position\":2,\"name\":\"Products\",\"item\":\"https:\/\/www.peanutoem.com\/shop\/\"},{\"@type\":\"ListItem\",\"position\":3,\"name\":\"Roasted Peanut Kernels\"}]},{\"@type\":\"WebSite\",\"@id\":\"https:\/\/www.peanutoem.com\/#website\",\"url\":\"https:\/\/www.peanutoem.com\/\",\"name\":\"Peanut Butter Factory\",\"description\":\"Peanut Butter Manufacturer and Roast Peanut OEM Factory | Peanut Private Label China Supplier\",\"publisher\":{\"@id\":\"https:\/\/www.peanutoem.com\/#organization\"},\"alternateName\":\"Peanut Butter OEM and Wholesale\",\"potentialAction\":[{\"@type\":\"SearchAction\",\"target\":{\"@type\":\"EntryPoint\",\"urlTemplate\":\"https:\/\/www.peanutoem.com\/?s={search_term_string}\"},\"query-input\":{\"@type\":\"PropertyValueSpecification\",\"valueRequired\":true,\"valueName\":\"search_term_string\"}}],\"inLanguage\":\"lt-LT\"},{\"@type\":\"Organization\",\"@id\":\"https:\/\/www.peanutoem.com\/#organization\",\"name\":\"Peanut Butter Factory\",\"alternateName\":\"JuFeng Group\",\"url\":\"https:\/\/www.peanutoem.com\/\",\"logo\":{\"@type\":\"ImageObject\",\"inLanguage\":\"lt-LT\",\"@id\":\"https:\/\/www.peanutoem.com\/#\/schema\/logo\/image\/\",\"url\":\"https:\/\/www.peanutoem.com\/wp-content\/uploads\/2024\/09\/JUFENG-LOGO.png\",\"contentUrl\":\"https:\/\/www.peanutoem.com\/wp-content\/uploads\/2024\/09\/JUFENG-LOGO.png\",\"width\":600,\"height\":170,\"caption\":\"Peanut Butter Factory\"},\"image\":{\"@id\":\"https:\/\/www.peanutoem.com\/#\/schema\/logo\/image\/\"}}]}<\/script>\n<!-- \/ Yoast SEO plugin. -->","yoast_head_json":{"title":"Roasted Peanut Kernels - Peanut Butter Factory","description":"Premium Roasted Peanut Kernels OEM supplier, private label manufacturer, and exporter. Choose us for superior quality and customizable options.","robots":{"index":"index","follow":"follow","max-snippet":"max-snippet:-1","max-image-preview":"max-image-preview:large","max-video-preview":"max-video-preview:-1"},"canonical":"https:\/\/www.peanutoem.com\/lt\/manufacturer\/roasted-peanut-kernels\/","og_locale":"lt_LT","og_type":"article","og_title":"Roasted Peanut Kernels - Peanut Butter Factory","og_description":"Premium Roasted Peanut Kernels OEM supplier, private label manufacturer, and exporter. Choose us for superior quality and customizable options.","og_url":"https:\/\/www.peanutoem.com\/lt\/manufacturer\/roasted-peanut-kernels\/","og_site_name":"Peanut Butter Factory","article_modified_time":"2024-09-24T15:21:33+00:00","og_image":[{"width":2560,"height":1707,"url":"https:\/\/www.peanutoem.com\/wp-content\/uploads\/2024\/09\/Roasted-Peanut-Kernels-on-plate-scaled.webp","type":"image\/webp"}],"twitter_card":"summary_large_image","twitter_misc":{"Est. reading time":"3 minut\u0117s"},"schema":{"@context":"https:\/\/schema.org","@graph":[{"@type":"WebPage","@id":"https:\/\/www.peanutoem.com\/manufacturer\/roasted-peanut-kernels\/","url":"https:\/\/www.peanutoem.com\/manufacturer\/roasted-peanut-kernels\/","name":"Roasted Peanut Kernels - Peanut Butter Factory","isPartOf":{"@id":"https:\/\/www.peanutoem.com\/#website"},"primaryImageOfPage":{"@id":"https:\/\/www.peanutoem.com\/manufacturer\/roasted-peanut-kernels\/#primaryimage"},"image":{"@id":"https:\/\/www.peanutoem.com\/manufacturer\/roasted-peanut-kernels\/#primaryimage"},"thumbnailUrl":"https:\/\/www.peanutoem.com\/wp-content\/uploads\/2024\/09\/Roasted-Peanut-Kernels-on-plate-scaled.webp","datePublished":"2024-09-02T13:58:23+00:00","dateModified":"2024-09-24T15:21:33+00:00","description":"Premium Roasted Peanut Kernels OEM supplier, private label manufacturer, and exporter. Choose us for superior quality and customizable options.","breadcrumb":{"@id":"https:\/\/www.peanutoem.com\/manufacturer\/roasted-peanut-kernels\/#breadcrumb"},"inLanguage":"lt-LT","potentialAction":[{"@type":"ReadAction","target":["https:\/\/www.peanutoem.com\/manufacturer\/roasted-peanut-kernels\/"]}]},{"@type":"ImageObject","inLanguage":"lt-LT","@id":"https:\/\/www.peanutoem.com\/manufacturer\/roasted-peanut-kernels\/#primaryimage","url":"https:\/\/www.peanutoem.com\/wp-content\/uploads\/2024\/09\/Roasted-Peanut-Kernels-on-plate-scaled.webp","contentUrl":"https:\/\/www.peanutoem.com\/wp-content\/uploads\/2024\/09\/Roasted-Peanut-Kernels-on-plate-scaled.webp","width":2560,"height":1707,"caption":"Roasted Peanut Kernels on plate"},{"@type":"BreadcrumbList","@id":"https:\/\/www.peanutoem.com\/manufacturer\/roasted-peanut-kernels\/#breadcrumb","itemListElement":[{"@type":"ListItem","position":1,"name":"Home","item":"https:\/\/www.peanutoem.com\/"},{"@type":"ListItem","position":2,"name":"Products","item":"https:\/\/www.peanutoem.com\/shop\/"},{"@type":"ListItem","position":3,"name":"Roasted Peanut Kernels"}]},{"@type":"WebSite","@id":"https:\/\/www.peanutoem.com\/#website","url":"https:\/\/www.peanutoem.com\/","name":"Peanut Butter Factory","description":"Peanut Butter Manufacturer and Roast Peanut OEM Factory | Peanut Private Label China Supplier","publisher":{"@id":"https:\/\/www.peanutoem.com\/#organization"},"alternateName":"Peanut Butter OEM and Wholesale","potentialAction":[{"@type":"SearchAction","target":{"@type":"EntryPoint","urlTemplate":"https:\/\/www.peanutoem.com\/?s={search_term_string}"},"query-input":{"@type":"PropertyValueSpecification","valueRequired":true,"valueName":"search_term_string"}}],"inLanguage":"lt-LT"},{"@type":"Organization","@id":"https:\/\/www.peanutoem.com\/#organization","name":"Peanut Butter Factory","alternateName":"JuFeng Group","url":"https:\/\/www.peanutoem.com\/","logo":{"@type":"ImageObject","inLanguage":"lt-LT","@id":"https:\/\/www.peanutoem.com\/#\/schema\/logo\/image\/","url":"https:\/\/www.peanutoem.com\/wp-content\/uploads\/2024\/09\/JUFENG-LOGO.png","contentUrl":"https:\/\/www.peanutoem.com\/wp-content\/uploads\/2024\/09\/JUFENG-LOGO.png","width":600,"height":170,"caption":"Peanut Butter Factory"},"image":{"@id":"https:\/\/www.peanutoem.com\/#\/schema\/logo\/image\/"}}]}},"_links":{"self":[{"href":"https:\/\/www.peanutoem.com\/lt\/wp-json\/wp\/v2\/product\/1553","targetHints":{"allow":["GET"]}}],"collection":[{"href":"https:\/\/www.peanutoem.com\/lt\/wp-json\/wp\/v2\/product"}],"about":[{"href":"https:\/\/www.peanutoem.com\/lt\/wp-json\/wp\/v2\/types\/product"}],"replies":[{"embeddable":true,"href":"https:\/\/www.peanutoem.com\/lt\/wp-json\/wp\/v2\/comments?post=1553"}],"wp:featuredmedia":[{"embeddable":true,"href":"https:\/\/www.peanutoem.com\/lt\/wp-json\/wp\/v2\/media\/1697"}],"wp:attachment":[{"href":"https:\/\/www.peanutoem.com\/lt\/wp-json\/wp\/v2\/media?parent=1553"}],"wp:term":[{"taxonomy":"product_cat","embeddable":true,"href":"https:\/\/www.peanutoem.com\/lt\/wp-json\/wp\/v2\/product_cat?post=1553"},{"taxonomy":"product_tag","embeddable":true,"href":"https:\/\/www.peanutoem.com\/lt\/wp-json\/wp\/v2\/product_tag?post=1553"}],"curies":[{"name":"wp","href":"https:\/\/api.w.org\/{rel}","templated":true}]}}