{"id":1555,"date":"2024-09-02T14:00:33","date_gmt":"2024-09-02T14:00:33","guid":{"rendered":"https:\/\/www.peanutoem.com\/?post_type=product&#038;p=1555"},"modified":"2024-09-28T04:44:51","modified_gmt":"2024-09-28T04:44:51","slug":"roasted-peanut-kernels-in-split","status":"publish","type":"product","link":"https:\/\/www.peanutoem.com\/lt\/manufacturer\/roasted-peanut-kernels-in-split\/","title":{"rendered":"Skrudinti \u017eem\u0117s rie\u0161ut\u0173 branduoliai Splite | Supjaustyti skrudinti \u017eem\u0117s rie\u0161ut\u0173 branduoliai"},"content":{"rendered":"<h3>Kas yra skrudinti \u017eem\u0117s rie\u0161ut\u0173 branduoliai Splite?<\/h3>\n<p>Skrudinti \u017eem\u0117s rie\u0161ut\u0173 branduoliai, vadinami skrudintais \u017eem\u0117s rie\u0161ut\u0173 branduoliais, yra \u017eem\u0117s rie\u0161utai, kurie buvo kruop\u0161\u010diai skrudinti iki tobulumo, o paskui atsargiai padalinti per pus\u0119. Jie \u017einomi d\u0117l savo sodraus aromato, tra\u0161kaus skonio ir plataus pritaikymo u\u017ekand\u017eiams, kepiniams ir \u012fvairiems maisto produktams. Skrudinimo procesas ne tik sustiprina nat\u016bral\u0173 \u017eem\u0117s rie\u0161ut\u0173 skon\u012f, bet ir daro juos idealiu pasirinkimu maisto gamintojams, u\u017ekand\u017ei\u0173 prekiniams \u017eenklams ir vartotojams, kurie siekia sveikesn\u0117s mitybos.<\/p>\n<h3>Alternatyv\u016bs skrudint\u0173 \u017eem\u0117s rie\u0161ut\u0173 branduoli\u0173 pavadinimai Splite<\/h3>\n<p>Skrudinti \u017eem\u0117s rie\u0161ut\u0173 branduoliai Splite taip pat vadinami kitais pavadinimais, atsi\u017evelgiant \u012f region\u0105 ar rink\u0105, \u012fskaitant:<\/p>\n<ul>\n<li>Skelbti skrudinti \u017eem\u0117s rie\u0161utai<\/li>\n<li>Skrudintos \u017eem\u0117s rie\u0161ut\u0173 pus\u0117s<\/li>\n<li>Padalinti skrudinti \u017eem\u0117s rie\u0161ut\u0173 branduoliai<\/li>\n<li>\u017dem\u0117s rie\u0161ut\u0173 skilimas<\/li>\n<\/ul>\n<h3>Aktualios temos<\/h3>\n<ol>\n<li><strong>Skrudint\u0173 \u017eem\u0117s rie\u0161ut\u0173 branduoli\u0173 nauda sveikatai<\/strong>: Skrudinti \u017eem\u0117s rie\u0161ut\u0173 branduoliai yra turtingas baltym\u0173, sveik\u0173 riebal\u0173 ir b\u016btin\u0173 vitamin\u0173 \u0161altinis. Jie yra maistingas u\u017ekandis arba \u012fvairi\u0173 sveikatai skirt\u0173 produkt\u0173 ingredientas.<\/li>\n<li><strong>Auganti \u017eem\u0117s rie\u0161ut\u0173 u\u017ekand\u017ei\u0173 paklausa:<\/strong> Skrudinti \u017eem\u0117s rie\u0161ut\u0173 branduoliai suskaidyti populiar\u0117ja d\u0117l i\u0161augusios sveik\u0173 u\u017ekand\u017ei\u0173 paklausos.<\/li>\n<li><strong>Maisto sauga ir kokyb\u0117s kontrol\u0117 perdirbant \u017eem\u0117s rie\u0161utus:<\/strong> Auk\u0161t\u0173 gamybos ir tvarkymo standart\u0173 palaikymas yra labai svarbus gaminio vientisumui ir maisto saugos taisykli\u0173 laikymuisi.<\/li>\n<li><strong>\u017dem\u0117s rie\u0161ut\u0173 produktai su priva\u010dia etikete:<\/strong> Daugelis preki\u0173 \u017eenkl\u0173 renkasi m\u016bs\u0173 priva\u010di\u0173 preki\u0173 \u017eenkl\u0173 paslaugas, kad pasi\u016blyt\u0173 auk\u0161\u010diausios kokyb\u0117s pjaustytus skrudintus \u017eem\u0117s rie\u0161ut\u0173 branduolius su savo prek\u0117s \u017eenklu.<\/li>\n<\/ol>\n<p><img loading=\"lazy\" decoding=\"async\" class=\"alignnone wp-image-1720 size-large\" src=\"https:\/\/www.peanutoem.com\/wp-content\/uploads\/2024\/09\/Roasted-Peanut-Power-in-Carton-1024x908.webp\" alt=\"Skrudint\u0173 \u017eem\u0117s rie\u0161ut\u0173 galia kartonin\u0117je d\u0117\u017eut\u0117je\" width=\"1020\" height=\"904\" srcset=\"https:\/\/www.peanutoem.com\/wp-content\/uploads\/2024\/09\/Roasted-Peanut-Power-in-Carton-1024x908.webp 1024w, https:\/\/www.peanutoem.com\/wp-content\/uploads\/2024\/09\/Roasted-Peanut-Power-in-Carton-300x266.webp 300w, https:\/\/www.peanutoem.com\/wp-content\/uploads\/2024\/09\/Roasted-Peanut-Power-in-Carton-768x681.webp 768w, https:\/\/www.peanutoem.com\/wp-content\/uploads\/2024\/09\/Roasted-Peanut-Power-in-Carton-1536x1362.webp 1536w, https:\/\/www.peanutoem.com\/wp-content\/uploads\/2024\/09\/Roasted-Peanut-Power-in-Carton-2048x1816.webp 2048w, https:\/\/www.peanutoem.com\/wp-content\/uploads\/2024\/09\/Roasted-Peanut-Power-in-Carton-14x12.webp 14w, https:\/\/www.peanutoem.com\/wp-content\/uploads\/2024\/09\/Roasted-Peanut-Power-in-Carton-600x532.webp 600w\" sizes=\"auto, (max-width: 1020px) 100vw, 1020px\" \/><\/p>\n<hr \/>\n<h3>Kod\u0117l verta rinktis mus kaip pjaustyt\u0173 skrudint\u0173 \u017eem\u0117s rie\u0161ut\u0173 branduoli\u0173 tiek\u0117j\u0105?<\/h3>\n<p>Esame patikimas skrudint\u0173 \u017eem\u0117s rie\u0161ut\u0173 branduoli\u0173 tiek\u0117jas Splite d\u0117l keli\u0173 \u012ftikinam\u0173 prie\u017eas\u010di\u0173:<\/p>\n<ul>\n<li><strong>I\u0161pl\u0117stin\u0117 gamybos \u012franga:<\/strong> M\u016bs\u0173 gamykla naudoja pa\u017eangiausias JAV gamybos linijas auk\u0161\u010diausio lygio skrudinimo ir pjaustymo procesams.<\/li>\n<li><strong>Grie\u017etas kokyb\u0117s u\u017etikrinimas:<\/strong> Savo laboratorijoje atliekame i\u0161samius bandymus, siekdami u\u017etikrinti, kad kiekviena partija atitikt\u0173 pasaulinius standartus.<\/li>\n<li><strong>Pasauliniai sertifikatai:<\/strong> M\u016bs\u0173 skrudinti \u017eem\u0117s rie\u0161ut\u0173 branduoliai yra sertifikuoti HACCP, BRCGS, Kosher, Halal ir EU Organic kokyb\u0117s ir saugos po\u017ei\u016briu.<\/li>\n<li><strong>Patikima tiekimo grandin\u0117:<\/strong> M\u016bs\u0173 didelis pastovios temperat\u016bros sand\u0117lis garantuoja gamini\u0173 kokyb\u0119 ir tiekimo stabilum\u0105 i\u0161tisus metus.<\/li>\n<li><strong>Individualizuotos paslaugos:<\/strong> Mes teikiame priva\u010di\u0173 preki\u0173 \u017eenkl\u0173 sprendimus, pritaikytus specifiniams preki\u0173 \u017eenkl\u0173 ir importuotoj\u0173 poreikiams visame pasaulyje.<\/li>\n<li><strong>Darnus vystymasis:<\/strong> Mes sutelkiame d\u0117mes\u012f \u012f tvari\u0105 praktik\u0105 ir bendradarbiaujame su \u017einomais prekybos centr\u0173 tinklais, siekdami abipus\u0117s gerov\u0117s.<\/li>\n<\/ul>\n<h3>Klausimai ir atsakymai apie pjaustytus skrudintus \u017eem\u0117s rie\u0161ut\u0173 branduolius<\/h3>\n<p><strong>Kl.: Kas daro jus pirmaujan\u010diu skrudint\u0173 \u017eem\u0117s rie\u0161ut\u0173 branduoli\u0173 tiek\u0117ju?<\/strong><br \/>\n<strong>A:<\/strong> M\u016bs\u0173 pa\u017eangios gamybos patalpos, grie\u017etas kokyb\u0117s u\u017etikrinimas ir pasauliniai sertifikatai u\u017etikrina, kad nuolatos tiekiame auk\u0161tos kokyb\u0117s produktus.<\/p>\n<p><strong>Kl .: Ar galiu pritaikyti pakuot\u0119 pagal savo prek\u0117s \u017eenkl\u0105?<\/strong><br \/>\n<strong>A:<\/strong> Taip, teikiame priva\u010di\u0173 preki\u0173 \u017eenkl\u0173 paslaugas, leid\u017eian\u010dias visi\u0161kai pritaikyti pakuotes ir prek\u0117s \u017eenkl\u0105, kad atitikt\u0173 j\u016bs\u0173 rinkos poreikius.<\/p>\n<p><strong>K: Kokius sertifikatus turi j\u016bs\u0173 skrudinti \u017eem\u0117s rie\u0161ut\u0173 branduoliai?<\/strong><br \/>\n<strong>A:<\/strong> M\u016bs\u0173 gaminiai yra sertifikuoti pagal HACCP, BRC, Halal, Kosher, EU Organic ir kitus pasaulinius standartus, u\u017etikrinan\u010dius kokyb\u0119 ir saugum\u0105.<\/p>\n<p><strong>K: Kaip u\u017etikrinate \u0161vie\u017eum\u0105 ir kokyb\u0119?<\/strong><br \/>\n<strong>A:<\/strong> M\u016bs\u0173 didel\u0117 pastovios temperat\u016bros saugykla palaiko optimalias s\u0105lygas, i\u0161saugo \u0161vie\u017eum\u0105 ir kokyb\u0119 iki pristatymo.<\/p>\n<p><strong>Kl .: Ar teikiate masinius tarptautini\u0173 siunt\u0173 u\u017esakymus?<\/strong><br \/>\n<strong>A:<\/strong> Taip, mes specializuojam\u0117s masini\u0173 u\u017esakym\u0173 ir tarptautini\u0173 siunt\u0173 srityje, u\u017etikrindami vientis\u0105 tiekimo grandin\u0119 pasauliniams klientams.<\/p>\n<p><strong>Kl .: Kokie yra skrudint\u0173 \u017eem\u0117s rie\u0161ut\u0173 branduoli\u0173 pasirinkimo suskaidytais prana\u0161umai?<\/strong><br \/>\n<strong>A:<\/strong> Suskaidyti skrudinti \u017eem\u0117s rie\u0161ut\u0173 branduoliai yra paruo\u0161tas naudoti produktas su patobulintu skoniu ir tekst\u016bra, puikiai tinkantis u\u017ekand\u017eiams ir garnyrams.<\/p>\n<p><strong>K: Ar j\u016bs\u0173 skrudintuose \u017eem\u0117s rie\u0161ut\u0173 branduoliuose yra pried\u0173?<\/strong><br \/>\n<strong>A:<\/strong> Ne, m\u016bs\u0173 skrudintuose \u017eem\u0117s rie\u0161ut\u0173 branduoliuose n\u0117ra pried\u0173 ir konservant\u0173, tod\u0117l produktas yra nat\u016bralus.<\/p>\n<p><strong>Kl.: Ar galiu pra\u0161yti konkre\u010di\u0173 skrudinimo lygi\u0173?<\/strong><br \/>\n<strong>A:<\/strong> Taip, mes galime pritaikyti skrudinimo lygius pagal j\u016bs\u0173 specifikacijas, nesvarbu, ar norite \u0161viesaus, vidutinio ar tamsaus skrudinimo.<\/p>\n<p><strong>Kl .: Kaip galiu papra\u0161yti pavyzd\u017eio?<\/strong><br \/>\n<strong>A:<\/strong> <a href=\"mailto:globepeanut@gmail.com\" target=\"_blank\" rel=\"noopener\">Susisiekite <\/a>m\u016bs\u0173 pardavim\u0173 komanda papra\u0161ys pavyzd\u017eio ir aptars j\u016bs\u0173 konkre\u010dius poreikius.<\/p>\n<p><strong>K: Kokioms rinkoms tiekiate?<\/strong><br \/>\n<strong>A:<\/strong> Mes tiekiame skrudintus \u017eem\u0117s rie\u0161ut\u0173 branduolius \u012fvairioms pasaulio rinkoms, \u012fskaitant \u0160iaur\u0117s Amerik\u0105, Europ\u0105, Azij\u0105 ir Artimuosius Rytus, tur\u0117dami tvirt\u0105 pramon\u0117s partneryst\u0119.<\/p>\n<a href=\"mailto:globepeanut@gmail.com\" class=\"button primary is-primary is-medium\"  >\n    <span>El. pa\u0161tu<\/span>\n  <\/a>","protected":false},"excerpt":{"rendered":"<p>Esame pjaustyt\u0173 skrudint\u0173 \u017eem\u0117s rie\u0161ut\u0173 branduoli\u0173 gamintojas ir tiek\u0117jas Kinijoje<\/p>\n<p>- MOQ: 1 tona<br \/>\n- Si\u016bloma OEM \/ ODM paslauga<br \/>\n- Galimas nemokamas pavyzdys<br \/>\n- Priimkite pritaikym\u0105 (specifikacijos, dyd\u017eiai, spalva, dizainas ir kt.)<br \/>\n- Specifikacijos (3-5 aki\u0173, 4-7 aki\u0173, 5-8 aki\u0173, 6-10 aki\u0173, 8-14 aki\u0173 arba pagal j\u016bs\u0173 reikalavim\u0105)<\/p>\n<p>Jei norite gauti skrudint\u0173 \u017eem\u0117s rie\u0161ut\u0173 branduoli\u0173 suskaidytais arba supjaustytais skrudintais \u017eem\u0117s rie\u0161ut\u0173 branduoliais, susisiekite su mumis.<\/p>","protected":false},"featured_media":1712,"comment_status":"open","ping_status":"closed","template":"","meta":[],"product_cat":[37],"product_tag":[],"class_list":{"0":"post-1555","1":"product","2":"type-product","3":"status-publish","4":"has-post-thumbnail","6":"product_cat-roasted-peanut","8":"first","9":"instock","10":"shipping-taxable","11":"product-type-simple"},"yoast_head":"<!-- This site is optimized with the Yoast SEO plugin v24.9 - https:\/\/yoast.com\/wordpress\/plugins\/seo\/ -->\n<title>Roasted Peanut Kernels in Split | Sliced Roasted Peanut Kernels - Peanut Butter Factory<\/title>\n<meta name=\"description\" content=\"We are leading OEM manufacturer, supplier, and exporter of high-quality Roasted Peanut Kernels in Split. Private label services and global brands partner.\" \/>\n<meta name=\"robots\" content=\"index, follow, max-snippet:-1, max-image-preview:large, max-video-preview:-1\" \/>\n<link rel=\"canonical\" href=\"https:\/\/www.peanutoem.com\/lt\/manufacturer\/roasted-peanut-kernels-in-split\/\" \/>\n<meta property=\"og:locale\" content=\"lt_LT\" \/>\n<meta property=\"og:type\" content=\"article\" \/>\n<meta property=\"og:title\" content=\"Roasted Peanut Kernels in Split | Sliced Roasted Peanut Kernels - Peanut Butter Factory\" \/>\n<meta property=\"og:description\" content=\"We are leading OEM manufacturer, supplier, and exporter of high-quality Roasted Peanut Kernels in Split. Private label services and global brands partner.\" \/>\n<meta property=\"og:url\" content=\"https:\/\/www.peanutoem.com\/lt\/manufacturer\/roasted-peanut-kernels-in-split\/\" \/>\n<meta property=\"og:site_name\" content=\"Peanut Butter Factory\" \/>\n<meta property=\"article:modified_time\" content=\"2024-09-28T04:44:51+00:00\" \/>\n<meta property=\"og:image\" content=\"https:\/\/www.peanutoem.com\/wp-content\/uploads\/2024\/09\/4-6mm-roasted-peanut-kernels-scaled.webp\" \/>\n\t<meta property=\"og:image:width\" content=\"1920\" \/>\n\t<meta property=\"og:image:height\" content=\"2560\" \/>\n\t<meta property=\"og:image:type\" content=\"image\/webp\" \/>\n<meta name=\"twitter:card\" content=\"summary_large_image\" \/>\n<meta name=\"twitter:label1\" content=\"Est. reading time\" \/>\n\t<meta name=\"twitter:data1\" content=\"4 minut\u0117s\" \/>\n<script type=\"application\/ld+json\" class=\"yoast-schema-graph\">{\"@context\":\"https:\/\/schema.org\",\"@graph\":[{\"@type\":\"WebPage\",\"@id\":\"https:\/\/www.peanutoem.com\/manufacturer\/roasted-peanut-kernels-in-split\/\",\"url\":\"https:\/\/www.peanutoem.com\/manufacturer\/roasted-peanut-kernels-in-split\/\",\"name\":\"Roasted Peanut Kernels in Split | Sliced Roasted Peanut Kernels - Peanut Butter Factory\",\"isPartOf\":{\"@id\":\"https:\/\/www.peanutoem.com\/#website\"},\"primaryImageOfPage\":{\"@id\":\"https:\/\/www.peanutoem.com\/manufacturer\/roasted-peanut-kernels-in-split\/#primaryimage\"},\"image\":{\"@id\":\"https:\/\/www.peanutoem.com\/manufacturer\/roasted-peanut-kernels-in-split\/#primaryimage\"},\"thumbnailUrl\":\"https:\/\/www.peanutoem.com\/wp-content\/uploads\/2024\/09\/4-6mm-roasted-peanut-kernels-scaled.webp\",\"datePublished\":\"2024-09-02T14:00:33+00:00\",\"dateModified\":\"2024-09-28T04:44:51+00:00\",\"description\":\"We are leading OEM manufacturer, supplier, and exporter of high-quality Roasted Peanut Kernels in Split. Private label services and global brands partner.\",\"breadcrumb\":{\"@id\":\"https:\/\/www.peanutoem.com\/manufacturer\/roasted-peanut-kernels-in-split\/#breadcrumb\"},\"inLanguage\":\"lt-LT\",\"potentialAction\":[{\"@type\":\"ReadAction\",\"target\":[\"https:\/\/www.peanutoem.com\/manufacturer\/roasted-peanut-kernels-in-split\/\"]}]},{\"@type\":\"ImageObject\",\"inLanguage\":\"lt-LT\",\"@id\":\"https:\/\/www.peanutoem.com\/manufacturer\/roasted-peanut-kernels-in-split\/#primaryimage\",\"url\":\"https:\/\/www.peanutoem.com\/wp-content\/uploads\/2024\/09\/4-6mm-roasted-peanut-kernels-scaled.webp\",\"contentUrl\":\"https:\/\/www.peanutoem.com\/wp-content\/uploads\/2024\/09\/4-6mm-roasted-peanut-kernels-scaled.webp\",\"width\":1920,\"height\":2560,\"caption\":\"4-6mm roasted peanut kernels\"},{\"@type\":\"BreadcrumbList\",\"@id\":\"https:\/\/www.peanutoem.com\/manufacturer\/roasted-peanut-kernels-in-split\/#breadcrumb\",\"itemListElement\":[{\"@type\":\"ListItem\",\"position\":1,\"name\":\"Home\",\"item\":\"https:\/\/www.peanutoem.com\/\"},{\"@type\":\"ListItem\",\"position\":2,\"name\":\"Products\",\"item\":\"https:\/\/www.peanutoem.com\/shop\/\"},{\"@type\":\"ListItem\",\"position\":3,\"name\":\"Roasted Peanut Kernels in Split | Sliced Roasted Peanut Kernels\"}]},{\"@type\":\"WebSite\",\"@id\":\"https:\/\/www.peanutoem.com\/#website\",\"url\":\"https:\/\/www.peanutoem.com\/\",\"name\":\"Peanut Butter Factory\",\"description\":\"Peanut Butter Manufacturer and Roast Peanut OEM Factory | Peanut Private Label China Supplier\",\"publisher\":{\"@id\":\"https:\/\/www.peanutoem.com\/#organization\"},\"alternateName\":\"Peanut Butter OEM and Wholesale\",\"potentialAction\":[{\"@type\":\"SearchAction\",\"target\":{\"@type\":\"EntryPoint\",\"urlTemplate\":\"https:\/\/www.peanutoem.com\/?s={search_term_string}\"},\"query-input\":{\"@type\":\"PropertyValueSpecification\",\"valueRequired\":true,\"valueName\":\"search_term_string\"}}],\"inLanguage\":\"lt-LT\"},{\"@type\":\"Organization\",\"@id\":\"https:\/\/www.peanutoem.com\/#organization\",\"name\":\"Peanut Butter Factory\",\"alternateName\":\"JuFeng Group\",\"url\":\"https:\/\/www.peanutoem.com\/\",\"logo\":{\"@type\":\"ImageObject\",\"inLanguage\":\"lt-LT\",\"@id\":\"https:\/\/www.peanutoem.com\/#\/schema\/logo\/image\/\",\"url\":\"https:\/\/www.peanutoem.com\/wp-content\/uploads\/2024\/09\/JUFENG-LOGO.png\",\"contentUrl\":\"https:\/\/www.peanutoem.com\/wp-content\/uploads\/2024\/09\/JUFENG-LOGO.png\",\"width\":600,\"height\":170,\"caption\":\"Peanut Butter Factory\"},\"image\":{\"@id\":\"https:\/\/www.peanutoem.com\/#\/schema\/logo\/image\/\"}}]}<\/script>\n<!-- \/ Yoast SEO plugin. -->","yoast_head_json":{"title":"Roasted Peanut Kernels in Split | Sliced Roasted Peanut Kernels - Peanut Butter Factory","description":"We are leading OEM manufacturer, supplier, and exporter of high-quality Roasted Peanut Kernels in Split. Private label services and global brands partner.","robots":{"index":"index","follow":"follow","max-snippet":"max-snippet:-1","max-image-preview":"max-image-preview:large","max-video-preview":"max-video-preview:-1"},"canonical":"https:\/\/www.peanutoem.com\/lt\/manufacturer\/roasted-peanut-kernels-in-split\/","og_locale":"lt_LT","og_type":"article","og_title":"Roasted Peanut Kernels in Split | Sliced Roasted Peanut Kernels - Peanut Butter Factory","og_description":"We are leading OEM manufacturer, supplier, and exporter of high-quality Roasted Peanut Kernels in Split. Private label services and global brands partner.","og_url":"https:\/\/www.peanutoem.com\/lt\/manufacturer\/roasted-peanut-kernels-in-split\/","og_site_name":"Peanut Butter Factory","article_modified_time":"2024-09-28T04:44:51+00:00","og_image":[{"width":1920,"height":2560,"url":"https:\/\/www.peanutoem.com\/wp-content\/uploads\/2024\/09\/4-6mm-roasted-peanut-kernels-scaled.webp","type":"image\/webp"}],"twitter_card":"summary_large_image","twitter_misc":{"Est. reading time":"4 minut\u0117s"},"schema":{"@context":"https:\/\/schema.org","@graph":[{"@type":"WebPage","@id":"https:\/\/www.peanutoem.com\/manufacturer\/roasted-peanut-kernels-in-split\/","url":"https:\/\/www.peanutoem.com\/manufacturer\/roasted-peanut-kernels-in-split\/","name":"Roasted Peanut Kernels in Split | Sliced Roasted Peanut Kernels - Peanut Butter Factory","isPartOf":{"@id":"https:\/\/www.peanutoem.com\/#website"},"primaryImageOfPage":{"@id":"https:\/\/www.peanutoem.com\/manufacturer\/roasted-peanut-kernels-in-split\/#primaryimage"},"image":{"@id":"https:\/\/www.peanutoem.com\/manufacturer\/roasted-peanut-kernels-in-split\/#primaryimage"},"thumbnailUrl":"https:\/\/www.peanutoem.com\/wp-content\/uploads\/2024\/09\/4-6mm-roasted-peanut-kernels-scaled.webp","datePublished":"2024-09-02T14:00:33+00:00","dateModified":"2024-09-28T04:44:51+00:00","description":"We are leading OEM manufacturer, supplier, and exporter of high-quality Roasted Peanut Kernels in Split. Private label services and global brands partner.","breadcrumb":{"@id":"https:\/\/www.peanutoem.com\/manufacturer\/roasted-peanut-kernels-in-split\/#breadcrumb"},"inLanguage":"lt-LT","potentialAction":[{"@type":"ReadAction","target":["https:\/\/www.peanutoem.com\/manufacturer\/roasted-peanut-kernels-in-split\/"]}]},{"@type":"ImageObject","inLanguage":"lt-LT","@id":"https:\/\/www.peanutoem.com\/manufacturer\/roasted-peanut-kernels-in-split\/#primaryimage","url":"https:\/\/www.peanutoem.com\/wp-content\/uploads\/2024\/09\/4-6mm-roasted-peanut-kernels-scaled.webp","contentUrl":"https:\/\/www.peanutoem.com\/wp-content\/uploads\/2024\/09\/4-6mm-roasted-peanut-kernels-scaled.webp","width":1920,"height":2560,"caption":"4-6mm roasted peanut kernels"},{"@type":"BreadcrumbList","@id":"https:\/\/www.peanutoem.com\/manufacturer\/roasted-peanut-kernels-in-split\/#breadcrumb","itemListElement":[{"@type":"ListItem","position":1,"name":"Home","item":"https:\/\/www.peanutoem.com\/"},{"@type":"ListItem","position":2,"name":"Products","item":"https:\/\/www.peanutoem.com\/shop\/"},{"@type":"ListItem","position":3,"name":"Roasted Peanut Kernels in Split | Sliced Roasted Peanut Kernels"}]},{"@type":"WebSite","@id":"https:\/\/www.peanutoem.com\/#website","url":"https:\/\/www.peanutoem.com\/","name":"Peanut Butter Factory","description":"Peanut Butter Manufacturer and Roast Peanut OEM Factory | Peanut Private Label China Supplier","publisher":{"@id":"https:\/\/www.peanutoem.com\/#organization"},"alternateName":"Peanut Butter OEM and Wholesale","potentialAction":[{"@type":"SearchAction","target":{"@type":"EntryPoint","urlTemplate":"https:\/\/www.peanutoem.com\/?s={search_term_string}"},"query-input":{"@type":"PropertyValueSpecification","valueRequired":true,"valueName":"search_term_string"}}],"inLanguage":"lt-LT"},{"@type":"Organization","@id":"https:\/\/www.peanutoem.com\/#organization","name":"Peanut Butter Factory","alternateName":"JuFeng Group","url":"https:\/\/www.peanutoem.com\/","logo":{"@type":"ImageObject","inLanguage":"lt-LT","@id":"https:\/\/www.peanutoem.com\/#\/schema\/logo\/image\/","url":"https:\/\/www.peanutoem.com\/wp-content\/uploads\/2024\/09\/JUFENG-LOGO.png","contentUrl":"https:\/\/www.peanutoem.com\/wp-content\/uploads\/2024\/09\/JUFENG-LOGO.png","width":600,"height":170,"caption":"Peanut Butter Factory"},"image":{"@id":"https:\/\/www.peanutoem.com\/#\/schema\/logo\/image\/"}}]}},"_links":{"self":[{"href":"https:\/\/www.peanutoem.com\/lt\/wp-json\/wp\/v2\/product\/1555","targetHints":{"allow":["GET"]}}],"collection":[{"href":"https:\/\/www.peanutoem.com\/lt\/wp-json\/wp\/v2\/product"}],"about":[{"href":"https:\/\/www.peanutoem.com\/lt\/wp-json\/wp\/v2\/types\/product"}],"replies":[{"embeddable":true,"href":"https:\/\/www.peanutoem.com\/lt\/wp-json\/wp\/v2\/comments?post=1555"}],"wp:featuredmedia":[{"embeddable":true,"href":"https:\/\/www.peanutoem.com\/lt\/wp-json\/wp\/v2\/media\/1712"}],"wp:attachment":[{"href":"https:\/\/www.peanutoem.com\/lt\/wp-json\/wp\/v2\/media?parent=1555"}],"wp:term":[{"taxonomy":"product_cat","embeddable":true,"href":"https:\/\/www.peanutoem.com\/lt\/wp-json\/wp\/v2\/product_cat?post=1555"},{"taxonomy":"product_tag","embeddable":true,"href":"https:\/\/www.peanutoem.com\/lt\/wp-json\/wp\/v2\/product_tag?post=1555"}],"curies":[{"name":"wp","href":"https:\/\/api.w.org\/{rel}","templated":true}]}}