{"id":1556,"date":"2024-09-02T14:00:57","date_gmt":"2024-09-02T14:00:57","guid":{"rendered":"https:\/\/www.peanutoem.com\/?post_type=product&#038;p=1556"},"modified":"2024-09-28T04:23:49","modified_gmt":"2024-09-28T04:23:49","slug":"roasted-peanut-powder","status":"publish","type":"product","link":"https:\/\/www.peanutoem.com\/lt\/manufacturer\/roasted-peanut-powder\/","title":{"rendered":"Skrudinti \u017eem\u0117s rie\u0161ut\u0173 milteliai"},"content":{"rendered":"<h3>Kas yra skrudint\u0173 \u017eem\u0117s rie\u0161ut\u0173 milteliai?<\/h3>\n<p>Skrudinti \u017eem\u0117s rie\u0161ut\u0173 milteliai gaminami smulkiai sumalant \u017eem\u0117s rie\u0161utus ir sustiprinant j\u0173 nat\u016bral\u0173 skon\u012f per a <a href=\"https:\/\/en.wikipedia.org\/wiki\/Roasting\" target=\"_blank\" rel=\"noopener\">skrudinimas<\/a> procesas. \u0160is universalus ingredientas yra populiarus maisto pramon\u0117je, naudojamas kaip auk\u0161\u010diausios kokyb\u0117s \u017eem\u0117s rie\u0161ut\u0173 u\u017ekand\u017ei\u0173, kepini\u0173, pada\u017e\u0173 ir baltym\u0173 milteli\u0173 komponentas. Skrudinimo procesas \u017eymiai sustiprina rie\u0161ut\u0173 aromat\u0105, tod\u0117l jie yra pageidaujama med\u017eiaga maisto gamintojams, siekiantiems sodraus \u017eem\u0117s rie\u0161ut\u0173 skonio. D\u0117l jo milteli\u0173 j\u012f lengva \u012fmai\u0161yti \u012f \u012fvairius receptus, suteikiant sodraus skonio maisto produktams nereikalaujant papildomo vandens.<\/p>\n<h3><img loading=\"lazy\" decoding=\"async\" class=\"alignnone wp-image-1719 size-full\" src=\"https:\/\/www.peanutoem.com\/wp-content\/uploads\/2024\/09\/Roasted-Peanut-Powder-in-Pouch.webp\" alt=\"Skrudinti \u017eem\u0117s rie\u0161ut\u0173 milteliai mai\u0161elyje\" width=\"912\" height=\"1128\" srcset=\"https:\/\/www.peanutoem.com\/wp-content\/uploads\/2024\/09\/Roasted-Peanut-Powder-in-Pouch.webp 912w, https:\/\/www.peanutoem.com\/wp-content\/uploads\/2024\/09\/Roasted-Peanut-Powder-in-Pouch-243x300.webp 243w, https:\/\/www.peanutoem.com\/wp-content\/uploads\/2024\/09\/Roasted-Peanut-Powder-in-Pouch-828x1024.webp 828w, https:\/\/www.peanutoem.com\/wp-content\/uploads\/2024\/09\/Roasted-Peanut-Powder-in-Pouch-768x950.webp 768w, https:\/\/www.peanutoem.com\/wp-content\/uploads\/2024\/09\/Roasted-Peanut-Powder-in-Pouch-10x12.webp 10w, https:\/\/www.peanutoem.com\/wp-content\/uploads\/2024\/09\/Roasted-Peanut-Powder-in-Pouch-600x742.webp 600w\" sizes=\"auto, (max-width: 912px) 100vw, 912px\" \/><\/h3>\n<h3>Alternatyv\u016bs skrudint\u0173 \u017eem\u0117s rie\u0161ut\u0173 milteli\u0173 pavadinimai<\/h3>\n<p>Skrudinti \u017eem\u0117s rie\u0161ut\u0173 milteliai rinkoje \u017einomi skirtingais pavadinimais. Kai kurios \u012fprastos alternatyvos:<\/p>\n<ul>\n<li>\u017dem\u0117s rie\u0161ut\u0173 miltai<\/li>\n<li>Skrudinti \u017eem\u0117s rie\u0161ut\u0173 milteliai<\/li>\n<li>\u017dem\u0117s rie\u0161ut\u0173 patiekalas<\/li>\n<li>Skrudintos \u017eem\u0117s rie\u0161ut\u0173 dulk\u0117s<\/li>\n<li>Nuriebalinti \u017eem\u0117s rie\u0161ut\u0173 milteliai<\/li>\n<\/ul>\n<div class=\"group\/conversation-turn relative flex w-full min-w-0 flex-col agent-turn\">\n<div class=\"flex-col gap-1 md:gap-3\">\n<h3>Aktualios temos apie skrudint\u0173 \u017eem\u0117s rie\u0161ut\u0173 miltelius<\/h3>\n<ul>\n<li data-pm-slice=\"0 0 []\"><strong>Kepimo be glitimo programos:<\/strong> Daugiau kep\u0117j\u0173 naudoja skrudintus \u017eem\u0117s rie\u0161ut\u0173 miltelius kaip milt\u0173 pakaital\u0105 receptuose be glitimo, o tai pagerina skon\u012f ir maistingum\u0105.<\/li>\n<li><strong>Nauda sveikatai:<\/strong> Sveikata besir\u016bpinantiems vartotojams skrudinti \u017eem\u0117s rie\u0161ut\u0173 milteliai atrodo patraukl\u016bs d\u0117l didelio baltym\u0173, skaidul\u0173 ir sveik\u0173 riebal\u0173 kiekio.<\/li>\n<li><strong>Auganti augalini\u0173 baltym\u0173 paklausa:<\/strong> Augant augalin\u0117s kilm\u0117s dietai, skrudinti \u017eem\u0117s rie\u0161ut\u0173 milteliai tampa m\u0117gstamu baltym\u0173 \u0161altiniu veganams ir vegetarams.<\/li>\n<li><strong>Kepimo be glitimo programos:<\/strong> Kep\u0117jai vis da\u017eniau renkasi skrudintus \u017eem\u0117s rie\u0161ut\u0173 miltelius kaip milt\u0173 pakaital\u0105 receptuose be glitimo, o tai pagerina skon\u012f ir maistingum\u0105.<\/li>\n<li><strong>Inovatyv\u016bs naudojimo b\u016bdai maisto pramon\u0117je:<\/strong> \u0160is universalus ingredientas pagerina \u012fvairi\u0173 produkt\u0173 skon\u012f ir tekst\u016br\u0105 \u2013 nuo energetini\u0173 baton\u0117li\u0173 iki pada\u017e\u0173.<\/li>\n<li><strong>Priva\u010dios prek\u0117s \u017eenklo galimyb\u0117s:<\/strong> Daugelis preki\u0173 \u017eenkl\u0173 renkasi priva\u010dius \u017eem\u0117s rie\u0161ut\u0173 gaminius, si\u016blydami pritaikytus skrudint\u0173 \u017eem\u0117s rie\u0161ut\u0173 milteli\u0173 sprendimus kartu su mumis, kaip patikimu O\u012eG partneriu.<\/li>\n<\/ul>\n<h3 class=\"flex max-w-full flex-col flex-grow\"><span style=\"font-size: 20.16px;\">Kaip patikimas \u017eem\u0117s rie\u0161ut\u0173 perdirbimo pramon\u0117s lyderis, si\u016blome auk\u0161\u010diausios kokyb\u0117s skrudint\u0173 \u017eem\u0117s rie\u0161ut\u0173 miltelius \u012fvairiems tikslams. \u0160tai kaip mes i\u0161siskiriame:<\/span><\/h3>\n<ul>\n<li><strong>Naujausia produkcija:<\/strong> M\u016bs\u0173 pa\u017eangios gamybos linijos u\u017etikrina auk\u0161tos kokyb\u0117s skrudint\u0173 \u017eem\u0117s rie\u0161ut\u0173 miltelius, kuri\u0173 daleli\u0173 dydis ir skonis yra vienodas.<\/li>\n<li><strong>Individual\u016bs sprendimai:<\/strong> Kaip OEM gamintojas, teikiame priva\u010di\u0173 preki\u0173 \u017eenkl\u0173 paslaugas, pritaikytus skrudinimo lygius ir lanks\u010dias pakavimo galimybes, kad atitiktume j\u016bs\u0173 unikalius poreikius.<\/li>\n<li><strong>Grie\u017eta kokyb\u0117s kontrol\u0117:<\/strong> Mes laikom\u0117s auk\u0161\u010diausi\u0173 gamini\u0173 standart\u0173 atlikdami grie\u017etus jutiminius, cheminius ir mikrobinius tyrimus savo naujausiose laboratorijose.<\/li>\n<li><strong>Sertifikatai ir atitiktis:<\/strong> M\u016bs\u0173 sertifikatai \u2013 BRCGS, HACCP, Halal, Kosher ir EU Organic \u2013 patvirtina, kad laikom\u0117s grie\u017et\u0173 kokyb\u0117s ir saugos standart\u0173.<\/li>\n<li><strong>Pasaulin\u0117 eksporto patirtis:<\/strong> Tur\u0117dami didel\u0119 tarptautin\u0117s logistikos patirt\u012f, garantuojame skland\u0173 ir patikim\u0105 eksporto proces\u0105 \u012f pasaulio rinkas.<\/li>\n<li><strong>Tvarumo \u012fsipareigojimas:<\/strong> Pirmenyb\u0119 teikiame tvariam tiekimui ir ekologi\u0161kai gamybos praktikai, prisidedant prie geresn\u0117s \u017eem\u0117s rie\u0161ut\u0173 pramon\u0117s ateities.<\/li>\n<\/ul>\n<h3>Kod\u0117l verta rinktis mus?<\/h3>\n<ul>\n<li><strong>Geriausias pasirinkimas:<\/strong> M\u016bs\u0173 pa\u017eangiausios technologijos, pritaikymo galimyb\u0117s ir pasauliniai sertifikatai daro mus pirmaujan\u010diais tiek\u0117jais.<\/li>\n<li><strong>Individualizuota pakuot\u0117:<\/strong> Si\u016blome priva\u010di\u0173 preki\u0173 \u017eenkl\u0173 paslaugas, kad pritaikytume j\u016bs\u0173 pakuot\u0119 ir prek\u0117s \u017eenkl\u0105 pagal j\u016bs\u0173 specifikacijas.<\/li>\n<li><strong>\u0160vie\u017eumo u\u017etikrinimas:<\/strong> M\u016bs\u0173 kontroliuojamos temperat\u016bros saugyklos palaiko produkt\u0173 \u0161vie\u017eum\u0105 sand\u0117liavimo ir gabenimo metu.<\/li>\n<li><strong>Skrudinimo lygiai:<\/strong> M\u0117gaukit\u0117s pritaikytais skrudinimo lygiais nuo \u0161viesaus iki tamsaus, sukurto pagal j\u016bs\u0173 skon\u012f.<\/li>\n<li><strong>Masiniai u\u017esakymai:<\/strong> Susisiekite su m\u016bs\u0173 pardavim\u0173 komanda, kad gal\u0117tum\u0117te lengvai aptarti ir \u012fvykdyti masinio u\u017esakymo poreikius.<\/li>\n<li><strong>Pramon\u0117s pritaikymas:<\/strong> M\u016bs\u0173 skrudinti \u017eem\u0117s rie\u0161ut\u0173 milteliai yra populiar\u016bs kepiniuose, u\u017ekand\u017ei\u0173 gamyboje, baltym\u0173 papilduose, pada\u017euose ir kvapiosiose med\u017eiagose.<\/li>\n<li><strong>Be glitimo:<\/strong> Nat\u016braliai be glitimo, tai puikus pasirinkimas maisto produktams be glitimo.<\/li>\n<li><strong>Galimi pavyzd\u017eiai:<\/strong> Pateikiame pavyzd\u017eius b\u016bsimiems klientams, kad jie \u012fvertint\u0173 m\u016bs\u0173 gaminio kokyb\u0119 ir tinkamum\u0105.<\/li>\n<li><strong>Pasaulinis pasiekiamumas:<\/strong> Eksportuojame \u012f \u0160iaur\u0117s Amerikos, Europos, Azijos ir Artim\u0173j\u0173 Ryt\u0173 rinkas, u\u017etikrindami tvirt\u0105 tarptautin\u012f tiekimo tinkl\u0105.<\/li>\n<\/ul>\n<a href=\"mailto:globepeanut@gmail.com\" class=\"button primary is-primary is-medium\"  >\n    <span>El. pa\u0161tu<\/span>\n  <\/a>\n\n<\/div>\n<\/div>","protected":false},"excerpt":{"rendered":"<p>Mes esame skrudint\u0173 \u017eem\u0117s rie\u0161ut\u0173 milteli\u0173 gamintojas ir tiek\u0117jas Kinijoje<\/p>\n<p>- MOQ: 1 tona<br \/>\n- Si\u016bloma OEM \/ ODM paslauga<br \/>\n- Galimas nemokamas pavyzdys<br \/>\n- Priimkite pritaikym\u0105 (specifikacijos, dyd\u017eiai, spalva, dizainas ir kt.)<br \/>\n- Specifikacijos (14 aki\u0173 ma\u017eesnis arba pagal j\u016bs\u0173 reikalavim\u0105)<\/p>\n<p>Jei norite gauti skrudint\u0173 \u017eem\u0117s rie\u0161ut\u0173 milteli\u0173, susisiekite su mumis.<\/p>","protected":false},"featured_media":1714,"comment_status":"open","ping_status":"closed","template":"","meta":[],"product_cat":[37],"product_tag":[],"class_list":{"0":"post-1556","1":"product","2":"type-product","3":"status-publish","4":"has-post-thumbnail","6":"product_cat-roasted-peanut","8":"first","9":"instock","10":"shipping-taxable","11":"product-type-simple"},"yoast_head":"<!-- This site is optimized with the Yoast SEO plugin v24.9 - https:\/\/yoast.com\/wordpress\/plugins\/seo\/ -->\n<title>Roasted Peanut Powder Manufacturer - Peanut Butter Factory<\/title>\n<meta name=\"description\" content=\"We are a top OEM, private label manufacturer, and exporter of premium Roasted Peanut Powder, offering quality solutions globally.\" \/>\n<meta name=\"robots\" content=\"index, follow, max-snippet:-1, max-image-preview:large, max-video-preview:-1\" \/>\n<link rel=\"canonical\" href=\"https:\/\/www.peanutoem.com\/lt\/manufacturer\/roasted-peanut-powder\/\" \/>\n<meta property=\"og:locale\" content=\"lt_LT\" \/>\n<meta property=\"og:type\" content=\"article\" \/>\n<meta property=\"og:title\" content=\"Roasted Peanut Powder Manufacturer - Peanut Butter Factory\" \/>\n<meta property=\"og:description\" content=\"We are a top OEM, private label manufacturer, and exporter of premium Roasted Peanut Powder, offering quality solutions globally.\" \/>\n<meta property=\"og:url\" content=\"https:\/\/www.peanutoem.com\/lt\/manufacturer\/roasted-peanut-powder\/\" \/>\n<meta property=\"og:site_name\" content=\"Peanut Butter Factory\" \/>\n<meta property=\"article:modified_time\" content=\"2024-09-28T04:23:49+00:00\" \/>\n<meta property=\"og:image\" content=\"https:\/\/www.peanutoem.com\/wp-content\/uploads\/2024\/09\/Roasted-Peanut-Powder.webp\" \/>\n\t<meta property=\"og:image:width\" content=\"551\" \/>\n\t<meta property=\"og:image:height\" content=\"472\" \/>\n\t<meta property=\"og:image:type\" content=\"image\/webp\" \/>\n<meta name=\"twitter:card\" content=\"summary_large_image\" \/>\n<meta name=\"twitter:label1\" content=\"Est. reading time\" \/>\n\t<meta name=\"twitter:data1\" content=\"3 minut\u0117s\" \/>\n<script type=\"application\/ld+json\" class=\"yoast-schema-graph\">{\"@context\":\"https:\/\/schema.org\",\"@graph\":[{\"@type\":\"WebPage\",\"@id\":\"https:\/\/www.peanutoem.com\/manufacturer\/roasted-peanut-powder\/\",\"url\":\"https:\/\/www.peanutoem.com\/manufacturer\/roasted-peanut-powder\/\",\"name\":\"Roasted Peanut Powder Manufacturer - Peanut Butter Factory\",\"isPartOf\":{\"@id\":\"https:\/\/www.peanutoem.com\/#website\"},\"primaryImageOfPage\":{\"@id\":\"https:\/\/www.peanutoem.com\/manufacturer\/roasted-peanut-powder\/#primaryimage\"},\"image\":{\"@id\":\"https:\/\/www.peanutoem.com\/manufacturer\/roasted-peanut-powder\/#primaryimage\"},\"thumbnailUrl\":\"https:\/\/www.peanutoem.com\/wp-content\/uploads\/2024\/09\/Roasted-Peanut-Powder.webp\",\"datePublished\":\"2024-09-02T14:00:57+00:00\",\"dateModified\":\"2024-09-28T04:23:49+00:00\",\"description\":\"We are a top OEM, private label manufacturer, and exporter of premium Roasted Peanut Powder, offering quality solutions globally.\",\"breadcrumb\":{\"@id\":\"https:\/\/www.peanutoem.com\/manufacturer\/roasted-peanut-powder\/#breadcrumb\"},\"inLanguage\":\"lt-LT\",\"potentialAction\":[{\"@type\":\"ReadAction\",\"target\":[\"https:\/\/www.peanutoem.com\/manufacturer\/roasted-peanut-powder\/\"]}]},{\"@type\":\"ImageObject\",\"inLanguage\":\"lt-LT\",\"@id\":\"https:\/\/www.peanutoem.com\/manufacturer\/roasted-peanut-powder\/#primaryimage\",\"url\":\"https:\/\/www.peanutoem.com\/wp-content\/uploads\/2024\/09\/Roasted-Peanut-Powder.webp\",\"contentUrl\":\"https:\/\/www.peanutoem.com\/wp-content\/uploads\/2024\/09\/Roasted-Peanut-Powder.webp\",\"width\":551,\"height\":472,\"caption\":\"Roasted Peanut Powder\"},{\"@type\":\"BreadcrumbList\",\"@id\":\"https:\/\/www.peanutoem.com\/manufacturer\/roasted-peanut-powder\/#breadcrumb\",\"itemListElement\":[{\"@type\":\"ListItem\",\"position\":1,\"name\":\"Home\",\"item\":\"https:\/\/www.peanutoem.com\/\"},{\"@type\":\"ListItem\",\"position\":2,\"name\":\"Products\",\"item\":\"https:\/\/www.peanutoem.com\/shop\/\"},{\"@type\":\"ListItem\",\"position\":3,\"name\":\"Roasted Peanut Powder\"}]},{\"@type\":\"WebSite\",\"@id\":\"https:\/\/www.peanutoem.com\/#website\",\"url\":\"https:\/\/www.peanutoem.com\/\",\"name\":\"Peanut Butter Factory\",\"description\":\"Peanut Butter Manufacturer and Roast Peanut OEM Factory | Peanut Private Label China Supplier\",\"publisher\":{\"@id\":\"https:\/\/www.peanutoem.com\/#organization\"},\"alternateName\":\"Peanut Butter OEM and Wholesale\",\"potentialAction\":[{\"@type\":\"SearchAction\",\"target\":{\"@type\":\"EntryPoint\",\"urlTemplate\":\"https:\/\/www.peanutoem.com\/?s={search_term_string}\"},\"query-input\":{\"@type\":\"PropertyValueSpecification\",\"valueRequired\":true,\"valueName\":\"search_term_string\"}}],\"inLanguage\":\"lt-LT\"},{\"@type\":\"Organization\",\"@id\":\"https:\/\/www.peanutoem.com\/#organization\",\"name\":\"Peanut Butter Factory\",\"alternateName\":\"JuFeng Group\",\"url\":\"https:\/\/www.peanutoem.com\/\",\"logo\":{\"@type\":\"ImageObject\",\"inLanguage\":\"lt-LT\",\"@id\":\"https:\/\/www.peanutoem.com\/#\/schema\/logo\/image\/\",\"url\":\"https:\/\/www.peanutoem.com\/wp-content\/uploads\/2024\/09\/JUFENG-LOGO.png\",\"contentUrl\":\"https:\/\/www.peanutoem.com\/wp-content\/uploads\/2024\/09\/JUFENG-LOGO.png\",\"width\":600,\"height\":170,\"caption\":\"Peanut Butter Factory\"},\"image\":{\"@id\":\"https:\/\/www.peanutoem.com\/#\/schema\/logo\/image\/\"}}]}<\/script>\n<!-- \/ Yoast SEO plugin. -->","yoast_head_json":{"title":"Roasted Peanut Powder Manufacturer - Peanut Butter Factory","description":"We are a top OEM, private label manufacturer, and exporter of premium Roasted Peanut Powder, offering quality solutions globally.","robots":{"index":"index","follow":"follow","max-snippet":"max-snippet:-1","max-image-preview":"max-image-preview:large","max-video-preview":"max-video-preview:-1"},"canonical":"https:\/\/www.peanutoem.com\/lt\/manufacturer\/roasted-peanut-powder\/","og_locale":"lt_LT","og_type":"article","og_title":"Roasted Peanut Powder Manufacturer - Peanut Butter Factory","og_description":"We are a top OEM, private label manufacturer, and exporter of premium Roasted Peanut Powder, offering quality solutions globally.","og_url":"https:\/\/www.peanutoem.com\/lt\/manufacturer\/roasted-peanut-powder\/","og_site_name":"Peanut Butter Factory","article_modified_time":"2024-09-28T04:23:49+00:00","og_image":[{"width":551,"height":472,"url":"https:\/\/www.peanutoem.com\/wp-content\/uploads\/2024\/09\/Roasted-Peanut-Powder.webp","type":"image\/webp"}],"twitter_card":"summary_large_image","twitter_misc":{"Est. reading time":"3 minut\u0117s"},"schema":{"@context":"https:\/\/schema.org","@graph":[{"@type":"WebPage","@id":"https:\/\/www.peanutoem.com\/manufacturer\/roasted-peanut-powder\/","url":"https:\/\/www.peanutoem.com\/manufacturer\/roasted-peanut-powder\/","name":"Roasted Peanut Powder Manufacturer - Peanut Butter Factory","isPartOf":{"@id":"https:\/\/www.peanutoem.com\/#website"},"primaryImageOfPage":{"@id":"https:\/\/www.peanutoem.com\/manufacturer\/roasted-peanut-powder\/#primaryimage"},"image":{"@id":"https:\/\/www.peanutoem.com\/manufacturer\/roasted-peanut-powder\/#primaryimage"},"thumbnailUrl":"https:\/\/www.peanutoem.com\/wp-content\/uploads\/2024\/09\/Roasted-Peanut-Powder.webp","datePublished":"2024-09-02T14:00:57+00:00","dateModified":"2024-09-28T04:23:49+00:00","description":"We are a top OEM, private label manufacturer, and exporter of premium Roasted Peanut Powder, offering quality solutions globally.","breadcrumb":{"@id":"https:\/\/www.peanutoem.com\/manufacturer\/roasted-peanut-powder\/#breadcrumb"},"inLanguage":"lt-LT","potentialAction":[{"@type":"ReadAction","target":["https:\/\/www.peanutoem.com\/manufacturer\/roasted-peanut-powder\/"]}]},{"@type":"ImageObject","inLanguage":"lt-LT","@id":"https:\/\/www.peanutoem.com\/manufacturer\/roasted-peanut-powder\/#primaryimage","url":"https:\/\/www.peanutoem.com\/wp-content\/uploads\/2024\/09\/Roasted-Peanut-Powder.webp","contentUrl":"https:\/\/www.peanutoem.com\/wp-content\/uploads\/2024\/09\/Roasted-Peanut-Powder.webp","width":551,"height":472,"caption":"Roasted Peanut Powder"},{"@type":"BreadcrumbList","@id":"https:\/\/www.peanutoem.com\/manufacturer\/roasted-peanut-powder\/#breadcrumb","itemListElement":[{"@type":"ListItem","position":1,"name":"Home","item":"https:\/\/www.peanutoem.com\/"},{"@type":"ListItem","position":2,"name":"Products","item":"https:\/\/www.peanutoem.com\/shop\/"},{"@type":"ListItem","position":3,"name":"Roasted Peanut Powder"}]},{"@type":"WebSite","@id":"https:\/\/www.peanutoem.com\/#website","url":"https:\/\/www.peanutoem.com\/","name":"Peanut Butter Factory","description":"Peanut Butter Manufacturer and Roast Peanut OEM Factory | Peanut Private Label China Supplier","publisher":{"@id":"https:\/\/www.peanutoem.com\/#organization"},"alternateName":"Peanut Butter OEM and Wholesale","potentialAction":[{"@type":"SearchAction","target":{"@type":"EntryPoint","urlTemplate":"https:\/\/www.peanutoem.com\/?s={search_term_string}"},"query-input":{"@type":"PropertyValueSpecification","valueRequired":true,"valueName":"search_term_string"}}],"inLanguage":"lt-LT"},{"@type":"Organization","@id":"https:\/\/www.peanutoem.com\/#organization","name":"Peanut Butter Factory","alternateName":"JuFeng Group","url":"https:\/\/www.peanutoem.com\/","logo":{"@type":"ImageObject","inLanguage":"lt-LT","@id":"https:\/\/www.peanutoem.com\/#\/schema\/logo\/image\/","url":"https:\/\/www.peanutoem.com\/wp-content\/uploads\/2024\/09\/JUFENG-LOGO.png","contentUrl":"https:\/\/www.peanutoem.com\/wp-content\/uploads\/2024\/09\/JUFENG-LOGO.png","width":600,"height":170,"caption":"Peanut Butter Factory"},"image":{"@id":"https:\/\/www.peanutoem.com\/#\/schema\/logo\/image\/"}}]}},"_links":{"self":[{"href":"https:\/\/www.peanutoem.com\/lt\/wp-json\/wp\/v2\/product\/1556","targetHints":{"allow":["GET"]}}],"collection":[{"href":"https:\/\/www.peanutoem.com\/lt\/wp-json\/wp\/v2\/product"}],"about":[{"href":"https:\/\/www.peanutoem.com\/lt\/wp-json\/wp\/v2\/types\/product"}],"replies":[{"embeddable":true,"href":"https:\/\/www.peanutoem.com\/lt\/wp-json\/wp\/v2\/comments?post=1556"}],"wp:featuredmedia":[{"embeddable":true,"href":"https:\/\/www.peanutoem.com\/lt\/wp-json\/wp\/v2\/media\/1714"}],"wp:attachment":[{"href":"https:\/\/www.peanutoem.com\/lt\/wp-json\/wp\/v2\/media?parent=1556"}],"wp:term":[{"taxonomy":"product_cat","embeddable":true,"href":"https:\/\/www.peanutoem.com\/lt\/wp-json\/wp\/v2\/product_cat?post=1556"},{"taxonomy":"product_tag","embeddable":true,"href":"https:\/\/www.peanutoem.com\/lt\/wp-json\/wp\/v2\/product_tag?post=1556"}],"curies":[{"name":"wp","href":"https:\/\/api.w.org\/{rel}","templated":true}]}}