{"id":1637,"date":"2024-09-10T12:28:30","date_gmt":"2024-09-10T12:28:30","guid":{"rendered":"https:\/\/www.peanutoem.com\/?post_type=product&#038;p=1637"},"modified":"2024-10-06T09:58:03","modified_gmt":"2024-10-06T09:58:03","slug":"spicy-peanut-butter","status":"publish","type":"product","link":"https:\/\/www.peanutoem.com\/lt\/manufacturer\/spicy-peanut-butter\/","title":{"rendered":"A\u0161trus \u017eem\u0117s rie\u0161ut\u0173 sviestas"},"content":{"rendered":"<h3>Kas yra a\u0161trus \u017eem\u0117s rie\u0161ut\u0173 sviestas?<\/h3>\n<p>A\u0161trus \u017eem\u0117s rie\u0161ut\u0173 sviestas yra kvapnus tradicinio \u017eem\u0117s rie\u0161ut\u0173 sviesto pos\u016bkis, sujungiantis kremin\u0119 arba tra\u0161ki\u0105 \u017eem\u0117s rie\u0161ut\u0173 tekst\u016br\u0105 su \u0161iluma, kuri\u0105 sukelia tokie prieskoniai kaip <a href=\"https:\/\/en.wikipedia.org\/wiki\/Chili\" target=\"_blank\" rel=\"noopener\">\u010dili<\/a>, paprika arba kajenas. Tai puikiai tinka tiems, kurie m\u0117gsta mai\u0161yti sald\u017eius ir a\u0161trius skonius, suteikia jaudulio u\u017ekand\u017eiams, sumu\u0161tiniams ir receptams. Nepriklausomai nuo to, ar jis naudojamas kaip panirimas, u\u017etepas ar ingredientas, a\u0161trus \u017eem\u0117s rie\u0161ut\u0173 sviestas tampa populiariu maisto entuziast\u0173 pasirinkimu.<\/p>\n<p><img loading=\"lazy\" decoding=\"async\" class=\"alignnone wp-image-1675 size-full\" src=\"https:\/\/www.peanutoem.com\/wp-content\/uploads\/2024\/09\/Spicy-Peanut-Butter-on-Table.webp\" alt=\"A\u0161trus \u017eem\u0117s rie\u0161ut\u0173 sviestas ant stalo\" width=\"912\" height=\"1144\" srcset=\"https:\/\/www.peanutoem.com\/wp-content\/uploads\/2024\/09\/Spicy-Peanut-Butter-on-Table.webp 912w, https:\/\/www.peanutoem.com\/wp-content\/uploads\/2024\/09\/Spicy-Peanut-Butter-on-Table-239x300.webp 239w, https:\/\/www.peanutoem.com\/wp-content\/uploads\/2024\/09\/Spicy-Peanut-Butter-on-Table-816x1024.webp 816w, https:\/\/www.peanutoem.com\/wp-content\/uploads\/2024\/09\/Spicy-Peanut-Butter-on-Table-768x963.webp 768w, https:\/\/www.peanutoem.com\/wp-content\/uploads\/2024\/09\/Spicy-Peanut-Butter-on-Table-10x12.webp 10w, https:\/\/www.peanutoem.com\/wp-content\/uploads\/2024\/09\/Spicy-Peanut-Butter-on-Table-600x753.webp 600w\" sizes=\"auto, (max-width: 912px) 100vw, 912px\" \/><\/p>\n<h3>Kokie kiti a\u0161traus \u017eem\u0117s rie\u0161ut\u0173 sviesto pavadinimai?<\/h3>\n<p>A\u0161trus \u017eem\u0117s rie\u0161ut\u0173 sviestas gali b\u016bti pavadintas \u012fvairiais pavadinimais, priklausomai nuo regiono ir skonio profili\u0173. \u0160ie pavadinimai pabr\u0117\u017eia \u0161ilumos komponent\u0105, tod\u0117l pasaulio vartotojams lengviau suprasti jo unikal\u0173 patrauklum\u0105. Kai kurie alternatyv\u016bs pavadinimai:<\/p>\n<ul>\n<li>Kar\u0161tas \u017eem\u0117s rie\u0161ut\u0173 sviestas<\/li>\n<li>\u010cili u\u017epiltas \u017eem\u0117s rie\u0161ut\u0173 sviestas<\/li>\n<li>Ugninis \u017eem\u0117s rie\u0161ut\u0173 sviesto u\u017etepas<\/li>\n<li>A\u0161trus rie\u0161ut\u0173 sviestas<\/li>\n<li>Prieskoni\u0173 \u017eem\u0117s rie\u0161ut\u0173 u\u017etep\u0117l\u0117<\/li>\n<\/ul>\n<p><span style=\"font-size: 20.16px;\">Kar\u0161\u010diausios temos<\/span><\/p>\n<ul>\n<li><strong>A\u0161tr\u0173 \u017eem\u0117s rie\u0161ut\u0173 sviesto recept\u0173 tyrin\u0117jimas<\/strong><br \/>\nA\u0161trus \u017eem\u0117s rie\u0161ut\u0173 sviestas yra k\u016brybin\u0117 virtuv\u0117s galia, patiekianti ne tik kaip kvapnus pada\u017eas, bet ir puikiai tinkantis \u012fvairiuose patiekaluose. Jis prideda azijieti\u0161k\u0173 tro\u0161kint\u0173 bulvy\u010di\u0173 ugnies, pagerina kepto maisto ir ant groteli\u0173 keptos m\u0117sos skon\u012f ir veikia kaip marinatas, kuris ingredientams suteikia nuostabi\u0173 staigmen\u0173. Nuo skani\u0173 skrebu\u010di\u0173 pusry\u010di\u0173 iki pikanti\u0161k\u0173 makaron\u0173 vakarienei \u2013 kiekvienas patiekalas spinduliuoja unikaliu \u017eavesiu d\u0117l \u0161io ingrediento.<\/li>\n<li><strong>Skonio nauda sveikatai<\/strong><br \/>\n\u0160i skani u\u017etep\u0117l\u0117 taip pat yra mitybos lobis. Jame yra daug baltym\u0173 ir sveik\u0173j\u0173 riebal\u0173, kurie maitina k\u016bn\u0105, o kapsaicinas stimuliuoja gomur\u012f ir padeda vir\u0161kinti. Be to, jis palaiko med\u017eiag\u0173 apykait\u0105 ir \u0161irdies sveikat\u0105, efektyviai derindamas skon\u012f ir savijaut\u0105.<\/li>\n<li><strong>\u012etraukite j\u012f \u012f kasdien\u012f maist\u0105<\/strong><br \/>\nA\u0161tr\u0173 \u017eem\u0117s rie\u0161ut\u0173 sviest\u0105 \u012ftraukti \u012f savo kasdien\u0119 mityb\u0105 yra lengva ir malonu. Jis puikiai tinka pusry\u010di\u0173 skrebu\u010diams, suteikia skonio popietiniams kokteiliams ir pagerina vakarien\u0119 burit\u0105, suteikdama gaivaus pos\u016bkio kiekvienam patiekalui.<\/li>\n<li><strong>Did\u0117janti pasaulin\u0117 tendencija<\/strong><br \/>\nA\u0161trus \u017eem\u0117s rie\u0161ut\u0173 sviestas spar\u010diai i\u0161kyla kaip tarpvalstybin\u0117 \u017evaig\u017ed\u0117. Kadangi valgytoj\u0173 skoniai \u012fvair\u0117ja, jis per\u017eengia regionines ribas ir \u017eavi gerb\u0117jus visame pasaulyje. \u0160i sklaida rodo skon\u012f tyrin\u0117jant, pritraukiant nuotyki\u0173 m\u0117gstan\u010dius valgytojus, norin\u010dius i\u0161bandyti k\u0105 nors naujo.<\/li>\n<\/ul>\n<hr \/>\n<h3>A\u0161trus \u017eem\u0117s rie\u0161ut\u0173 sviestas DUK<\/h3>\n<ol>\n<li><strong>Kod\u0117l verta rinktis mus pagal savo a\u0161traus \u017eem\u0117s rie\u0161ut\u0173 sviesto poreikius?<\/strong><br \/>\nMes teikiame visapusi\u0161kas OEM paslaugas su visomis pritaikymo galimyb\u0117mis, u\u017etikrindami, kad kiekvienas produktas puikiai atitikt\u0173 j\u016bs\u0173 prek\u0117s \u017eenklo vizij\u0105 ir rinkos poreikius.<\/li>\n<li><strong>Ar galite reguliuoti a\u0161trumo lyg\u012f ir sukurti patentuot\u0105 formul\u0119?<\/strong><br \/>\nabsoliu\u010diai! Galime pritaikyti a\u0161trum\u0105 nuo \u0161velnaus iki ypa\u010d kar\u0161to ir sukurti unikalias formules, skirtas tik j\u016bs\u0173 prek\u0117s \u017eenklui.<\/li>\n<li><strong>Kokias pakavimo ir sertifikavimo galimybes si\u016blote?<\/strong><br \/>\nSi\u016blome plat\u0173 pakavimo sprendim\u0173 asortiment\u0105 \u2013 stiklainius, butelius, kartonines d\u0117\u017ees, statines, kibirus, i\u0161spaud\u017eiamus mai\u0161elius ir biri\u0173 konteineri\u0173 \u2013 visa tai galima pritaikyti pagal j\u016bs\u0173 prek\u0117s \u017eenkl\u0105. Be to, turime sertifikatus, tokius kaip HACCP, Kosher, Halal ir BRCGS, u\u017etikrinan\u010dius, kad m\u016bs\u0173 produktai atitinka tarptautinius standartus.<\/li>\n<li><strong>Ar teikiate ekologi\u0161k\u0105 a\u0161tr\u0173 \u017eem\u0117s rie\u0161ut\u0173 sviest\u0105 ir m\u0117gini\u0173 partijas?<\/strong><br \/>\nTaip, mes gaminame ES ekologi\u0161k\u0105 sertifikuot\u0105 a\u0161tr\u0173 \u017eem\u0117s rie\u0161ut\u0173 sviest\u0105, pagamint\u0105 i\u0161 nat\u016brali\u0173 ingredient\u0173 sveikata besir\u016bpinantiems vartotojams. Be to, si\u016blome pavyzdines partijas, kad gal\u0117tum\u0117te i\u0161bandyti gamin\u012f prie\u0161 pateikdami didel\u012f u\u017esakym\u0105.<\/li>\n<li><strong>Kaip u\u017etikrinate kokyb\u0119 ir koks yra j\u016bs\u0173 pristatymo laikas?<\/strong><br \/>\nM\u016bs\u0173 grie\u017eti bandymai m\u016bs\u0173 laboratorijoje kartu su efektyvia logistika garantuoja pastovi\u0105 kokyb\u0119. Taip pat u\u017etikriname greit\u0105 apdorojimo laik\u0105, atsi\u017evelgdami \u012f u\u017esakymo kiek\u012f ir paskirties viet\u0105.<\/li>\n<li><strong>Ar eksportuojate visame pasaulyje?<\/strong><br \/>\nTaip, turime didel\u0119 eksporto patirt\u012f visame pasaulyje, tvarkome visus reikalingus dokumentus ir reglamentus, kad u\u017etikrintume skland\u0173 pristatym\u0105.<\/li>\n<\/ol>\n<hr \/>\n<h3><img loading=\"lazy\" decoding=\"async\" class=\"alignnone wp-image-1677 size-full\" src=\"https:\/\/www.peanutoem.com\/wp-content\/uploads\/2024\/09\/Spicy-Peanut-Butter-Spread-on-Food.webp\" alt=\"A\u0161trus \u017eem\u0117s rie\u0161ut\u0173 sviesto u\u017etepimas ant maisto\" width=\"896\" height=\"1152\" srcset=\"https:\/\/www.peanutoem.com\/wp-content\/uploads\/2024\/09\/Spicy-Peanut-Butter-Spread-on-Food.webp 896w, https:\/\/www.peanutoem.com\/wp-content\/uploads\/2024\/09\/Spicy-Peanut-Butter-Spread-on-Food-233x300.webp 233w, https:\/\/www.peanutoem.com\/wp-content\/uploads\/2024\/09\/Spicy-Peanut-Butter-Spread-on-Food-796x1024.webp 796w, https:\/\/www.peanutoem.com\/wp-content\/uploads\/2024\/09\/Spicy-Peanut-Butter-Spread-on-Food-768x987.webp 768w, https:\/\/www.peanutoem.com\/wp-content\/uploads\/2024\/09\/Spicy-Peanut-Butter-Spread-on-Food-9x12.webp 9w, https:\/\/www.peanutoem.com\/wp-content\/uploads\/2024\/09\/Spicy-Peanut-Butter-Spread-on-Food-600x771.webp 600w\" sizes=\"auto, (max-width: 896px) 100vw, 896px\" \/><\/h3>\n<a href=\"mailto:globepeanut@gmail.com\" class=\"button primary is-primary is-medium\"  >\n    <span>El. pa\u0161tu<\/span>\n  <\/a>","protected":false},"excerpt":{"rendered":"<table width=\"564\">\n<tbody>\n<tr>\n<td width=\"113\"><strong>Produkto pavadinimas<\/strong><\/td>\n<td width=\"402\">A\u0161trus \u017eem\u0117s rie\u0161ut\u0173 sviestas<\/td>\n<\/tr>\n<tr>\n<td width=\"113\"><strong>Specifikacijos<\/strong><\/td>\n<td width=\"402\">200 g x 36, 227 g x 24, 340 g x 12, 375 g x 12, 500 g x 12, 510 g x 12, 1 kg x 12, 10 kg x 1, 20 kg x 1, 220 kg x 1<\/td>\n<\/tr>\n<tr>\n<td width=\"113\"><strong>Pakavimo forma<\/strong><\/td>\n<td width=\"402\">Stiklainis, kibiras, Doy pakuot\u0117, krep\u0161ys, d\u0117\u017eut\u0117, skarda, statin\u0117, skardin\u0117, butelis ir kt<\/td>\n<\/tr>\n<tr>\n<td width=\"113\"><strong>Pristatymo laikas<\/strong><\/td>\n<td width=\"402\">7-20 dien\u0173 po u\u017esakymo<\/td>\n<\/tr>\n<tr>\n<td width=\"113\"><strong>MOQ<\/strong><\/td>\n<td width=\"402\">Viena tona<\/td>\n<\/tr>\n<tr>\n<td width=\"113\"><strong>Pavyzdys<\/strong><\/td>\n<td width=\"402\">Galimas nemokamas pavyzdys<\/td>\n<\/tr>\n<tr>\n<td width=\"113\"><strong>O\u012eG<\/strong><\/td>\n<td width=\"402\">Pirk\u0117jo etiket\u0117 priimta<\/td>\n<\/tr>\n<\/tbody>\n<\/table>","protected":false},"featured_media":1668,"comment_status":"open","ping_status":"closed","template":"","meta":[],"product_cat":[15],"product_tag":[],"class_list":{"0":"post-1637","1":"product","2":"type-product","3":"status-publish","4":"has-post-thumbnail","6":"product_cat-peanut-butter","8":"first","9":"instock","10":"shipping-taxable","11":"product-type-simple"},"yoast_head":"<!-- This site is optimized with the Yoast SEO plugin v24.9 - https:\/\/yoast.com\/wordpress\/plugins\/seo\/ -->\n<title>Spicy Peanut Butter China Manufacturer OEM - Peanut Butter Factory<\/title>\n<meta name=\"description\" content=\"Leading spicy peanut butter OEM private label manufacturer and exporter. Order your premium quality, custom-made spicy peanut butter.\" \/>\n<meta name=\"robots\" content=\"index, follow, max-snippet:-1, max-image-preview:large, max-video-preview:-1\" \/>\n<link rel=\"canonical\" href=\"https:\/\/www.peanutoem.com\/lt\/manufacturer\/spicy-peanut-butter\/\" \/>\n<meta property=\"og:locale\" content=\"lt_LT\" \/>\n<meta property=\"og:type\" content=\"article\" \/>\n<meta property=\"og:title\" content=\"Spicy Peanut Butter China Manufacturer OEM - Peanut Butter Factory\" \/>\n<meta property=\"og:description\" content=\"Leading spicy peanut butter OEM private label manufacturer and exporter. Order your premium quality, custom-made spicy peanut butter.\" \/>\n<meta property=\"og:url\" content=\"https:\/\/www.peanutoem.com\/lt\/manufacturer\/spicy-peanut-butter\/\" \/>\n<meta property=\"og:site_name\" content=\"Peanut Butter Factory\" \/>\n<meta property=\"article:modified_time\" content=\"2024-10-06T09:58:03+00:00\" \/>\n<meta property=\"og:image\" content=\"https:\/\/www.peanutoem.com\/wp-content\/uploads\/2024\/09\/Spicy-Peanut-Butter.webp\" \/>\n\t<meta property=\"og:image:width\" content=\"1000\" \/>\n\t<meta property=\"og:image:height\" content=\"1000\" \/>\n\t<meta property=\"og:image:type\" content=\"image\/webp\" \/>\n<meta name=\"twitter:card\" content=\"summary_large_image\" \/>\n<meta name=\"twitter:label1\" content=\"Est. reading time\" \/>\n\t<meta name=\"twitter:data1\" content=\"4 minut\u0117s\" \/>\n<script type=\"application\/ld+json\" class=\"yoast-schema-graph\">{\"@context\":\"https:\/\/schema.org\",\"@graph\":[{\"@type\":\"WebPage\",\"@id\":\"https:\/\/www.peanutoem.com\/manufacturer\/spicy-peanut-butter\/\",\"url\":\"https:\/\/www.peanutoem.com\/manufacturer\/spicy-peanut-butter\/\",\"name\":\"Spicy Peanut Butter China Manufacturer OEM - Peanut Butter Factory\",\"isPartOf\":{\"@id\":\"https:\/\/www.peanutoem.com\/#website\"},\"primaryImageOfPage\":{\"@id\":\"https:\/\/www.peanutoem.com\/manufacturer\/spicy-peanut-butter\/#primaryimage\"},\"image\":{\"@id\":\"https:\/\/www.peanutoem.com\/manufacturer\/spicy-peanut-butter\/#primaryimage\"},\"thumbnailUrl\":\"https:\/\/www.peanutoem.com\/wp-content\/uploads\/2024\/09\/Spicy-Peanut-Butter.webp\",\"datePublished\":\"2024-09-10T12:28:30+00:00\",\"dateModified\":\"2024-10-06T09:58:03+00:00\",\"description\":\"Leading spicy peanut butter OEM private label manufacturer and exporter. Order your premium quality, custom-made spicy peanut butter.\",\"breadcrumb\":{\"@id\":\"https:\/\/www.peanutoem.com\/manufacturer\/spicy-peanut-butter\/#breadcrumb\"},\"inLanguage\":\"lt-LT\",\"potentialAction\":[{\"@type\":\"ReadAction\",\"target\":[\"https:\/\/www.peanutoem.com\/manufacturer\/spicy-peanut-butter\/\"]}]},{\"@type\":\"ImageObject\",\"inLanguage\":\"lt-LT\",\"@id\":\"https:\/\/www.peanutoem.com\/manufacturer\/spicy-peanut-butter\/#primaryimage\",\"url\":\"https:\/\/www.peanutoem.com\/wp-content\/uploads\/2024\/09\/Spicy-Peanut-Butter.webp\",\"contentUrl\":\"https:\/\/www.peanutoem.com\/wp-content\/uploads\/2024\/09\/Spicy-Peanut-Butter.webp\",\"width\":1000,\"height\":1000,\"caption\":\"Spicy Peanut Butter\"},{\"@type\":\"BreadcrumbList\",\"@id\":\"https:\/\/www.peanutoem.com\/manufacturer\/spicy-peanut-butter\/#breadcrumb\",\"itemListElement\":[{\"@type\":\"ListItem\",\"position\":1,\"name\":\"Home\",\"item\":\"https:\/\/www.peanutoem.com\/\"},{\"@type\":\"ListItem\",\"position\":2,\"name\":\"Products\",\"item\":\"https:\/\/www.peanutoem.com\/shop\/\"},{\"@type\":\"ListItem\",\"position\":3,\"name\":\"Spicy Peanut Butter\"}]},{\"@type\":\"WebSite\",\"@id\":\"https:\/\/www.peanutoem.com\/#website\",\"url\":\"https:\/\/www.peanutoem.com\/\",\"name\":\"Peanut Butter Factory\",\"description\":\"Peanut Butter Manufacturer and Roast Peanut OEM Factory | Peanut Private Label China Supplier\",\"publisher\":{\"@id\":\"https:\/\/www.peanutoem.com\/#organization\"},\"alternateName\":\"Peanut Butter OEM and Wholesale\",\"potentialAction\":[{\"@type\":\"SearchAction\",\"target\":{\"@type\":\"EntryPoint\",\"urlTemplate\":\"https:\/\/www.peanutoem.com\/?s={search_term_string}\"},\"query-input\":{\"@type\":\"PropertyValueSpecification\",\"valueRequired\":true,\"valueName\":\"search_term_string\"}}],\"inLanguage\":\"lt-LT\"},{\"@type\":\"Organization\",\"@id\":\"https:\/\/www.peanutoem.com\/#organization\",\"name\":\"Peanut Butter Factory\",\"alternateName\":\"JuFeng Group\",\"url\":\"https:\/\/www.peanutoem.com\/\",\"logo\":{\"@type\":\"ImageObject\",\"inLanguage\":\"lt-LT\",\"@id\":\"https:\/\/www.peanutoem.com\/#\/schema\/logo\/image\/\",\"url\":\"https:\/\/www.peanutoem.com\/wp-content\/uploads\/2024\/09\/JUFENG-LOGO.png\",\"contentUrl\":\"https:\/\/www.peanutoem.com\/wp-content\/uploads\/2024\/09\/JUFENG-LOGO.png\",\"width\":600,\"height\":170,\"caption\":\"Peanut Butter Factory\"},\"image\":{\"@id\":\"https:\/\/www.peanutoem.com\/#\/schema\/logo\/image\/\"}}]}<\/script>\n<!-- \/ Yoast SEO plugin. -->","yoast_head_json":{"title":"Spicy Peanut Butter China Manufacturer OEM - Peanut Butter Factory","description":"Leading spicy peanut butter OEM private label manufacturer and exporter. Order your premium quality, custom-made spicy peanut butter.","robots":{"index":"index","follow":"follow","max-snippet":"max-snippet:-1","max-image-preview":"max-image-preview:large","max-video-preview":"max-video-preview:-1"},"canonical":"https:\/\/www.peanutoem.com\/lt\/manufacturer\/spicy-peanut-butter\/","og_locale":"lt_LT","og_type":"article","og_title":"Spicy Peanut Butter China Manufacturer OEM - Peanut Butter Factory","og_description":"Leading spicy peanut butter OEM private label manufacturer and exporter. Order your premium quality, custom-made spicy peanut butter.","og_url":"https:\/\/www.peanutoem.com\/lt\/manufacturer\/spicy-peanut-butter\/","og_site_name":"Peanut Butter Factory","article_modified_time":"2024-10-06T09:58:03+00:00","og_image":[{"width":1000,"height":1000,"url":"https:\/\/www.peanutoem.com\/wp-content\/uploads\/2024\/09\/Spicy-Peanut-Butter.webp","type":"image\/webp"}],"twitter_card":"summary_large_image","twitter_misc":{"Est. reading time":"4 minut\u0117s"},"schema":{"@context":"https:\/\/schema.org","@graph":[{"@type":"WebPage","@id":"https:\/\/www.peanutoem.com\/manufacturer\/spicy-peanut-butter\/","url":"https:\/\/www.peanutoem.com\/manufacturer\/spicy-peanut-butter\/","name":"Spicy Peanut Butter China Manufacturer OEM - Peanut Butter Factory","isPartOf":{"@id":"https:\/\/www.peanutoem.com\/#website"},"primaryImageOfPage":{"@id":"https:\/\/www.peanutoem.com\/manufacturer\/spicy-peanut-butter\/#primaryimage"},"image":{"@id":"https:\/\/www.peanutoem.com\/manufacturer\/spicy-peanut-butter\/#primaryimage"},"thumbnailUrl":"https:\/\/www.peanutoem.com\/wp-content\/uploads\/2024\/09\/Spicy-Peanut-Butter.webp","datePublished":"2024-09-10T12:28:30+00:00","dateModified":"2024-10-06T09:58:03+00:00","description":"Leading spicy peanut butter OEM private label manufacturer and exporter. Order your premium quality, custom-made spicy peanut butter.","breadcrumb":{"@id":"https:\/\/www.peanutoem.com\/manufacturer\/spicy-peanut-butter\/#breadcrumb"},"inLanguage":"lt-LT","potentialAction":[{"@type":"ReadAction","target":["https:\/\/www.peanutoem.com\/manufacturer\/spicy-peanut-butter\/"]}]},{"@type":"ImageObject","inLanguage":"lt-LT","@id":"https:\/\/www.peanutoem.com\/manufacturer\/spicy-peanut-butter\/#primaryimage","url":"https:\/\/www.peanutoem.com\/wp-content\/uploads\/2024\/09\/Spicy-Peanut-Butter.webp","contentUrl":"https:\/\/www.peanutoem.com\/wp-content\/uploads\/2024\/09\/Spicy-Peanut-Butter.webp","width":1000,"height":1000,"caption":"Spicy Peanut Butter"},{"@type":"BreadcrumbList","@id":"https:\/\/www.peanutoem.com\/manufacturer\/spicy-peanut-butter\/#breadcrumb","itemListElement":[{"@type":"ListItem","position":1,"name":"Home","item":"https:\/\/www.peanutoem.com\/"},{"@type":"ListItem","position":2,"name":"Products","item":"https:\/\/www.peanutoem.com\/shop\/"},{"@type":"ListItem","position":3,"name":"Spicy Peanut Butter"}]},{"@type":"WebSite","@id":"https:\/\/www.peanutoem.com\/#website","url":"https:\/\/www.peanutoem.com\/","name":"Peanut Butter Factory","description":"Peanut Butter Manufacturer and Roast Peanut OEM Factory | Peanut Private Label China Supplier","publisher":{"@id":"https:\/\/www.peanutoem.com\/#organization"},"alternateName":"Peanut Butter OEM and Wholesale","potentialAction":[{"@type":"SearchAction","target":{"@type":"EntryPoint","urlTemplate":"https:\/\/www.peanutoem.com\/?s={search_term_string}"},"query-input":{"@type":"PropertyValueSpecification","valueRequired":true,"valueName":"search_term_string"}}],"inLanguage":"lt-LT"},{"@type":"Organization","@id":"https:\/\/www.peanutoem.com\/#organization","name":"Peanut Butter Factory","alternateName":"JuFeng Group","url":"https:\/\/www.peanutoem.com\/","logo":{"@type":"ImageObject","inLanguage":"lt-LT","@id":"https:\/\/www.peanutoem.com\/#\/schema\/logo\/image\/","url":"https:\/\/www.peanutoem.com\/wp-content\/uploads\/2024\/09\/JUFENG-LOGO.png","contentUrl":"https:\/\/www.peanutoem.com\/wp-content\/uploads\/2024\/09\/JUFENG-LOGO.png","width":600,"height":170,"caption":"Peanut Butter Factory"},"image":{"@id":"https:\/\/www.peanutoem.com\/#\/schema\/logo\/image\/"}}]}},"_links":{"self":[{"href":"https:\/\/www.peanutoem.com\/lt\/wp-json\/wp\/v2\/product\/1637","targetHints":{"allow":["GET"]}}],"collection":[{"href":"https:\/\/www.peanutoem.com\/lt\/wp-json\/wp\/v2\/product"}],"about":[{"href":"https:\/\/www.peanutoem.com\/lt\/wp-json\/wp\/v2\/types\/product"}],"replies":[{"embeddable":true,"href":"https:\/\/www.peanutoem.com\/lt\/wp-json\/wp\/v2\/comments?post=1637"}],"wp:featuredmedia":[{"embeddable":true,"href":"https:\/\/www.peanutoem.com\/lt\/wp-json\/wp\/v2\/media\/1668"}],"wp:attachment":[{"href":"https:\/\/www.peanutoem.com\/lt\/wp-json\/wp\/v2\/media?parent=1637"}],"wp:term":[{"taxonomy":"product_cat","embeddable":true,"href":"https:\/\/www.peanutoem.com\/lt\/wp-json\/wp\/v2\/product_cat?post=1637"},{"taxonomy":"product_tag","embeddable":true,"href":"https:\/\/www.peanutoem.com\/lt\/wp-json\/wp\/v2\/product_tag?post=1637"}],"curies":[{"name":"wp","href":"https:\/\/api.w.org\/{rel}","templated":true}]}}