{"id":1638,"date":"2024-09-10T12:30:11","date_gmt":"2024-09-10T12:30:11","guid":{"rendered":"https:\/\/www.peanutoem.com\/?post_type=product&#038;p=1638"},"modified":"2024-10-06T09:55:00","modified_gmt":"2024-10-06T09:55:00","slug":"chocolate-peanut-butter","status":"publish","type":"product","link":"https:\/\/www.peanutoem.com\/lt\/manufacturer\/chocolate-peanut-butter\/","title":{"rendered":"\u0160okoladinis \u017eem\u0117s rie\u0161ut\u0173 sviestas"},"content":{"rendered":"<h3>Kas yra \u0161okoladinis \u017eem\u0117s rie\u0161ut\u0173 sviestas?<\/h3>\n<p>\u0160okoladinis \u017eem\u0117s rie\u0161ut\u0173 sviestas yra skanus kreminio \u017eem\u0117s rie\u0161ut\u0173 sviesto ir sodrumo mi\u0161inys <a href=\"https:\/\/en.wikipedia.org\/wiki\/Chocolate\" target=\"_blank\" rel=\"noopener\">\u0161okolado<\/a>, sukuriant sald\u0173 ir pikanti\u0161k\u0105 u\u017etep\u0117l\u0119, kuri patinka \u012fvairiems skonio poreikiams. \u0160is nuostabus mi\u0161inys puikiai tinka tepti ant duonos, naudoti desertuose ar tiesiog m\u0117gautis po \u0161auk\u0161t\u0105. \u017dem\u0117s rie\u0161ut\u0173 ir \u0161okolado derinys suteikia subalansuot\u0105 skan\u0117st\u0105, kuris patenkins tiek rie\u0161ut\u0173 sviesto entuziastus, tiek \u0161okolado m\u0117g\u0117jus.<\/p>\n<h3>Kokie kiti \u0161okolado pavadinimai \u017eem\u0117s rie\u0161ut\u0173 svieste?<\/h3>\n<p>\u0160okoladinis \u017eem\u0117s rie\u0161ut\u0173 sviestas da\u017enai vadinamas skirtingais pavadinimais, atsi\u017evelgiant \u012f jo skon\u012f ir naudojim\u0105. Kai kurie alternatyv\u016bs pavadinimai:<\/p>\n<ul>\n<li>\u0160okolado skonio \u017eem\u0117s rie\u0161ut\u0173 sviestas<\/li>\n<li>Kakavos \u017eem\u0117s rie\u0161ut\u0173 sviesto u\u017etep\u0117l\u0117<\/li>\n<li>Kakavos \u017eem\u0117s rie\u0161ut\u0173 sviestas<\/li>\n<li>\u0160okolado-\u017eem\u0117s rie\u0161ut\u0173 u\u017etep\u0117l\u0117<\/li>\n<li>\u017dem\u0117s rie\u0161ut\u0173 sviestas su \u0161okoladu<\/li>\n<li>Rie\u0161utinis \u0161okoladinis u\u017etep\u0117l\u0117<\/li>\n<li>\u0160okoladu u\u017epiltas \u017eem\u0117s rie\u0161ut\u0173 sviestas<\/li>\n<li>Rie\u0161utinis \u0161okoladinis u\u017etep\u0117l\u0117<\/li>\n<\/ul>\n<p>\u0160ie pavadinimai pabr\u0117\u017eia puik\u0173 \u0161okolado ir \u017eem\u0117s rie\u0161ut\u0173 sviesto derin\u012f, tod\u0117l jis patrauklus \u012fvairi\u0173 rink\u0173 vartotojams.<\/p>\n<h3><img loading=\"lazy\" decoding=\"async\" class=\"alignnone wp-image-1682 size-full\" src=\"https:\/\/www.peanutoem.com\/wp-content\/uploads\/2024\/09\/Chocolate-Peanut-Butter-on-Bread.webp\" alt=\"\u0160okoladinis \u017eem\u0117s rie\u0161ut\u0173 sviestas ant duonos\" width=\"912\" height=\"1144\" srcset=\"https:\/\/www.peanutoem.com\/wp-content\/uploads\/2024\/09\/Chocolate-Peanut-Butter-on-Bread.webp 912w, https:\/\/www.peanutoem.com\/wp-content\/uploads\/2024\/09\/Chocolate-Peanut-Butter-on-Bread-239x300.webp 239w, https:\/\/www.peanutoem.com\/wp-content\/uploads\/2024\/09\/Chocolate-Peanut-Butter-on-Bread-816x1024.webp 816w, https:\/\/www.peanutoem.com\/wp-content\/uploads\/2024\/09\/Chocolate-Peanut-Butter-on-Bread-768x963.webp 768w, https:\/\/www.peanutoem.com\/wp-content\/uploads\/2024\/09\/Chocolate-Peanut-Butter-on-Bread-10x12.webp 10w, https:\/\/www.peanutoem.com\/wp-content\/uploads\/2024\/09\/Chocolate-Peanut-Butter-on-Bread-600x753.webp 600w\" sizes=\"auto, (max-width: 912px) 100vw, 912px\" \/><\/h3>\n<h3>Kod\u0117l verta rinktis mus kaip savo partner\u012f tiek\u0117j\u0105?<\/h3>\n<p>Esame pirmaujanti OEM priva\u010dios prek\u0117s \u017eenklo gamintoja ir eksportuotoja \u0161okolado \u017eem\u0117s rie\u0161ut\u0173 sviestui.<\/p>\n<ul>\n<li><strong>Tinkinimo patirtis:<\/strong> Si\u016blome visi\u0161kai pritaikytas formules, atitinkan\u010dias j\u016bs\u0173 specifin\u012f skon\u012f, tekst\u016br\u0105 ir pakuot\u0117s reikalavimus.<\/li>\n<li><strong>Auk\u0161\u010diausios kokyb\u0117s ingredientai:<\/strong> Naudojami tik auk\u0161\u010diausios kokyb\u0117s \u017eem\u0117s rie\u0161utai ir \u0161okoladas.<\/li>\n<li><strong>I\u0161pl\u0117stin\u0117 gamyba:<\/strong> M\u016bs\u0173 moderniausiose patalpose \u012frengtos pa\u017eangiausios gamybos linijos i\u0161 JAV, u\u017etikrinan\u010dios vienod\u0105 kiekvienos partijos kokyb\u0119 ir efektyvum\u0105.<\/li>\n<li><strong>Sertifikatai ir kokyb\u0117s u\u017etikrinimas:<\/strong> Turime \u012fvairius sertifikatus, \u012fskaitant BRCGS, Kosher, Halal ir HACCP, garantuojan\u010dius atitikt\u012f tarptautiniams saugos ir kokyb\u0117s standartams.<\/li>\n<li><strong>Pasaulinis platinimas:<\/strong> Tur\u0117dami did\u017eiul\u0119 tarptautin\u0117s prekybos patirt\u012f, \u0161okoladin\u012f \u017eem\u0117s rie\u0161ut\u0173 sviest\u0105 eksportuojame \u012f viso pasaulio rinkas, u\u017etikrindami skland\u017ei\u0105 logistik\u0105 ir savalaik\u012f pristatym\u0105.<\/li>\n<\/ul>\n<h3>Kar\u0161\u010diausios temos<\/h3>\n<div class=\"group\/conversation-turn relative flex w-full min-w-0 flex-col agent-turn\">\n<div class=\"flex-col gap-1 md:gap-3\">\n<div class=\"flex max-w-full flex-col flex-grow\">\n<div class=\"min-h-8 text-message flex w-full flex-col items-end gap-2 whitespace-normal break-words [.text-message+&amp;]:mt-5\" dir=\"auto\" data-message-author-role=\"assistant\" data-message-id=\"61c5f9c1-377c-4081-b461-888734723e68\">\n<div class=\"flex w-full flex-col gap-1 empty:hidden first:pt-[3px]\">\n<div class=\"markdown prose w-full break-words dark:prose-invert dark\">\n<ul>\n<li><span style=\"color: #282828;\"><strong>Desertuose<\/strong><\/span><br \/>\n<span style=\"color: #282828;\">\u017dem\u0117s rie\u0161ut\u0173 sviestas su \u0161okoladu yra universalus ingredientas, kuris \u017eymiai pagerina desert\u0173, toki\u0173 kaip pyragai\u010diai, pyragai\u010diai ir ledai, kokyb\u0119 ir skon\u012f. D\u0117l kremin\u0117s tekst\u016bros ir sodraus skonio jis puikiai tinka kepiniams ir konditerijos gaminiams.<\/span><\/li>\n<li><span style=\"color: #282828;\"><strong>Nauda sveikatai<\/strong><\/span><br \/>\n<span style=\"color: #282828;\">Be nenumaldomo skanumo, \u0161ioje u\u017etepoje gausu baltym\u0173, sveik\u0173j\u0173 riebal\u0173 ir skaidul\u0173, kurios suteikia organizmui maistini\u0173 med\u017eiag\u0173. Pagamintas su juoduoju \u0161okoladu, jis prideda antioksidacini\u0173 savybi\u0173 ir suteikia produktui sveiko patrauklumo, kuris pritraukia sveikai besir\u016bpinan\u010dius vartotojus.<\/span><\/li>\n<li><span style=\"color: #282828;\"><strong>Pasaulinis populiarumas<\/strong><\/span><br \/>\n<span style=\"color: #282828;\">Kadangi vartotojai vis da\u017eniau ie\u0161ko u\u017ekand\u017ei\u0173, kurie patenkint\u0173 j\u0173 skonio receptorius ir b\u016bt\u0173 maistingi, \u0161okoladinis \u017eem\u0117s rie\u0161ut\u0173 sviestas \u012fgijo did\u017eiul\u012f populiarum\u0105 pasaulin\u0117je rinkoje. Jis s\u0117kmingai derina skon\u012f ir mityb\u0105, pelnydamas plat\u0173 vaik\u0173 ir suaugusi\u0173j\u0173 susi\u017eav\u0117jim\u0105.<\/span><\/li>\n<li><span style=\"color: #282828;\"><strong>K\u016brybinis naudojimas<\/strong><\/span><br \/>\n<span style=\"color: #282828;\">Be tradicini\u0173 derini\u0173, toki\u0173 kaip skrebu\u010diai ar sumu\u0161tiniai, \u0161\u012f ingredient\u0105 galima k\u016brybi\u0161kai \u012ftraukti \u012f kokteilius, energijos baton\u0117lius arba naudoti kaip pyrag\u0173 \u012fdar\u0105. D\u0117l unikalaus skonio pritaikymo jis puikiai tinka tiek sald\u017eiuose, tiek pikanti\u0161kuose patiekaluose, tod\u0117l jis yra pagrindinis daugelio nam\u0173 virtuvi\u0173 elementas.<\/span><\/li>\n<\/ul>\n<\/div>\n<\/div>\n<\/div>\n<\/div>\n<\/div>\n<\/div>\n<hr \/>\n<h3><img loading=\"lazy\" decoding=\"async\" class=\"alignnone wp-image-1683 size-full\" src=\"https:\/\/www.peanutoem.com\/wp-content\/uploads\/2024\/09\/Chocolate-Peanut-Butter-Served.webp\" alt=\"Patiekiamas \u0161okoladinis \u017eem\u0117s rie\u0161ut\u0173 sviestas\" width=\"896\" height=\"1152\" srcset=\"https:\/\/www.peanutoem.com\/wp-content\/uploads\/2024\/09\/Chocolate-Peanut-Butter-Served.webp 896w, https:\/\/www.peanutoem.com\/wp-content\/uploads\/2024\/09\/Chocolate-Peanut-Butter-Served-233x300.webp 233w, https:\/\/www.peanutoem.com\/wp-content\/uploads\/2024\/09\/Chocolate-Peanut-Butter-Served-796x1024.webp 796w, https:\/\/www.peanutoem.com\/wp-content\/uploads\/2024\/09\/Chocolate-Peanut-Butter-Served-768x987.webp 768w, https:\/\/www.peanutoem.com\/wp-content\/uploads\/2024\/09\/Chocolate-Peanut-Butter-Served-9x12.webp 9w, https:\/\/www.peanutoem.com\/wp-content\/uploads\/2024\/09\/Chocolate-Peanut-Butter-Served-600x771.webp 600w\" sizes=\"auto, (max-width: 896px) 100vw, 896px\" \/><\/h3>\n<h3>\u0160okoladinis \u017eem\u0117s rie\u0161ut\u0173 sviestas DUK<\/h3>\n<ol>\n<li><strong>Koks yra j\u016bs\u0173, kaip pirmaujan\u010dio OEM gamintojo, konkurencinis prana\u0161umas?<\/strong><br \/>\nMes i\u0161siskiriame tuo, kad si\u016blome \u012fvairias pritaikymo paslaugas, atrenkame auk\u0161tos kokyb\u0117s ingredientus ir naudojame pa\u017eangias gamybos technologijas. Taip u\u017etikrinama, kad kiekviena \u017eem\u0117s rie\u0161ut\u0173 sviesto partija b\u016bt\u0173 puiki rinkoje ir atitikt\u0173 unikalius m\u016bs\u0173 klient\u0173 poreikius.<\/li>\n<li><strong>Ar galite pakoreguoti \u0161okolado ir \u017eem\u0117s rie\u0161ut\u0173 santyk\u012f pagal mano specifikacijas ir sukurti pasirinktin\u0119 formul\u0119 mano prek\u0117s \u017eenklui?<\/strong><br \/>\nabsoliu\u010diai! Mes teikiame visapusi\u0161kas skonio pritaikymo paslaugas, kad pad\u0117t\u0173 jums rasti tobul\u0105 \u0161okolado ir \u017eem\u0117s rie\u0161ut\u0173 pusiausvyr\u0105, taip pat kuriame unikali\u0105 formul\u0119, kuri padidina j\u016bs\u0173 prek\u0117s \u017eenklo konkurencingum\u0105 rinkoje.<\/li>\n<li><strong>Kokius pakavimo variantus si\u016blote?<\/strong><br \/>\nSi\u016blome \u012fvairius pakavimo sprendimus, \u012fskaitant eleganti\u0161kus stiklainius, patogius i\u0161spaud\u017eiamus mai\u0161elius ir birius konteinerius, tinkamus dideliam sand\u0117liavimui. Visos pakuot\u0117s gali b\u016bti suasmenintos, kad atspind\u0117t\u0173 j\u016bs\u0173 prek\u0117s \u017eenklo tapatyb\u0119 ir rinkodaros strategij\u0105.<\/li>\n<li><strong>Ar si\u016blote ekologi\u0161k\u0105 \u0161okoladin\u012f \u017eem\u0117s rie\u0161ut\u0173 sviest\u0105 ir kaip u\u017etikrinate gaminio kokyb\u0119?<\/strong><br \/>\nTaip, mes gaminame ES ekologi\u0161k\u0105 sertifikuot\u0105 \u017eem\u0117s rie\u0161ut\u0173 sviest\u0105, pagamint\u0105 i\u0161 ekologinius standartus atitinkan\u010di\u0173 ingredient\u0173. Be to, suk\u016br\u0117me grie\u017et\u0105 kokyb\u0117s valdymo sistem\u0105, \u012fskaitant vidinius laboratorinius bandymus, siekdami u\u017etikrinti, kad kiekviena partija atitikt\u0173 auk\u0161\u010diausius skonio, tekst\u016bros ir saugos standartus.<\/li>\n<li><strong>Ar galiu papra\u0161yti m\u0117gini\u0173 degustacijai prie\u0161 pateikdamas didel\u012f u\u017esakym\u0105 ir ar palaikote pasaulin\u012f eksport\u0105?<\/strong><br \/>\ntikrai! D\u017eiaugiam\u0117s gal\u0117dami pateikti pavyzdines partijas j\u016bs\u0173 \u012fvertinimui prie\u0161 piln\u0105 gamyb\u0105. Be to, turime didel\u0119 pasaulinio eksporto patirt\u012f, u\u017etikriname, kad j\u016bs\u0173 produktai saugiai ir laiku atkeliaut\u0173 \u012f vis\u0105 pasaul\u012f.<\/li>\n<\/ol>\n<a href=\"mailto:globepeanut@gmail.com\" class=\"button primary is-primary is-medium\"  >\n    <span>El. pa\u0161tu<\/span>\n  <\/a>","protected":false},"excerpt":{"rendered":"<table width=\"564\">\n<tbody>\n<tr>\n<td width=\"113\"><strong>Produkto pavadinimas<\/strong><\/td>\n<td width=\"402\">\u0160okoladinis \u017eem\u0117s rie\u0161ut\u0173 sviestas<\/td>\n<\/tr>\n<tr>\n<td width=\"113\"><strong>Specifikacijos<\/strong><\/td>\n<td width=\"402\">200 g x 36, 227 g x 24, 340 g x 12, 375 g x 12, 500 g x 12, 510 g x 12, 1 kg x 12, 10 kg x 1, 20 kg x 1, 220 kg x 1<\/td>\n<\/tr>\n<tr>\n<td width=\"113\"><strong>Pakavimo forma<\/strong><\/td>\n<td width=\"402\">Stiklainis, kibiras, Doy pakuot\u0117, krep\u0161ys, d\u0117\u017eut\u0117, skarda, statin\u0117, skardin\u0117, butelis ir kt<\/td>\n<\/tr>\n<tr>\n<td width=\"113\"><strong>Pristatymo laikas<\/strong><\/td>\n<td width=\"402\">7-20 dien\u0173 po u\u017esakymo<\/td>\n<\/tr>\n<tr>\n<td width=\"113\"><strong>MOQ<\/strong><\/td>\n<td width=\"402\">Viena tona<\/td>\n<\/tr>\n<tr>\n<td width=\"113\"><strong>Pavyzdys<\/strong><\/td>\n<td width=\"402\">Galimas nemokamas pavyzdys<\/td>\n<\/tr>\n<tr>\n<td width=\"113\"><strong>O\u012eG<\/strong><\/td>\n<td width=\"402\">Pirk\u0117jo etiket\u0117 priimta<\/td>\n<\/tr>\n<\/tbody>\n<\/table>\n<p>&nbsp;<\/p>","protected":false},"featured_media":1671,"comment_status":"open","ping_status":"closed","template":"","meta":[],"product_cat":[15],"product_tag":[],"class_list":{"0":"post-1638","1":"product","2":"type-product","3":"status-publish","4":"has-post-thumbnail","6":"product_cat-peanut-butter","8":"first","9":"instock","10":"shipping-taxable","11":"product-type-simple"},"yoast_head":"<!-- This site is optimized with the Yoast SEO plugin v24.9 - https:\/\/yoast.com\/wordpress\/plugins\/seo\/ -->\n<title>Chocolate Peanut Butter Manufacturer OEM - China Peanut Butter Factory<\/title>\n<meta name=\"description\" content=\"Leading chocolate peanut butter OEM private label manufacturer and exporter. Discover premium, customized chocolate peanut butter from us.\" \/>\n<meta name=\"robots\" content=\"index, follow, max-snippet:-1, max-image-preview:large, max-video-preview:-1\" \/>\n<link rel=\"canonical\" href=\"https:\/\/www.peanutoem.com\/lt\/manufacturer\/chocolate-peanut-butter\/\" \/>\n<meta property=\"og:locale\" content=\"lt_LT\" \/>\n<meta property=\"og:type\" content=\"article\" \/>\n<meta property=\"og:title\" content=\"Chocolate Peanut Butter Manufacturer OEM - China Peanut Butter Factory\" \/>\n<meta property=\"og:description\" content=\"Leading chocolate peanut butter OEM private label manufacturer and exporter. Discover premium, customized chocolate peanut butter from us.\" \/>\n<meta property=\"og:url\" content=\"https:\/\/www.peanutoem.com\/lt\/manufacturer\/chocolate-peanut-butter\/\" \/>\n<meta property=\"og:site_name\" content=\"Peanut Butter Factory\" \/>\n<meta property=\"article:modified_time\" content=\"2024-10-06T09:55:00+00:00\" \/>\n<meta property=\"og:image\" content=\"https:\/\/www.peanutoem.com\/wp-content\/uploads\/2024\/09\/Peanut-Butter-Chocolate-Flavor.webp\" \/>\n\t<meta property=\"og:image:width\" content=\"819\" \/>\n\t<meta property=\"og:image:height\" content=\"975\" \/>\n\t<meta property=\"og:image:type\" content=\"image\/webp\" \/>\n<meta name=\"twitter:card\" content=\"summary_large_image\" \/>\n<meta name=\"twitter:label1\" content=\"Est. reading time\" \/>\n\t<meta name=\"twitter:data1\" content=\"4 minut\u0117s\" \/>\n<script type=\"application\/ld+json\" class=\"yoast-schema-graph\">{\"@context\":\"https:\/\/schema.org\",\"@graph\":[{\"@type\":\"WebPage\",\"@id\":\"https:\/\/www.peanutoem.com\/manufacturer\/chocolate-peanut-butter\/\",\"url\":\"https:\/\/www.peanutoem.com\/manufacturer\/chocolate-peanut-butter\/\",\"name\":\"Chocolate Peanut Butter Manufacturer OEM - China Peanut Butter Factory\",\"isPartOf\":{\"@id\":\"https:\/\/www.peanutoem.com\/#website\"},\"primaryImageOfPage\":{\"@id\":\"https:\/\/www.peanutoem.com\/manufacturer\/chocolate-peanut-butter\/#primaryimage\"},\"image\":{\"@id\":\"https:\/\/www.peanutoem.com\/manufacturer\/chocolate-peanut-butter\/#primaryimage\"},\"thumbnailUrl\":\"https:\/\/www.peanutoem.com\/wp-content\/uploads\/2024\/09\/Peanut-Butter-Chocolate-Flavor.webp\",\"datePublished\":\"2024-09-10T12:30:11+00:00\",\"dateModified\":\"2024-10-06T09:55:00+00:00\",\"description\":\"Leading chocolate peanut butter OEM private label manufacturer and exporter. Discover premium, customized chocolate peanut butter from us.\",\"breadcrumb\":{\"@id\":\"https:\/\/www.peanutoem.com\/manufacturer\/chocolate-peanut-butter\/#breadcrumb\"},\"inLanguage\":\"lt-LT\",\"potentialAction\":[{\"@type\":\"ReadAction\",\"target\":[\"https:\/\/www.peanutoem.com\/manufacturer\/chocolate-peanut-butter\/\"]}]},{\"@type\":\"ImageObject\",\"inLanguage\":\"lt-LT\",\"@id\":\"https:\/\/www.peanutoem.com\/manufacturer\/chocolate-peanut-butter\/#primaryimage\",\"url\":\"https:\/\/www.peanutoem.com\/wp-content\/uploads\/2024\/09\/Peanut-Butter-Chocolate-Flavor.webp\",\"contentUrl\":\"https:\/\/www.peanutoem.com\/wp-content\/uploads\/2024\/09\/Peanut-Butter-Chocolate-Flavor.webp\",\"width\":819,\"height\":975,\"caption\":\"Peanut Butter Chocolate Flavor\"},{\"@type\":\"BreadcrumbList\",\"@id\":\"https:\/\/www.peanutoem.com\/manufacturer\/chocolate-peanut-butter\/#breadcrumb\",\"itemListElement\":[{\"@type\":\"ListItem\",\"position\":1,\"name\":\"Home\",\"item\":\"https:\/\/www.peanutoem.com\/\"},{\"@type\":\"ListItem\",\"position\":2,\"name\":\"Products\",\"item\":\"https:\/\/www.peanutoem.com\/shop\/\"},{\"@type\":\"ListItem\",\"position\":3,\"name\":\"Chocolate Peanut Butter\"}]},{\"@type\":\"WebSite\",\"@id\":\"https:\/\/www.peanutoem.com\/#website\",\"url\":\"https:\/\/www.peanutoem.com\/\",\"name\":\"Peanut Butter Factory\",\"description\":\"Peanut Butter Manufacturer and Roast Peanut OEM Factory | Peanut Private Label China Supplier\",\"publisher\":{\"@id\":\"https:\/\/www.peanutoem.com\/#organization\"},\"alternateName\":\"Peanut Butter OEM and Wholesale\",\"potentialAction\":[{\"@type\":\"SearchAction\",\"target\":{\"@type\":\"EntryPoint\",\"urlTemplate\":\"https:\/\/www.peanutoem.com\/?s={search_term_string}\"},\"query-input\":{\"@type\":\"PropertyValueSpecification\",\"valueRequired\":true,\"valueName\":\"search_term_string\"}}],\"inLanguage\":\"lt-LT\"},{\"@type\":\"Organization\",\"@id\":\"https:\/\/www.peanutoem.com\/#organization\",\"name\":\"Peanut Butter Factory\",\"alternateName\":\"JuFeng Group\",\"url\":\"https:\/\/www.peanutoem.com\/\",\"logo\":{\"@type\":\"ImageObject\",\"inLanguage\":\"lt-LT\",\"@id\":\"https:\/\/www.peanutoem.com\/#\/schema\/logo\/image\/\",\"url\":\"https:\/\/www.peanutoem.com\/wp-content\/uploads\/2024\/09\/JUFENG-LOGO.png\",\"contentUrl\":\"https:\/\/www.peanutoem.com\/wp-content\/uploads\/2024\/09\/JUFENG-LOGO.png\",\"width\":600,\"height\":170,\"caption\":\"Peanut Butter Factory\"},\"image\":{\"@id\":\"https:\/\/www.peanutoem.com\/#\/schema\/logo\/image\/\"}}]}<\/script>\n<!-- \/ Yoast SEO plugin. -->","yoast_head_json":{"title":"Chocolate Peanut Butter Manufacturer OEM - China Peanut Butter Factory","description":"Leading chocolate peanut butter OEM private label manufacturer and exporter. Discover premium, customized chocolate peanut butter from us.","robots":{"index":"index","follow":"follow","max-snippet":"max-snippet:-1","max-image-preview":"max-image-preview:large","max-video-preview":"max-video-preview:-1"},"canonical":"https:\/\/www.peanutoem.com\/lt\/manufacturer\/chocolate-peanut-butter\/","og_locale":"lt_LT","og_type":"article","og_title":"Chocolate Peanut Butter Manufacturer OEM - China Peanut Butter Factory","og_description":"Leading chocolate peanut butter OEM private label manufacturer and exporter. Discover premium, customized chocolate peanut butter from us.","og_url":"https:\/\/www.peanutoem.com\/lt\/manufacturer\/chocolate-peanut-butter\/","og_site_name":"Peanut Butter Factory","article_modified_time":"2024-10-06T09:55:00+00:00","og_image":[{"width":819,"height":975,"url":"https:\/\/www.peanutoem.com\/wp-content\/uploads\/2024\/09\/Peanut-Butter-Chocolate-Flavor.webp","type":"image\/webp"}],"twitter_card":"summary_large_image","twitter_misc":{"Est. reading time":"4 minut\u0117s"},"schema":{"@context":"https:\/\/schema.org","@graph":[{"@type":"WebPage","@id":"https:\/\/www.peanutoem.com\/manufacturer\/chocolate-peanut-butter\/","url":"https:\/\/www.peanutoem.com\/manufacturer\/chocolate-peanut-butter\/","name":"Chocolate Peanut Butter Manufacturer OEM - China Peanut Butter Factory","isPartOf":{"@id":"https:\/\/www.peanutoem.com\/#website"},"primaryImageOfPage":{"@id":"https:\/\/www.peanutoem.com\/manufacturer\/chocolate-peanut-butter\/#primaryimage"},"image":{"@id":"https:\/\/www.peanutoem.com\/manufacturer\/chocolate-peanut-butter\/#primaryimage"},"thumbnailUrl":"https:\/\/www.peanutoem.com\/wp-content\/uploads\/2024\/09\/Peanut-Butter-Chocolate-Flavor.webp","datePublished":"2024-09-10T12:30:11+00:00","dateModified":"2024-10-06T09:55:00+00:00","description":"Leading chocolate peanut butter OEM private label manufacturer and exporter. Discover premium, customized chocolate peanut butter from us.","breadcrumb":{"@id":"https:\/\/www.peanutoem.com\/manufacturer\/chocolate-peanut-butter\/#breadcrumb"},"inLanguage":"lt-LT","potentialAction":[{"@type":"ReadAction","target":["https:\/\/www.peanutoem.com\/manufacturer\/chocolate-peanut-butter\/"]}]},{"@type":"ImageObject","inLanguage":"lt-LT","@id":"https:\/\/www.peanutoem.com\/manufacturer\/chocolate-peanut-butter\/#primaryimage","url":"https:\/\/www.peanutoem.com\/wp-content\/uploads\/2024\/09\/Peanut-Butter-Chocolate-Flavor.webp","contentUrl":"https:\/\/www.peanutoem.com\/wp-content\/uploads\/2024\/09\/Peanut-Butter-Chocolate-Flavor.webp","width":819,"height":975,"caption":"Peanut Butter Chocolate Flavor"},{"@type":"BreadcrumbList","@id":"https:\/\/www.peanutoem.com\/manufacturer\/chocolate-peanut-butter\/#breadcrumb","itemListElement":[{"@type":"ListItem","position":1,"name":"Home","item":"https:\/\/www.peanutoem.com\/"},{"@type":"ListItem","position":2,"name":"Products","item":"https:\/\/www.peanutoem.com\/shop\/"},{"@type":"ListItem","position":3,"name":"Chocolate Peanut Butter"}]},{"@type":"WebSite","@id":"https:\/\/www.peanutoem.com\/#website","url":"https:\/\/www.peanutoem.com\/","name":"Peanut Butter Factory","description":"Peanut Butter Manufacturer and Roast Peanut OEM Factory | Peanut Private Label China Supplier","publisher":{"@id":"https:\/\/www.peanutoem.com\/#organization"},"alternateName":"Peanut Butter OEM and Wholesale","potentialAction":[{"@type":"SearchAction","target":{"@type":"EntryPoint","urlTemplate":"https:\/\/www.peanutoem.com\/?s={search_term_string}"},"query-input":{"@type":"PropertyValueSpecification","valueRequired":true,"valueName":"search_term_string"}}],"inLanguage":"lt-LT"},{"@type":"Organization","@id":"https:\/\/www.peanutoem.com\/#organization","name":"Peanut Butter Factory","alternateName":"JuFeng Group","url":"https:\/\/www.peanutoem.com\/","logo":{"@type":"ImageObject","inLanguage":"lt-LT","@id":"https:\/\/www.peanutoem.com\/#\/schema\/logo\/image\/","url":"https:\/\/www.peanutoem.com\/wp-content\/uploads\/2024\/09\/JUFENG-LOGO.png","contentUrl":"https:\/\/www.peanutoem.com\/wp-content\/uploads\/2024\/09\/JUFENG-LOGO.png","width":600,"height":170,"caption":"Peanut Butter Factory"},"image":{"@id":"https:\/\/www.peanutoem.com\/#\/schema\/logo\/image\/"}}]}},"_links":{"self":[{"href":"https:\/\/www.peanutoem.com\/lt\/wp-json\/wp\/v2\/product\/1638","targetHints":{"allow":["GET"]}}],"collection":[{"href":"https:\/\/www.peanutoem.com\/lt\/wp-json\/wp\/v2\/product"}],"about":[{"href":"https:\/\/www.peanutoem.com\/lt\/wp-json\/wp\/v2\/types\/product"}],"replies":[{"embeddable":true,"href":"https:\/\/www.peanutoem.com\/lt\/wp-json\/wp\/v2\/comments?post=1638"}],"wp:featuredmedia":[{"embeddable":true,"href":"https:\/\/www.peanutoem.com\/lt\/wp-json\/wp\/v2\/media\/1671"}],"wp:attachment":[{"href":"https:\/\/www.peanutoem.com\/lt\/wp-json\/wp\/v2\/media?parent=1638"}],"wp:term":[{"taxonomy":"product_cat","embeddable":true,"href":"https:\/\/www.peanutoem.com\/lt\/wp-json\/wp\/v2\/product_cat?post=1638"},{"taxonomy":"product_tag","embeddable":true,"href":"https:\/\/www.peanutoem.com\/lt\/wp-json\/wp\/v2\/product_tag?post=1638"}],"curies":[{"name":"wp","href":"https:\/\/api.w.org\/{rel}","templated":true}]}}