{"id":1393,"date":"2023-06-08T07:38:38","date_gmt":"2023-06-08T07:38:38","guid":{"rendered":"https:\/\/www.peanutoem.com\/?post_type=product&#038;p=1393"},"modified":"2024-10-09T12:10:08","modified_gmt":"2024-10-09T12:10:08","slug":"salty-peanut-butter","status":"publish","type":"product","link":"https:\/\/www.peanutoem.com\/lv\/manufacturer\/salty-peanut-butter\/","title":{"rendered":"S\u0101\u013c\u0161 zemesriekstu sviests"},"content":{"rendered":"<h3>Salty vado\u0161ais OEM pieg\u0101d\u0101t\u0101js un priv\u0101to pre\u010du z\u012bmju ra\u017eot\u0101js <a href=\"https:\/\/www.peanutoem.com\/lv\/Wholesale\/peanut-butter\/\" target=\"_blank\" rel=\"noopener\">Zemesriekstu sviests<\/a><\/h3>\n<p>M\u0113s ar lepnumu pied\u0101v\u0101jam augst\u0101k\u0101s kvalit\u0101tes s\u0101\u013co zemesriekstu sviestu k\u0101 uzticamu OEM nodro\u0161in\u0101t\u0101ju, priv\u0101to pre\u010du z\u012bmju ra\u017eot\u0101ju un glob\u0101lo eksport\u0113t\u0101ju. Izstr\u0101d\u0101ts ar perfektu l\u012bdzsvaru starp grauzd\u0113tiem zemesriekstiem un <a href=\"https:\/\/en.wikipedia.org\/wiki\/Salt\" target=\"_blank\" rel=\"noopener\">s\u0101ls<\/a>, tas nodro\u0161ina pikantu gar\u0161u, kas ide\u0101li piem\u0113rots uzkod\u0101m un \u0113diena gatavo\u0161anai. M\u016bsu piln\u012bb\u0101 piel\u0101gojamie ra\u017eo\u0161anas risin\u0101jumi \u013cauj z\u012bmoliem izveidot unik\u0101las vari\u0101cijas ar elast\u012bgu iepakojumu un pas\u016bt\u012bjuma izm\u0113riem.<\/p>\n<h3>Kas ir s\u0101\u013cais zemesriekstu sviests?<\/h3>\n<p>S\u0101\u013cais zemesriekstu sviests ir gar\u0161\u012bga tradicion\u0101l\u0101 zemesriekstu sviesta vari\u0101cija, kas pied\u0101v\u0101 gar\u0161\u012bgu piedevu ar pievienotu s\u0101li. \u0160is zemesriekstu sviesta veids pat\u012bk pat\u0113r\u0113t\u0101jiem, kuri mekl\u0113 drosm\u012bg\u0101ku, maz\u0101k saldu variantu. S\u0101ls uzlabo zemesriekstu dabisko riekstu gar\u0161u, padarot to par iecien\u012btu gar\u0161vielu recept\u0113m, pastas un uzkod\u0101m.<\/p>\n<p><img loading=\"lazy\" decoding=\"async\" class=\"alignnone wp-image-1970 size-large\" src=\"https:\/\/www.peanutoem.com\/wp-content\/uploads\/2023\/06\/Seasalt-Peanut-Butter-200g-1-1024x461.webp\" alt=\"J\u016bras s\u0101ls zemesriekstu sviests 200g\" width=\"1020\" height=\"459\" srcset=\"https:\/\/www.peanutoem.com\/wp-content\/uploads\/2023\/06\/Seasalt-Peanut-Butter-200g-1-1024x461.webp 1024w, https:\/\/www.peanutoem.com\/wp-content\/uploads\/2023\/06\/Seasalt-Peanut-Butter-200g-1-300x135.webp 300w, https:\/\/www.peanutoem.com\/wp-content\/uploads\/2023\/06\/Seasalt-Peanut-Butter-200g-1-768x346.webp 768w, https:\/\/www.peanutoem.com\/wp-content\/uploads\/2023\/06\/Seasalt-Peanut-Butter-200g-1-1536x691.webp 1536w, https:\/\/www.peanutoem.com\/wp-content\/uploads\/2023\/06\/Seasalt-Peanut-Butter-200g-1-2048x922.webp 2048w, https:\/\/www.peanutoem.com\/wp-content\/uploads\/2023\/06\/Seasalt-Peanut-Butter-200g-1-18x8.webp 18w, https:\/\/www.peanutoem.com\/wp-content\/uploads\/2023\/06\/Seasalt-Peanut-Butter-200g-1-600x270.webp 600w\" sizes=\"auto, (max-width: 1020px) 100vw, 1020px\" \/><\/p>\n<h3>K\u0101di ir citi v\u0101rdi?<\/h3>\n<p>S\u0101\u013co zemesriekstu sviestu var saukt ar\u012b par:<\/p>\n<ul>\n<li><strong>Gar\u0161\u012bgs zemesriekstu sviests<\/strong><\/li>\n<li><strong>S\u0101l\u012bts zemesriekstu sviests<\/strong><\/li>\n<li><strong>Zemesriekstu sviests ar s\u0101li<\/strong><\/li>\n<li><strong>Zemesriekstu sviests ar s\u0101li<\/strong><\/li>\n<\/ul>\n<p>\u0160ie nosaukumi uzsver at\u0161\u0137ir\u012bgo pikanto elementu, kas padara s\u0101\u013co zemesriekstu sviestu par unik\u0101lu un popul\u0101ru produktu.<\/p>\n<h3>K\u0101p\u0113c izv\u0113l\u0113ties m\u016bs par savu pieg\u0101d\u0101t\u0101ju?<\/h3>\n<p>K\u0101 uzticams OEM nodro\u0161in\u0101t\u0101js un priv\u0101to pre\u010du z\u012bmju ra\u017eot\u0101js m\u0113s pied\u0101v\u0101jam:<\/p>\n<ul>\n<li><strong>Piel\u0101gojams s\u0101\u013c\u0161 zemesriekstu sviests<\/strong>: piel\u0101goti produkti, lai tie atbilstu j\u016bsu z\u012bmolam.<\/li>\n<li><strong>Glob\u0101li <a href=\"https:\/\/www.peanutoem.com\/lv\/certificate\/\" target=\"_blank\" rel=\"noopener\">Sertifik\u0101ti<\/a><\/strong>: M\u016bsu standarti ietver HACCP, BRCGS, Halal, Kosher un EU Organic, nodro\u0161inot visaugst\u0101ko kvalit\u0101ti.<\/li>\n<li><strong>Daudzpus\u012bgas iepako\u0161anas iesp\u0113jas<\/strong>: Ra\u017eojam da\u017e\u0101da izm\u0113ra, s\u0101kot no mazumtirdzniec\u012bbas burci\u0146\u0101m l\u012bdz taras tarai.<\/li>\n<li><strong>Glob\u0101l\u0101 eksporta ekspert\u012bze<\/strong>: M\u0113s uzticami pieg\u0101d\u0101jam starptautiskajiem tirgiem.<\/li>\n<\/ul>\n<h3>Bie\u017ei uzdotie jaut\u0101jumi par zemesriekstu sviestu ar s\u0101li<\/h3>\n<ol>\n<li><strong>Kas at\u0161\u0137ir j\u016bsu s\u0101\u013co zemesriekstu sviestu?<\/strong><br \/>\nM\u0113s pieg\u0101d\u0101jam augst\u0101k\u0101s kvalit\u0101tes, konsekventu zemesriekstu sviestu ar s\u0101li ar piel\u0101gojam\u0101m iesp\u0113j\u0101m priv\u0101to pre\u010du z\u012bmju ra\u017eo\u0161anai.<\/li>\n<li><strong>K\u0101das sast\u0101vda\u013cas j\u016bs izmantojat?<\/strong><br \/>\nM\u016bsu s\u0101\u013cais zemesriekstu sviests satur augstas kvalit\u0101tes grauzd\u0113tus zemesriekstus un prec\u012bzi izm\u0113r\u012btu s\u0101li, bez piedev\u0101m.<\/li>\n<li><strong>Vai es varu piel\u0101got s\u0101ls saturu?<\/strong><br \/>\nJ\u0101, m\u0113s pied\u0101v\u0101jam elast\u012bgu s\u0101ls l\u012bmeni, lai tas atbilstu j\u016bsu z\u012bmola gar\u0161as profilam.<\/li>\n<li><strong>K\u0101das iepako\u0161anas iesp\u0113jas ir pieejamas?<\/strong><br \/>\nM\u0113s pied\u0101v\u0101jam burkas, spai\u0146us un paci\u0146as izm\u0113ros, kas ir piem\u0113roti gan mazumtirdzniec\u012bbai, gan lielapjoma izplat\u012b\u0161anai.<\/li>\n<li><strong>Cik ilgs ir pieg\u0101des laiks?<\/strong><br \/>\nPieg\u0101de parasti sv\u0101rst\u0101s no 7 l\u012bdz 20 dien\u0101m atkar\u012bb\u0101 no pas\u016bt\u012bjuma lieluma un specifik\u0101cij\u0101m.<\/li>\n<li><strong>Vai pied\u0101v\u0101jat priv\u0101to pre\u010du z\u012bmju pakalpojumus?<\/strong><br \/>\nJ\u0101, m\u0113s specializ\u0113jamies priv\u0101to pre\u010du z\u012bmju pakalpojumos ar pilnu z\u012bmola un iepakojuma piel\u0101go\u0161anu.<\/li>\n<li><strong>K\u0101ds ir minim\u0101lais pas\u016bt\u012bjuma daudzums (MOQ)?<\/strong><br \/>\nM\u016bsu MOQ ir viena tonna, kas ir piem\u0113rota gan lieliem, gan maz\u0101kiem uz\u0146\u0113mumiem.<\/li>\n<\/ol>\n<h3>Atkl\u0101jiet m\u016bsu piel\u0101gojamo produktu daudzpus\u012bbu<\/h3>\n<p>S\u0101\u013cais zemesriekstu sviests ir daudzpus\u012bga izv\u0113le tiem, kas mekl\u0113 pikantu alternat\u012bvu saldaj\u0101m \u0161\u0137irn\u0113m. T\u0101 unik\u0101l\u0101 gar\u0161a uzlabo uzkodas un \u0113diena gatavo\u0161anu, padarot to lieliski piem\u0113rotu sm\u0113r\u0113\u0161anai, m\u0113rc\u0113m un m\u0113rc\u0113m. M\u0113s apmierin\u0101m pieaugo\u0161o piepras\u012bjumu p\u0113c gar\u0161\u012bg\u0101m, augstas kvalit\u0101tes iesp\u0113j\u0101m, vienlaikus pied\u0101v\u0101jot piln\u012bgu piel\u0101go\u0161anu atbilsto\u0161i j\u016bsu vajadz\u012bb\u0101m.<\/p>\n<p>K\u0101 j\u016bsu uzticamais ori\u0123in\u0101lo iek\u0101rtu ra\u017eot\u0101ju un priv\u0101to pre\u010du z\u012bmju partneris m\u0113s pied\u0101v\u0101jam augstas kvalit\u0101tes, piel\u0101gojamas iesp\u0113jas ar glob\u0101l\u0101m eksporta iesp\u0113j\u0101m, nodro\u0161inot izcil\u012bbu katr\u0101 burk\u0101.<\/p>\n<a href=\"mailto:globepeanut@gmail.com\" class=\"button primary is-primary is-medium\"  >\n    <span>Nos\u016btiet mums e-pastu<\/span>\n  <\/a>","protected":false},"excerpt":{"rendered":"<table width=\"564\">\n<tbody>\n<tr>\n<td width=\"113\"><strong>Produkta nosaukums<\/strong><\/td>\n<td width=\"402\">S\u0101\u013c\u0161 zemesriekstu sviests<\/td>\n<\/tr>\n<tr>\n<td width=\"113\"><strong>Sast\u0101vda\u013cas<\/strong><\/td>\n<td width=\"402\">Izv\u0113l\u0113ti zemesriekstu kodoli, s\u0101ls<\/td>\n<\/tr>\n<tr>\n<td width=\"113\"><strong>Specifik\u0101cijas<\/strong><\/td>\n<td width=\"402\">227gx24, 340gx12, 375gx12, 500gx12, 510gx12, 1kgx12, 10kgx1, 20kgx1, 220kgx1<\/td>\n<\/tr>\n<tr>\n<td width=\"113\"><strong>Iepakojuma forma<\/strong><\/td>\n<td width=\"402\">Burka, spainis, doja iepakojums, soma, kartona k\u0101rba, sk\u0101rda, muca, k\u0101rba, pudele utt<\/td>\n<\/tr>\n<tr>\n<td width=\"113\"><strong>Pieg\u0101des laiks<\/strong><\/td>\n<td width=\"402\">7-20 dienas p\u0113c pas\u016bt\u012bjuma<\/td>\n<\/tr>\n<tr>\n<td width=\"113\"><strong>MOQ<\/strong><\/td>\n<td width=\"402\">Viena tonna<\/td>\n<\/tr>\n<tr>\n<td width=\"113\"><strong>Paraugs<\/strong><\/td>\n<td width=\"402\">Pieejams bezmaksas paraugs<\/td>\n<\/tr>\n<tr>\n<td width=\"113\"><strong>OEM<\/strong><\/td>\n<td width=\"402\">Pirc\u0113ja eti\u0137ete pie\u0146emta<\/td>\n<\/tr>\n<\/tbody>\n<\/table>","protected":false},"featured_media":1968,"comment_status":"open","ping_status":"closed","template":"","meta":[],"product_cat":[15],"product_tag":[],"class_list":{"0":"post-1393","1":"product","2":"type-product","3":"status-publish","4":"has-post-thumbnail","6":"product_cat-peanut-butter","8":"first","9":"instock","10":"shipping-taxable","11":"product-type-simple"},"yoast_head":"<!-- This site is optimized with the Yoast SEO plugin v24.9 - https:\/\/yoast.com\/wordpress\/plugins\/seo\/ -->\n<title>Salty Peanut Butter China Exporter OEM - Peanut Butter Factory<\/title>\n<meta name=\"description\" content=\"Discover premium salty peanut butter OEM service. Your trusted private label manufacturer. Enjoy customizable production, various packaging.\" \/>\n<meta name=\"robots\" content=\"index, follow, max-snippet:-1, max-image-preview:large, max-video-preview:-1\" \/>\n<link rel=\"canonical\" href=\"https:\/\/www.peanutoem.com\/lv\/manufacturer\/salty-peanut-butter\/\" \/>\n<meta property=\"og:locale\" content=\"lv_LV\" \/>\n<meta property=\"og:type\" content=\"article\" \/>\n<meta property=\"og:title\" content=\"Salty Peanut Butter China Exporter OEM - Peanut Butter Factory\" \/>\n<meta property=\"og:description\" content=\"Discover premium salty peanut butter OEM service. Your trusted private label manufacturer. Enjoy customizable production, various packaging.\" \/>\n<meta property=\"og:url\" content=\"https:\/\/www.peanutoem.com\/lv\/manufacturer\/salty-peanut-butter\/\" \/>\n<meta property=\"og:site_name\" content=\"Peanut Butter Factory\" \/>\n<meta property=\"article:modified_time\" content=\"2024-10-09T12:10:08+00:00\" \/>\n<meta property=\"og:image\" content=\"https:\/\/www.peanutoem.com\/wp-content\/uploads\/2023\/06\/200g-seasalt-peanut-butter-1-scaled.webp\" \/>\n\t<meta property=\"og:image:width\" content=\"2560\" \/>\n\t<meta property=\"og:image:height\" content=\"1152\" \/>\n\t<meta property=\"og:image:type\" content=\"image\/webp\" \/>\n<meta name=\"twitter:card\" content=\"summary_large_image\" \/>\n<meta name=\"twitter:label1\" content=\"Est. reading time\" \/>\n\t<meta name=\"twitter:data1\" content=\"3 min\u016btes\" \/>\n<script type=\"application\/ld+json\" class=\"yoast-schema-graph\">{\"@context\":\"https:\/\/schema.org\",\"@graph\":[{\"@type\":\"WebPage\",\"@id\":\"https:\/\/www.peanutoem.com\/manufacturer\/salty-peanut-butter\/\",\"url\":\"https:\/\/www.peanutoem.com\/manufacturer\/salty-peanut-butter\/\",\"name\":\"Salty Peanut Butter China Exporter OEM - Peanut Butter Factory\",\"isPartOf\":{\"@id\":\"https:\/\/www.peanutoem.com\/#website\"},\"primaryImageOfPage\":{\"@id\":\"https:\/\/www.peanutoem.com\/manufacturer\/salty-peanut-butter\/#primaryimage\"},\"image\":{\"@id\":\"https:\/\/www.peanutoem.com\/manufacturer\/salty-peanut-butter\/#primaryimage\"},\"thumbnailUrl\":\"https:\/\/www.peanutoem.com\/wp-content\/uploads\/2023\/06\/200g-seasalt-peanut-butter-1-scaled.webp\",\"datePublished\":\"2023-06-08T07:38:38+00:00\",\"dateModified\":\"2024-10-09T12:10:08+00:00\",\"description\":\"Discover premium salty peanut butter OEM service. Your trusted private label manufacturer. Enjoy customizable production, various packaging.\",\"breadcrumb\":{\"@id\":\"https:\/\/www.peanutoem.com\/manufacturer\/salty-peanut-butter\/#breadcrumb\"},\"inLanguage\":\"lv-LV\",\"potentialAction\":[{\"@type\":\"ReadAction\",\"target\":[\"https:\/\/www.peanutoem.com\/manufacturer\/salty-peanut-butter\/\"]}]},{\"@type\":\"ImageObject\",\"inLanguage\":\"lv-LV\",\"@id\":\"https:\/\/www.peanutoem.com\/manufacturer\/salty-peanut-butter\/#primaryimage\",\"url\":\"https:\/\/www.peanutoem.com\/wp-content\/uploads\/2023\/06\/200g-seasalt-peanut-butter-1-scaled.webp\",\"contentUrl\":\"https:\/\/www.peanutoem.com\/wp-content\/uploads\/2023\/06\/200g-seasalt-peanut-butter-1-scaled.webp\",\"width\":2560,\"height\":1152,\"caption\":\"200g seasalt peanut butter\"},{\"@type\":\"BreadcrumbList\",\"@id\":\"https:\/\/www.peanutoem.com\/manufacturer\/salty-peanut-butter\/#breadcrumb\",\"itemListElement\":[{\"@type\":\"ListItem\",\"position\":1,\"name\":\"Home\",\"item\":\"https:\/\/www.peanutoem.com\/\"},{\"@type\":\"ListItem\",\"position\":2,\"name\":\"Products\",\"item\":\"https:\/\/www.peanutoem.com\/shop\/\"},{\"@type\":\"ListItem\",\"position\":3,\"name\":\"Salty Peanut Butter\"}]},{\"@type\":\"WebSite\",\"@id\":\"https:\/\/www.peanutoem.com\/#website\",\"url\":\"https:\/\/www.peanutoem.com\/\",\"name\":\"Peanut Butter Factory\",\"description\":\"Peanut Butter Manufacturer and Roast Peanut OEM Factory | Peanut Private Label China Supplier\",\"publisher\":{\"@id\":\"https:\/\/www.peanutoem.com\/#organization\"},\"alternateName\":\"Peanut Butter OEM and Wholesale\",\"potentialAction\":[{\"@type\":\"SearchAction\",\"target\":{\"@type\":\"EntryPoint\",\"urlTemplate\":\"https:\/\/www.peanutoem.com\/?s={search_term_string}\"},\"query-input\":{\"@type\":\"PropertyValueSpecification\",\"valueRequired\":true,\"valueName\":\"search_term_string\"}}],\"inLanguage\":\"lv-LV\"},{\"@type\":\"Organization\",\"@id\":\"https:\/\/www.peanutoem.com\/#organization\",\"name\":\"Peanut Butter Factory\",\"alternateName\":\"JuFeng Group\",\"url\":\"https:\/\/www.peanutoem.com\/\",\"logo\":{\"@type\":\"ImageObject\",\"inLanguage\":\"lv-LV\",\"@id\":\"https:\/\/www.peanutoem.com\/#\/schema\/logo\/image\/\",\"url\":\"https:\/\/www.peanutoem.com\/wp-content\/uploads\/2024\/09\/JUFENG-LOGO.png\",\"contentUrl\":\"https:\/\/www.peanutoem.com\/wp-content\/uploads\/2024\/09\/JUFENG-LOGO.png\",\"width\":600,\"height\":170,\"caption\":\"Peanut Butter Factory\"},\"image\":{\"@id\":\"https:\/\/www.peanutoem.com\/#\/schema\/logo\/image\/\"}}]}<\/script>\n<!-- \/ Yoast SEO plugin. -->","yoast_head_json":{"title":"Salty Peanut Butter China Exporter OEM - Peanut Butter Factory","description":"Discover premium salty peanut butter OEM service. Your trusted private label manufacturer. Enjoy customizable production, various packaging.","robots":{"index":"index","follow":"follow","max-snippet":"max-snippet:-1","max-image-preview":"max-image-preview:large","max-video-preview":"max-video-preview:-1"},"canonical":"https:\/\/www.peanutoem.com\/lv\/manufacturer\/salty-peanut-butter\/","og_locale":"lv_LV","og_type":"article","og_title":"Salty Peanut Butter China Exporter OEM - Peanut Butter Factory","og_description":"Discover premium salty peanut butter OEM service. Your trusted private label manufacturer. Enjoy customizable production, various packaging.","og_url":"https:\/\/www.peanutoem.com\/lv\/manufacturer\/salty-peanut-butter\/","og_site_name":"Peanut Butter Factory","article_modified_time":"2024-10-09T12:10:08+00:00","og_image":[{"width":2560,"height":1152,"url":"https:\/\/www.peanutoem.com\/wp-content\/uploads\/2023\/06\/200g-seasalt-peanut-butter-1-scaled.webp","type":"image\/webp"}],"twitter_card":"summary_large_image","twitter_misc":{"Est. reading time":"3 min\u016btes"},"schema":{"@context":"https:\/\/schema.org","@graph":[{"@type":"WebPage","@id":"https:\/\/www.peanutoem.com\/manufacturer\/salty-peanut-butter\/","url":"https:\/\/www.peanutoem.com\/manufacturer\/salty-peanut-butter\/","name":"Salty Peanut Butter China Exporter OEM - Peanut Butter Factory","isPartOf":{"@id":"https:\/\/www.peanutoem.com\/#website"},"primaryImageOfPage":{"@id":"https:\/\/www.peanutoem.com\/manufacturer\/salty-peanut-butter\/#primaryimage"},"image":{"@id":"https:\/\/www.peanutoem.com\/manufacturer\/salty-peanut-butter\/#primaryimage"},"thumbnailUrl":"https:\/\/www.peanutoem.com\/wp-content\/uploads\/2023\/06\/200g-seasalt-peanut-butter-1-scaled.webp","datePublished":"2023-06-08T07:38:38+00:00","dateModified":"2024-10-09T12:10:08+00:00","description":"Discover premium salty peanut butter OEM service. Your trusted private label manufacturer. Enjoy customizable production, various packaging.","breadcrumb":{"@id":"https:\/\/www.peanutoem.com\/manufacturer\/salty-peanut-butter\/#breadcrumb"},"inLanguage":"lv-LV","potentialAction":[{"@type":"ReadAction","target":["https:\/\/www.peanutoem.com\/manufacturer\/salty-peanut-butter\/"]}]},{"@type":"ImageObject","inLanguage":"lv-LV","@id":"https:\/\/www.peanutoem.com\/manufacturer\/salty-peanut-butter\/#primaryimage","url":"https:\/\/www.peanutoem.com\/wp-content\/uploads\/2023\/06\/200g-seasalt-peanut-butter-1-scaled.webp","contentUrl":"https:\/\/www.peanutoem.com\/wp-content\/uploads\/2023\/06\/200g-seasalt-peanut-butter-1-scaled.webp","width":2560,"height":1152,"caption":"200g seasalt peanut butter"},{"@type":"BreadcrumbList","@id":"https:\/\/www.peanutoem.com\/manufacturer\/salty-peanut-butter\/#breadcrumb","itemListElement":[{"@type":"ListItem","position":1,"name":"Home","item":"https:\/\/www.peanutoem.com\/"},{"@type":"ListItem","position":2,"name":"Products","item":"https:\/\/www.peanutoem.com\/shop\/"},{"@type":"ListItem","position":3,"name":"Salty Peanut Butter"}]},{"@type":"WebSite","@id":"https:\/\/www.peanutoem.com\/#website","url":"https:\/\/www.peanutoem.com\/","name":"Peanut Butter Factory","description":"Peanut Butter Manufacturer and Roast Peanut OEM Factory | Peanut Private Label China Supplier","publisher":{"@id":"https:\/\/www.peanutoem.com\/#organization"},"alternateName":"Peanut Butter OEM and Wholesale","potentialAction":[{"@type":"SearchAction","target":{"@type":"EntryPoint","urlTemplate":"https:\/\/www.peanutoem.com\/?s={search_term_string}"},"query-input":{"@type":"PropertyValueSpecification","valueRequired":true,"valueName":"search_term_string"}}],"inLanguage":"lv-LV"},{"@type":"Organization","@id":"https:\/\/www.peanutoem.com\/#organization","name":"Peanut Butter Factory","alternateName":"JuFeng Group","url":"https:\/\/www.peanutoem.com\/","logo":{"@type":"ImageObject","inLanguage":"lv-LV","@id":"https:\/\/www.peanutoem.com\/#\/schema\/logo\/image\/","url":"https:\/\/www.peanutoem.com\/wp-content\/uploads\/2024\/09\/JUFENG-LOGO.png","contentUrl":"https:\/\/www.peanutoem.com\/wp-content\/uploads\/2024\/09\/JUFENG-LOGO.png","width":600,"height":170,"caption":"Peanut Butter Factory"},"image":{"@id":"https:\/\/www.peanutoem.com\/#\/schema\/logo\/image\/"}}]}},"_links":{"self":[{"href":"https:\/\/www.peanutoem.com\/lv\/wp-json\/wp\/v2\/product\/1393","targetHints":{"allow":["GET"]}}],"collection":[{"href":"https:\/\/www.peanutoem.com\/lv\/wp-json\/wp\/v2\/product"}],"about":[{"href":"https:\/\/www.peanutoem.com\/lv\/wp-json\/wp\/v2\/types\/product"}],"replies":[{"embeddable":true,"href":"https:\/\/www.peanutoem.com\/lv\/wp-json\/wp\/v2\/comments?post=1393"}],"wp:featuredmedia":[{"embeddable":true,"href":"https:\/\/www.peanutoem.com\/lv\/wp-json\/wp\/v2\/media\/1968"}],"wp:attachment":[{"href":"https:\/\/www.peanutoem.com\/lv\/wp-json\/wp\/v2\/media?parent=1393"}],"wp:term":[{"taxonomy":"product_cat","embeddable":true,"href":"https:\/\/www.peanutoem.com\/lv\/wp-json\/wp\/v2\/product_cat?post=1393"},{"taxonomy":"product_tag","embeddable":true,"href":"https:\/\/www.peanutoem.com\/lv\/wp-json\/wp\/v2\/product_tag?post=1393"}],"curies":[{"name":"wp","href":"https:\/\/api.w.org\/{rel}","templated":true}]}}