{"id":1397,"date":"2023-06-08T07:51:40","date_gmt":"2023-06-08T07:51:40","guid":{"rendered":"https:\/\/www.peanutoem.com\/?post_type=product&#038;p=1397"},"modified":"2024-09-28T07:06:47","modified_gmt":"2024-09-28T07:06:47","slug":"creamy-peanut-butter","status":"publish","type":"product","link":"https:\/\/www.peanutoem.com\/lv\/manufacturer\/creamy-peanut-butter\/","title":{"rendered":"Kr\u0113mveida zemesriekstu sviests | Gluds zemesriekstu sviests"},"content":{"rendered":"<h3>Kr\u0113mveida <a href=\"https:\/\/www.peanutoem.com\/lv\/Wholesale\/peanut-butter\/\" target=\"_blank\" rel=\"noopener\">Zemesriekstu sviests<\/a> | Gluds zemesriekstu sviests\u00a0\u2014 vado\u0161ais OEM priv\u0101to pre\u010du z\u012bmju ra\u017eot\u0101js<\/h3>\n<p>M\u0113s lepojamies ar to, ka esam vado\u0161ais OEM priv\u0101to pre\u010du z\u012bmju ra\u017eot\u0101js, eksport\u0113t\u0101js un kr\u0113mveida zemesriekstu sviesta un gluda zemesriekstu sviesta pieg\u0101d\u0101t\u0101js. M\u016bsu modern\u0101s ra\u017eo\u0161anas l\u012bnijas un augstie kvalit\u0101tes standarti nodro\u0161ina, ka katra zemesriekstu sviesta burka atbilst glob\u0101laj\u0101m gar\u0161as un konsistences pras\u012bb\u0101m. Atbalsta starptautiski atz\u012btas <a href=\"https:\/\/www.peanutoem.com\/lv\/certificate\/\" target=\"_blank\" rel=\"noopener\">sertifik\u0101ti<\/a> piem\u0113ram, HACCP, BRCGS, ECOCERT, Halal un Kosher, m\u016bsu zemesriekstu sviesta produkti ir galvenie uz\u0146\u0113mumi vis\u0101 pasaul\u0113.<\/p>\n<p><img loading=\"lazy\" decoding=\"async\" class=\"alignnone wp-image-1620 size-large\" src=\"https:\/\/www.peanutoem.com\/wp-content\/uploads\/2024\/09\/Peanut-Butter-Qualifications-1024x736.webp\" alt=\"Zemesriekstu sviesta OEM procesora kvalifik\u0101cija\" width=\"1020\" height=\"733\" srcset=\"https:\/\/www.peanutoem.com\/wp-content\/uploads\/2024\/09\/Peanut-Butter-Qualifications-1024x736.webp 1024w, https:\/\/www.peanutoem.com\/wp-content\/uploads\/2024\/09\/Peanut-Butter-Qualifications-300x216.webp 300w, https:\/\/www.peanutoem.com\/wp-content\/uploads\/2024\/09\/Peanut-Butter-Qualifications-768x552.webp 768w, https:\/\/www.peanutoem.com\/wp-content\/uploads\/2024\/09\/Peanut-Butter-Qualifications-18x12.webp 18w, https:\/\/www.peanutoem.com\/wp-content\/uploads\/2024\/09\/Peanut-Butter-Qualifications-600x431.webp 600w, https:\/\/www.peanutoem.com\/wp-content\/uploads\/2024\/09\/Peanut-Butter-Qualifications.webp 1341w\" sizes=\"auto, (max-width: 1020px) 100vw, 1020px\" \/><\/p>\n<h3>Kas ir kr\u0113mveida zemesriekstu sviests un gluds zemesriekstu sviests?<\/h3>\n<p>Kr\u0113mveida zemesriekstu sviests un gluds zemesriekstu sviests ir divi no popul\u0101r\u0101kajiem zemesriekstu pastas veidiem. Abi ir izgatavoti no smalki samaltiem grauzd\u0113tiem zemesriekstiem, t\u0101d\u0113j\u0101di ieg\u016bstot bag\u0101t\u012bgu un gludu tekst\u016bru. Tom\u0113r kr\u0113mveida zemesriekstu sviestam ir nedaudz bl\u012bv\u0101ka tekst\u016bra sal\u012bdzin\u0101jum\u0101 ar gludo zemesriekstu sviestu, kas padara to ide\u0101li piem\u0113rotu sm\u0113r\u0113\u0161anai uz maizes vai k\u0101 sast\u0101vda\u013cu cep\u0161anai un \u0113diena gatavo\u0161anai.<\/p>\n<h3>M\u016bsu kapacit\u0101te<\/h3>\n<p>M\u0113s str\u0101d\u0101jam ar modern\u0101m apstr\u0101des iek\u0101rt\u0101m, kas sp\u0113j sara\u017eot 30 000 tonnu zemesriekstu sviesta gad\u0101. M\u016bsu labi apr\u012bkotaj\u0101s laboratorij\u0101s tiek veiktas stingras sensor\u0101s, fizik\u0101l\u0101s, \u0137\u012bmisk\u0101s un mikrobu p\u0101rbaudes, lai nodro\u0161in\u0101tu katras partijas kvalit\u0101ti un dro\u0161\u012bbu.<\/p>\n<h3>OEM priv\u0101to eti\u0137e\u0161u risin\u0101jumi zemesriekstu sviestam<\/h3>\n<p>K\u0101 uzticams OEM ra\u017eot\u0101js un priv\u0101to pre\u010du z\u012bmju pieg\u0101d\u0101t\u0101js m\u0113s pied\u0101v\u0101jam piel\u0101gotus risin\u0101jumus, kas atbilst j\u016bsu z\u012bmola vajadz\u012bb\u0101m. Neatkar\u012bgi no t\u0101, vai v\u0113laties pieg\u0101d\u0101t savu kr\u0113mveida zemesriekstu sviesta vai gluda zemesriekstu sviesta eti\u0137eti, m\u0113s pied\u0101v\u0101jam elast\u012bgas iepakojuma un produkta izm\u0113ra iesp\u0113jas. M\u016bsu komanda nodro\u0161ina, ka j\u016bsu produkti tiek izstr\u0101d\u0101ti r\u016bp\u012bgi un saska\u0146\u0101 ar augst\u0101kajiem nozares standartiem.<\/p>\n<h3>Glob\u0101lais eksport\u0113t\u0101js un pieg\u0101d\u0101t\u0101js<\/h3>\n<p>Ar glob\u0101lu kl\u0101tb\u016btni m\u0113s kalpojam k\u0101 uzticams zemesriekstu sviesta eksport\u0113t\u0101js un pieg\u0101d\u0101t\u0101js, pieg\u0101d\u0101jot savus produktus liel\u0101kajiem p\u0101rtikas mazumtirgot\u0101jiem, fran\u0161\u012bzes un izplat\u012bt\u0101jiem vis\u0101 pasaul\u0113. M\u016bsu pla\u0161ais izplat\u012b\u0161anas t\u012bkls un efekt\u012bv\u0101 lo\u0123istika nodro\u0161ina savlaic\u012bgu pieg\u0101di neatkar\u012bgi no j\u016bsu uz\u0146\u0113muma atra\u0161an\u0101s vietas.<\/p>\n<h3>K\u0101p\u0113c izv\u0113l\u0113ties m\u016bs?<\/h3>\n<ul>\n<li><strong>Augsta ra\u017eo\u0161anas jauda<\/strong>: 30 000 tonnu gad\u0101<\/li>\n<li><strong>Visaptvero\u0161i sertifik\u0101ti<\/strong>: HACCP, BRCGS, Halal, Kosher, ES Organic<\/li>\n<li><strong>OEM un priv\u0101to eti\u0137e\u0161u eksperti<\/strong>: J\u016bsu z\u012bmolam piel\u0101goti risin\u0101jumi<\/li>\n<li><strong>Glob\u0101lais pieg\u0101d\u0101t\u0101js un eksport\u0113t\u0101js<\/strong>: apkalpo klientus vis\u0101 pasaul\u0113 ar augst\u0101k\u0101s kvalit\u0101tes zemesriekstu produktiem<\/li>\n<\/ul>\n<p>M\u0113s ap\u0146emamies pieg\u0101d\u0101t vislab\u0101kos zemesriekstu sviesta produktus, kas atbilst glob\u0101l\u0101 tirgus main\u012bgaj\u0101m pras\u012bb\u0101m. Neatkar\u012bgi no t\u0101, vai jums ir nepiecie\u0161ams neliels mazumtirdzniec\u012bbas iepakojums vai liels daudzums, m\u0113s pieg\u0101d\u0101jam ar izcil\u012bbu.<\/p>\n<a href=\"mailto:globepeanut@gmail.com\" class=\"button primary is-primary is-medium\"  >\n    <span>Nos\u016btiet mums e-pastu<\/span>\n  <\/a>","protected":false},"excerpt":{"rendered":"<table style=\"height: 282px;\" width=\"564\">\n<tbody>\n<tr>\n<td width=\"113\"><strong>Produkta nosaukums<\/strong><\/td>\n<td width=\"402\">Kr\u0113mveida zemesriekstu sviests | Gluds zemesriekstu sviests<\/td>\n<\/tr>\n<tr>\n<td width=\"113\"><strong>Sast\u0101vda\u013cas<\/strong><\/td>\n<td width=\"402\">Atsevi\u0161\u0137i zemesriekstu kodoli, baltais cukurs, hidrogen\u0113ta augu e\u013c\u013ca, s\u0101ls<\/td>\n<\/tr>\n<tr>\n<td width=\"113\"><strong>Specifik\u0101cijas<\/strong><\/td>\n<td width=\"402\">200gx36, 227gx24, 340gx12, 375x12, 500gx12, 510gx12, 1kgx12, 10kgx1, 20kgx1, 220kgx1<\/td>\n<\/tr>\n<tr>\n<td width=\"113\"><strong>Iepakojuma forma<\/strong><\/td>\n<td width=\"402\">Burka, spainis, doja iepakojums, soma, kartona k\u0101rba, sk\u0101rda, muca, k\u0101rba, pudele utt<\/td>\n<\/tr>\n<tr>\n<td width=\"113\"><strong>Pieg\u0101des laiks<\/strong><\/td>\n<td width=\"402\">7-20 dienas p\u0113c pas\u016bt\u012bjuma<\/td>\n<\/tr>\n<tr>\n<td width=\"113\"><strong>MOQ<\/strong><\/td>\n<td width=\"402\">Viena tonna<\/td>\n<\/tr>\n<tr>\n<td width=\"113\"><strong>Paraugs<\/strong><\/td>\n<td width=\"402\">Pieejams bezmaksas paraugs<\/td>\n<\/tr>\n<tr>\n<td width=\"113\"><strong>OEM<\/strong><\/td>\n<td width=\"402\">Pirc\u0113ja eti\u0137ete pie\u0146emta<\/td>\n<\/tr>\n<\/tbody>\n<\/table>\n<p>&nbsp;<\/p>","protected":false},"featured_media":1641,"comment_status":"open","ping_status":"closed","template":"","meta":[],"product_cat":[15],"product_tag":[],"class_list":{"0":"post-1397","1":"product","2":"type-product","3":"status-publish","4":"has-post-thumbnail","6":"product_cat-peanut-butter","8":"first","9":"instock","10":"featured","11":"shipping-taxable","12":"product-type-simple"},"yoast_head":"<!-- This site is optimized with the Yoast SEO plugin v24.9 - https:\/\/yoast.com\/wordpress\/plugins\/seo\/ -->\n<title>Creamy Peanut Butter Manufacturer- Smooth Peanut Butter OEM - Peanut Butter Factory<\/title>\n<meta name=\"description\" content=\"As a leading OEM private label manufacturer, we offer premium creamy and smooth peanut butter with flexible packaging, certified to global standards.\" \/>\n<meta name=\"robots\" content=\"index, follow, max-snippet:-1, max-image-preview:large, max-video-preview:-1\" \/>\n<link rel=\"canonical\" href=\"https:\/\/www.peanutoem.com\/lv\/manufacturer\/creamy-peanut-butter\/\" \/>\n<meta property=\"og:locale\" content=\"lv_LV\" \/>\n<meta property=\"og:type\" content=\"article\" \/>\n<meta property=\"og:title\" content=\"Creamy Peanut Butter Manufacturer- Smooth Peanut Butter OEM - Peanut Butter Factory\" \/>\n<meta property=\"og:description\" content=\"As a leading OEM private label manufacturer, we offer premium creamy and smooth peanut butter with flexible packaging, certified to global standards.\" \/>\n<meta property=\"og:url\" content=\"https:\/\/www.peanutoem.com\/lv\/manufacturer\/creamy-peanut-butter\/\" \/>\n<meta property=\"og:site_name\" content=\"Peanut Butter Factory\" \/>\n<meta property=\"article:modified_time\" content=\"2024-09-28T07:06:47+00:00\" \/>\n<meta property=\"og:image\" content=\"https:\/\/www.peanutoem.com\/wp-content\/uploads\/2023\/06\/Creamy-Peanut-Butter-in-jar.webp\" \/>\n\t<meta property=\"og:image:width\" content=\"1000\" \/>\n\t<meta property=\"og:image:height\" content=\"1000\" \/>\n\t<meta property=\"og:image:type\" content=\"image\/webp\" \/>\n<meta name=\"twitter:card\" content=\"summary_large_image\" \/>\n<meta name=\"twitter:label1\" content=\"Est. reading time\" \/>\n\t<meta name=\"twitter:data1\" content=\"3 min\u016btes\" \/>\n<script type=\"application\/ld+json\" class=\"yoast-schema-graph\">{\"@context\":\"https:\/\/schema.org\",\"@graph\":[{\"@type\":\"WebPage\",\"@id\":\"https:\/\/www.peanutoem.com\/manufacturer\/creamy-peanut-butter\/\",\"url\":\"https:\/\/www.peanutoem.com\/manufacturer\/creamy-peanut-butter\/\",\"name\":\"Creamy Peanut Butter Manufacturer- Smooth Peanut Butter OEM - Peanut Butter Factory\",\"isPartOf\":{\"@id\":\"https:\/\/www.peanutoem.com\/#website\"},\"primaryImageOfPage\":{\"@id\":\"https:\/\/www.peanutoem.com\/manufacturer\/creamy-peanut-butter\/#primaryimage\"},\"image\":{\"@id\":\"https:\/\/www.peanutoem.com\/manufacturer\/creamy-peanut-butter\/#primaryimage\"},\"thumbnailUrl\":\"https:\/\/www.peanutoem.com\/wp-content\/uploads\/2023\/06\/Creamy-Peanut-Butter-in-jar.webp\",\"datePublished\":\"2023-06-08T07:51:40+00:00\",\"dateModified\":\"2024-09-28T07:06:47+00:00\",\"description\":\"As a leading OEM private label manufacturer, we offer premium creamy and smooth peanut butter with flexible packaging, certified to global standards.\",\"breadcrumb\":{\"@id\":\"https:\/\/www.peanutoem.com\/manufacturer\/creamy-peanut-butter\/#breadcrumb\"},\"inLanguage\":\"lv-LV\",\"potentialAction\":[{\"@type\":\"ReadAction\",\"target\":[\"https:\/\/www.peanutoem.com\/manufacturer\/creamy-peanut-butter\/\"]}]},{\"@type\":\"ImageObject\",\"inLanguage\":\"lv-LV\",\"@id\":\"https:\/\/www.peanutoem.com\/manufacturer\/creamy-peanut-butter\/#primaryimage\",\"url\":\"https:\/\/www.peanutoem.com\/wp-content\/uploads\/2023\/06\/Creamy-Peanut-Butter-in-jar.webp\",\"contentUrl\":\"https:\/\/www.peanutoem.com\/wp-content\/uploads\/2023\/06\/Creamy-Peanut-Butter-in-jar.webp\",\"width\":1000,\"height\":1000,\"caption\":\"Creamy Peanut Butter in jar\"},{\"@type\":\"BreadcrumbList\",\"@id\":\"https:\/\/www.peanutoem.com\/manufacturer\/creamy-peanut-butter\/#breadcrumb\",\"itemListElement\":[{\"@type\":\"ListItem\",\"position\":1,\"name\":\"Home\",\"item\":\"https:\/\/www.peanutoem.com\/\"},{\"@type\":\"ListItem\",\"position\":2,\"name\":\"Products\",\"item\":\"https:\/\/www.peanutoem.com\/shop\/\"},{\"@type\":\"ListItem\",\"position\":3,\"name\":\"Creamy Peanut Butter | Smooth Peanut Butter\"}]},{\"@type\":\"WebSite\",\"@id\":\"https:\/\/www.peanutoem.com\/#website\",\"url\":\"https:\/\/www.peanutoem.com\/\",\"name\":\"Peanut Butter Factory\",\"description\":\"Peanut Butter Manufacturer and Roast Peanut OEM Factory | Peanut Private Label China Supplier\",\"publisher\":{\"@id\":\"https:\/\/www.peanutoem.com\/#organization\"},\"alternateName\":\"Peanut Butter OEM and Wholesale\",\"potentialAction\":[{\"@type\":\"SearchAction\",\"target\":{\"@type\":\"EntryPoint\",\"urlTemplate\":\"https:\/\/www.peanutoem.com\/?s={search_term_string}\"},\"query-input\":{\"@type\":\"PropertyValueSpecification\",\"valueRequired\":true,\"valueName\":\"search_term_string\"}}],\"inLanguage\":\"lv-LV\"},{\"@type\":\"Organization\",\"@id\":\"https:\/\/www.peanutoem.com\/#organization\",\"name\":\"Peanut Butter Factory\",\"alternateName\":\"JuFeng Group\",\"url\":\"https:\/\/www.peanutoem.com\/\",\"logo\":{\"@type\":\"ImageObject\",\"inLanguage\":\"lv-LV\",\"@id\":\"https:\/\/www.peanutoem.com\/#\/schema\/logo\/image\/\",\"url\":\"https:\/\/www.peanutoem.com\/wp-content\/uploads\/2024\/09\/JUFENG-LOGO.png\",\"contentUrl\":\"https:\/\/www.peanutoem.com\/wp-content\/uploads\/2024\/09\/JUFENG-LOGO.png\",\"width\":600,\"height\":170,\"caption\":\"Peanut Butter Factory\"},\"image\":{\"@id\":\"https:\/\/www.peanutoem.com\/#\/schema\/logo\/image\/\"}}]}<\/script>\n<!-- \/ Yoast SEO plugin. -->","yoast_head_json":{"title":"Creamy Peanut Butter Manufacturer- Smooth Peanut Butter OEM - Peanut Butter Factory","description":"As a leading OEM private label manufacturer, we offer premium creamy and smooth peanut butter with flexible packaging, certified to global standards.","robots":{"index":"index","follow":"follow","max-snippet":"max-snippet:-1","max-image-preview":"max-image-preview:large","max-video-preview":"max-video-preview:-1"},"canonical":"https:\/\/www.peanutoem.com\/lv\/manufacturer\/creamy-peanut-butter\/","og_locale":"lv_LV","og_type":"article","og_title":"Creamy Peanut Butter Manufacturer- Smooth Peanut Butter OEM - Peanut Butter Factory","og_description":"As a leading OEM private label manufacturer, we offer premium creamy and smooth peanut butter with flexible packaging, certified to global standards.","og_url":"https:\/\/www.peanutoem.com\/lv\/manufacturer\/creamy-peanut-butter\/","og_site_name":"Peanut Butter Factory","article_modified_time":"2024-09-28T07:06:47+00:00","og_image":[{"width":1000,"height":1000,"url":"https:\/\/www.peanutoem.com\/wp-content\/uploads\/2023\/06\/Creamy-Peanut-Butter-in-jar.webp","type":"image\/webp"}],"twitter_card":"summary_large_image","twitter_misc":{"Est. reading time":"3 min\u016btes"},"schema":{"@context":"https:\/\/schema.org","@graph":[{"@type":"WebPage","@id":"https:\/\/www.peanutoem.com\/manufacturer\/creamy-peanut-butter\/","url":"https:\/\/www.peanutoem.com\/manufacturer\/creamy-peanut-butter\/","name":"Creamy Peanut Butter Manufacturer- Smooth Peanut Butter OEM - Peanut Butter Factory","isPartOf":{"@id":"https:\/\/www.peanutoem.com\/#website"},"primaryImageOfPage":{"@id":"https:\/\/www.peanutoem.com\/manufacturer\/creamy-peanut-butter\/#primaryimage"},"image":{"@id":"https:\/\/www.peanutoem.com\/manufacturer\/creamy-peanut-butter\/#primaryimage"},"thumbnailUrl":"https:\/\/www.peanutoem.com\/wp-content\/uploads\/2023\/06\/Creamy-Peanut-Butter-in-jar.webp","datePublished":"2023-06-08T07:51:40+00:00","dateModified":"2024-09-28T07:06:47+00:00","description":"As a leading OEM private label manufacturer, we offer premium creamy and smooth peanut butter with flexible packaging, certified to global standards.","breadcrumb":{"@id":"https:\/\/www.peanutoem.com\/manufacturer\/creamy-peanut-butter\/#breadcrumb"},"inLanguage":"lv-LV","potentialAction":[{"@type":"ReadAction","target":["https:\/\/www.peanutoem.com\/manufacturer\/creamy-peanut-butter\/"]}]},{"@type":"ImageObject","inLanguage":"lv-LV","@id":"https:\/\/www.peanutoem.com\/manufacturer\/creamy-peanut-butter\/#primaryimage","url":"https:\/\/www.peanutoem.com\/wp-content\/uploads\/2023\/06\/Creamy-Peanut-Butter-in-jar.webp","contentUrl":"https:\/\/www.peanutoem.com\/wp-content\/uploads\/2023\/06\/Creamy-Peanut-Butter-in-jar.webp","width":1000,"height":1000,"caption":"Creamy Peanut Butter in jar"},{"@type":"BreadcrumbList","@id":"https:\/\/www.peanutoem.com\/manufacturer\/creamy-peanut-butter\/#breadcrumb","itemListElement":[{"@type":"ListItem","position":1,"name":"Home","item":"https:\/\/www.peanutoem.com\/"},{"@type":"ListItem","position":2,"name":"Products","item":"https:\/\/www.peanutoem.com\/shop\/"},{"@type":"ListItem","position":3,"name":"Creamy Peanut Butter | Smooth Peanut Butter"}]},{"@type":"WebSite","@id":"https:\/\/www.peanutoem.com\/#website","url":"https:\/\/www.peanutoem.com\/","name":"Peanut Butter Factory","description":"Peanut Butter Manufacturer and Roast Peanut OEM Factory | Peanut Private Label China Supplier","publisher":{"@id":"https:\/\/www.peanutoem.com\/#organization"},"alternateName":"Peanut Butter OEM and Wholesale","potentialAction":[{"@type":"SearchAction","target":{"@type":"EntryPoint","urlTemplate":"https:\/\/www.peanutoem.com\/?s={search_term_string}"},"query-input":{"@type":"PropertyValueSpecification","valueRequired":true,"valueName":"search_term_string"}}],"inLanguage":"lv-LV"},{"@type":"Organization","@id":"https:\/\/www.peanutoem.com\/#organization","name":"Peanut Butter Factory","alternateName":"JuFeng Group","url":"https:\/\/www.peanutoem.com\/","logo":{"@type":"ImageObject","inLanguage":"lv-LV","@id":"https:\/\/www.peanutoem.com\/#\/schema\/logo\/image\/","url":"https:\/\/www.peanutoem.com\/wp-content\/uploads\/2024\/09\/JUFENG-LOGO.png","contentUrl":"https:\/\/www.peanutoem.com\/wp-content\/uploads\/2024\/09\/JUFENG-LOGO.png","width":600,"height":170,"caption":"Peanut Butter Factory"},"image":{"@id":"https:\/\/www.peanutoem.com\/#\/schema\/logo\/image\/"}}]}},"_links":{"self":[{"href":"https:\/\/www.peanutoem.com\/lv\/wp-json\/wp\/v2\/product\/1397","targetHints":{"allow":["GET"]}}],"collection":[{"href":"https:\/\/www.peanutoem.com\/lv\/wp-json\/wp\/v2\/product"}],"about":[{"href":"https:\/\/www.peanutoem.com\/lv\/wp-json\/wp\/v2\/types\/product"}],"replies":[{"embeddable":true,"href":"https:\/\/www.peanutoem.com\/lv\/wp-json\/wp\/v2\/comments?post=1397"}],"wp:featuredmedia":[{"embeddable":true,"href":"https:\/\/www.peanutoem.com\/lv\/wp-json\/wp\/v2\/media\/1641"}],"wp:attachment":[{"href":"https:\/\/www.peanutoem.com\/lv\/wp-json\/wp\/v2\/media?parent=1397"}],"wp:term":[{"taxonomy":"product_cat","embeddable":true,"href":"https:\/\/www.peanutoem.com\/lv\/wp-json\/wp\/v2\/product_cat?post=1397"},{"taxonomy":"product_tag","embeddable":true,"href":"https:\/\/www.peanutoem.com\/lv\/wp-json\/wp\/v2\/product_tag?post=1397"}],"curies":[{"name":"wp","href":"https:\/\/api.w.org\/{rel}","templated":true}]}}