{"id":1402,"date":"2023-06-08T08:15:42","date_gmt":"2023-06-08T08:15:42","guid":{"rendered":"https:\/\/www.peanutoem.com\/?post_type=product&#038;p=1402"},"modified":"2024-09-28T06:53:33","modified_gmt":"2024-09-28T06:53:33","slug":"crunchy-peanut-butter","status":"publish","type":"product","link":"https:\/\/www.peanutoem.com\/lv\/manufacturer\/crunchy-peanut-butter\/","title":{"rendered":"Krauk\u0161\u0137\u012bgs zemesriekstu sviests | Piel\u0101gots krauk\u0161\u0137\u012bgs zemesriekstu sviests"},"content":{"rendered":"<h3>Krauk\u0161\u0137\u012bgs <a href=\"https:\/\/www.peanutoem.com\/lv\/Wholesale\/peanut-butter\/\" target=\"_blank\" rel=\"noopener\">Zemesriekstu sviests<\/a> - Premium OEM Private Label ra\u017eot\u0101js<\/h3>\n<p>M\u0113s lepojamies, ka esam vado\u0161ais OEM priv\u0101to pre\u010du z\u012bmju ra\u017eot\u0101js, eksport\u0113t\u0101js un augstas kvalit\u0101tes krauk\u0161\u0137\u012bga zemesriekstu sviesta pieg\u0101d\u0101t\u0101js, kas pied\u0101v\u0101 apmierino\u0161u tekst\u016bru, kas ir lieliski piem\u0113rots gan mazumtirdzniec\u012bbai, gan r\u016bpnieciskai lieto\u0161anai. M\u016bsu ra\u017eo\u0161anas iesp\u0113jas apvienojum\u0101 ar piel\u0101gojam\u0101m iesp\u0113j\u0101m \u013cauj mums apmierin\u0101t unik\u0101l\u0101s z\u012bmolu vajadz\u012bbas vis\u0101 pasaul\u0113.<\/p>\n<h3>Uzlabot\u0101 ra\u017eo\u0161ana un <a href=\"https:\/\/www.peanutoem.com\/lv\/certificate\/\" target=\"_blank\" rel=\"noopener\">Sertifik\u0101ti<\/a><\/h3>\n<p>M\u016bsu modern\u0101s iek\u0101rtas ir apr\u012bkotas, lai apstr\u0101d\u0101tu liela m\u0113roga ra\u017eo\u0161anu, vienlaikus saglab\u0101jot stingru kvalit\u0101tes kontroli. Ar t\u0101diem sertifik\u0101tiem k\u0101 HACCP, BRCGS, Halal, Kosher un EU Organic m\u0113s nodro\u0161in\u0101m, ka m\u016bsu krauk\u0161\u0137\u012bgais zemesriekstu sviests atbilst augst\u0101kajiem glob\u0101lajiem standartiem. Tas padara m\u016bs par v\u0113lamo partneri uz\u0146\u0113mumiem, kas mekl\u0113 uzticamus OEM un priv\u0101to z\u012bmolu risin\u0101jumus.<\/p>\n<h3>Kas ir krauk\u0161\u0137\u012bgs zemesriekstu sviests?<\/h3>\n<p>Krauk\u0161\u0137\u012bgais zemesriekstu sviests satur mazas zemesriekstu granulas, nodro\u0161inot tekstur\u0113tu kodumu un bag\u0101t\u012bgu zemesriekstu gar\u0161u. \u0160\u012b \u0161\u0137irne ir lieliski piem\u0113rota pat\u0113r\u0113t\u0101jiem, kuri bauda bag\u0101t\u012bg\u0101ku zemesriekstu sviesta pieredzi sal\u012bdzin\u0101jum\u0101 ar glud\u0101m vai kr\u0113m\u012bg\u0101m iesp\u0113j\u0101m. M\u016bsu granulu tipa zemesriekstu sviests ir izgatavots, izmantojot vislab\u0101kos zemesriekstus, nodro\u0161inot konsistenci katr\u0101 burci\u0146\u0101.<\/p>\n<p>Krauk\u0161\u0137\u012bgo zemesriekstu sviestu var apz\u012bm\u0113t ar\u012b ar da\u017eiem citiem nosaukumiem atkar\u012bb\u0101 no re\u0123iona vai m\u0101rketinga izv\u0113les. Da\u017ei alternat\u012bvi nosaukumi ietver:<\/p>\n<ol>\n<li><strong>Biezs zemesriekstu sviests<\/strong> \u2013 Tas ir izplat\u012bts termins, \u012bpa\u0161i ASV, kas attiecas uz vienu un to pa\u0161u tekstur\u0113tu \u0161\u0137irni.<\/li>\n<li><strong>Granulveida zemesriekstu sviests<\/strong> \u2013 T\u0101s granul\u0113t\u0101s tekst\u016bras aprakst\u012b\u0161ana, ko bie\u017ei izmanto tehnisk\u0101 vai r\u016bpniecisk\u0101 kontekst\u0101.<\/li>\n<li><strong>Tekstur\u0113ts zemesriekstu sviests<\/strong> \u2013 Zemesriekstu gabali\u0146u tekst\u016bras izcel\u0161ana.<\/li>\n<li><strong>Riekstu zemesriekstu sviests<\/strong> \u2013 Da\u017ereiz izmanto, lai uzsv\u0113rtu zemesriekstu gabalus sm\u0113r\u0113jam\u0101 veid\u0101.<\/li>\n<\/ol>\n<p>\u0160ie nosaukumi bie\u017ei ir savstarp\u0113ji aizst\u0101jami un izsaka domu, ka zemesriekstu sviest\u0101 ir mazi zemesriekstu gabali\u0146i vai granulas.<\/p>\n<h3>Piel\u0101goti priv\u0101to eti\u0137e\u0161u risin\u0101jumi krauk\u0161\u0137\u012bgam zemesriekstu sviestam<\/h3>\n<p>K\u0101 iev\u0113rojams OEM ra\u017eot\u0101js m\u0113s pied\u0101v\u0101jam \u012bpa\u0161i piel\u0101gotus priv\u0101to pre\u010du z\u012bmju pakalpojumus krauk\u0161\u0137\u012bgajam zemesriekstu sviestam. Neatkar\u012bgi no t\u0101, vai jums ir nepiecie\u0161ams unik\u0101ls iepakojums vai konkr\u0113ti izm\u0113ri, m\u0113s pied\u0101v\u0101jam elast\u012bgas iesp\u0113jas, kas atbilst j\u016bsu z\u012bmola vajadz\u012bb\u0101m. M\u016bsu komanda cie\u0161i sadarbojas ar jums, lai izstr\u0101d\u0101tu produktu, kas atbilst j\u016bsu z\u012bmola identit\u0101tei un tirgus pras\u012bb\u0101m.<\/p>\n<h3>Granulu tipa zemesriekstu sviesta glob\u0101lais eksport\u0113t\u0101js un pieg\u0101d\u0101t\u0101js<\/h3>\n<p>Ar pla\u0161u eksporta t\u012bklu m\u0113s apkalpojam klientus vis\u0101 pasaul\u0113, padarot m\u016bs par uzticamu granulu tipa zemesriekstu sviesta eksport\u0113t\u0101ju un pieg\u0101d\u0101t\u0101ju. M\u016bsu efekt\u012bv\u0101 lo\u0123istika nodro\u0161ina savlaic\u012bgu pieg\u0101di neatkar\u012bgi no t\u0101, vai jums ir nepiecie\u0161amas nelielas partijas vai lielapjoma pas\u016bt\u012bjumi. M\u0113s saprotam konsekvences un uzticam\u012bbas noz\u012bmi starptautiskajos tirgos.<\/p>\n<h3>K\u0101p\u0113c izv\u0113l\u0113ties m\u016bs?<\/h3>\n<ul>\n<li><strong>Pla\u0161a ra\u017eo\u0161anas jauda<\/strong>: liela m\u0113roga ra\u017eo\u0161ana, kas piel\u0101gota j\u016bsu z\u012bmolam<\/li>\n<li><strong>Glob\u0101li <a href=\"https:\/\/www.peanutoem.com\/lv\/certificate\/\" target=\"_blank\" rel=\"noopener\">Sertifik\u0101ti<\/a><\/strong>: tostarp HACCP, BRCGS, Halal, Kosher un citi<\/li>\n<li><strong>Elast\u012bgas OEM un priv\u0101t\u0101s eti\u0137etes iesp\u0113jas<\/strong>: Piel\u0101gojams atbilsto\u0161i j\u016bsu specifik\u0101cij\u0101m<\/li>\n<li><strong>Uzticams eksport\u0113t\u0101js un pieg\u0101d\u0101t\u0101js<\/strong>: Apkalpo tirgus vis\u0101 pasaul\u0113 ar nemain\u012bgu kvalit\u0101ti<\/li>\n<\/ul>\n<p>M\u0113s esam gatavi nodro\u0161in\u0101t vislab\u0101ko krauk\u0161\u0137\u012bgo zemesriekstu sviestu, izmantojot m\u016bsu elast\u012bgos ori\u0123in\u0101lo iek\u0101rtu ra\u017eot\u0101ju un priv\u0101to pre\u010du z\u012bmju risin\u0101jumus. \u013baujiet mums pal\u012bdz\u0113t jums pieg\u0101d\u0101t klientiem augst\u0101k\u0101s kvalit\u0101tes, granulu tipa zemesriekstu sviestu, koncentr\u0113joties uz kvalit\u0101ti un piel\u0101go\u0161anu.<\/p>\n<a href=\"mailto:globepeanut@gmail.com\" class=\"button primary is-primary is-medium\"  >\n    <span>Nos\u016btiet mums e-pastu<\/span>\n  <\/a>","protected":false},"excerpt":{"rendered":"<table width=\"564\">\n<tbody>\n<tr>\n<td width=\"113\"><strong>Produkta nosaukums<\/strong><\/td>\n<td width=\"402\">Krauk\u0161\u0137\u012bgs zemesriekstu sviests<\/td>\n<\/tr>\n<tr>\n<td width=\"113\"><strong>Sast\u0101vda\u013cas<\/strong><\/td>\n<td width=\"402\">Atsevi\u0161\u0137i zemesriekstu kodoli, baltais cukurs, hidrogen\u0113ta augu e\u013c\u013ca, s\u0101ls<\/td>\n<\/tr>\n<tr>\n<td width=\"113\"><strong>Specifik\u0101cijas<\/strong><\/td>\n<td width=\"402\">200gx36, 227gx24, 340gx12, 375x12, 500gx12, 510gx12, 1kgx12, 10kgx1, 20kgx1, 220kgx1<\/td>\n<\/tr>\n<tr>\n<td width=\"113\"><strong>Iepakojuma forma<\/strong><\/td>\n<td width=\"402\">Burka, spainis, doja iepakojums, soma, kartona k\u0101rba, sk\u0101rda, muca, k\u0101rba, pudele utt<\/td>\n<\/tr>\n<tr>\n<td width=\"113\"><strong>Pieg\u0101des laiks<\/strong><\/td>\n<td width=\"402\">7-20 dienas p\u0113c pas\u016bt\u012bjuma<\/td>\n<\/tr>\n<tr>\n<td width=\"113\"><strong>MOQ<\/strong><\/td>\n<td width=\"402\">Viena tonna<\/td>\n<\/tr>\n<tr>\n<td width=\"113\"><strong>Paraugs<\/strong><\/td>\n<td width=\"402\">Pieejams bezmaksas paraugs<\/td>\n<\/tr>\n<tr>\n<td width=\"113\"><strong>OEM<\/strong><\/td>\n<td width=\"402\">Pirc\u0113ja eti\u0137ete pie\u0146emta<\/td>\n<\/tr>\n<\/tbody>\n<\/table>","protected":false},"featured_media":1652,"comment_status":"open","ping_status":"closed","template":"","meta":[],"product_cat":[15],"product_tag":[],"class_list":{"0":"post-1402","1":"product","2":"type-product","3":"status-publish","4":"has-post-thumbnail","6":"product_cat-peanut-butter","8":"first","9":"instock","10":"featured","11":"shipping-taxable","12":"product-type-simple"},"yoast_head":"<!-- This site is optimized with the Yoast SEO plugin v24.9 - https:\/\/yoast.com\/wordpress\/plugins\/seo\/ -->\n<title>Crunchy Peanut Butter | Custom Crunchy Peanut Butter OEM - Peanut Butter Factory<\/title>\n<meta name=\"description\" content=\"As a leading private label manufacturer, Our crunchy peanut butter is made with delightful granule texture and customizable packaging.\" \/>\n<meta name=\"robots\" content=\"index, follow, max-snippet:-1, max-image-preview:large, max-video-preview:-1\" \/>\n<link rel=\"canonical\" href=\"https:\/\/www.peanutoem.com\/lv\/manufacturer\/crunchy-peanut-butter\/\" \/>\n<meta property=\"og:locale\" content=\"lv_LV\" \/>\n<meta property=\"og:type\" content=\"article\" \/>\n<meta property=\"og:title\" content=\"Crunchy Peanut Butter | Custom Crunchy Peanut Butter OEM - Peanut Butter Factory\" \/>\n<meta property=\"og:description\" content=\"As a leading private label manufacturer, Our crunchy peanut butter is made with delightful granule texture and customizable packaging.\" \/>\n<meta property=\"og:url\" content=\"https:\/\/www.peanutoem.com\/lv\/manufacturer\/crunchy-peanut-butter\/\" \/>\n<meta property=\"og:site_name\" content=\"Peanut Butter Factory\" \/>\n<meta property=\"article:modified_time\" content=\"2024-09-28T06:53:33+00:00\" \/>\n<meta property=\"og:image\" content=\"https:\/\/www.peanutoem.com\/wp-content\/uploads\/2023\/06\/Crunchy-Type-Peanut-Butter-340g.webp\" \/>\n\t<meta property=\"og:image:width\" content=\"1000\" \/>\n\t<meta property=\"og:image:height\" content=\"1000\" \/>\n\t<meta property=\"og:image:type\" content=\"image\/webp\" \/>\n<meta name=\"twitter:card\" content=\"summary_large_image\" \/>\n<meta name=\"twitter:label1\" content=\"Est. reading time\" \/>\n\t<meta name=\"twitter:data1\" content=\"3 min\u016btes\" \/>\n<script type=\"application\/ld+json\" class=\"yoast-schema-graph\">{\"@context\":\"https:\/\/schema.org\",\"@graph\":[{\"@type\":\"WebPage\",\"@id\":\"https:\/\/www.peanutoem.com\/manufacturer\/crunchy-peanut-butter\/\",\"url\":\"https:\/\/www.peanutoem.com\/manufacturer\/crunchy-peanut-butter\/\",\"name\":\"Crunchy Peanut Butter | Custom Crunchy Peanut Butter OEM - Peanut Butter Factory\",\"isPartOf\":{\"@id\":\"https:\/\/www.peanutoem.com\/#website\"},\"primaryImageOfPage\":{\"@id\":\"https:\/\/www.peanutoem.com\/manufacturer\/crunchy-peanut-butter\/#primaryimage\"},\"image\":{\"@id\":\"https:\/\/www.peanutoem.com\/manufacturer\/crunchy-peanut-butter\/#primaryimage\"},\"thumbnailUrl\":\"https:\/\/www.peanutoem.com\/wp-content\/uploads\/2023\/06\/Crunchy-Type-Peanut-Butter-340g.webp\",\"datePublished\":\"2023-06-08T08:15:42+00:00\",\"dateModified\":\"2024-09-28T06:53:33+00:00\",\"description\":\"As a leading private label manufacturer, Our crunchy peanut butter is made with delightful granule texture and customizable packaging.\",\"breadcrumb\":{\"@id\":\"https:\/\/www.peanutoem.com\/manufacturer\/crunchy-peanut-butter\/#breadcrumb\"},\"inLanguage\":\"lv-LV\",\"potentialAction\":[{\"@type\":\"ReadAction\",\"target\":[\"https:\/\/www.peanutoem.com\/manufacturer\/crunchy-peanut-butter\/\"]}]},{\"@type\":\"ImageObject\",\"inLanguage\":\"lv-LV\",\"@id\":\"https:\/\/www.peanutoem.com\/manufacturer\/crunchy-peanut-butter\/#primaryimage\",\"url\":\"https:\/\/www.peanutoem.com\/wp-content\/uploads\/2023\/06\/Crunchy-Type-Peanut-Butter-340g.webp\",\"contentUrl\":\"https:\/\/www.peanutoem.com\/wp-content\/uploads\/2023\/06\/Crunchy-Type-Peanut-Butter-340g.webp\",\"width\":1000,\"height\":1000,\"caption\":\"Crunchy Type Peanut Butter 340g\"},{\"@type\":\"BreadcrumbList\",\"@id\":\"https:\/\/www.peanutoem.com\/manufacturer\/crunchy-peanut-butter\/#breadcrumb\",\"itemListElement\":[{\"@type\":\"ListItem\",\"position\":1,\"name\":\"Home\",\"item\":\"https:\/\/www.peanutoem.com\/\"},{\"@type\":\"ListItem\",\"position\":2,\"name\":\"Products\",\"item\":\"https:\/\/www.peanutoem.com\/shop\/\"},{\"@type\":\"ListItem\",\"position\":3,\"name\":\"Crunchy Peanut Butter | Custom Crunchy Peanut Butter\"}]},{\"@type\":\"WebSite\",\"@id\":\"https:\/\/www.peanutoem.com\/#website\",\"url\":\"https:\/\/www.peanutoem.com\/\",\"name\":\"Peanut Butter Factory\",\"description\":\"Peanut Butter Manufacturer and Roast Peanut OEM Factory | Peanut Private Label China Supplier\",\"publisher\":{\"@id\":\"https:\/\/www.peanutoem.com\/#organization\"},\"alternateName\":\"Peanut Butter OEM and Wholesale\",\"potentialAction\":[{\"@type\":\"SearchAction\",\"target\":{\"@type\":\"EntryPoint\",\"urlTemplate\":\"https:\/\/www.peanutoem.com\/?s={search_term_string}\"},\"query-input\":{\"@type\":\"PropertyValueSpecification\",\"valueRequired\":true,\"valueName\":\"search_term_string\"}}],\"inLanguage\":\"lv-LV\"},{\"@type\":\"Organization\",\"@id\":\"https:\/\/www.peanutoem.com\/#organization\",\"name\":\"Peanut Butter Factory\",\"alternateName\":\"JuFeng Group\",\"url\":\"https:\/\/www.peanutoem.com\/\",\"logo\":{\"@type\":\"ImageObject\",\"inLanguage\":\"lv-LV\",\"@id\":\"https:\/\/www.peanutoem.com\/#\/schema\/logo\/image\/\",\"url\":\"https:\/\/www.peanutoem.com\/wp-content\/uploads\/2024\/09\/JUFENG-LOGO.png\",\"contentUrl\":\"https:\/\/www.peanutoem.com\/wp-content\/uploads\/2024\/09\/JUFENG-LOGO.png\",\"width\":600,\"height\":170,\"caption\":\"Peanut Butter Factory\"},\"image\":{\"@id\":\"https:\/\/www.peanutoem.com\/#\/schema\/logo\/image\/\"}}]}<\/script>\n<!-- \/ Yoast SEO plugin. -->","yoast_head_json":{"title":"Crunchy Peanut Butter | Custom Crunchy Peanut Butter OEM - Peanut Butter Factory","description":"As a leading private label manufacturer, Our crunchy peanut butter is made with delightful granule texture and customizable packaging.","robots":{"index":"index","follow":"follow","max-snippet":"max-snippet:-1","max-image-preview":"max-image-preview:large","max-video-preview":"max-video-preview:-1"},"canonical":"https:\/\/www.peanutoem.com\/lv\/manufacturer\/crunchy-peanut-butter\/","og_locale":"lv_LV","og_type":"article","og_title":"Crunchy Peanut Butter | Custom Crunchy Peanut Butter OEM - Peanut Butter Factory","og_description":"As a leading private label manufacturer, Our crunchy peanut butter is made with delightful granule texture and customizable packaging.","og_url":"https:\/\/www.peanutoem.com\/lv\/manufacturer\/crunchy-peanut-butter\/","og_site_name":"Peanut Butter Factory","article_modified_time":"2024-09-28T06:53:33+00:00","og_image":[{"width":1000,"height":1000,"url":"https:\/\/www.peanutoem.com\/wp-content\/uploads\/2023\/06\/Crunchy-Type-Peanut-Butter-340g.webp","type":"image\/webp"}],"twitter_card":"summary_large_image","twitter_misc":{"Est. reading time":"3 min\u016btes"},"schema":{"@context":"https:\/\/schema.org","@graph":[{"@type":"WebPage","@id":"https:\/\/www.peanutoem.com\/manufacturer\/crunchy-peanut-butter\/","url":"https:\/\/www.peanutoem.com\/manufacturer\/crunchy-peanut-butter\/","name":"Crunchy Peanut Butter | Custom Crunchy Peanut Butter OEM - Peanut Butter Factory","isPartOf":{"@id":"https:\/\/www.peanutoem.com\/#website"},"primaryImageOfPage":{"@id":"https:\/\/www.peanutoem.com\/manufacturer\/crunchy-peanut-butter\/#primaryimage"},"image":{"@id":"https:\/\/www.peanutoem.com\/manufacturer\/crunchy-peanut-butter\/#primaryimage"},"thumbnailUrl":"https:\/\/www.peanutoem.com\/wp-content\/uploads\/2023\/06\/Crunchy-Type-Peanut-Butter-340g.webp","datePublished":"2023-06-08T08:15:42+00:00","dateModified":"2024-09-28T06:53:33+00:00","description":"As a leading private label manufacturer, Our crunchy peanut butter is made with delightful granule texture and customizable packaging.","breadcrumb":{"@id":"https:\/\/www.peanutoem.com\/manufacturer\/crunchy-peanut-butter\/#breadcrumb"},"inLanguage":"lv-LV","potentialAction":[{"@type":"ReadAction","target":["https:\/\/www.peanutoem.com\/manufacturer\/crunchy-peanut-butter\/"]}]},{"@type":"ImageObject","inLanguage":"lv-LV","@id":"https:\/\/www.peanutoem.com\/manufacturer\/crunchy-peanut-butter\/#primaryimage","url":"https:\/\/www.peanutoem.com\/wp-content\/uploads\/2023\/06\/Crunchy-Type-Peanut-Butter-340g.webp","contentUrl":"https:\/\/www.peanutoem.com\/wp-content\/uploads\/2023\/06\/Crunchy-Type-Peanut-Butter-340g.webp","width":1000,"height":1000,"caption":"Crunchy Type Peanut Butter 340g"},{"@type":"BreadcrumbList","@id":"https:\/\/www.peanutoem.com\/manufacturer\/crunchy-peanut-butter\/#breadcrumb","itemListElement":[{"@type":"ListItem","position":1,"name":"Home","item":"https:\/\/www.peanutoem.com\/"},{"@type":"ListItem","position":2,"name":"Products","item":"https:\/\/www.peanutoem.com\/shop\/"},{"@type":"ListItem","position":3,"name":"Crunchy Peanut Butter | Custom Crunchy Peanut Butter"}]},{"@type":"WebSite","@id":"https:\/\/www.peanutoem.com\/#website","url":"https:\/\/www.peanutoem.com\/","name":"Peanut Butter Factory","description":"Peanut Butter Manufacturer and Roast Peanut OEM Factory | Peanut Private Label China Supplier","publisher":{"@id":"https:\/\/www.peanutoem.com\/#organization"},"alternateName":"Peanut Butter OEM and Wholesale","potentialAction":[{"@type":"SearchAction","target":{"@type":"EntryPoint","urlTemplate":"https:\/\/www.peanutoem.com\/?s={search_term_string}"},"query-input":{"@type":"PropertyValueSpecification","valueRequired":true,"valueName":"search_term_string"}}],"inLanguage":"lv-LV"},{"@type":"Organization","@id":"https:\/\/www.peanutoem.com\/#organization","name":"Peanut Butter Factory","alternateName":"JuFeng Group","url":"https:\/\/www.peanutoem.com\/","logo":{"@type":"ImageObject","inLanguage":"lv-LV","@id":"https:\/\/www.peanutoem.com\/#\/schema\/logo\/image\/","url":"https:\/\/www.peanutoem.com\/wp-content\/uploads\/2024\/09\/JUFENG-LOGO.png","contentUrl":"https:\/\/www.peanutoem.com\/wp-content\/uploads\/2024\/09\/JUFENG-LOGO.png","width":600,"height":170,"caption":"Peanut Butter Factory"},"image":{"@id":"https:\/\/www.peanutoem.com\/#\/schema\/logo\/image\/"}}]}},"_links":{"self":[{"href":"https:\/\/www.peanutoem.com\/lv\/wp-json\/wp\/v2\/product\/1402","targetHints":{"allow":["GET"]}}],"collection":[{"href":"https:\/\/www.peanutoem.com\/lv\/wp-json\/wp\/v2\/product"}],"about":[{"href":"https:\/\/www.peanutoem.com\/lv\/wp-json\/wp\/v2\/types\/product"}],"replies":[{"embeddable":true,"href":"https:\/\/www.peanutoem.com\/lv\/wp-json\/wp\/v2\/comments?post=1402"}],"wp:featuredmedia":[{"embeddable":true,"href":"https:\/\/www.peanutoem.com\/lv\/wp-json\/wp\/v2\/media\/1652"}],"wp:attachment":[{"href":"https:\/\/www.peanutoem.com\/lv\/wp-json\/wp\/v2\/media?parent=1402"}],"wp:term":[{"taxonomy":"product_cat","embeddable":true,"href":"https:\/\/www.peanutoem.com\/lv\/wp-json\/wp\/v2\/product_cat?post=1402"},{"taxonomy":"product_tag","embeddable":true,"href":"https:\/\/www.peanutoem.com\/lv\/wp-json\/wp\/v2\/product_tag?post=1402"}],"curies":[{"name":"wp","href":"https:\/\/api.w.org\/{rel}","templated":true}]}}