{"id":1543,"date":"2024-09-02T13:37:15","date_gmt":"2024-09-02T13:37:15","guid":{"rendered":"https:\/\/www.peanutoem.com\/?post_type=product&#038;p=1543"},"modified":"2024-09-28T06:03:37","modified_gmt":"2024-09-28T06:03:37","slug":"pure-peanut-butter","status":"publish","type":"product","link":"https:\/\/www.peanutoem.com\/lv\/manufacturer\/pure-peanut-butter\/","title":{"rendered":"T\u012brs zemesriekstu sviests"},"content":{"rendered":"<h3>T\u012brs zemesriekstu sviests\u00a0\u2014 vado\u0161ais OEM pieg\u0101d\u0101t\u0101js un priv\u0101to eti\u0137e\u0161u ra\u017eot\u0101js<\/h3>\n<p>M\u0113s specializ\u0113jamies t\u012bra zemesriekstu sviesta ra\u017eo\u0161an\u0101 un pieg\u0101d\u0113 k\u0101 uzticams OEM pieg\u0101d\u0101t\u0101js, priv\u0101to pre\u010du z\u012bmju ra\u017eot\u0101js un eksport\u0113t\u0101js. M\u016bsu produkti ir izgatavoti no 100% zemesriekstiem, nodro\u0161inot nep\u0101rsp\u0113jamu kvalit\u0101ti un autentiskumu j\u016bsu z\u012bmolam. Izmantojot uzlabotas ra\u017eo\u0161anas iesp\u0113jas un glob\u0101los sertifik\u0101tus, m\u0113s piel\u0101gojam m\u016bsu zemesriekstu sviesta risin\u0101jumus j\u016bsu \u012bpa\u0161aj\u0101m pras\u012bb\u0101m.<\/p>\n<h3>Kas ir t\u012brs zemesriekstu sviests?<\/h3>\n<p><strong>T\u012brs <a href=\"https:\/\/www.peanutoem.com\/lv\/Wholesale\/peanut-butter\/\" target=\"_blank\" rel=\"noopener\">zemesriekstu sviests<\/a><\/strong> ir izgatavots no 100% <a href=\"https:\/\/en.wikipedia.org\/wiki\/Peanut\" target=\"_blank\" rel=\"noopener\">zemesrieksti<\/a>, bez pievienotiem cukuriem, e\u013c\u013c\u0101m vai konservantiem. Tas pied\u0101v\u0101 dabisku, neapstr\u0101d\u0101tu gar\u0161u, kas pat\u012bk pat\u0113r\u0113t\u0101jiem, kas apzin\u0101s vesel\u012bbu. \u0160\u0101da veida zemesriekstu sviests saglab\u0101 bag\u0101t\u012bgo gar\u0161u un dab\u012bg\u0101s e\u013c\u013cas no zemesriekstiem, padarot to par popul\u0101ru izv\u0113li tiem, kas mekl\u0113 produktus ar t\u012bru mar\u0137\u0113jumu.<\/p>\n<h3>K\u0101di ir citi t\u012bra zemesriekstu sviesta nosaukumi?<\/h3>\n<p>Tas ir paz\u012bstams ar\u012b ar da\u017e\u0101diem nosaukumiem da\u017e\u0101dos re\u0123ionos un nozar\u0113s. Da\u017ei no visizplat\u012bt\u0101kajiem alternat\u012bvajiem nosaukumiem ir:<\/p>\n<ul>\n<li><strong>Dab\u012bgais zemesriekstu sviests<\/strong><\/li>\n<li><strong>Nesaldin\u0101ts zemesriekstu sviests<\/strong><\/li>\n<li><strong>Zemesriekstu sviests bez piedev\u0101m<\/strong><\/li>\n<li><strong>100% zemesriekstu sviests<\/strong><\/li>\n<\/ul>\n<p>\u0160ie nosaukumi uzsver papildu sast\u0101vda\u013cu neesam\u012bbu, izce\u013cot produkta t\u012br\u012bbu.<\/p>\n<h3>K\u0101p\u0113c izv\u0113l\u0113ties m\u016bs par savu pieg\u0101d\u0101t\u0101ju?<\/h3>\n<p>K\u0101 vado\u0161ais OEM pieg\u0101d\u0101t\u0101js un priv\u0101to pre\u010du z\u012bmju ra\u017eot\u0101js m\u0113s pied\u0101v\u0101jam:<\/p>\n<ul>\n<li><strong>Augstas kvalit\u0101tes produkti:<\/strong> M\u016bsu t\u012brais zemesriekstu sviests satur 100% atlas\u012btus zemesriekstus, bez pievienotiem cukuriem, e\u013c\u013c\u0101m vai konservantiem.<\/li>\n<li><strong>Piel\u0101gojami risin\u0101jumi:<\/strong> M\u0113s pied\u0101v\u0101jam elast\u012bgas iepako\u0161anas iesp\u0113jas, tostarp burkas, sk\u0101rdenes un spai\u0146us, da\u017e\u0101dos izm\u0113ros, lai apmierin\u0101tu tirgus pras\u012bbas.<\/li>\n<li><strong>Glob\u0101li <a href=\"https:\/\/www.peanutoem.com\/lv\/certificate\/\" target=\"_blank\" rel=\"noopener\">Sertifik\u0101ti<\/a>:<\/strong> M\u016bsu sertifik\u0101ti, tostarp HACCP, BRCGS, Halal un Kosher, nodro\u0161ina produktu dro\u0161\u012bbu un izcilu kvalit\u0101ti.<\/li>\n<li><strong>Liela ra\u017eo\u0161anas jauda:<\/strong> M\u0113s varam efekt\u012bvi apstr\u0101d\u0101t gan mazus, gan lielapjoma pas\u016bt\u012bjumus, apmierinot da\u017e\u0101das klientu vajadz\u012bbas.<\/li>\n<li><strong>Pieredze glob\u0101laj\u0101 eksport\u0101:<\/strong> Mums ir liela pieredze augstas kvalit\u0101tes zemesriekstu sviesta pieg\u0101d\u0113 klientiem vis\u0101 pasaul\u0113.<\/li>\n<\/ul>\n<h3>Bie\u017ei uzdotie jaut\u0101jumi par m\u016bsu uz\u0146\u0113muma lomu k\u0101 ra\u017eot\u0101jam un vairumtirdzniec\u012bbai<\/h3>\n<ol>\n<li><strong>K\u0101p\u0113c j\u016bs esat vado\u0161ais OEM pieg\u0101d\u0101t\u0101js zemesriekstu sviesta nozar\u0113?<\/strong><br \/>\nM\u0113s ra\u017eojam zemesriekstu sviestu z\u012bmoliem ar to eti\u0137et\u0113m, nodro\u0161inot piel\u0101gotus produktu risin\u0101jumus.<\/li>\n<li><strong>Vai pied\u0101v\u0101jat priv\u0101to pre\u010du z\u012bmju pakalpojumus?<\/strong><br \/>\nJ\u0101, m\u0113s specializ\u0113jamies elast\u012bgos priv\u0101to pre\u010du z\u012bmju risin\u0101jumos, lai pal\u012bdz\u0113tu jums izveidot z\u012bmola zemesriekstu sviestu.<\/li>\n<li><strong>K\u0101das sast\u0101vda\u013cas j\u016bs izmantojat?<\/strong><br \/>\nM\u016bsu t\u012brais zemesriekstu sviests sast\u0101v no 100% atlas\u012btiem zemesriekstiem, bez pievienotiem cukuriem, e\u013c\u013c\u0101m vai konservantiem.<\/li>\n<li><strong>K\u0101 es varu piel\u0101got savu iepakojumu?<\/strong><br \/>\nJ\u016bs varat izv\u0113l\u0113ties no da\u017e\u0101d\u0101m iepakojuma iesp\u0113j\u0101m un izm\u0113riem, kas piel\u0101goti j\u016bsu vajadz\u012bb\u0101m no mazumtirdzniec\u012bbas l\u012bdz lielapjoma.<\/li>\n<li><strong>K\u0101ds ir minim\u0101lais pas\u016bt\u012bjuma daudzums (MOQ)?<\/strong><br \/>\nMOQ ir viena tonna, nodro\u0161inot elast\u012bbu gan maziem, gan lieliem uz\u0146\u0113mumiem.<\/li>\n<li><strong>Ar ko j\u016bsu t\u012brais zemesriekstu sviests izce\u013cas?<\/strong><br \/>\nM\u016bsu ap\u0146em\u0161an\u0101s nodro\u0161in\u0101t kvalit\u0101ti, glob\u0101lie sertifik\u0101ti un piel\u0101goti priv\u0101to z\u012bmolu risin\u0101jumi m\u016bs at\u0161\u0137ir no konkurentiem.<\/li>\n<li><strong>Cik ilgs laiks nepiecie\u0161ams, lai apstr\u0101d\u0101tu pas\u016bt\u012bjumu?<\/strong><br \/>\nPieg\u0101des laiks ir no 7 l\u012bdz 20 dien\u0101m, atkar\u012bb\u0101 no pas\u016bt\u012bjuma lieluma un iepakojuma pras\u012bb\u0101m.<\/li>\n<li><strong>Vai es varu piepras\u012bt paraugus pirms pas\u016bt\u012bjuma veik\u0161anas?<\/strong><br \/>\nJ\u0101, m\u0113s pied\u0101v\u0101jam bezmaksas m\u016bsu t\u012br\u0101 zemesriekstu sviesta paraugus kvalit\u0101tes nov\u0113rt\u0113\u0161anai pirms lielapjoma pas\u016bt\u012bjuma veik\u0161anas.<\/li>\n<li><strong>Vai j\u016bs eksport\u0113jat vis\u0101 pasaul\u0113?<\/strong><br \/>\nPiln\u012bgi noteikti! Mums ir pieredze augstas kvalit\u0101tes t\u012bra zemesriekstu sviesta eksport\u0113\u0161an\u0101 klientiem vis\u0101 pasaul\u0113.<\/li>\n<\/ol>\n<h3>K\u0101p\u0113c t\u012brs zemesriekstu sviests?<\/h3>\n<p>T\u012brs zemesriekstu sviests ir lab\u0101k\u0101 izv\u0113le pat\u0113r\u0113t\u0101jiem, kuri r\u016bp\u0113jas par vesel\u012bbu un mekl\u0113 dabisku produktu bez piedev\u0101m. Tas ir bag\u0101ts ar olbaltumviel\u0101m, vesel\u012bgiem taukiem un b\u016btisk\u0101m uzturviel\u0101m, padarot to par daudzpus\u012bgu sast\u0101vda\u013cu virtuv\u0113s vis\u0101 pasaul\u0113. T\u0101 k\u0101 pat\u0113r\u0113t\u0101ji arvien vair\u0101k koncentr\u0113jas uz t\u012br\u0101m eti\u0137et\u0113m, piepras\u012bjums p\u0113c 100% zemesriekstu produktiem turpina pieaugt.<\/p>\n<p>M\u0113s nodro\u0161in\u0101m, ka m\u016bsu t\u012brais zemesriekstu sviests atbilst \u0161\u012bm pras\u012bb\u0101m, nodro\u0161inot produktu, kas ir p\u0113c iesp\u0113jas tuv\u0101ks dabai, vienlaikus piln\u012bb\u0101 piel\u0101gojams j\u016bsu z\u012bmola vajadz\u012bb\u0101m. Neatkar\u012bgi no t\u0101, vai v\u0113laties papla\u0161in\u0101t sava z\u012bmola pied\u0101v\u0101jumu vai ieiet jaunos tirgos, mums ir iesp\u0113jas, zin\u0101\u0161anas un sertifik\u0101ti, lai to \u012bstenotu.<\/p>\n<a href=\"mailto:globepeanut@gmail.com\" class=\"button primary is-primary is-medium\"  >\n    <span>Nos\u016btiet mums e-pastu<\/span>\n  <\/a>","protected":false},"excerpt":{"rendered":"<table width=\"564\">\n<tbody>\n<tr>\n<td width=\"113\"><strong>Produkta nosaukums<\/strong><\/td>\n<td width=\"402\">T\u012brs zemesriekstu sviests<\/td>\n<\/tr>\n<tr>\n<td width=\"113\"><strong>Sast\u0101vda\u013cas<\/strong><\/td>\n<td width=\"402\">Izv\u0113l\u0113ts zemesriekstu sviests<\/td>\n<\/tr>\n<tr>\n<td width=\"113\"><strong>Specifik\u0101cijas<\/strong><\/td>\n<td width=\"402\">10 kg x 1, 20 kg x 1, 22 kg x 1 220 kg x 1<\/td>\n<\/tr>\n<tr>\n<td width=\"113\"><strong>Iepakojuma forma<\/strong><\/td>\n<td width=\"402\">Burka, spainis, soma, kartona k\u0101rba, muca, pudele utt<\/td>\n<\/tr>\n<tr>\n<td width=\"113\"><strong>Pieg\u0101des laiks<\/strong><\/td>\n<td width=\"402\">7-20 dienas p\u0113c pas\u016bt\u012bjuma<\/td>\n<\/tr>\n<tr>\n<td width=\"113\"><strong>MOQ<\/strong><\/td>\n<td width=\"402\">Viena tonna<\/td>\n<\/tr>\n<tr>\n<td width=\"113\"><strong>Paraugs<\/strong><\/td>\n<td width=\"402\">Pieejams bezmaksas paraugs<\/td>\n<\/tr>\n<tr>\n<td width=\"113\"><strong>OEM<\/strong><\/td>\n<td width=\"402\">Pirc\u0113ja eti\u0137ete pie\u0146emta<\/td>\n<\/tr>\n<\/tbody>\n<\/table>","protected":false},"featured_media":1659,"comment_status":"open","ping_status":"closed","template":"","meta":[],"product_cat":[15],"product_tag":[],"class_list":{"0":"post-1543","1":"product","2":"type-product","3":"status-publish","4":"has-post-thumbnail","6":"product_cat-peanut-butter","8":"first","9":"instock","10":"shipping-taxable","11":"product-type-simple"},"yoast_head":"<!-- This site is optimized with the Yoast SEO plugin v24.9 - https:\/\/yoast.com\/wordpress\/plugins\/seo\/ -->\n<title>Pure Peanut Butter OEM Producer - Peanut Butter Factory<\/title>\n<meta name=\"description\" content=\"As a top OEM manufacturer and exporter, we supply pure peanut butter made from 100% peanuts. Customizable private label solutions for your business needs.\" \/>\n<meta name=\"robots\" content=\"index, follow, max-snippet:-1, max-image-preview:large, max-video-preview:-1\" \/>\n<link rel=\"canonical\" href=\"https:\/\/www.peanutoem.com\/lv\/manufacturer\/pure-peanut-butter\/\" \/>\n<meta property=\"og:locale\" content=\"lv_LV\" \/>\n<meta property=\"og:type\" content=\"article\" \/>\n<meta property=\"og:title\" content=\"Pure Peanut Butter OEM Producer - Peanut Butter Factory\" \/>\n<meta property=\"og:description\" content=\"As a top OEM manufacturer and exporter, we supply pure peanut butter made from 100% peanuts. Customizable private label solutions for your business needs.\" \/>\n<meta property=\"og:url\" content=\"https:\/\/www.peanutoem.com\/lv\/manufacturer\/pure-peanut-butter\/\" \/>\n<meta property=\"og:site_name\" content=\"Peanut Butter Factory\" \/>\n<meta property=\"article:modified_time\" content=\"2024-09-28T06:03:37+00:00\" \/>\n<meta property=\"og:image\" content=\"https:\/\/www.peanutoem.com\/wp-content\/uploads\/2024\/09\/Pure-Peanut-Butter-OEM-Supplier.webp\" \/>\n\t<meta property=\"og:image:width\" content=\"1000\" \/>\n\t<meta property=\"og:image:height\" content=\"1000\" \/>\n\t<meta property=\"og:image:type\" content=\"image\/webp\" \/>\n<meta name=\"twitter:card\" content=\"summary_large_image\" \/>\n<meta name=\"twitter:label1\" content=\"Est. reading time\" \/>\n\t<meta name=\"twitter:data1\" content=\"3 min\u016btes\" \/>\n<script type=\"application\/ld+json\" class=\"yoast-schema-graph\">{\"@context\":\"https:\/\/schema.org\",\"@graph\":[{\"@type\":\"WebPage\",\"@id\":\"https:\/\/www.peanutoem.com\/manufacturer\/pure-peanut-butter\/\",\"url\":\"https:\/\/www.peanutoem.com\/manufacturer\/pure-peanut-butter\/\",\"name\":\"Pure Peanut Butter OEM Producer - Peanut Butter Factory\",\"isPartOf\":{\"@id\":\"https:\/\/www.peanutoem.com\/#website\"},\"primaryImageOfPage\":{\"@id\":\"https:\/\/www.peanutoem.com\/manufacturer\/pure-peanut-butter\/#primaryimage\"},\"image\":{\"@id\":\"https:\/\/www.peanutoem.com\/manufacturer\/pure-peanut-butter\/#primaryimage\"},\"thumbnailUrl\":\"https:\/\/www.peanutoem.com\/wp-content\/uploads\/2024\/09\/Pure-Peanut-Butter-OEM-Supplier.webp\",\"datePublished\":\"2024-09-02T13:37:15+00:00\",\"dateModified\":\"2024-09-28T06:03:37+00:00\",\"description\":\"As a top OEM manufacturer and exporter, we supply pure peanut butter made from 100% peanuts. Customizable private label solutions for your business needs.\",\"breadcrumb\":{\"@id\":\"https:\/\/www.peanutoem.com\/manufacturer\/pure-peanut-butter\/#breadcrumb\"},\"inLanguage\":\"lv-LV\",\"potentialAction\":[{\"@type\":\"ReadAction\",\"target\":[\"https:\/\/www.peanutoem.com\/manufacturer\/pure-peanut-butter\/\"]}]},{\"@type\":\"ImageObject\",\"inLanguage\":\"lv-LV\",\"@id\":\"https:\/\/www.peanutoem.com\/manufacturer\/pure-peanut-butter\/#primaryimage\",\"url\":\"https:\/\/www.peanutoem.com\/wp-content\/uploads\/2024\/09\/Pure-Peanut-Butter-OEM-Supplier.webp\",\"contentUrl\":\"https:\/\/www.peanutoem.com\/wp-content\/uploads\/2024\/09\/Pure-Peanut-Butter-OEM-Supplier.webp\",\"width\":1000,\"height\":1000,\"caption\":\"Pure Peanut Butter OEM Supplier\"},{\"@type\":\"BreadcrumbList\",\"@id\":\"https:\/\/www.peanutoem.com\/manufacturer\/pure-peanut-butter\/#breadcrumb\",\"itemListElement\":[{\"@type\":\"ListItem\",\"position\":1,\"name\":\"Home\",\"item\":\"https:\/\/www.peanutoem.com\/\"},{\"@type\":\"ListItem\",\"position\":2,\"name\":\"Products\",\"item\":\"https:\/\/www.peanutoem.com\/shop\/\"},{\"@type\":\"ListItem\",\"position\":3,\"name\":\"Pure Peanut Butter\"}]},{\"@type\":\"WebSite\",\"@id\":\"https:\/\/www.peanutoem.com\/#website\",\"url\":\"https:\/\/www.peanutoem.com\/\",\"name\":\"Peanut Butter Factory\",\"description\":\"Peanut Butter Manufacturer and Roast Peanut OEM Factory | Peanut Private Label China Supplier\",\"publisher\":{\"@id\":\"https:\/\/www.peanutoem.com\/#organization\"},\"alternateName\":\"Peanut Butter OEM and Wholesale\",\"potentialAction\":[{\"@type\":\"SearchAction\",\"target\":{\"@type\":\"EntryPoint\",\"urlTemplate\":\"https:\/\/www.peanutoem.com\/?s={search_term_string}\"},\"query-input\":{\"@type\":\"PropertyValueSpecification\",\"valueRequired\":true,\"valueName\":\"search_term_string\"}}],\"inLanguage\":\"lv-LV\"},{\"@type\":\"Organization\",\"@id\":\"https:\/\/www.peanutoem.com\/#organization\",\"name\":\"Peanut Butter Factory\",\"alternateName\":\"JuFeng Group\",\"url\":\"https:\/\/www.peanutoem.com\/\",\"logo\":{\"@type\":\"ImageObject\",\"inLanguage\":\"lv-LV\",\"@id\":\"https:\/\/www.peanutoem.com\/#\/schema\/logo\/image\/\",\"url\":\"https:\/\/www.peanutoem.com\/wp-content\/uploads\/2024\/09\/JUFENG-LOGO.png\",\"contentUrl\":\"https:\/\/www.peanutoem.com\/wp-content\/uploads\/2024\/09\/JUFENG-LOGO.png\",\"width\":600,\"height\":170,\"caption\":\"Peanut Butter Factory\"},\"image\":{\"@id\":\"https:\/\/www.peanutoem.com\/#\/schema\/logo\/image\/\"}}]}<\/script>\n<!-- \/ Yoast SEO plugin. -->","yoast_head_json":{"title":"Pure Peanut Butter OEM Producer - Peanut Butter Factory","description":"As a top OEM manufacturer and exporter, we supply pure peanut butter made from 100% peanuts. Customizable private label solutions for your business needs.","robots":{"index":"index","follow":"follow","max-snippet":"max-snippet:-1","max-image-preview":"max-image-preview:large","max-video-preview":"max-video-preview:-1"},"canonical":"https:\/\/www.peanutoem.com\/lv\/manufacturer\/pure-peanut-butter\/","og_locale":"lv_LV","og_type":"article","og_title":"Pure Peanut Butter OEM Producer - Peanut Butter Factory","og_description":"As a top OEM manufacturer and exporter, we supply pure peanut butter made from 100% peanuts. Customizable private label solutions for your business needs.","og_url":"https:\/\/www.peanutoem.com\/lv\/manufacturer\/pure-peanut-butter\/","og_site_name":"Peanut Butter Factory","article_modified_time":"2024-09-28T06:03:37+00:00","og_image":[{"width":1000,"height":1000,"url":"https:\/\/www.peanutoem.com\/wp-content\/uploads\/2024\/09\/Pure-Peanut-Butter-OEM-Supplier.webp","type":"image\/webp"}],"twitter_card":"summary_large_image","twitter_misc":{"Est. reading time":"3 min\u016btes"},"schema":{"@context":"https:\/\/schema.org","@graph":[{"@type":"WebPage","@id":"https:\/\/www.peanutoem.com\/manufacturer\/pure-peanut-butter\/","url":"https:\/\/www.peanutoem.com\/manufacturer\/pure-peanut-butter\/","name":"Pure Peanut Butter OEM Producer - Peanut Butter Factory","isPartOf":{"@id":"https:\/\/www.peanutoem.com\/#website"},"primaryImageOfPage":{"@id":"https:\/\/www.peanutoem.com\/manufacturer\/pure-peanut-butter\/#primaryimage"},"image":{"@id":"https:\/\/www.peanutoem.com\/manufacturer\/pure-peanut-butter\/#primaryimage"},"thumbnailUrl":"https:\/\/www.peanutoem.com\/wp-content\/uploads\/2024\/09\/Pure-Peanut-Butter-OEM-Supplier.webp","datePublished":"2024-09-02T13:37:15+00:00","dateModified":"2024-09-28T06:03:37+00:00","description":"As a top OEM manufacturer and exporter, we supply pure peanut butter made from 100% peanuts. Customizable private label solutions for your business needs.","breadcrumb":{"@id":"https:\/\/www.peanutoem.com\/manufacturer\/pure-peanut-butter\/#breadcrumb"},"inLanguage":"lv-LV","potentialAction":[{"@type":"ReadAction","target":["https:\/\/www.peanutoem.com\/manufacturer\/pure-peanut-butter\/"]}]},{"@type":"ImageObject","inLanguage":"lv-LV","@id":"https:\/\/www.peanutoem.com\/manufacturer\/pure-peanut-butter\/#primaryimage","url":"https:\/\/www.peanutoem.com\/wp-content\/uploads\/2024\/09\/Pure-Peanut-Butter-OEM-Supplier.webp","contentUrl":"https:\/\/www.peanutoem.com\/wp-content\/uploads\/2024\/09\/Pure-Peanut-Butter-OEM-Supplier.webp","width":1000,"height":1000,"caption":"Pure Peanut Butter OEM Supplier"},{"@type":"BreadcrumbList","@id":"https:\/\/www.peanutoem.com\/manufacturer\/pure-peanut-butter\/#breadcrumb","itemListElement":[{"@type":"ListItem","position":1,"name":"Home","item":"https:\/\/www.peanutoem.com\/"},{"@type":"ListItem","position":2,"name":"Products","item":"https:\/\/www.peanutoem.com\/shop\/"},{"@type":"ListItem","position":3,"name":"Pure Peanut Butter"}]},{"@type":"WebSite","@id":"https:\/\/www.peanutoem.com\/#website","url":"https:\/\/www.peanutoem.com\/","name":"Peanut Butter Factory","description":"Peanut Butter Manufacturer and Roast Peanut OEM Factory | Peanut Private Label China Supplier","publisher":{"@id":"https:\/\/www.peanutoem.com\/#organization"},"alternateName":"Peanut Butter OEM and Wholesale","potentialAction":[{"@type":"SearchAction","target":{"@type":"EntryPoint","urlTemplate":"https:\/\/www.peanutoem.com\/?s={search_term_string}"},"query-input":{"@type":"PropertyValueSpecification","valueRequired":true,"valueName":"search_term_string"}}],"inLanguage":"lv-LV"},{"@type":"Organization","@id":"https:\/\/www.peanutoem.com\/#organization","name":"Peanut Butter Factory","alternateName":"JuFeng Group","url":"https:\/\/www.peanutoem.com\/","logo":{"@type":"ImageObject","inLanguage":"lv-LV","@id":"https:\/\/www.peanutoem.com\/#\/schema\/logo\/image\/","url":"https:\/\/www.peanutoem.com\/wp-content\/uploads\/2024\/09\/JUFENG-LOGO.png","contentUrl":"https:\/\/www.peanutoem.com\/wp-content\/uploads\/2024\/09\/JUFENG-LOGO.png","width":600,"height":170,"caption":"Peanut Butter Factory"},"image":{"@id":"https:\/\/www.peanutoem.com\/#\/schema\/logo\/image\/"}}]}},"_links":{"self":[{"href":"https:\/\/www.peanutoem.com\/lv\/wp-json\/wp\/v2\/product\/1543","targetHints":{"allow":["GET"]}}],"collection":[{"href":"https:\/\/www.peanutoem.com\/lv\/wp-json\/wp\/v2\/product"}],"about":[{"href":"https:\/\/www.peanutoem.com\/lv\/wp-json\/wp\/v2\/types\/product"}],"replies":[{"embeddable":true,"href":"https:\/\/www.peanutoem.com\/lv\/wp-json\/wp\/v2\/comments?post=1543"}],"wp:featuredmedia":[{"embeddable":true,"href":"https:\/\/www.peanutoem.com\/lv\/wp-json\/wp\/v2\/media\/1659"}],"wp:attachment":[{"href":"https:\/\/www.peanutoem.com\/lv\/wp-json\/wp\/v2\/media?parent=1543"}],"wp:term":[{"taxonomy":"product_cat","embeddable":true,"href":"https:\/\/www.peanutoem.com\/lv\/wp-json\/wp\/v2\/product_cat?post=1543"},{"taxonomy":"product_tag","embeddable":true,"href":"https:\/\/www.peanutoem.com\/lv\/wp-json\/wp\/v2\/product_tag?post=1543"}],"curies":[{"name":"wp","href":"https:\/\/api.w.org\/{rel}","templated":true}]}}