{"id":1545,"date":"2024-09-02T13:38:22","date_gmt":"2024-09-02T13:38:22","guid":{"rendered":"https:\/\/www.peanutoem.com\/?post_type=product&#038;p=1545"},"modified":"2024-09-28T05:39:23","modified_gmt":"2024-09-28T05:39:23","slug":"stabilized-peanut-butter","status":"publish","type":"product","link":"https:\/\/www.peanutoem.com\/lv\/manufacturer\/stabilized-peanut-butter\/","title":{"rendered":"Stabiliz\u0113ts zemesriekstu sviests"},"content":{"rendered":"<h3>Kas ir stabiliz\u0113tais zemesriekstu sviests?<\/h3>\n<p>Stabiliz\u0113ts <a href=\"https:\/\/www.peanutoem.com\/lv\/Wholesale\/peanut-butter\/\" target=\"_blank\" rel=\"noopener\">zemesriekstu sviests<\/a> ir \u012bpa\u0161i izstr\u0101d\u0101ts <a href=\"https:\/\/en.wikipedia.org\/wiki\/Peanut\" target=\"_blank\" rel=\"noopener\">zemesrieksts<\/a> sviests, kas laika gait\u0101 saglab\u0101 savu z\u012bdaino, kr\u0113m\u012bgo tekst\u016bru bez e\u013c\u013cas un \u016bdens atdal\u012b\u0161anas, kas notiek laika gait\u0101. At\u0161\u0137ir\u012bb\u0101 no parast\u0101 dab\u012bg\u0101 zemesriekstu sviesta, kam ir tendence dabiski sadal\u012bties zemesriekstu e\u013c\u013cas sl\u0101\u0146os virspus\u0113 un ciet\u0101s zemesriekstu skaidi\u0146\u0101s apak\u0161\u0101, stabiliz\u0113tais zemesriekstu sviests ir gudri sajaukts ar dab\u012bgiem stabilizatoriem, piem\u0113ram, augu e\u013c\u013c\u0101m vai emulgatoriem, lai nodro\u0161in\u0101tu vienm\u0113r\u012bgu tekst\u016bru. \u0160\u012b funkcija padara to par lab\u0101ko izv\u0113li pat\u0113r\u0113t\u0101jiem, kuri mekl\u0113 \u0113rt\u012bbas, jo pirms lieto\u0161anas nav j\u0101veic papildu darb\u012bbas, piem\u0113ram, mais\u012b\u0161ana. Stabiliz\u0113tais zemesriekstu sviests ir popul\u0101rs ar nemain\u012bgu kvalit\u0101ti un ilgu glab\u0101\u0161anas laiku, un to ne tikai m\u012bl m\u0101jas lietot\u0101ji, bet ar\u012b pla\u0161i izmanto p\u0101rtikas r\u016bpniec\u012bb\u0101.<\/p>\n<h3>K\u0101di ir citi v\u0101rdi?<\/h3>\n<p>Stabiliz\u0113to zemesriekstu sviestu var apz\u012bm\u0113t ar da\u017e\u0101diem nosaukumiem, tostarp:<\/p>\n<ul>\n<li>Kr\u0113mveida zemesriekstu sm\u0113rviela<\/li>\n<li>Kr\u0113mveida stabiliz\u0113ts zemesriekstu sviests<\/li>\n<li>Emul\u0123\u0113ts zemesriekstu sviests<\/li>\n<li>Homog\u0113ns vai homogeniz\u0113ts zemesriekstu sviests<\/li>\n<li>Ilgnotur\u012bgs zemesriekstu sm\u0113r\u0113jums<\/li>\n<li>Zemesriekstu sviests bez mais\u012b\u0161anas<\/li>\n<li>Neatdalo\u0161s zemesriekstu sviests<\/li>\n<li>Apstr\u0101d\u0101ts zemesriekstu sviests<\/li>\n<li>Uzglab\u0101jams zemesriekstu sviests<\/li>\n<li>Gludi sm\u0113r\u0113jams zemesriekstu sviests<\/li>\n<li>Gluds, stabils zemesriekstu sviests<\/li>\n<\/ul>\n<h3><strong>Aktu\u0101l\u0101s t\u0113mas par stabiliz\u0113tu zemesriekstu sviestu<\/strong><\/h3>\n<ol>\n<li><strong> Ieguvumi: <\/strong>Stabiliz\u0113tajam zemesriekstu sviestam ir vair\u0101kas priek\u0161roc\u012bbas, tostarp vienm\u0113r\u012bga tekst\u016bra, kas nav j\u0101maisa, un ilg\u0101ks glab\u0101\u0161anas laiks. Tas ir ide\u0101li piem\u0113rots lieto\u0161anai recept\u0113s un k\u0101 sm\u0113r\u0113jamais l\u012bdzeklis, kur vienm\u0113r\u012bgai tekst\u016brai ir iz\u0161\u0137iro\u0161a noz\u012bme.<\/li>\n<li><strong> Pielietojums p\u0101rtikas ra\u017eo\u0161an\u0101:\u00a0<\/strong>Pateicoties t\u0101 stabilit\u0101tei, to pla\u0161i izmanto p\u0101rtikas ra\u017eo\u0161an\u0101. Tas kalpo k\u0101 sast\u0101vda\u013ca da\u017e\u0101dos produktos, piem\u0113ram, uzkodu batoni\u0146os, m\u0113rc\u0113s un konditorejas izstr\u0101d\u0101jumos, kur konsistence un kvalit\u0101te ir b\u016btiska.<\/li>\n<li><strong> Pat\u0113r\u0113t\u0101ju preferences un tendences: <\/strong>Pat\u0113r\u0113t\u0101ji arvien vair\u0101k dod priek\u0161roku stabiliz\u0113tam zemesriekstu sviestam t\u0101 \u0113rt\u012bbas un uzticam\u012bbas d\u0113\u013c. T\u0101 k\u0101 dz\u012bvesveida izmai\u0146as rada aiz\u0146emt\u0101ku grafiku, produkti, kas pied\u0101v\u0101 bezr\u016bp\u012bgu uzglab\u0101\u0161anu un sagatavo\u0161anu, k\u013c\u016bst arvien popul\u0101r\u0101ki.<\/li>\n<li><strong> Uztura aspekti: <\/strong>Stabiliz\u0113tais zemesriekstu sviests saglab\u0101 savu uzturv\u0113rt\u012bbas profilu, vienlaikus pied\u0101v\u0101jot stabilu, konsekventu produktu. Tas nodro\u0161ina b\u016btiskas uzturvielas, piem\u0113ram, olbaltumvielas, vesel\u012bgus taukus un vitam\u012bnus, padarot to par vesel\u012bgu izv\u0113li da\u017e\u0101d\u0101m di\u0113t\u0101m.<\/li>\n<\/ol>\n<h3><strong>K\u0101p\u0113c izv\u0113l\u0113ties m\u016bs par savu pieg\u0101d\u0101t\u0101ju?<\/strong><\/h3>\n<ol>\n<li><strong>K\u0101p\u0113c j\u016bs esat lab\u0101k\u0101 izv\u0113le stabiliz\u0113ta zemesriekstu sviesta OEM pakalpojumiem?<\/strong><br \/>\nM\u0113s pied\u0101v\u0101jam piel\u0101gotus risin\u0101jumus, augstas kvalit\u0101tes produktus un pla\u0161u pieredzi glob\u0101laj\u0101 ra\u017eo\u0161an\u0101 un eksport\u0101.<\/li>\n<li><strong>Vai varat piel\u0101got tekst\u016bru, konsistenci un formul\u0113jumus?<\/strong><br \/>\nJ\u0101, m\u0113s varam piel\u0101got tekst\u016bru un izstr\u0101d\u0101t unik\u0101lus formul\u0113jumus, lai tie atbilstu j\u016bsu \u012bpa\u0161aj\u0101m pras\u012bb\u0101m un pat\u0113r\u0113t\u0101ju v\u0113lm\u0113m.<\/li>\n<li><strong>K\u0101das iepako\u0161anas iesp\u0113jas ir pieejamas?<\/strong><br \/>\nM\u0113s pied\u0101v\u0101jam da\u017e\u0101dus piel\u0101gojamus iepakojuma form\u0101tus, tostarp burkas, maisi\u0146us un lielapjoma konteinerus, kas piel\u0101goti j\u016bsu z\u012bmola vajadz\u012bb\u0101m.<\/li>\n<li><strong>Vai tas ir pieejams biolo\u0123iskaj\u0101s opcij\u0101s?<\/strong><br \/>\nPiln\u012bgi noteikti! M\u0113s nodro\u0161in\u0101m stabiliz\u0113tu zemesriekstu sviestu, kas izgatavots no organiskiem zemesriekstiem un dab\u012bg\u0101m sast\u0101vda\u013c\u0101m.<\/li>\n<li><strong>K\u0101 j\u016bs garant\u0113jat kvalit\u0101ti?<\/strong><br \/>\nM\u016bsu stingrie kvalit\u0101tes kontroles procesi un sertifik\u0101ti, piem\u0113ram, HACCP, BRCGS un Kosher, garant\u0113, ka katra partija atbilst visaugst\u0101kajiem standartiem.<\/li>\n<li><strong>K\u0101ds ir j\u016bsu ra\u017eo\u0161anas un pieg\u0101des laiks?<\/strong><br \/>\nIzpildes laiki at\u0161\u0137iras atkar\u012bb\u0101 no pas\u016bt\u012bjuma apjoma un galam\u0113r\u0137a, ta\u010du m\u0113s nodro\u0161in\u0101m efekt\u012bvu ra\u017eo\u0161anu un savlaic\u012bgas pieg\u0101des, parasti da\u017eu ned\u0113\u013cu laik\u0101.<\/li>\n<li><strong>Vai j\u016bs nodarbojaties ar starptautisko eksportu?<\/strong><br \/>\nJ\u0101, m\u0113s p\u0101rvald\u0101m visus glob\u0101l\u0101s pieg\u0101des un atbilst\u012bbas aspektus, lai nodro\u0161in\u0101tu vienm\u0113r\u012bgu pieg\u0101di.<\/li>\n<li><strong>K\u0101di sertifik\u0101ti jums ir?<\/strong><br \/>\nM\u016bsu stabiliz\u0113tais zemesriekstu sviests ir sertific\u0113ts saska\u0146\u0101 ar HACCP, Kosher, Halal, BRCGS un citiem atbilsto\u0161iem standartiem, nodro\u0161inot produktu dro\u0161\u012bbu un kvalit\u0101ti.<\/li>\n<li><strong>Vai m\u0113s varam piepras\u012bt paraugus pirms pilna pas\u016bt\u012bjuma veik\u0161anas?<\/strong><br \/>\nJ\u0101, m\u0113s nodro\u0161in\u0101m paraugu partiju test\u0113\u0161anai, nodro\u0161inot, ka tas atbilst j\u016bsu cer\u012bb\u0101m pirms liel\u0101kas saist\u012bbas.<\/li>\n<\/ol>\n<h3><strong>Fakti par stabiliz\u0113tu zemesriekstu sviestu\u00a0<\/strong><\/h3>\n<ol>\n<li><strong>Bez atdal\u012b\u0161anas:<\/strong> Stabiliz\u0113tais zemesriekstu sviests nesadal\u0101s e\u013c\u013c\u0101 un ciet\u0101s viel\u0101s, nodro\u0161inot konsekventu tekst\u016bru vis\u0101 t\u0101 glab\u0101\u0161anas laik\u0101.<\/li>\n<li><strong>Pagarin\u0101ts glab\u0101\u0161anas laiks:<\/strong> Tam ir ilg\u0101ks glab\u0101\u0161anas laiks, sal\u012bdzinot ar tradicion\u0101lo zemesriekstu sviestu, t\u0101d\u0113j\u0101di samazinot vajadz\u012bbu p\u0113c bie\u017eas atpirk\u0161anas un iz\u0161\u0137\u0113rd\u0113\u0161anas.<\/li>\n<li><strong>\u0112rt\u012bbas:<\/strong> Ide\u0101li piem\u0113rots lieto\u0161anai da\u017e\u0101dos lietojumos, kur \u013coti svar\u012bga ir stabila, zie\u017eama konsistence, piem\u0113ram, p\u0101rtikas ra\u017eo\u0161an\u0101 un mazumtirdzniec\u012bbas produktos.<\/li>\n<li><strong>Uzturvielu saglab\u0101\u0161ana:<\/strong> Neskatoties uz stabilit\u0101ti, tas saglab\u0101 zemesriekstu uzturv\u0113rt\u012bbas priek\u0161roc\u012bbas, tostarp olbaltumvielas, vesel\u012bgus taukus un svar\u012bgus vitam\u012bnus.<\/li>\n<li><strong>Daudzpus\u012bga lieto\u0161ana:<\/strong> Piem\u0113rots da\u017e\u0101du produktu kl\u0101stam, s\u0101kot no sm\u0113r\u0113jam\u0101m uzkod\u0101m un beidzot ar p\u0101rstr\u0101d\u0101tu p\u0101rtikas produktu sast\u0101vda\u013c\u0101m.<\/li>\n<\/ol>\n<a href=\"mailto:globepeanut@gmail.com\" class=\"button primary is-primary is-medium\"  >\n    <span>Nos\u016btiet mums e-pastu<\/span>\n  <\/a>","protected":false},"excerpt":{"rendered":"<table width=\"564\">\n<tbody>\n<tr>\n<td width=\"113\"><strong>Produkta nosaukums<\/strong><\/td>\n<td width=\"402\">Stabiliz\u0113ts zemesriekstu sviests<\/td>\n<\/tr>\n<tr>\n<td width=\"113\"><strong>Specifik\u0101cijas<\/strong><\/td>\n<td width=\"402\">10kgx1, 20kgx1, 22kgx1<\/td>\n<\/tr>\n<tr>\n<td width=\"113\"><strong>Iepakojuma forma<\/strong><\/td>\n<td width=\"402\">Burka, spainis, doja iepakojums, soma, kartona k\u0101rba, sk\u0101rda, muca, k\u0101rba, pudele utt<\/td>\n<\/tr>\n<tr>\n<td width=\"113\"><strong>Pieg\u0101des laiks<\/strong><\/td>\n<td width=\"402\">7-20 dienas p\u0113c pas\u016bt\u012bjuma<\/td>\n<\/tr>\n<tr>\n<td width=\"113\"><strong>MOQ<\/strong><\/td>\n<td width=\"402\">Viena tonna<\/td>\n<\/tr>\n<tr>\n<td width=\"113\"><strong>Paraugs<\/strong><\/td>\n<td width=\"402\">Pieejams bezmaksas paraugs<\/td>\n<\/tr>\n<tr>\n<td width=\"113\"><strong>OEM<\/strong><\/td>\n<td width=\"402\">Pirc\u0113ja eti\u0137ete pie\u0146emta<\/td>\n<\/tr>\n<\/tbody>\n<\/table>","protected":false},"featured_media":1692,"comment_status":"open","ping_status":"closed","template":"","meta":[],"product_cat":[15],"product_tag":[],"class_list":{"0":"post-1545","1":"product","2":"type-product","3":"status-publish","4":"has-post-thumbnail","6":"product_cat-peanut-butter","8":"first","9":"instock","10":"shipping-taxable","11":"product-type-simple"},"yoast_head":"<!-- This site is optimized with the Yoast SEO plugin v24.9 - https:\/\/yoast.com\/wordpress\/plugins\/seo\/ -->\n<title>Stabilized Peanut Butter China Producer - Peanut Butter Factory<\/title>\n<meta name=\"description\" content=\"Leading stabilized peanut butter OEM private label manufacturer and exporter. High-quality and packaging customized to meet global market demands.\" \/>\n<meta name=\"robots\" content=\"index, follow, max-snippet:-1, max-image-preview:large, max-video-preview:-1\" \/>\n<link rel=\"canonical\" href=\"https:\/\/www.peanutoem.com\/lv\/manufacturer\/stabilized-peanut-butter\/\" \/>\n<meta property=\"og:locale\" content=\"lv_LV\" \/>\n<meta property=\"og:type\" content=\"article\" \/>\n<meta property=\"og:title\" content=\"Stabilized Peanut Butter China Producer - Peanut Butter Factory\" \/>\n<meta property=\"og:description\" content=\"Leading stabilized peanut butter OEM private label manufacturer and exporter. High-quality and packaging customized to meet global market demands.\" \/>\n<meta property=\"og:url\" content=\"https:\/\/www.peanutoem.com\/lv\/manufacturer\/stabilized-peanut-butter\/\" \/>\n<meta property=\"og:site_name\" content=\"Peanut Butter Factory\" \/>\n<meta property=\"article:modified_time\" content=\"2024-09-28T05:39:23+00:00\" \/>\n<meta property=\"og:image\" content=\"https:\/\/www.peanutoem.com\/wp-content\/uploads\/2024\/09\/Stabilized-Peanut-Butter-in-Jar.webp\" \/>\n\t<meta property=\"og:image:width\" content=\"1000\" \/>\n\t<meta property=\"og:image:height\" content=\"1000\" \/>\n\t<meta property=\"og:image:type\" content=\"image\/webp\" \/>\n<meta name=\"twitter:card\" content=\"summary_large_image\" \/>\n<meta name=\"twitter:label1\" content=\"Est. reading time\" \/>\n\t<meta name=\"twitter:data1\" content=\"4 min\u016btes\" \/>\n<script type=\"application\/ld+json\" class=\"yoast-schema-graph\">{\"@context\":\"https:\/\/schema.org\",\"@graph\":[{\"@type\":\"WebPage\",\"@id\":\"https:\/\/www.peanutoem.com\/manufacturer\/stabilized-peanut-butter\/\",\"url\":\"https:\/\/www.peanutoem.com\/manufacturer\/stabilized-peanut-butter\/\",\"name\":\"Stabilized Peanut Butter China Producer - Peanut Butter Factory\",\"isPartOf\":{\"@id\":\"https:\/\/www.peanutoem.com\/#website\"},\"primaryImageOfPage\":{\"@id\":\"https:\/\/www.peanutoem.com\/manufacturer\/stabilized-peanut-butter\/#primaryimage\"},\"image\":{\"@id\":\"https:\/\/www.peanutoem.com\/manufacturer\/stabilized-peanut-butter\/#primaryimage\"},\"thumbnailUrl\":\"https:\/\/www.peanutoem.com\/wp-content\/uploads\/2024\/09\/Stabilized-Peanut-Butter-in-Jar.webp\",\"datePublished\":\"2024-09-02T13:38:22+00:00\",\"dateModified\":\"2024-09-28T05:39:23+00:00\",\"description\":\"Leading stabilized peanut butter OEM private label manufacturer and exporter. High-quality and packaging customized to meet global market demands.\",\"breadcrumb\":{\"@id\":\"https:\/\/www.peanutoem.com\/manufacturer\/stabilized-peanut-butter\/#breadcrumb\"},\"inLanguage\":\"lv-LV\",\"potentialAction\":[{\"@type\":\"ReadAction\",\"target\":[\"https:\/\/www.peanutoem.com\/manufacturer\/stabilized-peanut-butter\/\"]}]},{\"@type\":\"ImageObject\",\"inLanguage\":\"lv-LV\",\"@id\":\"https:\/\/www.peanutoem.com\/manufacturer\/stabilized-peanut-butter\/#primaryimage\",\"url\":\"https:\/\/www.peanutoem.com\/wp-content\/uploads\/2024\/09\/Stabilized-Peanut-Butter-in-Jar.webp\",\"contentUrl\":\"https:\/\/www.peanutoem.com\/wp-content\/uploads\/2024\/09\/Stabilized-Peanut-Butter-in-Jar.webp\",\"width\":1000,\"height\":1000,\"caption\":\"Stabilized Peanut Butter in Jar\"},{\"@type\":\"BreadcrumbList\",\"@id\":\"https:\/\/www.peanutoem.com\/manufacturer\/stabilized-peanut-butter\/#breadcrumb\",\"itemListElement\":[{\"@type\":\"ListItem\",\"position\":1,\"name\":\"Home\",\"item\":\"https:\/\/www.peanutoem.com\/\"},{\"@type\":\"ListItem\",\"position\":2,\"name\":\"Products\",\"item\":\"https:\/\/www.peanutoem.com\/shop\/\"},{\"@type\":\"ListItem\",\"position\":3,\"name\":\"Stabilized Peanut Butter\"}]},{\"@type\":\"WebSite\",\"@id\":\"https:\/\/www.peanutoem.com\/#website\",\"url\":\"https:\/\/www.peanutoem.com\/\",\"name\":\"Peanut Butter Factory\",\"description\":\"Peanut Butter Manufacturer and Roast Peanut OEM Factory | Peanut Private Label China Supplier\",\"publisher\":{\"@id\":\"https:\/\/www.peanutoem.com\/#organization\"},\"alternateName\":\"Peanut Butter OEM and Wholesale\",\"potentialAction\":[{\"@type\":\"SearchAction\",\"target\":{\"@type\":\"EntryPoint\",\"urlTemplate\":\"https:\/\/www.peanutoem.com\/?s={search_term_string}\"},\"query-input\":{\"@type\":\"PropertyValueSpecification\",\"valueRequired\":true,\"valueName\":\"search_term_string\"}}],\"inLanguage\":\"lv-LV\"},{\"@type\":\"Organization\",\"@id\":\"https:\/\/www.peanutoem.com\/#organization\",\"name\":\"Peanut Butter Factory\",\"alternateName\":\"JuFeng Group\",\"url\":\"https:\/\/www.peanutoem.com\/\",\"logo\":{\"@type\":\"ImageObject\",\"inLanguage\":\"lv-LV\",\"@id\":\"https:\/\/www.peanutoem.com\/#\/schema\/logo\/image\/\",\"url\":\"https:\/\/www.peanutoem.com\/wp-content\/uploads\/2024\/09\/JUFENG-LOGO.png\",\"contentUrl\":\"https:\/\/www.peanutoem.com\/wp-content\/uploads\/2024\/09\/JUFENG-LOGO.png\",\"width\":600,\"height\":170,\"caption\":\"Peanut Butter Factory\"},\"image\":{\"@id\":\"https:\/\/www.peanutoem.com\/#\/schema\/logo\/image\/\"}}]}<\/script>\n<!-- \/ Yoast SEO plugin. -->","yoast_head_json":{"title":"Stabilized Peanut Butter China Producer - Peanut Butter Factory","description":"Leading stabilized peanut butter OEM private label manufacturer and exporter. High-quality and packaging customized to meet global market demands.","robots":{"index":"index","follow":"follow","max-snippet":"max-snippet:-1","max-image-preview":"max-image-preview:large","max-video-preview":"max-video-preview:-1"},"canonical":"https:\/\/www.peanutoem.com\/lv\/manufacturer\/stabilized-peanut-butter\/","og_locale":"lv_LV","og_type":"article","og_title":"Stabilized Peanut Butter China Producer - Peanut Butter Factory","og_description":"Leading stabilized peanut butter OEM private label manufacturer and exporter. High-quality and packaging customized to meet global market demands.","og_url":"https:\/\/www.peanutoem.com\/lv\/manufacturer\/stabilized-peanut-butter\/","og_site_name":"Peanut Butter Factory","article_modified_time":"2024-09-28T05:39:23+00:00","og_image":[{"width":1000,"height":1000,"url":"https:\/\/www.peanutoem.com\/wp-content\/uploads\/2024\/09\/Stabilized-Peanut-Butter-in-Jar.webp","type":"image\/webp"}],"twitter_card":"summary_large_image","twitter_misc":{"Est. reading time":"4 min\u016btes"},"schema":{"@context":"https:\/\/schema.org","@graph":[{"@type":"WebPage","@id":"https:\/\/www.peanutoem.com\/manufacturer\/stabilized-peanut-butter\/","url":"https:\/\/www.peanutoem.com\/manufacturer\/stabilized-peanut-butter\/","name":"Stabilized Peanut Butter China Producer - Peanut Butter Factory","isPartOf":{"@id":"https:\/\/www.peanutoem.com\/#website"},"primaryImageOfPage":{"@id":"https:\/\/www.peanutoem.com\/manufacturer\/stabilized-peanut-butter\/#primaryimage"},"image":{"@id":"https:\/\/www.peanutoem.com\/manufacturer\/stabilized-peanut-butter\/#primaryimage"},"thumbnailUrl":"https:\/\/www.peanutoem.com\/wp-content\/uploads\/2024\/09\/Stabilized-Peanut-Butter-in-Jar.webp","datePublished":"2024-09-02T13:38:22+00:00","dateModified":"2024-09-28T05:39:23+00:00","description":"Leading stabilized peanut butter OEM private label manufacturer and exporter. High-quality and packaging customized to meet global market demands.","breadcrumb":{"@id":"https:\/\/www.peanutoem.com\/manufacturer\/stabilized-peanut-butter\/#breadcrumb"},"inLanguage":"lv-LV","potentialAction":[{"@type":"ReadAction","target":["https:\/\/www.peanutoem.com\/manufacturer\/stabilized-peanut-butter\/"]}]},{"@type":"ImageObject","inLanguage":"lv-LV","@id":"https:\/\/www.peanutoem.com\/manufacturer\/stabilized-peanut-butter\/#primaryimage","url":"https:\/\/www.peanutoem.com\/wp-content\/uploads\/2024\/09\/Stabilized-Peanut-Butter-in-Jar.webp","contentUrl":"https:\/\/www.peanutoem.com\/wp-content\/uploads\/2024\/09\/Stabilized-Peanut-Butter-in-Jar.webp","width":1000,"height":1000,"caption":"Stabilized Peanut Butter in Jar"},{"@type":"BreadcrumbList","@id":"https:\/\/www.peanutoem.com\/manufacturer\/stabilized-peanut-butter\/#breadcrumb","itemListElement":[{"@type":"ListItem","position":1,"name":"Home","item":"https:\/\/www.peanutoem.com\/"},{"@type":"ListItem","position":2,"name":"Products","item":"https:\/\/www.peanutoem.com\/shop\/"},{"@type":"ListItem","position":3,"name":"Stabilized Peanut Butter"}]},{"@type":"WebSite","@id":"https:\/\/www.peanutoem.com\/#website","url":"https:\/\/www.peanutoem.com\/","name":"Peanut Butter Factory","description":"Peanut Butter Manufacturer and Roast Peanut OEM Factory | Peanut Private Label China Supplier","publisher":{"@id":"https:\/\/www.peanutoem.com\/#organization"},"alternateName":"Peanut Butter OEM and Wholesale","potentialAction":[{"@type":"SearchAction","target":{"@type":"EntryPoint","urlTemplate":"https:\/\/www.peanutoem.com\/?s={search_term_string}"},"query-input":{"@type":"PropertyValueSpecification","valueRequired":true,"valueName":"search_term_string"}}],"inLanguage":"lv-LV"},{"@type":"Organization","@id":"https:\/\/www.peanutoem.com\/#organization","name":"Peanut Butter Factory","alternateName":"JuFeng Group","url":"https:\/\/www.peanutoem.com\/","logo":{"@type":"ImageObject","inLanguage":"lv-LV","@id":"https:\/\/www.peanutoem.com\/#\/schema\/logo\/image\/","url":"https:\/\/www.peanutoem.com\/wp-content\/uploads\/2024\/09\/JUFENG-LOGO.png","contentUrl":"https:\/\/www.peanutoem.com\/wp-content\/uploads\/2024\/09\/JUFENG-LOGO.png","width":600,"height":170,"caption":"Peanut Butter Factory"},"image":{"@id":"https:\/\/www.peanutoem.com\/#\/schema\/logo\/image\/"}}]}},"_links":{"self":[{"href":"https:\/\/www.peanutoem.com\/lv\/wp-json\/wp\/v2\/product\/1545","targetHints":{"allow":["GET"]}}],"collection":[{"href":"https:\/\/www.peanutoem.com\/lv\/wp-json\/wp\/v2\/product"}],"about":[{"href":"https:\/\/www.peanutoem.com\/lv\/wp-json\/wp\/v2\/types\/product"}],"replies":[{"embeddable":true,"href":"https:\/\/www.peanutoem.com\/lv\/wp-json\/wp\/v2\/comments?post=1545"}],"wp:featuredmedia":[{"embeddable":true,"href":"https:\/\/www.peanutoem.com\/lv\/wp-json\/wp\/v2\/media\/1692"}],"wp:attachment":[{"href":"https:\/\/www.peanutoem.com\/lv\/wp-json\/wp\/v2\/media?parent=1545"}],"wp:term":[{"taxonomy":"product_cat","embeddable":true,"href":"https:\/\/www.peanutoem.com\/lv\/wp-json\/wp\/v2\/product_cat?post=1545"},{"taxonomy":"product_tag","embeddable":true,"href":"https:\/\/www.peanutoem.com\/lv\/wp-json\/wp\/v2\/product_tag?post=1545"}],"curies":[{"name":"wp","href":"https:\/\/api.w.org\/{rel}","templated":true}]}}