{"id":1553,"date":"2024-09-02T13:58:23","date_gmt":"2024-09-02T13:58:23","guid":{"rendered":"https:\/\/www.peanutoem.com\/?post_type=product&#038;p=1553"},"modified":"2024-09-24T15:21:33","modified_gmt":"2024-09-24T15:21:33","slug":"roasted-peanut-kernels","status":"publish","type":"product","link":"https:\/\/www.peanutoem.com\/lv\/manufacturer\/roasted-peanut-kernels\/","title":{"rendered":"Grauzd\u0113ti zemesriekstu kodoli"},"content":{"rendered":"<h3>Kas ir grauzd\u0113ti zemesriekstu kodoli?<\/h3>\n<p>Grauzd\u0113ti zemesriekstu kodoli ir r\u016bp\u012bgi grauzd\u0113ta zemesriekstu \u010daumalas \u0113dam\u0101 da\u013ca. Grauzd\u0113\u0161anas process iev\u0113rojami uzlabo zemesriekstu gar\u0161u un gar\u0161u. Tas pie\u0161\u0137ir zemesriekstiem pievilc\u012bgu riekstu arom\u0101tu un krauk\u0161\u0137\u012bgu tekst\u016bru, padarot tos par popul\u0101ru uzkodu izv\u0113li un neaizst\u0101jamu sast\u0101vda\u013cu daudzos p\u0101rtikas produktos. \u0160iem grauzd\u0113tajiem zemesriekstu kodoliem ir pla\u0161s lietojumu kl\u0101sts, s\u0101kot no klasisk\u0101s zemesriekstu sviesta pagatavo\u0161anas l\u012bdz rado\u0161\u0101m kombin\u0101cij\u0101m cept\u0101s uzkod\u0101s un konfekt\u0113s, l\u012bdz unik\u0101las gar\u0161as pievieno\u0161anai s\u0101\u013ciem \u0113dieniem.<\/p>\n<h3>K\u0101di ir citi grauzd\u0113tu zemesriekstu kodolu nosaukumi?<\/h3>\n<p>Grauzd\u0113tus zemesriekstu kodolus da\u017ereiz apz\u012bm\u0113 ar alternat\u012bviem nosaukumiem atkar\u012bb\u0101 no re\u0123iona vai to pielietojuma. Parastie nosaukumi ietver:<\/p>\n<ul>\n<li><strong>Grauzd\u0113ti zemesrieksti<\/strong> (izmanto noteikt\u0101s valst\u012bs)<\/li>\n<li><strong>Sausi grauzd\u0113ti zemesrieksti<\/strong><\/li>\n<li><strong>Grauzd\u0113ti zemesrieksti<\/strong><\/li>\n<li><strong>Grauzd\u0113ti riekstu kodoli<\/strong><\/li>\n<\/ul>\n<p>\u0160\u012bs vari\u0101cijas uzsver vienu un to pa\u0161u gar\u0161\u012bgo, daudzpus\u012bgo produktu, kas izgatavots no grauzd\u0113tiem zemesriekstiem, kas piel\u0101gots da\u017e\u0101d\u0101m nozar\u0113m un gaum\u0113m.<\/p>\n<h3>K\u0101p\u0113c izv\u0113l\u0113ties m\u016bs k\u0101 savu grauzd\u0113to zemesriekstu kodolu OEM pieg\u0101d\u0101t\u0101ju?<\/h3>\n<p>Izv\u0113loties <strong>\u0136\u012bnas JuFeng grupa<\/strong> noz\u012bm\u0113 sadarb\u012bbu ar vienu no nozares uzticam\u0101kajiem grauzd\u0113tu zemesriekstu kodolu pieg\u0101d\u0101t\u0101jiem un priv\u0101to pre\u010du z\u012bmju ra\u017eot\u0101jiem. L\u016bk, k\u0101p\u0113c m\u0113s izce\u013camies:<\/p>\n<ul>\n<li><strong>Vismodern\u0101k\u0101 ra\u017eo\u0161ana<\/strong>: Izmantojot divas uzlabotas ra\u017eo\u0161anas l\u012bnijas, kas import\u0113tas no ASV, m\u0113s pieg\u0101d\u0101jam nemain\u012bgi augstas kvalit\u0101tes grauzd\u0113tus zemesriekstu kodolus liel\u0101 m\u0113rog\u0101.<\/li>\n<li><strong>Piel\u0101gojami OEM risin\u0101jumi<\/strong>: M\u0113s pied\u0101v\u0101jam elast\u012bgus OEM un priv\u0101to pre\u010du z\u012bmju pakalpojumus, \u013caujot klientiem piel\u0101got produktu specifik\u0101cijas, iepakojumu un daudz ko citu, lai atbilstu konkr\u0113t\u0101m tirgus vajadz\u012bb\u0101m.<\/li>\n<li><strong>Sertifik\u0101ti un atbilst\u012bba<\/strong>: M\u016bsu produkti atbilst glob\u0101lajiem dro\u0161\u012bbas un kvalit\u0101tes standartiem, sertific\u0113ti ar BRC, HACCP, Kosher, Halal un ES Organic sertifik\u0101tiem.<\/li>\n<li><strong>Uzticams eksport\u0113t\u0101js<\/strong>: K\u0101 vado\u0161ais eksport\u0113t\u0101js m\u0113s esam nodibin\u0101ju\u0161i partnerattiec\u012bbas ar liel\u0101kajiem lielveikaliem un p\u0101rtikas z\u012bmoliem vis\u0101 pasaul\u0113.<\/li>\n<li><strong>Pieg\u0101des \u0137\u0113des ekspert\u012bze<\/strong>: No apstr\u0101des l\u012bdz uzglab\u0101\u0161anai m\u0113s nodro\u0161in\u0101m savlaic\u012bgu pieg\u0101di un kvalit\u0101tes kontroli, izmantojot m\u016bsu pa\u0161u uzb\u016bv\u0113t\u0101s temperat\u016bras kontroles iek\u0101rtas.<\/li>\n<\/ul>\n<h3>Aktu\u0101l\u0101s t\u0113mas par grauzd\u0113tiem zemesriekstu kodoliem<\/h3>\n<ul>\n<li><strong>Ilgtsp\u0113j\u012bba zemesriekstu audz\u0113\u0161an\u0101<\/strong>: Grauzd\u0113tiem zemesriekstu kodoliem, t\u0101pat k\u0101 citiem zemesriekstu produktiem, sal\u012bdzin\u0101jum\u0101 ar citiem riekstiem ir zema ietekme uz vidi, padarot tos par videi draudz\u012bgu izv\u0113li p\u0101rtikas ra\u017eot\u0101jiem.<\/li>\n<li><strong>Ieguvumi vesel\u012bbai<\/strong>: Grauzd\u0113ti zemesrieksti ir bag\u0101ti ar olbaltumviel\u0101m, vesel\u012bgiem taukiem un \u0161\u0137iedrviel\u0101m, pied\u0101v\u0101jot pat\u0113r\u0113t\u0101jiem barojo\u0161u uzkodu iesp\u0113ju.<\/li>\n<li><strong>Inov\u0101cijas zemesriekstu apstr\u0101d\u0113<\/strong>: Zemesriekstu nozare nep\u0101rtraukti att\u012bst\u0101s, izmantojot jaunas grauzd\u0113\u0161anas metodes, kas uzlabo gar\u0161u, vienlaikus saglab\u0101jot uzturvielas.<\/li>\n<\/ul>\n<h3>M\u016bsu izv\u0113le un fakti par grauzd\u0113tiem zemesriekstu kodoliem<\/h3>\n<p><strong>1. Kas padara China JuFeng Group par vado\u0161o grauzd\u0113tu zemesriekstu kodolu pieg\u0101d\u0101t\u0101ju?<\/strong><br \/>\nM\u0113s apvienojam jaun\u0101k\u0101s tehnolo\u0123ijas, milz\u012bgo pieredzi un izcilu produktu piel\u0101go\u0161anu, lai glob\u0101lajos tirgos pieg\u0101d\u0101tu augstas kvalit\u0101tes grauzd\u0113tus zemesriekstu kodolus.<\/p>\n<p><strong>2. Vai j\u016bs pied\u0101v\u0101jat priv\u0101t\u0101 z\u012bmola pakalpojumus grauzd\u0113tiem zemesriekstu kodoliem?<\/strong><br \/>\nJ\u0101, m\u0113s pied\u0101v\u0101jam elast\u012bgus priv\u0101to pre\u010du z\u012bmju risin\u0101jumus, kas \u013cauj jums piel\u0101got produktu iepakojumu, z\u012bmolu un kodola specifik\u0101cijas atbilsto\u0161i j\u016bsu z\u012bmola vajadz\u012bb\u0101m.<\/p>\n<p><strong>3. Vai es varu pas\u016bt\u012bt no jums grauzd\u0113tus zemesriekstu kodolus vairum\u0101?<\/strong><br \/>\nM\u0113s noteikti pied\u0101v\u0101jam lielapjoma ieg\u0101des iesp\u0113jas, lai apmierin\u0101tu visu izm\u0113ru uz\u0146\u0113mumus, tostarp mazumtirgot\u0101jus, vairumtirgot\u0101jus un p\u0101rtikas ra\u017eot\u0101jus.<\/p>\n<p><strong>4. K\u0101di sertifik\u0101ti ir j\u016bsu grauzd\u0113tajiem zemesriekstu kodoliem?<\/strong><br \/>\nM\u016bsu produkti atbilst stingriem starptautiskajiem standartiem un sertifik\u0101tiem, tostarp HACCP, BRC, Kosher, Halal un EU Organic.<\/p>\n<p><strong>5. K\u0101 j\u016bs nodro\u0161in\u0101t savu grauzd\u0113to zemesriekstu kodolu kvalit\u0101ti?<\/strong><br \/>\nMums ir \u012bpa\u0161a iek\u0161\u0113j\u0101 laboratorija, lai veiktu r\u016bp\u012bgas p\u0101rbaudes, nodro\u0161inot, ka katra partija atbilst augstiem sensorajiem, fizik\u0101lajiem, \u0137\u012bmiskajiem un mikrobu standartiem.<\/p>\n<p><strong>6. Vai varat piel\u0101got zemesriekstu kodolu grauzd\u0113\u0161anas l\u012bmeni?<\/strong><br \/>\nJ\u0101, m\u0113s pied\u0101v\u0101jam piel\u0101gojamus grauzd\u0113\u0161anas l\u012bme\u0146us (gai\u0161s, vid\u0113js vai tum\u0161s), pamatojoties uz klientu v\u0113lm\u0113m un tirgus pras\u012bb\u0101m.<\/p>\n<p><strong>7. K\u0101 tiek uzglab\u0101ti j\u016bsu grauzd\u0113tie zemesriekstu kodoli, lai saglab\u0101tu svaigumu?<\/strong><br \/>\nM\u016bsu kodoli tiek glab\u0101ti telp\u0101s ar kontrol\u0113tu temperat\u016bru, kas nov\u0113r\u0161 boj\u0101\u0161anos un saglab\u0101 produkta integrit\u0101ti transport\u0113\u0161anas un apstr\u0101des laik\u0101.<\/p>\n<p><strong>8. Vai j\u016bs eksport\u0113jat grauzd\u0113tus zemesriekstu kodolus starptautisk\u0101 m\u0113rog\u0101?<\/strong><br \/>\nJ\u0101, m\u0113s esam pieredz\u0113jis eksport\u0113t\u0101js ar glob\u0101lu t\u012bklu, kas pieg\u0101d\u0101 grauzd\u0113tus zemesriekstu kodolus da\u017e\u0101diem tirgiem da\u017e\u0101dos kontinentos.<\/p>\n<p><strong>9. Vai j\u016bsu grauzd\u0113tie zemesriekstu kodoli ir piem\u0113roti izmanto\u0161anai zemesriekstu sviesta ra\u017eo\u0161an\u0101?<\/strong><br \/>\nM\u016bsu grauzd\u0113tie zemesriekstu kodoli noteikti ir ide\u0101li piem\u0113roti izmanto\u0161anai zemesriekstu sviesta ra\u017eo\u0161an\u0101, pied\u0101v\u0101jot izcilu gar\u0161u un tekst\u016bru.<\/p>","protected":false},"excerpt":{"rendered":"<p>M\u0113s esam grauzd\u0113tu zemesriekstu kodolu ra\u017eot\u0101js un pieg\u0101d\u0101t\u0101js \u0136\u012bn\u0101<\/p>\n<p>- MOQ: 1 tonna<br \/>\n- tiek pied\u0101v\u0101ts OEM \/ ODM pakalpojums<br \/>\n- pieejams bezmaksas paraugs<br \/>\n- Pie\u0146emiet piel\u0101go\u0161anu (specifik\u0101cijas, kr\u0101sa, izm\u0113ri, iepakojums, dizains utt.)<\/p>\n<p>Ja v\u0113laties ieg\u016bt grauzd\u0113tu zemesriekstu kodolu, l\u016bdzu, sazinieties ar mums.<\/p>","protected":false},"featured_media":1697,"comment_status":"open","ping_status":"closed","template":"","meta":[],"product_cat":[37],"product_tag":[],"class_list":{"0":"post-1553","1":"product","2":"type-product","3":"status-publish","4":"has-post-thumbnail","6":"product_cat-roasted-peanut","8":"first","9":"instock","10":"featured","11":"shipping-taxable","12":"product-type-simple"},"yoast_head":"<!-- This site is optimized with the Yoast SEO plugin v24.9 - https:\/\/yoast.com\/wordpress\/plugins\/seo\/ -->\n<title>Roasted Peanut Kernels - Peanut Butter Factory<\/title>\n<meta name=\"description\" content=\"Premium Roasted Peanut Kernels OEM supplier, private label manufacturer, and exporter. Choose us for superior quality and customizable options.\" \/>\n<meta name=\"robots\" content=\"index, follow, max-snippet:-1, max-image-preview:large, max-video-preview:-1\" \/>\n<link rel=\"canonical\" href=\"https:\/\/www.peanutoem.com\/lv\/manufacturer\/roasted-peanut-kernels\/\" \/>\n<meta property=\"og:locale\" content=\"lv_LV\" \/>\n<meta property=\"og:type\" content=\"article\" \/>\n<meta property=\"og:title\" content=\"Roasted Peanut Kernels - Peanut Butter Factory\" \/>\n<meta property=\"og:description\" content=\"Premium Roasted Peanut Kernels OEM supplier, private label manufacturer, and exporter. Choose us for superior quality and customizable options.\" \/>\n<meta property=\"og:url\" content=\"https:\/\/www.peanutoem.com\/lv\/manufacturer\/roasted-peanut-kernels\/\" \/>\n<meta property=\"og:site_name\" content=\"Peanut Butter Factory\" \/>\n<meta property=\"article:modified_time\" content=\"2024-09-24T15:21:33+00:00\" \/>\n<meta property=\"og:image\" content=\"https:\/\/www.peanutoem.com\/wp-content\/uploads\/2024\/09\/Roasted-Peanut-Kernels-on-plate-scaled.webp\" \/>\n\t<meta property=\"og:image:width\" content=\"2560\" \/>\n\t<meta property=\"og:image:height\" content=\"1707\" \/>\n\t<meta property=\"og:image:type\" content=\"image\/webp\" \/>\n<meta name=\"twitter:card\" content=\"summary_large_image\" \/>\n<meta name=\"twitter:label1\" content=\"Est. reading time\" \/>\n\t<meta name=\"twitter:data1\" content=\"3 min\u016btes\" \/>\n<script type=\"application\/ld+json\" class=\"yoast-schema-graph\">{\"@context\":\"https:\/\/schema.org\",\"@graph\":[{\"@type\":\"WebPage\",\"@id\":\"https:\/\/www.peanutoem.com\/manufacturer\/roasted-peanut-kernels\/\",\"url\":\"https:\/\/www.peanutoem.com\/manufacturer\/roasted-peanut-kernels\/\",\"name\":\"Roasted Peanut Kernels - Peanut Butter Factory\",\"isPartOf\":{\"@id\":\"https:\/\/www.peanutoem.com\/#website\"},\"primaryImageOfPage\":{\"@id\":\"https:\/\/www.peanutoem.com\/manufacturer\/roasted-peanut-kernels\/#primaryimage\"},\"image\":{\"@id\":\"https:\/\/www.peanutoem.com\/manufacturer\/roasted-peanut-kernels\/#primaryimage\"},\"thumbnailUrl\":\"https:\/\/www.peanutoem.com\/wp-content\/uploads\/2024\/09\/Roasted-Peanut-Kernels-on-plate-scaled.webp\",\"datePublished\":\"2024-09-02T13:58:23+00:00\",\"dateModified\":\"2024-09-24T15:21:33+00:00\",\"description\":\"Premium Roasted Peanut Kernels OEM supplier, private label manufacturer, and exporter. Choose us for superior quality and customizable options.\",\"breadcrumb\":{\"@id\":\"https:\/\/www.peanutoem.com\/manufacturer\/roasted-peanut-kernels\/#breadcrumb\"},\"inLanguage\":\"lv-LV\",\"potentialAction\":[{\"@type\":\"ReadAction\",\"target\":[\"https:\/\/www.peanutoem.com\/manufacturer\/roasted-peanut-kernels\/\"]}]},{\"@type\":\"ImageObject\",\"inLanguage\":\"lv-LV\",\"@id\":\"https:\/\/www.peanutoem.com\/manufacturer\/roasted-peanut-kernels\/#primaryimage\",\"url\":\"https:\/\/www.peanutoem.com\/wp-content\/uploads\/2024\/09\/Roasted-Peanut-Kernels-on-plate-scaled.webp\",\"contentUrl\":\"https:\/\/www.peanutoem.com\/wp-content\/uploads\/2024\/09\/Roasted-Peanut-Kernels-on-plate-scaled.webp\",\"width\":2560,\"height\":1707,\"caption\":\"Roasted Peanut Kernels on plate\"},{\"@type\":\"BreadcrumbList\",\"@id\":\"https:\/\/www.peanutoem.com\/manufacturer\/roasted-peanut-kernels\/#breadcrumb\",\"itemListElement\":[{\"@type\":\"ListItem\",\"position\":1,\"name\":\"Home\",\"item\":\"https:\/\/www.peanutoem.com\/\"},{\"@type\":\"ListItem\",\"position\":2,\"name\":\"Products\",\"item\":\"https:\/\/www.peanutoem.com\/shop\/\"},{\"@type\":\"ListItem\",\"position\":3,\"name\":\"Roasted Peanut Kernels\"}]},{\"@type\":\"WebSite\",\"@id\":\"https:\/\/www.peanutoem.com\/#website\",\"url\":\"https:\/\/www.peanutoem.com\/\",\"name\":\"Peanut Butter Factory\",\"description\":\"Peanut Butter Manufacturer and Roast Peanut OEM Factory | Peanut Private Label China Supplier\",\"publisher\":{\"@id\":\"https:\/\/www.peanutoem.com\/#organization\"},\"alternateName\":\"Peanut Butter OEM and Wholesale\",\"potentialAction\":[{\"@type\":\"SearchAction\",\"target\":{\"@type\":\"EntryPoint\",\"urlTemplate\":\"https:\/\/www.peanutoem.com\/?s={search_term_string}\"},\"query-input\":{\"@type\":\"PropertyValueSpecification\",\"valueRequired\":true,\"valueName\":\"search_term_string\"}}],\"inLanguage\":\"lv-LV\"},{\"@type\":\"Organization\",\"@id\":\"https:\/\/www.peanutoem.com\/#organization\",\"name\":\"Peanut Butter Factory\",\"alternateName\":\"JuFeng Group\",\"url\":\"https:\/\/www.peanutoem.com\/\",\"logo\":{\"@type\":\"ImageObject\",\"inLanguage\":\"lv-LV\",\"@id\":\"https:\/\/www.peanutoem.com\/#\/schema\/logo\/image\/\",\"url\":\"https:\/\/www.peanutoem.com\/wp-content\/uploads\/2024\/09\/JUFENG-LOGO.png\",\"contentUrl\":\"https:\/\/www.peanutoem.com\/wp-content\/uploads\/2024\/09\/JUFENG-LOGO.png\",\"width\":600,\"height\":170,\"caption\":\"Peanut Butter Factory\"},\"image\":{\"@id\":\"https:\/\/www.peanutoem.com\/#\/schema\/logo\/image\/\"}}]}<\/script>\n<!-- \/ Yoast SEO plugin. -->","yoast_head_json":{"title":"Roasted Peanut Kernels - Peanut Butter Factory","description":"Premium Roasted Peanut Kernels OEM supplier, private label manufacturer, and exporter. Choose us for superior quality and customizable options.","robots":{"index":"index","follow":"follow","max-snippet":"max-snippet:-1","max-image-preview":"max-image-preview:large","max-video-preview":"max-video-preview:-1"},"canonical":"https:\/\/www.peanutoem.com\/lv\/manufacturer\/roasted-peanut-kernels\/","og_locale":"lv_LV","og_type":"article","og_title":"Roasted Peanut Kernels - Peanut Butter Factory","og_description":"Premium Roasted Peanut Kernels OEM supplier, private label manufacturer, and exporter. Choose us for superior quality and customizable options.","og_url":"https:\/\/www.peanutoem.com\/lv\/manufacturer\/roasted-peanut-kernels\/","og_site_name":"Peanut Butter Factory","article_modified_time":"2024-09-24T15:21:33+00:00","og_image":[{"width":2560,"height":1707,"url":"https:\/\/www.peanutoem.com\/wp-content\/uploads\/2024\/09\/Roasted-Peanut-Kernels-on-plate-scaled.webp","type":"image\/webp"}],"twitter_card":"summary_large_image","twitter_misc":{"Est. reading time":"3 min\u016btes"},"schema":{"@context":"https:\/\/schema.org","@graph":[{"@type":"WebPage","@id":"https:\/\/www.peanutoem.com\/manufacturer\/roasted-peanut-kernels\/","url":"https:\/\/www.peanutoem.com\/manufacturer\/roasted-peanut-kernels\/","name":"Roasted Peanut Kernels - Peanut Butter Factory","isPartOf":{"@id":"https:\/\/www.peanutoem.com\/#website"},"primaryImageOfPage":{"@id":"https:\/\/www.peanutoem.com\/manufacturer\/roasted-peanut-kernels\/#primaryimage"},"image":{"@id":"https:\/\/www.peanutoem.com\/manufacturer\/roasted-peanut-kernels\/#primaryimage"},"thumbnailUrl":"https:\/\/www.peanutoem.com\/wp-content\/uploads\/2024\/09\/Roasted-Peanut-Kernels-on-plate-scaled.webp","datePublished":"2024-09-02T13:58:23+00:00","dateModified":"2024-09-24T15:21:33+00:00","description":"Premium Roasted Peanut Kernels OEM supplier, private label manufacturer, and exporter. Choose us for superior quality and customizable options.","breadcrumb":{"@id":"https:\/\/www.peanutoem.com\/manufacturer\/roasted-peanut-kernels\/#breadcrumb"},"inLanguage":"lv-LV","potentialAction":[{"@type":"ReadAction","target":["https:\/\/www.peanutoem.com\/manufacturer\/roasted-peanut-kernels\/"]}]},{"@type":"ImageObject","inLanguage":"lv-LV","@id":"https:\/\/www.peanutoem.com\/manufacturer\/roasted-peanut-kernels\/#primaryimage","url":"https:\/\/www.peanutoem.com\/wp-content\/uploads\/2024\/09\/Roasted-Peanut-Kernels-on-plate-scaled.webp","contentUrl":"https:\/\/www.peanutoem.com\/wp-content\/uploads\/2024\/09\/Roasted-Peanut-Kernels-on-plate-scaled.webp","width":2560,"height":1707,"caption":"Roasted Peanut Kernels on plate"},{"@type":"BreadcrumbList","@id":"https:\/\/www.peanutoem.com\/manufacturer\/roasted-peanut-kernels\/#breadcrumb","itemListElement":[{"@type":"ListItem","position":1,"name":"Home","item":"https:\/\/www.peanutoem.com\/"},{"@type":"ListItem","position":2,"name":"Products","item":"https:\/\/www.peanutoem.com\/shop\/"},{"@type":"ListItem","position":3,"name":"Roasted Peanut Kernels"}]},{"@type":"WebSite","@id":"https:\/\/www.peanutoem.com\/#website","url":"https:\/\/www.peanutoem.com\/","name":"Peanut Butter Factory","description":"Peanut Butter Manufacturer and Roast Peanut OEM Factory | Peanut Private Label China Supplier","publisher":{"@id":"https:\/\/www.peanutoem.com\/#organization"},"alternateName":"Peanut Butter OEM and Wholesale","potentialAction":[{"@type":"SearchAction","target":{"@type":"EntryPoint","urlTemplate":"https:\/\/www.peanutoem.com\/?s={search_term_string}"},"query-input":{"@type":"PropertyValueSpecification","valueRequired":true,"valueName":"search_term_string"}}],"inLanguage":"lv-LV"},{"@type":"Organization","@id":"https:\/\/www.peanutoem.com\/#organization","name":"Peanut Butter Factory","alternateName":"JuFeng Group","url":"https:\/\/www.peanutoem.com\/","logo":{"@type":"ImageObject","inLanguage":"lv-LV","@id":"https:\/\/www.peanutoem.com\/#\/schema\/logo\/image\/","url":"https:\/\/www.peanutoem.com\/wp-content\/uploads\/2024\/09\/JUFENG-LOGO.png","contentUrl":"https:\/\/www.peanutoem.com\/wp-content\/uploads\/2024\/09\/JUFENG-LOGO.png","width":600,"height":170,"caption":"Peanut Butter Factory"},"image":{"@id":"https:\/\/www.peanutoem.com\/#\/schema\/logo\/image\/"}}]}},"_links":{"self":[{"href":"https:\/\/www.peanutoem.com\/lv\/wp-json\/wp\/v2\/product\/1553","targetHints":{"allow":["GET"]}}],"collection":[{"href":"https:\/\/www.peanutoem.com\/lv\/wp-json\/wp\/v2\/product"}],"about":[{"href":"https:\/\/www.peanutoem.com\/lv\/wp-json\/wp\/v2\/types\/product"}],"replies":[{"embeddable":true,"href":"https:\/\/www.peanutoem.com\/lv\/wp-json\/wp\/v2\/comments?post=1553"}],"wp:featuredmedia":[{"embeddable":true,"href":"https:\/\/www.peanutoem.com\/lv\/wp-json\/wp\/v2\/media\/1697"}],"wp:attachment":[{"href":"https:\/\/www.peanutoem.com\/lv\/wp-json\/wp\/v2\/media?parent=1553"}],"wp:term":[{"taxonomy":"product_cat","embeddable":true,"href":"https:\/\/www.peanutoem.com\/lv\/wp-json\/wp\/v2\/product_cat?post=1553"},{"taxonomy":"product_tag","embeddable":true,"href":"https:\/\/www.peanutoem.com\/lv\/wp-json\/wp\/v2\/product_tag?post=1553"}],"curies":[{"name":"wp","href":"https:\/\/api.w.org\/{rel}","templated":true}]}}