{"id":1555,"date":"2024-09-02T14:00:33","date_gmt":"2024-09-02T14:00:33","guid":{"rendered":"https:\/\/www.peanutoem.com\/?post_type=product&#038;p=1555"},"modified":"2024-09-28T04:44:51","modified_gmt":"2024-09-28T04:44:51","slug":"roasted-peanut-kernels-in-split","status":"publish","type":"product","link":"https:\/\/www.peanutoem.com\/lv\/manufacturer\/roasted-peanut-kernels-in-split\/","title":{"rendered":"Grauzd\u0113ti zemesriekstu kodoli Split\u0101 | Sagriezti grauzd\u0113ti zemesriekstu kodoli"},"content":{"rendered":"<h3>Kas ir grauzd\u0113ti zemesriekstu kodoli Split\u0101?<\/h3>\n<p>Grauzd\u0113ti zemesriekstu kodoli Split\u0101 jeb saukti par grauzd\u0113tajiem zemesriekstu kodoliem ir zemesrieksti, kas ir r\u016bp\u012bgi grauzd\u0113ti l\u012bdz piln\u012bbai un p\u0113c tam r\u016bp\u012bgi sadal\u012bti uz pus\u0113m. Tie ir paz\u012bstami ar savu bag\u0101t\u012bgo arom\u0101tu, krauk\u0161\u0137\u012bgo gar\u0161u un pla\u0161o pielietojumu uzkod\u0101s, maizes izstr\u0101d\u0101jumos un da\u017e\u0101dos p\u0101rtikas produktos. Grauzd\u0113\u0161anas process ne tikai uzlabo zemesriekstu dabisko gar\u0161u, bet ar\u012b padara tos par ide\u0101lu izv\u0113li p\u0101rtikas ra\u017eot\u0101jiem, uzkodu z\u012bmoliem un pat\u0113r\u0113t\u0101jiem, kuri iev\u0113ro vesel\u012bg\u0101ku uzturu.<\/p>\n<h3>Alternat\u012bvi nosaukumi grauzd\u0113tu zemesriekstu kodoliem Split\u0101<\/h3>\n<p>Grauzd\u0113ti zemesriekstu kodoli Split\u0101 tiek apz\u012bm\u0113ti ar\u012b ar citiem nosaukumiem atkar\u012bb\u0101 no re\u0123iona vai tirgus, tostarp:<\/p>\n<ul>\n<li>Sadal\u012bti grauzd\u0113ti zemesrieksti<\/li>\n<li>Grauzd\u0113tas zemesriekstu pus\u012btes<\/li>\n<li>Sadal\u012bti grauzd\u0113ti zemesriekstu kodoli<\/li>\n<li>Zemesriekstu \u0161\u0137el\u0161an\u0101s<\/li>\n<\/ul>\n<h3>Atbilsto\u0161\u0101s aktu\u0101l\u0101s t\u0113mas<\/h3>\n<ol>\n<li><strong>Grauzd\u0113tu zemesriekstu kodolu ieguvumi vesel\u012bbai<\/strong>: Grauzd\u0113ti zemesriekstu kodoli ir bag\u0101t\u012bgs olbaltumvielu, vesel\u012bgu tauku un svar\u012bgu vitam\u012bnu avots. Tie ir barojo\u0161a uzkoda vai sast\u0101vda\u013ca da\u017e\u0101dos uz vesel\u012bbu v\u0113rstos produktos.<\/li>\n<li><strong>Pieaugo\u0161ais piepras\u012bjums p\u0113c uzkod\u0101m, kuru pamat\u0101 ir zemesrieksti:<\/strong> Grauzd\u0113ti zemesriekstu kodoli sadal\u012bt\u0101 veid\u0101 k\u013c\u016bst arvien popul\u0101r\u0101ki, jo pieaug piepras\u012bjums p\u0113c vesel\u012bg\u0101m uzkod\u0101m.<\/li>\n<li><strong>P\u0101rtikas dro\u0161\u012bbas un kvalit\u0101tes kontrole zemesriekstu p\u0101rstr\u0101d\u0113:<\/strong> Augstu ra\u017eo\u0161anas un apstr\u0101des standartu uztur\u0113\u0161ana ir \u013coti svar\u012bga, lai nodro\u0161in\u0101tu produktu integrit\u0101ti un atbilst\u012bbu p\u0101rtikas nekait\u012bguma noteikumiem.<\/li>\n<li><strong>Zemesriekstu produkti ar priv\u0101tu mar\u0137\u0113jumu:<\/strong> Daudzi z\u012bmoli izv\u0113las m\u016bsu priv\u0101to pre\u010du z\u012bmju pakalpojumus, lai ar savu z\u012bmolu pied\u0101v\u0101tu augst\u0101k\u0101s kvalit\u0101tes sagrieztus grauzd\u0113tus zemesriekstu kodolus.<\/li>\n<\/ol>\n<p><img loading=\"lazy\" decoding=\"async\" class=\"alignnone wp-image-1720 size-large\" src=\"https:\/\/www.peanutoem.com\/wp-content\/uploads\/2024\/09\/Roasted-Peanut-Power-in-Carton-1024x908.webp\" alt=\"Grauzd\u0113tu zemesriekstu sp\u0113ks kartona kast\u012bt\u0113\" width=\"1020\" height=\"904\" srcset=\"https:\/\/www.peanutoem.com\/wp-content\/uploads\/2024\/09\/Roasted-Peanut-Power-in-Carton-1024x908.webp 1024w, https:\/\/www.peanutoem.com\/wp-content\/uploads\/2024\/09\/Roasted-Peanut-Power-in-Carton-300x266.webp 300w, https:\/\/www.peanutoem.com\/wp-content\/uploads\/2024\/09\/Roasted-Peanut-Power-in-Carton-768x681.webp 768w, https:\/\/www.peanutoem.com\/wp-content\/uploads\/2024\/09\/Roasted-Peanut-Power-in-Carton-1536x1362.webp 1536w, https:\/\/www.peanutoem.com\/wp-content\/uploads\/2024\/09\/Roasted-Peanut-Power-in-Carton-2048x1816.webp 2048w, https:\/\/www.peanutoem.com\/wp-content\/uploads\/2024\/09\/Roasted-Peanut-Power-in-Carton-14x12.webp 14w, https:\/\/www.peanutoem.com\/wp-content\/uploads\/2024\/09\/Roasted-Peanut-Power-in-Carton-600x532.webp 600w\" sizes=\"auto, (max-width: 1020px) 100vw, 1020px\" \/><\/p>\n<hr \/>\n<h3>K\u0101p\u0113c izv\u0113l\u0113ties m\u016bs par sagrieztu grauzd\u0113tu zemesriekstu kodolu pieg\u0101d\u0101t\u0101ju?<\/h3>\n<p>M\u0113s esam uzticams grauzd\u0113tu zemesriekstu kodolu pieg\u0101d\u0101t\u0101js Split\u0101 vair\u0101ku p\u0101rliecino\u0161u iemeslu d\u0113\u013c:<\/p>\n<ul>\n<li><strong>Uzlabotas ra\u017eo\u0161anas iek\u0101rtas:<\/strong> M\u016bsu r\u016bpn\u012bc\u0101 tiek izmantotas vismodern\u0101k\u0101s ASV ra\u017eo\u0161anas l\u012bnijas augst\u0101k\u0101 l\u012bme\u0146a grauzd\u0113\u0161anas un grie\u0161anas procesos.<\/li>\n<li><strong>Stingra kvalit\u0101tes nodro\u0161in\u0101\u0161ana:<\/strong> M\u0113s sav\u0101 laboratorij\u0101 veicam visaptvero\u0161as p\u0101rbaudes, lai nodro\u0161in\u0101tu katras partijas atbilst\u012bbu glob\u0101lajiem standartiem.<\/li>\n<li><strong>Glob\u0101lie sertifik\u0101ti:<\/strong> M\u016bsu grauzd\u0113tie zemesriekstu kodoli ir sertific\u0113ti ar HACCP, BRCGS, Kosher, Halal un EU Organic kvalit\u0101ti un dro\u0161\u012bbu.<\/li>\n<li><strong>Uzticama pieg\u0101des \u0137\u0113de:<\/strong> M\u016bsu liel\u0101 nemain\u012bgas temperat\u016bras noliktava garant\u0113 produktu kvalit\u0101ti un pieg\u0101des stabilit\u0101ti visa gada garum\u0101.<\/li>\n<li><strong>Piel\u0101goti pakalpojumi:<\/strong> M\u0113s pied\u0101v\u0101jam priv\u0101to z\u012bmolu risin\u0101jumus, kas piel\u0101goti z\u012bmolu un import\u0113t\u0101ju \u012bpa\u0161aj\u0101m vajadz\u012bb\u0101m vis\u0101 pasaul\u0113.<\/li>\n<li><strong>Ilgtsp\u0113j\u012bga att\u012bst\u012bba:<\/strong> M\u0113s koncentr\u0113jamies uz ilgtsp\u0113j\u012bgu praksi un sadarbojamies ar paz\u012bstam\u0101m lielveikalu \u0137\u0113d\u0113m, lai nodro\u0161in\u0101tu savstarp\u0113ju labkl\u0101j\u012bbu.<\/li>\n<\/ul>\n<h3>Jaut\u0101jumi un atbildes par sagrieztiem grauzd\u0113tiem zemesriekstu kodoliem<\/h3>\n<p><strong>J: Kas padara j\u016bs par vado\u0161o grauzd\u0113tu zemesriekstu kodolu pieg\u0101d\u0101t\u0101ju sadal\u012bt\u0101 veid\u0101?<\/strong><br \/>\n<strong>A:<\/strong> M\u016bsu uzlabot\u0101s ra\u017eo\u0161anas iek\u0101rtas, stingr\u0101 kvalit\u0101tes nodro\u0161in\u0101\u0161ana un glob\u0101lie sertifik\u0101ti nodro\u0161ina nemain\u012bgi augstas kvalit\u0101tes produktu pieg\u0101di.<\/p>\n<p><strong>J: Vai es varu piel\u0101got iepakojumu ar savu z\u012bmolu?<\/strong><br \/>\n<strong>A:<\/strong> J\u0101, m\u0113s sniedzam priv\u0101to pre\u010du z\u012bmju pakalpojumus, kas \u013cauj piln\u012bb\u0101 piel\u0101got iepakojumu un z\u012bmolu atbilsto\u0161i j\u016bsu tirgus vajadz\u012bb\u0101m.<\/p>\n<p><strong>J: K\u0101di sertifik\u0101ti ir j\u016bsu grauzd\u0113tajiem zemesriekstu kodoliem?<\/strong><br \/>\n<strong>A:<\/strong> M\u016bsu produkti ir sertific\u0113ti p\u0113c HACCP, BRC, Halal, Kosher, EU Organic un citiem glob\u0101liem standartiem, nodro\u0161inot kvalit\u0101ti un dro\u0161\u012bbu.<\/p>\n<p><strong>J: K\u0101 nodro\u0161in\u0101t svaigumu un kvalit\u0101ti?<\/strong><br \/>\n<strong>A:<\/strong> M\u016bsu lielaj\u0101 past\u0101v\u012bg\u0101s temperat\u016bras uzglab\u0101\u0161anas telp\u0101 tiek uztur\u0113ti optim\u0101li apst\u0101k\u013ci, saglab\u0101jot svaigumu un kvalit\u0101ti l\u012bdz pieg\u0101dei.<\/p>\n<p><strong>J: Vai j\u016bs sniedzat lielapjoma pas\u016bt\u012bjumus starptautiskajiem s\u016bt\u012bjumiem?<\/strong><br \/>\n<strong>A:<\/strong> J\u0101, m\u0113s specializ\u0113jamies lielapjoma pas\u016bt\u012bjumos un starptautiskos s\u016bt\u012bjumos, nodro\u0161inot netrauc\u0113tu pieg\u0101des \u0137\u0113di glob\u0101lajiem klientiem.<\/p>\n<p><strong>J: K\u0101das ir priek\u0161roc\u012bbas, izv\u0113loties grauzd\u0113tu zemesriekstu kodolu sadal\u012bt\u0101 veid\u0101?<\/strong><br \/>\n<strong>A:<\/strong> Sadal\u012bti grauzd\u0113ti zemesriekstu kodoli pied\u0101v\u0101 lieto\u0161anai gatavu produktu ar uzlabotu gar\u0161u un tekst\u016bru, kas ir ide\u0101li piem\u0113rots uzkod\u0101m un piedev\u0101m.<\/p>\n<p><strong>J: Vai j\u016bsu grauzd\u0113tajos zemesriekstu kodolos ir piedevas?<\/strong><br \/>\n<strong>A:<\/strong> N\u0113, m\u016bsu grauzd\u0113tie zemesriekstu kodoli nesatur piedevas un konservantus, nodro\u0161inot dabisku produktu.<\/p>\n<p><strong>J: Vai es varu piepras\u012bt konkr\u0113tus grauzd\u0113\u0161anas l\u012bme\u0146us?<\/strong><br \/>\n<strong>A:<\/strong> J\u0101, m\u0113s varam piel\u0101got cep\u0161anas l\u012bmeni atbilsto\u0161i j\u016bsu specifik\u0101cij\u0101m neatkar\u012bgi no t\u0101, vai v\u0113laties gai\u0161u, vid\u0113ju vai tum\u0161u cepeti.<\/p>\n<p><strong>J: K\u0101 es varu piepras\u012bt paraugu?<\/strong><br \/>\n<strong>A:<\/strong> <a href=\"mailto:globepeanut@gmail.com\" target=\"_blank\" rel=\"noopener\">Sazin\u0101ties <\/a>m\u016bsu p\u0101rdo\u0161anas komanda, lai piepras\u012btu paraugu un apspriestu j\u016bsu \u012bpa\u0161\u0101s vajadz\u012bbas.<\/p>\n<p><strong>J: K\u0101diem tirgiem j\u016bs pieg\u0101d\u0101jat?<\/strong><br \/>\n<strong>A:<\/strong> M\u0113s pieg\u0101d\u0101jam grauzd\u0113tus zemesriekstu kodolus da\u017e\u0101diem tirgiem vis\u0101 pasaul\u0113, tostarp Zieme\u013camerik\u0101, Eirop\u0101, \u0100zij\u0101 un Tuvajos Austrumos, ar sp\u0113c\u012bgu nozares partner\u012bbu.<\/p>\n<a href=\"mailto:globepeanut@gmail.com\" class=\"button primary is-primary is-medium\"  >\n    <span>Nos\u016btiet mums e-pastu<\/span>\n  <\/a>","protected":false},"excerpt":{"rendered":"<p>M\u0113s esam sagrieztu grauzd\u0113tu zemesriekstu kodolu ra\u017eot\u0101js un pieg\u0101d\u0101t\u0101js \u0136\u012bn\u0101<\/p>\n<p>- MOQ: 1 tonna<br \/>\n- tiek pied\u0101v\u0101ts OEM \/ ODM pakalpojums<br \/>\n- pieejams bezmaksas paraugs<br \/>\n- Pie\u0146emiet piel\u0101go\u0161anu (specifik\u0101cijas, izm\u0113ri, kr\u0101sa, dizains utt.)<br \/>\n- Specifik\u0101cijas (3-5 acs, 4-7 acs, 5-8 acs, 6-10 acs, 8-14 acs vai p\u0113c j\u016bsu pras\u012bbas)<\/p>\n<p>Ja v\u0113laties ieg\u016bt grauzd\u0113tu zemesriekstu kodolu \u0161\u0137\u0113l\u0113s vai \u0161\u0137\u0113l\u0113s grauzd\u0113tos zemesriekstu kodolos, l\u016bdzu, sazinieties ar mums.<\/p>","protected":false},"featured_media":1712,"comment_status":"open","ping_status":"closed","template":"","meta":[],"product_cat":[37],"product_tag":[],"class_list":{"0":"post-1555","1":"product","2":"type-product","3":"status-publish","4":"has-post-thumbnail","6":"product_cat-roasted-peanut","8":"first","9":"instock","10":"shipping-taxable","11":"product-type-simple"},"yoast_head":"<!-- This site is optimized with the Yoast SEO plugin v24.9 - https:\/\/yoast.com\/wordpress\/plugins\/seo\/ -->\n<title>Roasted Peanut Kernels in Split | Sliced Roasted Peanut Kernels - Peanut Butter Factory<\/title>\n<meta name=\"description\" content=\"We are leading OEM manufacturer, supplier, and exporter of high-quality Roasted Peanut Kernels in Split. Private label services and global brands partner.\" \/>\n<meta name=\"robots\" content=\"index, follow, max-snippet:-1, max-image-preview:large, max-video-preview:-1\" \/>\n<link rel=\"canonical\" href=\"https:\/\/www.peanutoem.com\/lv\/manufacturer\/roasted-peanut-kernels-in-split\/\" \/>\n<meta property=\"og:locale\" content=\"lv_LV\" \/>\n<meta property=\"og:type\" content=\"article\" \/>\n<meta property=\"og:title\" content=\"Roasted Peanut Kernels in Split | Sliced Roasted Peanut Kernels - Peanut Butter Factory\" \/>\n<meta property=\"og:description\" content=\"We are leading OEM manufacturer, supplier, and exporter of high-quality Roasted Peanut Kernels in Split. Private label services and global brands partner.\" \/>\n<meta property=\"og:url\" content=\"https:\/\/www.peanutoem.com\/lv\/manufacturer\/roasted-peanut-kernels-in-split\/\" \/>\n<meta property=\"og:site_name\" content=\"Peanut Butter Factory\" \/>\n<meta property=\"article:modified_time\" content=\"2024-09-28T04:44:51+00:00\" \/>\n<meta property=\"og:image\" content=\"https:\/\/www.peanutoem.com\/wp-content\/uploads\/2024\/09\/4-6mm-roasted-peanut-kernels-scaled.webp\" \/>\n\t<meta property=\"og:image:width\" content=\"1920\" \/>\n\t<meta property=\"og:image:height\" content=\"2560\" \/>\n\t<meta property=\"og:image:type\" content=\"image\/webp\" \/>\n<meta name=\"twitter:card\" content=\"summary_large_image\" \/>\n<meta name=\"twitter:label1\" content=\"Est. reading time\" \/>\n\t<meta name=\"twitter:data1\" content=\"4 min\u016btes\" \/>\n<script type=\"application\/ld+json\" class=\"yoast-schema-graph\">{\"@context\":\"https:\/\/schema.org\",\"@graph\":[{\"@type\":\"WebPage\",\"@id\":\"https:\/\/www.peanutoem.com\/manufacturer\/roasted-peanut-kernels-in-split\/\",\"url\":\"https:\/\/www.peanutoem.com\/manufacturer\/roasted-peanut-kernels-in-split\/\",\"name\":\"Roasted Peanut Kernels in Split | Sliced Roasted Peanut Kernels - Peanut Butter Factory\",\"isPartOf\":{\"@id\":\"https:\/\/www.peanutoem.com\/#website\"},\"primaryImageOfPage\":{\"@id\":\"https:\/\/www.peanutoem.com\/manufacturer\/roasted-peanut-kernels-in-split\/#primaryimage\"},\"image\":{\"@id\":\"https:\/\/www.peanutoem.com\/manufacturer\/roasted-peanut-kernels-in-split\/#primaryimage\"},\"thumbnailUrl\":\"https:\/\/www.peanutoem.com\/wp-content\/uploads\/2024\/09\/4-6mm-roasted-peanut-kernels-scaled.webp\",\"datePublished\":\"2024-09-02T14:00:33+00:00\",\"dateModified\":\"2024-09-28T04:44:51+00:00\",\"description\":\"We are leading OEM manufacturer, supplier, and exporter of high-quality Roasted Peanut Kernels in Split. Private label services and global brands partner.\",\"breadcrumb\":{\"@id\":\"https:\/\/www.peanutoem.com\/manufacturer\/roasted-peanut-kernels-in-split\/#breadcrumb\"},\"inLanguage\":\"lv-LV\",\"potentialAction\":[{\"@type\":\"ReadAction\",\"target\":[\"https:\/\/www.peanutoem.com\/manufacturer\/roasted-peanut-kernels-in-split\/\"]}]},{\"@type\":\"ImageObject\",\"inLanguage\":\"lv-LV\",\"@id\":\"https:\/\/www.peanutoem.com\/manufacturer\/roasted-peanut-kernels-in-split\/#primaryimage\",\"url\":\"https:\/\/www.peanutoem.com\/wp-content\/uploads\/2024\/09\/4-6mm-roasted-peanut-kernels-scaled.webp\",\"contentUrl\":\"https:\/\/www.peanutoem.com\/wp-content\/uploads\/2024\/09\/4-6mm-roasted-peanut-kernels-scaled.webp\",\"width\":1920,\"height\":2560,\"caption\":\"4-6mm roasted peanut kernels\"},{\"@type\":\"BreadcrumbList\",\"@id\":\"https:\/\/www.peanutoem.com\/manufacturer\/roasted-peanut-kernels-in-split\/#breadcrumb\",\"itemListElement\":[{\"@type\":\"ListItem\",\"position\":1,\"name\":\"Home\",\"item\":\"https:\/\/www.peanutoem.com\/\"},{\"@type\":\"ListItem\",\"position\":2,\"name\":\"Products\",\"item\":\"https:\/\/www.peanutoem.com\/shop\/\"},{\"@type\":\"ListItem\",\"position\":3,\"name\":\"Roasted Peanut Kernels in Split | Sliced Roasted Peanut Kernels\"}]},{\"@type\":\"WebSite\",\"@id\":\"https:\/\/www.peanutoem.com\/#website\",\"url\":\"https:\/\/www.peanutoem.com\/\",\"name\":\"Peanut Butter Factory\",\"description\":\"Peanut Butter Manufacturer and Roast Peanut OEM Factory | Peanut Private Label China Supplier\",\"publisher\":{\"@id\":\"https:\/\/www.peanutoem.com\/#organization\"},\"alternateName\":\"Peanut Butter OEM and Wholesale\",\"potentialAction\":[{\"@type\":\"SearchAction\",\"target\":{\"@type\":\"EntryPoint\",\"urlTemplate\":\"https:\/\/www.peanutoem.com\/?s={search_term_string}\"},\"query-input\":{\"@type\":\"PropertyValueSpecification\",\"valueRequired\":true,\"valueName\":\"search_term_string\"}}],\"inLanguage\":\"lv-LV\"},{\"@type\":\"Organization\",\"@id\":\"https:\/\/www.peanutoem.com\/#organization\",\"name\":\"Peanut Butter Factory\",\"alternateName\":\"JuFeng Group\",\"url\":\"https:\/\/www.peanutoem.com\/\",\"logo\":{\"@type\":\"ImageObject\",\"inLanguage\":\"lv-LV\",\"@id\":\"https:\/\/www.peanutoem.com\/#\/schema\/logo\/image\/\",\"url\":\"https:\/\/www.peanutoem.com\/wp-content\/uploads\/2024\/09\/JUFENG-LOGO.png\",\"contentUrl\":\"https:\/\/www.peanutoem.com\/wp-content\/uploads\/2024\/09\/JUFENG-LOGO.png\",\"width\":600,\"height\":170,\"caption\":\"Peanut Butter Factory\"},\"image\":{\"@id\":\"https:\/\/www.peanutoem.com\/#\/schema\/logo\/image\/\"}}]}<\/script>\n<!-- \/ Yoast SEO plugin. -->","yoast_head_json":{"title":"Roasted Peanut Kernels in Split | Sliced Roasted Peanut Kernels - Peanut Butter Factory","description":"We are leading OEM manufacturer, supplier, and exporter of high-quality Roasted Peanut Kernels in Split. Private label services and global brands partner.","robots":{"index":"index","follow":"follow","max-snippet":"max-snippet:-1","max-image-preview":"max-image-preview:large","max-video-preview":"max-video-preview:-1"},"canonical":"https:\/\/www.peanutoem.com\/lv\/manufacturer\/roasted-peanut-kernels-in-split\/","og_locale":"lv_LV","og_type":"article","og_title":"Roasted Peanut Kernels in Split | Sliced Roasted Peanut Kernels - Peanut Butter Factory","og_description":"We are leading OEM manufacturer, supplier, and exporter of high-quality Roasted Peanut Kernels in Split. Private label services and global brands partner.","og_url":"https:\/\/www.peanutoem.com\/lv\/manufacturer\/roasted-peanut-kernels-in-split\/","og_site_name":"Peanut Butter Factory","article_modified_time":"2024-09-28T04:44:51+00:00","og_image":[{"width":1920,"height":2560,"url":"https:\/\/www.peanutoem.com\/wp-content\/uploads\/2024\/09\/4-6mm-roasted-peanut-kernels-scaled.webp","type":"image\/webp"}],"twitter_card":"summary_large_image","twitter_misc":{"Est. reading time":"4 min\u016btes"},"schema":{"@context":"https:\/\/schema.org","@graph":[{"@type":"WebPage","@id":"https:\/\/www.peanutoem.com\/manufacturer\/roasted-peanut-kernels-in-split\/","url":"https:\/\/www.peanutoem.com\/manufacturer\/roasted-peanut-kernels-in-split\/","name":"Roasted Peanut Kernels in Split | Sliced Roasted Peanut Kernels - Peanut Butter Factory","isPartOf":{"@id":"https:\/\/www.peanutoem.com\/#website"},"primaryImageOfPage":{"@id":"https:\/\/www.peanutoem.com\/manufacturer\/roasted-peanut-kernels-in-split\/#primaryimage"},"image":{"@id":"https:\/\/www.peanutoem.com\/manufacturer\/roasted-peanut-kernels-in-split\/#primaryimage"},"thumbnailUrl":"https:\/\/www.peanutoem.com\/wp-content\/uploads\/2024\/09\/4-6mm-roasted-peanut-kernels-scaled.webp","datePublished":"2024-09-02T14:00:33+00:00","dateModified":"2024-09-28T04:44:51+00:00","description":"We are leading OEM manufacturer, supplier, and exporter of high-quality Roasted Peanut Kernels in Split. Private label services and global brands partner.","breadcrumb":{"@id":"https:\/\/www.peanutoem.com\/manufacturer\/roasted-peanut-kernels-in-split\/#breadcrumb"},"inLanguage":"lv-LV","potentialAction":[{"@type":"ReadAction","target":["https:\/\/www.peanutoem.com\/manufacturer\/roasted-peanut-kernels-in-split\/"]}]},{"@type":"ImageObject","inLanguage":"lv-LV","@id":"https:\/\/www.peanutoem.com\/manufacturer\/roasted-peanut-kernels-in-split\/#primaryimage","url":"https:\/\/www.peanutoem.com\/wp-content\/uploads\/2024\/09\/4-6mm-roasted-peanut-kernels-scaled.webp","contentUrl":"https:\/\/www.peanutoem.com\/wp-content\/uploads\/2024\/09\/4-6mm-roasted-peanut-kernels-scaled.webp","width":1920,"height":2560,"caption":"4-6mm roasted peanut kernels"},{"@type":"BreadcrumbList","@id":"https:\/\/www.peanutoem.com\/manufacturer\/roasted-peanut-kernels-in-split\/#breadcrumb","itemListElement":[{"@type":"ListItem","position":1,"name":"Home","item":"https:\/\/www.peanutoem.com\/"},{"@type":"ListItem","position":2,"name":"Products","item":"https:\/\/www.peanutoem.com\/shop\/"},{"@type":"ListItem","position":3,"name":"Roasted Peanut Kernels in Split | Sliced Roasted Peanut Kernels"}]},{"@type":"WebSite","@id":"https:\/\/www.peanutoem.com\/#website","url":"https:\/\/www.peanutoem.com\/","name":"Peanut Butter Factory","description":"Peanut Butter Manufacturer and Roast Peanut OEM Factory | Peanut Private Label China Supplier","publisher":{"@id":"https:\/\/www.peanutoem.com\/#organization"},"alternateName":"Peanut Butter OEM and Wholesale","potentialAction":[{"@type":"SearchAction","target":{"@type":"EntryPoint","urlTemplate":"https:\/\/www.peanutoem.com\/?s={search_term_string}"},"query-input":{"@type":"PropertyValueSpecification","valueRequired":true,"valueName":"search_term_string"}}],"inLanguage":"lv-LV"},{"@type":"Organization","@id":"https:\/\/www.peanutoem.com\/#organization","name":"Peanut Butter Factory","alternateName":"JuFeng Group","url":"https:\/\/www.peanutoem.com\/","logo":{"@type":"ImageObject","inLanguage":"lv-LV","@id":"https:\/\/www.peanutoem.com\/#\/schema\/logo\/image\/","url":"https:\/\/www.peanutoem.com\/wp-content\/uploads\/2024\/09\/JUFENG-LOGO.png","contentUrl":"https:\/\/www.peanutoem.com\/wp-content\/uploads\/2024\/09\/JUFENG-LOGO.png","width":600,"height":170,"caption":"Peanut Butter Factory"},"image":{"@id":"https:\/\/www.peanutoem.com\/#\/schema\/logo\/image\/"}}]}},"_links":{"self":[{"href":"https:\/\/www.peanutoem.com\/lv\/wp-json\/wp\/v2\/product\/1555","targetHints":{"allow":["GET"]}}],"collection":[{"href":"https:\/\/www.peanutoem.com\/lv\/wp-json\/wp\/v2\/product"}],"about":[{"href":"https:\/\/www.peanutoem.com\/lv\/wp-json\/wp\/v2\/types\/product"}],"replies":[{"embeddable":true,"href":"https:\/\/www.peanutoem.com\/lv\/wp-json\/wp\/v2\/comments?post=1555"}],"wp:featuredmedia":[{"embeddable":true,"href":"https:\/\/www.peanutoem.com\/lv\/wp-json\/wp\/v2\/media\/1712"}],"wp:attachment":[{"href":"https:\/\/www.peanutoem.com\/lv\/wp-json\/wp\/v2\/media?parent=1555"}],"wp:term":[{"taxonomy":"product_cat","embeddable":true,"href":"https:\/\/www.peanutoem.com\/lv\/wp-json\/wp\/v2\/product_cat?post=1555"},{"taxonomy":"product_tag","embeddable":true,"href":"https:\/\/www.peanutoem.com\/lv\/wp-json\/wp\/v2\/product_tag?post=1555"}],"curies":[{"name":"wp","href":"https:\/\/api.w.org\/{rel}","templated":true}]}}