{"id":1637,"date":"2024-09-10T12:28:30","date_gmt":"2024-09-10T12:28:30","guid":{"rendered":"https:\/\/www.peanutoem.com\/?post_type=product&#038;p=1637"},"modified":"2024-10-06T09:58:03","modified_gmt":"2024-10-06T09:58:03","slug":"spicy-peanut-butter","status":"publish","type":"product","link":"https:\/\/www.peanutoem.com\/lv\/manufacturer\/spicy-peanut-butter\/","title":{"rendered":"Pikantais zemesriekstu sviests"},"content":{"rendered":"<h3>Kas ir pikantais zemesriekstu sviests?<\/h3>\n<p>Pikantais zemesriekstu sviests ir gar\u0161\u012bgs tradicion\u0101l\u0101 zemesriekstu sviesta papildin\u0101jums, apvienojot kr\u0113m\u012bgo vai krauk\u0161\u0137\u012bgo zemesriekstu tekst\u016bru ar siltumu no t\u0101d\u0101m gar\u0161viel\u0101m k\u0101 <a href=\"https:\/\/en.wikipedia.org\/wiki\/Chili\" target=\"_blank\" rel=\"noopener\">\u010dili<\/a>, paprika vai kaj\u0113na. Tas ir lieliski piem\u0113rots tiem, kam pat\u012bk sajaukt saldu un pikantu gar\u0161u, pievienojot uzkod\u0101m, sviestmaiz\u0113m un recept\u0113m. Neatkar\u012bgi no t\u0101, vai pikanto zemesriekstu sviestu izmanto k\u0101 m\u0113rci, sm\u0113rvielu vai sast\u0101vda\u013cu, tas k\u013c\u016bst par iecien\u012btu izv\u0113li p\u0101rtikas entuziastu vid\u016b.<\/p>\n<p><img loading=\"lazy\" decoding=\"async\" class=\"alignnone wp-image-1675 size-full\" src=\"https:\/\/www.peanutoem.com\/wp-content\/uploads\/2024\/09\/Spicy-Peanut-Butter-on-Table.webp\" alt=\"Pikantais zemesriekstu sviests uz galda\" width=\"912\" height=\"1144\" srcset=\"https:\/\/www.peanutoem.com\/wp-content\/uploads\/2024\/09\/Spicy-Peanut-Butter-on-Table.webp 912w, https:\/\/www.peanutoem.com\/wp-content\/uploads\/2024\/09\/Spicy-Peanut-Butter-on-Table-239x300.webp 239w, https:\/\/www.peanutoem.com\/wp-content\/uploads\/2024\/09\/Spicy-Peanut-Butter-on-Table-816x1024.webp 816w, https:\/\/www.peanutoem.com\/wp-content\/uploads\/2024\/09\/Spicy-Peanut-Butter-on-Table-768x963.webp 768w, https:\/\/www.peanutoem.com\/wp-content\/uploads\/2024\/09\/Spicy-Peanut-Butter-on-Table-10x12.webp 10w, https:\/\/www.peanutoem.com\/wp-content\/uploads\/2024\/09\/Spicy-Peanut-Butter-on-Table-600x753.webp 600w\" sizes=\"auto, (max-width: 912px) 100vw, 912px\" \/><\/p>\n<h3>K\u0101di ir citi as\u0101 zemesriekstu sviesta nosaukumi?<\/h3>\n<p>Pikantam zemesriekstu sviestam var b\u016bt da\u017e\u0101di nosaukumi atkar\u012bb\u0101 no re\u0123iona un gar\u0161as profiliem. \u0160ie nosaukumi izce\u013c siltuma komponentu, padarot pasaules pat\u0113r\u0113t\u0101jiem viegl\u0101k izpratni par t\u0101 unik\u0101lo pievilc\u012bbu. Da\u017ei alternat\u012bvi nosaukumi ietver:<\/p>\n<ul>\n<li>Karsts zemesriekstu sviests<\/li>\n<li>Zemesriekstu sviests ar \u010dili<\/li>\n<li>Ugun\u012bgs zemesriekstu sviesta sm\u0113r\u0113jums<\/li>\n<li>Pikantais riekstu sviests<\/li>\n<li>Gar\u0161vielu zemesriekstu sm\u0113r\u0113jums<\/li>\n<\/ul>\n<p><span style=\"font-size: 20.16px;\">Karst\u0101s t\u0113mas<\/span><\/p>\n<ul>\n<li><strong>Pikant\u0101 zemesriekstu sviesta receptes<\/strong><br \/>\nPikantais zemesriekstu sviests ir rado\u0161s sp\u0113ks virtuv\u0113, kas kalpo ne tikai k\u0101 gar\u0161\u012bga m\u0113rce, bet ar\u012b mirdz da\u017e\u0101dos \u0113dienos. Tas pie\u0161\u0137ir ugun\u012bgu sparu \u0100zijas ceptiem kartupe\u013ciem, uzlabo ceptu \u0113dienu un gril\u0113tas ga\u013cas gar\u0161u un darbojas k\u0101 marin\u0101de, kas p\u0101rsteidz sast\u0101vda\u013cas ar apburo\u0161iem p\u0101rsteigumiem. No gar\u0161\u012bgiem grauzdi\u0146iem brokast\u012bs l\u012bdz s\u0101\u013c\u0101m n\u016bdel\u0113m vakari\u0146\u0101s, pateicoties \u0161ai sast\u0101vda\u013cai, katrs \u0113diens izstaro unik\u0101lu \u0161armu.<\/li>\n<li><strong>Ieguvumi vesel\u012bbai aiz gar\u0161as<\/strong><br \/>\n\u0160\u012b gard\u0101 sm\u0113rviela ir ar\u012b uztura bag\u0101t\u012bba. T\u0101 satur daudz olbaltumvielu un vesel\u012bgos taukus, kas baro \u0137ermeni, savuk\u0101rt kapsaic\u012bns stimul\u0113 auksl\u0113ju un veicina gremo\u0161anu. Turkl\u0101t tas atbalsta vielmai\u0146u un sirds vesel\u012bbu, efekt\u012bvi apvienojot gar\u0161u un labsaj\u016btu.<\/li>\n<li><strong>Iek\u013caujot to ikdienas \u0113dienreiz\u0113s<\/strong><br \/>\nPikant\u0101 zemesriekstu sviesta iek\u013cau\u0161ana ikdienas uztur\u0101 ir gan vienk\u0101r\u0161a, gan pat\u012bkama. Tas kalpo k\u0101 ide\u0101ls partneris brokastu grauzdi\u0146iem, pie\u0161\u0137ir gar\u0161u p\u0113cpusdienas sm\u016btijiem un uzlabo vakari\u0146u burito, pie\u0161\u0137irot katrai \u0113dienreizei svaigumu.<\/li>\n<li><strong>Augo\u0161a glob\u0101la tendence<\/strong><br \/>\nPikantais zemesriekstu sviests strauji k\u013c\u016bst par p\u0101rrobe\u017eu zvaigzni. T\u0101 k\u0101 pusdienot\u0101ju gaumes da\u017e\u0101dojas, tas p\u0101rsniedz re\u0123ion\u0101l\u0101s robe\u017eas, aizraujot cien\u012bt\u0101jus vis\u0101 pasaul\u0113. \u0160is izplat\u012bjums ir gar\u0161u izp\u0113t\u0113, piesaistot piedz\u012bvojumu k\u0101rus, kas v\u0113las izm\u0113\u0123in\u0101t kaut ko jaunu.<\/li>\n<\/ul>\n<hr \/>\n<h3>Pikant\u0101 zemesriekstu sviesta FAQ<\/h3>\n<ol>\n<li><strong>K\u0101p\u0113c izv\u0113l\u0113ties m\u016bs sav\u0101m vajadz\u012bb\u0101m p\u0113c pikanta zemesriekstu sviesta?<\/strong><br \/>\nM\u0113s pied\u0101v\u0101jam visaptvero\u0161us OEM pakalpojumus ar piln\u0101m piel\u0101go\u0161anas iesp\u0113j\u0101m, nodro\u0161inot, ka katrs produkts lieliski atbilst j\u016bsu z\u012bmola redz\u0113jumam un tirgus pras\u012bb\u0101m.<\/li>\n<li><strong>Vai varat piel\u0101got pikantuma l\u012bmeni un izveidot patent\u0113tu formulu?<\/strong><br \/>\nPiln\u012bgi noteikti! M\u0113s varam piel\u0101got pikantu no maigas l\u012bdz \u012bpa\u0161i karstai un izstr\u0101d\u0101t unik\u0101lus sast\u0101vus tikai j\u016bsu z\u012bmolam.<\/li>\n<li><strong>K\u0101das iepako\u0161anas un sertifik\u0101cijas iesp\u0113jas j\u016bs pied\u0101v\u0101jat?<\/strong><br \/>\nM\u0113s pied\u0101v\u0101jam pla\u0161u iepako\u0161anas risin\u0101jumu kl\u0101stu\u00a0\u2014 burkas, pudeles, kartona k\u0101rbas, mucas, spai\u0146us, izspie\u017eamos maisi\u0146us un lielapjoma konteinerus\u00a0\u2014 tas viss ir piel\u0101gojams atbilsto\u0161i j\u016bsu z\u012bmolam. Turkl\u0101t mums ir sertifik\u0101ti, piem\u0113ram, HACCP, Kosher, Halal un BRCGS, kas nodro\u0161ina m\u016bsu produktu atbilst\u012bbu starptautiskajiem standartiem.<\/li>\n<li><strong>Vai j\u016bs pied\u0101v\u0101jat organisko pikanto zemesriekstu sviestu un paraugu partijas?<\/strong><br \/>\nJ\u0101, m\u0113s ra\u017eojam ES organisko sertific\u0113tu pikanto zemesriekstu sviestu, kas izgatavots no dab\u012bg\u0101m sast\u0101vda\u013c\u0101m pat\u0113r\u0113t\u0101jiem, kas apzin\u0101s vesel\u012bbu. Turkl\u0101t m\u0113s pied\u0101v\u0101jam paraugu partijas, lai j\u016bs var\u0113tu p\u0101rbaud\u012bt produktu pirms liela pas\u016bt\u012bjuma veik\u0161anas.<\/li>\n<li><strong>K\u0101 j\u016bs nodro\u0161in\u0101t kvalit\u0101ti un k\u0101di ir j\u016bsu izpildes laiki?<\/strong><br \/>\nM\u016bsu stingr\u0101 p\u0101rbaude m\u016bsu iek\u0161\u0113j\u0101 laboratorij\u0101 apvienojum\u0101 ar efekt\u012bvu lo\u0123istiku garant\u0113 nemain\u012bgu kvalit\u0101ti. M\u0113s ar\u012b nodro\u0161in\u0101m \u0101tru izpildes laiku, pamatojoties uz pas\u016bt\u012bjuma apjomu un galam\u0113r\u0137i.<\/li>\n<li><strong>Vai j\u016bs eksport\u0113jat vis\u0101 pasaul\u0113?<\/strong><br \/>\nJ\u0101, mums ir liela pieredze eksport\u0113\u0161an\u0101 vis\u0101 pasaul\u0113, p\u0101rvaldot visus nepiecie\u0161amos dokumentus un noteikumus, lai nodro\u0161in\u0101tu vienm\u0113r\u012bgu pieg\u0101di.<\/li>\n<\/ol>\n<hr \/>\n<h3><img loading=\"lazy\" decoding=\"async\" class=\"alignnone wp-image-1677 size-full\" src=\"https:\/\/www.peanutoem.com\/wp-content\/uploads\/2024\/09\/Spicy-Peanut-Butter-Spread-on-Food.webp\" alt=\"Pikant\u0101 zemesriekstu sviesta sm\u0113rviela uz p\u0101rtikas\" width=\"896\" height=\"1152\" srcset=\"https:\/\/www.peanutoem.com\/wp-content\/uploads\/2024\/09\/Spicy-Peanut-Butter-Spread-on-Food.webp 896w, https:\/\/www.peanutoem.com\/wp-content\/uploads\/2024\/09\/Spicy-Peanut-Butter-Spread-on-Food-233x300.webp 233w, https:\/\/www.peanutoem.com\/wp-content\/uploads\/2024\/09\/Spicy-Peanut-Butter-Spread-on-Food-796x1024.webp 796w, https:\/\/www.peanutoem.com\/wp-content\/uploads\/2024\/09\/Spicy-Peanut-Butter-Spread-on-Food-768x987.webp 768w, https:\/\/www.peanutoem.com\/wp-content\/uploads\/2024\/09\/Spicy-Peanut-Butter-Spread-on-Food-9x12.webp 9w, https:\/\/www.peanutoem.com\/wp-content\/uploads\/2024\/09\/Spicy-Peanut-Butter-Spread-on-Food-600x771.webp 600w\" sizes=\"auto, (max-width: 896px) 100vw, 896px\" \/><\/h3>\n<a href=\"mailto:globepeanut@gmail.com\" class=\"button primary is-primary is-medium\"  >\n    <span>Nos\u016btiet mums e-pastu<\/span>\n  <\/a>","protected":false},"excerpt":{"rendered":"<table width=\"564\">\n<tbody>\n<tr>\n<td width=\"113\"><strong>Produkta nosaukums<\/strong><\/td>\n<td width=\"402\">Pikantais zemesriekstu sviests<\/td>\n<\/tr>\n<tr>\n<td width=\"113\"><strong>Specifik\u0101cijas<\/strong><\/td>\n<td width=\"402\">200gx36, 227gx24, 340gx12, 375x12, 500gx12, 510gx12, 1kgx12, 10kgx1, 20kgx1, 220kgx1<\/td>\n<\/tr>\n<tr>\n<td width=\"113\"><strong>Iepakojuma forma<\/strong><\/td>\n<td width=\"402\">Burka, spainis, doja iepakojums, soma, kartona k\u0101rba, sk\u0101rda, muca, k\u0101rba, pudele utt<\/td>\n<\/tr>\n<tr>\n<td width=\"113\"><strong>Pieg\u0101des laiks<\/strong><\/td>\n<td width=\"402\">7-20 dienas p\u0113c pas\u016bt\u012bjuma<\/td>\n<\/tr>\n<tr>\n<td width=\"113\"><strong>MOQ<\/strong><\/td>\n<td width=\"402\">Viena tonna<\/td>\n<\/tr>\n<tr>\n<td width=\"113\"><strong>Paraugs<\/strong><\/td>\n<td width=\"402\">Pieejams bezmaksas paraugs<\/td>\n<\/tr>\n<tr>\n<td width=\"113\"><strong>OEM<\/strong><\/td>\n<td width=\"402\">Pirc\u0113ja eti\u0137ete pie\u0146emta<\/td>\n<\/tr>\n<\/tbody>\n<\/table>","protected":false},"featured_media":1668,"comment_status":"open","ping_status":"closed","template":"","meta":[],"product_cat":[15],"product_tag":[],"class_list":{"0":"post-1637","1":"product","2":"type-product","3":"status-publish","4":"has-post-thumbnail","6":"product_cat-peanut-butter","8":"first","9":"instock","10":"shipping-taxable","11":"product-type-simple"},"yoast_head":"<!-- This site is optimized with the Yoast SEO plugin v24.9 - https:\/\/yoast.com\/wordpress\/plugins\/seo\/ -->\n<title>Spicy Peanut Butter China Manufacturer OEM - Peanut Butter Factory<\/title>\n<meta name=\"description\" content=\"Leading spicy peanut butter OEM private label manufacturer and exporter. Order your premium quality, custom-made spicy peanut butter.\" \/>\n<meta name=\"robots\" content=\"index, follow, max-snippet:-1, max-image-preview:large, max-video-preview:-1\" \/>\n<link rel=\"canonical\" href=\"https:\/\/www.peanutoem.com\/lv\/manufacturer\/spicy-peanut-butter\/\" \/>\n<meta property=\"og:locale\" content=\"lv_LV\" \/>\n<meta property=\"og:type\" content=\"article\" \/>\n<meta property=\"og:title\" content=\"Spicy Peanut Butter China Manufacturer OEM - Peanut Butter Factory\" \/>\n<meta property=\"og:description\" content=\"Leading spicy peanut butter OEM private label manufacturer and exporter. Order your premium quality, custom-made spicy peanut butter.\" \/>\n<meta property=\"og:url\" content=\"https:\/\/www.peanutoem.com\/lv\/manufacturer\/spicy-peanut-butter\/\" \/>\n<meta property=\"og:site_name\" content=\"Peanut Butter Factory\" \/>\n<meta property=\"article:modified_time\" content=\"2024-10-06T09:58:03+00:00\" \/>\n<meta property=\"og:image\" content=\"https:\/\/www.peanutoem.com\/wp-content\/uploads\/2024\/09\/Spicy-Peanut-Butter.webp\" \/>\n\t<meta property=\"og:image:width\" content=\"1000\" \/>\n\t<meta property=\"og:image:height\" content=\"1000\" \/>\n\t<meta property=\"og:image:type\" content=\"image\/webp\" \/>\n<meta name=\"twitter:card\" content=\"summary_large_image\" \/>\n<meta name=\"twitter:label1\" content=\"Est. reading time\" \/>\n\t<meta name=\"twitter:data1\" content=\"4 min\u016btes\" \/>\n<script type=\"application\/ld+json\" class=\"yoast-schema-graph\">{\"@context\":\"https:\/\/schema.org\",\"@graph\":[{\"@type\":\"WebPage\",\"@id\":\"https:\/\/www.peanutoem.com\/manufacturer\/spicy-peanut-butter\/\",\"url\":\"https:\/\/www.peanutoem.com\/manufacturer\/spicy-peanut-butter\/\",\"name\":\"Spicy Peanut Butter China Manufacturer OEM - Peanut Butter Factory\",\"isPartOf\":{\"@id\":\"https:\/\/www.peanutoem.com\/#website\"},\"primaryImageOfPage\":{\"@id\":\"https:\/\/www.peanutoem.com\/manufacturer\/spicy-peanut-butter\/#primaryimage\"},\"image\":{\"@id\":\"https:\/\/www.peanutoem.com\/manufacturer\/spicy-peanut-butter\/#primaryimage\"},\"thumbnailUrl\":\"https:\/\/www.peanutoem.com\/wp-content\/uploads\/2024\/09\/Spicy-Peanut-Butter.webp\",\"datePublished\":\"2024-09-10T12:28:30+00:00\",\"dateModified\":\"2024-10-06T09:58:03+00:00\",\"description\":\"Leading spicy peanut butter OEM private label manufacturer and exporter. Order your premium quality, custom-made spicy peanut butter.\",\"breadcrumb\":{\"@id\":\"https:\/\/www.peanutoem.com\/manufacturer\/spicy-peanut-butter\/#breadcrumb\"},\"inLanguage\":\"lv-LV\",\"potentialAction\":[{\"@type\":\"ReadAction\",\"target\":[\"https:\/\/www.peanutoem.com\/manufacturer\/spicy-peanut-butter\/\"]}]},{\"@type\":\"ImageObject\",\"inLanguage\":\"lv-LV\",\"@id\":\"https:\/\/www.peanutoem.com\/manufacturer\/spicy-peanut-butter\/#primaryimage\",\"url\":\"https:\/\/www.peanutoem.com\/wp-content\/uploads\/2024\/09\/Spicy-Peanut-Butter.webp\",\"contentUrl\":\"https:\/\/www.peanutoem.com\/wp-content\/uploads\/2024\/09\/Spicy-Peanut-Butter.webp\",\"width\":1000,\"height\":1000,\"caption\":\"Spicy Peanut Butter\"},{\"@type\":\"BreadcrumbList\",\"@id\":\"https:\/\/www.peanutoem.com\/manufacturer\/spicy-peanut-butter\/#breadcrumb\",\"itemListElement\":[{\"@type\":\"ListItem\",\"position\":1,\"name\":\"Home\",\"item\":\"https:\/\/www.peanutoem.com\/\"},{\"@type\":\"ListItem\",\"position\":2,\"name\":\"Products\",\"item\":\"https:\/\/www.peanutoem.com\/shop\/\"},{\"@type\":\"ListItem\",\"position\":3,\"name\":\"Spicy Peanut Butter\"}]},{\"@type\":\"WebSite\",\"@id\":\"https:\/\/www.peanutoem.com\/#website\",\"url\":\"https:\/\/www.peanutoem.com\/\",\"name\":\"Peanut Butter Factory\",\"description\":\"Peanut Butter Manufacturer and Roast Peanut OEM Factory | Peanut Private Label China Supplier\",\"publisher\":{\"@id\":\"https:\/\/www.peanutoem.com\/#organization\"},\"alternateName\":\"Peanut Butter OEM and Wholesale\",\"potentialAction\":[{\"@type\":\"SearchAction\",\"target\":{\"@type\":\"EntryPoint\",\"urlTemplate\":\"https:\/\/www.peanutoem.com\/?s={search_term_string}\"},\"query-input\":{\"@type\":\"PropertyValueSpecification\",\"valueRequired\":true,\"valueName\":\"search_term_string\"}}],\"inLanguage\":\"lv-LV\"},{\"@type\":\"Organization\",\"@id\":\"https:\/\/www.peanutoem.com\/#organization\",\"name\":\"Peanut Butter Factory\",\"alternateName\":\"JuFeng Group\",\"url\":\"https:\/\/www.peanutoem.com\/\",\"logo\":{\"@type\":\"ImageObject\",\"inLanguage\":\"lv-LV\",\"@id\":\"https:\/\/www.peanutoem.com\/#\/schema\/logo\/image\/\",\"url\":\"https:\/\/www.peanutoem.com\/wp-content\/uploads\/2024\/09\/JUFENG-LOGO.png\",\"contentUrl\":\"https:\/\/www.peanutoem.com\/wp-content\/uploads\/2024\/09\/JUFENG-LOGO.png\",\"width\":600,\"height\":170,\"caption\":\"Peanut Butter Factory\"},\"image\":{\"@id\":\"https:\/\/www.peanutoem.com\/#\/schema\/logo\/image\/\"}}]}<\/script>\n<!-- \/ Yoast SEO plugin. -->","yoast_head_json":{"title":"Spicy Peanut Butter China Manufacturer OEM - Peanut Butter Factory","description":"Leading spicy peanut butter OEM private label manufacturer and exporter. Order your premium quality, custom-made spicy peanut butter.","robots":{"index":"index","follow":"follow","max-snippet":"max-snippet:-1","max-image-preview":"max-image-preview:large","max-video-preview":"max-video-preview:-1"},"canonical":"https:\/\/www.peanutoem.com\/lv\/manufacturer\/spicy-peanut-butter\/","og_locale":"lv_LV","og_type":"article","og_title":"Spicy Peanut Butter China Manufacturer OEM - Peanut Butter Factory","og_description":"Leading spicy peanut butter OEM private label manufacturer and exporter. Order your premium quality, custom-made spicy peanut butter.","og_url":"https:\/\/www.peanutoem.com\/lv\/manufacturer\/spicy-peanut-butter\/","og_site_name":"Peanut Butter Factory","article_modified_time":"2024-10-06T09:58:03+00:00","og_image":[{"width":1000,"height":1000,"url":"https:\/\/www.peanutoem.com\/wp-content\/uploads\/2024\/09\/Spicy-Peanut-Butter.webp","type":"image\/webp"}],"twitter_card":"summary_large_image","twitter_misc":{"Est. reading time":"4 min\u016btes"},"schema":{"@context":"https:\/\/schema.org","@graph":[{"@type":"WebPage","@id":"https:\/\/www.peanutoem.com\/manufacturer\/spicy-peanut-butter\/","url":"https:\/\/www.peanutoem.com\/manufacturer\/spicy-peanut-butter\/","name":"Spicy Peanut Butter China Manufacturer OEM - Peanut Butter Factory","isPartOf":{"@id":"https:\/\/www.peanutoem.com\/#website"},"primaryImageOfPage":{"@id":"https:\/\/www.peanutoem.com\/manufacturer\/spicy-peanut-butter\/#primaryimage"},"image":{"@id":"https:\/\/www.peanutoem.com\/manufacturer\/spicy-peanut-butter\/#primaryimage"},"thumbnailUrl":"https:\/\/www.peanutoem.com\/wp-content\/uploads\/2024\/09\/Spicy-Peanut-Butter.webp","datePublished":"2024-09-10T12:28:30+00:00","dateModified":"2024-10-06T09:58:03+00:00","description":"Leading spicy peanut butter OEM private label manufacturer and exporter. Order your premium quality, custom-made spicy peanut butter.","breadcrumb":{"@id":"https:\/\/www.peanutoem.com\/manufacturer\/spicy-peanut-butter\/#breadcrumb"},"inLanguage":"lv-LV","potentialAction":[{"@type":"ReadAction","target":["https:\/\/www.peanutoem.com\/manufacturer\/spicy-peanut-butter\/"]}]},{"@type":"ImageObject","inLanguage":"lv-LV","@id":"https:\/\/www.peanutoem.com\/manufacturer\/spicy-peanut-butter\/#primaryimage","url":"https:\/\/www.peanutoem.com\/wp-content\/uploads\/2024\/09\/Spicy-Peanut-Butter.webp","contentUrl":"https:\/\/www.peanutoem.com\/wp-content\/uploads\/2024\/09\/Spicy-Peanut-Butter.webp","width":1000,"height":1000,"caption":"Spicy Peanut Butter"},{"@type":"BreadcrumbList","@id":"https:\/\/www.peanutoem.com\/manufacturer\/spicy-peanut-butter\/#breadcrumb","itemListElement":[{"@type":"ListItem","position":1,"name":"Home","item":"https:\/\/www.peanutoem.com\/"},{"@type":"ListItem","position":2,"name":"Products","item":"https:\/\/www.peanutoem.com\/shop\/"},{"@type":"ListItem","position":3,"name":"Spicy Peanut Butter"}]},{"@type":"WebSite","@id":"https:\/\/www.peanutoem.com\/#website","url":"https:\/\/www.peanutoem.com\/","name":"Peanut Butter Factory","description":"Peanut Butter Manufacturer and Roast Peanut OEM Factory | Peanut Private Label China Supplier","publisher":{"@id":"https:\/\/www.peanutoem.com\/#organization"},"alternateName":"Peanut Butter OEM and Wholesale","potentialAction":[{"@type":"SearchAction","target":{"@type":"EntryPoint","urlTemplate":"https:\/\/www.peanutoem.com\/?s={search_term_string}"},"query-input":{"@type":"PropertyValueSpecification","valueRequired":true,"valueName":"search_term_string"}}],"inLanguage":"lv-LV"},{"@type":"Organization","@id":"https:\/\/www.peanutoem.com\/#organization","name":"Peanut Butter Factory","alternateName":"JuFeng Group","url":"https:\/\/www.peanutoem.com\/","logo":{"@type":"ImageObject","inLanguage":"lv-LV","@id":"https:\/\/www.peanutoem.com\/#\/schema\/logo\/image\/","url":"https:\/\/www.peanutoem.com\/wp-content\/uploads\/2024\/09\/JUFENG-LOGO.png","contentUrl":"https:\/\/www.peanutoem.com\/wp-content\/uploads\/2024\/09\/JUFENG-LOGO.png","width":600,"height":170,"caption":"Peanut Butter Factory"},"image":{"@id":"https:\/\/www.peanutoem.com\/#\/schema\/logo\/image\/"}}]}},"_links":{"self":[{"href":"https:\/\/www.peanutoem.com\/lv\/wp-json\/wp\/v2\/product\/1637","targetHints":{"allow":["GET"]}}],"collection":[{"href":"https:\/\/www.peanutoem.com\/lv\/wp-json\/wp\/v2\/product"}],"about":[{"href":"https:\/\/www.peanutoem.com\/lv\/wp-json\/wp\/v2\/types\/product"}],"replies":[{"embeddable":true,"href":"https:\/\/www.peanutoem.com\/lv\/wp-json\/wp\/v2\/comments?post=1637"}],"wp:featuredmedia":[{"embeddable":true,"href":"https:\/\/www.peanutoem.com\/lv\/wp-json\/wp\/v2\/media\/1668"}],"wp:attachment":[{"href":"https:\/\/www.peanutoem.com\/lv\/wp-json\/wp\/v2\/media?parent=1637"}],"wp:term":[{"taxonomy":"product_cat","embeddable":true,"href":"https:\/\/www.peanutoem.com\/lv\/wp-json\/wp\/v2\/product_cat?post=1637"},{"taxonomy":"product_tag","embeddable":true,"href":"https:\/\/www.peanutoem.com\/lv\/wp-json\/wp\/v2\/product_tag?post=1637"}],"curies":[{"name":"wp","href":"https:\/\/api.w.org\/{rel}","templated":true}]}}