{"id":1638,"date":"2024-09-10T12:30:11","date_gmt":"2024-09-10T12:30:11","guid":{"rendered":"https:\/\/www.peanutoem.com\/?post_type=product&#038;p=1638"},"modified":"2024-10-06T09:55:00","modified_gmt":"2024-10-06T09:55:00","slug":"chocolate-peanut-butter","status":"publish","type":"product","link":"https:\/\/www.peanutoem.com\/lv\/manufacturer\/chocolate-peanut-butter\/","title":{"rendered":"\u0160okol\u0101des zemesriekstu sviests"},"content":{"rendered":"<h3>Kas ir \u0161okol\u0101des zemesriekstu sviests?<\/h3>\n<p>\u0160okol\u0101des zemesriekstu sviests ir gar\u0161\u012bga kr\u0113mveida zemesriekstu sviesta un bag\u0101t\u012bga sapl\u016b\u0161ana <a href=\"https:\/\/en.wikipedia.org\/wiki\/Chocolate\" target=\"_blank\" rel=\"noopener\">\u0161okol\u0101de<\/a>, radot saldu un pikantu sm\u0113r\u0113jumu, kas pat\u012bk visda\u017e\u0101d\u0101kaj\u0101m gar\u0161as v\u0113lm\u0113m. \u0160is br\u012bni\u0161\u0137\u012bgais mais\u012bjums ir lieliski piem\u0113rots sm\u0113r\u0113\u0161anai uz maizes, lieto\u0161anai desertos vai vienk\u0101r\u0161i baud\u012b\u0161anai pa karotei. Zemesriekstu un \u0161okol\u0101des kombin\u0101cija pied\u0101v\u0101 sabalans\u0113tu gardumu, kas apmierina gan riekstu sviesta entuziastus, gan \u0161okol\u0101des cien\u012bt\u0101jus.<\/p>\n<h3>K\u0101di ir citi zemesriekstu sviesta \u0161okol\u0101des nosaukumi?<\/h3>\n<p>\u0160okol\u0101des zemesriekstu sviests bie\u017ei tiek apz\u012bm\u0113ts ar da\u017e\u0101diem nosaukumiem, pamatojoties uz t\u0101 gar\u0161u un lietojumu. Da\u017ei alternat\u012bvi nosaukumi ietver:<\/p>\n<ul>\n<li>Zemesriekstu sviests ar \u0161okol\u0101des gar\u0161u<\/li>\n<li>Kakao zemesriekstu sviesta sm\u0113r\u0113jums<\/li>\n<li>Kakao zemesriekstu sviests<\/li>\n<li>\u0160okol\u0101des-zemesriekstu sm\u0113r\u0113jums<\/li>\n<li>Zemesriekstu sviests ar \u0161okol\u0101di<\/li>\n<li>Riekstu \u0161okol\u0101des sm\u0113r\u0113jums<\/li>\n<li>Zemesriekstu sviests ar \u0161okol\u0101di<\/li>\n<li>Riekstu \u0161okol\u0101des sm\u0113r\u0113jums<\/li>\n<\/ul>\n<p>\u0160ie nosaukumi izce\u013c apburo\u0161o \u0161okol\u0101des un zemesriekstu sviesta sajaukumu, padarot to pievilc\u012bgu pat\u0113r\u0113t\u0101jiem da\u017e\u0101dos tirgos.<\/p>\n<h3><img loading=\"lazy\" decoding=\"async\" class=\"alignnone wp-image-1682 size-full\" src=\"https:\/\/www.peanutoem.com\/wp-content\/uploads\/2024\/09\/Chocolate-Peanut-Butter-on-Bread.webp\" alt=\"\u0160okol\u0101des zemesriekstu sviests uz maizes\" width=\"912\" height=\"1144\" srcset=\"https:\/\/www.peanutoem.com\/wp-content\/uploads\/2024\/09\/Chocolate-Peanut-Butter-on-Bread.webp 912w, https:\/\/www.peanutoem.com\/wp-content\/uploads\/2024\/09\/Chocolate-Peanut-Butter-on-Bread-239x300.webp 239w, https:\/\/www.peanutoem.com\/wp-content\/uploads\/2024\/09\/Chocolate-Peanut-Butter-on-Bread-816x1024.webp 816w, https:\/\/www.peanutoem.com\/wp-content\/uploads\/2024\/09\/Chocolate-Peanut-Butter-on-Bread-768x963.webp 768w, https:\/\/www.peanutoem.com\/wp-content\/uploads\/2024\/09\/Chocolate-Peanut-Butter-on-Bread-10x12.webp 10w, https:\/\/www.peanutoem.com\/wp-content\/uploads\/2024\/09\/Chocolate-Peanut-Butter-on-Bread-600x753.webp 600w\" sizes=\"auto, (max-width: 912px) 100vw, 912px\" \/><\/h3>\n<h3>K\u0101p\u0113c izv\u0113l\u0113ties m\u016bs par savu partneri pieg\u0101d\u0101t\u0101ju?<\/h3>\n<p>M\u0113s esam vado\u0161ais OEM priv\u0101to z\u012bmolu ra\u017eot\u0101js un \u0161okol\u0101des zemesriekstu sviesta eksport\u0113t\u0101js.<\/p>\n<ul>\n<li><strong>Piel\u0101go\u0161anas pieredze:<\/strong> M\u0113s pied\u0101v\u0101jam piln\u012bb\u0101 piel\u0101gotas formulas, kas atbilst j\u016bsu specifiskaj\u0101m gar\u0161as, tekst\u016bras un iepakojuma pras\u012bb\u0101m.<\/li>\n<li><strong>Premium sast\u0101vda\u013cas:<\/strong> Izmantojot tikai augst\u0101k\u0101s kvalit\u0101tes zemesriekstus un \u0161okol\u0101di.<\/li>\n<li><strong>Uzlabot\u0101 ra\u017eo\u0161ana:<\/strong> M\u016bsu vismodern\u0101k\u0101s iek\u0101rtas ir apr\u012bkotas ar jaun\u0101kaj\u0101m ra\u017eo\u0161anas l\u012bnij\u0101m no ASV, nodro\u0161inot nemain\u012bgu kvalit\u0101ti un efektivit\u0101ti katr\u0101 partij\u0101.<\/li>\n<li><strong>Sertifik\u0101cija un kvalit\u0101tes nodro\u0161in\u0101\u0161ana:<\/strong> Mums ir da\u017e\u0101di sertifik\u0101ti, tostarp BRCGS, Kosher, Halal un HACCP, kas garant\u0113 atbilst\u012bbu starptautiskajiem dro\u0161\u012bbas un kvalit\u0101tes standartiem.<\/li>\n<li><strong>Glob\u0101l\u0101 izplat\u012b\u0161ana:<\/strong> Ar milz\u012bgu pieredzi starptautiskaj\u0101 tirdzniec\u012bb\u0101 m\u0113s eksport\u0113jam \u0161okol\u0101des zemesriekstu sviestu uz tirgiem vis\u0101 pasaul\u0113, nodro\u0161inot vienm\u0113r\u012bgu lo\u0123istiku un savlaic\u012bgas pieg\u0101des.<\/li>\n<\/ul>\n<h3>Karst\u0101s t\u0113mas<\/h3>\n<div class=\"group\/conversation-turn relative flex w-full min-w-0 flex-col agent-turn\">\n<div class=\"flex-col gap-1 md:gap-3\">\n<div class=\"flex max-w-full flex-col flex-grow\">\n<div class=\"min-h-8 text-message flex w-full flex-col items-end gap-2 whitespace-normal break-words [.text-message+&amp;]:mt-5\" dir=\"auto\" data-message-author-role=\"assistant\" data-message-id=\"61c5f9c1-377c-4081-b461-888734723e68\">\n<div class=\"flex w-full flex-col gap-1 empty:hidden first:pt-[3px]\">\n<div class=\"markdown prose w-full break-words dark:prose-invert dark\">\n<ul>\n<li><span style=\"color: #282828;\"><strong>Desertos<\/strong><\/span><br \/>\n<span style=\"color: #282828;\">Zemesriekstu sviests ar \u0161okol\u0101di kalpo k\u0101 daudzpus\u012bga sast\u0101vda\u013ca, kas iev\u0113rojami uzlabo desertu, piem\u0113ram, k\u016bku, brauniju un sald\u0113juma kvalit\u0101ti un gar\u0161u. T\u0101 kr\u0113m\u012bg\u0101 tekst\u016bra un bag\u0101t\u012bg\u0101 gar\u0161a padara to par lielisku kompanjonu konditorejas izstr\u0101d\u0101jumiem un konditorejas izstr\u0101d\u0101jumiem.<\/span><\/li>\n<li><span style=\"color: #282828;\"><strong>Ieguvumi vesel\u012bbai<\/strong><\/span><br \/>\n<span style=\"color: #282828;\">Papildus neatvair\u0101mam gar\u0161umam \u0161\u012b pasta ir bag\u0101ta ar olbaltumviel\u0101m, vesel\u012bgiem taukiem un \u0161\u0137iedrviel\u0101m, nodro\u0161inot organismam uzturv\u0113rt\u012bbu. Izstr\u0101d\u0101ts ar tum\u0161o \u0161okol\u0101di, tas pie\u0161\u0137ir antioksidanta \u012bpa\u0161\u012bbas, pie\u0161\u0137irot produktam vesel\u012bgu pievilc\u012bbu, kas piesaista pat\u0113r\u0113t\u0101jus, kas apzin\u0101s vesel\u012bbu.<\/span><\/li>\n<li><span style=\"color: #282828;\"><strong>Glob\u0101l\u0101 popularit\u0101te<\/strong><\/span><br \/>\n<span style=\"color: #282828;\">T\u0101 k\u0101 pat\u0113r\u0113t\u0101ji arvien vair\u0101k mekl\u0113 uzkodas, kas apmierina vi\u0146u gar\u0161as k\u0101rpi\u0146as, vienlaikus ir ar\u012b barojo\u0161as, \u0161okol\u0101des zemesriekstu sviests ir ieguvis milz\u012bgu popularit\u0101ti pasaules tirg\u016b. Tas veiksm\u012bgi apvieno gar\u0161u un uzturv\u0113rt\u012bbu, izpelnoties pla\u0161u apbr\u012bnu gan no b\u0113rniem, gan pieaugu\u0161ajiem.<\/span><\/li>\n<li><span style=\"color: #282828;\"><strong>Rado\u0161i lietojumi<\/strong><\/span><br \/>\n<span style=\"color: #282828;\">Papildus tradicion\u0101lajiem p\u0101riem, piem\u0113ram, grauzdi\u0146iem vai sviestmaiz\u0113m, \u0161o sast\u0101vda\u013cu var rado\u0161i iek\u013caut koktei\u013cos, ener\u0123ijas batoni\u0146os vai izmantot k\u0101 konditorejas izstr\u0101d\u0101jumu pild\u012bjumu. T\u0101 unik\u0101l\u0101 gar\u0161as piel\u0101go\u0161an\u0101s sp\u0113ja \u013cauj tai sp\u012bd\u0113t gan saldos, gan s\u0101\u013cos \u0113dienos, padarot to par pamatelementu daudz\u0101s m\u0101jas virtuv\u0113s.<\/span><\/li>\n<\/ul>\n<\/div>\n<\/div>\n<\/div>\n<\/div>\n<\/div>\n<\/div>\n<hr \/>\n<h3><img loading=\"lazy\" decoding=\"async\" class=\"alignnone wp-image-1683 size-full\" src=\"https:\/\/www.peanutoem.com\/wp-content\/uploads\/2024\/09\/Chocolate-Peanut-Butter-Served.webp\" alt=\"Pasniedz \u0161okol\u0101des zemesriekstu sviestu\" width=\"896\" height=\"1152\" srcset=\"https:\/\/www.peanutoem.com\/wp-content\/uploads\/2024\/09\/Chocolate-Peanut-Butter-Served.webp 896w, https:\/\/www.peanutoem.com\/wp-content\/uploads\/2024\/09\/Chocolate-Peanut-Butter-Served-233x300.webp 233w, https:\/\/www.peanutoem.com\/wp-content\/uploads\/2024\/09\/Chocolate-Peanut-Butter-Served-796x1024.webp 796w, https:\/\/www.peanutoem.com\/wp-content\/uploads\/2024\/09\/Chocolate-Peanut-Butter-Served-768x987.webp 768w, https:\/\/www.peanutoem.com\/wp-content\/uploads\/2024\/09\/Chocolate-Peanut-Butter-Served-9x12.webp 9w, https:\/\/www.peanutoem.com\/wp-content\/uploads\/2024\/09\/Chocolate-Peanut-Butter-Served-600x771.webp 600w\" sizes=\"auto, (max-width: 896px) 100vw, 896px\" \/><\/h3>\n<h3>\u0160okol\u0101des zemesriekstu sviesta FAQ<\/h3>\n<ol>\n<li><strong>K\u0101das ir j\u016bsu galven\u0101s konkurences priek\u0161roc\u012bbas k\u0101 vado\u0161ajam OEM ra\u017eot\u0101jam?<\/strong><br \/>\nM\u0113s izce\u013camies ar to, ka pied\u0101v\u0101jam daudzveid\u012bgus piel\u0101go\u0161anas pakalpojumus, atlas\u0101m augstas kvalit\u0101tes sast\u0101vda\u013cas un izmantojam progres\u012bvas ra\u017eo\u0161anas tehnolo\u0123ijas. Tas nodro\u0161ina, ka katra zemesriekstu sviesta partija ir izcila tirg\u016b un atbilst m\u016bsu klientu unik\u0101laj\u0101m vajadz\u012bb\u0101m.<\/li>\n<li><strong>Vai varat piel\u0101got \u0161okol\u0101des un zemesriekstu attiec\u012bbu atbilsto\u0161i man\u0101m specifik\u0101cij\u0101m un izveidot piel\u0101gotu formulu manam z\u012bmolam?<\/strong><br \/>\nPiln\u012bgi noteikti! M\u0113s pied\u0101v\u0101jam visaptvero\u0161us gar\u0161as piel\u0101go\u0161anas pakalpojumus, lai pal\u012bdz\u0113tu jums atrast perfektu l\u012bdzsvaru starp \u0161okol\u0101di un zemesriekstiem, vienlaikus izstr\u0101d\u0101jot unik\u0101lu formulu, kas uzlabo j\u016bsu z\u012bmola konkur\u0113tsp\u0113ju tirg\u016b.<\/li>\n<li><strong>K\u0101das iepako\u0161anas iesp\u0113jas j\u016bs pied\u0101v\u0101jat?<\/strong><br \/>\nM\u0113s pied\u0101v\u0101jam da\u017e\u0101dus iepakojuma risin\u0101jumus, tostarp elegantas burkas, \u0113rtus izspie\u017eamus maisi\u0146us un lielapjoma uzglab\u0101\u0161anai piem\u0113rotus konteinerus. Visu iepakojumu var personaliz\u0113t, lai atspogu\u013cotu j\u016bsu z\u012bmola identit\u0101ti un m\u0101rketinga strat\u0113\u0123iju.<\/li>\n<li><strong>Vai j\u016bs pied\u0101v\u0101jat biolo\u0123isko \u0161okol\u0101des zemesriekstu sviestu, un k\u0101 j\u016bs nodro\u0161in\u0101t produkta kvalit\u0101ti?<\/strong><br \/>\nJ\u0101, m\u0113s ra\u017eojam ES biolo\u0123isko sertific\u0113tu zemesriekstu sviestu, kas izgatavots no sast\u0101vda\u013c\u0101m, kas atbilst biolo\u0123iskajiem standartiem. Turkl\u0101t m\u0113s esam izveidoju\u0161i stingru kvalit\u0101tes vad\u012bbas sist\u0113mu, tostarp iek\u0161\u0113jo laboratorijas test\u0113\u0161anu, lai nodro\u0161in\u0101tu, ka katra partija atbilst augst\u0101kajiem gar\u0161as, tekst\u016bras un dro\u0161\u012bbas standartiem.<\/li>\n<li><strong>Vai es varu piepras\u012bt paraugus degust\u0101cijai pirms liela pas\u016bt\u012bjuma veik\u0161anas, un vai j\u016bs atbalst\u0101t glob\u0101lo eksportu?<\/strong><br \/>\nNoteikti! M\u0113s esam priec\u012bgi sniegt paraugu partijas j\u016bsu nov\u0113rt\u0113\u0161anai pirms piln\u012bgas ra\u017eo\u0161anas. Turkl\u0101t mums ir liela pieredze glob\u0101laj\u0101 eksport\u0101, nodro\u0161inot, ka j\u016bsu produkti dro\u0161i un savlaic\u012bgi non\u0101k vis\u0101 pasaul\u0113.<\/li>\n<\/ol>\n<a href=\"mailto:globepeanut@gmail.com\" class=\"button primary is-primary is-medium\"  >\n    <span>Nos\u016btiet mums e-pastu<\/span>\n  <\/a>","protected":false},"excerpt":{"rendered":"<table width=\"564\">\n<tbody>\n<tr>\n<td width=\"113\"><strong>Produkta nosaukums<\/strong><\/td>\n<td width=\"402\">\u0160okol\u0101des zemesriekstu sviests<\/td>\n<\/tr>\n<tr>\n<td width=\"113\"><strong>Specifik\u0101cijas<\/strong><\/td>\n<td width=\"402\">200gx36, 227gx24, 340gx12, 375x12, 500gx12, 510gx12, 1kgx12, 10kgx1, 20kgx1, 220kgx1<\/td>\n<\/tr>\n<tr>\n<td width=\"113\"><strong>Iepakojuma forma<\/strong><\/td>\n<td width=\"402\">Burka, spainis, doja iepakojums, soma, kartona k\u0101rba, sk\u0101rda, muca, k\u0101rba, pudele utt<\/td>\n<\/tr>\n<tr>\n<td width=\"113\"><strong>Pieg\u0101des laiks<\/strong><\/td>\n<td width=\"402\">7-20 dienas p\u0113c pas\u016bt\u012bjuma<\/td>\n<\/tr>\n<tr>\n<td width=\"113\"><strong>MOQ<\/strong><\/td>\n<td width=\"402\">Viena tonna<\/td>\n<\/tr>\n<tr>\n<td width=\"113\"><strong>Paraugs<\/strong><\/td>\n<td width=\"402\">Pieejams bezmaksas paraugs<\/td>\n<\/tr>\n<tr>\n<td width=\"113\"><strong>OEM<\/strong><\/td>\n<td width=\"402\">Pirc\u0113ja eti\u0137ete pie\u0146emta<\/td>\n<\/tr>\n<\/tbody>\n<\/table>\n<p>&nbsp;<\/p>","protected":false},"featured_media":1671,"comment_status":"open","ping_status":"closed","template":"","meta":[],"product_cat":[15],"product_tag":[],"class_list":{"0":"post-1638","1":"product","2":"type-product","3":"status-publish","4":"has-post-thumbnail","6":"product_cat-peanut-butter","8":"first","9":"instock","10":"shipping-taxable","11":"product-type-simple"},"yoast_head":"<!-- This site is optimized with the Yoast SEO plugin v24.9 - https:\/\/yoast.com\/wordpress\/plugins\/seo\/ -->\n<title>Chocolate Peanut Butter Manufacturer OEM - China Peanut Butter Factory<\/title>\n<meta name=\"description\" content=\"Leading chocolate peanut butter OEM private label manufacturer and exporter. Discover premium, customized chocolate peanut butter from us.\" \/>\n<meta name=\"robots\" content=\"index, follow, max-snippet:-1, max-image-preview:large, max-video-preview:-1\" \/>\n<link rel=\"canonical\" href=\"https:\/\/www.peanutoem.com\/lv\/manufacturer\/chocolate-peanut-butter\/\" \/>\n<meta property=\"og:locale\" content=\"lv_LV\" \/>\n<meta property=\"og:type\" content=\"article\" \/>\n<meta property=\"og:title\" content=\"Chocolate Peanut Butter Manufacturer OEM - China Peanut Butter Factory\" \/>\n<meta property=\"og:description\" content=\"Leading chocolate peanut butter OEM private label manufacturer and exporter. Discover premium, customized chocolate peanut butter from us.\" \/>\n<meta property=\"og:url\" content=\"https:\/\/www.peanutoem.com\/lv\/manufacturer\/chocolate-peanut-butter\/\" \/>\n<meta property=\"og:site_name\" content=\"Peanut Butter Factory\" \/>\n<meta property=\"article:modified_time\" content=\"2024-10-06T09:55:00+00:00\" \/>\n<meta property=\"og:image\" content=\"https:\/\/www.peanutoem.com\/wp-content\/uploads\/2024\/09\/Peanut-Butter-Chocolate-Flavor.webp\" \/>\n\t<meta property=\"og:image:width\" content=\"819\" \/>\n\t<meta property=\"og:image:height\" content=\"975\" \/>\n\t<meta property=\"og:image:type\" content=\"image\/webp\" \/>\n<meta name=\"twitter:card\" content=\"summary_large_image\" \/>\n<meta name=\"twitter:label1\" content=\"Est. reading time\" \/>\n\t<meta name=\"twitter:data1\" content=\"4 min\u016btes\" \/>\n<script type=\"application\/ld+json\" class=\"yoast-schema-graph\">{\"@context\":\"https:\/\/schema.org\",\"@graph\":[{\"@type\":\"WebPage\",\"@id\":\"https:\/\/www.peanutoem.com\/manufacturer\/chocolate-peanut-butter\/\",\"url\":\"https:\/\/www.peanutoem.com\/manufacturer\/chocolate-peanut-butter\/\",\"name\":\"Chocolate Peanut Butter Manufacturer OEM - China Peanut Butter Factory\",\"isPartOf\":{\"@id\":\"https:\/\/www.peanutoem.com\/#website\"},\"primaryImageOfPage\":{\"@id\":\"https:\/\/www.peanutoem.com\/manufacturer\/chocolate-peanut-butter\/#primaryimage\"},\"image\":{\"@id\":\"https:\/\/www.peanutoem.com\/manufacturer\/chocolate-peanut-butter\/#primaryimage\"},\"thumbnailUrl\":\"https:\/\/www.peanutoem.com\/wp-content\/uploads\/2024\/09\/Peanut-Butter-Chocolate-Flavor.webp\",\"datePublished\":\"2024-09-10T12:30:11+00:00\",\"dateModified\":\"2024-10-06T09:55:00+00:00\",\"description\":\"Leading chocolate peanut butter OEM private label manufacturer and exporter. Discover premium, customized chocolate peanut butter from us.\",\"breadcrumb\":{\"@id\":\"https:\/\/www.peanutoem.com\/manufacturer\/chocolate-peanut-butter\/#breadcrumb\"},\"inLanguage\":\"lv-LV\",\"potentialAction\":[{\"@type\":\"ReadAction\",\"target\":[\"https:\/\/www.peanutoem.com\/manufacturer\/chocolate-peanut-butter\/\"]}]},{\"@type\":\"ImageObject\",\"inLanguage\":\"lv-LV\",\"@id\":\"https:\/\/www.peanutoem.com\/manufacturer\/chocolate-peanut-butter\/#primaryimage\",\"url\":\"https:\/\/www.peanutoem.com\/wp-content\/uploads\/2024\/09\/Peanut-Butter-Chocolate-Flavor.webp\",\"contentUrl\":\"https:\/\/www.peanutoem.com\/wp-content\/uploads\/2024\/09\/Peanut-Butter-Chocolate-Flavor.webp\",\"width\":819,\"height\":975,\"caption\":\"Peanut Butter Chocolate Flavor\"},{\"@type\":\"BreadcrumbList\",\"@id\":\"https:\/\/www.peanutoem.com\/manufacturer\/chocolate-peanut-butter\/#breadcrumb\",\"itemListElement\":[{\"@type\":\"ListItem\",\"position\":1,\"name\":\"Home\",\"item\":\"https:\/\/www.peanutoem.com\/\"},{\"@type\":\"ListItem\",\"position\":2,\"name\":\"Products\",\"item\":\"https:\/\/www.peanutoem.com\/shop\/\"},{\"@type\":\"ListItem\",\"position\":3,\"name\":\"Chocolate Peanut Butter\"}]},{\"@type\":\"WebSite\",\"@id\":\"https:\/\/www.peanutoem.com\/#website\",\"url\":\"https:\/\/www.peanutoem.com\/\",\"name\":\"Peanut Butter Factory\",\"description\":\"Peanut Butter Manufacturer and Roast Peanut OEM Factory | Peanut Private Label China Supplier\",\"publisher\":{\"@id\":\"https:\/\/www.peanutoem.com\/#organization\"},\"alternateName\":\"Peanut Butter OEM and Wholesale\",\"potentialAction\":[{\"@type\":\"SearchAction\",\"target\":{\"@type\":\"EntryPoint\",\"urlTemplate\":\"https:\/\/www.peanutoem.com\/?s={search_term_string}\"},\"query-input\":{\"@type\":\"PropertyValueSpecification\",\"valueRequired\":true,\"valueName\":\"search_term_string\"}}],\"inLanguage\":\"lv-LV\"},{\"@type\":\"Organization\",\"@id\":\"https:\/\/www.peanutoem.com\/#organization\",\"name\":\"Peanut Butter Factory\",\"alternateName\":\"JuFeng Group\",\"url\":\"https:\/\/www.peanutoem.com\/\",\"logo\":{\"@type\":\"ImageObject\",\"inLanguage\":\"lv-LV\",\"@id\":\"https:\/\/www.peanutoem.com\/#\/schema\/logo\/image\/\",\"url\":\"https:\/\/www.peanutoem.com\/wp-content\/uploads\/2024\/09\/JUFENG-LOGO.png\",\"contentUrl\":\"https:\/\/www.peanutoem.com\/wp-content\/uploads\/2024\/09\/JUFENG-LOGO.png\",\"width\":600,\"height\":170,\"caption\":\"Peanut Butter Factory\"},\"image\":{\"@id\":\"https:\/\/www.peanutoem.com\/#\/schema\/logo\/image\/\"}}]}<\/script>\n<!-- \/ Yoast SEO plugin. -->","yoast_head_json":{"title":"Chocolate Peanut Butter Manufacturer OEM - China Peanut Butter Factory","description":"Leading chocolate peanut butter OEM private label manufacturer and exporter. Discover premium, customized chocolate peanut butter from us.","robots":{"index":"index","follow":"follow","max-snippet":"max-snippet:-1","max-image-preview":"max-image-preview:large","max-video-preview":"max-video-preview:-1"},"canonical":"https:\/\/www.peanutoem.com\/lv\/manufacturer\/chocolate-peanut-butter\/","og_locale":"lv_LV","og_type":"article","og_title":"Chocolate Peanut Butter Manufacturer OEM - China Peanut Butter Factory","og_description":"Leading chocolate peanut butter OEM private label manufacturer and exporter. Discover premium, customized chocolate peanut butter from us.","og_url":"https:\/\/www.peanutoem.com\/lv\/manufacturer\/chocolate-peanut-butter\/","og_site_name":"Peanut Butter Factory","article_modified_time":"2024-10-06T09:55:00+00:00","og_image":[{"width":819,"height":975,"url":"https:\/\/www.peanutoem.com\/wp-content\/uploads\/2024\/09\/Peanut-Butter-Chocolate-Flavor.webp","type":"image\/webp"}],"twitter_card":"summary_large_image","twitter_misc":{"Est. reading time":"4 min\u016btes"},"schema":{"@context":"https:\/\/schema.org","@graph":[{"@type":"WebPage","@id":"https:\/\/www.peanutoem.com\/manufacturer\/chocolate-peanut-butter\/","url":"https:\/\/www.peanutoem.com\/manufacturer\/chocolate-peanut-butter\/","name":"Chocolate Peanut Butter Manufacturer OEM - China Peanut Butter Factory","isPartOf":{"@id":"https:\/\/www.peanutoem.com\/#website"},"primaryImageOfPage":{"@id":"https:\/\/www.peanutoem.com\/manufacturer\/chocolate-peanut-butter\/#primaryimage"},"image":{"@id":"https:\/\/www.peanutoem.com\/manufacturer\/chocolate-peanut-butter\/#primaryimage"},"thumbnailUrl":"https:\/\/www.peanutoem.com\/wp-content\/uploads\/2024\/09\/Peanut-Butter-Chocolate-Flavor.webp","datePublished":"2024-09-10T12:30:11+00:00","dateModified":"2024-10-06T09:55:00+00:00","description":"Leading chocolate peanut butter OEM private label manufacturer and exporter. Discover premium, customized chocolate peanut butter from us.","breadcrumb":{"@id":"https:\/\/www.peanutoem.com\/manufacturer\/chocolate-peanut-butter\/#breadcrumb"},"inLanguage":"lv-LV","potentialAction":[{"@type":"ReadAction","target":["https:\/\/www.peanutoem.com\/manufacturer\/chocolate-peanut-butter\/"]}]},{"@type":"ImageObject","inLanguage":"lv-LV","@id":"https:\/\/www.peanutoem.com\/manufacturer\/chocolate-peanut-butter\/#primaryimage","url":"https:\/\/www.peanutoem.com\/wp-content\/uploads\/2024\/09\/Peanut-Butter-Chocolate-Flavor.webp","contentUrl":"https:\/\/www.peanutoem.com\/wp-content\/uploads\/2024\/09\/Peanut-Butter-Chocolate-Flavor.webp","width":819,"height":975,"caption":"Peanut Butter Chocolate Flavor"},{"@type":"BreadcrumbList","@id":"https:\/\/www.peanutoem.com\/manufacturer\/chocolate-peanut-butter\/#breadcrumb","itemListElement":[{"@type":"ListItem","position":1,"name":"Home","item":"https:\/\/www.peanutoem.com\/"},{"@type":"ListItem","position":2,"name":"Products","item":"https:\/\/www.peanutoem.com\/shop\/"},{"@type":"ListItem","position":3,"name":"Chocolate Peanut Butter"}]},{"@type":"WebSite","@id":"https:\/\/www.peanutoem.com\/#website","url":"https:\/\/www.peanutoem.com\/","name":"Peanut Butter Factory","description":"Peanut Butter Manufacturer and Roast Peanut OEM Factory | Peanut Private Label China Supplier","publisher":{"@id":"https:\/\/www.peanutoem.com\/#organization"},"alternateName":"Peanut Butter OEM and Wholesale","potentialAction":[{"@type":"SearchAction","target":{"@type":"EntryPoint","urlTemplate":"https:\/\/www.peanutoem.com\/?s={search_term_string}"},"query-input":{"@type":"PropertyValueSpecification","valueRequired":true,"valueName":"search_term_string"}}],"inLanguage":"lv-LV"},{"@type":"Organization","@id":"https:\/\/www.peanutoem.com\/#organization","name":"Peanut Butter Factory","alternateName":"JuFeng Group","url":"https:\/\/www.peanutoem.com\/","logo":{"@type":"ImageObject","inLanguage":"lv-LV","@id":"https:\/\/www.peanutoem.com\/#\/schema\/logo\/image\/","url":"https:\/\/www.peanutoem.com\/wp-content\/uploads\/2024\/09\/JUFENG-LOGO.png","contentUrl":"https:\/\/www.peanutoem.com\/wp-content\/uploads\/2024\/09\/JUFENG-LOGO.png","width":600,"height":170,"caption":"Peanut Butter Factory"},"image":{"@id":"https:\/\/www.peanutoem.com\/#\/schema\/logo\/image\/"}}]}},"_links":{"self":[{"href":"https:\/\/www.peanutoem.com\/lv\/wp-json\/wp\/v2\/product\/1638","targetHints":{"allow":["GET"]}}],"collection":[{"href":"https:\/\/www.peanutoem.com\/lv\/wp-json\/wp\/v2\/product"}],"about":[{"href":"https:\/\/www.peanutoem.com\/lv\/wp-json\/wp\/v2\/types\/product"}],"replies":[{"embeddable":true,"href":"https:\/\/www.peanutoem.com\/lv\/wp-json\/wp\/v2\/comments?post=1638"}],"wp:featuredmedia":[{"embeddable":true,"href":"https:\/\/www.peanutoem.com\/lv\/wp-json\/wp\/v2\/media\/1671"}],"wp:attachment":[{"href":"https:\/\/www.peanutoem.com\/lv\/wp-json\/wp\/v2\/media?parent=1638"}],"wp:term":[{"taxonomy":"product_cat","embeddable":true,"href":"https:\/\/www.peanutoem.com\/lv\/wp-json\/wp\/v2\/product_cat?post=1638"},{"taxonomy":"product_tag","embeddable":true,"href":"https:\/\/www.peanutoem.com\/lv\/wp-json\/wp\/v2\/product_tag?post=1638"}],"curies":[{"name":"wp","href":"https:\/\/api.w.org\/{rel}","templated":true}]}}