{"id":1393,"date":"2023-06-08T07:38:38","date_gmt":"2023-06-08T07:38:38","guid":{"rendered":"https:\/\/www.peanutoem.com\/?post_type=product&#038;p=1393"},"modified":"2024-10-09T12:10:08","modified_gmt":"2024-10-09T12:10:08","slug":"salty-peanut-butter","status":"publish","type":"product","link":"https:\/\/www.peanutoem.com\/pl\/manufacturer\/salty-peanut-butter\/","title":{"rendered":"S\u0142one mas\u0142o orzechowe"},"content":{"rendered":"<h3>Wiod\u0105cy dostawca OEM i producent marek w\u0142asnych Salty <a href=\"https:\/\/www.peanutoem.com\/pl\/Wholesale\/peanut-butter\/\" target=\"_blank\" rel=\"noopener\">Mas\u0142o orzechowe<\/a><\/h3>\n<p>Z dum\u0105 oferujemy najwy\u017cszej jako\u015bci s\u0142one mas\u0142o orzechowe jako zaufany dostawca OEM, producent marek w\u0142asnych i globalny eksporter. Wykonane z idealnej r\u00f3wnowagi pra\u017conych orzech\u00f3w ziemnych i <a href=\"https:\/\/en.wikipedia.org\/wiki\/Salt\" target=\"_blank\" rel=\"noopener\">s\u00f3l<\/a>, zapewnia wytrawny smak idealny do przek\u0105sek i gotowania. Nasze w pe\u0142ni konfigurowalne rozwi\u0105zania produkcyjne umo\u017cliwiaj\u0105 markom tworzenie unikalnych wariant\u00f3w z elastycznym opakowaniem i rozmiarami zam\u00f3wie\u0144.<\/p>\n<h3>Czym jest s\u0142one mas\u0142o orzechowe?<\/h3>\n<p>S\u0142one mas\u0142o orzechowe to smaczna odmiana tradycyjnego mas\u0142a orzechowego, oferuj\u0105ca pikantny akcent z dodatkiem soli. Ten rodzaj mas\u0142a orzechowego jest atrakcyjny dla konsument\u00f3w poszukuj\u0105cych odwa\u017cniejszej, mniej s\u0142odkiej opcji. S\u00f3l wzmacnia naturalny orzechowy smak orzeszk\u00f3w ziemnych, dzi\u0119ki czemu jest to ulubiony sk\u0142adnik pikantnych przepis\u00f3w, smarowide\u0142 i przek\u0105sek.<\/p>\n<p><img loading=\"lazy\" decoding=\"async\" class=\"alignnone wp-image-1970 size-large\" src=\"https:\/\/www.peanutoem.com\/wp-content\/uploads\/2023\/06\/Seasalt-Peanut-Butter-200g-1-1024x461.webp\" alt=\"Mas\u0142o orzechowe z sol\u0105 morsk\u0105 200g\" width=\"1020\" height=\"459\" srcset=\"https:\/\/www.peanutoem.com\/wp-content\/uploads\/2023\/06\/Seasalt-Peanut-Butter-200g-1-1024x461.webp 1024w, https:\/\/www.peanutoem.com\/wp-content\/uploads\/2023\/06\/Seasalt-Peanut-Butter-200g-1-300x135.webp 300w, https:\/\/www.peanutoem.com\/wp-content\/uploads\/2023\/06\/Seasalt-Peanut-Butter-200g-1-768x346.webp 768w, https:\/\/www.peanutoem.com\/wp-content\/uploads\/2023\/06\/Seasalt-Peanut-Butter-200g-1-1536x691.webp 1536w, https:\/\/www.peanutoem.com\/wp-content\/uploads\/2023\/06\/Seasalt-Peanut-Butter-200g-1-2048x922.webp 2048w, https:\/\/www.peanutoem.com\/wp-content\/uploads\/2023\/06\/Seasalt-Peanut-Butter-200g-1-18x8.webp 18w, https:\/\/www.peanutoem.com\/wp-content\/uploads\/2023\/06\/Seasalt-Peanut-Butter-200g-1-600x270.webp 600w\" sizes=\"auto, (max-width: 1020px) 100vw, 1020px\" \/><\/p>\n<h3>Jakie s\u0105 inne nazwy?<\/h3>\n<p>S\u0142one mas\u0142o orzechowe mo\u017ce by\u0107 r\u00f3wnie\u017c okre\u015blane jako:<\/p>\n<ul>\n<li><strong>Pikantne mas\u0142o orzechowe<\/strong><\/li>\n<li><strong>Mas\u0142o orzechowe solone<\/strong><\/li>\n<li><strong>Mas\u0142o orzechowe z sol\u0105<\/strong><\/li>\n<li><strong>Mas\u0142o orzechowe z dodatkiem soli<\/strong><\/li>\n<\/ul>\n<p>Nazwy te podkre\u015blaj\u0105 wyj\u0105tkowy, s\u0142ony smak, kt\u00f3ry sprawia, \u017ce s\u0142one mas\u0142o orzechowe jest wyj\u0105tkowym i popularnym produktem.<\/p>\n<h3>Dlaczego warto wybra\u0107 nas jako swojego dostawc\u0119?<\/h3>\n<p>Jako zaufany dostawca OEM i producent marek w\u0142asnych oferujemy:<\/p>\n<ul>\n<li><strong>Dostosowywalne s\u0142one mas\u0142o orzechowe<\/strong>Produkty dostosowane do Twojej marki.<\/li>\n<li><strong>\u015awiatowy <a href=\"https:\/\/www.peanutoem.com\/pl\/certificate\/\" target=\"_blank\" rel=\"noopener\">Certyfikaty<\/a><\/strong>:Nasze standardy obejmuj\u0105 HACCP, BRCGS, Halal, Kosher i EU Organic, co gwarantuje najwy\u017csz\u0105 jako\u015b\u0107.<\/li>\n<li><strong>Wszechstronne opcje pakowania<\/strong>:Produkujemy produkty w r\u00f3\u017cnych rozmiarach, od s\u0142oik\u00f3w detalicznych po opakowania zbiorcze.<\/li>\n<li><strong>Globalne do\u015bwiadczenie w eksporcie<\/strong>:Zaopatrujemy niezawodnie rynki mi\u0119dzynarodowe.<\/li>\n<\/ul>\n<h3>Najcz\u0119\u015bciej zadawane pytania na temat mas\u0142a orzechowego z sol\u0105<\/h3>\n<ol>\n<li><strong>Co wyr\u00f3\u017cnia Twoje s\u0142one mas\u0142o orzechowe?<\/strong><br \/>\nDostarczamy najwy\u017cszej jako\u015bci, sp\u00f3jne mas\u0142o orzechowe z sol\u0105, z mo\u017cliwo\u015bci\u0105 dostosowania produkcji pod mark\u0105 w\u0142asn\u0105.<\/li>\n<li><strong>Jakich sk\u0142adnik\u00f3w u\u017cywasz?<\/strong><br \/>\nNasze s\u0142one mas\u0142o orzechowe zawiera wysokiej jako\u015bci pra\u017cone orzeszki ziemne oraz precyzyjnie odmierzon\u0105 ilo\u015b\u0107 soli, bez dodatk\u00f3w.<\/li>\n<li><strong>Czy mog\u0119 regulowa\u0107 zawarto\u015b\u0107 soli?<\/strong><br \/>\nTak, oferujemy elastyczno\u015b\u0107 w zakresie zawarto\u015bci soli, tak aby dopasowa\u0107 j\u0105 do profilu smakowego Twojej marki.<\/li>\n<li><strong>Jakie opcje pakowania s\u0105 dost\u0119pne?<\/strong><br \/>\nDostarczamy s\u0142oiki, wiaderka i saszetki w rozmiarach odpowiednich zar\u00f3wno do sprzeda\u017cy detalicznej, jak i hurtowej.<\/li>\n<li><strong>Jaki jest czas dostawy?<\/strong><br \/>\nDostawa trwa zazwyczaj od 7 do 20 dni, w zale\u017cno\u015bci od wielko\u015bci zam\u00f3wienia i specyfikacji.<\/li>\n<li><strong>Czy oferujecie us\u0142ugi marek w\u0142asnych?<\/strong><br \/>\nTak, specjalizujemy si\u0119 w us\u0142ugach marek w\u0142asnych z pe\u0142n\u0105 personalizacj\u0105 marki i opakowa\u0144.<\/li>\n<li><strong>Jaka jest minimalna ilo\u015b\u0107 zam\u00f3wienia (MOQ)?<\/strong><br \/>\nNasza minimalna ilo\u015b\u0107 zam\u00f3wienia wynosi jedn\u0105 ton\u0119, co zaspokaja potrzeby zar\u00f3wno du\u017cych, jak i mniejszych przedsi\u0119biorstw.<\/li>\n<\/ol>\n<h3>Odkryj wszechstronno\u015b\u0107 naszych produkt\u00f3w dostosowywanych do indywidualnych potrzeb<\/h3>\n<p>S\u0142one mas\u0142o orzechowe to wszechstronny wyb\u00f3r dla tych, kt\u00f3rzy szukaj\u0105 pikantnej alternatywy dla s\u0142odkich odmian. Jego wyj\u0105tkowy smak wzmacnia przek\u0105ski i gotowanie, dzi\u0119ki czemu doskonale nadaje si\u0119 do smarowania, dip\u00f3w i sos\u00f3w. Spe\u0142niamy rosn\u0105ce zapotrzebowanie na aromatyczne, wysokiej jako\u015bci opcje, oferuj\u0105c jednocze\u015bnie pe\u0142n\u0105 personalizacj\u0119 dostosowan\u0105 do Twoich potrzeb.<\/p>\n<p>Jako Tw\u00f3j niezawodny partner OEM i marek w\u0142asnych dostarczamy wysokiej jako\u015bci, konfigurowalne rozwi\u0105zania z mo\u017cliwo\u015bci\u0105 eksportu na ca\u0142y \u015bwiat, gwarantuj\u0105c doskona\u0142o\u015b\u0107 ka\u017cdego s\u0142oika.<\/p>\n<a href=\"mailto:globepeanut@gmail.com\" class=\"button primary is-primary is-medium\"  >\n    <span>Napisz do nas<\/span>\n  <\/a>","protected":false},"excerpt":{"rendered":"<table width=\"564\">\n<tbody>\n<tr>\n<td width=\"113\"><strong>Nazwa produktu<\/strong><\/td>\n<td width=\"402\">S\u0142one mas\u0142o orzechowe<\/td>\n<\/tr>\n<tr>\n<td width=\"113\"><strong>Sk\u0142adniki<\/strong><\/td>\n<td width=\"402\">Wybrane Orzeszki Ziemne, S\u00f3l<\/td>\n<\/tr>\n<tr>\n<td width=\"113\"><strong>Specyfikacje<\/strong><\/td>\n<td width=\"402\">227g x 24, 340g x 12, 375g x 12, 500g x 12, 510g x 12, 1kg x 12, 10kg x 1, 20kg x 1, 220kg x 1<\/td>\n<\/tr>\n<tr>\n<td width=\"113\"><strong>Forma pakowania<\/strong><\/td>\n<td width=\"402\">S\u0142oik, wiadro, opakowanie Doy Pack, torba, karton, puszka, beczka, puszka, butelka itp.<\/td>\n<\/tr>\n<tr>\n<td width=\"113\"><strong>Czas dostawy<\/strong><\/td>\n<td width=\"402\">7~20 dni po zam\u00f3wieniu<\/td>\n<\/tr>\n<tr>\n<td width=\"113\"><strong>Minimalna ilo\u015b\u0107 zam\u00f3wienia<\/strong><\/td>\n<td width=\"402\">Jedna tona<\/td>\n<\/tr>\n<tr>\n<td width=\"113\"><strong>Pr\u00f3bka<\/strong><\/td>\n<td width=\"402\">Dost\u0119pna bezp\u0142atna pr\u00f3bka<\/td>\n<\/tr>\n<tr>\n<td width=\"113\"><strong>Producent OEM<\/strong><\/td>\n<td width=\"402\">Etykieta kupuj\u0105cego zaakceptowana<\/td>\n<\/tr>\n<\/tbody>\n<\/table>","protected":false},"featured_media":1968,"comment_status":"open","ping_status":"closed","template":"","meta":[],"product_cat":[15],"product_tag":[],"class_list":{"0":"post-1393","1":"product","2":"type-product","3":"status-publish","4":"has-post-thumbnail","6":"product_cat-peanut-butter","8":"first","9":"instock","10":"shipping-taxable","11":"product-type-simple"},"yoast_head":"<!-- This site is optimized with the Yoast SEO plugin v24.9 - https:\/\/yoast.com\/wordpress\/plugins\/seo\/ -->\n<title>Salty Peanut Butter China Exporter OEM - Peanut Butter Factory<\/title>\n<meta name=\"description\" content=\"Discover premium salty peanut butter OEM service. Your trusted private label manufacturer. Enjoy customizable production, various packaging.\" \/>\n<meta name=\"robots\" content=\"index, follow, max-snippet:-1, max-image-preview:large, max-video-preview:-1\" \/>\n<link rel=\"canonical\" href=\"https:\/\/www.peanutoem.com\/pl\/manufacturer\/salty-peanut-butter\/\" \/>\n<meta property=\"og:locale\" content=\"pl_PL\" \/>\n<meta property=\"og:type\" content=\"article\" \/>\n<meta property=\"og:title\" content=\"Salty Peanut Butter China Exporter OEM - Peanut Butter Factory\" \/>\n<meta property=\"og:description\" content=\"Discover premium salty peanut butter OEM service. Your trusted private label manufacturer. Enjoy customizable production, various packaging.\" \/>\n<meta property=\"og:url\" content=\"https:\/\/www.peanutoem.com\/pl\/manufacturer\/salty-peanut-butter\/\" \/>\n<meta property=\"og:site_name\" content=\"Peanut Butter Factory\" \/>\n<meta property=\"article:modified_time\" content=\"2024-10-09T12:10:08+00:00\" \/>\n<meta property=\"og:image\" content=\"https:\/\/www.peanutoem.com\/wp-content\/uploads\/2023\/06\/200g-seasalt-peanut-butter-1-scaled.webp\" \/>\n\t<meta property=\"og:image:width\" content=\"2560\" \/>\n\t<meta property=\"og:image:height\" content=\"1152\" \/>\n\t<meta property=\"og:image:type\" content=\"image\/webp\" \/>\n<meta name=\"twitter:card\" content=\"summary_large_image\" \/>\n<meta name=\"twitter:label1\" content=\"Szacowany czas czytania\" \/>\n\t<meta name=\"twitter:data1\" content=\"3 minuty\" \/>\n<script type=\"application\/ld+json\" class=\"yoast-schema-graph\">{\"@context\":\"https:\/\/schema.org\",\"@graph\":[{\"@type\":\"WebPage\",\"@id\":\"https:\/\/www.peanutoem.com\/manufacturer\/salty-peanut-butter\/\",\"url\":\"https:\/\/www.peanutoem.com\/manufacturer\/salty-peanut-butter\/\",\"name\":\"Salty Peanut Butter China Exporter OEM - Peanut Butter Factory\",\"isPartOf\":{\"@id\":\"https:\/\/www.peanutoem.com\/#website\"},\"primaryImageOfPage\":{\"@id\":\"https:\/\/www.peanutoem.com\/manufacturer\/salty-peanut-butter\/#primaryimage\"},\"image\":{\"@id\":\"https:\/\/www.peanutoem.com\/manufacturer\/salty-peanut-butter\/#primaryimage\"},\"thumbnailUrl\":\"https:\/\/www.peanutoem.com\/wp-content\/uploads\/2023\/06\/200g-seasalt-peanut-butter-1-scaled.webp\",\"datePublished\":\"2023-06-08T07:38:38+00:00\",\"dateModified\":\"2024-10-09T12:10:08+00:00\",\"description\":\"Discover premium salty peanut butter OEM service. Your trusted private label manufacturer. Enjoy customizable production, various packaging.\",\"breadcrumb\":{\"@id\":\"https:\/\/www.peanutoem.com\/manufacturer\/salty-peanut-butter\/#breadcrumb\"},\"inLanguage\":\"pl-PL\",\"potentialAction\":[{\"@type\":\"ReadAction\",\"target\":[\"https:\/\/www.peanutoem.com\/manufacturer\/salty-peanut-butter\/\"]}]},{\"@type\":\"ImageObject\",\"inLanguage\":\"pl-PL\",\"@id\":\"https:\/\/www.peanutoem.com\/manufacturer\/salty-peanut-butter\/#primaryimage\",\"url\":\"https:\/\/www.peanutoem.com\/wp-content\/uploads\/2023\/06\/200g-seasalt-peanut-butter-1-scaled.webp\",\"contentUrl\":\"https:\/\/www.peanutoem.com\/wp-content\/uploads\/2023\/06\/200g-seasalt-peanut-butter-1-scaled.webp\",\"width\":2560,\"height\":1152,\"caption\":\"200g seasalt peanut butter\"},{\"@type\":\"BreadcrumbList\",\"@id\":\"https:\/\/www.peanutoem.com\/manufacturer\/salty-peanut-butter\/#breadcrumb\",\"itemListElement\":[{\"@type\":\"ListItem\",\"position\":1,\"name\":\"Home\",\"item\":\"https:\/\/www.peanutoem.com\/\"},{\"@type\":\"ListItem\",\"position\":2,\"name\":\"Products\",\"item\":\"https:\/\/www.peanutoem.com\/shop\/\"},{\"@type\":\"ListItem\",\"position\":3,\"name\":\"Salty Peanut Butter\"}]},{\"@type\":\"WebSite\",\"@id\":\"https:\/\/www.peanutoem.com\/#website\",\"url\":\"https:\/\/www.peanutoem.com\/\",\"name\":\"Peanut Butter Factory\",\"description\":\"Peanut Butter Manufacturer and Roast Peanut OEM Factory | Peanut Private Label China Supplier\",\"publisher\":{\"@id\":\"https:\/\/www.peanutoem.com\/#organization\"},\"alternateName\":\"Peanut Butter OEM and Wholesale\",\"potentialAction\":[{\"@type\":\"SearchAction\",\"target\":{\"@type\":\"EntryPoint\",\"urlTemplate\":\"https:\/\/www.peanutoem.com\/?s={search_term_string}\"},\"query-input\":{\"@type\":\"PropertyValueSpecification\",\"valueRequired\":true,\"valueName\":\"search_term_string\"}}],\"inLanguage\":\"pl-PL\"},{\"@type\":\"Organization\",\"@id\":\"https:\/\/www.peanutoem.com\/#organization\",\"name\":\"Peanut Butter Factory\",\"alternateName\":\"JuFeng Group\",\"url\":\"https:\/\/www.peanutoem.com\/\",\"logo\":{\"@type\":\"ImageObject\",\"inLanguage\":\"pl-PL\",\"@id\":\"https:\/\/www.peanutoem.com\/#\/schema\/logo\/image\/\",\"url\":\"https:\/\/www.peanutoem.com\/wp-content\/uploads\/2024\/09\/JUFENG-LOGO.png\",\"contentUrl\":\"https:\/\/www.peanutoem.com\/wp-content\/uploads\/2024\/09\/JUFENG-LOGO.png\",\"width\":600,\"height\":170,\"caption\":\"Peanut Butter Factory\"},\"image\":{\"@id\":\"https:\/\/www.peanutoem.com\/#\/schema\/logo\/image\/\"}}]}<\/script>\n<!-- \/ Yoast SEO plugin. -->","yoast_head_json":{"title":"Salty Peanut Butter China Exporter OEM - Peanut Butter Factory","description":"Discover premium salty peanut butter OEM service. Your trusted private label manufacturer. Enjoy customizable production, various packaging.","robots":{"index":"index","follow":"follow","max-snippet":"max-snippet:-1","max-image-preview":"max-image-preview:large","max-video-preview":"max-video-preview:-1"},"canonical":"https:\/\/www.peanutoem.com\/pl\/manufacturer\/salty-peanut-butter\/","og_locale":"pl_PL","og_type":"article","og_title":"Salty Peanut Butter China Exporter OEM - Peanut Butter Factory","og_description":"Discover premium salty peanut butter OEM service. Your trusted private label manufacturer. Enjoy customizable production, various packaging.","og_url":"https:\/\/www.peanutoem.com\/pl\/manufacturer\/salty-peanut-butter\/","og_site_name":"Peanut Butter Factory","article_modified_time":"2024-10-09T12:10:08+00:00","og_image":[{"width":2560,"height":1152,"url":"https:\/\/www.peanutoem.com\/wp-content\/uploads\/2023\/06\/200g-seasalt-peanut-butter-1-scaled.webp","type":"image\/webp"}],"twitter_card":"summary_large_image","twitter_misc":{"Szacowany czas czytania":"3 minuty"},"schema":{"@context":"https:\/\/schema.org","@graph":[{"@type":"WebPage","@id":"https:\/\/www.peanutoem.com\/manufacturer\/salty-peanut-butter\/","url":"https:\/\/www.peanutoem.com\/manufacturer\/salty-peanut-butter\/","name":"Salty Peanut Butter China Exporter OEM - Peanut Butter Factory","isPartOf":{"@id":"https:\/\/www.peanutoem.com\/#website"},"primaryImageOfPage":{"@id":"https:\/\/www.peanutoem.com\/manufacturer\/salty-peanut-butter\/#primaryimage"},"image":{"@id":"https:\/\/www.peanutoem.com\/manufacturer\/salty-peanut-butter\/#primaryimage"},"thumbnailUrl":"https:\/\/www.peanutoem.com\/wp-content\/uploads\/2023\/06\/200g-seasalt-peanut-butter-1-scaled.webp","datePublished":"2023-06-08T07:38:38+00:00","dateModified":"2024-10-09T12:10:08+00:00","description":"Discover premium salty peanut butter OEM service. Your trusted private label manufacturer. Enjoy customizable production, various packaging.","breadcrumb":{"@id":"https:\/\/www.peanutoem.com\/manufacturer\/salty-peanut-butter\/#breadcrumb"},"inLanguage":"pl-PL","potentialAction":[{"@type":"ReadAction","target":["https:\/\/www.peanutoem.com\/manufacturer\/salty-peanut-butter\/"]}]},{"@type":"ImageObject","inLanguage":"pl-PL","@id":"https:\/\/www.peanutoem.com\/manufacturer\/salty-peanut-butter\/#primaryimage","url":"https:\/\/www.peanutoem.com\/wp-content\/uploads\/2023\/06\/200g-seasalt-peanut-butter-1-scaled.webp","contentUrl":"https:\/\/www.peanutoem.com\/wp-content\/uploads\/2023\/06\/200g-seasalt-peanut-butter-1-scaled.webp","width":2560,"height":1152,"caption":"200g seasalt peanut butter"},{"@type":"BreadcrumbList","@id":"https:\/\/www.peanutoem.com\/manufacturer\/salty-peanut-butter\/#breadcrumb","itemListElement":[{"@type":"ListItem","position":1,"name":"Home","item":"https:\/\/www.peanutoem.com\/"},{"@type":"ListItem","position":2,"name":"Products","item":"https:\/\/www.peanutoem.com\/shop\/"},{"@type":"ListItem","position":3,"name":"Salty Peanut Butter"}]},{"@type":"WebSite","@id":"https:\/\/www.peanutoem.com\/#website","url":"https:\/\/www.peanutoem.com\/","name":"Peanut Butter Factory","description":"Peanut Butter Manufacturer and Roast Peanut OEM Factory | Peanut Private Label China Supplier","publisher":{"@id":"https:\/\/www.peanutoem.com\/#organization"},"alternateName":"Peanut Butter OEM and Wholesale","potentialAction":[{"@type":"SearchAction","target":{"@type":"EntryPoint","urlTemplate":"https:\/\/www.peanutoem.com\/?s={search_term_string}"},"query-input":{"@type":"PropertyValueSpecification","valueRequired":true,"valueName":"search_term_string"}}],"inLanguage":"pl-PL"},{"@type":"Organization","@id":"https:\/\/www.peanutoem.com\/#organization","name":"Peanut Butter Factory","alternateName":"JuFeng Group","url":"https:\/\/www.peanutoem.com\/","logo":{"@type":"ImageObject","inLanguage":"pl-PL","@id":"https:\/\/www.peanutoem.com\/#\/schema\/logo\/image\/","url":"https:\/\/www.peanutoem.com\/wp-content\/uploads\/2024\/09\/JUFENG-LOGO.png","contentUrl":"https:\/\/www.peanutoem.com\/wp-content\/uploads\/2024\/09\/JUFENG-LOGO.png","width":600,"height":170,"caption":"Peanut Butter Factory"},"image":{"@id":"https:\/\/www.peanutoem.com\/#\/schema\/logo\/image\/"}}]}},"_links":{"self":[{"href":"https:\/\/www.peanutoem.com\/pl\/wp-json\/wp\/v2\/product\/1393","targetHints":{"allow":["GET"]}}],"collection":[{"href":"https:\/\/www.peanutoem.com\/pl\/wp-json\/wp\/v2\/product"}],"about":[{"href":"https:\/\/www.peanutoem.com\/pl\/wp-json\/wp\/v2\/types\/product"}],"replies":[{"embeddable":true,"href":"https:\/\/www.peanutoem.com\/pl\/wp-json\/wp\/v2\/comments?post=1393"}],"wp:featuredmedia":[{"embeddable":true,"href":"https:\/\/www.peanutoem.com\/pl\/wp-json\/wp\/v2\/media\/1968"}],"wp:attachment":[{"href":"https:\/\/www.peanutoem.com\/pl\/wp-json\/wp\/v2\/media?parent=1393"}],"wp:term":[{"taxonomy":"product_cat","embeddable":true,"href":"https:\/\/www.peanutoem.com\/pl\/wp-json\/wp\/v2\/product_cat?post=1393"},{"taxonomy":"product_tag","embeddable":true,"href":"https:\/\/www.peanutoem.com\/pl\/wp-json\/wp\/v2\/product_tag?post=1393"}],"curies":[{"name":"wp","href":"https:\/\/api.w.org\/{rel}","templated":true}]}}