{"id":1397,"date":"2023-06-08T07:51:40","date_gmt":"2023-06-08T07:51:40","guid":{"rendered":"https:\/\/www.peanutoem.com\/?post_type=product&#038;p=1397"},"modified":"2024-09-28T07:06:47","modified_gmt":"2024-09-28T07:06:47","slug":"creamy-peanut-butter","status":"publish","type":"product","link":"https:\/\/www.peanutoem.com\/pl\/manufacturer\/creamy-peanut-butter\/","title":{"rendered":"Kremowe mas\u0142o orzechowe | G\u0142adkie mas\u0142o orzechowe"},"content":{"rendered":"<h3>Kremowy <a href=\"https:\/\/www.peanutoem.com\/pl\/Wholesale\/peanut-butter\/\" target=\"_blank\" rel=\"noopener\">Mas\u0142o orzechowe<\/a> | G\u0142adkie mas\u0142o orzechowe \u2013 wiod\u0105cy producent OEM pod mark\u0105 w\u0142asn\u0105<\/h3>\n<p>Jeste\u015bmy dumni z bycia czo\u0142owym producentem OEM, eksporterem i dostawc\u0105 kremowego mas\u0142a orzechowego i g\u0142adkiego mas\u0142a orzechowego. Nasze najnowocze\u015bniejsze linie produkcyjne i wysokie standardy jako\u015bci zapewniaj\u0105, \u017ce ka\u017cdy s\u0142oik mas\u0142a orzechowego spe\u0142nia globalne wymagania dotycz\u0105ce smaku i konsystencji. Wspierany przez uznanych na ca\u0142ym \u015bwiecie <a href=\"https:\/\/www.peanutoem.com\/pl\/certificate\/\" target=\"_blank\" rel=\"noopener\">certyfikaty<\/a> Podobnie jak HACCP, BRCGS, ECOCERT, Halal i Kosher, nasze produkty z mas\u0142em orzechowym s\u0105 podstawowym produktem dla przedsi\u0119biorstw na ca\u0142ym \u015bwiecie.<\/p>\n<p><img loading=\"lazy\" decoding=\"async\" class=\"alignnone wp-image-1620 size-large\" src=\"https:\/\/www.peanutoem.com\/wp-content\/uploads\/2024\/09\/Peanut-Butter-Qualifications-1024x736.webp\" alt=\"Kwalifikacje przetw\u00f3rcy OEM mas\u0142a orzechowego\" width=\"1020\" height=\"733\" srcset=\"https:\/\/www.peanutoem.com\/wp-content\/uploads\/2024\/09\/Peanut-Butter-Qualifications-1024x736.webp 1024w, https:\/\/www.peanutoem.com\/wp-content\/uploads\/2024\/09\/Peanut-Butter-Qualifications-300x216.webp 300w, https:\/\/www.peanutoem.com\/wp-content\/uploads\/2024\/09\/Peanut-Butter-Qualifications-768x552.webp 768w, https:\/\/www.peanutoem.com\/wp-content\/uploads\/2024\/09\/Peanut-Butter-Qualifications-18x12.webp 18w, https:\/\/www.peanutoem.com\/wp-content\/uploads\/2024\/09\/Peanut-Butter-Qualifications-600x431.webp 600w, https:\/\/www.peanutoem.com\/wp-content\/uploads\/2024\/09\/Peanut-Butter-Qualifications.webp 1341w\" sizes=\"auto, (max-width: 1020px) 100vw, 1020px\" \/><\/p>\n<h3>Czym jest mas\u0142o orzechowe kremowe i mas\u0142o orzechowe g\u0142adkie?<\/h3>\n<p>Kremowe mas\u0142o orzechowe i g\u0142adkie mas\u0142o orzechowe to dwa najpopularniejsze rodzaje mas\u0142a orzechowego. Oba s\u0105 wytwarzane z drobno zmielonych pra\u017conych orzech\u00f3w arachidowych, co daje bogat\u0105 i g\u0142adk\u0105 konsystencj\u0119. Jednak kremowe mas\u0142o orzechowe oferuje nieco g\u0119stsz\u0105 konsystencj\u0119 w por\u00f3wnaniu do g\u0142adkiego mas\u0142a orzechowego, dzi\u0119ki czemu idealnie nadaje si\u0119 do smarowania chleba lub jako sk\u0142adnik do pieczenia i gotowania.<\/p>\n<h3>Nasze mo\u017cliwo\u015bci<\/h3>\n<p>Dzia\u0142amy w zaawansowanych zak\u0142adach przetw\u00f3rczych, kt\u00f3re s\u0105 w stanie produkowa\u0107 30 000 ton mas\u0142a orzechowego rocznie. Nasze dobrze wyposa\u017cone laboratoria przeprowadzaj\u0105 rygorystyczne testy sensoryczne, fizyczne, chemiczne i mikrobiologiczne, aby zapewni\u0107 jako\u015b\u0107 i bezpiecze\u0144stwo ka\u017cdej partii.<\/p>\n<h3>Rozwi\u0105zania OEM Private Label dla mas\u0142a orzechowego<\/h3>\n<p>Jako zaufany producent OEM i dostawca marek w\u0142asnych oferujemy rozwi\u0105zania dostosowane do potrzeb Twojej marki. Niezale\u017cnie od tego, czy chcesz dostarczy\u0107 w\u0142asn\u0105 mark\u0119 kremowego mas\u0142a orzechowego, czy g\u0142adkiego mas\u0142a orzechowego, oferujemy elastyczne opcje pakowania i rozmiaru produktu. Nasz zesp\u00f3\u0142 zapewnia, \u017ce Twoje produkty s\u0105 wytwarzane z dba\u0142o\u015bci\u0105 i zgodnie z najwy\u017cszymi standardami bran\u017cowymi.<\/p>\n<h3>Globalny eksporter i dostawca<\/h3>\n<p>Dzi\u0119ki globalnej obecno\u015bci dzia\u0142amy jako niezawodny eksporter i dostawca mas\u0142a orzechowego, dostarczaj\u0105c nasze produkty do g\u0142\u00f3wnych sprzedawc\u00f3w detalicznych \u017cywno\u015bci, franczyz i dystrybutor\u00f3w na ca\u0142ym \u015bwiecie. Nasza rozleg\u0142a sie\u0107 dystrybucji i wydajna logistyka zapewniaj\u0105 terminow\u0105 dostaw\u0119, niezale\u017cnie od tego, gdzie znajduje si\u0119 Twoja firma.<\/p>\n<h3>Dlaczego warto nas wybra\u0107?<\/h3>\n<ul>\n<li><strong>Wysoka wydajno\u015b\u0107 produkcyjna<\/strong>: 30 000 ton rocznie<\/li>\n<li><strong>Kompleksowe certyfikaty<\/strong>: HACCP, BRCGS, Halal, Koszerne, Organiczne UE<\/li>\n<li><strong>Eksperci OEM i marek w\u0142asnych<\/strong>:Rozwi\u0105zania dostosowane do Twojej marki<\/li>\n<li><strong>Globalny dostawca i eksporter<\/strong>:Obs\u0142ugujemy klient\u00f3w na ca\u0142ym \u015bwiecie, oferuj\u0105c im najwy\u017cszej jako\u015bci produkty z orzeszk\u00f3w ziemnych<\/li>\n<\/ul>\n<p>Zobowi\u0105zujemy si\u0119 dostarcza\u0107 najlepsze produkty z mas\u0142em orzechowym, kt\u00f3re spe\u0142niaj\u0105 zmieniaj\u0105ce si\u0119 wymagania globalnego rynku. Niezale\u017cnie od tego, czy potrzebujesz ma\u0142ego opakowania detalicznego, czy du\u017cych ilo\u015bci hurtowych, dostarczamy je z doskona\u0142o\u015bci\u0105.<\/p>\n<a href=\"mailto:globepeanut@gmail.com\" class=\"button primary is-primary is-medium\"  >\n    <span>Napisz do nas<\/span>\n  <\/a>","protected":false},"excerpt":{"rendered":"<table style=\"height: 282px;\" width=\"564\">\n<tbody>\n<tr>\n<td width=\"113\"><strong>Nazwa produktu<\/strong><\/td>\n<td width=\"402\">Kremowe mas\u0142o orzechowe | G\u0142adkie mas\u0142o orzechowe<\/td>\n<\/tr>\n<tr>\n<td width=\"113\"><strong>Sk\u0142adniki<\/strong><\/td>\n<td width=\"402\">Wybrane orzechy arachidowe, bia\u0142y cukier, utwardzony olej ro\u015blinny, s\u00f3l<\/td>\n<\/tr>\n<tr>\n<td width=\"113\"><strong>Specyfikacje<\/strong><\/td>\n<td width=\"402\">200g x 36, 227g x 24, 340g x 12, 375g x 12, 500g x 12, 510g x 12, 1kg x 12, 10kg x 1, 20kg x 1, 220kg x 1<\/td>\n<\/tr>\n<tr>\n<td width=\"113\"><strong>Forma pakowania<\/strong><\/td>\n<td width=\"402\">S\u0142oik, wiadro, opakowanie Doy Pack, torba, karton, puszka, beczka, puszka, butelka itp.<\/td>\n<\/tr>\n<tr>\n<td width=\"113\"><strong>Czas dostawy<\/strong><\/td>\n<td width=\"402\">7~20 dni po zam\u00f3wieniu<\/td>\n<\/tr>\n<tr>\n<td width=\"113\"><strong>Minimalna ilo\u015b\u0107 zam\u00f3wienia<\/strong><\/td>\n<td width=\"402\">Jedna tona<\/td>\n<\/tr>\n<tr>\n<td width=\"113\"><strong>Pr\u00f3bka<\/strong><\/td>\n<td width=\"402\">Dost\u0119pna bezp\u0142atna pr\u00f3bka<\/td>\n<\/tr>\n<tr>\n<td width=\"113\"><strong>Producent OEM<\/strong><\/td>\n<td width=\"402\">Etykieta kupuj\u0105cego zaakceptowana<\/td>\n<\/tr>\n<\/tbody>\n<\/table>\n<p>&nbsp;<\/p>","protected":false},"featured_media":1641,"comment_status":"open","ping_status":"closed","template":"","meta":[],"product_cat":[15],"product_tag":[],"class_list":{"0":"post-1397","1":"product","2":"type-product","3":"status-publish","4":"has-post-thumbnail","6":"product_cat-peanut-butter","8":"first","9":"instock","10":"featured","11":"shipping-taxable","12":"product-type-simple"},"yoast_head":"<!-- This site is optimized with the Yoast SEO plugin v24.9 - https:\/\/yoast.com\/wordpress\/plugins\/seo\/ -->\n<title>Creamy Peanut Butter Manufacturer- Smooth Peanut Butter OEM - Peanut Butter Factory<\/title>\n<meta name=\"description\" content=\"As a leading OEM private label manufacturer, we offer premium creamy and smooth peanut butter with flexible packaging, certified to global standards.\" \/>\n<meta name=\"robots\" content=\"index, follow, max-snippet:-1, max-image-preview:large, max-video-preview:-1\" \/>\n<link rel=\"canonical\" href=\"https:\/\/www.peanutoem.com\/pl\/manufacturer\/creamy-peanut-butter\/\" \/>\n<meta property=\"og:locale\" content=\"pl_PL\" \/>\n<meta property=\"og:type\" content=\"article\" \/>\n<meta property=\"og:title\" content=\"Creamy Peanut Butter Manufacturer- Smooth Peanut Butter OEM - Peanut Butter Factory\" \/>\n<meta property=\"og:description\" content=\"As a leading OEM private label manufacturer, we offer premium creamy and smooth peanut butter with flexible packaging, certified to global standards.\" \/>\n<meta property=\"og:url\" content=\"https:\/\/www.peanutoem.com\/pl\/manufacturer\/creamy-peanut-butter\/\" \/>\n<meta property=\"og:site_name\" content=\"Peanut Butter Factory\" \/>\n<meta property=\"article:modified_time\" content=\"2024-09-28T07:06:47+00:00\" \/>\n<meta property=\"og:image\" content=\"https:\/\/www.peanutoem.com\/wp-content\/uploads\/2023\/06\/Creamy-Peanut-Butter-in-jar.webp\" \/>\n\t<meta property=\"og:image:width\" content=\"1000\" \/>\n\t<meta property=\"og:image:height\" content=\"1000\" \/>\n\t<meta property=\"og:image:type\" content=\"image\/webp\" \/>\n<meta name=\"twitter:card\" content=\"summary_large_image\" \/>\n<meta name=\"twitter:label1\" content=\"Szacowany czas czytania\" \/>\n\t<meta name=\"twitter:data1\" content=\"3 minuty\" \/>\n<script type=\"application\/ld+json\" class=\"yoast-schema-graph\">{\"@context\":\"https:\/\/schema.org\",\"@graph\":[{\"@type\":\"WebPage\",\"@id\":\"https:\/\/www.peanutoem.com\/manufacturer\/creamy-peanut-butter\/\",\"url\":\"https:\/\/www.peanutoem.com\/manufacturer\/creamy-peanut-butter\/\",\"name\":\"Creamy Peanut Butter Manufacturer- Smooth Peanut Butter OEM - Peanut Butter Factory\",\"isPartOf\":{\"@id\":\"https:\/\/www.peanutoem.com\/#website\"},\"primaryImageOfPage\":{\"@id\":\"https:\/\/www.peanutoem.com\/manufacturer\/creamy-peanut-butter\/#primaryimage\"},\"image\":{\"@id\":\"https:\/\/www.peanutoem.com\/manufacturer\/creamy-peanut-butter\/#primaryimage\"},\"thumbnailUrl\":\"https:\/\/www.peanutoem.com\/wp-content\/uploads\/2023\/06\/Creamy-Peanut-Butter-in-jar.webp\",\"datePublished\":\"2023-06-08T07:51:40+00:00\",\"dateModified\":\"2024-09-28T07:06:47+00:00\",\"description\":\"As a leading OEM private label manufacturer, we offer premium creamy and smooth peanut butter with flexible packaging, certified to global standards.\",\"breadcrumb\":{\"@id\":\"https:\/\/www.peanutoem.com\/manufacturer\/creamy-peanut-butter\/#breadcrumb\"},\"inLanguage\":\"pl-PL\",\"potentialAction\":[{\"@type\":\"ReadAction\",\"target\":[\"https:\/\/www.peanutoem.com\/manufacturer\/creamy-peanut-butter\/\"]}]},{\"@type\":\"ImageObject\",\"inLanguage\":\"pl-PL\",\"@id\":\"https:\/\/www.peanutoem.com\/manufacturer\/creamy-peanut-butter\/#primaryimage\",\"url\":\"https:\/\/www.peanutoem.com\/wp-content\/uploads\/2023\/06\/Creamy-Peanut-Butter-in-jar.webp\",\"contentUrl\":\"https:\/\/www.peanutoem.com\/wp-content\/uploads\/2023\/06\/Creamy-Peanut-Butter-in-jar.webp\",\"width\":1000,\"height\":1000,\"caption\":\"Creamy Peanut Butter in jar\"},{\"@type\":\"BreadcrumbList\",\"@id\":\"https:\/\/www.peanutoem.com\/manufacturer\/creamy-peanut-butter\/#breadcrumb\",\"itemListElement\":[{\"@type\":\"ListItem\",\"position\":1,\"name\":\"Home\",\"item\":\"https:\/\/www.peanutoem.com\/\"},{\"@type\":\"ListItem\",\"position\":2,\"name\":\"Products\",\"item\":\"https:\/\/www.peanutoem.com\/shop\/\"},{\"@type\":\"ListItem\",\"position\":3,\"name\":\"Creamy Peanut Butter | Smooth Peanut Butter\"}]},{\"@type\":\"WebSite\",\"@id\":\"https:\/\/www.peanutoem.com\/#website\",\"url\":\"https:\/\/www.peanutoem.com\/\",\"name\":\"Peanut Butter Factory\",\"description\":\"Peanut Butter Manufacturer and Roast Peanut OEM Factory | Peanut Private Label China Supplier\",\"publisher\":{\"@id\":\"https:\/\/www.peanutoem.com\/#organization\"},\"alternateName\":\"Peanut Butter OEM and Wholesale\",\"potentialAction\":[{\"@type\":\"SearchAction\",\"target\":{\"@type\":\"EntryPoint\",\"urlTemplate\":\"https:\/\/www.peanutoem.com\/?s={search_term_string}\"},\"query-input\":{\"@type\":\"PropertyValueSpecification\",\"valueRequired\":true,\"valueName\":\"search_term_string\"}}],\"inLanguage\":\"pl-PL\"},{\"@type\":\"Organization\",\"@id\":\"https:\/\/www.peanutoem.com\/#organization\",\"name\":\"Peanut Butter Factory\",\"alternateName\":\"JuFeng Group\",\"url\":\"https:\/\/www.peanutoem.com\/\",\"logo\":{\"@type\":\"ImageObject\",\"inLanguage\":\"pl-PL\",\"@id\":\"https:\/\/www.peanutoem.com\/#\/schema\/logo\/image\/\",\"url\":\"https:\/\/www.peanutoem.com\/wp-content\/uploads\/2024\/09\/JUFENG-LOGO.png\",\"contentUrl\":\"https:\/\/www.peanutoem.com\/wp-content\/uploads\/2024\/09\/JUFENG-LOGO.png\",\"width\":600,\"height\":170,\"caption\":\"Peanut Butter Factory\"},\"image\":{\"@id\":\"https:\/\/www.peanutoem.com\/#\/schema\/logo\/image\/\"}}]}<\/script>\n<!-- \/ Yoast SEO plugin. -->","yoast_head_json":{"title":"Creamy Peanut Butter Manufacturer- Smooth Peanut Butter OEM - Peanut Butter Factory","description":"As a leading OEM private label manufacturer, we offer premium creamy and smooth peanut butter with flexible packaging, certified to global standards.","robots":{"index":"index","follow":"follow","max-snippet":"max-snippet:-1","max-image-preview":"max-image-preview:large","max-video-preview":"max-video-preview:-1"},"canonical":"https:\/\/www.peanutoem.com\/pl\/manufacturer\/creamy-peanut-butter\/","og_locale":"pl_PL","og_type":"article","og_title":"Creamy Peanut Butter Manufacturer- Smooth Peanut Butter OEM - Peanut Butter Factory","og_description":"As a leading OEM private label manufacturer, we offer premium creamy and smooth peanut butter with flexible packaging, certified to global standards.","og_url":"https:\/\/www.peanutoem.com\/pl\/manufacturer\/creamy-peanut-butter\/","og_site_name":"Peanut Butter Factory","article_modified_time":"2024-09-28T07:06:47+00:00","og_image":[{"width":1000,"height":1000,"url":"https:\/\/www.peanutoem.com\/wp-content\/uploads\/2023\/06\/Creamy-Peanut-Butter-in-jar.webp","type":"image\/webp"}],"twitter_card":"summary_large_image","twitter_misc":{"Szacowany czas czytania":"3 minuty"},"schema":{"@context":"https:\/\/schema.org","@graph":[{"@type":"WebPage","@id":"https:\/\/www.peanutoem.com\/manufacturer\/creamy-peanut-butter\/","url":"https:\/\/www.peanutoem.com\/manufacturer\/creamy-peanut-butter\/","name":"Creamy Peanut Butter Manufacturer- Smooth Peanut Butter OEM - Peanut Butter Factory","isPartOf":{"@id":"https:\/\/www.peanutoem.com\/#website"},"primaryImageOfPage":{"@id":"https:\/\/www.peanutoem.com\/manufacturer\/creamy-peanut-butter\/#primaryimage"},"image":{"@id":"https:\/\/www.peanutoem.com\/manufacturer\/creamy-peanut-butter\/#primaryimage"},"thumbnailUrl":"https:\/\/www.peanutoem.com\/wp-content\/uploads\/2023\/06\/Creamy-Peanut-Butter-in-jar.webp","datePublished":"2023-06-08T07:51:40+00:00","dateModified":"2024-09-28T07:06:47+00:00","description":"As a leading OEM private label manufacturer, we offer premium creamy and smooth peanut butter with flexible packaging, certified to global standards.","breadcrumb":{"@id":"https:\/\/www.peanutoem.com\/manufacturer\/creamy-peanut-butter\/#breadcrumb"},"inLanguage":"pl-PL","potentialAction":[{"@type":"ReadAction","target":["https:\/\/www.peanutoem.com\/manufacturer\/creamy-peanut-butter\/"]}]},{"@type":"ImageObject","inLanguage":"pl-PL","@id":"https:\/\/www.peanutoem.com\/manufacturer\/creamy-peanut-butter\/#primaryimage","url":"https:\/\/www.peanutoem.com\/wp-content\/uploads\/2023\/06\/Creamy-Peanut-Butter-in-jar.webp","contentUrl":"https:\/\/www.peanutoem.com\/wp-content\/uploads\/2023\/06\/Creamy-Peanut-Butter-in-jar.webp","width":1000,"height":1000,"caption":"Creamy Peanut Butter in jar"},{"@type":"BreadcrumbList","@id":"https:\/\/www.peanutoem.com\/manufacturer\/creamy-peanut-butter\/#breadcrumb","itemListElement":[{"@type":"ListItem","position":1,"name":"Home","item":"https:\/\/www.peanutoem.com\/"},{"@type":"ListItem","position":2,"name":"Products","item":"https:\/\/www.peanutoem.com\/shop\/"},{"@type":"ListItem","position":3,"name":"Creamy Peanut Butter | Smooth Peanut Butter"}]},{"@type":"WebSite","@id":"https:\/\/www.peanutoem.com\/#website","url":"https:\/\/www.peanutoem.com\/","name":"Peanut Butter Factory","description":"Peanut Butter Manufacturer and Roast Peanut OEM Factory | Peanut Private Label China Supplier","publisher":{"@id":"https:\/\/www.peanutoem.com\/#organization"},"alternateName":"Peanut Butter OEM and Wholesale","potentialAction":[{"@type":"SearchAction","target":{"@type":"EntryPoint","urlTemplate":"https:\/\/www.peanutoem.com\/?s={search_term_string}"},"query-input":{"@type":"PropertyValueSpecification","valueRequired":true,"valueName":"search_term_string"}}],"inLanguage":"pl-PL"},{"@type":"Organization","@id":"https:\/\/www.peanutoem.com\/#organization","name":"Peanut Butter Factory","alternateName":"JuFeng Group","url":"https:\/\/www.peanutoem.com\/","logo":{"@type":"ImageObject","inLanguage":"pl-PL","@id":"https:\/\/www.peanutoem.com\/#\/schema\/logo\/image\/","url":"https:\/\/www.peanutoem.com\/wp-content\/uploads\/2024\/09\/JUFENG-LOGO.png","contentUrl":"https:\/\/www.peanutoem.com\/wp-content\/uploads\/2024\/09\/JUFENG-LOGO.png","width":600,"height":170,"caption":"Peanut Butter Factory"},"image":{"@id":"https:\/\/www.peanutoem.com\/#\/schema\/logo\/image\/"}}]}},"_links":{"self":[{"href":"https:\/\/www.peanutoem.com\/pl\/wp-json\/wp\/v2\/product\/1397","targetHints":{"allow":["GET"]}}],"collection":[{"href":"https:\/\/www.peanutoem.com\/pl\/wp-json\/wp\/v2\/product"}],"about":[{"href":"https:\/\/www.peanutoem.com\/pl\/wp-json\/wp\/v2\/types\/product"}],"replies":[{"embeddable":true,"href":"https:\/\/www.peanutoem.com\/pl\/wp-json\/wp\/v2\/comments?post=1397"}],"wp:featuredmedia":[{"embeddable":true,"href":"https:\/\/www.peanutoem.com\/pl\/wp-json\/wp\/v2\/media\/1641"}],"wp:attachment":[{"href":"https:\/\/www.peanutoem.com\/pl\/wp-json\/wp\/v2\/media?parent=1397"}],"wp:term":[{"taxonomy":"product_cat","embeddable":true,"href":"https:\/\/www.peanutoem.com\/pl\/wp-json\/wp\/v2\/product_cat?post=1397"},{"taxonomy":"product_tag","embeddable":true,"href":"https:\/\/www.peanutoem.com\/pl\/wp-json\/wp\/v2\/product_tag?post=1397"}],"curies":[{"name":"wp","href":"https:\/\/api.w.org\/{rel}","templated":true}]}}