{"id":1402,"date":"2023-06-08T08:15:42","date_gmt":"2023-06-08T08:15:42","guid":{"rendered":"https:\/\/www.peanutoem.com\/?post_type=product&#038;p=1402"},"modified":"2024-09-28T06:53:33","modified_gmt":"2024-09-28T06:53:33","slug":"crunchy-peanut-butter","status":"publish","type":"product","link":"https:\/\/www.peanutoem.com\/pl\/manufacturer\/crunchy-peanut-butter\/","title":{"rendered":"Chrupi\u0105ce mas\u0142o orzechowe | Niestandardowe chrupi\u0105ce mas\u0142o orzechowe"},"content":{"rendered":"<h3>Chrupki <a href=\"https:\/\/www.peanutoem.com\/pl\/Wholesale\/peanut-butter\/\" target=\"_blank\" rel=\"noopener\">Mas\u0142o orzechowe<\/a> \u2013 Producent OEM Premium Private Label<\/h3>\n<p>Jeste\u015bmy dumni, \u017ce jeste\u015bmy wiod\u0105cym producentem OEM, eksporterem i dostawc\u0105 wysokiej jako\u015bci chrupi\u0105cego mas\u0142a orzechowego, kt\u00f3re oferuje satysfakcjonuj\u0105c\u0105 konsystencj\u0119, idealn\u0105 zar\u00f3wno do u\u017cytku detalicznego, jak i przemys\u0142owego. Nasze mo\u017cliwo\u015bci produkcyjne w po\u0142\u0105czeniu z opcjami dostosowywania pozwalaj\u0105 nam sprosta\u0107 wyj\u0105tkowym potrzebom marek na ca\u0142ym \u015bwiecie.<\/p>\n<h3>Zaawansowana produkcja i <a href=\"https:\/\/www.peanutoem.com\/pl\/certificate\/\" target=\"_blank\" rel=\"noopener\">Certyfikaty<\/a><\/h3>\n<p>Nasze nowoczesne zak\u0142ady s\u0105 wyposa\u017cone w sprz\u0119t umo\u017cliwiaj\u0105cy produkcj\u0119 na du\u017c\u0105 skal\u0119 przy jednoczesnym zachowaniu \u015bcis\u0142ej kontroli jako\u015bci. Dzi\u0119ki certyfikatom takim jak HACCP, BRCGS, Halal, Kosher i EU Organic zapewniamy, \u017ce nasze chrupi\u0105ce mas\u0142o orzechowe spe\u0142nia najwy\u017csze \u015bwiatowe standardy. Dzi\u0119ki temu jeste\u015bmy preferowanym partnerem dla firm poszukuj\u0105cych niezawodnych rozwi\u0105za\u0144 OEM i marek w\u0142asnych.<\/p>\n<h3>Czym jest Crunchy Peanut Butter?<\/h3>\n<p>Crunchy peanut butter zawiera ma\u0142e granulki orzech\u00f3w arachidowych, zapewniaj\u0105c tekstur\u0119 i bogaty smak orzech\u00f3w arachidowych. Ta odmiana jest idealna dla konsument\u00f3w, kt\u00f3rzy lubi\u0105 bardziej tre\u015bciwe do\u015bwiadczenie z mas\u0142em orzechowym w por\u00f3wnaniu do g\u0142adkich lub kremowych opcji. Nasze mas\u0142o orzechowe typu granulek jest wytwarzane z najlepszych orzech\u00f3w arachidowych, zapewniaj\u0105c sp\u00f3jno\u015b\u0107 w ka\u017cdym s\u0142oiku.<\/p>\n<p>Crunchy peanut butter mo\u017ce by\u0107 r\u00f3wnie\u017c okre\u015blany kilkoma innymi nazwami, w zale\u017cno\u015bci od regionu lub preferencji marketingowych. Niekt\u00f3re alternatywne nazwy obejmuj\u0105:<\/p>\n<ol>\n<li><strong>Mas\u0142o orzechowe w kawa\u0142kach<\/strong> \u2013 Jest to powszechne okre\u015blenie, zw\u0142aszcza w USA, odnosz\u0105ce si\u0119 do tej samej odmiany o podobnej fakturze.<\/li>\n<li><strong>Mas\u0142o orzechowe w formie granulek<\/strong> \u2013 Opisuje granulowan\u0105 tekstur\u0119, cz\u0119sto u\u017cywany w kontek\u015bcie bardziej technicznym lub przemys\u0142owym.<\/li>\n<li><strong>Teksturowane mas\u0142o orzechowe<\/strong> \u2013 Podkre\u015blenie faktury kawa\u0142k\u00f3w orzeszk\u00f3w ziemnych.<\/li>\n<li><strong>Orzechowe mas\u0142o orzechowe<\/strong> \u2013 Czasami u\u017cywane, aby podkre\u015bli\u0107 kawa\u0142ki orzeszk\u00f3w ziemnych w smarowidle.<\/li>\n<\/ol>\n<p>Nazwy te s\u0105 cz\u0119sto u\u017cywane zamiennie i sugeruj\u0105, \u017ce mas\u0142o orzechowe zawiera ma\u0142e kawa\u0142ki orzeszk\u00f3w ziemnych lub granulki.<\/p>\n<h3>Indywidualne rozwi\u0105zania marek w\u0142asnych dla chrupi\u0105cego mas\u0142a orzechowego<\/h3>\n<p>Jako czo\u0142owy producent OEM oferujemy dostosowane us\u0142ugi marek w\u0142asnych dla chrupi\u0105cego mas\u0142a orzechowego. Niezale\u017cnie od tego, czy potrzebujesz wyj\u0105tkowego opakowania, czy konkretnych rozmiar\u00f3w, zapewniamy elastyczne opcje dostosowane do potrzeb Twojej marki. Nasz zesp\u00f3\u0142 \u015bci\u015ble wsp\u00f3\u0142pracuje z Tob\u0105, aby opracowa\u0107 produkt, kt\u00f3ry jest zgodny z to\u017csamo\u015bci\u0105 Twojej marki i wymaganiami rynku.<\/p>\n<h3>Globalny eksporter i dostawca mas\u0142a orzechowego w granulkach<\/h3>\n<p>Dzi\u0119ki szerokiej sieci eksportowej obs\u0142ugujemy klient\u00f3w na ca\u0142ym \u015bwiecie, co czyni nas zaufanym eksporterem i dostawc\u0105 mas\u0142a orzechowego w formie granulatu. Nasza wydajna logistyka zapewnia terminow\u0105 dostaw\u0119, niezale\u017cnie od tego, czy potrzebujesz ma\u0142ych partii, czy zam\u00f3wie\u0144 hurtowych. Rozumiemy znaczenie sp\u00f3jno\u015bci i niezawodno\u015bci na rynkach mi\u0119dzynarodowych.<\/p>\n<h3>Dlaczego warto nas wybra\u0107?<\/h3>\n<ul>\n<li><strong>Rozleg\u0142e mo\u017cliwo\u015bci produkcyjne<\/strong>:Produkcja na du\u017c\u0105 skal\u0119 dostosowana do Twojej marki<\/li>\n<li><strong>\u015awiatowy <a href=\"https:\/\/www.peanutoem.com\/pl\/certificate\/\" target=\"_blank\" rel=\"noopener\">Certyfikaty<\/a><\/strong>:W tym HACCP, BRCGS, Halal, Kosher i wiele wi\u0119cej<\/li>\n<li><strong>Elastyczne opcje OEM i marek w\u0142asnych<\/strong>:Mo\u017cna dostosowa\u0107 do Twoich wymaga\u0144<\/li>\n<li><strong>Zaufany eksporter i dostawca<\/strong>:Obs\u0142uga rynk\u00f3w na ca\u0142ym \u015bwiecie z zachowaniem sp\u00f3jnej jako\u015bci<\/li>\n<\/ul>\n<p>Jeste\u015bmy gotowi dostarcza\u0107 najlepsze chrupi\u0105ce mas\u0142o orzechowe poprzez nasze elastyczne rozwi\u0105zania OEM i private label. Pozw\u00f3l nam pom\u00f3c Ci dostarczy\u0107 Twoim klientom mas\u0142o orzechowe premium w formie granulek, ze szczeg\u00f3lnym uwzgl\u0119dnieniem jako\u015bci i personalizacji.<\/p>\n<a href=\"mailto:globepeanut@gmail.com\" class=\"button primary is-primary is-medium\"  >\n    <span>Napisz do nas<\/span>\n  <\/a>","protected":false},"excerpt":{"rendered":"<table width=\"564\">\n<tbody>\n<tr>\n<td width=\"113\"><strong>Nazwa produktu<\/strong><\/td>\n<td width=\"402\">Chrupi\u0105ce mas\u0142o orzechowe<\/td>\n<\/tr>\n<tr>\n<td width=\"113\"><strong>Sk\u0142adniki<\/strong><\/td>\n<td width=\"402\">Wybrane orzechy arachidowe, bia\u0142y cukier, utwardzony olej ro\u015blinny, s\u00f3l<\/td>\n<\/tr>\n<tr>\n<td width=\"113\"><strong>Specyfikacje<\/strong><\/td>\n<td width=\"402\">200g x 36, 227g x 24, 340g x 12, 375g x 12, 500g x 12, 510g x 12, 1kg x 12, 10kg x 1, 20kg x 1, 220kg x 1<\/td>\n<\/tr>\n<tr>\n<td width=\"113\"><strong>Forma pakowania<\/strong><\/td>\n<td width=\"402\">S\u0142oik, wiadro, opakowanie Doy Pack, torba, karton, puszka, beczka, puszka, butelka itp.<\/td>\n<\/tr>\n<tr>\n<td width=\"113\"><strong>Czas dostawy<\/strong><\/td>\n<td width=\"402\">7~20 dni po zam\u00f3wieniu<\/td>\n<\/tr>\n<tr>\n<td width=\"113\"><strong>Minimalna ilo\u015b\u0107 zam\u00f3wienia<\/strong><\/td>\n<td width=\"402\">Jedna tona<\/td>\n<\/tr>\n<tr>\n<td width=\"113\"><strong>Pr\u00f3bka<\/strong><\/td>\n<td width=\"402\">Dost\u0119pna bezp\u0142atna pr\u00f3bka<\/td>\n<\/tr>\n<tr>\n<td width=\"113\"><strong>Producent OEM<\/strong><\/td>\n<td width=\"402\">Etykieta kupuj\u0105cego zaakceptowana<\/td>\n<\/tr>\n<\/tbody>\n<\/table>","protected":false},"featured_media":1652,"comment_status":"open","ping_status":"closed","template":"","meta":[],"product_cat":[15],"product_tag":[],"class_list":{"0":"post-1402","1":"product","2":"type-product","3":"status-publish","4":"has-post-thumbnail","6":"product_cat-peanut-butter","8":"first","9":"instock","10":"featured","11":"shipping-taxable","12":"product-type-simple"},"yoast_head":"<!-- This site is optimized with the Yoast SEO plugin v24.9 - https:\/\/yoast.com\/wordpress\/plugins\/seo\/ -->\n<title>Crunchy Peanut Butter | Custom Crunchy Peanut Butter OEM - Peanut Butter Factory<\/title>\n<meta name=\"description\" content=\"As a leading private label manufacturer, Our crunchy peanut butter is made with delightful granule texture and customizable packaging.\" \/>\n<meta name=\"robots\" content=\"index, follow, max-snippet:-1, max-image-preview:large, max-video-preview:-1\" \/>\n<link rel=\"canonical\" href=\"https:\/\/www.peanutoem.com\/pl\/manufacturer\/crunchy-peanut-butter\/\" \/>\n<meta property=\"og:locale\" content=\"pl_PL\" \/>\n<meta property=\"og:type\" content=\"article\" \/>\n<meta property=\"og:title\" content=\"Crunchy Peanut Butter | Custom Crunchy Peanut Butter OEM - Peanut Butter Factory\" \/>\n<meta property=\"og:description\" content=\"As a leading private label manufacturer, Our crunchy peanut butter is made with delightful granule texture and customizable packaging.\" \/>\n<meta property=\"og:url\" content=\"https:\/\/www.peanutoem.com\/pl\/manufacturer\/crunchy-peanut-butter\/\" \/>\n<meta property=\"og:site_name\" content=\"Peanut Butter Factory\" \/>\n<meta property=\"article:modified_time\" content=\"2024-09-28T06:53:33+00:00\" \/>\n<meta property=\"og:image\" content=\"https:\/\/www.peanutoem.com\/wp-content\/uploads\/2023\/06\/Crunchy-Type-Peanut-Butter-340g.webp\" \/>\n\t<meta property=\"og:image:width\" content=\"1000\" \/>\n\t<meta property=\"og:image:height\" content=\"1000\" \/>\n\t<meta property=\"og:image:type\" content=\"image\/webp\" \/>\n<meta name=\"twitter:card\" content=\"summary_large_image\" \/>\n<meta name=\"twitter:label1\" content=\"Szacowany czas czytania\" \/>\n\t<meta name=\"twitter:data1\" content=\"3 minuty\" \/>\n<script type=\"application\/ld+json\" class=\"yoast-schema-graph\">{\"@context\":\"https:\/\/schema.org\",\"@graph\":[{\"@type\":\"WebPage\",\"@id\":\"https:\/\/www.peanutoem.com\/manufacturer\/crunchy-peanut-butter\/\",\"url\":\"https:\/\/www.peanutoem.com\/manufacturer\/crunchy-peanut-butter\/\",\"name\":\"Crunchy Peanut Butter | Custom Crunchy Peanut Butter OEM - Peanut Butter Factory\",\"isPartOf\":{\"@id\":\"https:\/\/www.peanutoem.com\/#website\"},\"primaryImageOfPage\":{\"@id\":\"https:\/\/www.peanutoem.com\/manufacturer\/crunchy-peanut-butter\/#primaryimage\"},\"image\":{\"@id\":\"https:\/\/www.peanutoem.com\/manufacturer\/crunchy-peanut-butter\/#primaryimage\"},\"thumbnailUrl\":\"https:\/\/www.peanutoem.com\/wp-content\/uploads\/2023\/06\/Crunchy-Type-Peanut-Butter-340g.webp\",\"datePublished\":\"2023-06-08T08:15:42+00:00\",\"dateModified\":\"2024-09-28T06:53:33+00:00\",\"description\":\"As a leading private label manufacturer, Our crunchy peanut butter is made with delightful granule texture and customizable packaging.\",\"breadcrumb\":{\"@id\":\"https:\/\/www.peanutoem.com\/manufacturer\/crunchy-peanut-butter\/#breadcrumb\"},\"inLanguage\":\"pl-PL\",\"potentialAction\":[{\"@type\":\"ReadAction\",\"target\":[\"https:\/\/www.peanutoem.com\/manufacturer\/crunchy-peanut-butter\/\"]}]},{\"@type\":\"ImageObject\",\"inLanguage\":\"pl-PL\",\"@id\":\"https:\/\/www.peanutoem.com\/manufacturer\/crunchy-peanut-butter\/#primaryimage\",\"url\":\"https:\/\/www.peanutoem.com\/wp-content\/uploads\/2023\/06\/Crunchy-Type-Peanut-Butter-340g.webp\",\"contentUrl\":\"https:\/\/www.peanutoem.com\/wp-content\/uploads\/2023\/06\/Crunchy-Type-Peanut-Butter-340g.webp\",\"width\":1000,\"height\":1000,\"caption\":\"Crunchy Type Peanut Butter 340g\"},{\"@type\":\"BreadcrumbList\",\"@id\":\"https:\/\/www.peanutoem.com\/manufacturer\/crunchy-peanut-butter\/#breadcrumb\",\"itemListElement\":[{\"@type\":\"ListItem\",\"position\":1,\"name\":\"Home\",\"item\":\"https:\/\/www.peanutoem.com\/\"},{\"@type\":\"ListItem\",\"position\":2,\"name\":\"Products\",\"item\":\"https:\/\/www.peanutoem.com\/shop\/\"},{\"@type\":\"ListItem\",\"position\":3,\"name\":\"Crunchy Peanut Butter | Custom Crunchy Peanut Butter\"}]},{\"@type\":\"WebSite\",\"@id\":\"https:\/\/www.peanutoem.com\/#website\",\"url\":\"https:\/\/www.peanutoem.com\/\",\"name\":\"Peanut Butter Factory\",\"description\":\"Peanut Butter Manufacturer and Roast Peanut OEM Factory | Peanut Private Label China Supplier\",\"publisher\":{\"@id\":\"https:\/\/www.peanutoem.com\/#organization\"},\"alternateName\":\"Peanut Butter OEM and Wholesale\",\"potentialAction\":[{\"@type\":\"SearchAction\",\"target\":{\"@type\":\"EntryPoint\",\"urlTemplate\":\"https:\/\/www.peanutoem.com\/?s={search_term_string}\"},\"query-input\":{\"@type\":\"PropertyValueSpecification\",\"valueRequired\":true,\"valueName\":\"search_term_string\"}}],\"inLanguage\":\"pl-PL\"},{\"@type\":\"Organization\",\"@id\":\"https:\/\/www.peanutoem.com\/#organization\",\"name\":\"Peanut Butter Factory\",\"alternateName\":\"JuFeng Group\",\"url\":\"https:\/\/www.peanutoem.com\/\",\"logo\":{\"@type\":\"ImageObject\",\"inLanguage\":\"pl-PL\",\"@id\":\"https:\/\/www.peanutoem.com\/#\/schema\/logo\/image\/\",\"url\":\"https:\/\/www.peanutoem.com\/wp-content\/uploads\/2024\/09\/JUFENG-LOGO.png\",\"contentUrl\":\"https:\/\/www.peanutoem.com\/wp-content\/uploads\/2024\/09\/JUFENG-LOGO.png\",\"width\":600,\"height\":170,\"caption\":\"Peanut Butter Factory\"},\"image\":{\"@id\":\"https:\/\/www.peanutoem.com\/#\/schema\/logo\/image\/\"}}]}<\/script>\n<!-- \/ Yoast SEO plugin. -->","yoast_head_json":{"title":"Crunchy Peanut Butter | Custom Crunchy Peanut Butter OEM - Peanut Butter Factory","description":"As a leading private label manufacturer, Our crunchy peanut butter is made with delightful granule texture and customizable packaging.","robots":{"index":"index","follow":"follow","max-snippet":"max-snippet:-1","max-image-preview":"max-image-preview:large","max-video-preview":"max-video-preview:-1"},"canonical":"https:\/\/www.peanutoem.com\/pl\/manufacturer\/crunchy-peanut-butter\/","og_locale":"pl_PL","og_type":"article","og_title":"Crunchy Peanut Butter | Custom Crunchy Peanut Butter OEM - Peanut Butter Factory","og_description":"As a leading private label manufacturer, Our crunchy peanut butter is made with delightful granule texture and customizable packaging.","og_url":"https:\/\/www.peanutoem.com\/pl\/manufacturer\/crunchy-peanut-butter\/","og_site_name":"Peanut Butter Factory","article_modified_time":"2024-09-28T06:53:33+00:00","og_image":[{"width":1000,"height":1000,"url":"https:\/\/www.peanutoem.com\/wp-content\/uploads\/2023\/06\/Crunchy-Type-Peanut-Butter-340g.webp","type":"image\/webp"}],"twitter_card":"summary_large_image","twitter_misc":{"Szacowany czas czytania":"3 minuty"},"schema":{"@context":"https:\/\/schema.org","@graph":[{"@type":"WebPage","@id":"https:\/\/www.peanutoem.com\/manufacturer\/crunchy-peanut-butter\/","url":"https:\/\/www.peanutoem.com\/manufacturer\/crunchy-peanut-butter\/","name":"Crunchy Peanut Butter | Custom Crunchy Peanut Butter OEM - Peanut Butter Factory","isPartOf":{"@id":"https:\/\/www.peanutoem.com\/#website"},"primaryImageOfPage":{"@id":"https:\/\/www.peanutoem.com\/manufacturer\/crunchy-peanut-butter\/#primaryimage"},"image":{"@id":"https:\/\/www.peanutoem.com\/manufacturer\/crunchy-peanut-butter\/#primaryimage"},"thumbnailUrl":"https:\/\/www.peanutoem.com\/wp-content\/uploads\/2023\/06\/Crunchy-Type-Peanut-Butter-340g.webp","datePublished":"2023-06-08T08:15:42+00:00","dateModified":"2024-09-28T06:53:33+00:00","description":"As a leading private label manufacturer, Our crunchy peanut butter is made with delightful granule texture and customizable packaging.","breadcrumb":{"@id":"https:\/\/www.peanutoem.com\/manufacturer\/crunchy-peanut-butter\/#breadcrumb"},"inLanguage":"pl-PL","potentialAction":[{"@type":"ReadAction","target":["https:\/\/www.peanutoem.com\/manufacturer\/crunchy-peanut-butter\/"]}]},{"@type":"ImageObject","inLanguage":"pl-PL","@id":"https:\/\/www.peanutoem.com\/manufacturer\/crunchy-peanut-butter\/#primaryimage","url":"https:\/\/www.peanutoem.com\/wp-content\/uploads\/2023\/06\/Crunchy-Type-Peanut-Butter-340g.webp","contentUrl":"https:\/\/www.peanutoem.com\/wp-content\/uploads\/2023\/06\/Crunchy-Type-Peanut-Butter-340g.webp","width":1000,"height":1000,"caption":"Crunchy Type Peanut Butter 340g"},{"@type":"BreadcrumbList","@id":"https:\/\/www.peanutoem.com\/manufacturer\/crunchy-peanut-butter\/#breadcrumb","itemListElement":[{"@type":"ListItem","position":1,"name":"Home","item":"https:\/\/www.peanutoem.com\/"},{"@type":"ListItem","position":2,"name":"Products","item":"https:\/\/www.peanutoem.com\/shop\/"},{"@type":"ListItem","position":3,"name":"Crunchy Peanut Butter | Custom Crunchy Peanut Butter"}]},{"@type":"WebSite","@id":"https:\/\/www.peanutoem.com\/#website","url":"https:\/\/www.peanutoem.com\/","name":"Peanut Butter Factory","description":"Peanut Butter Manufacturer and Roast Peanut OEM Factory | Peanut Private Label China Supplier","publisher":{"@id":"https:\/\/www.peanutoem.com\/#organization"},"alternateName":"Peanut Butter OEM and Wholesale","potentialAction":[{"@type":"SearchAction","target":{"@type":"EntryPoint","urlTemplate":"https:\/\/www.peanutoem.com\/?s={search_term_string}"},"query-input":{"@type":"PropertyValueSpecification","valueRequired":true,"valueName":"search_term_string"}}],"inLanguage":"pl-PL"},{"@type":"Organization","@id":"https:\/\/www.peanutoem.com\/#organization","name":"Peanut Butter Factory","alternateName":"JuFeng Group","url":"https:\/\/www.peanutoem.com\/","logo":{"@type":"ImageObject","inLanguage":"pl-PL","@id":"https:\/\/www.peanutoem.com\/#\/schema\/logo\/image\/","url":"https:\/\/www.peanutoem.com\/wp-content\/uploads\/2024\/09\/JUFENG-LOGO.png","contentUrl":"https:\/\/www.peanutoem.com\/wp-content\/uploads\/2024\/09\/JUFENG-LOGO.png","width":600,"height":170,"caption":"Peanut Butter Factory"},"image":{"@id":"https:\/\/www.peanutoem.com\/#\/schema\/logo\/image\/"}}]}},"_links":{"self":[{"href":"https:\/\/www.peanutoem.com\/pl\/wp-json\/wp\/v2\/product\/1402","targetHints":{"allow":["GET"]}}],"collection":[{"href":"https:\/\/www.peanutoem.com\/pl\/wp-json\/wp\/v2\/product"}],"about":[{"href":"https:\/\/www.peanutoem.com\/pl\/wp-json\/wp\/v2\/types\/product"}],"replies":[{"embeddable":true,"href":"https:\/\/www.peanutoem.com\/pl\/wp-json\/wp\/v2\/comments?post=1402"}],"wp:featuredmedia":[{"embeddable":true,"href":"https:\/\/www.peanutoem.com\/pl\/wp-json\/wp\/v2\/media\/1652"}],"wp:attachment":[{"href":"https:\/\/www.peanutoem.com\/pl\/wp-json\/wp\/v2\/media?parent=1402"}],"wp:term":[{"taxonomy":"product_cat","embeddable":true,"href":"https:\/\/www.peanutoem.com\/pl\/wp-json\/wp\/v2\/product_cat?post=1402"},{"taxonomy":"product_tag","embeddable":true,"href":"https:\/\/www.peanutoem.com\/pl\/wp-json\/wp\/v2\/product_tag?post=1402"}],"curies":[{"name":"wp","href":"https:\/\/api.w.org\/{rel}","templated":true}]}}