{"id":1543,"date":"2024-09-02T13:37:15","date_gmt":"2024-09-02T13:37:15","guid":{"rendered":"https:\/\/www.peanutoem.com\/?post_type=product&#038;p=1543"},"modified":"2024-09-28T06:03:37","modified_gmt":"2024-09-28T06:03:37","slug":"pure-peanut-butter","status":"publish","type":"product","link":"https:\/\/www.peanutoem.com\/pl\/manufacturer\/pure-peanut-butter\/","title":{"rendered":"Czyste mas\u0142o orzechowe"},"content":{"rendered":"<h3>Czyste mas\u0142o orzechowe \u2013 wiod\u0105cy dostawca OEM i producent marek w\u0142asnych<\/h3>\n<p>Specjalizujemy si\u0119 w produkcji i dostarczaniu czystego mas\u0142a orzechowego jako zaufany dostawca OEM, producent marek w\u0142asnych i eksporter. Nasze produkty s\u0105 wytwarzane z orzeszk\u00f3w ziemnych 100%, zapewniaj\u0105c niezr\u00f3wnan\u0105 jako\u015b\u0107 i autentyczno\u015b\u0107 dla Twojej marki. Dzi\u0119ki zaawansowanym mo\u017cliwo\u015bciom produkcyjnym i globalnym certyfikatom dostosowujemy nasze rozwi\u0105zania w zakresie mas\u0142a orzechowego do Twoich konkretnych wymaga\u0144.<\/p>\n<h3>Czym jest czyste mas\u0142o orzechowe?<\/h3>\n<p><strong>Czysty <a href=\"https:\/\/www.peanutoem.com\/pl\/Wholesale\/peanut-butter\/\" target=\"_blank\" rel=\"noopener\">mas\u0142o orzechowe<\/a><\/strong> wykonany jest z 100% <a href=\"https:\/\/en.wikipedia.org\/wiki\/Peanut\" target=\"_blank\" rel=\"noopener\">orzeszki ziemne<\/a>, bez \u017cadnych dodanych cukr\u00f3w, olej\u00f3w ani konserwant\u00f3w. Oferuje naturalny, nieprzetworzony smak, kt\u00f3ry odpowiada konsumentom dbaj\u0105cym o zdrowie. Ten rodzaj mas\u0142a orzechowego zachowuje bogaty smak i naturalne oleje z orzeszk\u00f3w ziemnych, co czyni go popularnym wyborem dla os\u00f3b poszukuj\u0105cych produkt\u00f3w z czyst\u0105 etykiet\u0105.<\/p>\n<h3>Jakie s\u0105 inne nazwy czystego mas\u0142a orzechowego?<\/h3>\n<p>Jest r\u00f3wnie\u017c znany pod r\u00f3\u017cnymi nazwami w r\u00f3\u017cnych regionach i bran\u017cach. Niekt\u00f3re z najpopularniejszych alternatywnych nazw to:<\/p>\n<ul>\n<li><strong>Naturalne mas\u0142o orzechowe<\/strong><\/li>\n<li><strong>Mas\u0142o orzechowe bez cukru<\/strong><\/li>\n<li><strong>Mas\u0142o orzechowe bez dodatk\u00f3w<\/strong><\/li>\n<li><strong>100% mas\u0142o orzechowe<\/strong><\/li>\n<\/ul>\n<p>Nazwy te podkre\u015blaj\u0105 brak dodatkowych sk\u0142adnik\u00f3w, podkre\u015blaj\u0105c w ten spos\u00f3b czysto\u015b\u0107 produktu.<\/p>\n<h3>Dlaczego warto wybra\u0107 nas jako swojego dostawc\u0119?<\/h3>\n<p>Jako wiod\u0105cy dostawca OEM i producent marek w\u0142asnych oferujemy:<\/p>\n<ul>\n<li><strong>Produkty wysokiej jako\u015bci:<\/strong> Nasze czyste mas\u0142o orzechowe zawiera 100% wyselekcjonowanych orzeszk\u00f3w ziemnych, bez dodanego cukru, olej\u00f3w i konserwant\u00f3w.<\/li>\n<li><strong>Rozwi\u0105zania dostosowywane do indywidualnych potrzeb:<\/strong> Oferujemy elastyczne opcje opakowa\u0144, obejmuj\u0105ce s\u0142oiki, puszki i wiadra, w r\u00f3\u017cnych rozmiarach, aby sprosta\u0107 wymaganiom rynku.<\/li>\n<li><strong>\u015awiatowy <a href=\"https:\/\/www.peanutoem.com\/pl\/certificate\/\" target=\"_blank\" rel=\"noopener\">Certyfikaty<\/a>:<\/strong> Nasze certyfikaty, obejmuj\u0105ce HACCP, BRCGS, Halal i Kosher, gwarantuj\u0105 bezpiecze\u0144stwo produkt\u00f3w i najwy\u017csz\u0105 jako\u015b\u0107.<\/li>\n<li><strong>Du\u017ca zdolno\u015b\u0107 produkcyjna:<\/strong> Potrafimy sprawnie realizowa\u0107 zar\u00f3wno ma\u0142e, jak i du\u017ce zam\u00f3wienia, dostosowuj\u0105c si\u0119 do zr\u00f3\u017cnicowanych potrzeb klient\u00f3w.<\/li>\n<li><strong>Ekspertyza w zakresie eksportu globalnego:<\/strong> Mamy du\u017ce do\u015bwiadczenie w dostarczaniu klientom na ca\u0142ym \u015bwiecie wysokiej jako\u015bci mas\u0142a orzechowego.<\/li>\n<\/ul>\n<h3>Najcz\u0119\u015bciej zadawane pytania dotycz\u0105ce naszej roli jako producenta i hurtownika<\/h3>\n<ol>\n<li><strong>Dlaczego jeste\u015bcie wiod\u0105cym dostawc\u0105 OEM w bran\u017cy mas\u0142a orzechowego?<\/strong><br \/>\nProdukujemy mas\u0142o orzechowe dla marek pod ich w\u0142asnymi markami, zapewniaj\u0105c dostosowane do potrzeb rozwi\u0105zania produktowe.<\/li>\n<li><strong>Czy oferujecie us\u0142ugi marek w\u0142asnych?<\/strong><br \/>\nTak, specjalizujemy si\u0119 w elastycznych rozwi\u0105zaniach marek w\u0142asnych, kt\u00f3re pomog\u0105 Ci stworzy\u0107 w\u0142asne markowe mas\u0142o orzechowe.<\/li>\n<li><strong>Jakich sk\u0142adnik\u00f3w u\u017cywasz?<\/strong><br \/>\nNasze czyste mas\u0142o orzechowe sk\u0142ada si\u0119 z 100% wyselekcjonowanych orzeszk\u00f3w ziemnych, bez dodanego cukru, olej\u00f3w i konserwant\u00f3w.<\/li>\n<li><strong>Jak mog\u0119 spersonalizowa\u0107 opakowanie?<\/strong><br \/>\nMo\u017cesz wybiera\u0107 spo\u015br\u00f3d r\u00f3\u017cnych opcji i rozmiar\u00f3w opakowa\u0144, dostosowanych do Twoich potrzeb, od sprzeda\u017cy detalicznej po hurtowe ilo\u015bci.<\/li>\n<li><strong>Jaka jest minimalna ilo\u015b\u0107 zam\u00f3wienia (MOQ)?<\/strong><br \/>\nMinimalne zam\u00f3wienie wynosi jedn\u0105 ton\u0119, co zapewnia elastyczno\u015b\u0107 zar\u00f3wno ma\u0142ym, jak i du\u017cym przedsi\u0119biorstwom.<\/li>\n<li><strong>Czym wyr\u00f3\u017cnia si\u0119 Twoje czyste mas\u0142o orzechowe?<\/strong><br \/>\nNasze zaanga\u017cowanie na rzecz jako\u015bci, globalne certyfikaty i dostosowane do potrzeb rozwi\u0105zania marek w\u0142asnych wyr\u00f3\u017cniaj\u0105 nas na tle konkurencji.<\/li>\n<li><strong>Jak d\u0142ugo trwa realizacja zam\u00f3wienia?<\/strong><br \/>\nCzas dostawy wynosi od 7 do 20 dni, w zale\u017cno\u015bci od rozmiaru zam\u00f3wienia i wymaga\u0144 dotycz\u0105cych opakowania.<\/li>\n<li><strong>Czy mog\u0119 poprosi\u0107 o pr\u00f3bki przed z\u0142o\u017ceniem zam\u00f3wienia?<\/strong><br \/>\nTak, oferujemy bezp\u0142atne pr\u00f3bki naszego czystego mas\u0142a orzechowego w celu oceny jako\u015bci przed z\u0142o\u017ceniem zam\u00f3wienia hurtowego.<\/li>\n<li><strong>Czy eksportujesz globalnie?<\/strong><br \/>\nOczywi\u015bcie! Mamy do\u015bwiadczenie w eksporcie wysokiej jako\u015bci czystego mas\u0142a orzechowego do klient\u00f3w na ca\u0142ym \u015bwiecie.<\/li>\n<\/ol>\n<h3>Dlaczego czyste mas\u0142o orzechowe?<\/h3>\n<p>Czyste mas\u0142o orzechowe to opcja dla \u015bwiadomych zdrowia konsument\u00f3w poszukuj\u0105cych naturalnego produktu bez dodatk\u00f3w. Jest bogate w bia\u0142ko, zdrowe t\u0142uszcze i niezb\u0119dne sk\u0142adniki od\u017cywcze, co czyni je wszechstronnym sk\u0142adnikiem w kuchniach na ca\u0142ym \u015bwiecie. W miar\u0119 jak konsumenci coraz bardziej skupiaj\u0105 si\u0119 na czystych etykietach, popyt na produkty na bazie orzech\u00f3w arachidowych 100% stale ro\u015bnie.<\/p>\n<p>Zapewniamy, \u017ce nasze czyste mas\u0142o orzechowe spe\u0142nia te wymagania, dostarczaj\u0105c produkt, kt\u00f3ry jest tak bliski naturze, jak to mo\u017cliwe, a jednocze\u015bnie w pe\u0142ni dostosowywalny do potrzeb Twojej marki. Niezale\u017cnie od tego, czy chcesz rozszerzy\u0107 ofert\u0119 swojej marki, czy wej\u015b\u0107 na nowe rynki, mamy mo\u017cliwo\u015bci, wiedz\u0119 specjalistyczn\u0105 i certyfikaty, aby to osi\u0105gn\u0105\u0107.<\/p>\n<a href=\"mailto:globepeanut@gmail.com\" class=\"button primary is-primary is-medium\"  >\n    <span>Napisz do nas<\/span>\n  <\/a>","protected":false},"excerpt":{"rendered":"<table width=\"564\">\n<tbody>\n<tr>\n<td width=\"113\"><strong>Nazwa produktu<\/strong><\/td>\n<td width=\"402\">Czyste mas\u0142o orzechowe<\/td>\n<\/tr>\n<tr>\n<td width=\"113\"><strong>Sk\u0142adniki<\/strong><\/td>\n<td width=\"402\">Wybrane mas\u0142o orzechowe<\/td>\n<\/tr>\n<tr>\n<td width=\"113\"><strong>Specyfikacje<\/strong><\/td>\n<td width=\"402\">10 kg x 1, 20 kg x 1, 22 kg x 1, 220 kg x 1<\/td>\n<\/tr>\n<tr>\n<td width=\"113\"><strong>Forma pakowania<\/strong><\/td>\n<td width=\"402\">S\u0142oik, wiadro, torba, karton, beczka, butelka itp.<\/td>\n<\/tr>\n<tr>\n<td width=\"113\"><strong>Czas dostawy<\/strong><\/td>\n<td width=\"402\">7~20 dni po zam\u00f3wieniu<\/td>\n<\/tr>\n<tr>\n<td width=\"113\"><strong>Minimalna ilo\u015b\u0107 zam\u00f3wienia<\/strong><\/td>\n<td width=\"402\">Jedna tona<\/td>\n<\/tr>\n<tr>\n<td width=\"113\"><strong>Pr\u00f3bka<\/strong><\/td>\n<td width=\"402\">Dost\u0119pna bezp\u0142atna pr\u00f3bka<\/td>\n<\/tr>\n<tr>\n<td width=\"113\"><strong>Producent OEM<\/strong><\/td>\n<td width=\"402\">Etykieta kupuj\u0105cego zaakceptowana<\/td>\n<\/tr>\n<\/tbody>\n<\/table>","protected":false},"featured_media":1659,"comment_status":"open","ping_status":"closed","template":"","meta":[],"product_cat":[15],"product_tag":[],"class_list":{"0":"post-1543","1":"product","2":"type-product","3":"status-publish","4":"has-post-thumbnail","6":"product_cat-peanut-butter","8":"first","9":"instock","10":"shipping-taxable","11":"product-type-simple"},"yoast_head":"<!-- This site is optimized with the Yoast SEO plugin v24.9 - https:\/\/yoast.com\/wordpress\/plugins\/seo\/ -->\n<title>Pure Peanut Butter OEM Producer - Peanut Butter Factory<\/title>\n<meta name=\"description\" content=\"As a top OEM manufacturer and exporter, we supply pure peanut butter made from 100% peanuts. Customizable private label solutions for your business needs.\" \/>\n<meta name=\"robots\" content=\"index, follow, max-snippet:-1, max-image-preview:large, max-video-preview:-1\" \/>\n<link rel=\"canonical\" href=\"https:\/\/www.peanutoem.com\/pl\/manufacturer\/pure-peanut-butter\/\" \/>\n<meta property=\"og:locale\" content=\"pl_PL\" \/>\n<meta property=\"og:type\" content=\"article\" \/>\n<meta property=\"og:title\" content=\"Pure Peanut Butter OEM Producer - Peanut Butter Factory\" \/>\n<meta property=\"og:description\" content=\"As a top OEM manufacturer and exporter, we supply pure peanut butter made from 100% peanuts. Customizable private label solutions for your business needs.\" \/>\n<meta property=\"og:url\" content=\"https:\/\/www.peanutoem.com\/pl\/manufacturer\/pure-peanut-butter\/\" \/>\n<meta property=\"og:site_name\" content=\"Peanut Butter Factory\" \/>\n<meta property=\"article:modified_time\" content=\"2024-09-28T06:03:37+00:00\" \/>\n<meta property=\"og:image\" content=\"https:\/\/www.peanutoem.com\/wp-content\/uploads\/2024\/09\/Pure-Peanut-Butter-OEM-Supplier.webp\" \/>\n\t<meta property=\"og:image:width\" content=\"1000\" \/>\n\t<meta property=\"og:image:height\" content=\"1000\" \/>\n\t<meta property=\"og:image:type\" content=\"image\/webp\" \/>\n<meta name=\"twitter:card\" content=\"summary_large_image\" \/>\n<meta name=\"twitter:label1\" content=\"Szacowany czas czytania\" \/>\n\t<meta name=\"twitter:data1\" content=\"3 minuty\" \/>\n<script type=\"application\/ld+json\" class=\"yoast-schema-graph\">{\"@context\":\"https:\/\/schema.org\",\"@graph\":[{\"@type\":\"WebPage\",\"@id\":\"https:\/\/www.peanutoem.com\/manufacturer\/pure-peanut-butter\/\",\"url\":\"https:\/\/www.peanutoem.com\/manufacturer\/pure-peanut-butter\/\",\"name\":\"Pure Peanut Butter OEM Producer - Peanut Butter Factory\",\"isPartOf\":{\"@id\":\"https:\/\/www.peanutoem.com\/#website\"},\"primaryImageOfPage\":{\"@id\":\"https:\/\/www.peanutoem.com\/manufacturer\/pure-peanut-butter\/#primaryimage\"},\"image\":{\"@id\":\"https:\/\/www.peanutoem.com\/manufacturer\/pure-peanut-butter\/#primaryimage\"},\"thumbnailUrl\":\"https:\/\/www.peanutoem.com\/wp-content\/uploads\/2024\/09\/Pure-Peanut-Butter-OEM-Supplier.webp\",\"datePublished\":\"2024-09-02T13:37:15+00:00\",\"dateModified\":\"2024-09-28T06:03:37+00:00\",\"description\":\"As a top OEM manufacturer and exporter, we supply pure peanut butter made from 100% peanuts. Customizable private label solutions for your business needs.\",\"breadcrumb\":{\"@id\":\"https:\/\/www.peanutoem.com\/manufacturer\/pure-peanut-butter\/#breadcrumb\"},\"inLanguage\":\"pl-PL\",\"potentialAction\":[{\"@type\":\"ReadAction\",\"target\":[\"https:\/\/www.peanutoem.com\/manufacturer\/pure-peanut-butter\/\"]}]},{\"@type\":\"ImageObject\",\"inLanguage\":\"pl-PL\",\"@id\":\"https:\/\/www.peanutoem.com\/manufacturer\/pure-peanut-butter\/#primaryimage\",\"url\":\"https:\/\/www.peanutoem.com\/wp-content\/uploads\/2024\/09\/Pure-Peanut-Butter-OEM-Supplier.webp\",\"contentUrl\":\"https:\/\/www.peanutoem.com\/wp-content\/uploads\/2024\/09\/Pure-Peanut-Butter-OEM-Supplier.webp\",\"width\":1000,\"height\":1000,\"caption\":\"Pure Peanut Butter OEM Supplier\"},{\"@type\":\"BreadcrumbList\",\"@id\":\"https:\/\/www.peanutoem.com\/manufacturer\/pure-peanut-butter\/#breadcrumb\",\"itemListElement\":[{\"@type\":\"ListItem\",\"position\":1,\"name\":\"Home\",\"item\":\"https:\/\/www.peanutoem.com\/\"},{\"@type\":\"ListItem\",\"position\":2,\"name\":\"Products\",\"item\":\"https:\/\/www.peanutoem.com\/shop\/\"},{\"@type\":\"ListItem\",\"position\":3,\"name\":\"Pure Peanut Butter\"}]},{\"@type\":\"WebSite\",\"@id\":\"https:\/\/www.peanutoem.com\/#website\",\"url\":\"https:\/\/www.peanutoem.com\/\",\"name\":\"Peanut Butter Factory\",\"description\":\"Peanut Butter Manufacturer and Roast Peanut OEM Factory | Peanut Private Label China Supplier\",\"publisher\":{\"@id\":\"https:\/\/www.peanutoem.com\/#organization\"},\"alternateName\":\"Peanut Butter OEM and Wholesale\",\"potentialAction\":[{\"@type\":\"SearchAction\",\"target\":{\"@type\":\"EntryPoint\",\"urlTemplate\":\"https:\/\/www.peanutoem.com\/?s={search_term_string}\"},\"query-input\":{\"@type\":\"PropertyValueSpecification\",\"valueRequired\":true,\"valueName\":\"search_term_string\"}}],\"inLanguage\":\"pl-PL\"},{\"@type\":\"Organization\",\"@id\":\"https:\/\/www.peanutoem.com\/#organization\",\"name\":\"Peanut Butter Factory\",\"alternateName\":\"JuFeng Group\",\"url\":\"https:\/\/www.peanutoem.com\/\",\"logo\":{\"@type\":\"ImageObject\",\"inLanguage\":\"pl-PL\",\"@id\":\"https:\/\/www.peanutoem.com\/#\/schema\/logo\/image\/\",\"url\":\"https:\/\/www.peanutoem.com\/wp-content\/uploads\/2024\/09\/JUFENG-LOGO.png\",\"contentUrl\":\"https:\/\/www.peanutoem.com\/wp-content\/uploads\/2024\/09\/JUFENG-LOGO.png\",\"width\":600,\"height\":170,\"caption\":\"Peanut Butter Factory\"},\"image\":{\"@id\":\"https:\/\/www.peanutoem.com\/#\/schema\/logo\/image\/\"}}]}<\/script>\n<!-- \/ Yoast SEO plugin. -->","yoast_head_json":{"title":"Pure Peanut Butter OEM Producer - Peanut Butter Factory","description":"As a top OEM manufacturer and exporter, we supply pure peanut butter made from 100% peanuts. Customizable private label solutions for your business needs.","robots":{"index":"index","follow":"follow","max-snippet":"max-snippet:-1","max-image-preview":"max-image-preview:large","max-video-preview":"max-video-preview:-1"},"canonical":"https:\/\/www.peanutoem.com\/pl\/manufacturer\/pure-peanut-butter\/","og_locale":"pl_PL","og_type":"article","og_title":"Pure Peanut Butter OEM Producer - Peanut Butter Factory","og_description":"As a top OEM manufacturer and exporter, we supply pure peanut butter made from 100% peanuts. Customizable private label solutions for your business needs.","og_url":"https:\/\/www.peanutoem.com\/pl\/manufacturer\/pure-peanut-butter\/","og_site_name":"Peanut Butter Factory","article_modified_time":"2024-09-28T06:03:37+00:00","og_image":[{"width":1000,"height":1000,"url":"https:\/\/www.peanutoem.com\/wp-content\/uploads\/2024\/09\/Pure-Peanut-Butter-OEM-Supplier.webp","type":"image\/webp"}],"twitter_card":"summary_large_image","twitter_misc":{"Szacowany czas czytania":"3 minuty"},"schema":{"@context":"https:\/\/schema.org","@graph":[{"@type":"WebPage","@id":"https:\/\/www.peanutoem.com\/manufacturer\/pure-peanut-butter\/","url":"https:\/\/www.peanutoem.com\/manufacturer\/pure-peanut-butter\/","name":"Pure Peanut Butter OEM Producer - Peanut Butter Factory","isPartOf":{"@id":"https:\/\/www.peanutoem.com\/#website"},"primaryImageOfPage":{"@id":"https:\/\/www.peanutoem.com\/manufacturer\/pure-peanut-butter\/#primaryimage"},"image":{"@id":"https:\/\/www.peanutoem.com\/manufacturer\/pure-peanut-butter\/#primaryimage"},"thumbnailUrl":"https:\/\/www.peanutoem.com\/wp-content\/uploads\/2024\/09\/Pure-Peanut-Butter-OEM-Supplier.webp","datePublished":"2024-09-02T13:37:15+00:00","dateModified":"2024-09-28T06:03:37+00:00","description":"As a top OEM manufacturer and exporter, we supply pure peanut butter made from 100% peanuts. Customizable private label solutions for your business needs.","breadcrumb":{"@id":"https:\/\/www.peanutoem.com\/manufacturer\/pure-peanut-butter\/#breadcrumb"},"inLanguage":"pl-PL","potentialAction":[{"@type":"ReadAction","target":["https:\/\/www.peanutoem.com\/manufacturer\/pure-peanut-butter\/"]}]},{"@type":"ImageObject","inLanguage":"pl-PL","@id":"https:\/\/www.peanutoem.com\/manufacturer\/pure-peanut-butter\/#primaryimage","url":"https:\/\/www.peanutoem.com\/wp-content\/uploads\/2024\/09\/Pure-Peanut-Butter-OEM-Supplier.webp","contentUrl":"https:\/\/www.peanutoem.com\/wp-content\/uploads\/2024\/09\/Pure-Peanut-Butter-OEM-Supplier.webp","width":1000,"height":1000,"caption":"Pure Peanut Butter OEM Supplier"},{"@type":"BreadcrumbList","@id":"https:\/\/www.peanutoem.com\/manufacturer\/pure-peanut-butter\/#breadcrumb","itemListElement":[{"@type":"ListItem","position":1,"name":"Home","item":"https:\/\/www.peanutoem.com\/"},{"@type":"ListItem","position":2,"name":"Products","item":"https:\/\/www.peanutoem.com\/shop\/"},{"@type":"ListItem","position":3,"name":"Pure Peanut Butter"}]},{"@type":"WebSite","@id":"https:\/\/www.peanutoem.com\/#website","url":"https:\/\/www.peanutoem.com\/","name":"Peanut Butter Factory","description":"Peanut Butter Manufacturer and Roast Peanut OEM Factory | Peanut Private Label China Supplier","publisher":{"@id":"https:\/\/www.peanutoem.com\/#organization"},"alternateName":"Peanut Butter OEM and Wholesale","potentialAction":[{"@type":"SearchAction","target":{"@type":"EntryPoint","urlTemplate":"https:\/\/www.peanutoem.com\/?s={search_term_string}"},"query-input":{"@type":"PropertyValueSpecification","valueRequired":true,"valueName":"search_term_string"}}],"inLanguage":"pl-PL"},{"@type":"Organization","@id":"https:\/\/www.peanutoem.com\/#organization","name":"Peanut Butter Factory","alternateName":"JuFeng Group","url":"https:\/\/www.peanutoem.com\/","logo":{"@type":"ImageObject","inLanguage":"pl-PL","@id":"https:\/\/www.peanutoem.com\/#\/schema\/logo\/image\/","url":"https:\/\/www.peanutoem.com\/wp-content\/uploads\/2024\/09\/JUFENG-LOGO.png","contentUrl":"https:\/\/www.peanutoem.com\/wp-content\/uploads\/2024\/09\/JUFENG-LOGO.png","width":600,"height":170,"caption":"Peanut Butter Factory"},"image":{"@id":"https:\/\/www.peanutoem.com\/#\/schema\/logo\/image\/"}}]}},"_links":{"self":[{"href":"https:\/\/www.peanutoem.com\/pl\/wp-json\/wp\/v2\/product\/1543","targetHints":{"allow":["GET"]}}],"collection":[{"href":"https:\/\/www.peanutoem.com\/pl\/wp-json\/wp\/v2\/product"}],"about":[{"href":"https:\/\/www.peanutoem.com\/pl\/wp-json\/wp\/v2\/types\/product"}],"replies":[{"embeddable":true,"href":"https:\/\/www.peanutoem.com\/pl\/wp-json\/wp\/v2\/comments?post=1543"}],"wp:featuredmedia":[{"embeddable":true,"href":"https:\/\/www.peanutoem.com\/pl\/wp-json\/wp\/v2\/media\/1659"}],"wp:attachment":[{"href":"https:\/\/www.peanutoem.com\/pl\/wp-json\/wp\/v2\/media?parent=1543"}],"wp:term":[{"taxonomy":"product_cat","embeddable":true,"href":"https:\/\/www.peanutoem.com\/pl\/wp-json\/wp\/v2\/product_cat?post=1543"},{"taxonomy":"product_tag","embeddable":true,"href":"https:\/\/www.peanutoem.com\/pl\/wp-json\/wp\/v2\/product_tag?post=1543"}],"curies":[{"name":"wp","href":"https:\/\/api.w.org\/{rel}","templated":true}]}}