{"id":1545,"date":"2024-09-02T13:38:22","date_gmt":"2024-09-02T13:38:22","guid":{"rendered":"https:\/\/www.peanutoem.com\/?post_type=product&#038;p=1545"},"modified":"2024-09-28T05:39:23","modified_gmt":"2024-09-28T05:39:23","slug":"stabilized-peanut-butter","status":"publish","type":"product","link":"https:\/\/www.peanutoem.com\/pl\/manufacturer\/stabilized-peanut-butter\/","title":{"rendered":"Stabilizowane mas\u0142o orzechowe"},"content":{"rendered":"<h3>Czym jest stabilizowane mas\u0142o orzechowe?<\/h3>\n<p>Ustabilizowany <a href=\"https:\/\/www.peanutoem.com\/pl\/Wholesale\/peanut-butter\/\" target=\"_blank\" rel=\"noopener\">mas\u0142o orzechowe<\/a> jest specjalnie opracowany <a href=\"https:\/\/en.wikipedia.org\/wiki\/Peanut\" target=\"_blank\" rel=\"noopener\">arachid<\/a> mas\u0142o, kt\u00f3re zachowuje jedwabist\u0105, kremow\u0105 konsystencj\u0119 przez d\u0142ugi czas bez oddzielania si\u0119 oleju od wody, kt\u00f3re nast\u0119puje z czasem. W przeciwie\u0144stwie do zwyk\u0142ego naturalnego mas\u0142a orzechowego, kt\u00f3re ma tendencj\u0119 do naturalnego rozdzielania si\u0119 na warstwy oleju arachidowego na wierzchu i sta\u0142e okruszki orzechowe na spodzie, stabilizowane mas\u0142o orzechowe jest sprytnie mieszane z naturalnymi stabilizatorami, takimi jak oleje ro\u015blinne lub emulgatory, aby zapewni\u0107 jednolit\u0105 konsystencj\u0119. Ta cecha sprawia, \u017ce jest to najlepszy wyb\u00f3r dla konsument\u00f3w, kt\u00f3rzy szukaj\u0105 wygody, poniewa\u017c nie ma potrzeby dodatkowych operacji, takich jak mieszanie przed u\u017cyciem. Stabilizowane mas\u0142o orzechowe jest popularne ze wzgl\u0119du na swoj\u0105 sta\u0142\u0105 jako\u015b\u0107 i d\u0142ugi okres przydatno\u015bci do spo\u017cycia i jest nie tylko uwielbiane przez u\u017cytkownik\u00f3w domowych, ale jest r\u00f3wnie\u017c szeroko stosowane w przemy\u015ble spo\u017cywczym.<\/p>\n<h3>Jakie s\u0105 inne nazwy?<\/h3>\n<p>Stabilizowane mas\u0142o orzechowe mo\u017ce by\u0107 znane pod r\u00f3\u017cnymi nazwami, w tym:<\/p>\n<ul>\n<li>Kremowy krem orzechowy<\/li>\n<li>Kremowe stabilizowane mas\u0142o orzechowe<\/li>\n<li>Emulgowane mas\u0142o orzechowe<\/li>\n<li>Mas\u0142o orzechowe jednorodne lub homogenizowane<\/li>\n<li>D\u0142ugotrwa\u0142y krem orzechowy<\/li>\n<li>Mas\u0142o orzechowe bez mieszania<\/li>\n<li>Mas\u0142o orzechowe nierozwarstwiaj\u0105ce si\u0119<\/li>\n<li>Przetworzone mas\u0142o orzechowe<\/li>\n<li>Mas\u0142o orzechowe o d\u0142ugim okresie przydatno\u015bci do spo\u017cycia<\/li>\n<li>G\u0142adkie mas\u0142o orzechowe<\/li>\n<li>G\u0142adkie, trwa\u0142e mas\u0142o orzechowe<\/li>\n<\/ul>\n<h3><strong>Gor\u0105ce tematy dotycz\u0105ce stabilizowanego mas\u0142a orzechowego<\/strong><\/h3>\n<ol>\n<li><strong> Korzy\u015bci: <\/strong>Stabilizowane mas\u0142o orzechowe oferuje kilka zalet, w tym jednolit\u0105 konsystencj\u0119, kt\u00f3ra nie wymaga mieszania, i d\u0142u\u017cszy okres przydatno\u015bci do spo\u017cycia. Jest idealne do stosowania w przepisach i jako smarowid\u0142o, gdzie jednolita tekstura jest kluczowa.<\/li>\n<li><strong> Zastosowania w produkcji \u017cywno\u015bci:\u00a0<\/strong>Ze wzgl\u0119du na swoj\u0105 stabilno\u015b\u0107 jest szeroko stosowany w produkcji \u017cywno\u015bci. S\u0142u\u017cy jako sk\u0142adnik r\u00f3\u017cnych produkt\u00f3w, takich jak batony, sosy i wypieki, gdzie sp\u00f3jno\u015b\u0107 i jako\u015b\u0107 s\u0105 niezb\u0119dne.<\/li>\n<li><strong> Preferencje i trendy konsumenckie: <\/strong>Konsumenci coraz cz\u0119\u015bciej preferuj\u0105 stabilizowane mas\u0142o orzechowe ze wzgl\u0119du na wygod\u0119 i niezawodno\u015b\u0107. Poniewa\u017c zmiany stylu \u017cycia prowadz\u0105 do bardziej napi\u0119tych harmonogram\u00f3w, produkty oferuj\u0105ce bezproblemowe przechowywanie i przygotowywanie zyskuj\u0105 na popularno\u015bci.<\/li>\n<li><strong> Aspekty \u017cywieniowe: <\/strong>Stabilizowane mas\u0142o orzechowe zachowuje sw\u00f3j profil od\u017cywczy, oferuj\u0105c jednocze\u015bnie stabilny, sp\u00f3jny produkt. Dostarcza niezb\u0119dnych sk\u0142adnik\u00f3w od\u017cywczych, takich jak bia\u0142ko, zdrowe t\u0142uszcze i witaminy, co czyni je zdrowym wyborem dla r\u00f3\u017cnych diet.<\/li>\n<\/ol>\n<h3><strong>Dlaczego warto wybra\u0107 nas jako swojego dostawc\u0119?<\/strong><\/h3>\n<ol>\n<li><strong>Dlaczego jeste\u015bcie najlepszym wyborem, je\u015bli chodzi o us\u0142ugi OEM w zakresie stabilizowanego mas\u0142a orzechowego?<\/strong><br \/>\nOferujemy rozwi\u0105zania dostosowane do potrzeb klienta, produkty wysokiej jako\u015bci oraz bogate do\u015bwiadczenie w zakresie globalnej produkcji i eksportu.<\/li>\n<li><strong>Czy mo\u017cesz dostosowa\u0107 tekstur\u0119, konsystencj\u0119 i formu\u0142\u0119?<\/strong><br \/>\nTak, mo\u017cemy dostosowa\u0107 konsystencj\u0119 i opracowa\u0107 unikaln\u0105 receptur\u0119 odpowiadaj\u0105c\u0105 Twoim szczeg\u00f3lnym wymaganiom i preferencjom konsumenta.<\/li>\n<li><strong>Jakie opcje pakowania s\u0105 dost\u0119pne?<\/strong><br \/>\nOferujemy r\u00f3\u017cne formaty opakowa\u0144, kt\u00f3re mo\u017cna dostosowa\u0107 do potrzeb danej marki, w tym s\u0142oiki, woreczki i pojemniki zbiorcze.<\/li>\n<li><strong>Czy jest dost\u0119pny w wersji ekologicznej?<\/strong><br \/>\nOczywi\u015bcie! Dostarczamy stabilizowane mas\u0142o orzechowe wykonane z organicznych orzech\u00f3w arachidowych i naturalnych sk\u0142adnik\u00f3w.<\/li>\n<li><strong>Jak zapewniacie jako\u015b\u0107?<\/strong><br \/>\nNasze rygorystyczne procesy kontroli jako\u015bci oraz certyfikaty, takie jak HACCP, BRCGS i koszerno\u015b\u0107, gwarantuj\u0105, \u017ce ka\u017cda partia spe\u0142nia najwy\u017csze standardy.<\/li>\n<li><strong>Jaki jest czas realizacji zam\u00f3wienia na produkcj\u0119 i wysy\u0142k\u0119?<\/strong><br \/>\nCzas realizacji zam\u00f3wienia zale\u017cy od wielko\u015bci zam\u00f3wienia i miejsca docelowego, ale gwarantujemy sprawn\u0105 produkcj\u0119 i terminowe dostawy, zazwyczaj w ci\u0105gu kilku tygodni.<\/li>\n<li><strong>Czy zajmujecie si\u0119 eksportem mi\u0119dzynarodowym?<\/strong><br \/>\nTak, zarz\u0105dzamy wszystkimi aspektami globalnej wysy\u0142ki i zgodno\u015bci z przepisami, aby zapewni\u0107 p\u0142ynn\u0105 dostaw\u0119.<\/li>\n<li><strong>Jakie certyfikaty posiadasz?<\/strong><br \/>\nNasze stabilizowane mas\u0142o orzechowe posiada certyfikaty HACCP, koszerno\u015bci, halal, BRCGS i inne stosowne normy, co gwarantuje bezpiecze\u0144stwo i jako\u015b\u0107 produktu.<\/li>\n<li><strong>Czy mo\u017cemy poprosi\u0107 o pr\u00f3bki przed z\u0142o\u017ceniem pe\u0142nego zam\u00f3wienia?<\/strong><br \/>\nTak, dostarczamy partie pr\u00f3bne do testowania, aby mie\u0107 pewno\u015b\u0107, \u017ce produkt spe\u0142ni Twoje oczekiwania, zanim podejmiesz wi\u0119ksze zobowi\u0105zanie.<\/li>\n<\/ol>\n<h3><strong>Fakty o stabilizowanym ma\u015ble orzechowym\u00a0<\/strong><\/h3>\n<ol>\n<li><strong>Brak separacji:<\/strong> Stabilizowane mas\u0142o orzechowe nie rozdziela si\u0119 na olej i sta\u0142e sk\u0142adniki, co zapewnia jednolit\u0105 konsystencj\u0119 przez ca\u0142y okres przydatno\u015bci do spo\u017cycia.<\/li>\n<li><strong>Wyd\u0142u\u017cony okres przydatno\u015bci do spo\u017cycia:<\/strong> Ma d\u0142u\u017cszy okres przydatno\u015bci do spo\u017cycia w por\u00f3wnaniu do tradycyjnego mas\u0142a orzechowego, co zmniejsza potrzeb\u0119 cz\u0119stego ponownego zakupu i ilo\u015b\u0107 odpad\u00f3w.<\/li>\n<li><strong>Wygoda:<\/strong> Idealny do stosowania w r\u00f3\u017cnych zastosowaniach, w kt\u00f3rych kluczowa jest stabilna, smarowalna konsystencja, np. w przetw\u00f3rstwie spo\u017cywczym i handlu detalicznym.<\/li>\n<li><strong>Retencja sk\u0142adnik\u00f3w od\u017cywczych:<\/strong> Pomimo swojej stabilno\u015bci, zachowuje warto\u015bci od\u017cywcze orzeszk\u00f3w ziemnych, w tym bia\u0142ko, zdrowe t\u0142uszcze i niezb\u0119dne witaminy.<\/li>\n<li><strong>Wszechstronne zastosowanie:<\/strong> Nadaje si\u0119 do stosowania w szerokiej gamie produkt\u00f3w, od smarowide\u0142 i przek\u0105sek po sk\u0142adniki bazowe w przetworzonej \u017cywno\u015bci.<\/li>\n<\/ol>\n<a href=\"mailto:globepeanut@gmail.com\" class=\"button primary is-primary is-medium\"  >\n    <span>Napisz do nas<\/span>\n  <\/a>","protected":false},"excerpt":{"rendered":"<table width=\"564\">\n<tbody>\n<tr>\n<td width=\"113\"><strong>Nazwa produktu<\/strong><\/td>\n<td width=\"402\">Stabilizowane mas\u0142o orzechowe<\/td>\n<\/tr>\n<tr>\n<td width=\"113\"><strong>Specyfikacje<\/strong><\/td>\n<td width=\"402\">10 kg x 1, 20 kg x 1, 22 kg x 1<\/td>\n<\/tr>\n<tr>\n<td width=\"113\"><strong>Forma pakowania<\/strong><\/td>\n<td width=\"402\">S\u0142oik, wiadro, opakowanie Doy Pack, torba, karton, puszka, beczka, puszka, butelka itp.<\/td>\n<\/tr>\n<tr>\n<td width=\"113\"><strong>Czas dostawy<\/strong><\/td>\n<td width=\"402\">7~20 dni po zam\u00f3wieniu<\/td>\n<\/tr>\n<tr>\n<td width=\"113\"><strong>Minimalna ilo\u015b\u0107 zam\u00f3wienia<\/strong><\/td>\n<td width=\"402\">Jedna tona<\/td>\n<\/tr>\n<tr>\n<td width=\"113\"><strong>Pr\u00f3bka<\/strong><\/td>\n<td width=\"402\">Dost\u0119pna bezp\u0142atna pr\u00f3bka<\/td>\n<\/tr>\n<tr>\n<td width=\"113\"><strong>Producent OEM<\/strong><\/td>\n<td width=\"402\">Etykieta kupuj\u0105cego zaakceptowana<\/td>\n<\/tr>\n<\/tbody>\n<\/table>","protected":false},"featured_media":1692,"comment_status":"open","ping_status":"closed","template":"","meta":[],"product_cat":[15],"product_tag":[],"class_list":{"0":"post-1545","1":"product","2":"type-product","3":"status-publish","4":"has-post-thumbnail","6":"product_cat-peanut-butter","8":"first","9":"instock","10":"shipping-taxable","11":"product-type-simple"},"yoast_head":"<!-- This site is optimized with the Yoast SEO plugin v24.9 - https:\/\/yoast.com\/wordpress\/plugins\/seo\/ -->\n<title>Stabilized Peanut Butter China Producer - Peanut Butter Factory<\/title>\n<meta name=\"description\" content=\"Leading stabilized peanut butter OEM private label manufacturer and exporter. High-quality and packaging customized to meet global market demands.\" \/>\n<meta name=\"robots\" content=\"index, follow, max-snippet:-1, max-image-preview:large, max-video-preview:-1\" \/>\n<link rel=\"canonical\" href=\"https:\/\/www.peanutoem.com\/pl\/manufacturer\/stabilized-peanut-butter\/\" \/>\n<meta property=\"og:locale\" content=\"pl_PL\" \/>\n<meta property=\"og:type\" content=\"article\" \/>\n<meta property=\"og:title\" content=\"Stabilized Peanut Butter China Producer - Peanut Butter Factory\" \/>\n<meta property=\"og:description\" content=\"Leading stabilized peanut butter OEM private label manufacturer and exporter. High-quality and packaging customized to meet global market demands.\" \/>\n<meta property=\"og:url\" content=\"https:\/\/www.peanutoem.com\/pl\/manufacturer\/stabilized-peanut-butter\/\" \/>\n<meta property=\"og:site_name\" content=\"Peanut Butter Factory\" \/>\n<meta property=\"article:modified_time\" content=\"2024-09-28T05:39:23+00:00\" \/>\n<meta property=\"og:image\" content=\"https:\/\/www.peanutoem.com\/wp-content\/uploads\/2024\/09\/Stabilized-Peanut-Butter-in-Jar.webp\" \/>\n\t<meta property=\"og:image:width\" content=\"1000\" \/>\n\t<meta property=\"og:image:height\" content=\"1000\" \/>\n\t<meta property=\"og:image:type\" content=\"image\/webp\" \/>\n<meta name=\"twitter:card\" content=\"summary_large_image\" \/>\n<meta name=\"twitter:label1\" content=\"Szacowany czas czytania\" \/>\n\t<meta name=\"twitter:data1\" content=\"4 minuty\" \/>\n<script type=\"application\/ld+json\" class=\"yoast-schema-graph\">{\"@context\":\"https:\/\/schema.org\",\"@graph\":[{\"@type\":\"WebPage\",\"@id\":\"https:\/\/www.peanutoem.com\/manufacturer\/stabilized-peanut-butter\/\",\"url\":\"https:\/\/www.peanutoem.com\/manufacturer\/stabilized-peanut-butter\/\",\"name\":\"Stabilized Peanut Butter China Producer - Peanut Butter Factory\",\"isPartOf\":{\"@id\":\"https:\/\/www.peanutoem.com\/#website\"},\"primaryImageOfPage\":{\"@id\":\"https:\/\/www.peanutoem.com\/manufacturer\/stabilized-peanut-butter\/#primaryimage\"},\"image\":{\"@id\":\"https:\/\/www.peanutoem.com\/manufacturer\/stabilized-peanut-butter\/#primaryimage\"},\"thumbnailUrl\":\"https:\/\/www.peanutoem.com\/wp-content\/uploads\/2024\/09\/Stabilized-Peanut-Butter-in-Jar.webp\",\"datePublished\":\"2024-09-02T13:38:22+00:00\",\"dateModified\":\"2024-09-28T05:39:23+00:00\",\"description\":\"Leading stabilized peanut butter OEM private label manufacturer and exporter. High-quality and packaging customized to meet global market demands.\",\"breadcrumb\":{\"@id\":\"https:\/\/www.peanutoem.com\/manufacturer\/stabilized-peanut-butter\/#breadcrumb\"},\"inLanguage\":\"pl-PL\",\"potentialAction\":[{\"@type\":\"ReadAction\",\"target\":[\"https:\/\/www.peanutoem.com\/manufacturer\/stabilized-peanut-butter\/\"]}]},{\"@type\":\"ImageObject\",\"inLanguage\":\"pl-PL\",\"@id\":\"https:\/\/www.peanutoem.com\/manufacturer\/stabilized-peanut-butter\/#primaryimage\",\"url\":\"https:\/\/www.peanutoem.com\/wp-content\/uploads\/2024\/09\/Stabilized-Peanut-Butter-in-Jar.webp\",\"contentUrl\":\"https:\/\/www.peanutoem.com\/wp-content\/uploads\/2024\/09\/Stabilized-Peanut-Butter-in-Jar.webp\",\"width\":1000,\"height\":1000,\"caption\":\"Stabilized Peanut Butter in Jar\"},{\"@type\":\"BreadcrumbList\",\"@id\":\"https:\/\/www.peanutoem.com\/manufacturer\/stabilized-peanut-butter\/#breadcrumb\",\"itemListElement\":[{\"@type\":\"ListItem\",\"position\":1,\"name\":\"Home\",\"item\":\"https:\/\/www.peanutoem.com\/\"},{\"@type\":\"ListItem\",\"position\":2,\"name\":\"Products\",\"item\":\"https:\/\/www.peanutoem.com\/shop\/\"},{\"@type\":\"ListItem\",\"position\":3,\"name\":\"Stabilized Peanut Butter\"}]},{\"@type\":\"WebSite\",\"@id\":\"https:\/\/www.peanutoem.com\/#website\",\"url\":\"https:\/\/www.peanutoem.com\/\",\"name\":\"Peanut Butter Factory\",\"description\":\"Peanut Butter Manufacturer and Roast Peanut OEM Factory | Peanut Private Label China Supplier\",\"publisher\":{\"@id\":\"https:\/\/www.peanutoem.com\/#organization\"},\"alternateName\":\"Peanut Butter OEM and Wholesale\",\"potentialAction\":[{\"@type\":\"SearchAction\",\"target\":{\"@type\":\"EntryPoint\",\"urlTemplate\":\"https:\/\/www.peanutoem.com\/?s={search_term_string}\"},\"query-input\":{\"@type\":\"PropertyValueSpecification\",\"valueRequired\":true,\"valueName\":\"search_term_string\"}}],\"inLanguage\":\"pl-PL\"},{\"@type\":\"Organization\",\"@id\":\"https:\/\/www.peanutoem.com\/#organization\",\"name\":\"Peanut Butter Factory\",\"alternateName\":\"JuFeng Group\",\"url\":\"https:\/\/www.peanutoem.com\/\",\"logo\":{\"@type\":\"ImageObject\",\"inLanguage\":\"pl-PL\",\"@id\":\"https:\/\/www.peanutoem.com\/#\/schema\/logo\/image\/\",\"url\":\"https:\/\/www.peanutoem.com\/wp-content\/uploads\/2024\/09\/JUFENG-LOGO.png\",\"contentUrl\":\"https:\/\/www.peanutoem.com\/wp-content\/uploads\/2024\/09\/JUFENG-LOGO.png\",\"width\":600,\"height\":170,\"caption\":\"Peanut Butter Factory\"},\"image\":{\"@id\":\"https:\/\/www.peanutoem.com\/#\/schema\/logo\/image\/\"}}]}<\/script>\n<!-- \/ Yoast SEO plugin. -->","yoast_head_json":{"title":"Stabilized Peanut Butter China Producer - Peanut Butter Factory","description":"Leading stabilized peanut butter OEM private label manufacturer and exporter. High-quality and packaging customized to meet global market demands.","robots":{"index":"index","follow":"follow","max-snippet":"max-snippet:-1","max-image-preview":"max-image-preview:large","max-video-preview":"max-video-preview:-1"},"canonical":"https:\/\/www.peanutoem.com\/pl\/manufacturer\/stabilized-peanut-butter\/","og_locale":"pl_PL","og_type":"article","og_title":"Stabilized Peanut Butter China Producer - Peanut Butter Factory","og_description":"Leading stabilized peanut butter OEM private label manufacturer and exporter. High-quality and packaging customized to meet global market demands.","og_url":"https:\/\/www.peanutoem.com\/pl\/manufacturer\/stabilized-peanut-butter\/","og_site_name":"Peanut Butter Factory","article_modified_time":"2024-09-28T05:39:23+00:00","og_image":[{"width":1000,"height":1000,"url":"https:\/\/www.peanutoem.com\/wp-content\/uploads\/2024\/09\/Stabilized-Peanut-Butter-in-Jar.webp","type":"image\/webp"}],"twitter_card":"summary_large_image","twitter_misc":{"Szacowany czas czytania":"4 minuty"},"schema":{"@context":"https:\/\/schema.org","@graph":[{"@type":"WebPage","@id":"https:\/\/www.peanutoem.com\/manufacturer\/stabilized-peanut-butter\/","url":"https:\/\/www.peanutoem.com\/manufacturer\/stabilized-peanut-butter\/","name":"Stabilized Peanut Butter China Producer - Peanut Butter Factory","isPartOf":{"@id":"https:\/\/www.peanutoem.com\/#website"},"primaryImageOfPage":{"@id":"https:\/\/www.peanutoem.com\/manufacturer\/stabilized-peanut-butter\/#primaryimage"},"image":{"@id":"https:\/\/www.peanutoem.com\/manufacturer\/stabilized-peanut-butter\/#primaryimage"},"thumbnailUrl":"https:\/\/www.peanutoem.com\/wp-content\/uploads\/2024\/09\/Stabilized-Peanut-Butter-in-Jar.webp","datePublished":"2024-09-02T13:38:22+00:00","dateModified":"2024-09-28T05:39:23+00:00","description":"Leading stabilized peanut butter OEM private label manufacturer and exporter. High-quality and packaging customized to meet global market demands.","breadcrumb":{"@id":"https:\/\/www.peanutoem.com\/manufacturer\/stabilized-peanut-butter\/#breadcrumb"},"inLanguage":"pl-PL","potentialAction":[{"@type":"ReadAction","target":["https:\/\/www.peanutoem.com\/manufacturer\/stabilized-peanut-butter\/"]}]},{"@type":"ImageObject","inLanguage":"pl-PL","@id":"https:\/\/www.peanutoem.com\/manufacturer\/stabilized-peanut-butter\/#primaryimage","url":"https:\/\/www.peanutoem.com\/wp-content\/uploads\/2024\/09\/Stabilized-Peanut-Butter-in-Jar.webp","contentUrl":"https:\/\/www.peanutoem.com\/wp-content\/uploads\/2024\/09\/Stabilized-Peanut-Butter-in-Jar.webp","width":1000,"height":1000,"caption":"Stabilized Peanut Butter in Jar"},{"@type":"BreadcrumbList","@id":"https:\/\/www.peanutoem.com\/manufacturer\/stabilized-peanut-butter\/#breadcrumb","itemListElement":[{"@type":"ListItem","position":1,"name":"Home","item":"https:\/\/www.peanutoem.com\/"},{"@type":"ListItem","position":2,"name":"Products","item":"https:\/\/www.peanutoem.com\/shop\/"},{"@type":"ListItem","position":3,"name":"Stabilized Peanut Butter"}]},{"@type":"WebSite","@id":"https:\/\/www.peanutoem.com\/#website","url":"https:\/\/www.peanutoem.com\/","name":"Peanut Butter Factory","description":"Peanut Butter Manufacturer and Roast Peanut OEM Factory | Peanut Private Label China Supplier","publisher":{"@id":"https:\/\/www.peanutoem.com\/#organization"},"alternateName":"Peanut Butter OEM and Wholesale","potentialAction":[{"@type":"SearchAction","target":{"@type":"EntryPoint","urlTemplate":"https:\/\/www.peanutoem.com\/?s={search_term_string}"},"query-input":{"@type":"PropertyValueSpecification","valueRequired":true,"valueName":"search_term_string"}}],"inLanguage":"pl-PL"},{"@type":"Organization","@id":"https:\/\/www.peanutoem.com\/#organization","name":"Peanut Butter Factory","alternateName":"JuFeng Group","url":"https:\/\/www.peanutoem.com\/","logo":{"@type":"ImageObject","inLanguage":"pl-PL","@id":"https:\/\/www.peanutoem.com\/#\/schema\/logo\/image\/","url":"https:\/\/www.peanutoem.com\/wp-content\/uploads\/2024\/09\/JUFENG-LOGO.png","contentUrl":"https:\/\/www.peanutoem.com\/wp-content\/uploads\/2024\/09\/JUFENG-LOGO.png","width":600,"height":170,"caption":"Peanut Butter Factory"},"image":{"@id":"https:\/\/www.peanutoem.com\/#\/schema\/logo\/image\/"}}]}},"_links":{"self":[{"href":"https:\/\/www.peanutoem.com\/pl\/wp-json\/wp\/v2\/product\/1545","targetHints":{"allow":["GET"]}}],"collection":[{"href":"https:\/\/www.peanutoem.com\/pl\/wp-json\/wp\/v2\/product"}],"about":[{"href":"https:\/\/www.peanutoem.com\/pl\/wp-json\/wp\/v2\/types\/product"}],"replies":[{"embeddable":true,"href":"https:\/\/www.peanutoem.com\/pl\/wp-json\/wp\/v2\/comments?post=1545"}],"wp:featuredmedia":[{"embeddable":true,"href":"https:\/\/www.peanutoem.com\/pl\/wp-json\/wp\/v2\/media\/1692"}],"wp:attachment":[{"href":"https:\/\/www.peanutoem.com\/pl\/wp-json\/wp\/v2\/media?parent=1545"}],"wp:term":[{"taxonomy":"product_cat","embeddable":true,"href":"https:\/\/www.peanutoem.com\/pl\/wp-json\/wp\/v2\/product_cat?post=1545"},{"taxonomy":"product_tag","embeddable":true,"href":"https:\/\/www.peanutoem.com\/pl\/wp-json\/wp\/v2\/product_tag?post=1545"}],"curies":[{"name":"wp","href":"https:\/\/api.w.org\/{rel}","templated":true}]}}