{"id":1553,"date":"2024-09-02T13:58:23","date_gmt":"2024-09-02T13:58:23","guid":{"rendered":"https:\/\/www.peanutoem.com\/?post_type=product&#038;p=1553"},"modified":"2024-09-24T15:21:33","modified_gmt":"2024-09-24T15:21:33","slug":"roasted-peanut-kernels","status":"publish","type":"product","link":"https:\/\/www.peanutoem.com\/pl\/manufacturer\/roasted-peanut-kernels\/","title":{"rendered":"Pra\u017cone Orzeszki Ziemne"},"content":{"rendered":"<h3>Czym s\u0105 pra\u017cone orzechy ziemne?<\/h3>\n<p>Pra\u017cone ziarna orzeszk\u00f3w ziemnych to jadalna cz\u0119\u015b\u0107 \u0142upiny orzeszka ziemnego, kt\u00f3ra zosta\u0142a starannie upra\u017cona. Proces pra\u017cenia znacznie poprawia smak i aromat orzeszk\u00f3w ziemnych. Nadaje orzeszkom ziemnym atrakcyjny orzechowy aromat i chrupi\u0105c\u0105 konsystencj\u0119, dzi\u0119ki czemu s\u0105 popularn\u0105 przek\u0105sk\u0105 i niezb\u0119dnym sk\u0142adnikiem wielu potraw. Te pra\u017cone ziarna orzeszk\u00f3w ziemnych maj\u0105 szeroki zakres zastosowa\u0144, od klasycznego wyrobu mas\u0142a orzechowego po kreatywne po\u0142\u0105czenia w pieczonych przek\u0105skach i cukierkach, po dodawanie wyj\u0105tkowego smaku do pikantnych potraw.<\/p>\n<h3>Jakie s\u0105 inne nazwy pra\u017conych orzech\u00f3w arachidowych?<\/h3>\n<p>Pra\u017cone ziarna orzeszk\u00f3w ziemnych s\u0105 czasami okre\u015blane alternatywnymi nazwami w zale\u017cno\u015bci od regionu lub ich zastosowania. Nazwy zwyczajowe obejmuj\u0105:<\/p>\n<ul>\n<li><strong>Pra\u017cone orzeszki ziemne<\/strong> (stosowane w niekt\u00f3rych krajach)<\/li>\n<li><strong>Orzeszki ziemne pra\u017cone na sucho<\/strong><\/li>\n<li><strong>Pra\u017cone Orzeszki Ziemne<\/strong><\/li>\n<li><strong>Pra\u017cone Orzechy<\/strong><\/li>\n<\/ul>\n<p>Wszystkie te odmiany podkre\u015blaj\u0105 ten sam pyszny, wszechstronny produkt wykonany z pra\u017conych orzeszk\u00f3w ziemnych, dostosowany do r\u00f3\u017cnych bran\u017c i gust\u00f3w.<\/p>\n<h3>Dlaczego warto wybra\u0107 nas jako dostawc\u0119 OEM pra\u017conych orzech\u00f3w ziemnych?<\/h3>\n<p>Wybieranie <strong>Grupa JuFeng w Chinach<\/strong> oznacza wsp\u00f3\u0142prac\u0119 z jednym z najbardziej zaufanych dostawc\u00f3w pra\u017conych orzech\u00f3w ziemnych i producent\u00f3w marek w\u0142asnych w bran\u017cy. Oto dlaczego si\u0119 wyr\u00f3\u017cniamy:<\/p>\n<ul>\n<li><strong>Produkcja na najwy\u017cszym poziomie<\/strong>:Dzi\u0119ki dw\u00f3m zaawansowanym liniom produkcyjnym importowanym ze Stan\u00f3w Zjednoczonych dostarczamy na du\u017c\u0105 skal\u0119 pra\u017cone orzechy ziemne o niezmiennie wysokiej jako\u015bci.<\/li>\n<li><strong>Rozwi\u0105zania OEM do dostosowania<\/strong>:Oferujemy elastyczne us\u0142ugi OEM i marek w\u0142asnych, umo\u017cliwiaj\u0105c klientom dostosowywanie specyfikacji produkt\u00f3w, opakowa\u0144 i innych element\u00f3w w celu spe\u0142nienia konkretnych potrzeb rynku.<\/li>\n<li><strong>Certyfikaty i zgodno\u015b\u0107<\/strong>:Nasze produkty spe\u0142niaj\u0105 \u015bwiatowe standardy bezpiecze\u0144stwa i jako\u015bci, posiadaj\u0105 certyfikaty BRC, HACCP, koszerno\u015bci, halal i UE Organic.<\/li>\n<li><strong>Zaufany eksporter<\/strong>Jako wiod\u0105cy eksporter nawi\u0105zali\u015bmy wsp\u00f3\u0142prac\u0119 z najwi\u0119kszymi supermarketami i markami spo\u017cywczymi na ca\u0142ym \u015bwiecie.<\/li>\n<li><strong>Ekspertyza w zakresie \u0142a\u0144cucha dostaw<\/strong>:Od przetwarzania do magazynowania, zapewniamy terminow\u0105 dostaw\u0119 i kontrol\u0119 jako\u015bci dzi\u0119ki naszym samodzielnie wybudowanym obiektom z kontrolowan\u0105 temperatur\u0105.<\/li>\n<\/ul>\n<h3>Gor\u0105ce tematy dotycz\u0105ce pra\u017conych orzech\u00f3w arachidowych<\/h3>\n<ul>\n<li><strong>Zr\u00f3wnowa\u017cony rozw\u00f3j w uprawie orzeszk\u00f3w ziemnych<\/strong>:Pra\u017cone ziarna orzeszk\u00f3w ziemnych, podobnie jak inne produkty na bazie orzeszk\u00f3w ziemnych, maj\u0105 niewielki wp\u0142yw na \u015brodowisko w por\u00f3wnaniu do innych orzech\u00f3w, co czyni je przyjaznym dla \u015brodowiska wyborem dla producent\u00f3w \u017cywno\u015bci.<\/li>\n<li><strong>Korzy\u015bci zdrowotne<\/strong>:Pra\u017cone orzeszki ziemne s\u0105 bogate w bia\u0142ko, zdrowe t\u0142uszcze i b\u0142onnik, oferuj\u0105c konsumentom po\u017cywn\u0105 przek\u0105sk\u0119.<\/li>\n<li><strong>Innowacje w przetw\u00f3rstwie orzeszk\u00f3w ziemnych<\/strong>:Bran\u017ca orzeszk\u00f3w ziemnych ci\u0105gle si\u0119 rozwija, pojawiaj\u0105 si\u0119 nowe techniki pra\u017cenia, kt\u00f3re wzmacniaj\u0105 smak, a jednocze\u015bnie zachowuj\u0105 sk\u0142adniki od\u017cywcze.<\/li>\n<\/ul>\n<h3>Wyb\u00f3r nas i fakty na temat pra\u017conych orzech\u00f3w arachidowych<\/h3>\n<p><strong>1. Co sprawia, \u017ce China JuFeng Group jest wiod\u0105cym dostawc\u0105 pra\u017conych orzech\u00f3w ziemnych?<\/strong><br \/>\n\u0141\u0105czymy najnowocze\u015bniejsz\u0105 technologi\u0119, bogate do\u015bwiadczenie i doskona\u0142e dostosowanie produkt\u00f3w do indywidualnych potrzeb, aby dostarcza\u0107 na rynki globalne wysokiej jako\u015bci pra\u017cone orzechy ziemne.<\/p>\n<p><strong>2. Czy oferuj\u0105 Pa\u0144stwo us\u0142ugi sprzeda\u017cy pod mark\u0105 w\u0142asn\u0105 pra\u017conych orzech\u00f3w ziemnych?<\/strong><br \/>\nTak, oferujemy elastyczne rozwi\u0105zania marek w\u0142asnych, pozwalaj\u0105ce dostosowa\u0107 opakowanie produktu, mark\u0119 i specyfikacj\u0119 j\u0105dra do potrzeb Twojej marki.<\/p>\n<p><strong>3. Czy mog\u0119 u Pa\u0144stwa zam\u00f3wi\u0107 pra\u017cone ziarna orzeszk\u00f3w ziemnych w hurtowych ilo\u015bciach?<\/strong><br \/>\nOczywi\u015bcie, oferujemy opcje zakup\u00f3w hurtowych, aby sprosta\u0107 wymaganiom firm ka\u017cdej wielko\u015bci, w tym sprzedawc\u00f3w detalicznych, hurtownik\u00f3w i producent\u00f3w \u017cywno\u015bci.<\/p>\n<p><strong>4. Jakie certyfikaty posiadaj\u0105 Wasze pra\u017cone orzechy ziemne?<\/strong><br \/>\nNasze produkty spe\u0142niaj\u0105 surowe mi\u0119dzynarodowe standardy i certyfikaty, w tym HACCP, BRC, koszerno\u015b\u0107, halal i ekologiczno\u015b\u0107 UE.<\/p>\n<p><strong>5. W jaki spos\u00f3b zapewniacie jako\u015b\u0107 pra\u017conych orzech\u00f3w ziemnych?<\/strong><br \/>\nPosiadamy specjalne wewn\u0119trzne laboratorium, w kt\u00f3rym przeprowadzamy szczeg\u00f3\u0142owe testy, aby mie\u0107 pewno\u015b\u0107, \u017ce ka\u017cda partia spe\u0142nia wysokie standardy sensoryczne, fizyczne, chemiczne i mikrobiologiczne.<\/p>\n<p><strong>6. Czy mo\u017cna dostosowa\u0107 stopie\u0144 upra\u017cenia ziaren orzeszk\u00f3w ziemnych?<\/strong><br \/>\nTak, oferujemy mo\u017cliwo\u015b\u0107 dostosowania poziomu palenia (jasne, \u015brednie lub ciemne palenie) do preferencji klienta i wymaga\u0144 rynku.<\/p>\n<p><strong>7. W jaki spos\u00f3b przechowywane s\u0105 pra\u017cone orzechy ziemne, aby zachowa\u0107 ich \u015bwie\u017co\u015b\u0107?<\/strong><br \/>\nNasze ziarna s\u0105 przechowywane w obiektach o kontrolowanej temperaturze, co zapobiega ich zepsuciu i pozwala zachowa\u0107 integralno\u015b\u0107 produktu podczas transportu i obs\u0142ugi.<\/p>\n<p><strong>8. Czy eksportujecie pra\u017cone orzechy ziemne za granic\u0119?<\/strong><br \/>\nTak, jeste\u015bmy do\u015bwiadczonym eksporterem z globaln\u0105 sieci\u0105, dostarczaj\u0105cym pra\u017cone orzechy ziemne na r\u00f3\u017cne rynki na r\u00f3\u017cnych kontynentach.<\/p>\n<p><strong>9. Czy pra\u017cone orzechy ziemne nadaj\u0105 si\u0119 do produkcji mas\u0142a orzechowego?<\/strong><br \/>\nZdecydowanie, nasze pra\u017cone ziarna orzeszk\u00f3w ziemnych idealnie nadaj\u0105 si\u0119 do produkcji mas\u0142a orzechowego, gdy\u017c oferuj\u0105 doskona\u0142y smak i konsystencj\u0119.<\/p>","protected":false},"excerpt":{"rendered":"<p>Jeste\u015bmy producentem i dostawc\u0105 pra\u017conych orzech\u00f3w arachidowych w Chinach<\/p>\n<p>\u2013 Minimalna ilo\u015b\u0107 zam\u00f3wienia: 1 tona<br \/>\n\u2013 Oferowana us\u0142uga OEM\/ODM<br \/>\n\u2013 Dost\u0119pna bezp\u0142atna pr\u00f3bka<br \/>\n\u2013 Akceptacja personalizacji (specyfikacji, koloru, rozmiar\u00f3w, opakowania, projektu itp.)<\/p>\n<p>Je\u015bli chcesz kupi\u0107 pra\u017cone orzechy arachidowe, skontaktuj si\u0119 z nami.<\/p>","protected":false},"featured_media":1697,"comment_status":"open","ping_status":"closed","template":"","meta":[],"product_cat":[37],"product_tag":[],"class_list":{"0":"post-1553","1":"product","2":"type-product","3":"status-publish","4":"has-post-thumbnail","6":"product_cat-roasted-peanut","8":"first","9":"instock","10":"featured","11":"shipping-taxable","12":"product-type-simple"},"yoast_head":"<!-- This site is optimized with the Yoast SEO plugin v24.9 - https:\/\/yoast.com\/wordpress\/plugins\/seo\/ -->\n<title>Roasted Peanut Kernels - Peanut Butter Factory<\/title>\n<meta name=\"description\" content=\"Premium Roasted Peanut Kernels OEM supplier, private label manufacturer, and exporter. Choose us for superior quality and customizable options.\" \/>\n<meta name=\"robots\" content=\"index, follow, max-snippet:-1, max-image-preview:large, max-video-preview:-1\" \/>\n<link rel=\"canonical\" href=\"https:\/\/www.peanutoem.com\/pl\/manufacturer\/roasted-peanut-kernels\/\" \/>\n<meta property=\"og:locale\" content=\"pl_PL\" \/>\n<meta property=\"og:type\" content=\"article\" \/>\n<meta property=\"og:title\" content=\"Roasted Peanut Kernels - Peanut Butter Factory\" \/>\n<meta property=\"og:description\" content=\"Premium Roasted Peanut Kernels OEM supplier, private label manufacturer, and exporter. Choose us for superior quality and customizable options.\" \/>\n<meta property=\"og:url\" content=\"https:\/\/www.peanutoem.com\/pl\/manufacturer\/roasted-peanut-kernels\/\" \/>\n<meta property=\"og:site_name\" content=\"Peanut Butter Factory\" \/>\n<meta property=\"article:modified_time\" content=\"2024-09-24T15:21:33+00:00\" \/>\n<meta property=\"og:image\" content=\"https:\/\/www.peanutoem.com\/wp-content\/uploads\/2024\/09\/Roasted-Peanut-Kernels-on-plate-scaled.webp\" \/>\n\t<meta property=\"og:image:width\" content=\"2560\" \/>\n\t<meta property=\"og:image:height\" content=\"1707\" \/>\n\t<meta property=\"og:image:type\" content=\"image\/webp\" \/>\n<meta name=\"twitter:card\" content=\"summary_large_image\" \/>\n<meta name=\"twitter:label1\" content=\"Szacowany czas czytania\" \/>\n\t<meta name=\"twitter:data1\" content=\"3 minuty\" \/>\n<script type=\"application\/ld+json\" class=\"yoast-schema-graph\">{\"@context\":\"https:\/\/schema.org\",\"@graph\":[{\"@type\":\"WebPage\",\"@id\":\"https:\/\/www.peanutoem.com\/manufacturer\/roasted-peanut-kernels\/\",\"url\":\"https:\/\/www.peanutoem.com\/manufacturer\/roasted-peanut-kernels\/\",\"name\":\"Roasted Peanut Kernels - Peanut Butter Factory\",\"isPartOf\":{\"@id\":\"https:\/\/www.peanutoem.com\/#website\"},\"primaryImageOfPage\":{\"@id\":\"https:\/\/www.peanutoem.com\/manufacturer\/roasted-peanut-kernels\/#primaryimage\"},\"image\":{\"@id\":\"https:\/\/www.peanutoem.com\/manufacturer\/roasted-peanut-kernels\/#primaryimage\"},\"thumbnailUrl\":\"https:\/\/www.peanutoem.com\/wp-content\/uploads\/2024\/09\/Roasted-Peanut-Kernels-on-plate-scaled.webp\",\"datePublished\":\"2024-09-02T13:58:23+00:00\",\"dateModified\":\"2024-09-24T15:21:33+00:00\",\"description\":\"Premium Roasted Peanut Kernels OEM supplier, private label manufacturer, and exporter. Choose us for superior quality and customizable options.\",\"breadcrumb\":{\"@id\":\"https:\/\/www.peanutoem.com\/manufacturer\/roasted-peanut-kernels\/#breadcrumb\"},\"inLanguage\":\"pl-PL\",\"potentialAction\":[{\"@type\":\"ReadAction\",\"target\":[\"https:\/\/www.peanutoem.com\/manufacturer\/roasted-peanut-kernels\/\"]}]},{\"@type\":\"ImageObject\",\"inLanguage\":\"pl-PL\",\"@id\":\"https:\/\/www.peanutoem.com\/manufacturer\/roasted-peanut-kernels\/#primaryimage\",\"url\":\"https:\/\/www.peanutoem.com\/wp-content\/uploads\/2024\/09\/Roasted-Peanut-Kernels-on-plate-scaled.webp\",\"contentUrl\":\"https:\/\/www.peanutoem.com\/wp-content\/uploads\/2024\/09\/Roasted-Peanut-Kernels-on-plate-scaled.webp\",\"width\":2560,\"height\":1707,\"caption\":\"Roasted Peanut Kernels on plate\"},{\"@type\":\"BreadcrumbList\",\"@id\":\"https:\/\/www.peanutoem.com\/manufacturer\/roasted-peanut-kernels\/#breadcrumb\",\"itemListElement\":[{\"@type\":\"ListItem\",\"position\":1,\"name\":\"Home\",\"item\":\"https:\/\/www.peanutoem.com\/\"},{\"@type\":\"ListItem\",\"position\":2,\"name\":\"Products\",\"item\":\"https:\/\/www.peanutoem.com\/shop\/\"},{\"@type\":\"ListItem\",\"position\":3,\"name\":\"Roasted Peanut Kernels\"}]},{\"@type\":\"WebSite\",\"@id\":\"https:\/\/www.peanutoem.com\/#website\",\"url\":\"https:\/\/www.peanutoem.com\/\",\"name\":\"Peanut Butter Factory\",\"description\":\"Peanut Butter Manufacturer and Roast Peanut OEM Factory | Peanut Private Label China Supplier\",\"publisher\":{\"@id\":\"https:\/\/www.peanutoem.com\/#organization\"},\"alternateName\":\"Peanut Butter OEM and Wholesale\",\"potentialAction\":[{\"@type\":\"SearchAction\",\"target\":{\"@type\":\"EntryPoint\",\"urlTemplate\":\"https:\/\/www.peanutoem.com\/?s={search_term_string}\"},\"query-input\":{\"@type\":\"PropertyValueSpecification\",\"valueRequired\":true,\"valueName\":\"search_term_string\"}}],\"inLanguage\":\"pl-PL\"},{\"@type\":\"Organization\",\"@id\":\"https:\/\/www.peanutoem.com\/#organization\",\"name\":\"Peanut Butter Factory\",\"alternateName\":\"JuFeng Group\",\"url\":\"https:\/\/www.peanutoem.com\/\",\"logo\":{\"@type\":\"ImageObject\",\"inLanguage\":\"pl-PL\",\"@id\":\"https:\/\/www.peanutoem.com\/#\/schema\/logo\/image\/\",\"url\":\"https:\/\/www.peanutoem.com\/wp-content\/uploads\/2024\/09\/JUFENG-LOGO.png\",\"contentUrl\":\"https:\/\/www.peanutoem.com\/wp-content\/uploads\/2024\/09\/JUFENG-LOGO.png\",\"width\":600,\"height\":170,\"caption\":\"Peanut Butter Factory\"},\"image\":{\"@id\":\"https:\/\/www.peanutoem.com\/#\/schema\/logo\/image\/\"}}]}<\/script>\n<!-- \/ Yoast SEO plugin. -->","yoast_head_json":{"title":"Roasted Peanut Kernels - Peanut Butter Factory","description":"Premium Roasted Peanut Kernels OEM supplier, private label manufacturer, and exporter. Choose us for superior quality and customizable options.","robots":{"index":"index","follow":"follow","max-snippet":"max-snippet:-1","max-image-preview":"max-image-preview:large","max-video-preview":"max-video-preview:-1"},"canonical":"https:\/\/www.peanutoem.com\/pl\/manufacturer\/roasted-peanut-kernels\/","og_locale":"pl_PL","og_type":"article","og_title":"Roasted Peanut Kernels - Peanut Butter Factory","og_description":"Premium Roasted Peanut Kernels OEM supplier, private label manufacturer, and exporter. Choose us for superior quality and customizable options.","og_url":"https:\/\/www.peanutoem.com\/pl\/manufacturer\/roasted-peanut-kernels\/","og_site_name":"Peanut Butter Factory","article_modified_time":"2024-09-24T15:21:33+00:00","og_image":[{"width":2560,"height":1707,"url":"https:\/\/www.peanutoem.com\/wp-content\/uploads\/2024\/09\/Roasted-Peanut-Kernels-on-plate-scaled.webp","type":"image\/webp"}],"twitter_card":"summary_large_image","twitter_misc":{"Szacowany czas czytania":"3 minuty"},"schema":{"@context":"https:\/\/schema.org","@graph":[{"@type":"WebPage","@id":"https:\/\/www.peanutoem.com\/manufacturer\/roasted-peanut-kernels\/","url":"https:\/\/www.peanutoem.com\/manufacturer\/roasted-peanut-kernels\/","name":"Roasted Peanut Kernels - Peanut Butter Factory","isPartOf":{"@id":"https:\/\/www.peanutoem.com\/#website"},"primaryImageOfPage":{"@id":"https:\/\/www.peanutoem.com\/manufacturer\/roasted-peanut-kernels\/#primaryimage"},"image":{"@id":"https:\/\/www.peanutoem.com\/manufacturer\/roasted-peanut-kernels\/#primaryimage"},"thumbnailUrl":"https:\/\/www.peanutoem.com\/wp-content\/uploads\/2024\/09\/Roasted-Peanut-Kernels-on-plate-scaled.webp","datePublished":"2024-09-02T13:58:23+00:00","dateModified":"2024-09-24T15:21:33+00:00","description":"Premium Roasted Peanut Kernels OEM supplier, private label manufacturer, and exporter. Choose us for superior quality and customizable options.","breadcrumb":{"@id":"https:\/\/www.peanutoem.com\/manufacturer\/roasted-peanut-kernels\/#breadcrumb"},"inLanguage":"pl-PL","potentialAction":[{"@type":"ReadAction","target":["https:\/\/www.peanutoem.com\/manufacturer\/roasted-peanut-kernels\/"]}]},{"@type":"ImageObject","inLanguage":"pl-PL","@id":"https:\/\/www.peanutoem.com\/manufacturer\/roasted-peanut-kernels\/#primaryimage","url":"https:\/\/www.peanutoem.com\/wp-content\/uploads\/2024\/09\/Roasted-Peanut-Kernels-on-plate-scaled.webp","contentUrl":"https:\/\/www.peanutoem.com\/wp-content\/uploads\/2024\/09\/Roasted-Peanut-Kernels-on-plate-scaled.webp","width":2560,"height":1707,"caption":"Roasted Peanut Kernels on plate"},{"@type":"BreadcrumbList","@id":"https:\/\/www.peanutoem.com\/manufacturer\/roasted-peanut-kernels\/#breadcrumb","itemListElement":[{"@type":"ListItem","position":1,"name":"Home","item":"https:\/\/www.peanutoem.com\/"},{"@type":"ListItem","position":2,"name":"Products","item":"https:\/\/www.peanutoem.com\/shop\/"},{"@type":"ListItem","position":3,"name":"Roasted Peanut Kernels"}]},{"@type":"WebSite","@id":"https:\/\/www.peanutoem.com\/#website","url":"https:\/\/www.peanutoem.com\/","name":"Peanut Butter Factory","description":"Peanut Butter Manufacturer and Roast Peanut OEM Factory | Peanut Private Label China Supplier","publisher":{"@id":"https:\/\/www.peanutoem.com\/#organization"},"alternateName":"Peanut Butter OEM and Wholesale","potentialAction":[{"@type":"SearchAction","target":{"@type":"EntryPoint","urlTemplate":"https:\/\/www.peanutoem.com\/?s={search_term_string}"},"query-input":{"@type":"PropertyValueSpecification","valueRequired":true,"valueName":"search_term_string"}}],"inLanguage":"pl-PL"},{"@type":"Organization","@id":"https:\/\/www.peanutoem.com\/#organization","name":"Peanut Butter Factory","alternateName":"JuFeng Group","url":"https:\/\/www.peanutoem.com\/","logo":{"@type":"ImageObject","inLanguage":"pl-PL","@id":"https:\/\/www.peanutoem.com\/#\/schema\/logo\/image\/","url":"https:\/\/www.peanutoem.com\/wp-content\/uploads\/2024\/09\/JUFENG-LOGO.png","contentUrl":"https:\/\/www.peanutoem.com\/wp-content\/uploads\/2024\/09\/JUFENG-LOGO.png","width":600,"height":170,"caption":"Peanut Butter Factory"},"image":{"@id":"https:\/\/www.peanutoem.com\/#\/schema\/logo\/image\/"}}]}},"_links":{"self":[{"href":"https:\/\/www.peanutoem.com\/pl\/wp-json\/wp\/v2\/product\/1553","targetHints":{"allow":["GET"]}}],"collection":[{"href":"https:\/\/www.peanutoem.com\/pl\/wp-json\/wp\/v2\/product"}],"about":[{"href":"https:\/\/www.peanutoem.com\/pl\/wp-json\/wp\/v2\/types\/product"}],"replies":[{"embeddable":true,"href":"https:\/\/www.peanutoem.com\/pl\/wp-json\/wp\/v2\/comments?post=1553"}],"wp:featuredmedia":[{"embeddable":true,"href":"https:\/\/www.peanutoem.com\/pl\/wp-json\/wp\/v2\/media\/1697"}],"wp:attachment":[{"href":"https:\/\/www.peanutoem.com\/pl\/wp-json\/wp\/v2\/media?parent=1553"}],"wp:term":[{"taxonomy":"product_cat","embeddable":true,"href":"https:\/\/www.peanutoem.com\/pl\/wp-json\/wp\/v2\/product_cat?post=1553"},{"taxonomy":"product_tag","embeddable":true,"href":"https:\/\/www.peanutoem.com\/pl\/wp-json\/wp\/v2\/product_tag?post=1553"}],"curies":[{"name":"wp","href":"https:\/\/api.w.org\/{rel}","templated":true}]}}