{"id":1554,"date":"2024-09-02T13:59:01","date_gmt":"2024-09-02T13:59:01","guid":{"rendered":"https:\/\/www.peanutoem.com\/?post_type=product&#038;p=1554"},"modified":"2024-09-28T05:11:42","modified_gmt":"2024-09-28T05:11:42","slug":"roasted-blanched-peanut","status":"publish","type":"product","link":"https:\/\/www.peanutoem.com\/pl\/manufacturer\/roasted-blanched-peanut\/","title":{"rendered":"Pra\u017cone blanszowane orzeszki ziemne"},"content":{"rendered":"<h3><strong>Czym s\u0105 pra\u017cone blanszowane orzeszki ziemne?<\/strong><\/h3>\n<p>Pra\u017cone blanszowane orzeszki ziemne przechodz\u0105 przez specyficzny dwuetapowy proces. Najpierw surowe orzeszki ziemne s\u0105 blanszowane, co obejmuje usuwanie zewn\u0119trznej sk\u00f3rki poprzez ogrzewanie i delikatne \u015brodki mechaniczne. Nast\u0119pnie s\u0105 pra\u017cone do perfekcji, co skutkuje bogatym, orzechowym smakiem i chrupi\u0105c\u0105 konsystencj\u0105. Te orzeszki ziemne s\u0105 idealne do r\u00f3\u017cnych zastosowa\u0144, w tym do produkcji przek\u0105sek, wyrob\u00f3w cukierniczych, produkcji mas\u0142a orzechowego i jako sk\u0142adniki pikantnych potraw.<\/p>\n<p>Ponadto blanszowane pra\u017cone orzeszki ziemne oferuj\u0105 dodatkow\u0105 korzy\u015b\u0107 w postaci czystego, g\u0142adkiego wygl\u0105du. Ta jako\u015b\u0107 sprawia, \u017ce s\u0105 one wysoce po\u017c\u0105dane w przypadku produkt\u00f3w, w kt\u00f3rych atrakcyjno\u015b\u0107 wizualna i jednolito\u015b\u0107 s\u0105 kluczowe.<\/p>\n<h3><strong>Jakie s\u0105 inne nazwy pra\u017conych blanszowanych orzeszk\u00f3w ziemnych?<\/strong><\/h3>\n<p>Pra\u017cone blanszowane orzeszki ziemne mog\u0105 by\u0107 okre\u015blane r\u00f3\u017cnymi nazwami, w zale\u017cno\u015bci od preferencji regionalnych lub zastosowa\u0144 przemys\u0142owych:<\/p>\n<ul>\n<li>Orzeszki ziemne pra\u017cone bez sk\u00f3rki<\/li>\n<li>Orzeszki ziemne blanszowane i pra\u017cone<\/li>\n<li>Pra\u017cone bia\u0142e orzeszki ziemne<\/li>\n<li>Orzeszki ziemne blanszowane<\/li>\n<li>Blanszowane Orzeszki Ziemne<\/li>\n<li>Orzeszki ziemne ca\u0142e blanszowane pra\u017cone<\/li>\n<\/ul>\n<p>Nazwy te odzwierciedlaj\u0105 proces przygotowania, w kt\u00f3rym sk\u00f3rki orzeszk\u00f3w ziemnych s\u0105 usuwane przed pra\u017ceniem, w wyniku czego powstaje g\u0142adki i apetyczny produkt ko\u0144cowy.<\/p>\n<h3><img loading=\"lazy\" decoding=\"async\" class=\"alignnone wp-image-1702 size-full\" src=\"https:\/\/www.peanutoem.com\/wp-content\/uploads\/2024\/09\/Whole-Roasted-Blanched-Peanut-.webp\" alt=\"Ca\u0142e pra\u017cone blanszowane orzeszki ziemne\" width=\"1000\" height=\"1000\" srcset=\"https:\/\/www.peanutoem.com\/wp-content\/uploads\/2024\/09\/Whole-Roasted-Blanched-Peanut-.webp 1000w, https:\/\/www.peanutoem.com\/wp-content\/uploads\/2024\/09\/Whole-Roasted-Blanched-Peanut--300x300.webp 300w, https:\/\/www.peanutoem.com\/wp-content\/uploads\/2024\/09\/Whole-Roasted-Blanched-Peanut--150x150.webp 150w, https:\/\/www.peanutoem.com\/wp-content\/uploads\/2024\/09\/Whole-Roasted-Blanched-Peanut--768x768.webp 768w, https:\/\/www.peanutoem.com\/wp-content\/uploads\/2024\/09\/Whole-Roasted-Blanched-Peanut--12x12.webp 12w, https:\/\/www.peanutoem.com\/wp-content\/uploads\/2024\/09\/Whole-Roasted-Blanched-Peanut--600x600.webp 600w, https:\/\/www.peanutoem.com\/wp-content\/uploads\/2024\/09\/Whole-Roasted-Blanched-Peanut--100x100.webp 100w\" sizes=\"auto, (max-width: 1000px) 100vw, 1000px\" \/><\/h3>\n<h3><strong>Dlaczego warto wybra\u0107 nas jako dostawc\u0119 OEM pra\u017conych blanszowanych orzeszk\u00f3w ziemnych?<\/strong><\/h3>\n<p>Jeste\u015bmy liderem rynku w produkcji pra\u017conych blanszowanych orzeszk\u00f3w ziemnych, oferuj\u0105c zar\u00f3wno ca\u0142e pra\u017cone blanszowane orzeszki ziemne, jak i po\u0142\u00f3wki pra\u017conych blanszowanych orzeszk\u00f3w ziemnych. Oto dlaczego jeste\u015bmy Twoim najlepszym partnerem:<\/p>\n<ul>\n<li><strong>Ekspertyza w zakresie rozwi\u0105za\u0144 OEM<\/strong>:Dzi\u0119ki naszym zaawansowanym mo\u017cliwo\u015bciom produkcyjnym oferujemy dostosowane us\u0142ugi OEM, kt\u00f3re spe\u0142niaj\u0105 specyfikacje Twojego produktu \u2013 od poziom\u00f3w pra\u017cenia po wymagania dotycz\u0105ce pakowania.<\/li>\n<li><strong>Produkcja pod w\u0142asn\u0105 mark\u0105<\/strong>:Specjalizujemy si\u0119 w produkcji pod markami w\u0142asnymi, co pozwala markom wykorzysta\u0107 nasze do\u015bwiadczenie przy opracowywaniu w\u0142asnych, wyj\u0105tkowych produkt\u00f3w.<\/li>\n<li><strong>Globalne mo\u017cliwo\u015bci eksportowe<\/strong>Jako do\u015bwiadczony eksporter obs\u0142ugujemy klient\u00f3w na ca\u0142ym \u015bwiecie, zapewniaj\u0105c im sprawn\u0105 logistyk\u0119 i sta\u0142\u0105 jako\u015b\u0107.<\/li>\n<li><strong>Certyfikowane Zapewnienie Jako\u015bci<\/strong>:Nasze produkty posiadaj\u0105 certyfikaty HACCP, BRCGS, Halal, Kosher i EU Organic, co gwarantuje zgodno\u015b\u0107 z globalnymi przepisami dotycz\u0105cymi bezpiecze\u0144stwa i jako\u015bci \u017cywno\u015bci.<\/li>\n<li><strong>Zr\u00f3wnowa\u017cony rozw\u00f3j i niezawodno\u015b\u0107<\/strong>:Stawiamy na zr\u00f3wnowa\u017cone metody produkcji i dbamy o niezawodno\u015b\u0107 \u0142a\u0144cucha dostaw, aby sprosta\u0107 potrzebom naszych klient\u00f3w na ca\u0142ym \u015bwiecie.<\/li>\n<\/ul>\n<h3><strong>Gor\u0105ce tematy dotycz\u0105ce pra\u017conych blanszowanych orzeszk\u00f3w ziemnych<\/strong><\/h3>\n<ul>\n<li><strong>Ca\u0142o\u015b\u0107 kontra po\u0142\u00f3wki<\/strong>: Zrozumienie przypadk\u00f3w u\u017cycia ca\u0142ych pra\u017conych blanszowanych orzech\u00f3w ziemnych w por\u00f3wnaniu z pra\u017conymi blanszowanymi po\u0142\u00f3wkami orzech\u00f3w ziemnych jest kluczowe dla producent\u00f3w. Ca\u0142e orzechy ziemne s\u0105 cz\u0119sto u\u017cywane w produktach przek\u0105skowych klasy premium, podczas gdy po\u0142\u00f3wki s\u0105 preferowane do produkcji \u017cywno\u015bci, pieczenia i mas\u0142a orzechowego.<\/li>\n<li><strong>Korzy\u015bci zdrowotne pra\u017conych blanszowanych orzeszk\u00f3w ziemnych<\/strong>:Blanszowane orzeszki ziemne zachowuj\u0105 wiele warto\u015bci od\u017cywczych surowych orzeszk\u00f3w ziemnych, w tym bia\u0142ko, zdrowe t\u0142uszcze oraz niezb\u0119dne witaminy i minera\u0142y, co czyni je m\u0105drym wyborem dla dbaj\u0105cych o zdrowie konsument\u00f3w.<\/li>\n<li><strong>Rosn\u0105cy popyt na sk\u0142adniki z czyst\u0105 etykiet\u0105<\/strong>:Poniewa\u017c coraz wi\u0119cej konsument\u00f3w poszukuje produkt\u00f3w minimalnie przetworzonych, pra\u017cone blanszowane orzeszki ziemne s\u0105 doskona\u0142ym sk\u0142adnikiem przek\u0105sek i produkt\u00f3w spo\u017cywczych reklamowanych jako \u201ez czyst\u0105 etykiet\u0105\u201d.<\/li>\n<li><strong>Zr\u00f3wnowa\u017cony rozw\u00f3j orzeszk\u00f3w ziemnych i wp\u0142yw na \u015brodowisko<\/strong>:W por\u00f3wnaniu z innymi orzechami, uprawa orzeszk\u00f3w ziemnych, w tym odmian blanszowanych, wymaga mniejszych nak\u0142ad\u00f3w zasob\u00f3w, co czyni je zr\u00f3wnowa\u017conym wyborem dla firm spo\u017cywczych chc\u0105cych zmniejszy\u0107 sw\u00f3j wp\u0142yw na \u015brodowisko.<\/li>\n<\/ul>\n<h3><strong>Najcz\u0119\u015bciej zadawane pytania dotycz\u0105ce naszej roli jako producenta pra\u017conych blanszowanych orzeszk\u00f3w ziemnych<\/strong><\/h3>\n<ol>\n<li><strong>Jakie s\u0105 zalety blanszowanych orzeszk\u00f3w ziemnych?<\/strong><br \/>\nOrzeszki ziemne blanszowane s\u0105 pozbawione sk\u00f3rki, dzi\u0119ki czemu maj\u0105 czystszy wygl\u0105d i jednolit\u0105 konsystencj\u0119, idealn\u0105 do przek\u0105sek i produkt\u00f3w o atrakcyjnym wygl\u0105dzie.<\/li>\n<li><strong>Czy oferujecie produkty pod mark\u0105 w\u0142asn\u0105?<\/strong><br \/>\nTak, specjalizujemy si\u0119 w produkcji pod mark\u0105 w\u0142asn\u0105, zapewniaj\u0105c pe\u0142n\u0105 personalizacj\u0119 opakowa\u0144 i specyfikacji Twojej marki.<\/li>\n<li><strong>Czy mog\u0119 dostosowa\u0107 poziom palenia?<\/strong><br \/>\nOczywi\u015bcie! Oferujemy opcje palenia od jasnego do ciemnego, dostosowane do Twoich preferencji i potrzeb rynku.<\/li>\n<li><strong>Jak zachowa\u0107 \u015bwie\u017co\u015b\u0107?<\/strong><br \/>\nOrzeszki ziemne przechowujemy w obiektach o kontrolowanej temperaturze, aby mie\u0107 pewno\u015b\u0107, \u017ce pozostan\u0105 \u015bwie\u017ce i wysokiej jako\u015bci podczas przechowywania i transportu.<\/li>\n<li><strong>Czy eksportujesz globalnie?<\/strong><br \/>\nTak, mamy du\u017ce do\u015bwiadczenie w eksporcie pra\u017conych blanszowanych orzeszk\u00f3w ziemnych na r\u00f3\u017cne rynki mi\u0119dzynarodowe, a tak\u017ce sprawn\u0105 logistyk\u0119.<\/li>\n<li><strong>Jaki jest okres przydatno\u015bci do spo\u017cycia orzeszk\u00f3w ziemnych?<\/strong><br \/>\nNasze pra\u017cone blanszowane orzeszki ziemne zachowuj\u0105 \u015bwie\u017co\u015b\u0107 przez okres od 12 do 18 miesi\u0119cy, je\u015bli s\u0105 odpowiednio przechowywane. Zapewniaj\u0105 d\u0142ugotrwa\u0142\u0105 \u015bwie\u017co\u015b\u0107 i smak.<\/li>\n<li><strong>Do czego najcz\u0119\u015bciej wykorzystuje si\u0119 pra\u017cone blanszowane orzeszki ziemne?<\/strong><br \/>\nS\u0105 popularnym sk\u0142adnikiem przek\u0105sek, wyrob\u00f3w cukierniczych, mas\u0142a orzechowego oraz sk\u0142adnik\u00f3w pikantnych potraw i wypiek\u00f3w.<\/li>\n<li><strong>Jak pra\u017cone blanszowane orzeszki ziemne wypadaj\u0105 w por\u00f3wnaniu z innymi odmianami?<\/strong><br \/>\nPra\u017cone blanszowane orzeszki ziemne maj\u0105 g\u0142adszy, czystszy wygl\u0105d, poniewa\u017c ich sk\u00f3rka jest usuwana. Ta jako\u015b\u0107 sprawia, \u017ce s\u0105 idealne do produkt\u00f3w premium wymagaj\u0105cych sp\u00f3jnej tekstury.<\/li>\n<\/ol>\n<div class=\"flex max-w-full flex-col flex-grow\">\n<div class=\"min-h-8 text-message flex w-full flex-col items-end gap-2 whitespace-normal break-words [.text-message+&amp;]:mt-5\" dir=\"auto\" data-message-author-role=\"assistant\" data-message-id=\"31ea6229-78d6-4c3f-8f61-fea9e8392c9b\">\n<div class=\"flex w-full flex-col gap-1 empty:hidden first:pt-[3px]\">\n<div class=\"markdown prose w-full break-words dark:prose-invert dark\">\n<a href=\"mailto:globepeanut@gmail.com\" class=\"button primary is-primary is-medium\"  >\n    <span>Napisz do nas<\/span>\n  <\/a>\n\n<\/div>\n<\/div>\n<\/div>\n<\/div>\n<div class=\"mb-2 flex gap-3 empty:hidden -ml-2\">\n<div class=\"items-center justify-start rounded-xl p-1 flex\"><\/div>\n<\/div>","protected":false},"excerpt":{"rendered":"<p>Jeste\u015bmy producentem i dostawc\u0105 pra\u017conych blanszowanych orzeszk\u00f3w ziemnych w Chinach<\/p>\n<p>\u2013 Minimalna ilo\u015b\u0107 zam\u00f3wienia: 1 tona<br \/>\n\u2013 Oferowana us\u0142uga OEM\/ODM<br \/>\n\u2013 Dost\u0119pna bezp\u0142atna pr\u00f3bka<br \/>\n\u2013 Akceptacja personalizacji (specyfikacji, rozmiar\u00f3w, kolor\u00f3w, wzor\u00f3w itp.)<br \/>\n\u2013 Typ: Orzeszki ziemne pra\u017cone w ca\u0142o\u015bci, Orzeszki ziemne pra\u017cone w po\u0142\u00f3wkach<\/p>\n<p>Je\u015bli chcesz pozna\u0107 ceny pra\u017conych blanszowanych orzeszk\u00f3w ziemnych, skontaktuj si\u0119 z nami.<\/p>","protected":false},"featured_media":1701,"comment_status":"open","ping_status":"closed","template":"","meta":[],"product_cat":[37],"product_tag":[],"class_list":{"0":"post-1554","1":"product","2":"type-product","3":"status-publish","4":"has-post-thumbnail","6":"product_cat-roasted-peanut","8":"first","9":"instock","10":"shipping-taxable","11":"product-type-simple"},"yoast_head":"<!-- This site is optimized with the Yoast SEO plugin v24.9 - https:\/\/yoast.com\/wordpress\/plugins\/seo\/ -->\n<title>Roasted Blanched Peanut China Wholesaler - Peanut Butter Factory<\/title>\n<meta name=\"description\" content=\"High-quality Roasted Blanched Peanut OEM supplier, private label manufacturer, and exporter. Choose us for customizable solutions and global expertise.\" \/>\n<meta name=\"robots\" content=\"index, follow, max-snippet:-1, max-image-preview:large, max-video-preview:-1\" \/>\n<link rel=\"canonical\" href=\"https:\/\/www.peanutoem.com\/pl\/manufacturer\/roasted-blanched-peanut\/\" \/>\n<meta property=\"og:locale\" content=\"pl_PL\" \/>\n<meta property=\"og:type\" content=\"article\" \/>\n<meta property=\"og:title\" content=\"Roasted Blanched Peanut China Wholesaler - Peanut Butter Factory\" \/>\n<meta property=\"og:description\" content=\"High-quality Roasted Blanched Peanut OEM supplier, private label manufacturer, and exporter. Choose us for customizable solutions and global expertise.\" \/>\n<meta property=\"og:url\" content=\"https:\/\/www.peanutoem.com\/pl\/manufacturer\/roasted-blanched-peanut\/\" \/>\n<meta property=\"og:site_name\" content=\"Peanut Butter Factory\" \/>\n<meta property=\"article:modified_time\" content=\"2024-09-28T05:11:42+00:00\" \/>\n<meta property=\"og:image\" content=\"https:\/\/www.peanutoem.com\/wp-content\/uploads\/2024\/09\/Whole-Roast-Blanched-Peanut-.webp\" \/>\n\t<meta property=\"og:image:width\" content=\"1000\" \/>\n\t<meta property=\"og:image:height\" content=\"1000\" \/>\n\t<meta property=\"og:image:type\" content=\"image\/webp\" \/>\n<meta name=\"twitter:card\" content=\"summary_large_image\" \/>\n<meta name=\"twitter:label1\" content=\"Szacowany czas czytania\" \/>\n\t<meta name=\"twitter:data1\" content=\"4 minuty\" \/>\n<script type=\"application\/ld+json\" class=\"yoast-schema-graph\">{\"@context\":\"https:\/\/schema.org\",\"@graph\":[{\"@type\":\"WebPage\",\"@id\":\"https:\/\/www.peanutoem.com\/manufacturer\/roasted-blanched-peanut\/\",\"url\":\"https:\/\/www.peanutoem.com\/manufacturer\/roasted-blanched-peanut\/\",\"name\":\"Roasted Blanched Peanut China Wholesaler - Peanut Butter Factory\",\"isPartOf\":{\"@id\":\"https:\/\/www.peanutoem.com\/#website\"},\"primaryImageOfPage\":{\"@id\":\"https:\/\/www.peanutoem.com\/manufacturer\/roasted-blanched-peanut\/#primaryimage\"},\"image\":{\"@id\":\"https:\/\/www.peanutoem.com\/manufacturer\/roasted-blanched-peanut\/#primaryimage\"},\"thumbnailUrl\":\"https:\/\/www.peanutoem.com\/wp-content\/uploads\/2024\/09\/Whole-Roast-Blanched-Peanut-.webp\",\"datePublished\":\"2024-09-02T13:59:01+00:00\",\"dateModified\":\"2024-09-28T05:11:42+00:00\",\"description\":\"High-quality Roasted Blanched Peanut OEM supplier, private label manufacturer, and exporter. Choose us for customizable solutions and global expertise.\",\"breadcrumb\":{\"@id\":\"https:\/\/www.peanutoem.com\/manufacturer\/roasted-blanched-peanut\/#breadcrumb\"},\"inLanguage\":\"pl-PL\",\"potentialAction\":[{\"@type\":\"ReadAction\",\"target\":[\"https:\/\/www.peanutoem.com\/manufacturer\/roasted-blanched-peanut\/\"]}]},{\"@type\":\"ImageObject\",\"inLanguage\":\"pl-PL\",\"@id\":\"https:\/\/www.peanutoem.com\/manufacturer\/roasted-blanched-peanut\/#primaryimage\",\"url\":\"https:\/\/www.peanutoem.com\/wp-content\/uploads\/2024\/09\/Whole-Roast-Blanched-Peanut-.webp\",\"contentUrl\":\"https:\/\/www.peanutoem.com\/wp-content\/uploads\/2024\/09\/Whole-Roast-Blanched-Peanut-.webp\",\"width\":1000,\"height\":1000,\"caption\":\"Whole Roast Blanched Peanut\"},{\"@type\":\"BreadcrumbList\",\"@id\":\"https:\/\/www.peanutoem.com\/manufacturer\/roasted-blanched-peanut\/#breadcrumb\",\"itemListElement\":[{\"@type\":\"ListItem\",\"position\":1,\"name\":\"Home\",\"item\":\"https:\/\/www.peanutoem.com\/\"},{\"@type\":\"ListItem\",\"position\":2,\"name\":\"Products\",\"item\":\"https:\/\/www.peanutoem.com\/shop\/\"},{\"@type\":\"ListItem\",\"position\":3,\"name\":\"Roasted Blanched Peanut\"}]},{\"@type\":\"WebSite\",\"@id\":\"https:\/\/www.peanutoem.com\/#website\",\"url\":\"https:\/\/www.peanutoem.com\/\",\"name\":\"Peanut Butter Factory\",\"description\":\"Peanut Butter Manufacturer and Roast Peanut OEM Factory | Peanut Private Label China Supplier\",\"publisher\":{\"@id\":\"https:\/\/www.peanutoem.com\/#organization\"},\"alternateName\":\"Peanut Butter OEM and Wholesale\",\"potentialAction\":[{\"@type\":\"SearchAction\",\"target\":{\"@type\":\"EntryPoint\",\"urlTemplate\":\"https:\/\/www.peanutoem.com\/?s={search_term_string}\"},\"query-input\":{\"@type\":\"PropertyValueSpecification\",\"valueRequired\":true,\"valueName\":\"search_term_string\"}}],\"inLanguage\":\"pl-PL\"},{\"@type\":\"Organization\",\"@id\":\"https:\/\/www.peanutoem.com\/#organization\",\"name\":\"Peanut Butter Factory\",\"alternateName\":\"JuFeng Group\",\"url\":\"https:\/\/www.peanutoem.com\/\",\"logo\":{\"@type\":\"ImageObject\",\"inLanguage\":\"pl-PL\",\"@id\":\"https:\/\/www.peanutoem.com\/#\/schema\/logo\/image\/\",\"url\":\"https:\/\/www.peanutoem.com\/wp-content\/uploads\/2024\/09\/JUFENG-LOGO.png\",\"contentUrl\":\"https:\/\/www.peanutoem.com\/wp-content\/uploads\/2024\/09\/JUFENG-LOGO.png\",\"width\":600,\"height\":170,\"caption\":\"Peanut Butter Factory\"},\"image\":{\"@id\":\"https:\/\/www.peanutoem.com\/#\/schema\/logo\/image\/\"}}]}<\/script>\n<!-- \/ Yoast SEO plugin. -->","yoast_head_json":{"title":"Roasted Blanched Peanut China Wholesaler - Peanut Butter Factory","description":"High-quality Roasted Blanched Peanut OEM supplier, private label manufacturer, and exporter. Choose us for customizable solutions and global expertise.","robots":{"index":"index","follow":"follow","max-snippet":"max-snippet:-1","max-image-preview":"max-image-preview:large","max-video-preview":"max-video-preview:-1"},"canonical":"https:\/\/www.peanutoem.com\/pl\/manufacturer\/roasted-blanched-peanut\/","og_locale":"pl_PL","og_type":"article","og_title":"Roasted Blanched Peanut China Wholesaler - Peanut Butter Factory","og_description":"High-quality Roasted Blanched Peanut OEM supplier, private label manufacturer, and exporter. Choose us for customizable solutions and global expertise.","og_url":"https:\/\/www.peanutoem.com\/pl\/manufacturer\/roasted-blanched-peanut\/","og_site_name":"Peanut Butter Factory","article_modified_time":"2024-09-28T05:11:42+00:00","og_image":[{"width":1000,"height":1000,"url":"https:\/\/www.peanutoem.com\/wp-content\/uploads\/2024\/09\/Whole-Roast-Blanched-Peanut-.webp","type":"image\/webp"}],"twitter_card":"summary_large_image","twitter_misc":{"Szacowany czas czytania":"4 minuty"},"schema":{"@context":"https:\/\/schema.org","@graph":[{"@type":"WebPage","@id":"https:\/\/www.peanutoem.com\/manufacturer\/roasted-blanched-peanut\/","url":"https:\/\/www.peanutoem.com\/manufacturer\/roasted-blanched-peanut\/","name":"Roasted Blanched Peanut China Wholesaler - Peanut Butter Factory","isPartOf":{"@id":"https:\/\/www.peanutoem.com\/#website"},"primaryImageOfPage":{"@id":"https:\/\/www.peanutoem.com\/manufacturer\/roasted-blanched-peanut\/#primaryimage"},"image":{"@id":"https:\/\/www.peanutoem.com\/manufacturer\/roasted-blanched-peanut\/#primaryimage"},"thumbnailUrl":"https:\/\/www.peanutoem.com\/wp-content\/uploads\/2024\/09\/Whole-Roast-Blanched-Peanut-.webp","datePublished":"2024-09-02T13:59:01+00:00","dateModified":"2024-09-28T05:11:42+00:00","description":"High-quality Roasted Blanched Peanut OEM supplier, private label manufacturer, and exporter. Choose us for customizable solutions and global expertise.","breadcrumb":{"@id":"https:\/\/www.peanutoem.com\/manufacturer\/roasted-blanched-peanut\/#breadcrumb"},"inLanguage":"pl-PL","potentialAction":[{"@type":"ReadAction","target":["https:\/\/www.peanutoem.com\/manufacturer\/roasted-blanched-peanut\/"]}]},{"@type":"ImageObject","inLanguage":"pl-PL","@id":"https:\/\/www.peanutoem.com\/manufacturer\/roasted-blanched-peanut\/#primaryimage","url":"https:\/\/www.peanutoem.com\/wp-content\/uploads\/2024\/09\/Whole-Roast-Blanched-Peanut-.webp","contentUrl":"https:\/\/www.peanutoem.com\/wp-content\/uploads\/2024\/09\/Whole-Roast-Blanched-Peanut-.webp","width":1000,"height":1000,"caption":"Whole Roast Blanched Peanut"},{"@type":"BreadcrumbList","@id":"https:\/\/www.peanutoem.com\/manufacturer\/roasted-blanched-peanut\/#breadcrumb","itemListElement":[{"@type":"ListItem","position":1,"name":"Home","item":"https:\/\/www.peanutoem.com\/"},{"@type":"ListItem","position":2,"name":"Products","item":"https:\/\/www.peanutoem.com\/shop\/"},{"@type":"ListItem","position":3,"name":"Roasted Blanched Peanut"}]},{"@type":"WebSite","@id":"https:\/\/www.peanutoem.com\/#website","url":"https:\/\/www.peanutoem.com\/","name":"Peanut Butter Factory","description":"Peanut Butter Manufacturer and Roast Peanut OEM Factory | Peanut Private Label China Supplier","publisher":{"@id":"https:\/\/www.peanutoem.com\/#organization"},"alternateName":"Peanut Butter OEM and Wholesale","potentialAction":[{"@type":"SearchAction","target":{"@type":"EntryPoint","urlTemplate":"https:\/\/www.peanutoem.com\/?s={search_term_string}"},"query-input":{"@type":"PropertyValueSpecification","valueRequired":true,"valueName":"search_term_string"}}],"inLanguage":"pl-PL"},{"@type":"Organization","@id":"https:\/\/www.peanutoem.com\/#organization","name":"Peanut Butter Factory","alternateName":"JuFeng Group","url":"https:\/\/www.peanutoem.com\/","logo":{"@type":"ImageObject","inLanguage":"pl-PL","@id":"https:\/\/www.peanutoem.com\/#\/schema\/logo\/image\/","url":"https:\/\/www.peanutoem.com\/wp-content\/uploads\/2024\/09\/JUFENG-LOGO.png","contentUrl":"https:\/\/www.peanutoem.com\/wp-content\/uploads\/2024\/09\/JUFENG-LOGO.png","width":600,"height":170,"caption":"Peanut Butter Factory"},"image":{"@id":"https:\/\/www.peanutoem.com\/#\/schema\/logo\/image\/"}}]}},"_links":{"self":[{"href":"https:\/\/www.peanutoem.com\/pl\/wp-json\/wp\/v2\/product\/1554","targetHints":{"allow":["GET"]}}],"collection":[{"href":"https:\/\/www.peanutoem.com\/pl\/wp-json\/wp\/v2\/product"}],"about":[{"href":"https:\/\/www.peanutoem.com\/pl\/wp-json\/wp\/v2\/types\/product"}],"replies":[{"embeddable":true,"href":"https:\/\/www.peanutoem.com\/pl\/wp-json\/wp\/v2\/comments?post=1554"}],"wp:featuredmedia":[{"embeddable":true,"href":"https:\/\/www.peanutoem.com\/pl\/wp-json\/wp\/v2\/media\/1701"}],"wp:attachment":[{"href":"https:\/\/www.peanutoem.com\/pl\/wp-json\/wp\/v2\/media?parent=1554"}],"wp:term":[{"taxonomy":"product_cat","embeddable":true,"href":"https:\/\/www.peanutoem.com\/pl\/wp-json\/wp\/v2\/product_cat?post=1554"},{"taxonomy":"product_tag","embeddable":true,"href":"https:\/\/www.peanutoem.com\/pl\/wp-json\/wp\/v2\/product_tag?post=1554"}],"curies":[{"name":"wp","href":"https:\/\/api.w.org\/{rel}","templated":true}]}}