{"id":1555,"date":"2024-09-02T14:00:33","date_gmt":"2024-09-02T14:00:33","guid":{"rendered":"https:\/\/www.peanutoem.com\/?post_type=product&#038;p=1555"},"modified":"2024-09-28T04:44:51","modified_gmt":"2024-09-28T04:44:51","slug":"roasted-peanut-kernels-in-split","status":"publish","type":"product","link":"https:\/\/www.peanutoem.com\/pl\/manufacturer\/roasted-peanut-kernels-in-split\/","title":{"rendered":"Pra\u017cone Orzeszki Ziemne w Split | Pokrojone Pra\u017cone Orzeszki Ziemne"},"content":{"rendered":"<h3>Czym s\u0105 pra\u017cone orzechy arachidowe w Splicie?<\/h3>\n<p>Pra\u017cone ziarna orzech\u00f3w ziemnych w \u0142upinie lub nazywane pra\u017conymi ziarnami orzech\u00f3w ziemnych \u0142upionych to orzechy ziemne, kt\u00f3re zosta\u0142y starannie upra\u017cone do perfekcji, a nast\u0119pnie ostro\u017cnie przekrojone na p\u00f3\u0142. S\u0105 znane ze swojego bogatego aromatu, chrupi\u0105cego smaku i szerokiego zastosowania w przek\u0105skach, wypiekach i r\u00f3\u017cnych produktach spo\u017cywczych. Proces pra\u017cenia nie tylko wzmacnia naturalny smak orzech\u00f3w ziemnych, ale tak\u017ce sprawia, \u017ce s\u0105 idealnym wyborem dla producent\u00f3w \u017cywno\u015bci, marek przek\u0105sek i konsument\u00f3w, kt\u00f3rzy d\u0105\u017c\u0105 do zdrowszej diety.<\/p>\n<h3>Alternatywne nazwy dla pra\u017conych orzech\u00f3w arachidowych w Splicie<\/h3>\n<p>Pra\u017cone orzechy arachidowe w Splicie znane s\u0105 r\u00f3wnie\u017c pod innymi nazwami w zale\u017cno\u015bci od regionu lub rynku, w tym:<\/p>\n<ul>\n<li>Orzeszki ziemne pra\u017cone<\/li>\n<li>Pra\u017cone po\u0142\u00f3wki orzeszk\u00f3w ziemnych<\/li>\n<li>Rozdrobnione pra\u017cone orzechy arachidowe<\/li>\n<li>Orzeszki ziemne split<\/li>\n<\/ul>\n<h3>Powi\u0105zane gor\u0105ce tematy<\/h3>\n<ol>\n<li><strong>Korzy\u015bci zdrowotne pra\u017conych orzech\u00f3w arachidowych<\/strong>:Pra\u017cone orzechy ziemne s\u0105 bogatym \u017ar\u00f3d\u0142em bia\u0142ka, zdrowych t\u0142uszcz\u00f3w i niezb\u0119dnych witamin. S\u0105 po\u017cywn\u0105 przek\u0105sk\u0105 lub sk\u0142adnikiem r\u00f3\u017cnych produkt\u00f3w prozdrowotnych.<\/li>\n<li><strong>Rosn\u0105cy popyt na przek\u0105ski na bazie orzeszk\u00f3w ziemnych:<\/strong> Pra\u017cone orzechy ziemne w formie \u0142uskanej ciesz\u0105 si\u0119 coraz wi\u0119ksz\u0105 popularno\u015bci\u0105 ze wzgl\u0119du na rosn\u0105cy popyt na zdrowe przek\u0105ski.<\/li>\n<li><strong>Bezpiecze\u0144stwo \u017cywno\u015bci i kontrola jako\u015bci w przetw\u00f3rstwie orzeszk\u00f3w ziemnych:<\/strong> Utrzymanie wysokich standard\u00f3w produkcji i obs\u0142ugi ma kluczowe znaczenie dla integralno\u015bci produktu i zgodno\u015bci z przepisami dotycz\u0105cymi bezpiecze\u0144stwa \u017cywno\u015bci.<\/li>\n<li><strong>Produkty orzechowe pod mark\u0105 w\u0142asn\u0105:<\/strong> Wiele marek wybiera nasze us\u0142ugi marek w\u0142asnych, aby oferowa\u0107 najwy\u017cszej jako\u015bci pra\u017cone orzeszki ziemne w plastrach pod w\u0142asn\u0105 mark\u0105.<\/li>\n<\/ol>\n<p><img loading=\"lazy\" decoding=\"async\" class=\"alignnone wp-image-1720 size-large\" src=\"https:\/\/www.peanutoem.com\/wp-content\/uploads\/2024\/09\/Roasted-Peanut-Power-in-Carton-1024x908.webp\" alt=\"Pra\u017cone Orzeszki Ziemne w Kartonie\" width=\"1020\" height=\"904\" srcset=\"https:\/\/www.peanutoem.com\/wp-content\/uploads\/2024\/09\/Roasted-Peanut-Power-in-Carton-1024x908.webp 1024w, https:\/\/www.peanutoem.com\/wp-content\/uploads\/2024\/09\/Roasted-Peanut-Power-in-Carton-300x266.webp 300w, https:\/\/www.peanutoem.com\/wp-content\/uploads\/2024\/09\/Roasted-Peanut-Power-in-Carton-768x681.webp 768w, https:\/\/www.peanutoem.com\/wp-content\/uploads\/2024\/09\/Roasted-Peanut-Power-in-Carton-1536x1362.webp 1536w, https:\/\/www.peanutoem.com\/wp-content\/uploads\/2024\/09\/Roasted-Peanut-Power-in-Carton-2048x1816.webp 2048w, https:\/\/www.peanutoem.com\/wp-content\/uploads\/2024\/09\/Roasted-Peanut-Power-in-Carton-14x12.webp 14w, https:\/\/www.peanutoem.com\/wp-content\/uploads\/2024\/09\/Roasted-Peanut-Power-in-Carton-600x532.webp 600w\" sizes=\"auto, (max-width: 1020px) 100vw, 1020px\" \/><\/p>\n<hr \/>\n<h3>Dlaczego warto wybra\u0107 nas jako dostawc\u0119 krojonych pra\u017conych orzech\u00f3w ziemnych?<\/h3>\n<p>Jeste\u015bmy zaufanym dostawc\u0105 pra\u017conych orzech\u00f3w arachidowych w Splicie z kilku wa\u017cnych powod\u00f3w:<\/p>\n<ul>\n<li><strong>Zaawansowane urz\u0105dzenia produkcyjne:<\/strong> W naszej fabryce wykorzystujemy najnowocze\u015bniejsze linie produkcyjne w USA, zapewniaj\u0105ce najwy\u017cszej jako\u015bci procesy pra\u017cenia i krojenia.<\/li>\n<li><strong>\u015acis\u0142a kontrola jako\u015bci:<\/strong> W naszym laboratorium przeprowadzamy kompleksowe testy, aby mie\u0107 pewno\u015b\u0107, \u017ce ka\u017cda partia spe\u0142nia \u015bwiatowe standardy.<\/li>\n<li><strong>Certyfikaty globalne:<\/strong> Nasze pra\u017cone ziarna orzeszk\u00f3w ziemnych posiadaj\u0105 certyfikaty HACCP, BRCGS, koszerno\u015bci, halal i UE Organic, co potwierdza ich jako\u015b\u0107 i bezpiecze\u0144stwo.<\/li>\n<li><strong>Niezawodny \u0142a\u0144cuch dostaw:<\/strong> Nasz du\u017cy magazyn o sta\u0142ej temperaturze gwarantuje jako\u015b\u0107 produkt\u00f3w i stabilno\u015b\u0107 dostaw przez ca\u0142y rok.<\/li>\n<li><strong>Us\u0142ugi dostosowane do indywidualnych potrzeb:<\/strong> Oferujemy rozwi\u0105zania marek w\u0142asnych dostosowane do szczeg\u00f3lnych potrzeb marek i importer\u00f3w na ca\u0142ym \u015bwiecie.<\/li>\n<li><strong>Zr\u00f3wnowa\u017cony rozw\u00f3j:<\/strong> Stawiamy na zr\u00f3wnowa\u017cone praktyki i wsp\u00f3\u0142pracujemy z renomowanymi sieciami supermarket\u00f3w dla wsp\u00f3lnego dobrobytu.<\/li>\n<\/ul>\n<h3>Pytania i odpowiedzi dotycz\u0105ce pokrojonych pra\u017conych orzech\u00f3w arachidowych<\/h3>\n<p><strong>P: Co sprawia, \u017ce jeste\u015bcie wiod\u0105cym dostawc\u0105 pra\u017conych orzech\u00f3w ziemnych w formie split?<\/strong><br \/>\n<strong>A:<\/strong> Nasze nowoczesne zak\u0142ady produkcyjne, rygorystyczne systemy kontroli jako\u015bci i globalne certyfikaty to gwarancja niezmiennie wysokiej jako\u015bci oferowanych przez nas produkt\u00f3w.<\/p>\n<p><strong>P: Czy mog\u0119 dostosowa\u0107 opakowanie do mojej marki?<\/strong><br \/>\n<strong>A:<\/strong> Tak, \u015bwiadczymy us\u0142ugi marek w\u0142asnych, umo\u017cliwiaj\u0105ce pe\u0142n\u0105 personalizacj\u0119 opakowa\u0144 i marki w celu spe\u0142nienia potrzeb Twojego rynku.<\/p>\n<p><strong>P: Jakie certyfikaty posiadaj\u0105 Wasze pra\u017cone orzechy ziemne?<\/strong><br \/>\n<strong>A:<\/strong> Nasze produkty posiadaj\u0105 certyfikaty HACCP, BRC, Halal, Kosher, EU Organic i inne globalne standardy, co gwarantuje jako\u015b\u0107 i bezpiecze\u0144stwo.<\/p>\n<p><strong>P: W jaki spos\u00f3b zapewniacie \u015bwie\u017co\u015b\u0107 i jako\u015b\u0107?<\/strong><br \/>\n<strong>A:<\/strong> Nasz du\u017cy magazyn o sta\u0142ej temperaturze pozwala na utrzymanie optymalnych warunk\u00f3w, zachowuj\u0105c \u015bwie\u017co\u015b\u0107 i jako\u015b\u0107 a\u017c do momentu dostawy.<\/p>\n<p><strong>P: Czy realizujecie zam\u00f3wienia hurtowe z wysy\u0142k\u0105 mi\u0119dzynarodow\u0105?<\/strong><br \/>\n<strong>A:<\/strong> Tak, specjalizujemy si\u0119 w zam\u00f3wieniach hurtowych i wysy\u0142kach mi\u0119dzynarodowych, zapewniaj\u0105c p\u0142ynny \u0142a\u0144cuch dostaw dla globalnych klient\u00f3w.<\/p>\n<p><strong>P: Jakie s\u0105 korzy\u015bci z wyboru pra\u017conych orzech\u00f3w arachidowych w formie \u0142uskanej?<\/strong><br \/>\n<strong>A:<\/strong> Rozdrobnione pra\u017cone ziarna orzeszk\u00f3w ziemnych to gotowy do u\u017cycia produkt o wzbogaconym smaku i konsystencji, idealny na przek\u0105sk\u0119 i dodatek do potraw.<\/p>\n<p><strong>P: Czy w pra\u017conych ziarnach orzeszk\u00f3w ziemnych znajduj\u0105 si\u0119 jakie\u015b dodatki?<\/strong><br \/>\n<strong>A:<\/strong> Nie, nasze pra\u017cone orzechy ziemne nie zawieraj\u0105 \u017cadnych dodatk\u00f3w ani konserwant\u00f3w, co gwarantuje naturalny produkt.<\/p>\n<p><strong>P: Czy mog\u0119 poprosi\u0107 o konkretny poziom palenia?<\/strong><br \/>\n<strong>A:<\/strong> Tak, mo\u017cemy dostosowa\u0107 poziom palenia do Twoich wymaga\u0144, niezale\u017cnie od tego, czy wolisz jasne, \u015brednie czy ciemne palenie.<\/p>\n<p><strong>P: Jak mog\u0119 zam\u00f3wi\u0107 pr\u00f3bk\u0119?<\/strong><br \/>\n<strong>A:<\/strong> <a href=\"mailto:globepeanut@gmail.com\" target=\"_blank\" rel=\"noopener\">Kontakt <\/a>skontaktuj si\u0119 z naszym zespo\u0142em sprzeda\u017cy, aby zam\u00f3wi\u0107 pr\u00f3bk\u0119 i om\u00f3wi\u0107 Twoje szczeg\u00f3lne potrzeby.<\/p>\n<p><strong>P: Na jakie rynki dostarczacie?<\/strong><br \/>\n<strong>A:<\/strong> Dostarczamy pra\u017cone orzechy ziemne na r\u00f3\u017cne rynki na ca\u0142ym \u015bwiecie, w tym do Ameryki P\u00f3\u0142nocnej, Europy, Azji i na Bliski Wsch\u00f3d, wsp\u00f3\u0142pracuj\u0105c z silnymi partnerami bran\u017cowymi.<\/p>\n<a href=\"mailto:globepeanut@gmail.com\" class=\"button primary is-primary is-medium\"  >\n    <span>Napisz do nas<\/span>\n  <\/a>","protected":false},"excerpt":{"rendered":"<p>Jeste\u015bmy producentem i dostawc\u0105 krojonych pra\u017conych orzech\u00f3w arachidowych w Chinach<\/p>\n<p>\u2013 Minimalna ilo\u015b\u0107 zam\u00f3wienia: 1 tona<br \/>\n\u2013 Oferowana us\u0142uga OEM\/ODM<br \/>\n\u2013 Dost\u0119pna bezp\u0142atna pr\u00f3bka<br \/>\n\u2013 Akceptacja personalizacji (specyfikacji, rozmiar\u00f3w, kolor\u00f3w, wzor\u00f3w itp.)<br \/>\n\u2013 Specyfikacje (3-5 oczek, 4-7 oczek, 5-8 oczek, 6-10 oczek, 8-14 oczek lub wed\u0142ug Pa\u0144stwa wymaga\u0144)<\/p>\n<p>Je\u015bli chcesz kupi\u0107 pra\u017cone orzechy ziemne w postaci \u0142uskanych lub krojonych orzech\u00f3w ziemnych, skontaktuj si\u0119 z nami.<\/p>","protected":false},"featured_media":1712,"comment_status":"open","ping_status":"closed","template":"","meta":[],"product_cat":[37],"product_tag":[],"class_list":{"0":"post-1555","1":"product","2":"type-product","3":"status-publish","4":"has-post-thumbnail","6":"product_cat-roasted-peanut","8":"first","9":"instock","10":"shipping-taxable","11":"product-type-simple"},"yoast_head":"<!-- This site is optimized with the Yoast SEO plugin v24.9 - https:\/\/yoast.com\/wordpress\/plugins\/seo\/ -->\n<title>Roasted Peanut Kernels in Split | Sliced Roasted Peanut Kernels - Peanut Butter Factory<\/title>\n<meta name=\"description\" content=\"We are leading OEM manufacturer, supplier, and exporter of high-quality Roasted Peanut Kernels in Split. Private label services and global brands partner.\" \/>\n<meta name=\"robots\" content=\"index, follow, max-snippet:-1, max-image-preview:large, max-video-preview:-1\" \/>\n<link rel=\"canonical\" href=\"https:\/\/www.peanutoem.com\/pl\/manufacturer\/roasted-peanut-kernels-in-split\/\" \/>\n<meta property=\"og:locale\" content=\"pl_PL\" \/>\n<meta property=\"og:type\" content=\"article\" \/>\n<meta property=\"og:title\" content=\"Roasted Peanut Kernels in Split | Sliced Roasted Peanut Kernels - Peanut Butter Factory\" \/>\n<meta property=\"og:description\" content=\"We are leading OEM manufacturer, supplier, and exporter of high-quality Roasted Peanut Kernels in Split. Private label services and global brands partner.\" \/>\n<meta property=\"og:url\" content=\"https:\/\/www.peanutoem.com\/pl\/manufacturer\/roasted-peanut-kernels-in-split\/\" \/>\n<meta property=\"og:site_name\" content=\"Peanut Butter Factory\" \/>\n<meta property=\"article:modified_time\" content=\"2024-09-28T04:44:51+00:00\" \/>\n<meta property=\"og:image\" content=\"https:\/\/www.peanutoem.com\/wp-content\/uploads\/2024\/09\/4-6mm-roasted-peanut-kernels-scaled.webp\" \/>\n\t<meta property=\"og:image:width\" content=\"1920\" \/>\n\t<meta property=\"og:image:height\" content=\"2560\" \/>\n\t<meta property=\"og:image:type\" content=\"image\/webp\" \/>\n<meta name=\"twitter:card\" content=\"summary_large_image\" \/>\n<meta name=\"twitter:label1\" content=\"Szacowany czas czytania\" \/>\n\t<meta name=\"twitter:data1\" content=\"4 minuty\" \/>\n<script type=\"application\/ld+json\" class=\"yoast-schema-graph\">{\"@context\":\"https:\/\/schema.org\",\"@graph\":[{\"@type\":\"WebPage\",\"@id\":\"https:\/\/www.peanutoem.com\/manufacturer\/roasted-peanut-kernels-in-split\/\",\"url\":\"https:\/\/www.peanutoem.com\/manufacturer\/roasted-peanut-kernels-in-split\/\",\"name\":\"Roasted Peanut Kernels in Split | Sliced Roasted Peanut Kernels - Peanut Butter Factory\",\"isPartOf\":{\"@id\":\"https:\/\/www.peanutoem.com\/#website\"},\"primaryImageOfPage\":{\"@id\":\"https:\/\/www.peanutoem.com\/manufacturer\/roasted-peanut-kernels-in-split\/#primaryimage\"},\"image\":{\"@id\":\"https:\/\/www.peanutoem.com\/manufacturer\/roasted-peanut-kernels-in-split\/#primaryimage\"},\"thumbnailUrl\":\"https:\/\/www.peanutoem.com\/wp-content\/uploads\/2024\/09\/4-6mm-roasted-peanut-kernels-scaled.webp\",\"datePublished\":\"2024-09-02T14:00:33+00:00\",\"dateModified\":\"2024-09-28T04:44:51+00:00\",\"description\":\"We are leading OEM manufacturer, supplier, and exporter of high-quality Roasted Peanut Kernels in Split. Private label services and global brands partner.\",\"breadcrumb\":{\"@id\":\"https:\/\/www.peanutoem.com\/manufacturer\/roasted-peanut-kernels-in-split\/#breadcrumb\"},\"inLanguage\":\"pl-PL\",\"potentialAction\":[{\"@type\":\"ReadAction\",\"target\":[\"https:\/\/www.peanutoem.com\/manufacturer\/roasted-peanut-kernels-in-split\/\"]}]},{\"@type\":\"ImageObject\",\"inLanguage\":\"pl-PL\",\"@id\":\"https:\/\/www.peanutoem.com\/manufacturer\/roasted-peanut-kernels-in-split\/#primaryimage\",\"url\":\"https:\/\/www.peanutoem.com\/wp-content\/uploads\/2024\/09\/4-6mm-roasted-peanut-kernels-scaled.webp\",\"contentUrl\":\"https:\/\/www.peanutoem.com\/wp-content\/uploads\/2024\/09\/4-6mm-roasted-peanut-kernels-scaled.webp\",\"width\":1920,\"height\":2560,\"caption\":\"4-6mm roasted peanut kernels\"},{\"@type\":\"BreadcrumbList\",\"@id\":\"https:\/\/www.peanutoem.com\/manufacturer\/roasted-peanut-kernels-in-split\/#breadcrumb\",\"itemListElement\":[{\"@type\":\"ListItem\",\"position\":1,\"name\":\"Home\",\"item\":\"https:\/\/www.peanutoem.com\/\"},{\"@type\":\"ListItem\",\"position\":2,\"name\":\"Products\",\"item\":\"https:\/\/www.peanutoem.com\/shop\/\"},{\"@type\":\"ListItem\",\"position\":3,\"name\":\"Roasted Peanut Kernels in Split | Sliced Roasted Peanut Kernels\"}]},{\"@type\":\"WebSite\",\"@id\":\"https:\/\/www.peanutoem.com\/#website\",\"url\":\"https:\/\/www.peanutoem.com\/\",\"name\":\"Peanut Butter Factory\",\"description\":\"Peanut Butter Manufacturer and Roast Peanut OEM Factory | Peanut Private Label China Supplier\",\"publisher\":{\"@id\":\"https:\/\/www.peanutoem.com\/#organization\"},\"alternateName\":\"Peanut Butter OEM and Wholesale\",\"potentialAction\":[{\"@type\":\"SearchAction\",\"target\":{\"@type\":\"EntryPoint\",\"urlTemplate\":\"https:\/\/www.peanutoem.com\/?s={search_term_string}\"},\"query-input\":{\"@type\":\"PropertyValueSpecification\",\"valueRequired\":true,\"valueName\":\"search_term_string\"}}],\"inLanguage\":\"pl-PL\"},{\"@type\":\"Organization\",\"@id\":\"https:\/\/www.peanutoem.com\/#organization\",\"name\":\"Peanut Butter Factory\",\"alternateName\":\"JuFeng Group\",\"url\":\"https:\/\/www.peanutoem.com\/\",\"logo\":{\"@type\":\"ImageObject\",\"inLanguage\":\"pl-PL\",\"@id\":\"https:\/\/www.peanutoem.com\/#\/schema\/logo\/image\/\",\"url\":\"https:\/\/www.peanutoem.com\/wp-content\/uploads\/2024\/09\/JUFENG-LOGO.png\",\"contentUrl\":\"https:\/\/www.peanutoem.com\/wp-content\/uploads\/2024\/09\/JUFENG-LOGO.png\",\"width\":600,\"height\":170,\"caption\":\"Peanut Butter Factory\"},\"image\":{\"@id\":\"https:\/\/www.peanutoem.com\/#\/schema\/logo\/image\/\"}}]}<\/script>\n<!-- \/ Yoast SEO plugin. -->","yoast_head_json":{"title":"Roasted Peanut Kernels in Split | Sliced Roasted Peanut Kernels - Peanut Butter Factory","description":"We are leading OEM manufacturer, supplier, and exporter of high-quality Roasted Peanut Kernels in Split. Private label services and global brands partner.","robots":{"index":"index","follow":"follow","max-snippet":"max-snippet:-1","max-image-preview":"max-image-preview:large","max-video-preview":"max-video-preview:-1"},"canonical":"https:\/\/www.peanutoem.com\/pl\/manufacturer\/roasted-peanut-kernels-in-split\/","og_locale":"pl_PL","og_type":"article","og_title":"Roasted Peanut Kernels in Split | Sliced Roasted Peanut Kernels - Peanut Butter Factory","og_description":"We are leading OEM manufacturer, supplier, and exporter of high-quality Roasted Peanut Kernels in Split. Private label services and global brands partner.","og_url":"https:\/\/www.peanutoem.com\/pl\/manufacturer\/roasted-peanut-kernels-in-split\/","og_site_name":"Peanut Butter Factory","article_modified_time":"2024-09-28T04:44:51+00:00","og_image":[{"width":1920,"height":2560,"url":"https:\/\/www.peanutoem.com\/wp-content\/uploads\/2024\/09\/4-6mm-roasted-peanut-kernels-scaled.webp","type":"image\/webp"}],"twitter_card":"summary_large_image","twitter_misc":{"Szacowany czas czytania":"4 minuty"},"schema":{"@context":"https:\/\/schema.org","@graph":[{"@type":"WebPage","@id":"https:\/\/www.peanutoem.com\/manufacturer\/roasted-peanut-kernels-in-split\/","url":"https:\/\/www.peanutoem.com\/manufacturer\/roasted-peanut-kernels-in-split\/","name":"Roasted Peanut Kernels in Split | Sliced Roasted Peanut Kernels - Peanut Butter Factory","isPartOf":{"@id":"https:\/\/www.peanutoem.com\/#website"},"primaryImageOfPage":{"@id":"https:\/\/www.peanutoem.com\/manufacturer\/roasted-peanut-kernels-in-split\/#primaryimage"},"image":{"@id":"https:\/\/www.peanutoem.com\/manufacturer\/roasted-peanut-kernels-in-split\/#primaryimage"},"thumbnailUrl":"https:\/\/www.peanutoem.com\/wp-content\/uploads\/2024\/09\/4-6mm-roasted-peanut-kernels-scaled.webp","datePublished":"2024-09-02T14:00:33+00:00","dateModified":"2024-09-28T04:44:51+00:00","description":"We are leading OEM manufacturer, supplier, and exporter of high-quality Roasted Peanut Kernels in Split. Private label services and global brands partner.","breadcrumb":{"@id":"https:\/\/www.peanutoem.com\/manufacturer\/roasted-peanut-kernels-in-split\/#breadcrumb"},"inLanguage":"pl-PL","potentialAction":[{"@type":"ReadAction","target":["https:\/\/www.peanutoem.com\/manufacturer\/roasted-peanut-kernels-in-split\/"]}]},{"@type":"ImageObject","inLanguage":"pl-PL","@id":"https:\/\/www.peanutoem.com\/manufacturer\/roasted-peanut-kernels-in-split\/#primaryimage","url":"https:\/\/www.peanutoem.com\/wp-content\/uploads\/2024\/09\/4-6mm-roasted-peanut-kernels-scaled.webp","contentUrl":"https:\/\/www.peanutoem.com\/wp-content\/uploads\/2024\/09\/4-6mm-roasted-peanut-kernels-scaled.webp","width":1920,"height":2560,"caption":"4-6mm roasted peanut kernels"},{"@type":"BreadcrumbList","@id":"https:\/\/www.peanutoem.com\/manufacturer\/roasted-peanut-kernels-in-split\/#breadcrumb","itemListElement":[{"@type":"ListItem","position":1,"name":"Home","item":"https:\/\/www.peanutoem.com\/"},{"@type":"ListItem","position":2,"name":"Products","item":"https:\/\/www.peanutoem.com\/shop\/"},{"@type":"ListItem","position":3,"name":"Roasted Peanut Kernels in Split | Sliced Roasted Peanut Kernels"}]},{"@type":"WebSite","@id":"https:\/\/www.peanutoem.com\/#website","url":"https:\/\/www.peanutoem.com\/","name":"Peanut Butter Factory","description":"Peanut Butter Manufacturer and Roast Peanut OEM Factory | Peanut Private Label China Supplier","publisher":{"@id":"https:\/\/www.peanutoem.com\/#organization"},"alternateName":"Peanut Butter OEM and Wholesale","potentialAction":[{"@type":"SearchAction","target":{"@type":"EntryPoint","urlTemplate":"https:\/\/www.peanutoem.com\/?s={search_term_string}"},"query-input":{"@type":"PropertyValueSpecification","valueRequired":true,"valueName":"search_term_string"}}],"inLanguage":"pl-PL"},{"@type":"Organization","@id":"https:\/\/www.peanutoem.com\/#organization","name":"Peanut Butter Factory","alternateName":"JuFeng Group","url":"https:\/\/www.peanutoem.com\/","logo":{"@type":"ImageObject","inLanguage":"pl-PL","@id":"https:\/\/www.peanutoem.com\/#\/schema\/logo\/image\/","url":"https:\/\/www.peanutoem.com\/wp-content\/uploads\/2024\/09\/JUFENG-LOGO.png","contentUrl":"https:\/\/www.peanutoem.com\/wp-content\/uploads\/2024\/09\/JUFENG-LOGO.png","width":600,"height":170,"caption":"Peanut Butter Factory"},"image":{"@id":"https:\/\/www.peanutoem.com\/#\/schema\/logo\/image\/"}}]}},"_links":{"self":[{"href":"https:\/\/www.peanutoem.com\/pl\/wp-json\/wp\/v2\/product\/1555","targetHints":{"allow":["GET"]}}],"collection":[{"href":"https:\/\/www.peanutoem.com\/pl\/wp-json\/wp\/v2\/product"}],"about":[{"href":"https:\/\/www.peanutoem.com\/pl\/wp-json\/wp\/v2\/types\/product"}],"replies":[{"embeddable":true,"href":"https:\/\/www.peanutoem.com\/pl\/wp-json\/wp\/v2\/comments?post=1555"}],"wp:featuredmedia":[{"embeddable":true,"href":"https:\/\/www.peanutoem.com\/pl\/wp-json\/wp\/v2\/media\/1712"}],"wp:attachment":[{"href":"https:\/\/www.peanutoem.com\/pl\/wp-json\/wp\/v2\/media?parent=1555"}],"wp:term":[{"taxonomy":"product_cat","embeddable":true,"href":"https:\/\/www.peanutoem.com\/pl\/wp-json\/wp\/v2\/product_cat?post=1555"},{"taxonomy":"product_tag","embeddable":true,"href":"https:\/\/www.peanutoem.com\/pl\/wp-json\/wp\/v2\/product_tag?post=1555"}],"curies":[{"name":"wp","href":"https:\/\/api.w.org\/{rel}","templated":true}]}}