{"id":1556,"date":"2024-09-02T14:00:57","date_gmt":"2024-09-02T14:00:57","guid":{"rendered":"https:\/\/www.peanutoem.com\/?post_type=product&#038;p=1556"},"modified":"2024-09-28T04:23:49","modified_gmt":"2024-09-28T04:23:49","slug":"roasted-peanut-powder","status":"publish","type":"product","link":"https:\/\/www.peanutoem.com\/pl\/manufacturer\/roasted-peanut-powder\/","title":{"rendered":"Proszek z pra\u017conych orzech\u00f3w arachidowych"},"content":{"rendered":"<h3>Czym jest proszek z pra\u017conych orzech\u00f3w arachidowych?<\/h3>\n<p>Proszek z pra\u017conych orzech\u00f3w arachidowych powstaje w wyniku drobnego zmielenia orzech\u00f3w arachidowych i wzbogacenia ich naturalnego smaku poprzez <a href=\"https:\/\/en.wikipedia.org\/wiki\/Roasting\" target=\"_blank\" rel=\"noopener\">pra\u017cenie<\/a> proces. Ten wszechstronny sk\u0142adnik jest popularny w przemy\u015ble spo\u017cywczym, s\u0142u\u017c\u0105c jako sk\u0142adnik premium w przek\u0105skach z orzeszk\u00f3w ziemnych, wypiekach, sosach i proszkach bia\u0142kowych. Proces pra\u017cenia znacznie wzmacnia orzechowy aromat orzeszk\u00f3w ziemnych, co czyni je preferowanym materia\u0142em dla producent\u00f3w \u017cywno\u015bci poszukuj\u0105cych bogatego smaku orzeszk\u00f3w ziemnych. Jego proszkowa forma u\u0142atwia w\u0142\u0105czanie do r\u00f3\u017cnych przepis\u00f3w, nadaj\u0105c potrawom bogaty smak bez potrzeby dodawania dodatkowej wody.<\/p>\n<h3><img loading=\"lazy\" decoding=\"async\" class=\"alignnone wp-image-1719 size-full\" src=\"https:\/\/www.peanutoem.com\/wp-content\/uploads\/2024\/09\/Roasted-Peanut-Powder-in-Pouch.webp\" alt=\"Proszek z pra\u017conych orzech\u00f3w arachidowych w saszetce\" width=\"912\" height=\"1128\" srcset=\"https:\/\/www.peanutoem.com\/wp-content\/uploads\/2024\/09\/Roasted-Peanut-Powder-in-Pouch.webp 912w, https:\/\/www.peanutoem.com\/wp-content\/uploads\/2024\/09\/Roasted-Peanut-Powder-in-Pouch-243x300.webp 243w, https:\/\/www.peanutoem.com\/wp-content\/uploads\/2024\/09\/Roasted-Peanut-Powder-in-Pouch-828x1024.webp 828w, https:\/\/www.peanutoem.com\/wp-content\/uploads\/2024\/09\/Roasted-Peanut-Powder-in-Pouch-768x950.webp 768w, https:\/\/www.peanutoem.com\/wp-content\/uploads\/2024\/09\/Roasted-Peanut-Powder-in-Pouch-10x12.webp 10w, https:\/\/www.peanutoem.com\/wp-content\/uploads\/2024\/09\/Roasted-Peanut-Powder-in-Pouch-600x742.webp 600w\" sizes=\"auto, (max-width: 912px) 100vw, 912px\" \/><\/h3>\n<h3>Alternatywne nazwy dla proszku z pra\u017conych orzech\u00f3w arachidowych<\/h3>\n<p>Proszek z pra\u017conych orzech\u00f3w arachidowych jest znany na rynku pod r\u00f3\u017cnymi nazwami. Niekt\u00f3re popularne alternatywy obejmuj\u0105:<\/p>\n<ul>\n<li>M\u0105ka orzechowa<\/li>\n<li>Proszek z pra\u017conych orzech\u00f3w arachidowych<\/li>\n<li>M\u0105czka orzechowa<\/li>\n<li>Pra\u017cony py\u0142 orzechowy<\/li>\n<li>Odt\u0142uszczony proszek orzechowy<\/li>\n<\/ul>\n<div class=\"group\/conversation-turn relative flex w-full min-w-0 flex-col agent-turn\">\n<div class=\"flex-col gap-1 md:gap-3\">\n<h3>Powi\u0105zane gor\u0105ce tematy dotycz\u0105ce proszku z pra\u017conych orzech\u00f3w arachidowych<\/h3>\n<ul>\n<li data-pm-slice=\"0 0 []\"><strong>Zastosowania wypiek\u00f3w bezglutenowych:<\/strong> Coraz wi\u0119cej piekarzy u\u017cywa proszku z pra\u017conych orzech\u00f3w arachidowych jako zamiennika m\u0105ki w przepisach bezglutenowych, poprawiaj\u0105c zar\u00f3wno smak, jak i warto\u015b\u0107 od\u017cywcz\u0105 wypiek\u00f3w.<\/li>\n<li><strong>Korzy\u015bci zdrowotne:<\/strong> Dbaj\u0105cy o zdrowie konsumenci uwa\u017caj\u0105 proszek z pra\u017conych orzech\u00f3w arachidowych za atrakcyjny ze wzgl\u0119du na wysok\u0105 zawarto\u015b\u0107 bia\u0142ka, b\u0142onnika i zdrowego t\u0142uszczu.<\/li>\n<li><strong>Rosn\u0105cy popyt na bia\u0142ko ro\u015blinne:<\/strong> W miar\u0119 jak dieta oparta na ro\u015blinach staje si\u0119 coraz popularniejsza, proszek z pra\u017conych orzech\u00f3w arachidowych staje si\u0119 ulubionym \u017ar\u00f3d\u0142em bia\u0142ka dla wegan i wegetarian.<\/li>\n<li><strong>Zastosowania wypiek\u00f3w bezglutenowych:<\/strong> Piekarze coraz cz\u0119\u015bciej wybieraj\u0105 proszek z pra\u017conych orzech\u00f3w arachidowych jako zamiennik m\u0105ki w przepisach bezglutenowych, poprawiaj\u0105c smak i warto\u015b\u0107 od\u017cywcz\u0105 potraw.<\/li>\n<li><strong>Innowacyjne zastosowania przemys\u0142u spo\u017cywczego:<\/strong> Ten wszechstronny sk\u0142adnik poprawia smak i konsystencj\u0119 r\u00f3\u017cnych produkt\u00f3w, od baton\u00f3w energetycznych po sosy.<\/li>\n<li><strong>Mo\u017cliwo\u015bci marek w\u0142asnych:<\/strong> Wiele marek decyduje si\u0119 na produkty z orzeszk\u00f3w ziemnych pod mark\u0105 w\u0142asn\u0105, oferuj\u0105c dostosowane do potrzeb klienta rozwi\u0105zania w zakresie pra\u017conych orzech\u00f3w ziemnych we wsp\u00f3\u0142pracy z nami jako zaufanym partnerem OEM.<\/li>\n<\/ul>\n<h3 class=\"flex max-w-full flex-col flex-grow\"><span style=\"font-size: 20.16px;\">Jako zaufany lider w bran\u017cy przetw\u00f3rstwa orzeszk\u00f3w ziemnych oferujemy najwy\u017cszej jako\u015bci proszek z pra\u017conych orzeszk\u00f3w ziemnych do r\u00f3\u017cnych zastosowa\u0144. Oto, jak si\u0119 wyr\u00f3\u017cniamy:<\/span><\/h3>\n<ul>\n<li><strong>Produkcja na najwy\u017cszym poziomie:<\/strong> Nasze zaawansowane linie produkcyjne gwarantuj\u0105 wysokiej jako\u015bci pra\u017cony proszek orzechowy o sta\u0142ej wielko\u015bci cz\u0105stek i smaku.<\/li>\n<li><strong>Rozwi\u0105zania dostosowane do potrzeb:<\/strong> Jako producent OEM oferujemy us\u0142ugi marek w\u0142asnych, dostosowane poziomy palenia i elastyczne opcje pakowania, aby sprosta\u0107 Twoim wyj\u0105tkowym potrzebom.<\/li>\n<li><strong>Rygorystyczna kontrola jako\u015bci:<\/strong> Utrzymujemy najwy\u017csze standardy produkt\u00f3w poprzez rygorystyczne testy sensoryczne, chemiczne i mikrobiologiczne w naszych najnowocze\u015bniejszych laboratoriach.<\/li>\n<li><strong>Certyfikaty i zgodno\u015b\u0107:<\/strong> Nasze certyfikaty \u2014 BRCGS, HACCP, Halal, Kosher i EU Organic \u2014 potwierdzaj\u0105, \u017ce przestrzegamy rygorystycznych standard\u00f3w jako\u015bci i bezpiecze\u0144stwa.<\/li>\n<li><strong>Globalna wiedza ekspercka w zakresie eksportu:<\/strong> Dysponuj\u0105c bogatym do\u015bwiadczeniem w logistyce mi\u0119dzynarodowej, gwarantujemy sprawny i niezawodny proces eksportu na rynki ca\u0142ego \u015bwiata.<\/li>\n<li><strong>Zaanga\u017cowanie w zr\u00f3wnowa\u017cony rozw\u00f3j:<\/strong> Stawiamy na zr\u00f3wnowa\u017cone pozyskiwanie surowc\u00f3w i przyjazne dla \u015brodowiska praktyki produkcyjne, przyczyniaj\u0105c si\u0119 do lepszej przysz\u0142o\u015bci bran\u017cy orzeszk\u00f3w ziemnych.<\/li>\n<\/ul>\n<h3>Dlaczego warto nas wybra\u0107?<\/h3>\n<ul>\n<li><strong>Najlepszy wyb\u00f3r:<\/strong> Nasza najnowocze\u015bniejsza technologia, mo\u017cliwo\u015bci personalizacji i globalne certyfikaty czyni\u0105 nas wiod\u0105cym dostawc\u0105.<\/li>\n<li><strong>Opakowanie niestandardowe:<\/strong> Oferujemy us\u0142ugi marek w\u0142asnych, aby dostosowa\u0107 opakowania i mark\u0119 do Twoich wymaga\u0144.<\/li>\n<li><strong>Gwarancja \u015bwie\u017co\u015bci:<\/strong> Nasze magazyny z kontrolowan\u0105 temperatur\u0105 pozwalaj\u0105 zachowa\u0107 \u015bwie\u017co\u015b\u0107 produkt\u00f3w podczas przechowywania i wysy\u0142ki.<\/li>\n<li><strong>Poziomy palenia:<\/strong> Ciesz si\u0119 regulowanymi poziomami palenia od jasnego do ciemnego, dostosowanymi do Twoich preferencji smakowych.<\/li>\n<li><strong>Zam\u00f3wienia hurtowe:<\/strong> Skontaktuj si\u0119 z naszym zespo\u0142em sprzeda\u017cy, aby om\u00f3wi\u0107 i zrealizowa\u0107 swoje zam\u00f3wienie hurtowe.<\/li>\n<li><strong>Zastosowania przemys\u0142owe:<\/strong> Nasz pra\u017cony proszek orzechowy jest popularny w wypiekach, produkcji przek\u0105sek, suplementach bia\u0142kowych, sosach i przyprawach.<\/li>\n<li><strong>Bezglutenowe:<\/strong> Poniewa\u017c jest naturalnie bezglutenowy, jest doskona\u0142ym wyborem w produktach spo\u017cywczych bezglutenowych.<\/li>\n<li><strong>Dost\u0119pne pr\u00f3bki:<\/strong> Udost\u0119pniamy pr\u00f3bki potencjalnym klientom w celu oceny jako\u015bci i przydatno\u015bci naszego produktu.<\/li>\n<li><strong>Zasi\u0119g globalny:<\/strong> Eksportujemy na rynki Ameryki P\u00f3\u0142nocnej, Europy, Azji i Bliskiego Wschodu, zapewniaj\u0105c sobie solidn\u0105 mi\u0119dzynarodow\u0105 sie\u0107 dostaw.<\/li>\n<\/ul>\n<a href=\"mailto:globepeanut@gmail.com\" class=\"button primary is-primary is-medium\"  >\n    <span>Napisz do nas<\/span>\n  <\/a>\n\n<\/div>\n<\/div>","protected":false},"excerpt":{"rendered":"<p>Jeste\u015bmy producentem i dostawc\u0105 proszku z pra\u017conych orzech\u00f3w arachidowych w Chinach<\/p>\n<p>\u2013 Minimalna ilo\u015b\u0107 zam\u00f3wienia: 1 tona<br \/>\n\u2013 Oferowana us\u0142uga OEM\/ODM<br \/>\n\u2013 Dost\u0119pna bezp\u0142atna pr\u00f3bka<br \/>\n\u2013 Akceptacja personalizacji (specyfikacji, rozmiar\u00f3w, kolor\u00f3w, wzor\u00f3w itp.)<br \/>\n\u2013 Specyfikacje (14 oczek mniejsze lub wed\u0142ug Twoich wymaga\u0144)<\/p>\n<p>Je\u015bli chcesz otrzyma\u0107 proszek z pra\u017conych orzech\u00f3w arachidowych, skontaktuj si\u0119 z nami.<\/p>","protected":false},"featured_media":1714,"comment_status":"open","ping_status":"closed","template":"","meta":[],"product_cat":[37],"product_tag":[],"class_list":{"0":"post-1556","1":"product","2":"type-product","3":"status-publish","4":"has-post-thumbnail","6":"product_cat-roasted-peanut","8":"first","9":"instock","10":"shipping-taxable","11":"product-type-simple"},"yoast_head":"<!-- This site is optimized with the Yoast SEO plugin v24.9 - https:\/\/yoast.com\/wordpress\/plugins\/seo\/ -->\n<title>Roasted Peanut Powder Manufacturer - Peanut Butter Factory<\/title>\n<meta name=\"description\" content=\"We are a top OEM, private label manufacturer, and exporter of premium Roasted Peanut Powder, offering quality solutions globally.\" \/>\n<meta name=\"robots\" content=\"index, follow, max-snippet:-1, max-image-preview:large, max-video-preview:-1\" \/>\n<link rel=\"canonical\" href=\"https:\/\/www.peanutoem.com\/pl\/manufacturer\/roasted-peanut-powder\/\" \/>\n<meta property=\"og:locale\" content=\"pl_PL\" \/>\n<meta property=\"og:type\" content=\"article\" \/>\n<meta property=\"og:title\" content=\"Roasted Peanut Powder Manufacturer - Peanut Butter Factory\" \/>\n<meta property=\"og:description\" content=\"We are a top OEM, private label manufacturer, and exporter of premium Roasted Peanut Powder, offering quality solutions globally.\" \/>\n<meta property=\"og:url\" content=\"https:\/\/www.peanutoem.com\/pl\/manufacturer\/roasted-peanut-powder\/\" \/>\n<meta property=\"og:site_name\" content=\"Peanut Butter Factory\" \/>\n<meta property=\"article:modified_time\" content=\"2024-09-28T04:23:49+00:00\" \/>\n<meta property=\"og:image\" content=\"https:\/\/www.peanutoem.com\/wp-content\/uploads\/2024\/09\/Roasted-Peanut-Powder.webp\" \/>\n\t<meta property=\"og:image:width\" content=\"551\" \/>\n\t<meta property=\"og:image:height\" content=\"472\" \/>\n\t<meta property=\"og:image:type\" content=\"image\/webp\" \/>\n<meta name=\"twitter:card\" content=\"summary_large_image\" \/>\n<meta name=\"twitter:label1\" content=\"Szacowany czas czytania\" \/>\n\t<meta name=\"twitter:data1\" content=\"3 minuty\" \/>\n<script type=\"application\/ld+json\" class=\"yoast-schema-graph\">{\"@context\":\"https:\/\/schema.org\",\"@graph\":[{\"@type\":\"WebPage\",\"@id\":\"https:\/\/www.peanutoem.com\/manufacturer\/roasted-peanut-powder\/\",\"url\":\"https:\/\/www.peanutoem.com\/manufacturer\/roasted-peanut-powder\/\",\"name\":\"Roasted Peanut Powder Manufacturer - Peanut Butter Factory\",\"isPartOf\":{\"@id\":\"https:\/\/www.peanutoem.com\/#website\"},\"primaryImageOfPage\":{\"@id\":\"https:\/\/www.peanutoem.com\/manufacturer\/roasted-peanut-powder\/#primaryimage\"},\"image\":{\"@id\":\"https:\/\/www.peanutoem.com\/manufacturer\/roasted-peanut-powder\/#primaryimage\"},\"thumbnailUrl\":\"https:\/\/www.peanutoem.com\/wp-content\/uploads\/2024\/09\/Roasted-Peanut-Powder.webp\",\"datePublished\":\"2024-09-02T14:00:57+00:00\",\"dateModified\":\"2024-09-28T04:23:49+00:00\",\"description\":\"We are a top OEM, private label manufacturer, and exporter of premium Roasted Peanut Powder, offering quality solutions globally.\",\"breadcrumb\":{\"@id\":\"https:\/\/www.peanutoem.com\/manufacturer\/roasted-peanut-powder\/#breadcrumb\"},\"inLanguage\":\"pl-PL\",\"potentialAction\":[{\"@type\":\"ReadAction\",\"target\":[\"https:\/\/www.peanutoem.com\/manufacturer\/roasted-peanut-powder\/\"]}]},{\"@type\":\"ImageObject\",\"inLanguage\":\"pl-PL\",\"@id\":\"https:\/\/www.peanutoem.com\/manufacturer\/roasted-peanut-powder\/#primaryimage\",\"url\":\"https:\/\/www.peanutoem.com\/wp-content\/uploads\/2024\/09\/Roasted-Peanut-Powder.webp\",\"contentUrl\":\"https:\/\/www.peanutoem.com\/wp-content\/uploads\/2024\/09\/Roasted-Peanut-Powder.webp\",\"width\":551,\"height\":472,\"caption\":\"Roasted Peanut Powder\"},{\"@type\":\"BreadcrumbList\",\"@id\":\"https:\/\/www.peanutoem.com\/manufacturer\/roasted-peanut-powder\/#breadcrumb\",\"itemListElement\":[{\"@type\":\"ListItem\",\"position\":1,\"name\":\"Home\",\"item\":\"https:\/\/www.peanutoem.com\/\"},{\"@type\":\"ListItem\",\"position\":2,\"name\":\"Products\",\"item\":\"https:\/\/www.peanutoem.com\/shop\/\"},{\"@type\":\"ListItem\",\"position\":3,\"name\":\"Roasted Peanut Powder\"}]},{\"@type\":\"WebSite\",\"@id\":\"https:\/\/www.peanutoem.com\/#website\",\"url\":\"https:\/\/www.peanutoem.com\/\",\"name\":\"Peanut Butter Factory\",\"description\":\"Peanut Butter Manufacturer and Roast Peanut OEM Factory | Peanut Private Label China Supplier\",\"publisher\":{\"@id\":\"https:\/\/www.peanutoem.com\/#organization\"},\"alternateName\":\"Peanut Butter OEM and Wholesale\",\"potentialAction\":[{\"@type\":\"SearchAction\",\"target\":{\"@type\":\"EntryPoint\",\"urlTemplate\":\"https:\/\/www.peanutoem.com\/?s={search_term_string}\"},\"query-input\":{\"@type\":\"PropertyValueSpecification\",\"valueRequired\":true,\"valueName\":\"search_term_string\"}}],\"inLanguage\":\"pl-PL\"},{\"@type\":\"Organization\",\"@id\":\"https:\/\/www.peanutoem.com\/#organization\",\"name\":\"Peanut Butter Factory\",\"alternateName\":\"JuFeng Group\",\"url\":\"https:\/\/www.peanutoem.com\/\",\"logo\":{\"@type\":\"ImageObject\",\"inLanguage\":\"pl-PL\",\"@id\":\"https:\/\/www.peanutoem.com\/#\/schema\/logo\/image\/\",\"url\":\"https:\/\/www.peanutoem.com\/wp-content\/uploads\/2024\/09\/JUFENG-LOGO.png\",\"contentUrl\":\"https:\/\/www.peanutoem.com\/wp-content\/uploads\/2024\/09\/JUFENG-LOGO.png\",\"width\":600,\"height\":170,\"caption\":\"Peanut Butter Factory\"},\"image\":{\"@id\":\"https:\/\/www.peanutoem.com\/#\/schema\/logo\/image\/\"}}]}<\/script>\n<!-- \/ Yoast SEO plugin. -->","yoast_head_json":{"title":"Roasted Peanut Powder Manufacturer - Peanut Butter Factory","description":"We are a top OEM, private label manufacturer, and exporter of premium Roasted Peanut Powder, offering quality solutions globally.","robots":{"index":"index","follow":"follow","max-snippet":"max-snippet:-1","max-image-preview":"max-image-preview:large","max-video-preview":"max-video-preview:-1"},"canonical":"https:\/\/www.peanutoem.com\/pl\/manufacturer\/roasted-peanut-powder\/","og_locale":"pl_PL","og_type":"article","og_title":"Roasted Peanut Powder Manufacturer - Peanut Butter Factory","og_description":"We are a top OEM, private label manufacturer, and exporter of premium Roasted Peanut Powder, offering quality solutions globally.","og_url":"https:\/\/www.peanutoem.com\/pl\/manufacturer\/roasted-peanut-powder\/","og_site_name":"Peanut Butter Factory","article_modified_time":"2024-09-28T04:23:49+00:00","og_image":[{"width":551,"height":472,"url":"https:\/\/www.peanutoem.com\/wp-content\/uploads\/2024\/09\/Roasted-Peanut-Powder.webp","type":"image\/webp"}],"twitter_card":"summary_large_image","twitter_misc":{"Szacowany czas czytania":"3 minuty"},"schema":{"@context":"https:\/\/schema.org","@graph":[{"@type":"WebPage","@id":"https:\/\/www.peanutoem.com\/manufacturer\/roasted-peanut-powder\/","url":"https:\/\/www.peanutoem.com\/manufacturer\/roasted-peanut-powder\/","name":"Roasted Peanut Powder Manufacturer - Peanut Butter Factory","isPartOf":{"@id":"https:\/\/www.peanutoem.com\/#website"},"primaryImageOfPage":{"@id":"https:\/\/www.peanutoem.com\/manufacturer\/roasted-peanut-powder\/#primaryimage"},"image":{"@id":"https:\/\/www.peanutoem.com\/manufacturer\/roasted-peanut-powder\/#primaryimage"},"thumbnailUrl":"https:\/\/www.peanutoem.com\/wp-content\/uploads\/2024\/09\/Roasted-Peanut-Powder.webp","datePublished":"2024-09-02T14:00:57+00:00","dateModified":"2024-09-28T04:23:49+00:00","description":"We are a top OEM, private label manufacturer, and exporter of premium Roasted Peanut Powder, offering quality solutions globally.","breadcrumb":{"@id":"https:\/\/www.peanutoem.com\/manufacturer\/roasted-peanut-powder\/#breadcrumb"},"inLanguage":"pl-PL","potentialAction":[{"@type":"ReadAction","target":["https:\/\/www.peanutoem.com\/manufacturer\/roasted-peanut-powder\/"]}]},{"@type":"ImageObject","inLanguage":"pl-PL","@id":"https:\/\/www.peanutoem.com\/manufacturer\/roasted-peanut-powder\/#primaryimage","url":"https:\/\/www.peanutoem.com\/wp-content\/uploads\/2024\/09\/Roasted-Peanut-Powder.webp","contentUrl":"https:\/\/www.peanutoem.com\/wp-content\/uploads\/2024\/09\/Roasted-Peanut-Powder.webp","width":551,"height":472,"caption":"Roasted Peanut Powder"},{"@type":"BreadcrumbList","@id":"https:\/\/www.peanutoem.com\/manufacturer\/roasted-peanut-powder\/#breadcrumb","itemListElement":[{"@type":"ListItem","position":1,"name":"Home","item":"https:\/\/www.peanutoem.com\/"},{"@type":"ListItem","position":2,"name":"Products","item":"https:\/\/www.peanutoem.com\/shop\/"},{"@type":"ListItem","position":3,"name":"Roasted Peanut Powder"}]},{"@type":"WebSite","@id":"https:\/\/www.peanutoem.com\/#website","url":"https:\/\/www.peanutoem.com\/","name":"Peanut Butter Factory","description":"Peanut Butter Manufacturer and Roast Peanut OEM Factory | Peanut Private Label China Supplier","publisher":{"@id":"https:\/\/www.peanutoem.com\/#organization"},"alternateName":"Peanut Butter OEM and Wholesale","potentialAction":[{"@type":"SearchAction","target":{"@type":"EntryPoint","urlTemplate":"https:\/\/www.peanutoem.com\/?s={search_term_string}"},"query-input":{"@type":"PropertyValueSpecification","valueRequired":true,"valueName":"search_term_string"}}],"inLanguage":"pl-PL"},{"@type":"Organization","@id":"https:\/\/www.peanutoem.com\/#organization","name":"Peanut Butter Factory","alternateName":"JuFeng Group","url":"https:\/\/www.peanutoem.com\/","logo":{"@type":"ImageObject","inLanguage":"pl-PL","@id":"https:\/\/www.peanutoem.com\/#\/schema\/logo\/image\/","url":"https:\/\/www.peanutoem.com\/wp-content\/uploads\/2024\/09\/JUFENG-LOGO.png","contentUrl":"https:\/\/www.peanutoem.com\/wp-content\/uploads\/2024\/09\/JUFENG-LOGO.png","width":600,"height":170,"caption":"Peanut Butter Factory"},"image":{"@id":"https:\/\/www.peanutoem.com\/#\/schema\/logo\/image\/"}}]}},"_links":{"self":[{"href":"https:\/\/www.peanutoem.com\/pl\/wp-json\/wp\/v2\/product\/1556","targetHints":{"allow":["GET"]}}],"collection":[{"href":"https:\/\/www.peanutoem.com\/pl\/wp-json\/wp\/v2\/product"}],"about":[{"href":"https:\/\/www.peanutoem.com\/pl\/wp-json\/wp\/v2\/types\/product"}],"replies":[{"embeddable":true,"href":"https:\/\/www.peanutoem.com\/pl\/wp-json\/wp\/v2\/comments?post=1556"}],"wp:featuredmedia":[{"embeddable":true,"href":"https:\/\/www.peanutoem.com\/pl\/wp-json\/wp\/v2\/media\/1714"}],"wp:attachment":[{"href":"https:\/\/www.peanutoem.com\/pl\/wp-json\/wp\/v2\/media?parent=1556"}],"wp:term":[{"taxonomy":"product_cat","embeddable":true,"href":"https:\/\/www.peanutoem.com\/pl\/wp-json\/wp\/v2\/product_cat?post=1556"},{"taxonomy":"product_tag","embeddable":true,"href":"https:\/\/www.peanutoem.com\/pl\/wp-json\/wp\/v2\/product_tag?post=1556"}],"curies":[{"name":"wp","href":"https:\/\/api.w.org\/{rel}","templated":true}]}}