{"id":1637,"date":"2024-09-10T12:28:30","date_gmt":"2024-09-10T12:28:30","guid":{"rendered":"https:\/\/www.peanutoem.com\/?post_type=product&#038;p=1637"},"modified":"2024-10-06T09:58:03","modified_gmt":"2024-10-06T09:58:03","slug":"spicy-peanut-butter","status":"publish","type":"product","link":"https:\/\/www.peanutoem.com\/pl\/manufacturer\/spicy-peanut-butter\/","title":{"rendered":"Pikantne mas\u0142o orzechowe"},"content":{"rendered":"<h3>Czym jest Spicy Peanut Butter?<\/h3>\n<p>Pikantne mas\u0142o orzechowe to smaczna odmiana tradycyjnego mas\u0142a orzechowego, \u0142\u0105cz\u0105ca kremow\u0105 lub chrupi\u0105c\u0105 konsystencj\u0119 orzeszk\u00f3w ziemnych z nut\u0105 ostro\u015bci przypraw, takich jak <a href=\"https:\/\/en.wikipedia.org\/wiki\/Chili\" target=\"_blank\" rel=\"noopener\">czerwony pieprz<\/a>, papryka lub pieprz cayenne. Jest idealny dla tych, kt\u00f3rzy lubi\u0105 \u0142\u0105czy\u0107 s\u0142odkie i pikantne smaki, dodaj\u0105c emocji przek\u0105skom, kanapkom i przepisom. Niezale\u017cnie od tego, czy jest u\u017cywany jako dip, pasta czy sk\u0142adnik, pikantne mas\u0142o orzechowe staje si\u0119 popularnym wyborem w\u015br\u00f3d mi\u0142o\u015bnik\u00f3w jedzenia.<\/p>\n<p><img loading=\"lazy\" decoding=\"async\" class=\"alignnone wp-image-1675 size-full\" src=\"https:\/\/www.peanutoem.com\/wp-content\/uploads\/2024\/09\/Spicy-Peanut-Butter-on-Table.webp\" alt=\"Pikantne mas\u0142o orzechowe na stole\" width=\"912\" height=\"1144\" srcset=\"https:\/\/www.peanutoem.com\/wp-content\/uploads\/2024\/09\/Spicy-Peanut-Butter-on-Table.webp 912w, https:\/\/www.peanutoem.com\/wp-content\/uploads\/2024\/09\/Spicy-Peanut-Butter-on-Table-239x300.webp 239w, https:\/\/www.peanutoem.com\/wp-content\/uploads\/2024\/09\/Spicy-Peanut-Butter-on-Table-816x1024.webp 816w, https:\/\/www.peanutoem.com\/wp-content\/uploads\/2024\/09\/Spicy-Peanut-Butter-on-Table-768x963.webp 768w, https:\/\/www.peanutoem.com\/wp-content\/uploads\/2024\/09\/Spicy-Peanut-Butter-on-Table-10x12.webp 10w, https:\/\/www.peanutoem.com\/wp-content\/uploads\/2024\/09\/Spicy-Peanut-Butter-on-Table-600x753.webp 600w\" sizes=\"auto, (max-width: 912px) 100vw, 912px\" \/><\/p>\n<h3>Jakie s\u0105 inne nazwy pikantnego mas\u0142a orzechowego?<\/h3>\n<p>Pikantne mas\u0142o orzechowe mo\u017ce mie\u0107 r\u00f3\u017cne nazwy w zale\u017cno\u015bci od regionu i profilu smakowego. Nazwy te podkre\u015blaj\u0105 sk\u0142adnik pikantny, u\u0142atwiaj\u0105c globalnym konsumentom zrozumienie jego wyj\u0105tkowego uroku. Niekt\u00f3re alternatywne nazwy obejmuj\u0105:<\/p>\n<ul>\n<li>Gor\u0105ce mas\u0142o orzechowe<\/li>\n<li>Mas\u0142o orzechowe z dodatkiem chili<\/li>\n<li>Ognisty krem z mas\u0142a orzechowego<\/li>\n<li>Mas\u0142o orzechowe pikantne<\/li>\n<li>Korzenna pasta orzechowa<\/li>\n<\/ul>\n<p><span style=\"font-size: 20.16px;\">Gor\u0105ce tematy<\/span><\/p>\n<ul>\n<li><strong>Odkrywanie pikantnych przepis\u00f3w na mas\u0142o orzechowe<\/strong><br \/>\nPikantne mas\u0142o orzechowe to kreatywna pot\u0119ga w kuchni, s\u0142u\u017c\u0105ca nie tylko jako aromatyczny sos, ale tak\u017ce b\u0142yszcz\u0105ca w r\u00f3\u017cnych potrawach. Dodaje ognistego kopa azjatyckim potrawom sma\u017conym na patelni, wzmacnia smak sma\u017conych potraw i grillowanego mi\u0119sa oraz dzia\u0142a jak marynata, kt\u00f3ra nasyca sk\u0142adniki zachwycaj\u0105cymi niespodziankami. Od pikantnych tost\u00f3w na \u015bniadanie po wytrawne makarony na kolacj\u0119, ka\u017cde danie emanuje wyj\u0105tkowym urokiem dzi\u0119ki temu sk\u0142adnikowi.<\/li>\n<li><strong>Korzy\u015bci zdrowotne wynikaj\u0105ce ze smaku<\/strong><br \/>\nTa pyszna pasta jest r\u00f3wnie\u017c skarbnic\u0105 sk\u0142adnik\u00f3w od\u017cywczych. Jej wysoka zawarto\u015b\u0107 bia\u0142ka i zdrowych t\u0142uszcz\u00f3w dostarcza organizmowi paliwa, a kapsaicyna pobudza podniebienie i wspomaga trawienie. Ponadto wspomaga metabolizm i zdrowie serca, skutecznie \u0142\u0105cz\u0105c smak i dobre samopoczucie.<\/li>\n<li><strong>W\u0142\u0105czanie do codziennych posi\u0142k\u00f3w<\/strong><br \/>\nW\u0142\u0105czenie pikantnego mas\u0142a orzechowego do codziennej diety jest zar\u00f3wno \u0142atwe, jak i przyjemne. Jest idealnym partnerem do \u015bniadaniowych tost\u00f3w, dodaje smaku popo\u0142udniowym koktajlom i wzbogaca burrito na kolacj\u0119, nadaj\u0105c \u015bwie\u017cy akcent ka\u017cdemu posi\u0142kowi.<\/li>\n<li><strong>Globalny trend wzrostowy<\/strong><br \/>\nPikantne mas\u0142o orzechowe szybko staje si\u0119 gwiazd\u0105 transgraniczn\u0105. Wraz ze zr\u00f3\u017cnicowaniem gust\u00f3w go\u015bci przekracza granice regionalne, oczarowuj\u0105c fan\u00f3w na ca\u0142ym \u015bwiecie. Ta oferta wyznacza kierunek eksploracji smak\u00f3w, przyci\u0105gaj\u0105c odwa\u017cnych smakoszy, kt\u00f3rzy chc\u0105 spr\u00f3bowa\u0107 czego\u015b nowego.<\/li>\n<\/ul>\n<hr \/>\n<h3>Pikantne mas\u0142o orzechowe FAQ<\/h3>\n<ol>\n<li><strong>Dlaczego warto wybra\u0107 nasz\u0105 firm\u0119, je\u015bli chodzi o pikantne mas\u0142o orzechowe?<\/strong><br \/>\nOferujemy kompleksowe us\u0142ugi OEM z mo\u017cliwo\u015bci\u0105 pe\u0142nej personalizacji, gwarantuj\u0105c, \u017ce ka\u017cdy produkt idealnie odpowiada wizji Twojej marki i wymaganiom rynku.<\/li>\n<li><strong>Czy mo\u017cesz dostosowa\u0107 poziom ostro\u015bci i stworzy\u0107 w\u0142asn\u0105 receptur\u0119?<\/strong><br \/>\nOczywi\u015bcie! Mo\u017cemy dostosowa\u0107 ostro\u015b\u0107 od \u0142agodnej do bardzo ostrej i opracowa\u0107 unikalne receptury wy\u0142\u0105cznie dla Twojej marki.<\/li>\n<li><strong>Jakie opcje pakowania i certyfikacji oferujecie?<\/strong><br \/>\nOferujemy szerok\u0105 gam\u0119 rozwi\u0105za\u0144 opakowaniowych \u2014 s\u0142oiki, butelki, kartony, beczki, wiadra, woreczki do wyciskania i pojemniki zbiorcze \u2014 wszystkie dostosowane do Twojej marki. Ponadto posiadamy certyfikaty takie jak HACCP, Kosher, Halal i BRCGS, co zapewnia, \u017ce nasze produkty spe\u0142niaj\u0105 mi\u0119dzynarodowe standardy.<\/li>\n<li><strong>Czy dostarczacie ekologiczne pikantne mas\u0142o orzechowe oraz pr\u00f3bki?<\/strong><br \/>\nTak, produkujemy certyfikowane przez UE ekologiczne pikantne mas\u0142o orzechowe z naturalnych sk\u0142adnik\u00f3w dla \u015bwiadomych zdrowia konsument\u00f3w. Ponadto oferujemy partie pr\u00f3bek, dzi\u0119ki czemu mo\u017cesz przetestowa\u0107 produkt przed z\u0142o\u017ceniem du\u017cego zam\u00f3wienia.<\/li>\n<li><strong>W jaki spos\u00f3b zapewniacie jako\u015b\u0107 i jakie s\u0105 terminy realizacji zam\u00f3wie\u0144?<\/strong><br \/>\nNasze rygorystyczne testy w naszym wewn\u0119trznym laboratorium, w po\u0142\u0105czeniu z wydajn\u0105 logistyk\u0105, gwarantuj\u0105 sta\u0142\u0105 jako\u015b\u0107. Zapewniamy r\u00f3wnie\u017c szybkie czasy realizacji w zale\u017cno\u015bci od wolumenu zam\u00f3wienia i miejsca docelowego.<\/li>\n<li><strong>Czy eksportujesz globalnie?<\/strong><br \/>\nTak, mamy du\u017ce do\u015bwiadczenie w eksporcie na ca\u0142ym \u015bwiecie, zajmujemy si\u0119 ca\u0142\u0105 niezb\u0119dn\u0105 dokumentacj\u0105 i regulacjami, aby zapewni\u0107 bezproblemow\u0105 dostaw\u0119.<\/li>\n<\/ol>\n<hr \/>\n<h3><img loading=\"lazy\" decoding=\"async\" class=\"alignnone wp-image-1677 size-full\" src=\"https:\/\/www.peanutoem.com\/wp-content\/uploads\/2024\/09\/Spicy-Peanut-Butter-Spread-on-Food.webp\" alt=\"Pikantny krem z mas\u0142a orzechowego na jedzeniu\" width=\"896\" height=\"1152\" srcset=\"https:\/\/www.peanutoem.com\/wp-content\/uploads\/2024\/09\/Spicy-Peanut-Butter-Spread-on-Food.webp 896w, https:\/\/www.peanutoem.com\/wp-content\/uploads\/2024\/09\/Spicy-Peanut-Butter-Spread-on-Food-233x300.webp 233w, https:\/\/www.peanutoem.com\/wp-content\/uploads\/2024\/09\/Spicy-Peanut-Butter-Spread-on-Food-796x1024.webp 796w, https:\/\/www.peanutoem.com\/wp-content\/uploads\/2024\/09\/Spicy-Peanut-Butter-Spread-on-Food-768x987.webp 768w, https:\/\/www.peanutoem.com\/wp-content\/uploads\/2024\/09\/Spicy-Peanut-Butter-Spread-on-Food-9x12.webp 9w, https:\/\/www.peanutoem.com\/wp-content\/uploads\/2024\/09\/Spicy-Peanut-Butter-Spread-on-Food-600x771.webp 600w\" sizes=\"auto, (max-width: 896px) 100vw, 896px\" \/><\/h3>\n<a href=\"mailto:globepeanut@gmail.com\" class=\"button primary is-primary is-medium\"  >\n    <span>Napisz do nas<\/span>\n  <\/a>","protected":false},"excerpt":{"rendered":"<table width=\"564\">\n<tbody>\n<tr>\n<td width=\"113\"><strong>Nazwa produktu<\/strong><\/td>\n<td width=\"402\">Pikantne mas\u0142o orzechowe<\/td>\n<\/tr>\n<tr>\n<td width=\"113\"><strong>Specyfikacje<\/strong><\/td>\n<td width=\"402\">200g x 36, 227g x 24, 340g x 12, 375g x 12, 500g x 12, 510g x 12, 1kg x 12, 10kg x 1, 20kg x 1, 220kg x 1<\/td>\n<\/tr>\n<tr>\n<td width=\"113\"><strong>Forma pakowania<\/strong><\/td>\n<td width=\"402\">S\u0142oik, wiadro, opakowanie Doy Pack, torba, karton, puszka, beczka, puszka, butelka itp.<\/td>\n<\/tr>\n<tr>\n<td width=\"113\"><strong>Czas dostawy<\/strong><\/td>\n<td width=\"402\">7~20 dni po zam\u00f3wieniu<\/td>\n<\/tr>\n<tr>\n<td width=\"113\"><strong>Minimalna ilo\u015b\u0107 zam\u00f3wienia<\/strong><\/td>\n<td width=\"402\">Jedna tona<\/td>\n<\/tr>\n<tr>\n<td width=\"113\"><strong>Pr\u00f3bka<\/strong><\/td>\n<td width=\"402\">Dost\u0119pna bezp\u0142atna pr\u00f3bka<\/td>\n<\/tr>\n<tr>\n<td width=\"113\"><strong>Producent OEM<\/strong><\/td>\n<td width=\"402\">Etykieta kupuj\u0105cego zaakceptowana<\/td>\n<\/tr>\n<\/tbody>\n<\/table>","protected":false},"featured_media":1668,"comment_status":"open","ping_status":"closed","template":"","meta":[],"product_cat":[15],"product_tag":[],"class_list":{"0":"post-1637","1":"product","2":"type-product","3":"status-publish","4":"has-post-thumbnail","6":"product_cat-peanut-butter","8":"first","9":"instock","10":"shipping-taxable","11":"product-type-simple"},"yoast_head":"<!-- This site is optimized with the Yoast SEO plugin v24.9 - https:\/\/yoast.com\/wordpress\/plugins\/seo\/ -->\n<title>Spicy Peanut Butter China Manufacturer OEM - Peanut Butter Factory<\/title>\n<meta name=\"description\" content=\"Leading spicy peanut butter OEM private label manufacturer and exporter. Order your premium quality, custom-made spicy peanut butter.\" \/>\n<meta name=\"robots\" content=\"index, follow, max-snippet:-1, max-image-preview:large, max-video-preview:-1\" \/>\n<link rel=\"canonical\" href=\"https:\/\/www.peanutoem.com\/pl\/manufacturer\/spicy-peanut-butter\/\" \/>\n<meta property=\"og:locale\" content=\"pl_PL\" \/>\n<meta property=\"og:type\" content=\"article\" \/>\n<meta property=\"og:title\" content=\"Spicy Peanut Butter China Manufacturer OEM - Peanut Butter Factory\" \/>\n<meta property=\"og:description\" content=\"Leading spicy peanut butter OEM private label manufacturer and exporter. Order your premium quality, custom-made spicy peanut butter.\" \/>\n<meta property=\"og:url\" content=\"https:\/\/www.peanutoem.com\/pl\/manufacturer\/spicy-peanut-butter\/\" \/>\n<meta property=\"og:site_name\" content=\"Peanut Butter Factory\" \/>\n<meta property=\"article:modified_time\" content=\"2024-10-06T09:58:03+00:00\" \/>\n<meta property=\"og:image\" content=\"https:\/\/www.peanutoem.com\/wp-content\/uploads\/2024\/09\/Spicy-Peanut-Butter.webp\" \/>\n\t<meta property=\"og:image:width\" content=\"1000\" \/>\n\t<meta property=\"og:image:height\" content=\"1000\" \/>\n\t<meta property=\"og:image:type\" content=\"image\/webp\" \/>\n<meta name=\"twitter:card\" content=\"summary_large_image\" \/>\n<meta name=\"twitter:label1\" content=\"Szacowany czas czytania\" \/>\n\t<meta name=\"twitter:data1\" content=\"4 minuty\" \/>\n<script type=\"application\/ld+json\" class=\"yoast-schema-graph\">{\"@context\":\"https:\/\/schema.org\",\"@graph\":[{\"@type\":\"WebPage\",\"@id\":\"https:\/\/www.peanutoem.com\/manufacturer\/spicy-peanut-butter\/\",\"url\":\"https:\/\/www.peanutoem.com\/manufacturer\/spicy-peanut-butter\/\",\"name\":\"Spicy Peanut Butter China Manufacturer OEM - Peanut Butter Factory\",\"isPartOf\":{\"@id\":\"https:\/\/www.peanutoem.com\/#website\"},\"primaryImageOfPage\":{\"@id\":\"https:\/\/www.peanutoem.com\/manufacturer\/spicy-peanut-butter\/#primaryimage\"},\"image\":{\"@id\":\"https:\/\/www.peanutoem.com\/manufacturer\/spicy-peanut-butter\/#primaryimage\"},\"thumbnailUrl\":\"https:\/\/www.peanutoem.com\/wp-content\/uploads\/2024\/09\/Spicy-Peanut-Butter.webp\",\"datePublished\":\"2024-09-10T12:28:30+00:00\",\"dateModified\":\"2024-10-06T09:58:03+00:00\",\"description\":\"Leading spicy peanut butter OEM private label manufacturer and exporter. Order your premium quality, custom-made spicy peanut butter.\",\"breadcrumb\":{\"@id\":\"https:\/\/www.peanutoem.com\/manufacturer\/spicy-peanut-butter\/#breadcrumb\"},\"inLanguage\":\"pl-PL\",\"potentialAction\":[{\"@type\":\"ReadAction\",\"target\":[\"https:\/\/www.peanutoem.com\/manufacturer\/spicy-peanut-butter\/\"]}]},{\"@type\":\"ImageObject\",\"inLanguage\":\"pl-PL\",\"@id\":\"https:\/\/www.peanutoem.com\/manufacturer\/spicy-peanut-butter\/#primaryimage\",\"url\":\"https:\/\/www.peanutoem.com\/wp-content\/uploads\/2024\/09\/Spicy-Peanut-Butter.webp\",\"contentUrl\":\"https:\/\/www.peanutoem.com\/wp-content\/uploads\/2024\/09\/Spicy-Peanut-Butter.webp\",\"width\":1000,\"height\":1000,\"caption\":\"Spicy Peanut Butter\"},{\"@type\":\"BreadcrumbList\",\"@id\":\"https:\/\/www.peanutoem.com\/manufacturer\/spicy-peanut-butter\/#breadcrumb\",\"itemListElement\":[{\"@type\":\"ListItem\",\"position\":1,\"name\":\"Home\",\"item\":\"https:\/\/www.peanutoem.com\/\"},{\"@type\":\"ListItem\",\"position\":2,\"name\":\"Products\",\"item\":\"https:\/\/www.peanutoem.com\/shop\/\"},{\"@type\":\"ListItem\",\"position\":3,\"name\":\"Spicy Peanut Butter\"}]},{\"@type\":\"WebSite\",\"@id\":\"https:\/\/www.peanutoem.com\/#website\",\"url\":\"https:\/\/www.peanutoem.com\/\",\"name\":\"Peanut Butter Factory\",\"description\":\"Peanut Butter Manufacturer and Roast Peanut OEM Factory | Peanut Private Label China Supplier\",\"publisher\":{\"@id\":\"https:\/\/www.peanutoem.com\/#organization\"},\"alternateName\":\"Peanut Butter OEM and Wholesale\",\"potentialAction\":[{\"@type\":\"SearchAction\",\"target\":{\"@type\":\"EntryPoint\",\"urlTemplate\":\"https:\/\/www.peanutoem.com\/?s={search_term_string}\"},\"query-input\":{\"@type\":\"PropertyValueSpecification\",\"valueRequired\":true,\"valueName\":\"search_term_string\"}}],\"inLanguage\":\"pl-PL\"},{\"@type\":\"Organization\",\"@id\":\"https:\/\/www.peanutoem.com\/#organization\",\"name\":\"Peanut Butter Factory\",\"alternateName\":\"JuFeng Group\",\"url\":\"https:\/\/www.peanutoem.com\/\",\"logo\":{\"@type\":\"ImageObject\",\"inLanguage\":\"pl-PL\",\"@id\":\"https:\/\/www.peanutoem.com\/#\/schema\/logo\/image\/\",\"url\":\"https:\/\/www.peanutoem.com\/wp-content\/uploads\/2024\/09\/JUFENG-LOGO.png\",\"contentUrl\":\"https:\/\/www.peanutoem.com\/wp-content\/uploads\/2024\/09\/JUFENG-LOGO.png\",\"width\":600,\"height\":170,\"caption\":\"Peanut Butter Factory\"},\"image\":{\"@id\":\"https:\/\/www.peanutoem.com\/#\/schema\/logo\/image\/\"}}]}<\/script>\n<!-- \/ Yoast SEO plugin. -->","yoast_head_json":{"title":"Spicy Peanut Butter China Manufacturer OEM - Peanut Butter Factory","description":"Leading spicy peanut butter OEM private label manufacturer and exporter. Order your premium quality, custom-made spicy peanut butter.","robots":{"index":"index","follow":"follow","max-snippet":"max-snippet:-1","max-image-preview":"max-image-preview:large","max-video-preview":"max-video-preview:-1"},"canonical":"https:\/\/www.peanutoem.com\/pl\/manufacturer\/spicy-peanut-butter\/","og_locale":"pl_PL","og_type":"article","og_title":"Spicy Peanut Butter China Manufacturer OEM - Peanut Butter Factory","og_description":"Leading spicy peanut butter OEM private label manufacturer and exporter. Order your premium quality, custom-made spicy peanut butter.","og_url":"https:\/\/www.peanutoem.com\/pl\/manufacturer\/spicy-peanut-butter\/","og_site_name":"Peanut Butter Factory","article_modified_time":"2024-10-06T09:58:03+00:00","og_image":[{"width":1000,"height":1000,"url":"https:\/\/www.peanutoem.com\/wp-content\/uploads\/2024\/09\/Spicy-Peanut-Butter.webp","type":"image\/webp"}],"twitter_card":"summary_large_image","twitter_misc":{"Szacowany czas czytania":"4 minuty"},"schema":{"@context":"https:\/\/schema.org","@graph":[{"@type":"WebPage","@id":"https:\/\/www.peanutoem.com\/manufacturer\/spicy-peanut-butter\/","url":"https:\/\/www.peanutoem.com\/manufacturer\/spicy-peanut-butter\/","name":"Spicy Peanut Butter China Manufacturer OEM - Peanut Butter Factory","isPartOf":{"@id":"https:\/\/www.peanutoem.com\/#website"},"primaryImageOfPage":{"@id":"https:\/\/www.peanutoem.com\/manufacturer\/spicy-peanut-butter\/#primaryimage"},"image":{"@id":"https:\/\/www.peanutoem.com\/manufacturer\/spicy-peanut-butter\/#primaryimage"},"thumbnailUrl":"https:\/\/www.peanutoem.com\/wp-content\/uploads\/2024\/09\/Spicy-Peanut-Butter.webp","datePublished":"2024-09-10T12:28:30+00:00","dateModified":"2024-10-06T09:58:03+00:00","description":"Leading spicy peanut butter OEM private label manufacturer and exporter. Order your premium quality, custom-made spicy peanut butter.","breadcrumb":{"@id":"https:\/\/www.peanutoem.com\/manufacturer\/spicy-peanut-butter\/#breadcrumb"},"inLanguage":"pl-PL","potentialAction":[{"@type":"ReadAction","target":["https:\/\/www.peanutoem.com\/manufacturer\/spicy-peanut-butter\/"]}]},{"@type":"ImageObject","inLanguage":"pl-PL","@id":"https:\/\/www.peanutoem.com\/manufacturer\/spicy-peanut-butter\/#primaryimage","url":"https:\/\/www.peanutoem.com\/wp-content\/uploads\/2024\/09\/Spicy-Peanut-Butter.webp","contentUrl":"https:\/\/www.peanutoem.com\/wp-content\/uploads\/2024\/09\/Spicy-Peanut-Butter.webp","width":1000,"height":1000,"caption":"Spicy Peanut Butter"},{"@type":"BreadcrumbList","@id":"https:\/\/www.peanutoem.com\/manufacturer\/spicy-peanut-butter\/#breadcrumb","itemListElement":[{"@type":"ListItem","position":1,"name":"Home","item":"https:\/\/www.peanutoem.com\/"},{"@type":"ListItem","position":2,"name":"Products","item":"https:\/\/www.peanutoem.com\/shop\/"},{"@type":"ListItem","position":3,"name":"Spicy Peanut Butter"}]},{"@type":"WebSite","@id":"https:\/\/www.peanutoem.com\/#website","url":"https:\/\/www.peanutoem.com\/","name":"Peanut Butter Factory","description":"Peanut Butter Manufacturer and Roast Peanut OEM Factory | Peanut Private Label China Supplier","publisher":{"@id":"https:\/\/www.peanutoem.com\/#organization"},"alternateName":"Peanut Butter OEM and Wholesale","potentialAction":[{"@type":"SearchAction","target":{"@type":"EntryPoint","urlTemplate":"https:\/\/www.peanutoem.com\/?s={search_term_string}"},"query-input":{"@type":"PropertyValueSpecification","valueRequired":true,"valueName":"search_term_string"}}],"inLanguage":"pl-PL"},{"@type":"Organization","@id":"https:\/\/www.peanutoem.com\/#organization","name":"Peanut Butter Factory","alternateName":"JuFeng Group","url":"https:\/\/www.peanutoem.com\/","logo":{"@type":"ImageObject","inLanguage":"pl-PL","@id":"https:\/\/www.peanutoem.com\/#\/schema\/logo\/image\/","url":"https:\/\/www.peanutoem.com\/wp-content\/uploads\/2024\/09\/JUFENG-LOGO.png","contentUrl":"https:\/\/www.peanutoem.com\/wp-content\/uploads\/2024\/09\/JUFENG-LOGO.png","width":600,"height":170,"caption":"Peanut Butter Factory"},"image":{"@id":"https:\/\/www.peanutoem.com\/#\/schema\/logo\/image\/"}}]}},"_links":{"self":[{"href":"https:\/\/www.peanutoem.com\/pl\/wp-json\/wp\/v2\/product\/1637","targetHints":{"allow":["GET"]}}],"collection":[{"href":"https:\/\/www.peanutoem.com\/pl\/wp-json\/wp\/v2\/product"}],"about":[{"href":"https:\/\/www.peanutoem.com\/pl\/wp-json\/wp\/v2\/types\/product"}],"replies":[{"embeddable":true,"href":"https:\/\/www.peanutoem.com\/pl\/wp-json\/wp\/v2\/comments?post=1637"}],"wp:featuredmedia":[{"embeddable":true,"href":"https:\/\/www.peanutoem.com\/pl\/wp-json\/wp\/v2\/media\/1668"}],"wp:attachment":[{"href":"https:\/\/www.peanutoem.com\/pl\/wp-json\/wp\/v2\/media?parent=1637"}],"wp:term":[{"taxonomy":"product_cat","embeddable":true,"href":"https:\/\/www.peanutoem.com\/pl\/wp-json\/wp\/v2\/product_cat?post=1637"},{"taxonomy":"product_tag","embeddable":true,"href":"https:\/\/www.peanutoem.com\/pl\/wp-json\/wp\/v2\/product_tag?post=1637"}],"curies":[{"name":"wp","href":"https:\/\/api.w.org\/{rel}","templated":true}]}}