{"id":1638,"date":"2024-09-10T12:30:11","date_gmt":"2024-09-10T12:30:11","guid":{"rendered":"https:\/\/www.peanutoem.com\/?post_type=product&#038;p=1638"},"modified":"2024-10-06T09:55:00","modified_gmt":"2024-10-06T09:55:00","slug":"chocolate-peanut-butter","status":"publish","type":"product","link":"https:\/\/www.peanutoem.com\/pl\/manufacturer\/chocolate-peanut-butter\/","title":{"rendered":"Czekolada z mas\u0142em orzechowym"},"content":{"rendered":"<h3>Czym jest mas\u0142o orzechowe z czekolad\u0105?<\/h3>\n<p>Czekoladowe mas\u0142o orzechowe to pyszne po\u0142\u0105czenie kremowego mas\u0142a orzechowego i bogatego <a href=\"https:\/\/en.wikipedia.org\/wiki\/Chocolate\" target=\"_blank\" rel=\"noopener\">czekolada<\/a>, tworz\u0105c s\u0142odko-pikantn\u0105 past\u0119, kt\u00f3ra odpowiada szerokiemu wachlarzowi preferencji smakowych. Ta wy\u015bmienita mieszanka jest idealna do smarowania pieczywa, u\u017cywania w deserach lub po prostu delektowania si\u0119 ni\u0105 \u0142y\u017ceczk\u0105. Po\u0142\u0105czenie orzeszk\u00f3w ziemnych i czekolady oferuje zr\u00f3wnowa\u017con\u0105 uczt\u0119, kt\u00f3ra zadowoli zar\u00f3wno mi\u0142o\u015bnik\u00f3w mas\u0142a orzechowego, jak i mi\u0142o\u015bnik\u00f3w czekolady.<\/p>\n<h3>Jakie s\u0105 inne nazwy czekolady w ma\u015ble orzechowym?<\/h3>\n<p>Czekoladowe mas\u0142o orzechowe jest cz\u0119sto okre\u015blane r\u00f3\u017cnymi nazwami w zale\u017cno\u015bci od smaku i zastosowania. Niekt\u00f3re alternatywne nazwy obejmuj\u0105:<\/p>\n<ul>\n<li>Mas\u0142o orzechowe o smaku czekoladowym<\/li>\n<li>Mas\u0142o orzechowe z kakao<\/li>\n<li>Mas\u0142o orzechowe z kakao<\/li>\n<li>Krem czekoladowo-orzechowy<\/li>\n<li>Mas\u0142o orzechowe z czekolad\u0105<\/li>\n<li>Orzechowo-czekoladowy krem<\/li>\n<li>Mas\u0142o orzechowe z dodatkiem czekolady<\/li>\n<li>Orzechowo-czekoladowy krem<\/li>\n<\/ul>\n<p>Nazwy te podkre\u015blaj\u0105 pyszne po\u0142\u0105czenie czekolady i mas\u0142a orzechowego, co czyni je atrakcyjnym dla konsument\u00f3w na r\u00f3\u017cnych rynkach.<\/p>\n<h3><img loading=\"lazy\" decoding=\"async\" class=\"alignnone wp-image-1682 size-full\" src=\"https:\/\/www.peanutoem.com\/wp-content\/uploads\/2024\/09\/Chocolate-Peanut-Butter-on-Bread.webp\" alt=\"Czekolada z mas\u0142em orzechowym na chlebie\" width=\"912\" height=\"1144\" srcset=\"https:\/\/www.peanutoem.com\/wp-content\/uploads\/2024\/09\/Chocolate-Peanut-Butter-on-Bread.webp 912w, https:\/\/www.peanutoem.com\/wp-content\/uploads\/2024\/09\/Chocolate-Peanut-Butter-on-Bread-239x300.webp 239w, https:\/\/www.peanutoem.com\/wp-content\/uploads\/2024\/09\/Chocolate-Peanut-Butter-on-Bread-816x1024.webp 816w, https:\/\/www.peanutoem.com\/wp-content\/uploads\/2024\/09\/Chocolate-Peanut-Butter-on-Bread-768x963.webp 768w, https:\/\/www.peanutoem.com\/wp-content\/uploads\/2024\/09\/Chocolate-Peanut-Butter-on-Bread-10x12.webp 10w, https:\/\/www.peanutoem.com\/wp-content\/uploads\/2024\/09\/Chocolate-Peanut-Butter-on-Bread-600x753.webp 600w\" sizes=\"auto, (max-width: 912px) 100vw, 912px\" \/><\/h3>\n<h3>Dlaczego warto wybra\u0107 nas jako swojego dostawc\u0119-partnera?<\/h3>\n<p>Jeste\u015bmy wiod\u0105cym producentem OEM i eksporterem mas\u0142a orzechowego w czekoladzie.<\/p>\n<ul>\n<li><strong>Ekspertyza w zakresie dostosowywania:<\/strong> Oferujemy w pe\u0142ni dostosowane receptury, kt\u00f3re odpowiadaj\u0105 Pa\u0144stwa szczeg\u00f3lnym wymaganiom smakowym, konsystencji i opakowaniu.<\/li>\n<li><strong>Sk\u0142adniki najwy\u017cszej jako\u015bci:<\/strong> U\u017cywamy wy\u0142\u0105cznie najwy\u017cszej jako\u015bci orzeszk\u00f3w ziemnych i czekolady.<\/li>\n<li><strong>Zaawansowana produkcja:<\/strong> Nasze najnowocze\u015bniejsze zak\u0142ady s\u0105 wyposa\u017cone w najnowocze\u015bniejsze linie produkcyjne z USA, co gwarantuje sta\u0142\u0105 jako\u015b\u0107 i wydajno\u015b\u0107 ka\u017cdej partii.<\/li>\n<li><strong>Certyfikaty i zapewnienie jako\u015bci:<\/strong> Posiadamy szereg certyfikat\u00f3w, m.in. BRCGS, Kosher, Halal i HACCP, kt\u00f3re gwarantuj\u0105 zgodno\u015b\u0107 z mi\u0119dzynarodowymi normami bezpiecze\u0144stwa i jako\u015bci.<\/li>\n<li><strong>Dystrybucja globalna:<\/strong> Posiadaj\u0105c bogate do\u015bwiadczenie w handlu mi\u0119dzynarodowym, eksportujemy mas\u0142o orzechowe i czekolad\u0119 na rynki ca\u0142ego \u015bwiata, zapewniaj\u0105c sprawn\u0105 logistyk\u0119 i terminowe dostawy.<\/li>\n<\/ul>\n<h3>Gor\u0105ce tematy<\/h3>\n<div class=\"group\/conversation-turn relative flex w-full min-w-0 flex-col agent-turn\">\n<div class=\"flex-col gap-1 md:gap-3\">\n<div class=\"flex max-w-full flex-col flex-grow\">\n<div class=\"min-h-8 text-message flex w-full flex-col items-end gap-2 whitespace-normal break-words [.text-message+&amp;]:mt-5\" dir=\"auto\" data-message-author-role=\"assistant\" data-message-id=\"61c5f9c1-377c-4081-b461-888734723e68\">\n<div class=\"flex w-full flex-col gap-1 empty:hidden first:pt-[3px]\">\n<div class=\"markdown prose w-full break-words dark:prose-invert dark\">\n<ul>\n<li><span style=\"color: #282828;\"><strong>W deserach<\/strong><\/span><br \/>\n<span style=\"color: #282828;\">Mas\u0142o orzechowe z czekolad\u0105 to wszechstronny sk\u0142adnik, kt\u00f3ry znacznie poprawia jako\u015b\u0107 i smak deser\u00f3w, takich jak ciasta, brownie i lody. Jego kremowa konsystencja i bogaty smak sprawiaj\u0105, \u017ce jest doskona\u0142ym towarzyszem wypiek\u00f3w i s\u0142odyczy.<\/span><\/li>\n<li><span style=\"color: #282828;\"><strong>Korzy\u015bci zdrowotne<\/strong><\/span><br \/>\n<span style=\"color: #282828;\">Opr\u00f3cz nieodpartej pyszno\u015bci, ten smarowid\u0142o jest bogate w bia\u0142ko, zdrowe t\u0142uszcze i b\u0142onnik, zapewniaj\u0105c wsparcie od\u017cywcze dla organizmu. Gdy jest wykonane z gorzkiej czekolady, dodaje w\u0142a\u015bciwo\u015bci antyoksydacyjnych, nadaj\u0105c produktowi zdrowy wygl\u0105d, kt\u00f3ry przyci\u0105ga \u015bwiadomych zdrowia konsument\u00f3w.<\/span><\/li>\n<li><span style=\"color: #282828;\"><strong>Popularno\u015b\u0107 globalna<\/strong><\/span><br \/>\n<span style=\"color: #282828;\">Poniewa\u017c konsumenci coraz cz\u0119\u015bciej szukaj\u0105 przek\u0105sek, kt\u00f3re zaspokajaj\u0105 ich kubki smakowe, a jednocze\u015bnie s\u0105 od\u017cywcze, mas\u0142o orzechowe z czekolad\u0105 zyska\u0142o ogromn\u0105 popularno\u015b\u0107 na rynku globalnym. Z powodzeniem \u0142\u0105czy smak i od\u017cywianie, zyskuj\u0105c powszechne uznanie zar\u00f3wno dzieci, jak i doros\u0142ych.<\/span><\/li>\n<li><span style=\"color: #282828;\"><strong>Kreatywne zastosowania<\/strong><\/span><br \/>\n<span style=\"color: #282828;\">Opr\u00f3cz tradycyjnych po\u0142\u0105cze\u0144, takich jak tosty czy kanapki, sk\u0142adnik ten mo\u017cna kreatywnie w\u0142\u0105czy\u0107 do koktajli, baton\u00f3w energetycznych lub wykorzysta\u0107 jako nadzienie do wypiek\u00f3w. Jego wyj\u0105tkowa adaptowalno\u015b\u0107 smakowa pozwala mu zab\u0142ysn\u0105\u0107 zar\u00f3wno w s\u0142odkich, jak i pikantnych potrawach, dzi\u0119ki czemu jest podstaw\u0105 w wielu domowych kuchniach.<\/span><\/li>\n<\/ul>\n<\/div>\n<\/div>\n<\/div>\n<\/div>\n<\/div>\n<\/div>\n<hr \/>\n<h3><img loading=\"lazy\" decoding=\"async\" class=\"alignnone wp-image-1683 size-full\" src=\"https:\/\/www.peanutoem.com\/wp-content\/uploads\/2024\/09\/Chocolate-Peanut-Butter-Served.webp\" alt=\"Podawane z mas\u0142em orzechowym i czekolad\u0105\" width=\"896\" height=\"1152\" srcset=\"https:\/\/www.peanutoem.com\/wp-content\/uploads\/2024\/09\/Chocolate-Peanut-Butter-Served.webp 896w, https:\/\/www.peanutoem.com\/wp-content\/uploads\/2024\/09\/Chocolate-Peanut-Butter-Served-233x300.webp 233w, https:\/\/www.peanutoem.com\/wp-content\/uploads\/2024\/09\/Chocolate-Peanut-Butter-Served-796x1024.webp 796w, https:\/\/www.peanutoem.com\/wp-content\/uploads\/2024\/09\/Chocolate-Peanut-Butter-Served-768x987.webp 768w, https:\/\/www.peanutoem.com\/wp-content\/uploads\/2024\/09\/Chocolate-Peanut-Butter-Served-9x12.webp 9w, https:\/\/www.peanutoem.com\/wp-content\/uploads\/2024\/09\/Chocolate-Peanut-Butter-Served-600x771.webp 600w\" sizes=\"auto, (max-width: 896px) 100vw, 896px\" \/><\/h3>\n<h3>Czekolada i mas\u0142o orzechowe FAQ<\/h3>\n<ol>\n<li><strong>Jako wiod\u0105cy producent OEM, jaka jest Twoja g\u0142\u00f3wna przewaga konkurencyjna?<\/strong><br \/>\nWyr\u00f3\u017cniamy si\u0119, poniewa\u017c oferujemy r\u00f3\u017cnorodne us\u0142ugi personalizacji, wybieramy wysokiej jako\u015bci sk\u0142adniki i wykorzystujemy zaawansowan\u0105 technologi\u0119 produkcji. Dzi\u0119ki temu ka\u017cda partia mas\u0142a orzechowego wyr\u00f3\u017cnia si\u0119 na rynku i spe\u0142nia wyj\u0105tkowe potrzeby naszych klient\u00f3w.<\/li>\n<li><strong>Czy mo\u017cesz dostosowa\u0107 proporcje czekolady do orzeszk\u00f3w ziemnych do moich wymaga\u0144 i stworzy\u0107 specjaln\u0105 formu\u0142\u0119 dla mojej marki?<\/strong><br \/>\nOczywi\u015bcie! Oferujemy kompleksowe us\u0142ugi personalizacji smak\u00f3w, aby pom\u00f3c Ci znale\u017a\u0107 idealn\u0105 r\u00f3wnowag\u0119 mi\u0119dzy czekolad\u0105 a orzeszkami ziemnymi, a tak\u017ce opracowa\u0107 unikaln\u0105 formu\u0142\u0119, kt\u00f3ra zwi\u0119kszy konkurencyjno\u015b\u0107 Twojej marki na rynku.<\/li>\n<li><strong>Jakie opcje pakowania oferujecie?<\/strong><br \/>\nOferujemy r\u00f3\u017cnorodne rozwi\u0105zania opakowaniowe, w tym eleganckie s\u0142oiki, wygodne woreczki do wyciskania i pojemniki zbiorcze odpowiednie do przechowywania na du\u017c\u0105 skal\u0119. Wszystkie opakowania mo\u017cna spersonalizowa\u0107, aby odzwierciedla\u0142y to\u017csamo\u015b\u0107 Twojej marki i strategi\u0119 marketingow\u0105.<\/li>\n<li><strong>Czy oferujecie ekologiczne mas\u0142o orzechowe z czekolad\u0105? W jaki spos\u00f3b zapewniacie jako\u015b\u0107 swojego produktu?<\/strong><br \/>\nTak, produkujemy mas\u0142o orzechowe z certyfikatem EU Organic, wykonane ze sk\u0142adnik\u00f3w spe\u0142niaj\u0105cych normy ekologiczne. Ponadto wdro\u017cyli\u015bmy rygorystyczny system zarz\u0105dzania jako\u015bci\u0105, w tym wewn\u0119trzne testy laboratoryjne, aby zapewni\u0107, \u017ce ka\u017cda partia spe\u0142nia najwy\u017csze standardy smaku, konsystencji i bezpiecze\u0144stwa.<\/li>\n<li><strong>Czy mog\u0119 poprosi\u0107 o degustacj\u0119 pr\u00f3bek przed z\u0142o\u017ceniem wi\u0119kszego zam\u00f3wienia? Czy wspieracie eksport globalny?<\/strong><br \/>\nOczywi\u015bcie! Z przyjemno\u015bci\u0105 dostarczymy partie pr\u00f3bek do oceny przed pe\u0142n\u0105 produkcj\u0105. Ponadto mamy du\u017ce do\u015bwiadczenie w globalnym eksporcie, co gwarantuje, \u017ce Twoje produkty dotr\u0105 bezpiecznie i na czas na ca\u0142y \u015bwiat.<\/li>\n<\/ol>\n<a href=\"mailto:globepeanut@gmail.com\" class=\"button primary is-primary is-medium\"  >\n    <span>Napisz do nas<\/span>\n  <\/a>","protected":false},"excerpt":{"rendered":"<table width=\"564\">\n<tbody>\n<tr>\n<td width=\"113\"><strong>Nazwa produktu<\/strong><\/td>\n<td width=\"402\">Czekolada z mas\u0142em orzechowym<\/td>\n<\/tr>\n<tr>\n<td width=\"113\"><strong>Specyfikacje<\/strong><\/td>\n<td width=\"402\">200g x 36, 227g x 24, 340g x 12, 375g x 12, 500g x 12, 510g x 12, 1kg x 12, 10kg x 1, 20kg x 1, 220kg x 1<\/td>\n<\/tr>\n<tr>\n<td width=\"113\"><strong>Forma pakowania<\/strong><\/td>\n<td width=\"402\">S\u0142oik, wiadro, opakowanie Doy Pack, torba, karton, puszka, beczka, puszka, butelka itp.<\/td>\n<\/tr>\n<tr>\n<td width=\"113\"><strong>Czas dostawy<\/strong><\/td>\n<td width=\"402\">7~20 dni po zam\u00f3wieniu<\/td>\n<\/tr>\n<tr>\n<td width=\"113\"><strong>Minimalna ilo\u015b\u0107 zam\u00f3wienia<\/strong><\/td>\n<td width=\"402\">Jedna tona<\/td>\n<\/tr>\n<tr>\n<td width=\"113\"><strong>Pr\u00f3bka<\/strong><\/td>\n<td width=\"402\">Dost\u0119pna bezp\u0142atna pr\u00f3bka<\/td>\n<\/tr>\n<tr>\n<td width=\"113\"><strong>Producent OEM<\/strong><\/td>\n<td width=\"402\">Etykieta kupuj\u0105cego zaakceptowana<\/td>\n<\/tr>\n<\/tbody>\n<\/table>\n<p>&nbsp;<\/p>","protected":false},"featured_media":1671,"comment_status":"open","ping_status":"closed","template":"","meta":[],"product_cat":[15],"product_tag":[],"class_list":{"0":"post-1638","1":"product","2":"type-product","3":"status-publish","4":"has-post-thumbnail","6":"product_cat-peanut-butter","8":"first","9":"instock","10":"shipping-taxable","11":"product-type-simple"},"yoast_head":"<!-- This site is optimized with the Yoast SEO plugin v24.9 - https:\/\/yoast.com\/wordpress\/plugins\/seo\/ -->\n<title>Chocolate Peanut Butter Manufacturer OEM - China Peanut Butter Factory<\/title>\n<meta name=\"description\" content=\"Leading chocolate peanut butter OEM private label manufacturer and exporter. Discover premium, customized chocolate peanut butter from us.\" \/>\n<meta name=\"robots\" content=\"index, follow, max-snippet:-1, max-image-preview:large, max-video-preview:-1\" \/>\n<link rel=\"canonical\" href=\"https:\/\/www.peanutoem.com\/pl\/manufacturer\/chocolate-peanut-butter\/\" \/>\n<meta property=\"og:locale\" content=\"pl_PL\" \/>\n<meta property=\"og:type\" content=\"article\" \/>\n<meta property=\"og:title\" content=\"Chocolate Peanut Butter Manufacturer OEM - China Peanut Butter Factory\" \/>\n<meta property=\"og:description\" content=\"Leading chocolate peanut butter OEM private label manufacturer and exporter. Discover premium, customized chocolate peanut butter from us.\" \/>\n<meta property=\"og:url\" content=\"https:\/\/www.peanutoem.com\/pl\/manufacturer\/chocolate-peanut-butter\/\" \/>\n<meta property=\"og:site_name\" content=\"Peanut Butter Factory\" \/>\n<meta property=\"article:modified_time\" content=\"2024-10-06T09:55:00+00:00\" \/>\n<meta property=\"og:image\" content=\"https:\/\/www.peanutoem.com\/wp-content\/uploads\/2024\/09\/Peanut-Butter-Chocolate-Flavor.webp\" \/>\n\t<meta property=\"og:image:width\" content=\"819\" \/>\n\t<meta property=\"og:image:height\" content=\"975\" \/>\n\t<meta property=\"og:image:type\" content=\"image\/webp\" \/>\n<meta name=\"twitter:card\" content=\"summary_large_image\" \/>\n<meta name=\"twitter:label1\" content=\"Szacowany czas czytania\" \/>\n\t<meta name=\"twitter:data1\" content=\"4 minuty\" \/>\n<script type=\"application\/ld+json\" class=\"yoast-schema-graph\">{\"@context\":\"https:\/\/schema.org\",\"@graph\":[{\"@type\":\"WebPage\",\"@id\":\"https:\/\/www.peanutoem.com\/manufacturer\/chocolate-peanut-butter\/\",\"url\":\"https:\/\/www.peanutoem.com\/manufacturer\/chocolate-peanut-butter\/\",\"name\":\"Chocolate Peanut Butter Manufacturer OEM - China Peanut Butter Factory\",\"isPartOf\":{\"@id\":\"https:\/\/www.peanutoem.com\/#website\"},\"primaryImageOfPage\":{\"@id\":\"https:\/\/www.peanutoem.com\/manufacturer\/chocolate-peanut-butter\/#primaryimage\"},\"image\":{\"@id\":\"https:\/\/www.peanutoem.com\/manufacturer\/chocolate-peanut-butter\/#primaryimage\"},\"thumbnailUrl\":\"https:\/\/www.peanutoem.com\/wp-content\/uploads\/2024\/09\/Peanut-Butter-Chocolate-Flavor.webp\",\"datePublished\":\"2024-09-10T12:30:11+00:00\",\"dateModified\":\"2024-10-06T09:55:00+00:00\",\"description\":\"Leading chocolate peanut butter OEM private label manufacturer and exporter. Discover premium, customized chocolate peanut butter from us.\",\"breadcrumb\":{\"@id\":\"https:\/\/www.peanutoem.com\/manufacturer\/chocolate-peanut-butter\/#breadcrumb\"},\"inLanguage\":\"pl-PL\",\"potentialAction\":[{\"@type\":\"ReadAction\",\"target\":[\"https:\/\/www.peanutoem.com\/manufacturer\/chocolate-peanut-butter\/\"]}]},{\"@type\":\"ImageObject\",\"inLanguage\":\"pl-PL\",\"@id\":\"https:\/\/www.peanutoem.com\/manufacturer\/chocolate-peanut-butter\/#primaryimage\",\"url\":\"https:\/\/www.peanutoem.com\/wp-content\/uploads\/2024\/09\/Peanut-Butter-Chocolate-Flavor.webp\",\"contentUrl\":\"https:\/\/www.peanutoem.com\/wp-content\/uploads\/2024\/09\/Peanut-Butter-Chocolate-Flavor.webp\",\"width\":819,\"height\":975,\"caption\":\"Peanut Butter Chocolate Flavor\"},{\"@type\":\"BreadcrumbList\",\"@id\":\"https:\/\/www.peanutoem.com\/manufacturer\/chocolate-peanut-butter\/#breadcrumb\",\"itemListElement\":[{\"@type\":\"ListItem\",\"position\":1,\"name\":\"Home\",\"item\":\"https:\/\/www.peanutoem.com\/\"},{\"@type\":\"ListItem\",\"position\":2,\"name\":\"Products\",\"item\":\"https:\/\/www.peanutoem.com\/shop\/\"},{\"@type\":\"ListItem\",\"position\":3,\"name\":\"Chocolate Peanut Butter\"}]},{\"@type\":\"WebSite\",\"@id\":\"https:\/\/www.peanutoem.com\/#website\",\"url\":\"https:\/\/www.peanutoem.com\/\",\"name\":\"Peanut Butter Factory\",\"description\":\"Peanut Butter Manufacturer and Roast Peanut OEM Factory | Peanut Private Label China Supplier\",\"publisher\":{\"@id\":\"https:\/\/www.peanutoem.com\/#organization\"},\"alternateName\":\"Peanut Butter OEM and Wholesale\",\"potentialAction\":[{\"@type\":\"SearchAction\",\"target\":{\"@type\":\"EntryPoint\",\"urlTemplate\":\"https:\/\/www.peanutoem.com\/?s={search_term_string}\"},\"query-input\":{\"@type\":\"PropertyValueSpecification\",\"valueRequired\":true,\"valueName\":\"search_term_string\"}}],\"inLanguage\":\"pl-PL\"},{\"@type\":\"Organization\",\"@id\":\"https:\/\/www.peanutoem.com\/#organization\",\"name\":\"Peanut Butter Factory\",\"alternateName\":\"JuFeng Group\",\"url\":\"https:\/\/www.peanutoem.com\/\",\"logo\":{\"@type\":\"ImageObject\",\"inLanguage\":\"pl-PL\",\"@id\":\"https:\/\/www.peanutoem.com\/#\/schema\/logo\/image\/\",\"url\":\"https:\/\/www.peanutoem.com\/wp-content\/uploads\/2024\/09\/JUFENG-LOGO.png\",\"contentUrl\":\"https:\/\/www.peanutoem.com\/wp-content\/uploads\/2024\/09\/JUFENG-LOGO.png\",\"width\":600,\"height\":170,\"caption\":\"Peanut Butter Factory\"},\"image\":{\"@id\":\"https:\/\/www.peanutoem.com\/#\/schema\/logo\/image\/\"}}]}<\/script>\n<!-- \/ Yoast SEO plugin. -->","yoast_head_json":{"title":"Chocolate Peanut Butter Manufacturer OEM - China Peanut Butter Factory","description":"Leading chocolate peanut butter OEM private label manufacturer and exporter. Discover premium, customized chocolate peanut butter from us.","robots":{"index":"index","follow":"follow","max-snippet":"max-snippet:-1","max-image-preview":"max-image-preview:large","max-video-preview":"max-video-preview:-1"},"canonical":"https:\/\/www.peanutoem.com\/pl\/manufacturer\/chocolate-peanut-butter\/","og_locale":"pl_PL","og_type":"article","og_title":"Chocolate Peanut Butter Manufacturer OEM - China Peanut Butter Factory","og_description":"Leading chocolate peanut butter OEM private label manufacturer and exporter. Discover premium, customized chocolate peanut butter from us.","og_url":"https:\/\/www.peanutoem.com\/pl\/manufacturer\/chocolate-peanut-butter\/","og_site_name":"Peanut Butter Factory","article_modified_time":"2024-10-06T09:55:00+00:00","og_image":[{"width":819,"height":975,"url":"https:\/\/www.peanutoem.com\/wp-content\/uploads\/2024\/09\/Peanut-Butter-Chocolate-Flavor.webp","type":"image\/webp"}],"twitter_card":"summary_large_image","twitter_misc":{"Szacowany czas czytania":"4 minuty"},"schema":{"@context":"https:\/\/schema.org","@graph":[{"@type":"WebPage","@id":"https:\/\/www.peanutoem.com\/manufacturer\/chocolate-peanut-butter\/","url":"https:\/\/www.peanutoem.com\/manufacturer\/chocolate-peanut-butter\/","name":"Chocolate Peanut Butter Manufacturer OEM - China Peanut Butter Factory","isPartOf":{"@id":"https:\/\/www.peanutoem.com\/#website"},"primaryImageOfPage":{"@id":"https:\/\/www.peanutoem.com\/manufacturer\/chocolate-peanut-butter\/#primaryimage"},"image":{"@id":"https:\/\/www.peanutoem.com\/manufacturer\/chocolate-peanut-butter\/#primaryimage"},"thumbnailUrl":"https:\/\/www.peanutoem.com\/wp-content\/uploads\/2024\/09\/Peanut-Butter-Chocolate-Flavor.webp","datePublished":"2024-09-10T12:30:11+00:00","dateModified":"2024-10-06T09:55:00+00:00","description":"Leading chocolate peanut butter OEM private label manufacturer and exporter. Discover premium, customized chocolate peanut butter from us.","breadcrumb":{"@id":"https:\/\/www.peanutoem.com\/manufacturer\/chocolate-peanut-butter\/#breadcrumb"},"inLanguage":"pl-PL","potentialAction":[{"@type":"ReadAction","target":["https:\/\/www.peanutoem.com\/manufacturer\/chocolate-peanut-butter\/"]}]},{"@type":"ImageObject","inLanguage":"pl-PL","@id":"https:\/\/www.peanutoem.com\/manufacturer\/chocolate-peanut-butter\/#primaryimage","url":"https:\/\/www.peanutoem.com\/wp-content\/uploads\/2024\/09\/Peanut-Butter-Chocolate-Flavor.webp","contentUrl":"https:\/\/www.peanutoem.com\/wp-content\/uploads\/2024\/09\/Peanut-Butter-Chocolate-Flavor.webp","width":819,"height":975,"caption":"Peanut Butter Chocolate Flavor"},{"@type":"BreadcrumbList","@id":"https:\/\/www.peanutoem.com\/manufacturer\/chocolate-peanut-butter\/#breadcrumb","itemListElement":[{"@type":"ListItem","position":1,"name":"Home","item":"https:\/\/www.peanutoem.com\/"},{"@type":"ListItem","position":2,"name":"Products","item":"https:\/\/www.peanutoem.com\/shop\/"},{"@type":"ListItem","position":3,"name":"Chocolate Peanut Butter"}]},{"@type":"WebSite","@id":"https:\/\/www.peanutoem.com\/#website","url":"https:\/\/www.peanutoem.com\/","name":"Peanut Butter Factory","description":"Peanut Butter Manufacturer and Roast Peanut OEM Factory | Peanut Private Label China Supplier","publisher":{"@id":"https:\/\/www.peanutoem.com\/#organization"},"alternateName":"Peanut Butter OEM and Wholesale","potentialAction":[{"@type":"SearchAction","target":{"@type":"EntryPoint","urlTemplate":"https:\/\/www.peanutoem.com\/?s={search_term_string}"},"query-input":{"@type":"PropertyValueSpecification","valueRequired":true,"valueName":"search_term_string"}}],"inLanguage":"pl-PL"},{"@type":"Organization","@id":"https:\/\/www.peanutoem.com\/#organization","name":"Peanut Butter Factory","alternateName":"JuFeng Group","url":"https:\/\/www.peanutoem.com\/","logo":{"@type":"ImageObject","inLanguage":"pl-PL","@id":"https:\/\/www.peanutoem.com\/#\/schema\/logo\/image\/","url":"https:\/\/www.peanutoem.com\/wp-content\/uploads\/2024\/09\/JUFENG-LOGO.png","contentUrl":"https:\/\/www.peanutoem.com\/wp-content\/uploads\/2024\/09\/JUFENG-LOGO.png","width":600,"height":170,"caption":"Peanut Butter Factory"},"image":{"@id":"https:\/\/www.peanutoem.com\/#\/schema\/logo\/image\/"}}]}},"_links":{"self":[{"href":"https:\/\/www.peanutoem.com\/pl\/wp-json\/wp\/v2\/product\/1638","targetHints":{"allow":["GET"]}}],"collection":[{"href":"https:\/\/www.peanutoem.com\/pl\/wp-json\/wp\/v2\/product"}],"about":[{"href":"https:\/\/www.peanutoem.com\/pl\/wp-json\/wp\/v2\/types\/product"}],"replies":[{"embeddable":true,"href":"https:\/\/www.peanutoem.com\/pl\/wp-json\/wp\/v2\/comments?post=1638"}],"wp:featuredmedia":[{"embeddable":true,"href":"https:\/\/www.peanutoem.com\/pl\/wp-json\/wp\/v2\/media\/1671"}],"wp:attachment":[{"href":"https:\/\/www.peanutoem.com\/pl\/wp-json\/wp\/v2\/media?parent=1638"}],"wp:term":[{"taxonomy":"product_cat","embeddable":true,"href":"https:\/\/www.peanutoem.com\/pl\/wp-json\/wp\/v2\/product_cat?post=1638"},{"taxonomy":"product_tag","embeddable":true,"href":"https:\/\/www.peanutoem.com\/pl\/wp-json\/wp\/v2\/product_tag?post=1638"}],"curies":[{"name":"wp","href":"https:\/\/api.w.org\/{rel}","templated":true}]}}