{"id":1393,"date":"2023-06-08T07:38:38","date_gmt":"2023-06-08T07:38:38","guid":{"rendered":"https:\/\/www.peanutoem.com\/?post_type=product&#038;p=1393"},"modified":"2024-10-09T12:10:08","modified_gmt":"2024-10-09T12:10:08","slug":"salty-peanut-butter","status":"publish","type":"product","link":"https:\/\/www.peanutoem.com\/pt\/manufacturer\/salty-peanut-butter\/","title":{"rendered":"Manteiga de amendoim salgada"},"content":{"rendered":"<h3>Fornecedor OEM l\u00edder e fabricante de marca pr\u00f3pria de salgados <a href=\"https:\/\/www.peanutoem.com\/pt\/Wholesale\/peanut-butter\/\" target=\"_blank\" rel=\"noopener\">Manteiga de amendoim<\/a><\/h3>\n<p>Temos orgulho em oferecer manteiga de amendoim salgada premium como um fornecedor OEM confi\u00e1vel, fabricante de marca pr\u00f3pria e exportador global. Elaborado com um equil\u00edbrio perfeito de amendoim torrado e <a href=\"https:\/\/en.wikipedia.org\/wiki\/Salt\" target=\"_blank\" rel=\"noopener\">sal<\/a>, ele oferece um sabor saboroso ideal para lanches e culin\u00e1ria. Nossas solu\u00e7\u00f5es de produ\u00e7\u00e3o totalmente personaliz\u00e1veis permitem que as marcas criem varia\u00e7\u00f5es \u00fanicas com embalagens e tamanhos de pedidos flex\u00edveis.<\/p>\n<h3>O que \u00e9 manteiga de amendoim salgada?<\/h3>\n<p>A manteiga de amendoim salgada \u00e9 uma varia\u00e7\u00e3o saborosa da manteiga de amendoim tradicional, oferecendo um toque saboroso com sal adicionado. Esse tipo de manteiga de amendoim atrai consumidores que buscam uma op\u00e7\u00e3o mais ousada e menos doce. O sal real\u00e7a o sabor natural de nozes dos amendoins, tornando-os favoritos para receitas salgadas, pastas e lanches.<\/p>\n<p><img loading=\"lazy\" decoding=\"async\" class=\"alignnone wp-image-1970 size-large\" src=\"https:\/\/www.peanutoem.com\/wp-content\/uploads\/2023\/06\/Seasalt-Peanut-Butter-200g-1-1024x461.webp\" alt=\"Manteiga de amendoim com sal marinho 200g\" width=\"1020\" height=\"459\" srcset=\"https:\/\/www.peanutoem.com\/wp-content\/uploads\/2023\/06\/Seasalt-Peanut-Butter-200g-1-1024x461.webp 1024w, https:\/\/www.peanutoem.com\/wp-content\/uploads\/2023\/06\/Seasalt-Peanut-Butter-200g-1-300x135.webp 300w, https:\/\/www.peanutoem.com\/wp-content\/uploads\/2023\/06\/Seasalt-Peanut-Butter-200g-1-768x346.webp 768w, https:\/\/www.peanutoem.com\/wp-content\/uploads\/2023\/06\/Seasalt-Peanut-Butter-200g-1-1536x691.webp 1536w, https:\/\/www.peanutoem.com\/wp-content\/uploads\/2023\/06\/Seasalt-Peanut-Butter-200g-1-2048x922.webp 2048w, https:\/\/www.peanutoem.com\/wp-content\/uploads\/2023\/06\/Seasalt-Peanut-Butter-200g-1-18x8.webp 18w, https:\/\/www.peanutoem.com\/wp-content\/uploads\/2023\/06\/Seasalt-Peanut-Butter-200g-1-600x270.webp 600w\" sizes=\"auto, (max-width: 1020px) 100vw, 1020px\" \/><\/p>\n<h3>Quais s\u00e3o outros nomes?<\/h3>\n<p>A manteiga de amendoim salgada tamb\u00e9m pode ser chamada de:<\/p>\n<ul>\n<li><strong>Manteiga de amendoim saborosa<\/strong><\/li>\n<li><strong>Manteiga de amendoim salgada<\/strong><\/li>\n<li><strong>Manteiga de amendoim com sal<\/strong><\/li>\n<li><strong>Manteiga de amendoim com infus\u00e3o de sal<\/strong><\/li>\n<\/ul>\n<p>Esses nomes enfatizam o distinto elemento saboroso que torna a manteiga de amendoim salgada um produto \u00fanico e popular.<\/p>\n<h3>Por que nos escolher como seu fornecedor?<\/h3>\n<p>Como um fornecedor OEM confi\u00e1vel e fabricante de marca pr\u00f3pria, oferecemos:<\/p>\n<ul>\n<li><strong>Manteiga de amendoim salgada personaliz\u00e1vel<\/strong>: Produtos personalizados para combinar com sua marca.<\/li>\n<li><strong>Global <a href=\"https:\/\/www.peanutoem.com\/pt\/certificate\/\" target=\"_blank\" rel=\"noopener\">Certifica\u00e7\u00f5es<\/a><\/strong>: Nossos padr\u00f5es incluem HACCP, BRCGS, Halal, Kosher e Org\u00e2nico da UE, garantindo a mais alta qualidade.<\/li>\n<li><strong>Op\u00e7\u00f5es de embalagem vers\u00e1teis<\/strong>: Produzimos v\u00e1rios tamanhos, desde potes para varejo at\u00e9 recipientes para grandes quantidades.<\/li>\n<li><strong>Experi\u00eancia em Exporta\u00e7\u00e3o Global<\/strong>:N\u00f3s fornecemos de forma confi\u00e1vel para mercados internacionais.<\/li>\n<\/ul>\n<h3>Perguntas frequentes sobre manteiga de amendoim com sal<\/h3>\n<ol>\n<li><strong>O que diferencia sua manteiga de amendoim salgada?<\/strong><br \/>\nEntregamos manteiga de amendoim premium e consistente com sal, com op\u00e7\u00f5es personaliz\u00e1veis para produ\u00e7\u00e3o de marca pr\u00f3pria.<\/li>\n<li><strong>Quais ingredientes voc\u00ea usa?<\/strong><br \/>\nNossa manteiga de amendoim salgada cont\u00e9m amendoim torrado de alta qualidade e sal medido com precis\u00e3o, sem aditivos.<\/li>\n<li><strong>Posso ajustar o teor de sal?<\/strong><br \/>\nSim, oferecemos flexibilidade nos n\u00edveis de sal para combinar com o perfil de sabor da sua marca.<\/li>\n<li><strong>Quais op\u00e7\u00f5es de embalagem est\u00e3o dispon\u00edveis?<\/strong><br \/>\nFornecemos potes, baldes e sach\u00eas em tamanhos adequados para distribui\u00e7\u00e3o no varejo e em grandes quantidades.<\/li>\n<li><strong>Qual \u00e9 o prazo de entrega?<\/strong><br \/>\nA entrega normalmente varia de 7 a 20 dias, dependendo do tamanho e das especifica\u00e7\u00f5es do pedido.<\/li>\n<li><strong>Voc\u00eas oferecem servi\u00e7os de marca pr\u00f3pria?<\/strong><br \/>\nSim, somos especializados em servi\u00e7os de marca pr\u00f3pria com personaliza\u00e7\u00e3o completa de marca e embalagem.<\/li>\n<li><strong>Qual \u00e9 a quantidade m\u00ednima de pedido (MOQ)?<\/strong><br \/>\nNosso MOQ \u00e9 de uma tonelada, acomodando empresas de grande e pequeno porte.<\/li>\n<\/ol>\n<h3>Descubra a versatilidade dos nossos produtos personaliz\u00e1veis<\/h3>\n<p>A manteiga de amendoim salgada \u00e9 uma escolha vers\u00e1til para aqueles que buscam uma alternativa saborosa \u00e0s variedades doces. Seu sabor \u00fanico aprimora lanches e cozimentos, tornando-a perfeita para pastas, molhos e molhos. Atendemos \u00e0 crescente demanda por op\u00e7\u00f5es saborosas e de alta qualidade, ao mesmo tempo em que oferecemos personaliza\u00e7\u00e3o completa para atender \u00e0s suas necessidades.<\/p>\n<p>Como seu parceiro confi\u00e1vel de OEM e marca pr\u00f3pria, oferecemos op\u00e7\u00f5es personaliz\u00e1veis de alta qualidade com recursos de exporta\u00e7\u00e3o global, garantindo excel\u00eancia em cada frasco.<\/p>\n<a href=\"mailto:globepeanut@gmail.com\" class=\"button primary is-primary is-medium\"  >\n    <span>Envie-nos um e-mail<\/span>\n  <\/a>","protected":false},"excerpt":{"rendered":"<table width=\"564\">\n<tbody>\n<tr>\n<td width=\"113\"><strong>Nome do produto<\/strong><\/td>\n<td width=\"402\">Manteiga de amendoim salgada<\/td>\n<\/tr>\n<tr>\n<td width=\"113\"><strong>Ingredientes<\/strong><\/td>\n<td width=\"402\">Amendoim selecionado, sal<\/td>\n<\/tr>\n<tr>\n<td width=\"113\"><strong>Especifica\u00e7\u00f5es<\/strong><\/td>\n<td width=\"402\">227gx24, 340gx12, 375gx12, 500gx12, 510gx12, 1kgx12, 10kgx1, 20kgx1, 220kgx1<\/td>\n<\/tr>\n<tr>\n<td width=\"113\"><strong>Formul\u00e1rio de embalagem<\/strong><\/td>\n<td width=\"402\">Jarro, balde, Doy Pack, saco, caixa, lata, barril, lata, garrafa, etc.<\/td>\n<\/tr>\n<tr>\n<td width=\"113\"><strong>Prazo de entrega<\/strong><\/td>\n<td width=\"402\">7 a 20 dias ap\u00f3s o pedido<\/td>\n<\/tr>\n<tr>\n<td width=\"113\"><strong>Quantidade m\u00ednima<\/strong><\/td>\n<td width=\"402\">Uma tonelada<\/td>\n<\/tr>\n<tr>\n<td width=\"113\"><strong>Amostra<\/strong><\/td>\n<td width=\"402\">Amostra gr\u00e1tis dispon\u00edvel<\/td>\n<\/tr>\n<tr>\n<td width=\"113\"><strong>Fabricante original de equipamento original<\/strong><\/td>\n<td width=\"402\">Etiqueta do comprador aceita<\/td>\n<\/tr>\n<\/tbody>\n<\/table>","protected":false},"featured_media":1968,"comment_status":"open","ping_status":"closed","template":"","meta":[],"product_cat":[15],"product_tag":[],"class_list":{"0":"post-1393","1":"product","2":"type-product","3":"status-publish","4":"has-post-thumbnail","6":"product_cat-peanut-butter","8":"first","9":"instock","10":"shipping-taxable","11":"product-type-simple"},"yoast_head":"<!-- This site is optimized with the Yoast SEO plugin v24.9 - https:\/\/yoast.com\/wordpress\/plugins\/seo\/ -->\n<title>Salty Peanut Butter China Exporter OEM - Peanut Butter Factory<\/title>\n<meta name=\"description\" content=\"Discover premium salty peanut butter OEM service. Your trusted private label manufacturer. Enjoy customizable production, various packaging.\" \/>\n<meta name=\"robots\" content=\"index, follow, max-snippet:-1, max-image-preview:large, max-video-preview:-1\" \/>\n<link rel=\"canonical\" href=\"https:\/\/www.peanutoem.com\/pt\/manufacturer\/salty-peanut-butter\/\" \/>\n<meta property=\"og:locale\" content=\"pt_PT\" \/>\n<meta property=\"og:type\" content=\"article\" \/>\n<meta property=\"og:title\" content=\"Salty Peanut Butter China Exporter OEM - Peanut Butter Factory\" \/>\n<meta property=\"og:description\" content=\"Discover premium salty peanut butter OEM service. Your trusted private label manufacturer. Enjoy customizable production, various packaging.\" \/>\n<meta property=\"og:url\" content=\"https:\/\/www.peanutoem.com\/pt\/manufacturer\/salty-peanut-butter\/\" \/>\n<meta property=\"og:site_name\" content=\"Peanut Butter Factory\" \/>\n<meta property=\"article:modified_time\" content=\"2024-10-09T12:10:08+00:00\" \/>\n<meta property=\"og:image\" content=\"https:\/\/www.peanutoem.com\/wp-content\/uploads\/2023\/06\/200g-seasalt-peanut-butter-1-scaled.webp\" \/>\n\t<meta property=\"og:image:width\" content=\"2560\" \/>\n\t<meta property=\"og:image:height\" content=\"1152\" \/>\n\t<meta property=\"og:image:type\" content=\"image\/webp\" \/>\n<meta name=\"twitter:card\" content=\"summary_large_image\" \/>\n<meta name=\"twitter:label1\" content=\"Tempo estimado de leitura\" \/>\n\t<meta name=\"twitter:data1\" content=\"3 minutos\" \/>\n<script type=\"application\/ld+json\" class=\"yoast-schema-graph\">{\"@context\":\"https:\/\/schema.org\",\"@graph\":[{\"@type\":\"WebPage\",\"@id\":\"https:\/\/www.peanutoem.com\/manufacturer\/salty-peanut-butter\/\",\"url\":\"https:\/\/www.peanutoem.com\/manufacturer\/salty-peanut-butter\/\",\"name\":\"Salty Peanut Butter China Exporter OEM - Peanut Butter Factory\",\"isPartOf\":{\"@id\":\"https:\/\/www.peanutoem.com\/#website\"},\"primaryImageOfPage\":{\"@id\":\"https:\/\/www.peanutoem.com\/manufacturer\/salty-peanut-butter\/#primaryimage\"},\"image\":{\"@id\":\"https:\/\/www.peanutoem.com\/manufacturer\/salty-peanut-butter\/#primaryimage\"},\"thumbnailUrl\":\"https:\/\/www.peanutoem.com\/wp-content\/uploads\/2023\/06\/200g-seasalt-peanut-butter-1-scaled.webp\",\"datePublished\":\"2023-06-08T07:38:38+00:00\",\"dateModified\":\"2024-10-09T12:10:08+00:00\",\"description\":\"Discover premium salty peanut butter OEM service. Your trusted private label manufacturer. Enjoy customizable production, various packaging.\",\"breadcrumb\":{\"@id\":\"https:\/\/www.peanutoem.com\/manufacturer\/salty-peanut-butter\/#breadcrumb\"},\"inLanguage\":\"pt-PT\",\"potentialAction\":[{\"@type\":\"ReadAction\",\"target\":[\"https:\/\/www.peanutoem.com\/manufacturer\/salty-peanut-butter\/\"]}]},{\"@type\":\"ImageObject\",\"inLanguage\":\"pt-PT\",\"@id\":\"https:\/\/www.peanutoem.com\/manufacturer\/salty-peanut-butter\/#primaryimage\",\"url\":\"https:\/\/www.peanutoem.com\/wp-content\/uploads\/2023\/06\/200g-seasalt-peanut-butter-1-scaled.webp\",\"contentUrl\":\"https:\/\/www.peanutoem.com\/wp-content\/uploads\/2023\/06\/200g-seasalt-peanut-butter-1-scaled.webp\",\"width\":2560,\"height\":1152,\"caption\":\"200g seasalt peanut butter\"},{\"@type\":\"BreadcrumbList\",\"@id\":\"https:\/\/www.peanutoem.com\/manufacturer\/salty-peanut-butter\/#breadcrumb\",\"itemListElement\":[{\"@type\":\"ListItem\",\"position\":1,\"name\":\"Home\",\"item\":\"https:\/\/www.peanutoem.com\/\"},{\"@type\":\"ListItem\",\"position\":2,\"name\":\"Products\",\"item\":\"https:\/\/www.peanutoem.com\/shop\/\"},{\"@type\":\"ListItem\",\"position\":3,\"name\":\"Salty Peanut Butter\"}]},{\"@type\":\"WebSite\",\"@id\":\"https:\/\/www.peanutoem.com\/#website\",\"url\":\"https:\/\/www.peanutoem.com\/\",\"name\":\"Peanut Butter Factory\",\"description\":\"Peanut Butter Manufacturer and Roast Peanut OEM Factory | Peanut Private Label China Supplier\",\"publisher\":{\"@id\":\"https:\/\/www.peanutoem.com\/#organization\"},\"alternateName\":\"Peanut Butter OEM and Wholesale\",\"potentialAction\":[{\"@type\":\"SearchAction\",\"target\":{\"@type\":\"EntryPoint\",\"urlTemplate\":\"https:\/\/www.peanutoem.com\/?s={search_term_string}\"},\"query-input\":{\"@type\":\"PropertyValueSpecification\",\"valueRequired\":true,\"valueName\":\"search_term_string\"}}],\"inLanguage\":\"pt-PT\"},{\"@type\":\"Organization\",\"@id\":\"https:\/\/www.peanutoem.com\/#organization\",\"name\":\"Peanut Butter Factory\",\"alternateName\":\"JuFeng Group\",\"url\":\"https:\/\/www.peanutoem.com\/\",\"logo\":{\"@type\":\"ImageObject\",\"inLanguage\":\"pt-PT\",\"@id\":\"https:\/\/www.peanutoem.com\/#\/schema\/logo\/image\/\",\"url\":\"https:\/\/www.peanutoem.com\/wp-content\/uploads\/2024\/09\/JUFENG-LOGO.png\",\"contentUrl\":\"https:\/\/www.peanutoem.com\/wp-content\/uploads\/2024\/09\/JUFENG-LOGO.png\",\"width\":600,\"height\":170,\"caption\":\"Peanut Butter Factory\"},\"image\":{\"@id\":\"https:\/\/www.peanutoem.com\/#\/schema\/logo\/image\/\"}}]}<\/script>\n<!-- \/ Yoast SEO plugin. -->","yoast_head_json":{"title":"Salty Peanut Butter China Exporter OEM - Peanut Butter Factory","description":"Discover premium salty peanut butter OEM service. Your trusted private label manufacturer. Enjoy customizable production, various packaging.","robots":{"index":"index","follow":"follow","max-snippet":"max-snippet:-1","max-image-preview":"max-image-preview:large","max-video-preview":"max-video-preview:-1"},"canonical":"https:\/\/www.peanutoem.com\/pt\/manufacturer\/salty-peanut-butter\/","og_locale":"pt_PT","og_type":"article","og_title":"Salty Peanut Butter China Exporter OEM - Peanut Butter Factory","og_description":"Discover premium salty peanut butter OEM service. Your trusted private label manufacturer. Enjoy customizable production, various packaging.","og_url":"https:\/\/www.peanutoem.com\/pt\/manufacturer\/salty-peanut-butter\/","og_site_name":"Peanut Butter Factory","article_modified_time":"2024-10-09T12:10:08+00:00","og_image":[{"width":2560,"height":1152,"url":"https:\/\/www.peanutoem.com\/wp-content\/uploads\/2023\/06\/200g-seasalt-peanut-butter-1-scaled.webp","type":"image\/webp"}],"twitter_card":"summary_large_image","twitter_misc":{"Tempo estimado de leitura":"3 minutos"},"schema":{"@context":"https:\/\/schema.org","@graph":[{"@type":"WebPage","@id":"https:\/\/www.peanutoem.com\/manufacturer\/salty-peanut-butter\/","url":"https:\/\/www.peanutoem.com\/manufacturer\/salty-peanut-butter\/","name":"Salty Peanut Butter China Exporter OEM - Peanut Butter Factory","isPartOf":{"@id":"https:\/\/www.peanutoem.com\/#website"},"primaryImageOfPage":{"@id":"https:\/\/www.peanutoem.com\/manufacturer\/salty-peanut-butter\/#primaryimage"},"image":{"@id":"https:\/\/www.peanutoem.com\/manufacturer\/salty-peanut-butter\/#primaryimage"},"thumbnailUrl":"https:\/\/www.peanutoem.com\/wp-content\/uploads\/2023\/06\/200g-seasalt-peanut-butter-1-scaled.webp","datePublished":"2023-06-08T07:38:38+00:00","dateModified":"2024-10-09T12:10:08+00:00","description":"Discover premium salty peanut butter OEM service. Your trusted private label manufacturer. Enjoy customizable production, various packaging.","breadcrumb":{"@id":"https:\/\/www.peanutoem.com\/manufacturer\/salty-peanut-butter\/#breadcrumb"},"inLanguage":"pt-PT","potentialAction":[{"@type":"ReadAction","target":["https:\/\/www.peanutoem.com\/manufacturer\/salty-peanut-butter\/"]}]},{"@type":"ImageObject","inLanguage":"pt-PT","@id":"https:\/\/www.peanutoem.com\/manufacturer\/salty-peanut-butter\/#primaryimage","url":"https:\/\/www.peanutoem.com\/wp-content\/uploads\/2023\/06\/200g-seasalt-peanut-butter-1-scaled.webp","contentUrl":"https:\/\/www.peanutoem.com\/wp-content\/uploads\/2023\/06\/200g-seasalt-peanut-butter-1-scaled.webp","width":2560,"height":1152,"caption":"200g seasalt peanut butter"},{"@type":"BreadcrumbList","@id":"https:\/\/www.peanutoem.com\/manufacturer\/salty-peanut-butter\/#breadcrumb","itemListElement":[{"@type":"ListItem","position":1,"name":"Home","item":"https:\/\/www.peanutoem.com\/"},{"@type":"ListItem","position":2,"name":"Products","item":"https:\/\/www.peanutoem.com\/shop\/"},{"@type":"ListItem","position":3,"name":"Salty Peanut Butter"}]},{"@type":"WebSite","@id":"https:\/\/www.peanutoem.com\/#website","url":"https:\/\/www.peanutoem.com\/","name":"Peanut Butter Factory","description":"Peanut Butter Manufacturer and Roast Peanut OEM Factory | Peanut Private Label China Supplier","publisher":{"@id":"https:\/\/www.peanutoem.com\/#organization"},"alternateName":"Peanut Butter OEM and Wholesale","potentialAction":[{"@type":"SearchAction","target":{"@type":"EntryPoint","urlTemplate":"https:\/\/www.peanutoem.com\/?s={search_term_string}"},"query-input":{"@type":"PropertyValueSpecification","valueRequired":true,"valueName":"search_term_string"}}],"inLanguage":"pt-PT"},{"@type":"Organization","@id":"https:\/\/www.peanutoem.com\/#organization","name":"Peanut Butter Factory","alternateName":"JuFeng Group","url":"https:\/\/www.peanutoem.com\/","logo":{"@type":"ImageObject","inLanguage":"pt-PT","@id":"https:\/\/www.peanutoem.com\/#\/schema\/logo\/image\/","url":"https:\/\/www.peanutoem.com\/wp-content\/uploads\/2024\/09\/JUFENG-LOGO.png","contentUrl":"https:\/\/www.peanutoem.com\/wp-content\/uploads\/2024\/09\/JUFENG-LOGO.png","width":600,"height":170,"caption":"Peanut Butter Factory"},"image":{"@id":"https:\/\/www.peanutoem.com\/#\/schema\/logo\/image\/"}}]}},"_links":{"self":[{"href":"https:\/\/www.peanutoem.com\/pt\/wp-json\/wp\/v2\/product\/1393","targetHints":{"allow":["GET"]}}],"collection":[{"href":"https:\/\/www.peanutoem.com\/pt\/wp-json\/wp\/v2\/product"}],"about":[{"href":"https:\/\/www.peanutoem.com\/pt\/wp-json\/wp\/v2\/types\/product"}],"replies":[{"embeddable":true,"href":"https:\/\/www.peanutoem.com\/pt\/wp-json\/wp\/v2\/comments?post=1393"}],"wp:featuredmedia":[{"embeddable":true,"href":"https:\/\/www.peanutoem.com\/pt\/wp-json\/wp\/v2\/media\/1968"}],"wp:attachment":[{"href":"https:\/\/www.peanutoem.com\/pt\/wp-json\/wp\/v2\/media?parent=1393"}],"wp:term":[{"taxonomy":"product_cat","embeddable":true,"href":"https:\/\/www.peanutoem.com\/pt\/wp-json\/wp\/v2\/product_cat?post=1393"},{"taxonomy":"product_tag","embeddable":true,"href":"https:\/\/www.peanutoem.com\/pt\/wp-json\/wp\/v2\/product_tag?post=1393"}],"curies":[{"name":"wp","href":"https:\/\/api.w.org\/{rel}","templated":true}]}}