{"id":1402,"date":"2023-06-08T08:15:42","date_gmt":"2023-06-08T08:15:42","guid":{"rendered":"https:\/\/www.peanutoem.com\/?post_type=product&#038;p=1402"},"modified":"2024-09-28T06:53:33","modified_gmt":"2024-09-28T06:53:33","slug":"crunchy-peanut-butter","status":"publish","type":"product","link":"https:\/\/www.peanutoem.com\/pt\/manufacturer\/crunchy-peanut-butter\/","title":{"rendered":"Manteiga de amendoim crocante | Manteiga de amendoim crocante personalizada"},"content":{"rendered":"<h3>Crocante <a href=\"https:\/\/www.peanutoem.com\/pt\/Wholesale\/peanut-butter\/\" target=\"_blank\" rel=\"noopener\">Manteiga de amendoim<\/a> \u2013 Fabricante de marca pr\u00f3pria OEM premium<\/h3>\n<p>Temos orgulho de ser um fabricante, exportador e fornecedor l\u00edder de marca pr\u00f3pria OEM de manteiga de amendoim crocante de alta qualidade, que oferece uma textura satisfat\u00f3ria, perfeita para uso no varejo e industrial. Nossas capacidades de fabrica\u00e7\u00e3o, combinadas com op\u00e7\u00f5es personaliz\u00e1veis, nos permitem atender \u00e0s necessidades exclusivas de marcas em todo o mundo.<\/p>\n<h3>Produ\u00e7\u00e3o Avan\u00e7ada e <a href=\"https:\/\/www.peanutoem.com\/pt\/certificate\/\" target=\"_blank\" rel=\"noopener\">Certifica\u00e7\u00f5es<\/a><\/h3>\n<p>Nossas instala\u00e7\u00f5es modernas s\u00e3o equipadas para lidar com produ\u00e7\u00e3o em larga escala, mantendo um rigoroso controle de qualidade. Com certifica\u00e7\u00f5es como HACCP, BRCGS, Halal, Kosher e EU Organic, garantimos que nossa manteiga de amendoim crocante esteja de acordo com os mais altos padr\u00f5es globais. Isso nos torna o parceiro preferido para empresas que buscam solu\u00e7\u00f5es confi\u00e1veis de OEM e marca pr\u00f3pria.<\/p>\n<h3>O que \u00e9 manteiga de amendoim crocante?<\/h3>\n<p>A manteiga de amendoim crocante cont\u00e9m pequenos gr\u00e2nulos de amendoim, proporcionando uma mordida texturizada e um rico sabor de amendoim. Esta variedade \u00e9 perfeita para consumidores que gostam de uma experi\u00eancia de manteiga de amendoim mais substancial em compara\u00e7\u00e3o com op\u00e7\u00f5es suaves ou cremosas. Nossa manteiga de amendoim do tipo granulado \u00e9 elaborada usando os melhores amendoins, garantindo consist\u00eancia em cada pote.<\/p>\n<p>A manteiga de amendoim crocante tamb\u00e9m pode ser chamada por alguns outros nomes, dependendo da regi\u00e3o ou prefer\u00eancia de marketing. Alguns nomes alternativos incluem:<\/p>\n<ol>\n<li><strong>Manteiga de amendoim em peda\u00e7os<\/strong> \u2013 Este \u00e9 um termo comum, especialmente nos EUA, referindo-se \u00e0 mesma variedade texturizada.<\/li>\n<li><strong>Manteiga de amendoim tipo granulado<\/strong> \u2013 Descrevendo sua textura granulada, frequentemente usada em um contexto mais t\u00e9cnico ou industrial.<\/li>\n<li><strong>Manteiga de amendoim texturizada<\/strong> \u2013 Destacando a textura dos peda\u00e7os de amendoim.<\/li>\n<li><strong>Manteiga de amendoim com nozes<\/strong> \u2013 \u00c0s vezes usado para enfatizar os peda\u00e7os de amendoim na pasta.<\/li>\n<\/ol>\n<p>Esses nomes geralmente s\u00e3o intercambi\u00e1veis e transmitem a ideia de que a manteiga de amendoim cont\u00e9m pequenos peda\u00e7os ou gr\u00e2nulos de amendoim.<\/p>\n<h3>Solu\u00e7\u00f5es personalizadas de marca pr\u00f3pria para manteiga de amendoim crocante<\/h3>\n<p>Como um fabricante OEM proeminente, oferecemos servi\u00e7os de marca pr\u00f3pria personalizados para manteiga de amendoim crocante. Quer voc\u00ea precise de embalagens exclusivas ou tamanhos espec\u00edficos, oferecemos op\u00e7\u00f5es flex\u00edveis para atender \u00e0s necessidades da sua marca. Nossa equipe trabalha em estreita colabora\u00e7\u00e3o com voc\u00ea para desenvolver um produto que se alinhe com a identidade da sua marca e os requisitos do mercado.<\/p>\n<h3>Exportador e fornecedor global de manteiga de amendoim tipo granulado<\/h3>\n<p>Com uma ampla rede de exporta\u00e7\u00e3o, atendemos clientes globalmente, o que nos torna um exportador e fornecedor confi\u00e1vel de manteiga de amendoim do tipo granulado. Nossa log\u00edstica eficiente garante entrega pontual, seja para pequenos lotes ou pedidos em massa. Entendemos a import\u00e2ncia da consist\u00eancia e confiabilidade em mercados internacionais.<\/p>\n<h3>Por que nos escolher?<\/h3>\n<ul>\n<li><strong>Ampla capacidade de produ\u00e7\u00e3o<\/strong>: Produ\u00e7\u00e3o em larga escala adaptada \u00e0 sua marca<\/li>\n<li><strong>Global <a href=\"https:\/\/www.peanutoem.com\/pt\/certificate\/\" target=\"_blank\" rel=\"noopener\">Certifica\u00e7\u00f5es<\/a><\/strong>: Incluindo HACCP, BRCGS, Halal, Kosher e mais<\/li>\n<li><strong>Op\u00e7\u00f5es flex\u00edveis de OEM e marca pr\u00f3pria<\/strong>: Personaliz\u00e1vel de acordo com suas especifica\u00e7\u00f5es<\/li>\n<li><strong>Exportador e fornecedor confi\u00e1vel<\/strong>: Atendendo mercados em todo o mundo com qualidade consistente<\/li>\n<\/ul>\n<p>Estamos prontos para fornecer o melhor em manteiga de amendoim crocante por meio de nossas solu\u00e7\u00f5es flex\u00edveis de OEM e private label. Deixe-nos ajud\u00e1-lo a levar manteiga de amendoim premium, do tipo granulado, para seus clientes, com foco em qualidade e personaliza\u00e7\u00e3o.<\/p>\n<a href=\"mailto:globepeanut@gmail.com\" class=\"button primary is-primary is-medium\"  >\n    <span>Envie-nos um e-mail<\/span>\n  <\/a>","protected":false},"excerpt":{"rendered":"<table width=\"564\">\n<tbody>\n<tr>\n<td width=\"113\"><strong>Nome do produto<\/strong><\/td>\n<td width=\"402\">Manteiga de amendoim crocante<\/td>\n<\/tr>\n<tr>\n<td width=\"113\"><strong>Ingredientes<\/strong><\/td>\n<td width=\"402\">Amendoim selecionado, a\u00e7\u00facar branco, \u00f3leo vegetal hidrogenado, sal<\/td>\n<\/tr>\n<tr>\n<td width=\"113\"><strong>Especifica\u00e7\u00f5es<\/strong><\/td>\n<td width=\"402\">200gx36, 227gx24, 340gx12, 375gx12, 500gx12, 510gx12, 1kgx12, 10kgx1, 20kgx1, 220kgx1<\/td>\n<\/tr>\n<tr>\n<td width=\"113\"><strong>Formul\u00e1rio de embalagem<\/strong><\/td>\n<td width=\"402\">Jarro, balde, Doy Pack, saco, caixa, lata, barril, lata, garrafa, etc.<\/td>\n<\/tr>\n<tr>\n<td width=\"113\"><strong>Prazo de entrega<\/strong><\/td>\n<td width=\"402\">7 a 20 dias ap\u00f3s o pedido<\/td>\n<\/tr>\n<tr>\n<td width=\"113\"><strong>Quantidade m\u00ednima<\/strong><\/td>\n<td width=\"402\">Uma tonelada<\/td>\n<\/tr>\n<tr>\n<td width=\"113\"><strong>Amostra<\/strong><\/td>\n<td width=\"402\">Amostra gr\u00e1tis dispon\u00edvel<\/td>\n<\/tr>\n<tr>\n<td width=\"113\"><strong>Fabricante original de equipamento original<\/strong><\/td>\n<td width=\"402\">Etiqueta do comprador aceita<\/td>\n<\/tr>\n<\/tbody>\n<\/table>","protected":false},"featured_media":1652,"comment_status":"open","ping_status":"closed","template":"","meta":[],"product_cat":[15],"product_tag":[],"class_list":{"0":"post-1402","1":"product","2":"type-product","3":"status-publish","4":"has-post-thumbnail","6":"product_cat-peanut-butter","8":"first","9":"instock","10":"featured","11":"shipping-taxable","12":"product-type-simple"},"yoast_head":"<!-- This site is optimized with the Yoast SEO plugin v24.9 - https:\/\/yoast.com\/wordpress\/plugins\/seo\/ -->\n<title>Crunchy Peanut Butter | Custom Crunchy Peanut Butter OEM - Peanut Butter Factory<\/title>\n<meta name=\"description\" content=\"As a leading private label manufacturer, Our crunchy peanut butter is made with delightful granule texture and customizable packaging.\" \/>\n<meta name=\"robots\" content=\"index, follow, max-snippet:-1, max-image-preview:large, max-video-preview:-1\" \/>\n<link rel=\"canonical\" href=\"https:\/\/www.peanutoem.com\/pt\/manufacturer\/crunchy-peanut-butter\/\" \/>\n<meta property=\"og:locale\" content=\"pt_PT\" \/>\n<meta property=\"og:type\" content=\"article\" \/>\n<meta property=\"og:title\" content=\"Crunchy Peanut Butter | Custom Crunchy Peanut Butter OEM - Peanut Butter Factory\" \/>\n<meta property=\"og:description\" content=\"As a leading private label manufacturer, Our crunchy peanut butter is made with delightful granule texture and customizable packaging.\" \/>\n<meta property=\"og:url\" content=\"https:\/\/www.peanutoem.com\/pt\/manufacturer\/crunchy-peanut-butter\/\" \/>\n<meta property=\"og:site_name\" content=\"Peanut Butter Factory\" \/>\n<meta property=\"article:modified_time\" content=\"2024-09-28T06:53:33+00:00\" \/>\n<meta property=\"og:image\" content=\"https:\/\/www.peanutoem.com\/wp-content\/uploads\/2023\/06\/Crunchy-Type-Peanut-Butter-340g.webp\" \/>\n\t<meta property=\"og:image:width\" content=\"1000\" \/>\n\t<meta property=\"og:image:height\" content=\"1000\" \/>\n\t<meta property=\"og:image:type\" content=\"image\/webp\" \/>\n<meta name=\"twitter:card\" content=\"summary_large_image\" \/>\n<meta name=\"twitter:label1\" content=\"Tempo estimado de leitura\" \/>\n\t<meta name=\"twitter:data1\" content=\"3 minutos\" \/>\n<script type=\"application\/ld+json\" class=\"yoast-schema-graph\">{\"@context\":\"https:\/\/schema.org\",\"@graph\":[{\"@type\":\"WebPage\",\"@id\":\"https:\/\/www.peanutoem.com\/manufacturer\/crunchy-peanut-butter\/\",\"url\":\"https:\/\/www.peanutoem.com\/manufacturer\/crunchy-peanut-butter\/\",\"name\":\"Crunchy Peanut Butter | Custom Crunchy Peanut Butter OEM - Peanut Butter Factory\",\"isPartOf\":{\"@id\":\"https:\/\/www.peanutoem.com\/#website\"},\"primaryImageOfPage\":{\"@id\":\"https:\/\/www.peanutoem.com\/manufacturer\/crunchy-peanut-butter\/#primaryimage\"},\"image\":{\"@id\":\"https:\/\/www.peanutoem.com\/manufacturer\/crunchy-peanut-butter\/#primaryimage\"},\"thumbnailUrl\":\"https:\/\/www.peanutoem.com\/wp-content\/uploads\/2023\/06\/Crunchy-Type-Peanut-Butter-340g.webp\",\"datePublished\":\"2023-06-08T08:15:42+00:00\",\"dateModified\":\"2024-09-28T06:53:33+00:00\",\"description\":\"As a leading private label manufacturer, Our crunchy peanut butter is made with delightful granule texture and customizable packaging.\",\"breadcrumb\":{\"@id\":\"https:\/\/www.peanutoem.com\/manufacturer\/crunchy-peanut-butter\/#breadcrumb\"},\"inLanguage\":\"pt-PT\",\"potentialAction\":[{\"@type\":\"ReadAction\",\"target\":[\"https:\/\/www.peanutoem.com\/manufacturer\/crunchy-peanut-butter\/\"]}]},{\"@type\":\"ImageObject\",\"inLanguage\":\"pt-PT\",\"@id\":\"https:\/\/www.peanutoem.com\/manufacturer\/crunchy-peanut-butter\/#primaryimage\",\"url\":\"https:\/\/www.peanutoem.com\/wp-content\/uploads\/2023\/06\/Crunchy-Type-Peanut-Butter-340g.webp\",\"contentUrl\":\"https:\/\/www.peanutoem.com\/wp-content\/uploads\/2023\/06\/Crunchy-Type-Peanut-Butter-340g.webp\",\"width\":1000,\"height\":1000,\"caption\":\"Crunchy Type Peanut Butter 340g\"},{\"@type\":\"BreadcrumbList\",\"@id\":\"https:\/\/www.peanutoem.com\/manufacturer\/crunchy-peanut-butter\/#breadcrumb\",\"itemListElement\":[{\"@type\":\"ListItem\",\"position\":1,\"name\":\"Home\",\"item\":\"https:\/\/www.peanutoem.com\/\"},{\"@type\":\"ListItem\",\"position\":2,\"name\":\"Products\",\"item\":\"https:\/\/www.peanutoem.com\/shop\/\"},{\"@type\":\"ListItem\",\"position\":3,\"name\":\"Crunchy Peanut Butter | Custom Crunchy Peanut Butter\"}]},{\"@type\":\"WebSite\",\"@id\":\"https:\/\/www.peanutoem.com\/#website\",\"url\":\"https:\/\/www.peanutoem.com\/\",\"name\":\"Peanut Butter Factory\",\"description\":\"Peanut Butter Manufacturer and Roast Peanut OEM Factory | Peanut Private Label China Supplier\",\"publisher\":{\"@id\":\"https:\/\/www.peanutoem.com\/#organization\"},\"alternateName\":\"Peanut Butter OEM and Wholesale\",\"potentialAction\":[{\"@type\":\"SearchAction\",\"target\":{\"@type\":\"EntryPoint\",\"urlTemplate\":\"https:\/\/www.peanutoem.com\/?s={search_term_string}\"},\"query-input\":{\"@type\":\"PropertyValueSpecification\",\"valueRequired\":true,\"valueName\":\"search_term_string\"}}],\"inLanguage\":\"pt-PT\"},{\"@type\":\"Organization\",\"@id\":\"https:\/\/www.peanutoem.com\/#organization\",\"name\":\"Peanut Butter Factory\",\"alternateName\":\"JuFeng Group\",\"url\":\"https:\/\/www.peanutoem.com\/\",\"logo\":{\"@type\":\"ImageObject\",\"inLanguage\":\"pt-PT\",\"@id\":\"https:\/\/www.peanutoem.com\/#\/schema\/logo\/image\/\",\"url\":\"https:\/\/www.peanutoem.com\/wp-content\/uploads\/2024\/09\/JUFENG-LOGO.png\",\"contentUrl\":\"https:\/\/www.peanutoem.com\/wp-content\/uploads\/2024\/09\/JUFENG-LOGO.png\",\"width\":600,\"height\":170,\"caption\":\"Peanut Butter Factory\"},\"image\":{\"@id\":\"https:\/\/www.peanutoem.com\/#\/schema\/logo\/image\/\"}}]}<\/script>\n<!-- \/ Yoast SEO plugin. -->","yoast_head_json":{"title":"Crunchy Peanut Butter | Custom Crunchy Peanut Butter OEM - Peanut Butter Factory","description":"As a leading private label manufacturer, Our crunchy peanut butter is made with delightful granule texture and customizable packaging.","robots":{"index":"index","follow":"follow","max-snippet":"max-snippet:-1","max-image-preview":"max-image-preview:large","max-video-preview":"max-video-preview:-1"},"canonical":"https:\/\/www.peanutoem.com\/pt\/manufacturer\/crunchy-peanut-butter\/","og_locale":"pt_PT","og_type":"article","og_title":"Crunchy Peanut Butter | Custom Crunchy Peanut Butter OEM - Peanut Butter Factory","og_description":"As a leading private label manufacturer, Our crunchy peanut butter is made with delightful granule texture and customizable packaging.","og_url":"https:\/\/www.peanutoem.com\/pt\/manufacturer\/crunchy-peanut-butter\/","og_site_name":"Peanut Butter Factory","article_modified_time":"2024-09-28T06:53:33+00:00","og_image":[{"width":1000,"height":1000,"url":"https:\/\/www.peanutoem.com\/wp-content\/uploads\/2023\/06\/Crunchy-Type-Peanut-Butter-340g.webp","type":"image\/webp"}],"twitter_card":"summary_large_image","twitter_misc":{"Tempo estimado de leitura":"3 minutos"},"schema":{"@context":"https:\/\/schema.org","@graph":[{"@type":"WebPage","@id":"https:\/\/www.peanutoem.com\/manufacturer\/crunchy-peanut-butter\/","url":"https:\/\/www.peanutoem.com\/manufacturer\/crunchy-peanut-butter\/","name":"Crunchy Peanut Butter | Custom Crunchy Peanut Butter OEM - Peanut Butter Factory","isPartOf":{"@id":"https:\/\/www.peanutoem.com\/#website"},"primaryImageOfPage":{"@id":"https:\/\/www.peanutoem.com\/manufacturer\/crunchy-peanut-butter\/#primaryimage"},"image":{"@id":"https:\/\/www.peanutoem.com\/manufacturer\/crunchy-peanut-butter\/#primaryimage"},"thumbnailUrl":"https:\/\/www.peanutoem.com\/wp-content\/uploads\/2023\/06\/Crunchy-Type-Peanut-Butter-340g.webp","datePublished":"2023-06-08T08:15:42+00:00","dateModified":"2024-09-28T06:53:33+00:00","description":"As a leading private label manufacturer, Our crunchy peanut butter is made with delightful granule texture and customizable packaging.","breadcrumb":{"@id":"https:\/\/www.peanutoem.com\/manufacturer\/crunchy-peanut-butter\/#breadcrumb"},"inLanguage":"pt-PT","potentialAction":[{"@type":"ReadAction","target":["https:\/\/www.peanutoem.com\/manufacturer\/crunchy-peanut-butter\/"]}]},{"@type":"ImageObject","inLanguage":"pt-PT","@id":"https:\/\/www.peanutoem.com\/manufacturer\/crunchy-peanut-butter\/#primaryimage","url":"https:\/\/www.peanutoem.com\/wp-content\/uploads\/2023\/06\/Crunchy-Type-Peanut-Butter-340g.webp","contentUrl":"https:\/\/www.peanutoem.com\/wp-content\/uploads\/2023\/06\/Crunchy-Type-Peanut-Butter-340g.webp","width":1000,"height":1000,"caption":"Crunchy Type Peanut Butter 340g"},{"@type":"BreadcrumbList","@id":"https:\/\/www.peanutoem.com\/manufacturer\/crunchy-peanut-butter\/#breadcrumb","itemListElement":[{"@type":"ListItem","position":1,"name":"Home","item":"https:\/\/www.peanutoem.com\/"},{"@type":"ListItem","position":2,"name":"Products","item":"https:\/\/www.peanutoem.com\/shop\/"},{"@type":"ListItem","position":3,"name":"Crunchy Peanut Butter | Custom Crunchy Peanut Butter"}]},{"@type":"WebSite","@id":"https:\/\/www.peanutoem.com\/#website","url":"https:\/\/www.peanutoem.com\/","name":"Peanut Butter Factory","description":"Peanut Butter Manufacturer and Roast Peanut OEM Factory | Peanut Private Label China Supplier","publisher":{"@id":"https:\/\/www.peanutoem.com\/#organization"},"alternateName":"Peanut Butter OEM and Wholesale","potentialAction":[{"@type":"SearchAction","target":{"@type":"EntryPoint","urlTemplate":"https:\/\/www.peanutoem.com\/?s={search_term_string}"},"query-input":{"@type":"PropertyValueSpecification","valueRequired":true,"valueName":"search_term_string"}}],"inLanguage":"pt-PT"},{"@type":"Organization","@id":"https:\/\/www.peanutoem.com\/#organization","name":"Peanut Butter Factory","alternateName":"JuFeng Group","url":"https:\/\/www.peanutoem.com\/","logo":{"@type":"ImageObject","inLanguage":"pt-PT","@id":"https:\/\/www.peanutoem.com\/#\/schema\/logo\/image\/","url":"https:\/\/www.peanutoem.com\/wp-content\/uploads\/2024\/09\/JUFENG-LOGO.png","contentUrl":"https:\/\/www.peanutoem.com\/wp-content\/uploads\/2024\/09\/JUFENG-LOGO.png","width":600,"height":170,"caption":"Peanut Butter Factory"},"image":{"@id":"https:\/\/www.peanutoem.com\/#\/schema\/logo\/image\/"}}]}},"_links":{"self":[{"href":"https:\/\/www.peanutoem.com\/pt\/wp-json\/wp\/v2\/product\/1402","targetHints":{"allow":["GET"]}}],"collection":[{"href":"https:\/\/www.peanutoem.com\/pt\/wp-json\/wp\/v2\/product"}],"about":[{"href":"https:\/\/www.peanutoem.com\/pt\/wp-json\/wp\/v2\/types\/product"}],"replies":[{"embeddable":true,"href":"https:\/\/www.peanutoem.com\/pt\/wp-json\/wp\/v2\/comments?post=1402"}],"wp:featuredmedia":[{"embeddable":true,"href":"https:\/\/www.peanutoem.com\/pt\/wp-json\/wp\/v2\/media\/1652"}],"wp:attachment":[{"href":"https:\/\/www.peanutoem.com\/pt\/wp-json\/wp\/v2\/media?parent=1402"}],"wp:term":[{"taxonomy":"product_cat","embeddable":true,"href":"https:\/\/www.peanutoem.com\/pt\/wp-json\/wp\/v2\/product_cat?post=1402"},{"taxonomy":"product_tag","embeddable":true,"href":"https:\/\/www.peanutoem.com\/pt\/wp-json\/wp\/v2\/product_tag?post=1402"}],"curies":[{"name":"wp","href":"https:\/\/api.w.org\/{rel}","templated":true}]}}