{"id":1543,"date":"2024-09-02T13:37:15","date_gmt":"2024-09-02T13:37:15","guid":{"rendered":"https:\/\/www.peanutoem.com\/?post_type=product&#038;p=1543"},"modified":"2024-09-28T06:03:37","modified_gmt":"2024-09-28T06:03:37","slug":"pure-peanut-butter","status":"publish","type":"product","link":"https:\/\/www.peanutoem.com\/pt\/manufacturer\/pure-peanut-butter\/","title":{"rendered":"Manteiga de amendoim pura"},"content":{"rendered":"<h3>Manteiga de amendoim pura \u2013 Fornecedor OEM l\u00edder e fabricante de marca pr\u00f3pria<\/h3>\n<p>Somos especializados em produzir e fornecer manteiga de amendoim pura como um fornecedor OEM confi\u00e1vel, fabricante de marca pr\u00f3pria e exportador. Nossos produtos s\u00e3o feitos com amendoim 100%, proporcionando qualidade e autenticidade inigual\u00e1veis para sua marca. Com capacidades avan\u00e7adas de produ\u00e7\u00e3o e certifica\u00e7\u00f5es globais, adaptamos nossas solu\u00e7\u00f5es de manteiga de amendoim \u00e0s suas necessidades espec\u00edficas.<\/p>\n<h3>O que \u00e9 manteiga de amendoim pura?<\/h3>\n<p><strong>Puro <a href=\"https:\/\/www.peanutoem.com\/pt\/Wholesale\/peanut-butter\/\" target=\"_blank\" rel=\"noopener\">manteiga de amendoim<\/a><\/strong> \u00e9 feito de 100% <a href=\"https:\/\/en.wikipedia.org\/wiki\/Peanut\" target=\"_blank\" rel=\"noopener\">amendoim<\/a>, sem adi\u00e7\u00e3o de a\u00e7\u00facares, \u00f3leos ou conservantes. Oferece um sabor natural e n\u00e3o processado que atrai consumidores preocupados com a sa\u00fade. Este tipo de manteiga de amendoim ret\u00e9m o sabor rico e os \u00f3leos naturais dos amendoins, tornando-a uma escolha popular para aqueles que buscam produtos de r\u00f3tulo limpo.<\/p>\n<h3>Quais s\u00e3o outros nomes para manteiga de amendoim pura?<\/h3>\n<p>Tamb\u00e9m \u00e9 conhecido por diferentes nomes em diferentes regi\u00f5es e ind\u00fastrias. Alguns dos nomes alternativos mais comuns incluem:<\/p>\n<ul>\n<li><strong>Manteiga de amendoim natural<\/strong><\/li>\n<li><strong>Manteiga de amendoim sem a\u00e7\u00facar<\/strong><\/li>\n<li><strong>Manteiga de amendoim sem aditivos<\/strong><\/li>\n<li><strong>100% manteiga de amendoim<\/strong><\/li>\n<\/ul>\n<p>Esses nomes enfatizam a aus\u00eancia de ingredientes adicionais, destacando a pureza do produto.<\/p>\n<h3>Por que nos escolher como seu fornecedor?<\/h3>\n<p>Como fornecedor l\u00edder de OEM e fabricante de marca pr\u00f3pria, oferecemos:<\/p>\n<ul>\n<li><strong>Produtos de alta qualidade:<\/strong> Nossa manteiga de amendoim pura cont\u00e9m amendoins selecionados 100%, sem adi\u00e7\u00e3o de a\u00e7\u00facares, \u00f3leos ou conservantes.<\/li>\n<li><strong>Solu\u00e7\u00f5es personaliz\u00e1veis:<\/strong> Oferecemos op\u00e7\u00f5es de embalagens flex\u00edveis, incluindo potes, latas e baldes, em v\u00e1rios tamanhos para atender \u00e0s demandas do mercado.<\/li>\n<li><strong>Global <a href=\"https:\/\/www.peanutoem.com\/pt\/certificate\/\" target=\"_blank\" rel=\"noopener\">Certifica\u00e7\u00f5es<\/a>:<\/strong> Nossas certifica\u00e7\u00f5es, incluindo HACCP, BRCGS, Halal e Kosher, garantem a seguran\u00e7a do produto e a qualidade premium.<\/li>\n<li><strong>Grande capacidade de produ\u00e7\u00e3o:<\/strong> Podemos lidar com efici\u00eancia com pedidos pequenos e grandes, atendendo \u00e0s diversas necessidades dos clientes.<\/li>\n<li><strong>Expertise em Exporta\u00e7\u00f5es Globais:<\/strong> Temos ampla experi\u00eancia em fornecer manteiga de amendoim de alta qualidade para clientes no mundo todo.<\/li>\n<\/ul>\n<h3>Perguntas frequentes sobre nossa fun\u00e7\u00e3o empresarial como produtores e atacadistas<\/h3>\n<ol>\n<li><strong>Por que voc\u00eas s\u00e3o um fornecedor OEM l\u00edder no setor de manteiga de amendoim?<\/strong><br \/>\nFabricamos manteiga de amendoim para marcas pr\u00f3prias, garantindo solu\u00e7\u00f5es de produtos personalizadas.<\/li>\n<li><strong>Voc\u00eas oferecem servi\u00e7os de marca pr\u00f3pria?<\/strong><br \/>\nSim, somos especializados em solu\u00e7\u00f5es flex\u00edveis de marca pr\u00f3pria para ajudar voc\u00ea a criar sua manteiga de amendoim de marca.<\/li>\n<li><strong>Quais ingredientes voc\u00ea usa?<\/strong><br \/>\nNossa manteiga de amendoim pura \u00e9 composta por amendoins selecionados 100%, sem adi\u00e7\u00e3o de a\u00e7\u00facares, \u00f3leos ou conservantes.<\/li>\n<li><strong>Como posso personalizar minha embalagem?<\/strong><br \/>\nVoc\u00ea pode escolher entre v\u00e1rias op\u00e7\u00f5es e tamanhos de embalagens, adaptados \u00e0s suas necessidades, do varejo ao atacado.<\/li>\n<li><strong>Qual \u00e9 a quantidade m\u00ednima de pedido (MOQ)?<\/strong><br \/>\nO MOQ \u00e9 de uma tonelada, proporcionando flexibilidade para pequenas e grandes empresas.<\/li>\n<li><strong>O que faz sua manteiga de amendoim pura se destacar?<\/strong><br \/>\nNosso compromisso com a qualidade, certifica\u00e7\u00f5es globais e solu\u00e7\u00f5es personalizadas de marca pr\u00f3pria nos diferenciam dos concorrentes.<\/li>\n<li><strong>Quanto tempo demora para processar um pedido?<\/strong><br \/>\nOs prazos de entrega variam de 7 a 20 dias, dependendo do tamanho do pedido e dos requisitos de embalagem.<\/li>\n<li><strong>Posso solicitar amostras antes de fazer um pedido?<\/strong><br \/>\nSim, oferecemos amostras gr\u00e1tis de nossa manteiga de amendoim pura para avalia\u00e7\u00e3o de qualidade antes de fazer um pedido em grandes quantidades.<\/li>\n<li><strong>Voc\u00ea exporta globalmente?<\/strong><br \/>\nAbsolutamente! Temos experi\u00eancia em exportar manteiga de amendoim pura de alta qualidade para clientes no mundo todo.<\/li>\n<\/ol>\n<h3>Por que manteiga de amendoim pura?<\/h3>\n<p>A manteiga de amendoim pura \u00e9 a op\u00e7\u00e3o preferida dos consumidores preocupados com a sa\u00fade que buscam um produto natural sem aditivos. Ela \u00e9 rica em prote\u00ednas, gorduras saud\u00e1veis e nutrientes essenciais, o que a torna um ingrediente vers\u00e1til nas cozinhas do mundo todo. \u00c0 medida que os consumidores se tornam mais focados em r\u00f3tulos limpos, a demanda por produtos \u00e0 base de amendoim 100% continua a aumentar.<\/p>\n<p>N\u00f3s garantimos que nossa manteiga de amendoim pura atenda a essas demandas, fornecendo um produto que seja o mais pr\u00f3ximo poss\u00edvel da natureza, ao mesmo tempo em que \u00e9 totalmente personaliz\u00e1vel \u00e0s necessidades da sua marca. Quer voc\u00ea esteja procurando expandir as ofertas da sua marca ou entrar em novos mercados, temos a capacidade, a experi\u00eancia e as certifica\u00e7\u00f5es para fazer isso acontecer.<\/p>\n<a href=\"mailto:globepeanut@gmail.com\" class=\"button primary is-primary is-medium\"  >\n    <span>Envie-nos um e-mail<\/span>\n  <\/a>","protected":false},"excerpt":{"rendered":"<table width=\"564\">\n<tbody>\n<tr>\n<td width=\"113\"><strong>Nome do produto<\/strong><\/td>\n<td width=\"402\">Manteiga de amendoim pura<\/td>\n<\/tr>\n<tr>\n<td width=\"113\"><strong>Ingredientes<\/strong><\/td>\n<td width=\"402\">Manteiga de amendoim selecionada<\/td>\n<\/tr>\n<tr>\n<td width=\"113\"><strong>Especifica\u00e7\u00f5es<\/strong><\/td>\n<td width=\"402\">10 kg x 1, 20 kg x 1, 22 kg x 1, 220 kg x 1<\/td>\n<\/tr>\n<tr>\n<td width=\"113\"><strong>Formul\u00e1rio de embalagem<\/strong><\/td>\n<td width=\"402\">Jarro, balde, saco, caixa, barril, garrafa, etc.<\/td>\n<\/tr>\n<tr>\n<td width=\"113\"><strong>Prazo de entrega<\/strong><\/td>\n<td width=\"402\">7 a 20 dias ap\u00f3s o pedido<\/td>\n<\/tr>\n<tr>\n<td width=\"113\"><strong>Quantidade m\u00ednima<\/strong><\/td>\n<td width=\"402\">Uma tonelada<\/td>\n<\/tr>\n<tr>\n<td width=\"113\"><strong>Amostra<\/strong><\/td>\n<td width=\"402\">Amostra gr\u00e1tis dispon\u00edvel<\/td>\n<\/tr>\n<tr>\n<td width=\"113\"><strong>Fabricante original de equipamento original<\/strong><\/td>\n<td width=\"402\">Etiqueta do comprador aceita<\/td>\n<\/tr>\n<\/tbody>\n<\/table>","protected":false},"featured_media":1659,"comment_status":"open","ping_status":"closed","template":"","meta":[],"product_cat":[15],"product_tag":[],"class_list":{"0":"post-1543","1":"product","2":"type-product","3":"status-publish","4":"has-post-thumbnail","6":"product_cat-peanut-butter","8":"first","9":"instock","10":"shipping-taxable","11":"product-type-simple"},"yoast_head":"<!-- This site is optimized with the Yoast SEO plugin v24.9 - https:\/\/yoast.com\/wordpress\/plugins\/seo\/ -->\n<title>Pure Peanut Butter OEM Producer - Peanut Butter Factory<\/title>\n<meta name=\"description\" content=\"As a top OEM manufacturer and exporter, we supply pure peanut butter made from 100% peanuts. Customizable private label solutions for your business needs.\" \/>\n<meta name=\"robots\" content=\"index, follow, max-snippet:-1, max-image-preview:large, max-video-preview:-1\" \/>\n<link rel=\"canonical\" href=\"https:\/\/www.peanutoem.com\/pt\/manufacturer\/pure-peanut-butter\/\" \/>\n<meta property=\"og:locale\" content=\"pt_PT\" \/>\n<meta property=\"og:type\" content=\"article\" \/>\n<meta property=\"og:title\" content=\"Pure Peanut Butter OEM Producer - Peanut Butter Factory\" \/>\n<meta property=\"og:description\" content=\"As a top OEM manufacturer and exporter, we supply pure peanut butter made from 100% peanuts. Customizable private label solutions for your business needs.\" \/>\n<meta property=\"og:url\" content=\"https:\/\/www.peanutoem.com\/pt\/manufacturer\/pure-peanut-butter\/\" \/>\n<meta property=\"og:site_name\" content=\"Peanut Butter Factory\" \/>\n<meta property=\"article:modified_time\" content=\"2024-09-28T06:03:37+00:00\" \/>\n<meta property=\"og:image\" content=\"https:\/\/www.peanutoem.com\/wp-content\/uploads\/2024\/09\/Pure-Peanut-Butter-OEM-Supplier.webp\" \/>\n\t<meta property=\"og:image:width\" content=\"1000\" \/>\n\t<meta property=\"og:image:height\" content=\"1000\" \/>\n\t<meta property=\"og:image:type\" content=\"image\/webp\" \/>\n<meta name=\"twitter:card\" content=\"summary_large_image\" \/>\n<meta name=\"twitter:label1\" content=\"Tempo estimado de leitura\" \/>\n\t<meta name=\"twitter:data1\" content=\"3 minutos\" \/>\n<script type=\"application\/ld+json\" class=\"yoast-schema-graph\">{\"@context\":\"https:\/\/schema.org\",\"@graph\":[{\"@type\":\"WebPage\",\"@id\":\"https:\/\/www.peanutoem.com\/manufacturer\/pure-peanut-butter\/\",\"url\":\"https:\/\/www.peanutoem.com\/manufacturer\/pure-peanut-butter\/\",\"name\":\"Pure Peanut Butter OEM Producer - Peanut Butter Factory\",\"isPartOf\":{\"@id\":\"https:\/\/www.peanutoem.com\/#website\"},\"primaryImageOfPage\":{\"@id\":\"https:\/\/www.peanutoem.com\/manufacturer\/pure-peanut-butter\/#primaryimage\"},\"image\":{\"@id\":\"https:\/\/www.peanutoem.com\/manufacturer\/pure-peanut-butter\/#primaryimage\"},\"thumbnailUrl\":\"https:\/\/www.peanutoem.com\/wp-content\/uploads\/2024\/09\/Pure-Peanut-Butter-OEM-Supplier.webp\",\"datePublished\":\"2024-09-02T13:37:15+00:00\",\"dateModified\":\"2024-09-28T06:03:37+00:00\",\"description\":\"As a top OEM manufacturer and exporter, we supply pure peanut butter made from 100% peanuts. Customizable private label solutions for your business needs.\",\"breadcrumb\":{\"@id\":\"https:\/\/www.peanutoem.com\/manufacturer\/pure-peanut-butter\/#breadcrumb\"},\"inLanguage\":\"pt-PT\",\"potentialAction\":[{\"@type\":\"ReadAction\",\"target\":[\"https:\/\/www.peanutoem.com\/manufacturer\/pure-peanut-butter\/\"]}]},{\"@type\":\"ImageObject\",\"inLanguage\":\"pt-PT\",\"@id\":\"https:\/\/www.peanutoem.com\/manufacturer\/pure-peanut-butter\/#primaryimage\",\"url\":\"https:\/\/www.peanutoem.com\/wp-content\/uploads\/2024\/09\/Pure-Peanut-Butter-OEM-Supplier.webp\",\"contentUrl\":\"https:\/\/www.peanutoem.com\/wp-content\/uploads\/2024\/09\/Pure-Peanut-Butter-OEM-Supplier.webp\",\"width\":1000,\"height\":1000,\"caption\":\"Pure Peanut Butter OEM Supplier\"},{\"@type\":\"BreadcrumbList\",\"@id\":\"https:\/\/www.peanutoem.com\/manufacturer\/pure-peanut-butter\/#breadcrumb\",\"itemListElement\":[{\"@type\":\"ListItem\",\"position\":1,\"name\":\"Home\",\"item\":\"https:\/\/www.peanutoem.com\/\"},{\"@type\":\"ListItem\",\"position\":2,\"name\":\"Products\",\"item\":\"https:\/\/www.peanutoem.com\/shop\/\"},{\"@type\":\"ListItem\",\"position\":3,\"name\":\"Pure Peanut Butter\"}]},{\"@type\":\"WebSite\",\"@id\":\"https:\/\/www.peanutoem.com\/#website\",\"url\":\"https:\/\/www.peanutoem.com\/\",\"name\":\"Peanut Butter Factory\",\"description\":\"Peanut Butter Manufacturer and Roast Peanut OEM Factory | Peanut Private Label China Supplier\",\"publisher\":{\"@id\":\"https:\/\/www.peanutoem.com\/#organization\"},\"alternateName\":\"Peanut Butter OEM and Wholesale\",\"potentialAction\":[{\"@type\":\"SearchAction\",\"target\":{\"@type\":\"EntryPoint\",\"urlTemplate\":\"https:\/\/www.peanutoem.com\/?s={search_term_string}\"},\"query-input\":{\"@type\":\"PropertyValueSpecification\",\"valueRequired\":true,\"valueName\":\"search_term_string\"}}],\"inLanguage\":\"pt-PT\"},{\"@type\":\"Organization\",\"@id\":\"https:\/\/www.peanutoem.com\/#organization\",\"name\":\"Peanut Butter Factory\",\"alternateName\":\"JuFeng Group\",\"url\":\"https:\/\/www.peanutoem.com\/\",\"logo\":{\"@type\":\"ImageObject\",\"inLanguage\":\"pt-PT\",\"@id\":\"https:\/\/www.peanutoem.com\/#\/schema\/logo\/image\/\",\"url\":\"https:\/\/www.peanutoem.com\/wp-content\/uploads\/2024\/09\/JUFENG-LOGO.png\",\"contentUrl\":\"https:\/\/www.peanutoem.com\/wp-content\/uploads\/2024\/09\/JUFENG-LOGO.png\",\"width\":600,\"height\":170,\"caption\":\"Peanut Butter Factory\"},\"image\":{\"@id\":\"https:\/\/www.peanutoem.com\/#\/schema\/logo\/image\/\"}}]}<\/script>\n<!-- \/ Yoast SEO plugin. -->","yoast_head_json":{"title":"Pure Peanut Butter OEM Producer - Peanut Butter Factory","description":"As a top OEM manufacturer and exporter, we supply pure peanut butter made from 100% peanuts. Customizable private label solutions for your business needs.","robots":{"index":"index","follow":"follow","max-snippet":"max-snippet:-1","max-image-preview":"max-image-preview:large","max-video-preview":"max-video-preview:-1"},"canonical":"https:\/\/www.peanutoem.com\/pt\/manufacturer\/pure-peanut-butter\/","og_locale":"pt_PT","og_type":"article","og_title":"Pure Peanut Butter OEM Producer - Peanut Butter Factory","og_description":"As a top OEM manufacturer and exporter, we supply pure peanut butter made from 100% peanuts. Customizable private label solutions for your business needs.","og_url":"https:\/\/www.peanutoem.com\/pt\/manufacturer\/pure-peanut-butter\/","og_site_name":"Peanut Butter Factory","article_modified_time":"2024-09-28T06:03:37+00:00","og_image":[{"width":1000,"height":1000,"url":"https:\/\/www.peanutoem.com\/wp-content\/uploads\/2024\/09\/Pure-Peanut-Butter-OEM-Supplier.webp","type":"image\/webp"}],"twitter_card":"summary_large_image","twitter_misc":{"Tempo estimado de leitura":"3 minutos"},"schema":{"@context":"https:\/\/schema.org","@graph":[{"@type":"WebPage","@id":"https:\/\/www.peanutoem.com\/manufacturer\/pure-peanut-butter\/","url":"https:\/\/www.peanutoem.com\/manufacturer\/pure-peanut-butter\/","name":"Pure Peanut Butter OEM Producer - Peanut Butter Factory","isPartOf":{"@id":"https:\/\/www.peanutoem.com\/#website"},"primaryImageOfPage":{"@id":"https:\/\/www.peanutoem.com\/manufacturer\/pure-peanut-butter\/#primaryimage"},"image":{"@id":"https:\/\/www.peanutoem.com\/manufacturer\/pure-peanut-butter\/#primaryimage"},"thumbnailUrl":"https:\/\/www.peanutoem.com\/wp-content\/uploads\/2024\/09\/Pure-Peanut-Butter-OEM-Supplier.webp","datePublished":"2024-09-02T13:37:15+00:00","dateModified":"2024-09-28T06:03:37+00:00","description":"As a top OEM manufacturer and exporter, we supply pure peanut butter made from 100% peanuts. Customizable private label solutions for your business needs.","breadcrumb":{"@id":"https:\/\/www.peanutoem.com\/manufacturer\/pure-peanut-butter\/#breadcrumb"},"inLanguage":"pt-PT","potentialAction":[{"@type":"ReadAction","target":["https:\/\/www.peanutoem.com\/manufacturer\/pure-peanut-butter\/"]}]},{"@type":"ImageObject","inLanguage":"pt-PT","@id":"https:\/\/www.peanutoem.com\/manufacturer\/pure-peanut-butter\/#primaryimage","url":"https:\/\/www.peanutoem.com\/wp-content\/uploads\/2024\/09\/Pure-Peanut-Butter-OEM-Supplier.webp","contentUrl":"https:\/\/www.peanutoem.com\/wp-content\/uploads\/2024\/09\/Pure-Peanut-Butter-OEM-Supplier.webp","width":1000,"height":1000,"caption":"Pure Peanut Butter OEM Supplier"},{"@type":"BreadcrumbList","@id":"https:\/\/www.peanutoem.com\/manufacturer\/pure-peanut-butter\/#breadcrumb","itemListElement":[{"@type":"ListItem","position":1,"name":"Home","item":"https:\/\/www.peanutoem.com\/"},{"@type":"ListItem","position":2,"name":"Products","item":"https:\/\/www.peanutoem.com\/shop\/"},{"@type":"ListItem","position":3,"name":"Pure Peanut Butter"}]},{"@type":"WebSite","@id":"https:\/\/www.peanutoem.com\/#website","url":"https:\/\/www.peanutoem.com\/","name":"Peanut Butter Factory","description":"Peanut Butter Manufacturer and Roast Peanut OEM Factory | Peanut Private Label China Supplier","publisher":{"@id":"https:\/\/www.peanutoem.com\/#organization"},"alternateName":"Peanut Butter OEM and Wholesale","potentialAction":[{"@type":"SearchAction","target":{"@type":"EntryPoint","urlTemplate":"https:\/\/www.peanutoem.com\/?s={search_term_string}"},"query-input":{"@type":"PropertyValueSpecification","valueRequired":true,"valueName":"search_term_string"}}],"inLanguage":"pt-PT"},{"@type":"Organization","@id":"https:\/\/www.peanutoem.com\/#organization","name":"Peanut Butter Factory","alternateName":"JuFeng Group","url":"https:\/\/www.peanutoem.com\/","logo":{"@type":"ImageObject","inLanguage":"pt-PT","@id":"https:\/\/www.peanutoem.com\/#\/schema\/logo\/image\/","url":"https:\/\/www.peanutoem.com\/wp-content\/uploads\/2024\/09\/JUFENG-LOGO.png","contentUrl":"https:\/\/www.peanutoem.com\/wp-content\/uploads\/2024\/09\/JUFENG-LOGO.png","width":600,"height":170,"caption":"Peanut Butter Factory"},"image":{"@id":"https:\/\/www.peanutoem.com\/#\/schema\/logo\/image\/"}}]}},"_links":{"self":[{"href":"https:\/\/www.peanutoem.com\/pt\/wp-json\/wp\/v2\/product\/1543","targetHints":{"allow":["GET"]}}],"collection":[{"href":"https:\/\/www.peanutoem.com\/pt\/wp-json\/wp\/v2\/product"}],"about":[{"href":"https:\/\/www.peanutoem.com\/pt\/wp-json\/wp\/v2\/types\/product"}],"replies":[{"embeddable":true,"href":"https:\/\/www.peanutoem.com\/pt\/wp-json\/wp\/v2\/comments?post=1543"}],"wp:featuredmedia":[{"embeddable":true,"href":"https:\/\/www.peanutoem.com\/pt\/wp-json\/wp\/v2\/media\/1659"}],"wp:attachment":[{"href":"https:\/\/www.peanutoem.com\/pt\/wp-json\/wp\/v2\/media?parent=1543"}],"wp:term":[{"taxonomy":"product_cat","embeddable":true,"href":"https:\/\/www.peanutoem.com\/pt\/wp-json\/wp\/v2\/product_cat?post=1543"},{"taxonomy":"product_tag","embeddable":true,"href":"https:\/\/www.peanutoem.com\/pt\/wp-json\/wp\/v2\/product_tag?post=1543"}],"curies":[{"name":"wp","href":"https:\/\/api.w.org\/{rel}","templated":true}]}}