{"id":1554,"date":"2024-09-02T13:59:01","date_gmt":"2024-09-02T13:59:01","guid":{"rendered":"https:\/\/www.peanutoem.com\/?post_type=product&#038;p=1554"},"modified":"2024-09-28T05:11:42","modified_gmt":"2024-09-28T05:11:42","slug":"roasted-blanched-peanut","status":"publish","type":"product","link":"https:\/\/www.peanutoem.com\/pt\/manufacturer\/roasted-blanched-peanut\/","title":{"rendered":"Amendoim torrado e escaldado"},"content":{"rendered":"<h3><strong>O que \u00e9 amendoim torrado e escaldado?<\/strong><\/h3>\n<p>O amendoim torrado e escaldado passa por um processo espec\u00edfico de duas etapas. Primeiro, os amendoins crus s\u00e3o escaldados, o que envolve a remo\u00e7\u00e3o da casca externa por meio de aquecimento e meios mec\u00e2nicos suaves. Em seguida, eles s\u00e3o torrados com perfei\u00e7\u00e3o, resultando em um sabor rico e de nozes e textura crocante. Esses amendoins s\u00e3o ideais para v\u00e1rias aplica\u00e7\u00f5es, incluindo produ\u00e7\u00e3o de salgadinhos, confeitaria, fabrica\u00e7\u00e3o de manteiga de amendoim e como ingredientes em pratos saborosos.<\/p>\n<p>Al\u00e9m disso, amendoins torrados escaldados oferecem o benef\u00edcio adicional de uma apar\u00eancia limpa e suave. Essa qualidade os torna altamente desej\u00e1veis para produtos onde o apelo visual e a uniformidade s\u00e3o cruciais.<\/p>\n<h3><strong>Quais s\u00e3o outros nomes para amendoim torrado e escaldado?<\/strong><\/h3>\n<p>Amendoins torrados e escaldados podem ser chamados por v\u00e1rios nomes, dependendo das prefer\u00eancias regionais ou do uso na ind\u00fastria:<\/p>\n<ul>\n<li>Amendoim torrado sem pele<\/li>\n<li>Amendoim escaldado e torrado<\/li>\n<li>Amendoim branco torrado<\/li>\n<li>Amendoim escaldado<\/li>\n<li>Amendoim Branqueado<\/li>\n<li>Amendoim inteiro torrado e escaldado<\/li>\n<\/ul>\n<p>Esses nomes refletem o processo de prepara\u00e7\u00e3o, onde as cascas do amendoim s\u00e3o removidas antes da torra, resultando em um produto final suave e atraente.<\/p>\n<h3><img loading=\"lazy\" decoding=\"async\" class=\"alignnone wp-image-1702 size-full\" src=\"https:\/\/www.peanutoem.com\/wp-content\/uploads\/2024\/09\/Whole-Roasted-Blanched-Peanut-.webp\" alt=\"Amendoim inteiro torrado e escaldado\" width=\"1000\" height=\"1000\" srcset=\"https:\/\/www.peanutoem.com\/wp-content\/uploads\/2024\/09\/Whole-Roasted-Blanched-Peanut-.webp 1000w, https:\/\/www.peanutoem.com\/wp-content\/uploads\/2024\/09\/Whole-Roasted-Blanched-Peanut--300x300.webp 300w, https:\/\/www.peanutoem.com\/wp-content\/uploads\/2024\/09\/Whole-Roasted-Blanched-Peanut--150x150.webp 150w, https:\/\/www.peanutoem.com\/wp-content\/uploads\/2024\/09\/Whole-Roasted-Blanched-Peanut--768x768.webp 768w, https:\/\/www.peanutoem.com\/wp-content\/uploads\/2024\/09\/Whole-Roasted-Blanched-Peanut--12x12.webp 12w, https:\/\/www.peanutoem.com\/wp-content\/uploads\/2024\/09\/Whole-Roasted-Blanched-Peanut--600x600.webp 600w, https:\/\/www.peanutoem.com\/wp-content\/uploads\/2024\/09\/Whole-Roasted-Blanched-Peanut--100x100.webp 100w\" sizes=\"auto, (max-width: 1000px) 100vw, 1000px\" \/><\/h3>\n<h3><strong>Por que nos escolher como seu fornecedor OEM de amendoim torrado e escaldado?<\/strong><\/h3>\n<p>Lideramos o mercado na produ\u00e7\u00e3o de amendoim torrado e escaldado, oferecendo Amendoim Torrado e Escaldado Inteiro e Metades de Amendoim Torrado e Escaldado. Eis por que somos seu melhor parceiro:<\/p>\n<ul>\n<li><strong>Expertise em Solu\u00e7\u00f5es OEM<\/strong>: Com nossas capacidades avan\u00e7adas de produ\u00e7\u00e3o, oferecemos servi\u00e7os OEM personalizados que atendem \u00e0s especifica\u00e7\u00f5es do seu produto, desde os n\u00edveis de torrefa\u00e7\u00e3o at\u00e9 os requisitos de embalagem.<\/li>\n<li><strong>Fabrica\u00e7\u00e3o de Marca Pr\u00f3pria<\/strong>:Somos especializados em fabrica\u00e7\u00e3o de marcas pr\u00f3prias, permitindo que as marcas aproveitem nossa expertise enquanto desenvolvem seus pr\u00f3prios produtos diferenciados.<\/li>\n<li><strong>Capacidades de Exporta\u00e7\u00e3o Global<\/strong>: Como exportadores experientes, atendemos clientes em todo o mundo com log\u00edstica eficiente e qualidade consistente.<\/li>\n<li><strong>Garantia de Qualidade Certificada<\/strong>: Nossos produtos s\u00e3o certificados pelos padr\u00f5es HACCP, BRCGS, Halal, Kosher e Org\u00e2nico da UE, garantindo a conformidade com os regulamentos globais de seguran\u00e7a e qualidade alimentar.<\/li>\n<li><strong>Sustentabilidade e Confiabilidade<\/strong>: Priorizamos m\u00e9todos de produ\u00e7\u00e3o sustent\u00e1veis e mantemos uma forte confiabilidade na cadeia de suprimentos para atender \u00e0s necessidades de nossos clientes em todo o mundo.<\/li>\n<\/ul>\n<h3><strong>T\u00f3picos quentes sobre amendoim torrado e escaldado<\/strong><\/h3>\n<ul>\n<li><strong>Inteiro vs. Metades<\/strong>: Entender os casos de uso de Amendoim Torrado e Branqueado Inteiro versus Amendoim Torrado e Branqueado em Metades \u00e9 crucial para os fabricantes. Amendoins inteiros s\u00e3o frequentemente usados em produtos de lanche premium, enquanto metades s\u00e3o preferidas para produ\u00e7\u00e3o de alimentos, panifica\u00e7\u00e3o e manteiga de amendoim.<\/li>\n<li><strong>Benef\u00edcios para a sa\u00fade de amendoim torrado e escaldado<\/strong>: O amendoim escaldado ret\u00e9m muitos dos benef\u00edcios nutricionais do amendoim cru, incluindo prote\u00ednas, gorduras saud\u00e1veis e vitaminas e minerais essenciais, o que o torna uma escolha inteligente para consumidores preocupados com a sa\u00fade.<\/li>\n<li><strong>Crescente demanda por ingredientes de r\u00f3tulo limpo<\/strong>: \u00c0 medida que mais consumidores buscam produtos com processamento m\u00ednimo, amendoins torrados e escaldados s\u00e3o uma excelente escolha de ingrediente para lanches e produtos aliment\u00edcios comercializados como \u201cclean-label\u201d.<\/li>\n<li><strong>Sustentabilidade do amendoim e impacto ambiental<\/strong>: Em compara\u00e7\u00e3o com outras nozes, o amendoim, incluindo as variedades escaldadas, exige menos recursos para crescer, o que o torna uma escolha sustent\u00e1vel para empresas de alimentos que buscam reduzir sua pegada ambiental.<\/li>\n<\/ul>\n<h3><strong>Perguntas frequentes sobre nossa fun\u00e7\u00e3o como fabricante de amendoim torrado e escaldado<\/strong><\/h3>\n<ol>\n<li><strong>Quais s\u00e3o os benef\u00edcios do amendoim escaldado?<\/strong><br \/>\nOs amendoins escaldados t\u00eam a casca removida, proporcionando uma apar\u00eancia mais limpa e textura consistente, ideal para salgadinhos e produtos com apelo visual.<\/li>\n<li><strong>Voc\u00eas oferecem op\u00e7\u00f5es de marca pr\u00f3pria?<\/strong><br \/>\nSim, somos especializados em fabrica\u00e7\u00e3o de marca pr\u00f3pria com personaliza\u00e7\u00e3o completa para a embalagem e especifica\u00e7\u00f5es da sua marca.<\/li>\n<li><strong>Posso personalizar o n\u00edvel de torrefa\u00e7\u00e3o?<\/strong><br \/>\nAbsolutamente! Oferecemos op\u00e7\u00f5es de torra de claro a escuro, adaptadas \u00e0s suas prefer\u00eancias e necessidades de mercado.<\/li>\n<li><strong>Como voc\u00ea mant\u00e9m o frescor?<\/strong><br \/>\nArmazenamos amendoins em instala\u00e7\u00f5es com temperatura controlada para garantir que eles permane\u00e7am frescos e de alta qualidade durante o armazenamento e o transporte.<\/li>\n<li><strong>Voc\u00ea exporta globalmente?<\/strong><br \/>\nSim, temos ampla experi\u00eancia na exporta\u00e7\u00e3o de amendoim torrado e escaldado para v\u00e1rios mercados internacionais com log\u00edstica eficiente.<\/li>\n<li><strong>Qual \u00e9 o prazo de validade dos seus amendoins?<\/strong><br \/>\nNossos amendoins torrados e escaldados duram de 12 a 18 meses quando armazenados corretamente, garantindo frescor e sabor duradouros.<\/li>\n<li><strong>Quais s\u00e3o os usos comuns do amendoim torrado e escaldado?<\/strong><br \/>\nEles s\u00e3o populares em salgadinhos, confeitos, manteiga de amendoim e como ingredientes em produtos salgados e assados.<\/li>\n<li><strong>Como os amendoins torrados e escaldados se comparam a outras variedades?<\/strong><br \/>\nAmendoins torrados e escaldados t\u00eam uma apar\u00eancia mais lisa e limpa porque suas cascas s\u00e3o removidas. Essa qualidade os torna perfeitos para produtos premium que precisam de textura consistente.<\/li>\n<\/ol>\n<div class=\"flex max-w-full flex-col flex-grow\">\n<div class=\"min-h-8 text-message flex w-full flex-col items-end gap-2 whitespace-normal break-words [.text-message+&amp;]:mt-5\" dir=\"auto\" data-message-author-role=\"assistant\" data-message-id=\"31ea6229-78d6-4c3f-8f61-fea9e8392c9b\">\n<div class=\"flex w-full flex-col gap-1 empty:hidden first:pt-[3px]\">\n<div class=\"markdown prose w-full break-words dark:prose-invert dark\">\n<a href=\"mailto:globepeanut@gmail.com\" class=\"button primary is-primary is-medium\"  >\n    <span>Envie-nos um e-mail<\/span>\n  <\/a>\n\n<\/div>\n<\/div>\n<\/div>\n<\/div>\n<div class=\"mb-2 flex gap-3 empty:hidden -ml-2\">\n<div class=\"items-center justify-start rounded-xl p-1 flex\"><\/div>\n<\/div>","protected":false},"excerpt":{"rendered":"<p>Somos um fabricante e fornecedor de amendoim torrado e escaldado na China<\/p>\n<p>\u2013 Quantidade m\u00ednima: 1 tonelada<br \/>\n\u2013 Servi\u00e7o OEM\/ODM oferecido<br \/>\n\u2013 Amostra gr\u00e1tis dispon\u00edvel<br \/>\n\u2013 Aceitar personaliza\u00e7\u00e3o (especifica\u00e7\u00f5es, tamanhos, cor, design, etc.)<br \/>\n\u2013 Tipo: Amendoim torrado inteiro, Amendoim torrado pela metade<\/p>\n<p>Se voc\u00ea quiser saber os pre\u00e7os do amendoim torrado e escaldado, entre em contato conosco.<\/p>","protected":false},"featured_media":1701,"comment_status":"open","ping_status":"closed","template":"","meta":[],"product_cat":[37],"product_tag":[],"class_list":{"0":"post-1554","1":"product","2":"type-product","3":"status-publish","4":"has-post-thumbnail","6":"product_cat-roasted-peanut","8":"first","9":"instock","10":"shipping-taxable","11":"product-type-simple"},"yoast_head":"<!-- This site is optimized with the Yoast SEO plugin v24.9 - https:\/\/yoast.com\/wordpress\/plugins\/seo\/ -->\n<title>Roasted Blanched Peanut China Wholesaler - Peanut Butter Factory<\/title>\n<meta name=\"description\" content=\"High-quality Roasted Blanched Peanut OEM supplier, private label manufacturer, and exporter. Choose us for customizable solutions and global expertise.\" \/>\n<meta name=\"robots\" content=\"index, follow, max-snippet:-1, max-image-preview:large, max-video-preview:-1\" \/>\n<link rel=\"canonical\" href=\"https:\/\/www.peanutoem.com\/pt\/manufacturer\/roasted-blanched-peanut\/\" \/>\n<meta property=\"og:locale\" content=\"pt_PT\" \/>\n<meta property=\"og:type\" content=\"article\" \/>\n<meta property=\"og:title\" content=\"Roasted Blanched Peanut China Wholesaler - Peanut Butter Factory\" \/>\n<meta property=\"og:description\" content=\"High-quality Roasted Blanched Peanut OEM supplier, private label manufacturer, and exporter. Choose us for customizable solutions and global expertise.\" \/>\n<meta property=\"og:url\" content=\"https:\/\/www.peanutoem.com\/pt\/manufacturer\/roasted-blanched-peanut\/\" \/>\n<meta property=\"og:site_name\" content=\"Peanut Butter Factory\" \/>\n<meta property=\"article:modified_time\" content=\"2024-09-28T05:11:42+00:00\" \/>\n<meta property=\"og:image\" content=\"https:\/\/www.peanutoem.com\/wp-content\/uploads\/2024\/09\/Whole-Roast-Blanched-Peanut-.webp\" \/>\n\t<meta property=\"og:image:width\" content=\"1000\" \/>\n\t<meta property=\"og:image:height\" content=\"1000\" \/>\n\t<meta property=\"og:image:type\" content=\"image\/webp\" \/>\n<meta name=\"twitter:card\" content=\"summary_large_image\" \/>\n<meta name=\"twitter:label1\" content=\"Tempo estimado de leitura\" \/>\n\t<meta name=\"twitter:data1\" content=\"4 minutos\" \/>\n<script type=\"application\/ld+json\" class=\"yoast-schema-graph\">{\"@context\":\"https:\/\/schema.org\",\"@graph\":[{\"@type\":\"WebPage\",\"@id\":\"https:\/\/www.peanutoem.com\/manufacturer\/roasted-blanched-peanut\/\",\"url\":\"https:\/\/www.peanutoem.com\/manufacturer\/roasted-blanched-peanut\/\",\"name\":\"Roasted Blanched Peanut China Wholesaler - Peanut Butter Factory\",\"isPartOf\":{\"@id\":\"https:\/\/www.peanutoem.com\/#website\"},\"primaryImageOfPage\":{\"@id\":\"https:\/\/www.peanutoem.com\/manufacturer\/roasted-blanched-peanut\/#primaryimage\"},\"image\":{\"@id\":\"https:\/\/www.peanutoem.com\/manufacturer\/roasted-blanched-peanut\/#primaryimage\"},\"thumbnailUrl\":\"https:\/\/www.peanutoem.com\/wp-content\/uploads\/2024\/09\/Whole-Roast-Blanched-Peanut-.webp\",\"datePublished\":\"2024-09-02T13:59:01+00:00\",\"dateModified\":\"2024-09-28T05:11:42+00:00\",\"description\":\"High-quality Roasted Blanched Peanut OEM supplier, private label manufacturer, and exporter. Choose us for customizable solutions and global expertise.\",\"breadcrumb\":{\"@id\":\"https:\/\/www.peanutoem.com\/manufacturer\/roasted-blanched-peanut\/#breadcrumb\"},\"inLanguage\":\"pt-PT\",\"potentialAction\":[{\"@type\":\"ReadAction\",\"target\":[\"https:\/\/www.peanutoem.com\/manufacturer\/roasted-blanched-peanut\/\"]}]},{\"@type\":\"ImageObject\",\"inLanguage\":\"pt-PT\",\"@id\":\"https:\/\/www.peanutoem.com\/manufacturer\/roasted-blanched-peanut\/#primaryimage\",\"url\":\"https:\/\/www.peanutoem.com\/wp-content\/uploads\/2024\/09\/Whole-Roast-Blanched-Peanut-.webp\",\"contentUrl\":\"https:\/\/www.peanutoem.com\/wp-content\/uploads\/2024\/09\/Whole-Roast-Blanched-Peanut-.webp\",\"width\":1000,\"height\":1000,\"caption\":\"Whole Roast Blanched Peanut\"},{\"@type\":\"BreadcrumbList\",\"@id\":\"https:\/\/www.peanutoem.com\/manufacturer\/roasted-blanched-peanut\/#breadcrumb\",\"itemListElement\":[{\"@type\":\"ListItem\",\"position\":1,\"name\":\"Home\",\"item\":\"https:\/\/www.peanutoem.com\/\"},{\"@type\":\"ListItem\",\"position\":2,\"name\":\"Products\",\"item\":\"https:\/\/www.peanutoem.com\/shop\/\"},{\"@type\":\"ListItem\",\"position\":3,\"name\":\"Roasted Blanched Peanut\"}]},{\"@type\":\"WebSite\",\"@id\":\"https:\/\/www.peanutoem.com\/#website\",\"url\":\"https:\/\/www.peanutoem.com\/\",\"name\":\"Peanut Butter Factory\",\"description\":\"Peanut Butter Manufacturer and Roast Peanut OEM Factory | Peanut Private Label China Supplier\",\"publisher\":{\"@id\":\"https:\/\/www.peanutoem.com\/#organization\"},\"alternateName\":\"Peanut Butter OEM and Wholesale\",\"potentialAction\":[{\"@type\":\"SearchAction\",\"target\":{\"@type\":\"EntryPoint\",\"urlTemplate\":\"https:\/\/www.peanutoem.com\/?s={search_term_string}\"},\"query-input\":{\"@type\":\"PropertyValueSpecification\",\"valueRequired\":true,\"valueName\":\"search_term_string\"}}],\"inLanguage\":\"pt-PT\"},{\"@type\":\"Organization\",\"@id\":\"https:\/\/www.peanutoem.com\/#organization\",\"name\":\"Peanut Butter Factory\",\"alternateName\":\"JuFeng Group\",\"url\":\"https:\/\/www.peanutoem.com\/\",\"logo\":{\"@type\":\"ImageObject\",\"inLanguage\":\"pt-PT\",\"@id\":\"https:\/\/www.peanutoem.com\/#\/schema\/logo\/image\/\",\"url\":\"https:\/\/www.peanutoem.com\/wp-content\/uploads\/2024\/09\/JUFENG-LOGO.png\",\"contentUrl\":\"https:\/\/www.peanutoem.com\/wp-content\/uploads\/2024\/09\/JUFENG-LOGO.png\",\"width\":600,\"height\":170,\"caption\":\"Peanut Butter Factory\"},\"image\":{\"@id\":\"https:\/\/www.peanutoem.com\/#\/schema\/logo\/image\/\"}}]}<\/script>\n<!-- \/ Yoast SEO plugin. -->","yoast_head_json":{"title":"Roasted Blanched Peanut China Wholesaler - Peanut Butter Factory","description":"High-quality Roasted Blanched Peanut OEM supplier, private label manufacturer, and exporter. Choose us for customizable solutions and global expertise.","robots":{"index":"index","follow":"follow","max-snippet":"max-snippet:-1","max-image-preview":"max-image-preview:large","max-video-preview":"max-video-preview:-1"},"canonical":"https:\/\/www.peanutoem.com\/pt\/manufacturer\/roasted-blanched-peanut\/","og_locale":"pt_PT","og_type":"article","og_title":"Roasted Blanched Peanut China Wholesaler - Peanut Butter Factory","og_description":"High-quality Roasted Blanched Peanut OEM supplier, private label manufacturer, and exporter. Choose us for customizable solutions and global expertise.","og_url":"https:\/\/www.peanutoem.com\/pt\/manufacturer\/roasted-blanched-peanut\/","og_site_name":"Peanut Butter Factory","article_modified_time":"2024-09-28T05:11:42+00:00","og_image":[{"width":1000,"height":1000,"url":"https:\/\/www.peanutoem.com\/wp-content\/uploads\/2024\/09\/Whole-Roast-Blanched-Peanut-.webp","type":"image\/webp"}],"twitter_card":"summary_large_image","twitter_misc":{"Tempo estimado de leitura":"4 minutos"},"schema":{"@context":"https:\/\/schema.org","@graph":[{"@type":"WebPage","@id":"https:\/\/www.peanutoem.com\/manufacturer\/roasted-blanched-peanut\/","url":"https:\/\/www.peanutoem.com\/manufacturer\/roasted-blanched-peanut\/","name":"Roasted Blanched Peanut China Wholesaler - Peanut Butter Factory","isPartOf":{"@id":"https:\/\/www.peanutoem.com\/#website"},"primaryImageOfPage":{"@id":"https:\/\/www.peanutoem.com\/manufacturer\/roasted-blanched-peanut\/#primaryimage"},"image":{"@id":"https:\/\/www.peanutoem.com\/manufacturer\/roasted-blanched-peanut\/#primaryimage"},"thumbnailUrl":"https:\/\/www.peanutoem.com\/wp-content\/uploads\/2024\/09\/Whole-Roast-Blanched-Peanut-.webp","datePublished":"2024-09-02T13:59:01+00:00","dateModified":"2024-09-28T05:11:42+00:00","description":"High-quality Roasted Blanched Peanut OEM supplier, private label manufacturer, and exporter. Choose us for customizable solutions and global expertise.","breadcrumb":{"@id":"https:\/\/www.peanutoem.com\/manufacturer\/roasted-blanched-peanut\/#breadcrumb"},"inLanguage":"pt-PT","potentialAction":[{"@type":"ReadAction","target":["https:\/\/www.peanutoem.com\/manufacturer\/roasted-blanched-peanut\/"]}]},{"@type":"ImageObject","inLanguage":"pt-PT","@id":"https:\/\/www.peanutoem.com\/manufacturer\/roasted-blanched-peanut\/#primaryimage","url":"https:\/\/www.peanutoem.com\/wp-content\/uploads\/2024\/09\/Whole-Roast-Blanched-Peanut-.webp","contentUrl":"https:\/\/www.peanutoem.com\/wp-content\/uploads\/2024\/09\/Whole-Roast-Blanched-Peanut-.webp","width":1000,"height":1000,"caption":"Whole Roast Blanched Peanut"},{"@type":"BreadcrumbList","@id":"https:\/\/www.peanutoem.com\/manufacturer\/roasted-blanched-peanut\/#breadcrumb","itemListElement":[{"@type":"ListItem","position":1,"name":"Home","item":"https:\/\/www.peanutoem.com\/"},{"@type":"ListItem","position":2,"name":"Products","item":"https:\/\/www.peanutoem.com\/shop\/"},{"@type":"ListItem","position":3,"name":"Roasted Blanched Peanut"}]},{"@type":"WebSite","@id":"https:\/\/www.peanutoem.com\/#website","url":"https:\/\/www.peanutoem.com\/","name":"Peanut Butter Factory","description":"Peanut Butter Manufacturer and Roast Peanut OEM Factory | Peanut Private Label China Supplier","publisher":{"@id":"https:\/\/www.peanutoem.com\/#organization"},"alternateName":"Peanut Butter OEM and Wholesale","potentialAction":[{"@type":"SearchAction","target":{"@type":"EntryPoint","urlTemplate":"https:\/\/www.peanutoem.com\/?s={search_term_string}"},"query-input":{"@type":"PropertyValueSpecification","valueRequired":true,"valueName":"search_term_string"}}],"inLanguage":"pt-PT"},{"@type":"Organization","@id":"https:\/\/www.peanutoem.com\/#organization","name":"Peanut Butter Factory","alternateName":"JuFeng Group","url":"https:\/\/www.peanutoem.com\/","logo":{"@type":"ImageObject","inLanguage":"pt-PT","@id":"https:\/\/www.peanutoem.com\/#\/schema\/logo\/image\/","url":"https:\/\/www.peanutoem.com\/wp-content\/uploads\/2024\/09\/JUFENG-LOGO.png","contentUrl":"https:\/\/www.peanutoem.com\/wp-content\/uploads\/2024\/09\/JUFENG-LOGO.png","width":600,"height":170,"caption":"Peanut Butter Factory"},"image":{"@id":"https:\/\/www.peanutoem.com\/#\/schema\/logo\/image\/"}}]}},"_links":{"self":[{"href":"https:\/\/www.peanutoem.com\/pt\/wp-json\/wp\/v2\/product\/1554","targetHints":{"allow":["GET"]}}],"collection":[{"href":"https:\/\/www.peanutoem.com\/pt\/wp-json\/wp\/v2\/product"}],"about":[{"href":"https:\/\/www.peanutoem.com\/pt\/wp-json\/wp\/v2\/types\/product"}],"replies":[{"embeddable":true,"href":"https:\/\/www.peanutoem.com\/pt\/wp-json\/wp\/v2\/comments?post=1554"}],"wp:featuredmedia":[{"embeddable":true,"href":"https:\/\/www.peanutoem.com\/pt\/wp-json\/wp\/v2\/media\/1701"}],"wp:attachment":[{"href":"https:\/\/www.peanutoem.com\/pt\/wp-json\/wp\/v2\/media?parent=1554"}],"wp:term":[{"taxonomy":"product_cat","embeddable":true,"href":"https:\/\/www.peanutoem.com\/pt\/wp-json\/wp\/v2\/product_cat?post=1554"},{"taxonomy":"product_tag","embeddable":true,"href":"https:\/\/www.peanutoem.com\/pt\/wp-json\/wp\/v2\/product_tag?post=1554"}],"curies":[{"name":"wp","href":"https:\/\/api.w.org\/{rel}","templated":true}]}}