{"id":1555,"date":"2024-09-02T14:00:33","date_gmt":"2024-09-02T14:00:33","guid":{"rendered":"https:\/\/www.peanutoem.com\/?post_type=product&#038;p=1555"},"modified":"2024-09-28T04:44:51","modified_gmt":"2024-09-28T04:44:51","slug":"roasted-peanut-kernels-in-split","status":"publish","type":"product","link":"https:\/\/www.peanutoem.com\/pt\/manufacturer\/roasted-peanut-kernels-in-split\/","title":{"rendered":"Amendoim torrado em peda\u00e7os | Amendoim torrado fatiado"},"content":{"rendered":"<h3>O que s\u00e3o gr\u00e3os de amendoim torrados em split?<\/h3>\n<p>Os gr\u00e3os de amendoim torrados em split ou chamados de gr\u00e3os de amendoim torrados, s\u00e3o amendoins que foram cuidadosamente torrados at\u00e9 a perfei\u00e7\u00e3o e ent\u00e3o cuidadosamente divididos ao meio. Eles s\u00e3o conhecidos por seu aroma rico, sabor crocante e ampla aplica\u00e7\u00e3o em lanches, assados e uma variedade de alimentos. O processo de torrefa\u00e7\u00e3o n\u00e3o apenas real\u00e7a o sabor natural dos amendoins, mas tamb\u00e9m os torna uma escolha ideal para fabricantes de alimentos, marcas de lanches e consumidores que buscam uma dieta mais saud\u00e1vel.<\/p>\n<h3>Nomes alternativos para gr\u00e3os de amendoim torrados em Split<\/h3>\n<p>Os gr\u00e3os de amendoim torrados em Split tamb\u00e9m s\u00e3o conhecidos por outros nomes, dependendo da regi\u00e3o ou mercado, incluindo:<\/p>\n<ul>\n<li>Amendoim torrado partido<\/li>\n<li>Metades de amendoim torrado<\/li>\n<li>Amendoim torrado e partido<\/li>\n<li>Peanut Splits<\/li>\n<\/ul>\n<h3>T\u00f3picos relevantes e atuais<\/h3>\n<ol>\n<li><strong>Benef\u00edcios para a sa\u00fade dos gr\u00e3os de amendoim torrados<\/strong>: Os gr\u00e3os de amendoim torrados s\u00e3o uma fonte rica de prote\u00edna, gorduras saud\u00e1veis e vitaminas essenciais. Eles s\u00e3o um lanche nutritivo ou ingrediente em v\u00e1rios produtos com foco na sa\u00fade.<\/li>\n<li><strong>A crescente demanda por lanches \u00e0 base de amendoim:<\/strong> Os gr\u00e3os de amendoim torrados e partidos est\u00e3o ganhando popularidade devido ao aumento da demanda por lanches saud\u00e1veis.<\/li>\n<li><strong>Seguran\u00e7a Alimentar e Controle de Qualidade no Processamento de Amendoim:<\/strong> Manter altos padr\u00f5es de produ\u00e7\u00e3o e manuseio \u00e9 crucial para a integridade do produto e a conformidade com os regulamentos de seguran\u00e7a alimentar.<\/li>\n<li><strong>Produtos de amendoim de marca pr\u00f3pria:<\/strong> Muitas marcas escolhem nossos servi\u00e7os de marca pr\u00f3pria para oferecer gr\u00e3os de amendoim torrados fatiados premium com sua pr\u00f3pria marca.<\/li>\n<\/ol>\n<p><img loading=\"lazy\" decoding=\"async\" class=\"alignnone wp-image-1720 size-large\" src=\"https:\/\/www.peanutoem.com\/wp-content\/uploads\/2024\/09\/Roasted-Peanut-Power-in-Carton-1024x908.webp\" alt=\"Amendoim Torrado em Caixa\" width=\"1020\" height=\"904\" srcset=\"https:\/\/www.peanutoem.com\/wp-content\/uploads\/2024\/09\/Roasted-Peanut-Power-in-Carton-1024x908.webp 1024w, https:\/\/www.peanutoem.com\/wp-content\/uploads\/2024\/09\/Roasted-Peanut-Power-in-Carton-300x266.webp 300w, https:\/\/www.peanutoem.com\/wp-content\/uploads\/2024\/09\/Roasted-Peanut-Power-in-Carton-768x681.webp 768w, https:\/\/www.peanutoem.com\/wp-content\/uploads\/2024\/09\/Roasted-Peanut-Power-in-Carton-1536x1362.webp 1536w, https:\/\/www.peanutoem.com\/wp-content\/uploads\/2024\/09\/Roasted-Peanut-Power-in-Carton-2048x1816.webp 2048w, https:\/\/www.peanutoem.com\/wp-content\/uploads\/2024\/09\/Roasted-Peanut-Power-in-Carton-14x12.webp 14w, https:\/\/www.peanutoem.com\/wp-content\/uploads\/2024\/09\/Roasted-Peanut-Power-in-Carton-600x532.webp 600w\" sizes=\"auto, (max-width: 1020px) 100vw, 1020px\" \/><\/p>\n<hr \/>\n<h3>Por que nos escolher como seu fornecedor de gr\u00e3os de amendoim torrados e fatiados?<\/h3>\n<p>Somos um fornecedor confi\u00e1vel de Amendoim Torrado em Split por v\u00e1rios motivos convincentes:<\/p>\n<ul>\n<li><strong>Instala\u00e7\u00f5es avan\u00e7adas de produ\u00e7\u00e3o:<\/strong> Nossa f\u00e1brica utiliza linhas de produ\u00e7\u00e3o de ponta dos EUA para processos de torrefa\u00e7\u00e3o e corte de primeira linha.<\/li>\n<li><strong>Rigorosa garantia de qualidade:<\/strong> Realizamos testes abrangentes em nosso laborat\u00f3rio para garantir que cada lote atenda aos padr\u00f5es globais.<\/li>\n<li><strong>Certifica\u00e7\u00f5es globais:<\/strong> Nossos gr\u00e3os de amendoim torrados s\u00e3o certificados pela HACCP, BRCGS, Kosher, Halal e EU Organic quanto \u00e0 qualidade e seguran\u00e7a.<\/li>\n<li><strong>Cadeia de suprimentos confi\u00e1vel:<\/strong> Nosso grande armaz\u00e9m com temperatura constante garante a qualidade do produto e a estabilidade do fornecimento durante todo o ano.<\/li>\n<li><strong>Servi\u00e7os personalizados:<\/strong> Oferecemos solu\u00e7\u00f5es de marca pr\u00f3pria adaptadas para atender \u00e0s necessidades espec\u00edficas de marcas e importadores em todo o mundo.<\/li>\n<li><strong>Desenvolvimento Sustent\u00e1vel:<\/strong> N\u00f3s nos concentramos em pr\u00e1ticas sustent\u00e1veis e fazemos parcerias com renomadas redes de supermercados para prosperidade m\u00fatua.<\/li>\n<\/ul>\n<h3>Perguntas e respostas sobre amendoins torrados fatiados<\/h3>\n<p><strong>P: O que faz de voc\u00eas um fornecedor l\u00edder de gr\u00e3os de amendoim torrados?<\/strong><br \/>\n<strong>UM:<\/strong> Nossas instala\u00e7\u00f5es de produ\u00e7\u00e3o avan\u00e7adas, garantia de qualidade rigorosa e certifica\u00e7\u00f5es globais garantem que entregamos produtos de alta qualidade de forma consistente.<\/p>\n<p><strong>P: Posso personalizar a embalagem com a minha marca?<\/strong><br \/>\n<strong>UM:<\/strong> Sim, oferecemos servi\u00e7os de marca pr\u00f3pria, permitindo a personaliza\u00e7\u00e3o completa da embalagem e da marca para atender \u00e0s necessidades do seu mercado.<\/p>\n<p><strong>P: Quais certifica\u00e7\u00f5es seus gr\u00e3os de amendoim torrados t\u00eam?<\/strong><br \/>\n<strong>UM:<\/strong> Nossos produtos s\u00e3o certificados pelos padr\u00f5es HACCP, BRC, Halal, Kosher, EU Organic e outros padr\u00f5es globais, garantindo qualidade e seguran\u00e7a.<\/p>\n<p><strong>P: Como voc\u00eas garantem frescor e qualidade?<\/strong><br \/>\n<strong>UM:<\/strong> Nossa grande unidade de armazenamento em temperatura constante mant\u00e9m condi\u00e7\u00f5es ideais, preservando o frescor e a qualidade at\u00e9 a entrega.<\/p>\n<p><strong>P: Voc\u00eas fornecem pedidos em grandes quantidades para envio internacional?<\/strong><br \/>\n<strong>UM:<\/strong> Sim, somos especializados em pedidos em grandes quantidades e remessas internacionais, garantindo uma cadeia de suprimentos perfeita para clientes globais.<\/p>\n<p><strong>P: Quais s\u00e3o os benef\u00edcios de escolher gr\u00e3os de amendoim torrados e divididos?<\/strong><br \/>\n<strong>UM:<\/strong> Os gr\u00e3os de amendoim torrados oferecem um produto pronto para uso com sabor e textura aprimorados, ideal para lanches e guarni\u00e7\u00f5es.<\/p>\n<p><strong>P: H\u00e1 aditivos nos seus gr\u00e3os de amendoim torrados?<\/strong><br \/>\n<strong>UM:<\/strong> N\u00e3o, nossos gr\u00e3os de amendoim torrados s\u00e3o livres de aditivos e conservantes, garantindo um produto natural.<\/p>\n<p><strong>P: Posso solicitar n\u00edveis espec\u00edficos de torra?<\/strong><br \/>\n<strong>UM:<\/strong> Sim, podemos personalizar os n\u00edveis de torra de acordo com suas especifica\u00e7\u00f5es, independentemente de voc\u00ea preferir torra clara, m\u00e9dia ou escura.<\/p>\n<p><strong>P: Como posso solicitar uma amostra?<\/strong><br \/>\n<strong>UM:<\/strong> <a href=\"mailto:globepeanut@gmail.com\" target=\"_blank\" rel=\"noopener\">Contato <\/a>nossa equipe de vendas para solicitar uma amostra e discutir suas necessidades espec\u00edficas.<\/p>\n<p><strong>P: Para quais mercados voc\u00eas fornecem?<\/strong><br \/>\n<strong>UM:<\/strong> Fornecemos gr\u00e3os de amendoim torrados para diversos mercados em todo o mundo, incluindo Am\u00e9rica do Norte, Europa, \u00c1sia e Oriente M\u00e9dio, com fortes parcerias no setor.<\/p>\n<a href=\"mailto:globepeanut@gmail.com\" class=\"button primary is-primary is-medium\"  >\n    <span>Envie-nos um e-mail<\/span>\n  <\/a>","protected":false},"excerpt":{"rendered":"<p>Somos fabricantes e fornecedores de gr\u00e3os de amendoim torrados fatiados na China<\/p>\n<p>\u2013 Quantidade m\u00ednima: 1 tonelada<br \/>\n\u2013 Servi\u00e7o OEM\/ODM oferecido<br \/>\n\u2013 Amostra gr\u00e1tis dispon\u00edvel<br \/>\n\u2013 Aceitar personaliza\u00e7\u00e3o (especifica\u00e7\u00f5es, tamanhos, cor, design, etc.)<br \/>\n\u2013 Especifica\u00e7\u00f5es (3-5 mesh, 4-7 mesh, 5-8 mesh, 6-10 mesh, 8-14 mesh ou conforme sua necessidade)<\/p>\n<p>Se voc\u00ea quiser obter Amendoim Torrado em Gr\u00e3os Partidos ou Fatiados, entre em contato conosco.<\/p>","protected":false},"featured_media":1712,"comment_status":"open","ping_status":"closed","template":"","meta":[],"product_cat":[37],"product_tag":[],"class_list":{"0":"post-1555","1":"product","2":"type-product","3":"status-publish","4":"has-post-thumbnail","6":"product_cat-roasted-peanut","8":"first","9":"instock","10":"shipping-taxable","11":"product-type-simple"},"yoast_head":"<!-- This site is optimized with the Yoast SEO plugin v24.9 - https:\/\/yoast.com\/wordpress\/plugins\/seo\/ -->\n<title>Roasted Peanut Kernels in Split | Sliced Roasted Peanut Kernels - Peanut Butter Factory<\/title>\n<meta name=\"description\" content=\"We are leading OEM manufacturer, supplier, and exporter of high-quality Roasted Peanut Kernels in Split. Private label services and global brands partner.\" \/>\n<meta name=\"robots\" content=\"index, follow, max-snippet:-1, max-image-preview:large, max-video-preview:-1\" \/>\n<link rel=\"canonical\" href=\"https:\/\/www.peanutoem.com\/pt\/manufacturer\/roasted-peanut-kernels-in-split\/\" \/>\n<meta property=\"og:locale\" content=\"pt_PT\" \/>\n<meta property=\"og:type\" content=\"article\" \/>\n<meta property=\"og:title\" content=\"Roasted Peanut Kernels in Split | Sliced Roasted Peanut Kernels - Peanut Butter Factory\" \/>\n<meta property=\"og:description\" content=\"We are leading OEM manufacturer, supplier, and exporter of high-quality Roasted Peanut Kernels in Split. Private label services and global brands partner.\" \/>\n<meta property=\"og:url\" content=\"https:\/\/www.peanutoem.com\/pt\/manufacturer\/roasted-peanut-kernels-in-split\/\" \/>\n<meta property=\"og:site_name\" content=\"Peanut Butter Factory\" \/>\n<meta property=\"article:modified_time\" content=\"2024-09-28T04:44:51+00:00\" \/>\n<meta property=\"og:image\" content=\"https:\/\/www.peanutoem.com\/wp-content\/uploads\/2024\/09\/4-6mm-roasted-peanut-kernels-scaled.webp\" \/>\n\t<meta property=\"og:image:width\" content=\"1920\" \/>\n\t<meta property=\"og:image:height\" content=\"2560\" \/>\n\t<meta property=\"og:image:type\" content=\"image\/webp\" \/>\n<meta name=\"twitter:card\" content=\"summary_large_image\" \/>\n<meta name=\"twitter:label1\" content=\"Tempo estimado de leitura\" \/>\n\t<meta name=\"twitter:data1\" content=\"4 minutos\" \/>\n<script type=\"application\/ld+json\" class=\"yoast-schema-graph\">{\"@context\":\"https:\/\/schema.org\",\"@graph\":[{\"@type\":\"WebPage\",\"@id\":\"https:\/\/www.peanutoem.com\/manufacturer\/roasted-peanut-kernels-in-split\/\",\"url\":\"https:\/\/www.peanutoem.com\/manufacturer\/roasted-peanut-kernels-in-split\/\",\"name\":\"Roasted Peanut Kernels in Split | Sliced Roasted Peanut Kernels - Peanut Butter Factory\",\"isPartOf\":{\"@id\":\"https:\/\/www.peanutoem.com\/#website\"},\"primaryImageOfPage\":{\"@id\":\"https:\/\/www.peanutoem.com\/manufacturer\/roasted-peanut-kernels-in-split\/#primaryimage\"},\"image\":{\"@id\":\"https:\/\/www.peanutoem.com\/manufacturer\/roasted-peanut-kernels-in-split\/#primaryimage\"},\"thumbnailUrl\":\"https:\/\/www.peanutoem.com\/wp-content\/uploads\/2024\/09\/4-6mm-roasted-peanut-kernels-scaled.webp\",\"datePublished\":\"2024-09-02T14:00:33+00:00\",\"dateModified\":\"2024-09-28T04:44:51+00:00\",\"description\":\"We are leading OEM manufacturer, supplier, and exporter of high-quality Roasted Peanut Kernels in Split. Private label services and global brands partner.\",\"breadcrumb\":{\"@id\":\"https:\/\/www.peanutoem.com\/manufacturer\/roasted-peanut-kernels-in-split\/#breadcrumb\"},\"inLanguage\":\"pt-PT\",\"potentialAction\":[{\"@type\":\"ReadAction\",\"target\":[\"https:\/\/www.peanutoem.com\/manufacturer\/roasted-peanut-kernels-in-split\/\"]}]},{\"@type\":\"ImageObject\",\"inLanguage\":\"pt-PT\",\"@id\":\"https:\/\/www.peanutoem.com\/manufacturer\/roasted-peanut-kernels-in-split\/#primaryimage\",\"url\":\"https:\/\/www.peanutoem.com\/wp-content\/uploads\/2024\/09\/4-6mm-roasted-peanut-kernels-scaled.webp\",\"contentUrl\":\"https:\/\/www.peanutoem.com\/wp-content\/uploads\/2024\/09\/4-6mm-roasted-peanut-kernels-scaled.webp\",\"width\":1920,\"height\":2560,\"caption\":\"4-6mm roasted peanut kernels\"},{\"@type\":\"BreadcrumbList\",\"@id\":\"https:\/\/www.peanutoem.com\/manufacturer\/roasted-peanut-kernels-in-split\/#breadcrumb\",\"itemListElement\":[{\"@type\":\"ListItem\",\"position\":1,\"name\":\"Home\",\"item\":\"https:\/\/www.peanutoem.com\/\"},{\"@type\":\"ListItem\",\"position\":2,\"name\":\"Products\",\"item\":\"https:\/\/www.peanutoem.com\/shop\/\"},{\"@type\":\"ListItem\",\"position\":3,\"name\":\"Roasted Peanut Kernels in Split | Sliced Roasted Peanut Kernels\"}]},{\"@type\":\"WebSite\",\"@id\":\"https:\/\/www.peanutoem.com\/#website\",\"url\":\"https:\/\/www.peanutoem.com\/\",\"name\":\"Peanut Butter Factory\",\"description\":\"Peanut Butter Manufacturer and Roast Peanut OEM Factory | Peanut Private Label China Supplier\",\"publisher\":{\"@id\":\"https:\/\/www.peanutoem.com\/#organization\"},\"alternateName\":\"Peanut Butter OEM and Wholesale\",\"potentialAction\":[{\"@type\":\"SearchAction\",\"target\":{\"@type\":\"EntryPoint\",\"urlTemplate\":\"https:\/\/www.peanutoem.com\/?s={search_term_string}\"},\"query-input\":{\"@type\":\"PropertyValueSpecification\",\"valueRequired\":true,\"valueName\":\"search_term_string\"}}],\"inLanguage\":\"pt-PT\"},{\"@type\":\"Organization\",\"@id\":\"https:\/\/www.peanutoem.com\/#organization\",\"name\":\"Peanut Butter Factory\",\"alternateName\":\"JuFeng Group\",\"url\":\"https:\/\/www.peanutoem.com\/\",\"logo\":{\"@type\":\"ImageObject\",\"inLanguage\":\"pt-PT\",\"@id\":\"https:\/\/www.peanutoem.com\/#\/schema\/logo\/image\/\",\"url\":\"https:\/\/www.peanutoem.com\/wp-content\/uploads\/2024\/09\/JUFENG-LOGO.png\",\"contentUrl\":\"https:\/\/www.peanutoem.com\/wp-content\/uploads\/2024\/09\/JUFENG-LOGO.png\",\"width\":600,\"height\":170,\"caption\":\"Peanut Butter Factory\"},\"image\":{\"@id\":\"https:\/\/www.peanutoem.com\/#\/schema\/logo\/image\/\"}}]}<\/script>\n<!-- \/ Yoast SEO plugin. -->","yoast_head_json":{"title":"Roasted Peanut Kernels in Split | Sliced Roasted Peanut Kernels - Peanut Butter Factory","description":"We are leading OEM manufacturer, supplier, and exporter of high-quality Roasted Peanut Kernels in Split. Private label services and global brands partner.","robots":{"index":"index","follow":"follow","max-snippet":"max-snippet:-1","max-image-preview":"max-image-preview:large","max-video-preview":"max-video-preview:-1"},"canonical":"https:\/\/www.peanutoem.com\/pt\/manufacturer\/roasted-peanut-kernels-in-split\/","og_locale":"pt_PT","og_type":"article","og_title":"Roasted Peanut Kernels in Split | Sliced Roasted Peanut Kernels - Peanut Butter Factory","og_description":"We are leading OEM manufacturer, supplier, and exporter of high-quality Roasted Peanut Kernels in Split. Private label services and global brands partner.","og_url":"https:\/\/www.peanutoem.com\/pt\/manufacturer\/roasted-peanut-kernels-in-split\/","og_site_name":"Peanut Butter Factory","article_modified_time":"2024-09-28T04:44:51+00:00","og_image":[{"width":1920,"height":2560,"url":"https:\/\/www.peanutoem.com\/wp-content\/uploads\/2024\/09\/4-6mm-roasted-peanut-kernels-scaled.webp","type":"image\/webp"}],"twitter_card":"summary_large_image","twitter_misc":{"Tempo estimado de leitura":"4 minutos"},"schema":{"@context":"https:\/\/schema.org","@graph":[{"@type":"WebPage","@id":"https:\/\/www.peanutoem.com\/manufacturer\/roasted-peanut-kernels-in-split\/","url":"https:\/\/www.peanutoem.com\/manufacturer\/roasted-peanut-kernels-in-split\/","name":"Roasted Peanut Kernels in Split | Sliced Roasted Peanut Kernels - Peanut Butter Factory","isPartOf":{"@id":"https:\/\/www.peanutoem.com\/#website"},"primaryImageOfPage":{"@id":"https:\/\/www.peanutoem.com\/manufacturer\/roasted-peanut-kernels-in-split\/#primaryimage"},"image":{"@id":"https:\/\/www.peanutoem.com\/manufacturer\/roasted-peanut-kernels-in-split\/#primaryimage"},"thumbnailUrl":"https:\/\/www.peanutoem.com\/wp-content\/uploads\/2024\/09\/4-6mm-roasted-peanut-kernels-scaled.webp","datePublished":"2024-09-02T14:00:33+00:00","dateModified":"2024-09-28T04:44:51+00:00","description":"We are leading OEM manufacturer, supplier, and exporter of high-quality Roasted Peanut Kernels in Split. Private label services and global brands partner.","breadcrumb":{"@id":"https:\/\/www.peanutoem.com\/manufacturer\/roasted-peanut-kernels-in-split\/#breadcrumb"},"inLanguage":"pt-PT","potentialAction":[{"@type":"ReadAction","target":["https:\/\/www.peanutoem.com\/manufacturer\/roasted-peanut-kernels-in-split\/"]}]},{"@type":"ImageObject","inLanguage":"pt-PT","@id":"https:\/\/www.peanutoem.com\/manufacturer\/roasted-peanut-kernels-in-split\/#primaryimage","url":"https:\/\/www.peanutoem.com\/wp-content\/uploads\/2024\/09\/4-6mm-roasted-peanut-kernels-scaled.webp","contentUrl":"https:\/\/www.peanutoem.com\/wp-content\/uploads\/2024\/09\/4-6mm-roasted-peanut-kernels-scaled.webp","width":1920,"height":2560,"caption":"4-6mm roasted peanut kernels"},{"@type":"BreadcrumbList","@id":"https:\/\/www.peanutoem.com\/manufacturer\/roasted-peanut-kernels-in-split\/#breadcrumb","itemListElement":[{"@type":"ListItem","position":1,"name":"Home","item":"https:\/\/www.peanutoem.com\/"},{"@type":"ListItem","position":2,"name":"Products","item":"https:\/\/www.peanutoem.com\/shop\/"},{"@type":"ListItem","position":3,"name":"Roasted Peanut Kernels in Split | Sliced Roasted Peanut Kernels"}]},{"@type":"WebSite","@id":"https:\/\/www.peanutoem.com\/#website","url":"https:\/\/www.peanutoem.com\/","name":"Peanut Butter Factory","description":"Peanut Butter Manufacturer and Roast Peanut OEM Factory | Peanut Private Label China Supplier","publisher":{"@id":"https:\/\/www.peanutoem.com\/#organization"},"alternateName":"Peanut Butter OEM and Wholesale","potentialAction":[{"@type":"SearchAction","target":{"@type":"EntryPoint","urlTemplate":"https:\/\/www.peanutoem.com\/?s={search_term_string}"},"query-input":{"@type":"PropertyValueSpecification","valueRequired":true,"valueName":"search_term_string"}}],"inLanguage":"pt-PT"},{"@type":"Organization","@id":"https:\/\/www.peanutoem.com\/#organization","name":"Peanut Butter Factory","alternateName":"JuFeng Group","url":"https:\/\/www.peanutoem.com\/","logo":{"@type":"ImageObject","inLanguage":"pt-PT","@id":"https:\/\/www.peanutoem.com\/#\/schema\/logo\/image\/","url":"https:\/\/www.peanutoem.com\/wp-content\/uploads\/2024\/09\/JUFENG-LOGO.png","contentUrl":"https:\/\/www.peanutoem.com\/wp-content\/uploads\/2024\/09\/JUFENG-LOGO.png","width":600,"height":170,"caption":"Peanut Butter Factory"},"image":{"@id":"https:\/\/www.peanutoem.com\/#\/schema\/logo\/image\/"}}]}},"_links":{"self":[{"href":"https:\/\/www.peanutoem.com\/pt\/wp-json\/wp\/v2\/product\/1555","targetHints":{"allow":["GET"]}}],"collection":[{"href":"https:\/\/www.peanutoem.com\/pt\/wp-json\/wp\/v2\/product"}],"about":[{"href":"https:\/\/www.peanutoem.com\/pt\/wp-json\/wp\/v2\/types\/product"}],"replies":[{"embeddable":true,"href":"https:\/\/www.peanutoem.com\/pt\/wp-json\/wp\/v2\/comments?post=1555"}],"wp:featuredmedia":[{"embeddable":true,"href":"https:\/\/www.peanutoem.com\/pt\/wp-json\/wp\/v2\/media\/1712"}],"wp:attachment":[{"href":"https:\/\/www.peanutoem.com\/pt\/wp-json\/wp\/v2\/media?parent=1555"}],"wp:term":[{"taxonomy":"product_cat","embeddable":true,"href":"https:\/\/www.peanutoem.com\/pt\/wp-json\/wp\/v2\/product_cat?post=1555"},{"taxonomy":"product_tag","embeddable":true,"href":"https:\/\/www.peanutoem.com\/pt\/wp-json\/wp\/v2\/product_tag?post=1555"}],"curies":[{"name":"wp","href":"https:\/\/api.w.org\/{rel}","templated":true}]}}