{"id":1556,"date":"2024-09-02T14:00:57","date_gmt":"2024-09-02T14:00:57","guid":{"rendered":"https:\/\/www.peanutoem.com\/?post_type=product&#038;p=1556"},"modified":"2024-09-28T04:23:49","modified_gmt":"2024-09-28T04:23:49","slug":"roasted-peanut-powder","status":"publish","type":"product","link":"https:\/\/www.peanutoem.com\/pt\/manufacturer\/roasted-peanut-powder\/","title":{"rendered":"Amendoim Torrado em P\u00f3"},"content":{"rendered":"<h3>O que \u00e9 amendoim torrado em p\u00f3?<\/h3>\n<p>O p\u00f3 de amendoim torrado \u00e9 feito moendo amendoim finamente e real\u00e7ando seu sabor natural por meio de uma <a href=\"https:\/\/en.wikipedia.org\/wiki\/Roasting\" target=\"_blank\" rel=\"noopener\">assando<\/a> processo. Este ingrediente vers\u00e1til \u00e9 popular na ind\u00fastria aliment\u00edcia, servindo como um componente premium em salgadinhos de amendoim, assados, molhos e prote\u00ednas em p\u00f3. O processo de torrefa\u00e7\u00e3o aumenta significativamente o aroma de nozes dos amendoins, tornando-os um material preferido para fabricantes de alimentos que buscam um sabor rico de amendoim. Sua forma em p\u00f3 facilita a incorpora\u00e7\u00e3o em uma variedade de receitas, trazendo sabor rico aos alimentos sem a necessidade de \u00e1gua adicional.<\/p>\n<h3><img loading=\"lazy\" decoding=\"async\" class=\"alignnone wp-image-1719 size-full\" src=\"https:\/\/www.peanutoem.com\/wp-content\/uploads\/2024\/09\/Roasted-Peanut-Powder-in-Pouch.webp\" alt=\"Amendoim torrado em p\u00f3 em sach\u00ea\" width=\"912\" height=\"1128\" srcset=\"https:\/\/www.peanutoem.com\/wp-content\/uploads\/2024\/09\/Roasted-Peanut-Powder-in-Pouch.webp 912w, https:\/\/www.peanutoem.com\/wp-content\/uploads\/2024\/09\/Roasted-Peanut-Powder-in-Pouch-243x300.webp 243w, https:\/\/www.peanutoem.com\/wp-content\/uploads\/2024\/09\/Roasted-Peanut-Powder-in-Pouch-828x1024.webp 828w, https:\/\/www.peanutoem.com\/wp-content\/uploads\/2024\/09\/Roasted-Peanut-Powder-in-Pouch-768x950.webp 768w, https:\/\/www.peanutoem.com\/wp-content\/uploads\/2024\/09\/Roasted-Peanut-Powder-in-Pouch-10x12.webp 10w, https:\/\/www.peanutoem.com\/wp-content\/uploads\/2024\/09\/Roasted-Peanut-Powder-in-Pouch-600x742.webp 600w\" sizes=\"auto, (max-width: 912px) 100vw, 912px\" \/><\/h3>\n<h3>Nomes alternativos para amendoim torrado em p\u00f3<\/h3>\n<p>O Roasted Peanut Powder \u00e9 conhecido por diferentes nomes no mercado. Algumas alternativas comuns incluem:<\/p>\n<ul>\n<li>Farinha de amendoim<\/li>\n<li>Amendoim torrado e mo\u00eddo em p\u00f3<\/li>\n<li>Farinha de amendoim<\/li>\n<li>P\u00f3 de amendoim torrado<\/li>\n<li>Amendoim em p\u00f3 desengordurado<\/li>\n<\/ul>\n<div class=\"group\/conversation-turn relative flex w-full min-w-0 flex-col agent-turn\">\n<div class=\"flex-col gap-1 md:gap-3\">\n<h3>T\u00f3picos relevantes sobre amendoim torrado em p\u00f3<\/h3>\n<ul>\n<li data-pm-slice=\"0 0 []\"><strong>Aplica\u00e7\u00f5es de panifica\u00e7\u00e3o sem gl\u00faten:<\/strong> Mais padeiros est\u00e3o usando amendoim torrado em p\u00f3 como substituto da farinha em receitas sem gl\u00faten, melhorando tanto o sabor quanto a nutri\u00e7\u00e3o.<\/li>\n<li><strong>Benef\u00edcios para a sa\u00fade:<\/strong> Consumidores preocupados com a sa\u00fade consideram o amendoim torrado em p\u00f3 atraente devido ao seu alto teor de prote\u00edna, fibras e gordura saud\u00e1vel.<\/li>\n<li><strong>Crescente demanda por prote\u00edna vegetal:<\/strong> \u00c0 medida que as dietas baseadas em vegetais crescem, o p\u00f3 de amendoim torrado se torna uma fonte de prote\u00edna preferida por veganos e vegetarianos.<\/li>\n<li><strong>Aplica\u00e7\u00f5es de panifica\u00e7\u00e3o sem gl\u00faten:<\/strong> Os padeiros cada vez mais escolhem o amendoim torrado em p\u00f3 como substituto da farinha em receitas sem gl\u00faten, aumentando o sabor e a nutri\u00e7\u00e3o.<\/li>\n<li><strong>Usos inovadores da ind\u00fastria aliment\u00edcia:<\/strong> Este ingrediente vers\u00e1til melhora o sabor e a textura de v\u00e1rios produtos, de barras energ\u00e9ticas a molhos.<\/li>\n<li><strong>Oportunidades de marca pr\u00f3pria:<\/strong> Muitas marcas est\u00e3o optando por produtos de amendoim de marca pr\u00f3pria, oferecendo solu\u00e7\u00f5es personalizadas de p\u00f3 de amendoim torrado conosco como um parceiro OEM confi\u00e1vel.<\/li>\n<\/ul>\n<h3 class=\"flex max-w-full flex-col flex-grow\"><span style=\"font-size: 20.16px;\">Como l\u00edder confi\u00e1vel na ind\u00fastria de processamento de amendoim, oferecemos P\u00f3 de Amendoim Torrado premium para diversas aplica\u00e7\u00f5es. Veja como nos destacamos:<\/span><\/h3>\n<ul>\n<li><strong>Produ\u00e7\u00e3o de \u00faltima gera\u00e7\u00e3o:<\/strong> Nossas linhas de produ\u00e7\u00e3o avan\u00e7adas garantem p\u00f3 de amendoim torrado de alta qualidade, com tamanho de part\u00edcula e sabor consistentes.<\/li>\n<li><strong>Solu\u00e7\u00f5es personalizadas:<\/strong> Como fabricante OEM, oferecemos servi\u00e7os de marca pr\u00f3pria, n\u00edveis de torra personalizados e op\u00e7\u00f5es de embalagem flex\u00edveis para atender \u00e0s suas necessidades exclusivas.<\/li>\n<li><strong>Controle de qualidade rigoroso:<\/strong> Mantemos os mais altos padr\u00f5es de produtos por meio de rigorosos testes sensoriais, qu\u00edmicos e microbianos em nossos laborat\u00f3rios de \u00faltima gera\u00e7\u00e3o.<\/li>\n<li><strong>Certifica\u00e7\u00f5es e conformidade:<\/strong> Nossas certifica\u00e7\u00f5es \u2014 BRCGS, HACCP, Halal, Kosher e EU Organic \u2014 validam que aderimos a rigorosos padr\u00f5es de qualidade e seguran\u00e7a.<\/li>\n<li><strong>Experi\u00eancia em Exporta\u00e7\u00e3o Global:<\/strong> Com ampla experi\u00eancia em log\u00edstica internacional, garantimos um processo de exporta\u00e7\u00e3o tranquilo e confi\u00e1vel para mercados em todo o mundo.<\/li>\n<li><strong>Compromisso com a sustentabilidade:<\/strong> Priorizamos o fornecimento sustent\u00e1vel e pr\u00e1ticas de produ\u00e7\u00e3o ecologicamente corretas, contribuindo para um futuro melhor para a ind\u00fastria do amendoim.<\/li>\n<\/ul>\n<h3>Por que nos escolher?<\/h3>\n<ul>\n<li><strong>Melhor escolha:<\/strong> Nossa tecnologia de ponta, op\u00e7\u00f5es de personaliza\u00e7\u00e3o e certifica\u00e7\u00f5es globais nos tornam um fornecedor l\u00edder.<\/li>\n<li><strong>Embalagem personalizada:<\/strong> Oferecemos servi\u00e7os de marca pr\u00f3pria para adaptar sua embalagem e marca \u00e0s suas especifica\u00e7\u00f5es.<\/li>\n<li><strong>Garantia de frescor:<\/strong> Nossas instala\u00e7\u00f5es de armazenamento com temperatura controlada mant\u00eam o frescor do produto durante o armazenamento e o transporte.<\/li>\n<li><strong>N\u00edveis de torrefa\u00e7\u00e3o:<\/strong> Aproveite n\u00edveis de torra personaliz\u00e1veis, do claro ao escuro, elaborados para atender \u00e0s suas prefer\u00eancias de sabor.<\/li>\n<li><strong>Pedidos em grandes quantidades:<\/strong> Entre em contato com nossa equipe de vendas para discutir e atender facilmente \u00e0s suas necessidades de pedidos em grandes quantidades.<\/li>\n<li><strong>Aplica\u00e7\u00f5es industriais:<\/strong> Nosso p\u00f3 de amendoim torrado \u00e9 popular em panifica\u00e7\u00e3o, fabrica\u00e7\u00e3o de salgadinhos, suplementos proteicos, molhos e aromatizantes.<\/li>\n<li><strong>N\u00e3o cont\u00e9m gluten:<\/strong> Naturalmente sem gl\u00faten, \u00e9 uma excelente escolha para produtos aliment\u00edcios sem gl\u00faten.<\/li>\n<li><strong>Amostras dispon\u00edveis:<\/strong> Fornecemos amostras para clientes em potencial para avaliar a qualidade e a adequa\u00e7\u00e3o do nosso produto.<\/li>\n<li><strong>Alcance global:<\/strong> Exportamos para mercados na Am\u00e9rica do Norte, Europa, \u00c1sia e Oriente M\u00e9dio, garantindo uma robusta rede de fornecimento internacional.<\/li>\n<\/ul>\n<a href=\"mailto:globepeanut@gmail.com\" class=\"button primary is-primary is-medium\"  >\n    <span>Envie-nos um e-mail<\/span>\n  <\/a>\n\n<\/div>\n<\/div>","protected":false},"excerpt":{"rendered":"<p>Somos fabricantes e fornecedores de amendoim torrado em p\u00f3 na China<\/p>\n<p>\u2013 Quantidade m\u00ednima: 1 tonelada<br \/>\n\u2013 Servi\u00e7o OEM\/ODM oferecido<br \/>\n\u2013 Amostra gr\u00e1tis dispon\u00edvel<br \/>\n\u2013 Aceitar personaliza\u00e7\u00e3o (especifica\u00e7\u00f5es, tamanhos, cor, design, etc.)<br \/>\n\u2013 Especifica\u00e7\u00f5es (14 malhas menores, ou conforme sua necessidade)<\/p>\n<p>Se voc\u00ea deseja obter Amendoim Torrado em P\u00f3, entre em contato conosco.<\/p>","protected":false},"featured_media":1714,"comment_status":"open","ping_status":"closed","template":"","meta":[],"product_cat":[37],"product_tag":[],"class_list":{"0":"post-1556","1":"product","2":"type-product","3":"status-publish","4":"has-post-thumbnail","6":"product_cat-roasted-peanut","8":"first","9":"instock","10":"shipping-taxable","11":"product-type-simple"},"yoast_head":"<!-- This site is optimized with the Yoast SEO plugin v24.9 - https:\/\/yoast.com\/wordpress\/plugins\/seo\/ -->\n<title>Roasted Peanut Powder Manufacturer - Peanut Butter Factory<\/title>\n<meta name=\"description\" content=\"We are a top OEM, private label manufacturer, and exporter of premium Roasted Peanut Powder, offering quality solutions globally.\" \/>\n<meta name=\"robots\" content=\"index, follow, max-snippet:-1, max-image-preview:large, max-video-preview:-1\" \/>\n<link rel=\"canonical\" href=\"https:\/\/www.peanutoem.com\/pt\/manufacturer\/roasted-peanut-powder\/\" \/>\n<meta property=\"og:locale\" content=\"pt_PT\" \/>\n<meta property=\"og:type\" content=\"article\" \/>\n<meta property=\"og:title\" content=\"Roasted Peanut Powder Manufacturer - Peanut Butter Factory\" \/>\n<meta property=\"og:description\" content=\"We are a top OEM, private label manufacturer, and exporter of premium Roasted Peanut Powder, offering quality solutions globally.\" \/>\n<meta property=\"og:url\" content=\"https:\/\/www.peanutoem.com\/pt\/manufacturer\/roasted-peanut-powder\/\" \/>\n<meta property=\"og:site_name\" content=\"Peanut Butter Factory\" \/>\n<meta property=\"article:modified_time\" content=\"2024-09-28T04:23:49+00:00\" \/>\n<meta property=\"og:image\" content=\"https:\/\/www.peanutoem.com\/wp-content\/uploads\/2024\/09\/Roasted-Peanut-Powder.webp\" \/>\n\t<meta property=\"og:image:width\" content=\"551\" \/>\n\t<meta property=\"og:image:height\" content=\"472\" \/>\n\t<meta property=\"og:image:type\" content=\"image\/webp\" \/>\n<meta name=\"twitter:card\" content=\"summary_large_image\" \/>\n<meta name=\"twitter:label1\" content=\"Tempo estimado de leitura\" \/>\n\t<meta name=\"twitter:data1\" content=\"3 minutos\" \/>\n<script type=\"application\/ld+json\" class=\"yoast-schema-graph\">{\"@context\":\"https:\/\/schema.org\",\"@graph\":[{\"@type\":\"WebPage\",\"@id\":\"https:\/\/www.peanutoem.com\/manufacturer\/roasted-peanut-powder\/\",\"url\":\"https:\/\/www.peanutoem.com\/manufacturer\/roasted-peanut-powder\/\",\"name\":\"Roasted Peanut Powder Manufacturer - Peanut Butter Factory\",\"isPartOf\":{\"@id\":\"https:\/\/www.peanutoem.com\/#website\"},\"primaryImageOfPage\":{\"@id\":\"https:\/\/www.peanutoem.com\/manufacturer\/roasted-peanut-powder\/#primaryimage\"},\"image\":{\"@id\":\"https:\/\/www.peanutoem.com\/manufacturer\/roasted-peanut-powder\/#primaryimage\"},\"thumbnailUrl\":\"https:\/\/www.peanutoem.com\/wp-content\/uploads\/2024\/09\/Roasted-Peanut-Powder.webp\",\"datePublished\":\"2024-09-02T14:00:57+00:00\",\"dateModified\":\"2024-09-28T04:23:49+00:00\",\"description\":\"We are a top OEM, private label manufacturer, and exporter of premium Roasted Peanut Powder, offering quality solutions globally.\",\"breadcrumb\":{\"@id\":\"https:\/\/www.peanutoem.com\/manufacturer\/roasted-peanut-powder\/#breadcrumb\"},\"inLanguage\":\"pt-PT\",\"potentialAction\":[{\"@type\":\"ReadAction\",\"target\":[\"https:\/\/www.peanutoem.com\/manufacturer\/roasted-peanut-powder\/\"]}]},{\"@type\":\"ImageObject\",\"inLanguage\":\"pt-PT\",\"@id\":\"https:\/\/www.peanutoem.com\/manufacturer\/roasted-peanut-powder\/#primaryimage\",\"url\":\"https:\/\/www.peanutoem.com\/wp-content\/uploads\/2024\/09\/Roasted-Peanut-Powder.webp\",\"contentUrl\":\"https:\/\/www.peanutoem.com\/wp-content\/uploads\/2024\/09\/Roasted-Peanut-Powder.webp\",\"width\":551,\"height\":472,\"caption\":\"Roasted Peanut Powder\"},{\"@type\":\"BreadcrumbList\",\"@id\":\"https:\/\/www.peanutoem.com\/manufacturer\/roasted-peanut-powder\/#breadcrumb\",\"itemListElement\":[{\"@type\":\"ListItem\",\"position\":1,\"name\":\"Home\",\"item\":\"https:\/\/www.peanutoem.com\/\"},{\"@type\":\"ListItem\",\"position\":2,\"name\":\"Products\",\"item\":\"https:\/\/www.peanutoem.com\/shop\/\"},{\"@type\":\"ListItem\",\"position\":3,\"name\":\"Roasted Peanut Powder\"}]},{\"@type\":\"WebSite\",\"@id\":\"https:\/\/www.peanutoem.com\/#website\",\"url\":\"https:\/\/www.peanutoem.com\/\",\"name\":\"Peanut Butter Factory\",\"description\":\"Peanut Butter Manufacturer and Roast Peanut OEM Factory | Peanut Private Label China Supplier\",\"publisher\":{\"@id\":\"https:\/\/www.peanutoem.com\/#organization\"},\"alternateName\":\"Peanut Butter OEM and Wholesale\",\"potentialAction\":[{\"@type\":\"SearchAction\",\"target\":{\"@type\":\"EntryPoint\",\"urlTemplate\":\"https:\/\/www.peanutoem.com\/?s={search_term_string}\"},\"query-input\":{\"@type\":\"PropertyValueSpecification\",\"valueRequired\":true,\"valueName\":\"search_term_string\"}}],\"inLanguage\":\"pt-PT\"},{\"@type\":\"Organization\",\"@id\":\"https:\/\/www.peanutoem.com\/#organization\",\"name\":\"Peanut Butter Factory\",\"alternateName\":\"JuFeng Group\",\"url\":\"https:\/\/www.peanutoem.com\/\",\"logo\":{\"@type\":\"ImageObject\",\"inLanguage\":\"pt-PT\",\"@id\":\"https:\/\/www.peanutoem.com\/#\/schema\/logo\/image\/\",\"url\":\"https:\/\/www.peanutoem.com\/wp-content\/uploads\/2024\/09\/JUFENG-LOGO.png\",\"contentUrl\":\"https:\/\/www.peanutoem.com\/wp-content\/uploads\/2024\/09\/JUFENG-LOGO.png\",\"width\":600,\"height\":170,\"caption\":\"Peanut Butter Factory\"},\"image\":{\"@id\":\"https:\/\/www.peanutoem.com\/#\/schema\/logo\/image\/\"}}]}<\/script>\n<!-- \/ Yoast SEO plugin. -->","yoast_head_json":{"title":"Roasted Peanut Powder Manufacturer - Peanut Butter Factory","description":"We are a top OEM, private label manufacturer, and exporter of premium Roasted Peanut Powder, offering quality solutions globally.","robots":{"index":"index","follow":"follow","max-snippet":"max-snippet:-1","max-image-preview":"max-image-preview:large","max-video-preview":"max-video-preview:-1"},"canonical":"https:\/\/www.peanutoem.com\/pt\/manufacturer\/roasted-peanut-powder\/","og_locale":"pt_PT","og_type":"article","og_title":"Roasted Peanut Powder Manufacturer - Peanut Butter Factory","og_description":"We are a top OEM, private label manufacturer, and exporter of premium Roasted Peanut Powder, offering quality solutions globally.","og_url":"https:\/\/www.peanutoem.com\/pt\/manufacturer\/roasted-peanut-powder\/","og_site_name":"Peanut Butter Factory","article_modified_time":"2024-09-28T04:23:49+00:00","og_image":[{"width":551,"height":472,"url":"https:\/\/www.peanutoem.com\/wp-content\/uploads\/2024\/09\/Roasted-Peanut-Powder.webp","type":"image\/webp"}],"twitter_card":"summary_large_image","twitter_misc":{"Tempo estimado de leitura":"3 minutos"},"schema":{"@context":"https:\/\/schema.org","@graph":[{"@type":"WebPage","@id":"https:\/\/www.peanutoem.com\/manufacturer\/roasted-peanut-powder\/","url":"https:\/\/www.peanutoem.com\/manufacturer\/roasted-peanut-powder\/","name":"Roasted Peanut Powder Manufacturer - Peanut Butter Factory","isPartOf":{"@id":"https:\/\/www.peanutoem.com\/#website"},"primaryImageOfPage":{"@id":"https:\/\/www.peanutoem.com\/manufacturer\/roasted-peanut-powder\/#primaryimage"},"image":{"@id":"https:\/\/www.peanutoem.com\/manufacturer\/roasted-peanut-powder\/#primaryimage"},"thumbnailUrl":"https:\/\/www.peanutoem.com\/wp-content\/uploads\/2024\/09\/Roasted-Peanut-Powder.webp","datePublished":"2024-09-02T14:00:57+00:00","dateModified":"2024-09-28T04:23:49+00:00","description":"We are a top OEM, private label manufacturer, and exporter of premium Roasted Peanut Powder, offering quality solutions globally.","breadcrumb":{"@id":"https:\/\/www.peanutoem.com\/manufacturer\/roasted-peanut-powder\/#breadcrumb"},"inLanguage":"pt-PT","potentialAction":[{"@type":"ReadAction","target":["https:\/\/www.peanutoem.com\/manufacturer\/roasted-peanut-powder\/"]}]},{"@type":"ImageObject","inLanguage":"pt-PT","@id":"https:\/\/www.peanutoem.com\/manufacturer\/roasted-peanut-powder\/#primaryimage","url":"https:\/\/www.peanutoem.com\/wp-content\/uploads\/2024\/09\/Roasted-Peanut-Powder.webp","contentUrl":"https:\/\/www.peanutoem.com\/wp-content\/uploads\/2024\/09\/Roasted-Peanut-Powder.webp","width":551,"height":472,"caption":"Roasted Peanut Powder"},{"@type":"BreadcrumbList","@id":"https:\/\/www.peanutoem.com\/manufacturer\/roasted-peanut-powder\/#breadcrumb","itemListElement":[{"@type":"ListItem","position":1,"name":"Home","item":"https:\/\/www.peanutoem.com\/"},{"@type":"ListItem","position":2,"name":"Products","item":"https:\/\/www.peanutoem.com\/shop\/"},{"@type":"ListItem","position":3,"name":"Roasted Peanut Powder"}]},{"@type":"WebSite","@id":"https:\/\/www.peanutoem.com\/#website","url":"https:\/\/www.peanutoem.com\/","name":"Peanut Butter Factory","description":"Peanut Butter Manufacturer and Roast Peanut OEM Factory | Peanut Private Label China Supplier","publisher":{"@id":"https:\/\/www.peanutoem.com\/#organization"},"alternateName":"Peanut Butter OEM and Wholesale","potentialAction":[{"@type":"SearchAction","target":{"@type":"EntryPoint","urlTemplate":"https:\/\/www.peanutoem.com\/?s={search_term_string}"},"query-input":{"@type":"PropertyValueSpecification","valueRequired":true,"valueName":"search_term_string"}}],"inLanguage":"pt-PT"},{"@type":"Organization","@id":"https:\/\/www.peanutoem.com\/#organization","name":"Peanut Butter Factory","alternateName":"JuFeng Group","url":"https:\/\/www.peanutoem.com\/","logo":{"@type":"ImageObject","inLanguage":"pt-PT","@id":"https:\/\/www.peanutoem.com\/#\/schema\/logo\/image\/","url":"https:\/\/www.peanutoem.com\/wp-content\/uploads\/2024\/09\/JUFENG-LOGO.png","contentUrl":"https:\/\/www.peanutoem.com\/wp-content\/uploads\/2024\/09\/JUFENG-LOGO.png","width":600,"height":170,"caption":"Peanut Butter Factory"},"image":{"@id":"https:\/\/www.peanutoem.com\/#\/schema\/logo\/image\/"}}]}},"_links":{"self":[{"href":"https:\/\/www.peanutoem.com\/pt\/wp-json\/wp\/v2\/product\/1556","targetHints":{"allow":["GET"]}}],"collection":[{"href":"https:\/\/www.peanutoem.com\/pt\/wp-json\/wp\/v2\/product"}],"about":[{"href":"https:\/\/www.peanutoem.com\/pt\/wp-json\/wp\/v2\/types\/product"}],"replies":[{"embeddable":true,"href":"https:\/\/www.peanutoem.com\/pt\/wp-json\/wp\/v2\/comments?post=1556"}],"wp:featuredmedia":[{"embeddable":true,"href":"https:\/\/www.peanutoem.com\/pt\/wp-json\/wp\/v2\/media\/1714"}],"wp:attachment":[{"href":"https:\/\/www.peanutoem.com\/pt\/wp-json\/wp\/v2\/media?parent=1556"}],"wp:term":[{"taxonomy":"product_cat","embeddable":true,"href":"https:\/\/www.peanutoem.com\/pt\/wp-json\/wp\/v2\/product_cat?post=1556"},{"taxonomy":"product_tag","embeddable":true,"href":"https:\/\/www.peanutoem.com\/pt\/wp-json\/wp\/v2\/product_tag?post=1556"}],"curies":[{"name":"wp","href":"https:\/\/api.w.org\/{rel}","templated":true}]}}