{"id":1638,"date":"2024-09-10T12:30:11","date_gmt":"2024-09-10T12:30:11","guid":{"rendered":"https:\/\/www.peanutoem.com\/?post_type=product&#038;p=1638"},"modified":"2024-10-06T09:55:00","modified_gmt":"2024-10-06T09:55:00","slug":"chocolate-peanut-butter","status":"publish","type":"product","link":"https:\/\/www.peanutoem.com\/pt\/manufacturer\/chocolate-peanut-butter\/","title":{"rendered":"Manteiga de amendoim com chocolate"},"content":{"rendered":"<h3>O que \u00e9 manteiga de amendoim com chocolate?<\/h3>\n<p>A manteiga de amendoim com chocolate \u00e9 uma fus\u00e3o deliciosa de manteiga de amendoim cremosa e rica <a href=\"https:\/\/en.wikipedia.org\/wiki\/Chocolate\" target=\"_blank\" rel=\"noopener\">chocolate<\/a>, criando uma pasta doce e saborosa que agrada a uma ampla gama de prefer\u00eancias de gosto. Esta mistura deliciosa \u00e9 perfeita para passar no p\u00e3o, usar em sobremesas ou simplesmente saborear de colherada. A combina\u00e7\u00e3o de amendoim e chocolate oferece uma guloseima equilibrada que satisfaz tanto os entusiastas de manteiga de amendoim quanto os amantes de chocolate.<\/p>\n<h3>Quais s\u00e3o outros nomes para chocolate na manteiga de amendoim?<\/h3>\n<p>A manteiga de amendoim com chocolate \u00e9 frequentemente chamada por nomes diferentes com base em seu sabor e uso. Alguns nomes alternativos incluem:<\/p>\n<ul>\n<li>Manteiga de amendoim com sabor de chocolate<\/li>\n<li>Pasta de amendoim e cacau<\/li>\n<li>Manteiga de amendoim e cacau<\/li>\n<li>Pasta de amendoim com chocolate<\/li>\n<li>Manteiga de amendoim com chocolate<\/li>\n<li>Pasta de chocolate com nozes<\/li>\n<li>Manteiga de amendoim com infus\u00e3o de chocolate<\/li>\n<li>Pasta de chocolate com nozes<\/li>\n<\/ul>\n<p>Esses nomes destacam a deliciosa mistura de chocolate e manteiga de amendoim, tornando-o atraente para consumidores de v\u00e1rios mercados.<\/p>\n<h3><img loading=\"lazy\" decoding=\"async\" class=\"alignnone wp-image-1682 size-full\" src=\"https:\/\/www.peanutoem.com\/wp-content\/uploads\/2024\/09\/Chocolate-Peanut-Butter-on-Bread.webp\" alt=\"Manteiga de amendoim com chocolate no p\u00e3o\" width=\"912\" height=\"1144\" srcset=\"https:\/\/www.peanutoem.com\/wp-content\/uploads\/2024\/09\/Chocolate-Peanut-Butter-on-Bread.webp 912w, https:\/\/www.peanutoem.com\/wp-content\/uploads\/2024\/09\/Chocolate-Peanut-Butter-on-Bread-239x300.webp 239w, https:\/\/www.peanutoem.com\/wp-content\/uploads\/2024\/09\/Chocolate-Peanut-Butter-on-Bread-816x1024.webp 816w, https:\/\/www.peanutoem.com\/wp-content\/uploads\/2024\/09\/Chocolate-Peanut-Butter-on-Bread-768x963.webp 768w, https:\/\/www.peanutoem.com\/wp-content\/uploads\/2024\/09\/Chocolate-Peanut-Butter-on-Bread-10x12.webp 10w, https:\/\/www.peanutoem.com\/wp-content\/uploads\/2024\/09\/Chocolate-Peanut-Butter-on-Bread-600x753.webp 600w\" sizes=\"auto, (max-width: 912px) 100vw, 912px\" \/><\/h3>\n<h3>Por que nos escolher como seu fornecedor parceiro?<\/h3>\n<p>Somos o principal fabricante e exportador OEM de manteiga de amendoim com chocolate.<\/p>\n<ul>\n<li><strong>Especializa\u00e7\u00e3o em personaliza\u00e7\u00e3o:<\/strong> Oferecemos formula\u00e7\u00f5es totalmente personalizadas para atender \u00e0s suas necessidades espec\u00edficas de sabor, textura e embalagem.<\/li>\n<li><strong>Ingredientes Premium:<\/strong> Utilizando apenas amendoim e chocolate da melhor qualidade.<\/li>\n<li><strong>Fabrica\u00e7\u00e3o Avan\u00e7ada:<\/strong> Nossas instala\u00e7\u00f5es de \u00faltima gera\u00e7\u00e3o s\u00e3o equipadas com linhas de produ\u00e7\u00e3o de ponta dos EUA, garantindo qualidade e efici\u00eancia consistentes em cada lote.<\/li>\n<li><strong>Certifica\u00e7\u00f5es e Garantia de Qualidade:<\/strong> Temos uma variedade de certifica\u00e7\u00f5es, incluindo BRCGS, Kosher, Halal e HACCP, garantindo a conformidade com os padr\u00f5es internacionais de seguran\u00e7a e qualidade.<\/li>\n<li><strong>Distribui\u00e7\u00e3o global:<\/strong> Com vasta experi\u00eancia em com\u00e9rcio internacional, exportamos manteiga de amendoim com chocolate para mercados ao redor do mundo, garantindo uma log\u00edstica tranquila e entregas pontuais.<\/li>\n<\/ul>\n<h3>T\u00f3picos quentes<\/h3>\n<div class=\"group\/conversation-turn relative flex w-full min-w-0 flex-col agent-turn\">\n<div class=\"flex-col gap-1 md:gap-3\">\n<div class=\"flex max-w-full flex-col flex-grow\">\n<div class=\"min-h-8 text-message flex w-full flex-col items-end gap-2 whitespace-normal break-words [.text-message+&amp;]:mt-5\" dir=\"auto\" data-message-author-role=\"assistant\" data-message-id=\"61c5f9c1-377c-4081-b461-888734723e68\">\n<div class=\"flex w-full flex-col gap-1 empty:hidden first:pt-[3px]\">\n<div class=\"markdown prose w-full break-words dark:prose-invert dark\">\n<ul>\n<li><span style=\"color: #282828;\"><strong>Em Sobremesas<\/strong><\/span><br \/>\n<span style=\"color: #282828;\">Manteiga de amendoim com chocolate serve como um ingrediente vers\u00e1til que melhora significativamente a qualidade e o sabor de sobremesas como bolos, brownies e sorvetes. Sua textura cremosa e sabor rico fazem dela uma excelente companhia para assados e confeitos.<\/span><\/li>\n<li><span style=\"color: #282828;\"><strong>Benef\u00edcios para a sa\u00fade<\/strong><\/span><br \/>\n<span style=\"color: #282828;\">Al\u00e9m de sua irresist\u00edvel del\u00edcia, esta pasta \u00e9 rica em prote\u00ednas, gorduras saud\u00e1veis e fibras, fornecendo suporte nutricional para o corpo. Quando elaborada com chocolate amargo, ela adiciona propriedades antioxidantes, dando ao produto um apelo saud\u00e1vel que atrai consumidores preocupados com a sa\u00fade.<\/span><\/li>\n<li><span style=\"color: #282828;\"><strong>Popularidade global<\/strong><\/span><br \/>\n<span style=\"color: #282828;\">\u00c0 medida que os consumidores buscam cada vez mais lanches que satisfa\u00e7am suas papilas gustativas e tamb\u00e9m sejam nutritivos, a manteiga de amendoim com chocolate ganhou imensa popularidade no mercado global. Ela combina sabor e nutri\u00e7\u00e3o com sucesso, ganhando ampla admira\u00e7\u00e3o de crian\u00e7as e adultos.<\/span><\/li>\n<li><span style=\"color: #282828;\"><strong>Usos criativos<\/strong><\/span><br \/>\n<span style=\"color: #282828;\">Al\u00e9m de combina\u00e7\u00f5es tradicionais como torradas ou sandu\u00edches, este ingrediente pode ser criativamente incorporado em smoothies, barras energ\u00e9ticas ou usado como recheio para doces. Sua adaptabilidade \u00fanica de sabor permite que ele brilhe em pratos doces e salgados, tornando-o um item b\u00e1sico em muitas cozinhas dom\u00e9sticas.<\/span><\/li>\n<\/ul>\n<\/div>\n<\/div>\n<\/div>\n<\/div>\n<\/div>\n<\/div>\n<hr \/>\n<h3><img loading=\"lazy\" decoding=\"async\" class=\"alignnone wp-image-1683 size-full\" src=\"https:\/\/www.peanutoem.com\/wp-content\/uploads\/2024\/09\/Chocolate-Peanut-Butter-Served.webp\" alt=\"Manteiga de amendoim com chocolate servida\" width=\"896\" height=\"1152\" srcset=\"https:\/\/www.peanutoem.com\/wp-content\/uploads\/2024\/09\/Chocolate-Peanut-Butter-Served.webp 896w, https:\/\/www.peanutoem.com\/wp-content\/uploads\/2024\/09\/Chocolate-Peanut-Butter-Served-233x300.webp 233w, https:\/\/www.peanutoem.com\/wp-content\/uploads\/2024\/09\/Chocolate-Peanut-Butter-Served-796x1024.webp 796w, https:\/\/www.peanutoem.com\/wp-content\/uploads\/2024\/09\/Chocolate-Peanut-Butter-Served-768x987.webp 768w, https:\/\/www.peanutoem.com\/wp-content\/uploads\/2024\/09\/Chocolate-Peanut-Butter-Served-9x12.webp 9w, https:\/\/www.peanutoem.com\/wp-content\/uploads\/2024\/09\/Chocolate-Peanut-Butter-Served-600x771.webp 600w\" sizes=\"auto, (max-width: 896px) 100vw, 896px\" \/><\/h3>\n<h3>Perguntas frequentes sobre manteiga de amendoim com chocolate<\/h3>\n<ol>\n<li><strong>Como fabricante l\u00edder de OEM, qual \u00e9 sua principal vantagem competitiva?<\/strong><br \/>\nN\u00f3s nos destacamos porque oferecemos diversos servi\u00e7os de personaliza\u00e7\u00e3o, selecionamos ingredientes de alta qualidade e utilizamos tecnologia de produ\u00e7\u00e3o avan\u00e7ada. Isso garante que cada lote de manteiga de amendoim se destaque no mercado e atenda \u00e0s necessidades exclusivas de nossos clientes.<\/li>\n<li><strong>Voc\u00ea pode ajustar a propor\u00e7\u00e3o de chocolate e amendoim de acordo com minhas especifica\u00e7\u00f5es e criar uma f\u00f3rmula personalizada para minha marca?<\/strong><br \/>\nAbsolutamente! Oferecemos servi\u00e7os abrangentes de personaliza\u00e7\u00e3o de sabor para ajudar voc\u00ea a encontrar o equil\u00edbrio perfeito entre chocolate e amendoim, ao mesmo tempo em que desenvolvemos uma f\u00f3rmula \u00fanica que aumenta a competitividade de mercado da sua marca.<\/li>\n<li><strong>Que op\u00e7\u00f5es de embalagem voc\u00eas oferecem?<\/strong><br \/>\nOferecemos uma variedade de solu\u00e7\u00f5es de embalagem, incluindo potes elegantes, bolsas squeeze convenientes e recipientes a granel adequados para armazenamento em larga escala. Todas as embalagens podem ser personalizadas para refletir a identidade da sua marca e estrat\u00e9gia de marketing.<\/li>\n<li><strong>Voc\u00eas oferecem manteiga de amendoim com chocolate org\u00e2nico e como garantem a qualidade do produto?<\/strong><br \/>\nSim, produzimos manteiga de amendoim com certifica\u00e7\u00e3o org\u00e2nica da UE, feita com ingredientes que atendem aos padr\u00f5es org\u00e2nicos. Al\u00e9m disso, estabelecemos um rigoroso sistema de gest\u00e3o de qualidade, incluindo testes de laborat\u00f3rio internos, para garantir que cada lote atenda aos mais altos padr\u00f5es de sabor, textura e seguran\u00e7a.<\/li>\n<li><strong>Posso solicitar amostras para degusta\u00e7\u00e3o antes de fazer um pedido grande? Voc\u00eas oferecem suporte para exporta\u00e7\u00f5es globais?<\/strong><br \/>\nCertamente! Teremos prazer em fornecer lotes de amostra para sua avalia\u00e7\u00e3o antes da produ\u00e7\u00e3o completa. Al\u00e9m disso, temos ampla experi\u00eancia em exporta\u00e7\u00f5es globais, garantindo que seus produtos cheguem com seguran\u00e7a e no prazo em todo o mundo.<\/li>\n<\/ol>\n<a href=\"mailto:globepeanut@gmail.com\" class=\"button primary is-primary is-medium\"  >\n    <span>Envie-nos um e-mail<\/span>\n  <\/a>","protected":false},"excerpt":{"rendered":"<table width=\"564\">\n<tbody>\n<tr>\n<td width=\"113\"><strong>Nome do produto<\/strong><\/td>\n<td width=\"402\">Manteiga de amendoim com chocolate<\/td>\n<\/tr>\n<tr>\n<td width=\"113\"><strong>Especifica\u00e7\u00f5es<\/strong><\/td>\n<td width=\"402\">200gx36, 227gx24, 340gx12, 375gx12, 500gx12, 510gx12, 1kgx12, 10kgx1, 20kgx1, 220kgx1<\/td>\n<\/tr>\n<tr>\n<td width=\"113\"><strong>Formul\u00e1rio de embalagem<\/strong><\/td>\n<td width=\"402\">Jarro, balde, Doy Pack, saco, caixa, lata, barril, lata, garrafa, etc.<\/td>\n<\/tr>\n<tr>\n<td width=\"113\"><strong>Prazo de entrega<\/strong><\/td>\n<td width=\"402\">7 a 20 dias ap\u00f3s o pedido<\/td>\n<\/tr>\n<tr>\n<td width=\"113\"><strong>Quantidade m\u00ednima<\/strong><\/td>\n<td width=\"402\">Uma tonelada<\/td>\n<\/tr>\n<tr>\n<td width=\"113\"><strong>Amostra<\/strong><\/td>\n<td width=\"402\">Amostra gr\u00e1tis dispon\u00edvel<\/td>\n<\/tr>\n<tr>\n<td width=\"113\"><strong>Fabricante original de equipamento original<\/strong><\/td>\n<td width=\"402\">Etiqueta do comprador aceita<\/td>\n<\/tr>\n<\/tbody>\n<\/table>\n<p>&nbsp;<\/p>","protected":false},"featured_media":1671,"comment_status":"open","ping_status":"closed","template":"","meta":[],"product_cat":[15],"product_tag":[],"class_list":{"0":"post-1638","1":"product","2":"type-product","3":"status-publish","4":"has-post-thumbnail","6":"product_cat-peanut-butter","8":"first","9":"instock","10":"shipping-taxable","11":"product-type-simple"},"yoast_head":"<!-- This site is optimized with the Yoast SEO plugin v24.9 - https:\/\/yoast.com\/wordpress\/plugins\/seo\/ -->\n<title>Chocolate Peanut Butter Manufacturer OEM - China Peanut Butter Factory<\/title>\n<meta name=\"description\" content=\"Leading chocolate peanut butter OEM private label manufacturer and exporter. Discover premium, customized chocolate peanut butter from us.\" \/>\n<meta name=\"robots\" content=\"index, follow, max-snippet:-1, max-image-preview:large, max-video-preview:-1\" \/>\n<link rel=\"canonical\" href=\"https:\/\/www.peanutoem.com\/pt\/manufacturer\/chocolate-peanut-butter\/\" \/>\n<meta property=\"og:locale\" content=\"pt_PT\" \/>\n<meta property=\"og:type\" content=\"article\" \/>\n<meta property=\"og:title\" content=\"Chocolate Peanut Butter Manufacturer OEM - China Peanut Butter Factory\" \/>\n<meta property=\"og:description\" content=\"Leading chocolate peanut butter OEM private label manufacturer and exporter. Discover premium, customized chocolate peanut butter from us.\" \/>\n<meta property=\"og:url\" content=\"https:\/\/www.peanutoem.com\/pt\/manufacturer\/chocolate-peanut-butter\/\" \/>\n<meta property=\"og:site_name\" content=\"Peanut Butter Factory\" \/>\n<meta property=\"article:modified_time\" content=\"2024-10-06T09:55:00+00:00\" \/>\n<meta property=\"og:image\" content=\"https:\/\/www.peanutoem.com\/wp-content\/uploads\/2024\/09\/Peanut-Butter-Chocolate-Flavor.webp\" \/>\n\t<meta property=\"og:image:width\" content=\"819\" \/>\n\t<meta property=\"og:image:height\" content=\"975\" \/>\n\t<meta property=\"og:image:type\" content=\"image\/webp\" \/>\n<meta name=\"twitter:card\" content=\"summary_large_image\" \/>\n<meta name=\"twitter:label1\" content=\"Tempo estimado de leitura\" \/>\n\t<meta name=\"twitter:data1\" content=\"4 minutos\" \/>\n<script type=\"application\/ld+json\" class=\"yoast-schema-graph\">{\"@context\":\"https:\/\/schema.org\",\"@graph\":[{\"@type\":\"WebPage\",\"@id\":\"https:\/\/www.peanutoem.com\/manufacturer\/chocolate-peanut-butter\/\",\"url\":\"https:\/\/www.peanutoem.com\/manufacturer\/chocolate-peanut-butter\/\",\"name\":\"Chocolate Peanut Butter Manufacturer OEM - China Peanut Butter Factory\",\"isPartOf\":{\"@id\":\"https:\/\/www.peanutoem.com\/#website\"},\"primaryImageOfPage\":{\"@id\":\"https:\/\/www.peanutoem.com\/manufacturer\/chocolate-peanut-butter\/#primaryimage\"},\"image\":{\"@id\":\"https:\/\/www.peanutoem.com\/manufacturer\/chocolate-peanut-butter\/#primaryimage\"},\"thumbnailUrl\":\"https:\/\/www.peanutoem.com\/wp-content\/uploads\/2024\/09\/Peanut-Butter-Chocolate-Flavor.webp\",\"datePublished\":\"2024-09-10T12:30:11+00:00\",\"dateModified\":\"2024-10-06T09:55:00+00:00\",\"description\":\"Leading chocolate peanut butter OEM private label manufacturer and exporter. Discover premium, customized chocolate peanut butter from us.\",\"breadcrumb\":{\"@id\":\"https:\/\/www.peanutoem.com\/manufacturer\/chocolate-peanut-butter\/#breadcrumb\"},\"inLanguage\":\"pt-PT\",\"potentialAction\":[{\"@type\":\"ReadAction\",\"target\":[\"https:\/\/www.peanutoem.com\/manufacturer\/chocolate-peanut-butter\/\"]}]},{\"@type\":\"ImageObject\",\"inLanguage\":\"pt-PT\",\"@id\":\"https:\/\/www.peanutoem.com\/manufacturer\/chocolate-peanut-butter\/#primaryimage\",\"url\":\"https:\/\/www.peanutoem.com\/wp-content\/uploads\/2024\/09\/Peanut-Butter-Chocolate-Flavor.webp\",\"contentUrl\":\"https:\/\/www.peanutoem.com\/wp-content\/uploads\/2024\/09\/Peanut-Butter-Chocolate-Flavor.webp\",\"width\":819,\"height\":975,\"caption\":\"Peanut Butter Chocolate Flavor\"},{\"@type\":\"BreadcrumbList\",\"@id\":\"https:\/\/www.peanutoem.com\/manufacturer\/chocolate-peanut-butter\/#breadcrumb\",\"itemListElement\":[{\"@type\":\"ListItem\",\"position\":1,\"name\":\"Home\",\"item\":\"https:\/\/www.peanutoem.com\/\"},{\"@type\":\"ListItem\",\"position\":2,\"name\":\"Products\",\"item\":\"https:\/\/www.peanutoem.com\/shop\/\"},{\"@type\":\"ListItem\",\"position\":3,\"name\":\"Chocolate Peanut Butter\"}]},{\"@type\":\"WebSite\",\"@id\":\"https:\/\/www.peanutoem.com\/#website\",\"url\":\"https:\/\/www.peanutoem.com\/\",\"name\":\"Peanut Butter Factory\",\"description\":\"Peanut Butter Manufacturer and Roast Peanut OEM Factory | Peanut Private Label China Supplier\",\"publisher\":{\"@id\":\"https:\/\/www.peanutoem.com\/#organization\"},\"alternateName\":\"Peanut Butter OEM and Wholesale\",\"potentialAction\":[{\"@type\":\"SearchAction\",\"target\":{\"@type\":\"EntryPoint\",\"urlTemplate\":\"https:\/\/www.peanutoem.com\/?s={search_term_string}\"},\"query-input\":{\"@type\":\"PropertyValueSpecification\",\"valueRequired\":true,\"valueName\":\"search_term_string\"}}],\"inLanguage\":\"pt-PT\"},{\"@type\":\"Organization\",\"@id\":\"https:\/\/www.peanutoem.com\/#organization\",\"name\":\"Peanut Butter Factory\",\"alternateName\":\"JuFeng Group\",\"url\":\"https:\/\/www.peanutoem.com\/\",\"logo\":{\"@type\":\"ImageObject\",\"inLanguage\":\"pt-PT\",\"@id\":\"https:\/\/www.peanutoem.com\/#\/schema\/logo\/image\/\",\"url\":\"https:\/\/www.peanutoem.com\/wp-content\/uploads\/2024\/09\/JUFENG-LOGO.png\",\"contentUrl\":\"https:\/\/www.peanutoem.com\/wp-content\/uploads\/2024\/09\/JUFENG-LOGO.png\",\"width\":600,\"height\":170,\"caption\":\"Peanut Butter Factory\"},\"image\":{\"@id\":\"https:\/\/www.peanutoem.com\/#\/schema\/logo\/image\/\"}}]}<\/script>\n<!-- \/ Yoast SEO plugin. -->","yoast_head_json":{"title":"Chocolate Peanut Butter Manufacturer OEM - China Peanut Butter Factory","description":"Leading chocolate peanut butter OEM private label manufacturer and exporter. Discover premium, customized chocolate peanut butter from us.","robots":{"index":"index","follow":"follow","max-snippet":"max-snippet:-1","max-image-preview":"max-image-preview:large","max-video-preview":"max-video-preview:-1"},"canonical":"https:\/\/www.peanutoem.com\/pt\/manufacturer\/chocolate-peanut-butter\/","og_locale":"pt_PT","og_type":"article","og_title":"Chocolate Peanut Butter Manufacturer OEM - China Peanut Butter Factory","og_description":"Leading chocolate peanut butter OEM private label manufacturer and exporter. Discover premium, customized chocolate peanut butter from us.","og_url":"https:\/\/www.peanutoem.com\/pt\/manufacturer\/chocolate-peanut-butter\/","og_site_name":"Peanut Butter Factory","article_modified_time":"2024-10-06T09:55:00+00:00","og_image":[{"width":819,"height":975,"url":"https:\/\/www.peanutoem.com\/wp-content\/uploads\/2024\/09\/Peanut-Butter-Chocolate-Flavor.webp","type":"image\/webp"}],"twitter_card":"summary_large_image","twitter_misc":{"Tempo estimado de leitura":"4 minutos"},"schema":{"@context":"https:\/\/schema.org","@graph":[{"@type":"WebPage","@id":"https:\/\/www.peanutoem.com\/manufacturer\/chocolate-peanut-butter\/","url":"https:\/\/www.peanutoem.com\/manufacturer\/chocolate-peanut-butter\/","name":"Chocolate Peanut Butter Manufacturer OEM - China Peanut Butter Factory","isPartOf":{"@id":"https:\/\/www.peanutoem.com\/#website"},"primaryImageOfPage":{"@id":"https:\/\/www.peanutoem.com\/manufacturer\/chocolate-peanut-butter\/#primaryimage"},"image":{"@id":"https:\/\/www.peanutoem.com\/manufacturer\/chocolate-peanut-butter\/#primaryimage"},"thumbnailUrl":"https:\/\/www.peanutoem.com\/wp-content\/uploads\/2024\/09\/Peanut-Butter-Chocolate-Flavor.webp","datePublished":"2024-09-10T12:30:11+00:00","dateModified":"2024-10-06T09:55:00+00:00","description":"Leading chocolate peanut butter OEM private label manufacturer and exporter. Discover premium, customized chocolate peanut butter from us.","breadcrumb":{"@id":"https:\/\/www.peanutoem.com\/manufacturer\/chocolate-peanut-butter\/#breadcrumb"},"inLanguage":"pt-PT","potentialAction":[{"@type":"ReadAction","target":["https:\/\/www.peanutoem.com\/manufacturer\/chocolate-peanut-butter\/"]}]},{"@type":"ImageObject","inLanguage":"pt-PT","@id":"https:\/\/www.peanutoem.com\/manufacturer\/chocolate-peanut-butter\/#primaryimage","url":"https:\/\/www.peanutoem.com\/wp-content\/uploads\/2024\/09\/Peanut-Butter-Chocolate-Flavor.webp","contentUrl":"https:\/\/www.peanutoem.com\/wp-content\/uploads\/2024\/09\/Peanut-Butter-Chocolate-Flavor.webp","width":819,"height":975,"caption":"Peanut Butter Chocolate Flavor"},{"@type":"BreadcrumbList","@id":"https:\/\/www.peanutoem.com\/manufacturer\/chocolate-peanut-butter\/#breadcrumb","itemListElement":[{"@type":"ListItem","position":1,"name":"Home","item":"https:\/\/www.peanutoem.com\/"},{"@type":"ListItem","position":2,"name":"Products","item":"https:\/\/www.peanutoem.com\/shop\/"},{"@type":"ListItem","position":3,"name":"Chocolate Peanut Butter"}]},{"@type":"WebSite","@id":"https:\/\/www.peanutoem.com\/#website","url":"https:\/\/www.peanutoem.com\/","name":"Peanut Butter Factory","description":"Peanut Butter Manufacturer and Roast Peanut OEM Factory | Peanut Private Label China Supplier","publisher":{"@id":"https:\/\/www.peanutoem.com\/#organization"},"alternateName":"Peanut Butter OEM and Wholesale","potentialAction":[{"@type":"SearchAction","target":{"@type":"EntryPoint","urlTemplate":"https:\/\/www.peanutoem.com\/?s={search_term_string}"},"query-input":{"@type":"PropertyValueSpecification","valueRequired":true,"valueName":"search_term_string"}}],"inLanguage":"pt-PT"},{"@type":"Organization","@id":"https:\/\/www.peanutoem.com\/#organization","name":"Peanut Butter Factory","alternateName":"JuFeng Group","url":"https:\/\/www.peanutoem.com\/","logo":{"@type":"ImageObject","inLanguage":"pt-PT","@id":"https:\/\/www.peanutoem.com\/#\/schema\/logo\/image\/","url":"https:\/\/www.peanutoem.com\/wp-content\/uploads\/2024\/09\/JUFENG-LOGO.png","contentUrl":"https:\/\/www.peanutoem.com\/wp-content\/uploads\/2024\/09\/JUFENG-LOGO.png","width":600,"height":170,"caption":"Peanut Butter Factory"},"image":{"@id":"https:\/\/www.peanutoem.com\/#\/schema\/logo\/image\/"}}]}},"_links":{"self":[{"href":"https:\/\/www.peanutoem.com\/pt\/wp-json\/wp\/v2\/product\/1638","targetHints":{"allow":["GET"]}}],"collection":[{"href":"https:\/\/www.peanutoem.com\/pt\/wp-json\/wp\/v2\/product"}],"about":[{"href":"https:\/\/www.peanutoem.com\/pt\/wp-json\/wp\/v2\/types\/product"}],"replies":[{"embeddable":true,"href":"https:\/\/www.peanutoem.com\/pt\/wp-json\/wp\/v2\/comments?post=1638"}],"wp:featuredmedia":[{"embeddable":true,"href":"https:\/\/www.peanutoem.com\/pt\/wp-json\/wp\/v2\/media\/1671"}],"wp:attachment":[{"href":"https:\/\/www.peanutoem.com\/pt\/wp-json\/wp\/v2\/media?parent=1638"}],"wp:term":[{"taxonomy":"product_cat","embeddable":true,"href":"https:\/\/www.peanutoem.com\/pt\/wp-json\/wp\/v2\/product_cat?post=1638"},{"taxonomy":"product_tag","embeddable":true,"href":"https:\/\/www.peanutoem.com\/pt\/wp-json\/wp\/v2\/product_tag?post=1638"}],"curies":[{"name":"wp","href":"https:\/\/api.w.org\/{rel}","templated":true}]}}