{"id":1545,"date":"2024-09-02T13:38:22","date_gmt":"2024-09-02T13:38:22","guid":{"rendered":"https:\/\/www.peanutoem.com\/?post_type=product&#038;p=1545"},"modified":"2024-09-28T05:39:23","modified_gmt":"2024-09-28T05:39:23","slug":"stabilized-peanut-butter","status":"publish","type":"product","link":"https:\/\/www.peanutoem.com\/pt_br\/manufacturer\/stabilized-peanut-butter\/","title":{"rendered":"Manteiga de amendoim estabilizada"},"content":{"rendered":"<h3>O que \u00e9 manteiga de amendoim estabilizada?<\/h3>\n<p>Estabilizado <a href=\"https:\/\/www.peanutoem.com\/pt_br\/Wholesale\/peanut-butter\/\" target=\"_blank\" rel=\"noopener\">manteiga de amendoim<\/a> \u00e9 um produto especialmente formulado <a href=\"https:\/\/en.wikipedia.org\/wiki\/Peanut\" target=\"_blank\" rel=\"noopener\">amendoim<\/a> manteiga que ret\u00e9m sua textura sedosa e cremosa ao longo do tempo sem a separa\u00e7\u00e3o \u00f3leo-\u00e1gua que ocorre ao longo do tempo. Ao contr\u00e1rio da manteiga de amendoim natural comum, que tende a se separar naturalmente em camadas de \u00f3leo de amendoim na parte superior e migalhas s\u00f3lidas de amendoim na parte inferior, a manteiga de amendoim estabilizada \u00e9 habilmente misturada com estabilizadores naturais, como \u00f3leos vegetais ou emulsificantes, para garantir uma textura uniforme. Essa caracter\u00edstica a torna a melhor escolha para consumidores que buscam conveni\u00eancia, pois n\u00e3o h\u00e1 necessidade de opera\u00e7\u00f5es adicionais, como mexer antes do uso. A manteiga de amendoim estabilizada \u00e9 popular por sua qualidade consistente e longa vida \u00fatil, e n\u00e3o \u00e9 apenas amada por usu\u00e1rios dom\u00e9sticos, mas tamb\u00e9m \u00e9 amplamente usada na ind\u00fastria aliment\u00edcia.<\/p>\n<h3>Quais s\u00e3o outros nomes?<\/h3>\n<p>A manteiga de amendoim estabilizada pode ser chamada por v\u00e1rios nomes, incluindo:<\/p>\n<ul>\n<li>Pasta cremosa de amendoim<\/li>\n<li>Manteiga de amendoim cremosa estabilizada<\/li>\n<li>Manteiga de amendoim emulsionada<\/li>\n<li>Manteiga de amendoim homog\u00eanea ou homogeneizada<\/li>\n<li>Pasta de amendoim de longa dura\u00e7\u00e3o<\/li>\n<li>Manteiga de amendoim sem mexer<\/li>\n<li>Manteiga de amendoim n\u00e3o separ\u00e1vel<\/li>\n<li>Manteiga de amendoim processada<\/li>\n<li>Manteiga de amendoim est\u00e1vel em prateleira<\/li>\n<li>Manteiga de amendoim para barrar suave<\/li>\n<li>Manteiga de amendoim suave e est\u00e1vel na prateleira<\/li>\n<\/ul>\n<h3><strong>T\u00f3picos quentes sobre manteiga de amendoim estabilizada<\/strong><\/h3>\n<ol>\n<li><strong> Benef\u00edcios: <\/strong>A manteiga de amendoim estabilizada oferece v\u00e1rias vantagens, incluindo uma textura uniforme que n\u00e3o requer agita\u00e7\u00e3o e uma vida \u00fatil mais longa. \u00c9 ideal para uso em receitas e como uma pasta onde a textura consistente \u00e9 crucial.<\/li>\n<li><strong> Aplica\u00e7\u00f5es na fabrica\u00e7\u00e3o de alimentos:\u00a0<\/strong>Devido \u00e0 sua estabilidade, \u00e9 amplamente utilizado na fabrica\u00e7\u00e3o de alimentos. Serve como ingrediente em v\u00e1rios produtos, como barras de lanche, molhos e assados, onde consist\u00eancia e qualidade s\u00e3o essenciais.<\/li>\n<li><strong> Prefer\u00eancias e tend\u00eancias do consumidor: <\/strong>Os consumidores preferem cada vez mais a manteiga de amendoim estabilizada por sua conveni\u00eancia e confiabilidade. \u00c0 medida que as mudan\u00e7as no estilo de vida levam a agendas mais ocupadas, produtos que oferecem armazenamento e prepara\u00e7\u00e3o sem complica\u00e7\u00f5es est\u00e3o ganhando popularidade.<\/li>\n<li><strong> Aspectos nutricionais: <\/strong>A manteiga de amendoim estabilizada mant\u00e9m seu perfil nutricional enquanto oferece um produto est\u00e1vel e consistente. Ela fornece nutrientes essenciais como prote\u00edna, gorduras saud\u00e1veis e vitaminas, tornando-a uma escolha saud\u00e1vel para v\u00e1rias dietas.<\/li>\n<\/ol>\n<h3><strong>Por que nos escolher como seu fornecedor?<\/strong><\/h3>\n<ol>\n<li><strong>Por que voc\u00eas s\u00e3o a melhor escolha para servi\u00e7os OEM de manteiga de amendoim estabilizada?<\/strong><br \/>\nOferecemos solu\u00e7\u00f5es personalizadas, produtos de alta qualidade e ampla experi\u00eancia em fabrica\u00e7\u00e3o e exporta\u00e7\u00e3o globais.<\/li>\n<li><strong>Voc\u00ea pode ajustar a textura, a consist\u00eancia e as formula\u00e7\u00f5es?<\/strong><br \/>\nSim, podemos personalizar a textura e desenvolver formula\u00e7\u00f5es exclusivas para atender \u00e0s suas necessidades espec\u00edficas e prefer\u00eancias do consumidor.<\/li>\n<li><strong>Quais op\u00e7\u00f5es de embalagem est\u00e3o dispon\u00edveis?<\/strong><br \/>\nOferecemos v\u00e1rios formatos de embalagens personaliz\u00e1veis, incluindo potes, bolsas e recipientes para granel, adaptados para atender \u00e0s necessidades da sua marca.<\/li>\n<li><strong>Est\u00e1 dispon\u00edvel em op\u00e7\u00f5es org\u00e2nicas?<\/strong><br \/>\nAbsolutamente! N\u00f3s fornecemos manteiga de amendoim estabilizada feita com amendoim org\u00e2nico e ingredientes naturais.<\/li>\n<li><strong>Como voc\u00eas garantem a qualidade?<\/strong><br \/>\nNossos rigorosos processos de controle de qualidade e certifica\u00e7\u00f5es, como HACCP, BRCGS e Kosher, garantem que cada lote atenda aos mais altos padr\u00f5es.<\/li>\n<li><strong>Quais s\u00e3o os prazos de produ\u00e7\u00e3o e envio?<\/strong><br \/>\nOs prazos de entrega variam de acordo com o volume do pedido e o destino, mas garantimos uma produ\u00e7\u00e3o eficiente e entregas pontuais, geralmente em poucas semanas.<\/li>\n<li><strong>Voc\u00eas lidam com exporta\u00e7\u00f5es internacionais?<\/strong><br \/>\nSim, gerenciamos todos os aspectos do envio global e da conformidade para garantir uma entrega tranquila.<\/li>\n<li><strong>Quais certifica\u00e7\u00f5es voc\u00ea possui?<\/strong><br \/>\nNossa manteiga de amendoim estabilizada \u00e9 certificada pelas normas HACCP, Kosher, Halal, BRCGS e outras normas relevantes, garantindo a seguran\u00e7a e a qualidade do produto.<\/li>\n<li><strong>Podemos solicitar amostras antes de fazer um pedido completo?<\/strong><br \/>\nSim, fornecemos lotes de amostra para teste, garantindo que eles atendam \u00e0s suas expectativas antes de um compromisso maior.<\/li>\n<\/ol>\n<h3><strong>Fatos sobre a manteiga de amendoim estabilizada\u00a0<\/strong><\/h3>\n<ol>\n<li><strong>Sem Separa\u00e7\u00e3o:<\/strong> A manteiga de amendoim estabilizada n\u00e3o se separa em \u00f3leo e s\u00f3lidos, garantindo uma textura consistente durante toda a sua vida \u00fatil.<\/li>\n<li><strong>Vida \u00fatil estendida:<\/strong> Ela tem um prazo de validade maior em compara\u00e7\u00e3o \u00e0 manteiga de amendoim tradicional, reduzindo a necessidade de recompras frequentes e desperd\u00edcios.<\/li>\n<li><strong>Conveni\u00eancia:<\/strong> Ideal para uso em uma variedade de aplica\u00e7\u00f5es onde uma consist\u00eancia est\u00e1vel e espalh\u00e1vel \u00e9 crucial, como na fabrica\u00e7\u00e3o de alimentos e produtos de varejo.<\/li>\n<li><strong>Reten\u00e7\u00e3o de nutrientes:<\/strong> Apesar de sua estabilidade, ele mant\u00e9m os benef\u00edcios nutricionais do amendoim, incluindo prote\u00ednas, gorduras saud\u00e1veis e vitaminas essenciais.<\/li>\n<li><strong>Uso vers\u00e1til:<\/strong> Adequado para uma variedade de produtos, desde pastas e salgadinhos at\u00e9 bases de ingredientes em alimentos processados.<\/li>\n<\/ol>\n<a href=\"mailto:globepeanut@gmail.com\" class=\"button primary is-primary is-medium\"  >\n    <span>Envie-nos um e-mail<\/span>\n  <\/a>","protected":false},"excerpt":{"rendered":"<table width=\"564\">\n<tbody>\n<tr>\n<td width=\"113\"><strong>Nome do produto<\/strong><\/td>\n<td width=\"402\">Manteiga de amendoim estabilizada<\/td>\n<\/tr>\n<tr>\n<td width=\"113\"><strong>Especifica\u00e7\u00f5es<\/strong><\/td>\n<td width=\"402\">10 kg x 1, 20 kg x 1, 22 kg x 1<\/td>\n<\/tr>\n<tr>\n<td width=\"113\"><strong>Formul\u00e1rio de embalagem<\/strong><\/td>\n<td width=\"402\">Jarro, balde, Doy Pack, saco, caixa, lata, barril, lata, garrafa, etc.<\/td>\n<\/tr>\n<tr>\n<td width=\"113\"><strong>Prazo de entrega<\/strong><\/td>\n<td width=\"402\">7 a 20 dias ap\u00f3s o pedido<\/td>\n<\/tr>\n<tr>\n<td width=\"113\"><strong>Quantidade m\u00ednima<\/strong><\/td>\n<td width=\"402\">Uma tonelada<\/td>\n<\/tr>\n<tr>\n<td width=\"113\"><strong>Amostra<\/strong><\/td>\n<td width=\"402\">Amostra gr\u00e1tis dispon\u00edvel<\/td>\n<\/tr>\n<tr>\n<td width=\"113\"><strong>Fabricante original de equipamento original<\/strong><\/td>\n<td width=\"402\">Etiqueta do comprador aceita<\/td>\n<\/tr>\n<\/tbody>\n<\/table>","protected":false},"featured_media":1692,"comment_status":"open","ping_status":"closed","template":"","meta":[],"product_cat":[15],"product_tag":[],"class_list":{"0":"post-1545","1":"product","2":"type-product","3":"status-publish","4":"has-post-thumbnail","6":"product_cat-peanut-butter","8":"first","9":"instock","10":"shipping-taxable","11":"product-type-simple"},"yoast_head":"<!-- This site is optimized with the Yoast SEO plugin v24.9 - https:\/\/yoast.com\/wordpress\/plugins\/seo\/ -->\n<title>Stabilized Peanut Butter China Producer - Peanut Butter Factory<\/title>\n<meta name=\"description\" content=\"Leading stabilized peanut butter OEM private label manufacturer and exporter. High-quality and packaging customized to meet global market demands.\" \/>\n<meta name=\"robots\" content=\"index, follow, max-snippet:-1, max-image-preview:large, max-video-preview:-1\" \/>\n<link rel=\"canonical\" href=\"https:\/\/www.peanutoem.com\/pt_br\/manufacturer\/stabilized-peanut-butter\/\" \/>\n<meta property=\"og:locale\" content=\"pt_BR\" \/>\n<meta property=\"og:type\" content=\"article\" \/>\n<meta property=\"og:title\" content=\"Stabilized Peanut Butter China Producer - Peanut Butter Factory\" \/>\n<meta property=\"og:description\" content=\"Leading stabilized peanut butter OEM private label manufacturer and exporter. High-quality and packaging customized to meet global market demands.\" \/>\n<meta property=\"og:url\" content=\"https:\/\/www.peanutoem.com\/pt_br\/manufacturer\/stabilized-peanut-butter\/\" \/>\n<meta property=\"og:site_name\" content=\"Peanut Butter Factory\" \/>\n<meta property=\"article:modified_time\" content=\"2024-09-28T05:39:23+00:00\" \/>\n<meta property=\"og:image\" content=\"https:\/\/www.peanutoem.com\/wp-content\/uploads\/2024\/09\/Stabilized-Peanut-Butter-in-Jar.webp\" \/>\n\t<meta property=\"og:image:width\" content=\"1000\" \/>\n\t<meta property=\"og:image:height\" content=\"1000\" \/>\n\t<meta property=\"og:image:type\" content=\"image\/webp\" \/>\n<meta name=\"twitter:card\" content=\"summary_large_image\" \/>\n<meta name=\"twitter:label1\" content=\"Est. tempo de leitura\" \/>\n\t<meta name=\"twitter:data1\" content=\"4 minutos\" \/>\n<script type=\"application\/ld+json\" class=\"yoast-schema-graph\">{\"@context\":\"https:\/\/schema.org\",\"@graph\":[{\"@type\":\"WebPage\",\"@id\":\"https:\/\/www.peanutoem.com\/manufacturer\/stabilized-peanut-butter\/\",\"url\":\"https:\/\/www.peanutoem.com\/manufacturer\/stabilized-peanut-butter\/\",\"name\":\"Stabilized Peanut Butter China Producer - Peanut Butter Factory\",\"isPartOf\":{\"@id\":\"https:\/\/www.peanutoem.com\/#website\"},\"primaryImageOfPage\":{\"@id\":\"https:\/\/www.peanutoem.com\/manufacturer\/stabilized-peanut-butter\/#primaryimage\"},\"image\":{\"@id\":\"https:\/\/www.peanutoem.com\/manufacturer\/stabilized-peanut-butter\/#primaryimage\"},\"thumbnailUrl\":\"https:\/\/www.peanutoem.com\/wp-content\/uploads\/2024\/09\/Stabilized-Peanut-Butter-in-Jar.webp\",\"datePublished\":\"2024-09-02T13:38:22+00:00\",\"dateModified\":\"2024-09-28T05:39:23+00:00\",\"description\":\"Leading stabilized peanut butter OEM private label manufacturer and exporter. High-quality and packaging customized to meet global market demands.\",\"breadcrumb\":{\"@id\":\"https:\/\/www.peanutoem.com\/manufacturer\/stabilized-peanut-butter\/#breadcrumb\"},\"inLanguage\":\"pt-BR\",\"potentialAction\":[{\"@type\":\"ReadAction\",\"target\":[\"https:\/\/www.peanutoem.com\/manufacturer\/stabilized-peanut-butter\/\"]}]},{\"@type\":\"ImageObject\",\"inLanguage\":\"pt-BR\",\"@id\":\"https:\/\/www.peanutoem.com\/manufacturer\/stabilized-peanut-butter\/#primaryimage\",\"url\":\"https:\/\/www.peanutoem.com\/wp-content\/uploads\/2024\/09\/Stabilized-Peanut-Butter-in-Jar.webp\",\"contentUrl\":\"https:\/\/www.peanutoem.com\/wp-content\/uploads\/2024\/09\/Stabilized-Peanut-Butter-in-Jar.webp\",\"width\":1000,\"height\":1000,\"caption\":\"Stabilized Peanut Butter in Jar\"},{\"@type\":\"BreadcrumbList\",\"@id\":\"https:\/\/www.peanutoem.com\/manufacturer\/stabilized-peanut-butter\/#breadcrumb\",\"itemListElement\":[{\"@type\":\"ListItem\",\"position\":1,\"name\":\"Home\",\"item\":\"https:\/\/www.peanutoem.com\/\"},{\"@type\":\"ListItem\",\"position\":2,\"name\":\"Products\",\"item\":\"https:\/\/www.peanutoem.com\/shop\/\"},{\"@type\":\"ListItem\",\"position\":3,\"name\":\"Stabilized Peanut Butter\"}]},{\"@type\":\"WebSite\",\"@id\":\"https:\/\/www.peanutoem.com\/#website\",\"url\":\"https:\/\/www.peanutoem.com\/\",\"name\":\"Peanut Butter Factory\",\"description\":\"Peanut Butter Manufacturer and Roast Peanut OEM Factory | Peanut Private Label China Supplier\",\"publisher\":{\"@id\":\"https:\/\/www.peanutoem.com\/#organization\"},\"alternateName\":\"Peanut Butter OEM and Wholesale\",\"potentialAction\":[{\"@type\":\"SearchAction\",\"target\":{\"@type\":\"EntryPoint\",\"urlTemplate\":\"https:\/\/www.peanutoem.com\/?s={search_term_string}\"},\"query-input\":{\"@type\":\"PropertyValueSpecification\",\"valueRequired\":true,\"valueName\":\"search_term_string\"}}],\"inLanguage\":\"pt-BR\"},{\"@type\":\"Organization\",\"@id\":\"https:\/\/www.peanutoem.com\/#organization\",\"name\":\"Peanut Butter Factory\",\"alternateName\":\"JuFeng Group\",\"url\":\"https:\/\/www.peanutoem.com\/\",\"logo\":{\"@type\":\"ImageObject\",\"inLanguage\":\"pt-BR\",\"@id\":\"https:\/\/www.peanutoem.com\/#\/schema\/logo\/image\/\",\"url\":\"https:\/\/www.peanutoem.com\/wp-content\/uploads\/2024\/09\/JUFENG-LOGO.png\",\"contentUrl\":\"https:\/\/www.peanutoem.com\/wp-content\/uploads\/2024\/09\/JUFENG-LOGO.png\",\"width\":600,\"height\":170,\"caption\":\"Peanut Butter Factory\"},\"image\":{\"@id\":\"https:\/\/www.peanutoem.com\/#\/schema\/logo\/image\/\"}}]}<\/script>\n<!-- \/ Yoast SEO plugin. -->","yoast_head_json":{"title":"Stabilized Peanut Butter China Producer - Peanut Butter Factory","description":"Leading stabilized peanut butter OEM private label manufacturer and exporter. High-quality and packaging customized to meet global market demands.","robots":{"index":"index","follow":"follow","max-snippet":"max-snippet:-1","max-image-preview":"max-image-preview:large","max-video-preview":"max-video-preview:-1"},"canonical":"https:\/\/www.peanutoem.com\/pt_br\/manufacturer\/stabilized-peanut-butter\/","og_locale":"pt_BR","og_type":"article","og_title":"Stabilized Peanut Butter China Producer - Peanut Butter Factory","og_description":"Leading stabilized peanut butter OEM private label manufacturer and exporter. High-quality and packaging customized to meet global market demands.","og_url":"https:\/\/www.peanutoem.com\/pt_br\/manufacturer\/stabilized-peanut-butter\/","og_site_name":"Peanut Butter Factory","article_modified_time":"2024-09-28T05:39:23+00:00","og_image":[{"width":1000,"height":1000,"url":"https:\/\/www.peanutoem.com\/wp-content\/uploads\/2024\/09\/Stabilized-Peanut-Butter-in-Jar.webp","type":"image\/webp"}],"twitter_card":"summary_large_image","twitter_misc":{"Est. tempo de leitura":"4 minutos"},"schema":{"@context":"https:\/\/schema.org","@graph":[{"@type":"WebPage","@id":"https:\/\/www.peanutoem.com\/manufacturer\/stabilized-peanut-butter\/","url":"https:\/\/www.peanutoem.com\/manufacturer\/stabilized-peanut-butter\/","name":"Stabilized Peanut Butter China Producer - Peanut Butter Factory","isPartOf":{"@id":"https:\/\/www.peanutoem.com\/#website"},"primaryImageOfPage":{"@id":"https:\/\/www.peanutoem.com\/manufacturer\/stabilized-peanut-butter\/#primaryimage"},"image":{"@id":"https:\/\/www.peanutoem.com\/manufacturer\/stabilized-peanut-butter\/#primaryimage"},"thumbnailUrl":"https:\/\/www.peanutoem.com\/wp-content\/uploads\/2024\/09\/Stabilized-Peanut-Butter-in-Jar.webp","datePublished":"2024-09-02T13:38:22+00:00","dateModified":"2024-09-28T05:39:23+00:00","description":"Leading stabilized peanut butter OEM private label manufacturer and exporter. High-quality and packaging customized to meet global market demands.","breadcrumb":{"@id":"https:\/\/www.peanutoem.com\/manufacturer\/stabilized-peanut-butter\/#breadcrumb"},"inLanguage":"pt-BR","potentialAction":[{"@type":"ReadAction","target":["https:\/\/www.peanutoem.com\/manufacturer\/stabilized-peanut-butter\/"]}]},{"@type":"ImageObject","inLanguage":"pt-BR","@id":"https:\/\/www.peanutoem.com\/manufacturer\/stabilized-peanut-butter\/#primaryimage","url":"https:\/\/www.peanutoem.com\/wp-content\/uploads\/2024\/09\/Stabilized-Peanut-Butter-in-Jar.webp","contentUrl":"https:\/\/www.peanutoem.com\/wp-content\/uploads\/2024\/09\/Stabilized-Peanut-Butter-in-Jar.webp","width":1000,"height":1000,"caption":"Stabilized Peanut Butter in Jar"},{"@type":"BreadcrumbList","@id":"https:\/\/www.peanutoem.com\/manufacturer\/stabilized-peanut-butter\/#breadcrumb","itemListElement":[{"@type":"ListItem","position":1,"name":"Home","item":"https:\/\/www.peanutoem.com\/"},{"@type":"ListItem","position":2,"name":"Products","item":"https:\/\/www.peanutoem.com\/shop\/"},{"@type":"ListItem","position":3,"name":"Stabilized Peanut Butter"}]},{"@type":"WebSite","@id":"https:\/\/www.peanutoem.com\/#website","url":"https:\/\/www.peanutoem.com\/","name":"Peanut Butter Factory","description":"Peanut Butter Manufacturer and Roast Peanut OEM Factory | Peanut Private Label China Supplier","publisher":{"@id":"https:\/\/www.peanutoem.com\/#organization"},"alternateName":"Peanut Butter OEM and Wholesale","potentialAction":[{"@type":"SearchAction","target":{"@type":"EntryPoint","urlTemplate":"https:\/\/www.peanutoem.com\/?s={search_term_string}"},"query-input":{"@type":"PropertyValueSpecification","valueRequired":true,"valueName":"search_term_string"}}],"inLanguage":"pt-BR"},{"@type":"Organization","@id":"https:\/\/www.peanutoem.com\/#organization","name":"Peanut Butter Factory","alternateName":"JuFeng Group","url":"https:\/\/www.peanutoem.com\/","logo":{"@type":"ImageObject","inLanguage":"pt-BR","@id":"https:\/\/www.peanutoem.com\/#\/schema\/logo\/image\/","url":"https:\/\/www.peanutoem.com\/wp-content\/uploads\/2024\/09\/JUFENG-LOGO.png","contentUrl":"https:\/\/www.peanutoem.com\/wp-content\/uploads\/2024\/09\/JUFENG-LOGO.png","width":600,"height":170,"caption":"Peanut Butter Factory"},"image":{"@id":"https:\/\/www.peanutoem.com\/#\/schema\/logo\/image\/"}}]}},"_links":{"self":[{"href":"https:\/\/www.peanutoem.com\/pt_br\/wp-json\/wp\/v2\/product\/1545","targetHints":{"allow":["GET"]}}],"collection":[{"href":"https:\/\/www.peanutoem.com\/pt_br\/wp-json\/wp\/v2\/product"}],"about":[{"href":"https:\/\/www.peanutoem.com\/pt_br\/wp-json\/wp\/v2\/types\/product"}],"replies":[{"embeddable":true,"href":"https:\/\/www.peanutoem.com\/pt_br\/wp-json\/wp\/v2\/comments?post=1545"}],"wp:featuredmedia":[{"embeddable":true,"href":"https:\/\/www.peanutoem.com\/pt_br\/wp-json\/wp\/v2\/media\/1692"}],"wp:attachment":[{"href":"https:\/\/www.peanutoem.com\/pt_br\/wp-json\/wp\/v2\/media?parent=1545"}],"wp:term":[{"taxonomy":"product_cat","embeddable":true,"href":"https:\/\/www.peanutoem.com\/pt_br\/wp-json\/wp\/v2\/product_cat?post=1545"},{"taxonomy":"product_tag","embeddable":true,"href":"https:\/\/www.peanutoem.com\/pt_br\/wp-json\/wp\/v2\/product_tag?post=1545"}],"curies":[{"name":"wp","href":"https:\/\/api.w.org\/{rel}","templated":true}]}}