{"id":1553,"date":"2024-09-02T13:58:23","date_gmt":"2024-09-02T13:58:23","guid":{"rendered":"https:\/\/www.peanutoem.com\/?post_type=product&#038;p=1553"},"modified":"2024-09-24T15:21:33","modified_gmt":"2024-09-24T15:21:33","slug":"roasted-peanut-kernels","status":"publish","type":"product","link":"https:\/\/www.peanutoem.com\/pt_br\/manufacturer\/roasted-peanut-kernels\/","title":{"rendered":"Amendoim torrado"},"content":{"rendered":"<h3>O que s\u00e3o gr\u00e3os de amendoim torrados?<\/h3>\n<p>Os gr\u00e3os de amendoim torrados s\u00e3o a parte comest\u00edvel da casca do amendoim que foi cuidadosamente torrada. O processo de torrefa\u00e7\u00e3o melhora muito o sabor e o gosto dos amendoins. Ele d\u00e1 aos amendoins um aroma atraente de nozes e uma textura crocante, tornando-os uma escolha popular de lanche e um ingrediente indispens\u00e1vel em muitos alimentos. Esses gr\u00e3os de amendoim torrados t\u00eam uma ampla gama de usos, desde a fabrica\u00e7\u00e3o cl\u00e1ssica de manteiga de amendoim at\u00e9 combina\u00e7\u00f5es criativas em lanches e doces assados, at\u00e9 adicionar um sabor \u00fanico a pratos saborosos.<\/p>\n<h3>Quais s\u00e3o outros nomes para gr\u00e3os de amendoim torrados?<\/h3>\n<p>Os gr\u00e3os de amendoim torrados s\u00e3o algumas vezes chamados por nomes alternativos dependendo da regi\u00e3o ou de sua aplica\u00e7\u00e3o. Nomes comuns incluem:<\/p>\n<ul>\n<li><strong>Amendoins torrados<\/strong> (usado em certos pa\u00edses)<\/li>\n<li><strong>Amendoim torrado seco<\/strong><\/li>\n<li><strong>Amendoim Torrado<\/strong><\/li>\n<li><strong>Nozes torradas<\/strong><\/li>\n<\/ul>\n<p>Essas varia\u00e7\u00f5es enfatizam o mesmo produto delicioso e vers\u00e1til, feito de amendoim torrado, adaptado a diferentes ind\u00fastrias e gostos.<\/p>\n<h3>Por que nos escolher como seu fornecedor OEM de gr\u00e3os de amendoim torrados?<\/h3>\n<p>Escolhendo <strong>Grupo JuFeng da China<\/strong> significa fazer parceria com um dos fornecedores de amendoim torrado e fabricantes de marca pr\u00f3pria mais confi\u00e1veis do setor. Eis por que nos destacamos:<\/p>\n<ul>\n<li><strong>Produ\u00e7\u00e3o de \u00faltima gera\u00e7\u00e3o<\/strong>: Com duas linhas de produ\u00e7\u00e3o avan\u00e7adas importadas dos EUA, entregamos gr\u00e3os de amendoim torrados de alta qualidade e em grande escala.<\/li>\n<li><strong>Solu\u00e7\u00f5es OEM personaliz\u00e1veis<\/strong>:Oferecemos servi\u00e7os flex\u00edveis de OEM e de marca pr\u00f3pria, permitindo que os clientes personalizem especifica\u00e7\u00f5es de produtos, embalagens e muito mais para atender \u00e0s necessidades espec\u00edficas do mercado.<\/li>\n<li><strong>Certifica\u00e7\u00f5es e conformidade<\/strong>: Nossos produtos atendem aos padr\u00f5es globais de seguran\u00e7a e qualidade, certificados pelas certifica\u00e7\u00f5es BRC, HACCP, Kosher, Halal e EU Organic.<\/li>\n<li><strong>Exportador confi\u00e1vel<\/strong>:Como exportador l\u00edder, estabelecemos parcerias com grandes supermercados e marcas de alimentos em todo o mundo.<\/li>\n<li><strong>Experi\u00eancia em cadeia de suprimentos<\/strong>: Do processamento ao armazenamento, garantimos entrega pontual e controle de qualidade com nossas instala\u00e7\u00f5es com temperatura controlada e constru\u00eddas por n\u00f3s mesmos.<\/li>\n<\/ul>\n<h3>T\u00f3picos quentes sobre gr\u00e3os de amendoim torrados<\/h3>\n<ul>\n<li><strong>Sustentabilidade na Agricultura de Amendoim<\/strong>: Os gr\u00e3os de amendoim torrados, assim como outros produtos de amendoim, t\u00eam um baixo impacto ambiental em compara\u00e7\u00e3o a outras nozes, o que os torna uma escolha ecologicamente correta para os fabricantes de alimentos.<\/li>\n<li><strong>Benef\u00edcios para a sa\u00fade<\/strong>: Amendoins torrados s\u00e3o ricos em prote\u00ednas, gorduras saud\u00e1veis e fibras, oferecendo aos consumidores uma op\u00e7\u00e3o de lanche nutritivo.<\/li>\n<li><strong>Inova\u00e7\u00f5es no processamento de amendoim<\/strong>:A ind\u00fastria do amendoim est\u00e1 em constante evolu\u00e7\u00e3o com novas t\u00e9cnicas de torra que real\u00e7am o sabor e preservam os nutrientes.<\/li>\n<\/ul>\n<h3>Escolhendo-nos e fatos sobre gr\u00e3os de amendoim torrados<\/h3>\n<p><strong>1. O que torna o China JuFeng Group um fornecedor l\u00edder de gr\u00e3os de amendoim torrados?<\/strong><br \/>\nCombinamos tecnologia de ponta, vasta experi\u00eancia e personaliza\u00e7\u00e3o superior de produtos para fornecer gr\u00e3os de amendoim torrados de alta qualidade aos mercados globais.<\/p>\n<p><strong>2. Voc\u00eas oferecem servi\u00e7os de marca pr\u00f3pria para gr\u00e3os de amendoim torrados?<\/strong><br \/>\nSim, oferecemos solu\u00e7\u00f5es flex\u00edveis de marca pr\u00f3pria, permitindo que voc\u00ea adapte a embalagem do produto, a marca e as especifica\u00e7\u00f5es do kernel para atender \u00e0s necessidades da sua marca.<\/p>\n<p><strong>3. Posso encomendar gr\u00e3os de amendoim torrados a granel?<\/strong><br \/>\nCom certeza, oferecemos op\u00e7\u00f5es de compra em grandes quantidades para atender empresas de todos os tamanhos, incluindo varejistas, atacadistas e fabricantes de alimentos.<\/p>\n<p><strong>4. Quais certifica\u00e7\u00f5es seus gr\u00e3os de amendoim torrados t\u00eam?<\/strong><br \/>\nNossos produtos atendem a rigorosos padr\u00f5es e certifica\u00e7\u00f5es internacionais, incluindo HACCP, BRC, Kosher, Halal e Org\u00e2nico da UE.<\/p>\n<p><strong>5. Como voc\u00ea garante a qualidade dos seus gr\u00e3os de amendoim torrados?<\/strong><br \/>\nTemos um laborat\u00f3rio interno dedicado para conduzir testes completos, garantindo que cada lote atenda aos altos padr\u00f5es sensoriais, f\u00edsicos, qu\u00edmicos e microbianos.<\/p>\n<p><strong>6. \u00c9 poss\u00edvel personalizar o n\u00edvel de torra dos gr\u00e3os de amendoim?<\/strong><br \/>\nSim, oferecemos n\u00edveis de torra personaliz\u00e1veis (torra clara, m\u00e9dia ou escura) com base nas prefer\u00eancias do cliente e nas exig\u00eancias do mercado.<\/p>\n<p><strong>7. Como os gr\u00e3os de amendoim torrados s\u00e3o armazenados para manter o frescor?<\/strong><br \/>\nNossos gr\u00e3os s\u00e3o armazenados em instala\u00e7\u00f5es com temperatura controlada que evitam a deteriora\u00e7\u00e3o e mant\u00eam a integridade do produto durante o transporte e o manuseio.<\/p>\n<p><strong>8. Voc\u00eas exportam gr\u00e3os de amendoim torrados internacionalmente?<\/strong><br \/>\nSim, somos um exportador experiente com uma rede global, fornecendo gr\u00e3os de amendoim torrados para uma variedade de mercados em diferentes continentes.<\/p>\n<p><strong>9. Seus gr\u00e3os de amendoim torrados s\u00e3o adequados para uso na produ\u00e7\u00e3o de manteiga de amendoim?<\/strong><br \/>\nCom certeza, nossos gr\u00e3os de amendoim torrados s\u00e3o ideais para uso na fabrica\u00e7\u00e3o de manteiga de amendoim, oferecendo sabor e textura superiores.<\/p>","protected":false},"excerpt":{"rendered":"<p>Somos fabricantes e fornecedores de gr\u00e3os de amendoim torrados na China<\/p>\n<p>\u2013 Quantidade m\u00ednima: 1 tonelada<br \/>\n\u2013 Servi\u00e7o OEM\/ODM oferecido<br \/>\n\u2013 Amostra gr\u00e1tis dispon\u00edvel<br \/>\n\u2013 Aceitar personaliza\u00e7\u00e3o (especifica\u00e7\u00f5es, cor, tamanhos, embalagem, design, etc.)<\/p>\n<p>Se voc\u00ea quiser obter Amendoim Torrado, entre em contato conosco.<\/p>","protected":false},"featured_media":1697,"comment_status":"open","ping_status":"closed","template":"","meta":[],"product_cat":[37],"product_tag":[],"class_list":{"0":"post-1553","1":"product","2":"type-product","3":"status-publish","4":"has-post-thumbnail","6":"product_cat-roasted-peanut","8":"first","9":"instock","10":"featured","11":"shipping-taxable","12":"product-type-simple"},"yoast_head":"<!-- This site is optimized with the Yoast SEO plugin v24.9 - https:\/\/yoast.com\/wordpress\/plugins\/seo\/ -->\n<title>Roasted Peanut Kernels - Peanut Butter Factory<\/title>\n<meta name=\"description\" content=\"Premium Roasted Peanut Kernels OEM supplier, private label manufacturer, and exporter. Choose us for superior quality and customizable options.\" \/>\n<meta name=\"robots\" content=\"index, follow, max-snippet:-1, max-image-preview:large, max-video-preview:-1\" \/>\n<link rel=\"canonical\" href=\"https:\/\/www.peanutoem.com\/pt_br\/manufacturer\/roasted-peanut-kernels\/\" \/>\n<meta property=\"og:locale\" content=\"pt_BR\" \/>\n<meta property=\"og:type\" content=\"article\" \/>\n<meta property=\"og:title\" content=\"Roasted Peanut Kernels - Peanut Butter Factory\" \/>\n<meta property=\"og:description\" content=\"Premium Roasted Peanut Kernels OEM supplier, private label manufacturer, and exporter. Choose us for superior quality and customizable options.\" \/>\n<meta property=\"og:url\" content=\"https:\/\/www.peanutoem.com\/pt_br\/manufacturer\/roasted-peanut-kernels\/\" \/>\n<meta property=\"og:site_name\" content=\"Peanut Butter Factory\" \/>\n<meta property=\"article:modified_time\" content=\"2024-09-24T15:21:33+00:00\" \/>\n<meta property=\"og:image\" content=\"https:\/\/www.peanutoem.com\/wp-content\/uploads\/2024\/09\/Roasted-Peanut-Kernels-on-plate-scaled.webp\" \/>\n\t<meta property=\"og:image:width\" content=\"2560\" \/>\n\t<meta property=\"og:image:height\" content=\"1707\" \/>\n\t<meta property=\"og:image:type\" content=\"image\/webp\" \/>\n<meta name=\"twitter:card\" content=\"summary_large_image\" \/>\n<meta name=\"twitter:label1\" content=\"Est. tempo de leitura\" \/>\n\t<meta name=\"twitter:data1\" content=\"3 minutos\" \/>\n<script type=\"application\/ld+json\" class=\"yoast-schema-graph\">{\"@context\":\"https:\/\/schema.org\",\"@graph\":[{\"@type\":\"WebPage\",\"@id\":\"https:\/\/www.peanutoem.com\/manufacturer\/roasted-peanut-kernels\/\",\"url\":\"https:\/\/www.peanutoem.com\/manufacturer\/roasted-peanut-kernels\/\",\"name\":\"Roasted Peanut Kernels - Peanut Butter Factory\",\"isPartOf\":{\"@id\":\"https:\/\/www.peanutoem.com\/#website\"},\"primaryImageOfPage\":{\"@id\":\"https:\/\/www.peanutoem.com\/manufacturer\/roasted-peanut-kernels\/#primaryimage\"},\"image\":{\"@id\":\"https:\/\/www.peanutoem.com\/manufacturer\/roasted-peanut-kernels\/#primaryimage\"},\"thumbnailUrl\":\"https:\/\/www.peanutoem.com\/wp-content\/uploads\/2024\/09\/Roasted-Peanut-Kernels-on-plate-scaled.webp\",\"datePublished\":\"2024-09-02T13:58:23+00:00\",\"dateModified\":\"2024-09-24T15:21:33+00:00\",\"description\":\"Premium Roasted Peanut Kernels OEM supplier, private label manufacturer, and exporter. Choose us for superior quality and customizable options.\",\"breadcrumb\":{\"@id\":\"https:\/\/www.peanutoem.com\/manufacturer\/roasted-peanut-kernels\/#breadcrumb\"},\"inLanguage\":\"pt-BR\",\"potentialAction\":[{\"@type\":\"ReadAction\",\"target\":[\"https:\/\/www.peanutoem.com\/manufacturer\/roasted-peanut-kernels\/\"]}]},{\"@type\":\"ImageObject\",\"inLanguage\":\"pt-BR\",\"@id\":\"https:\/\/www.peanutoem.com\/manufacturer\/roasted-peanut-kernels\/#primaryimage\",\"url\":\"https:\/\/www.peanutoem.com\/wp-content\/uploads\/2024\/09\/Roasted-Peanut-Kernels-on-plate-scaled.webp\",\"contentUrl\":\"https:\/\/www.peanutoem.com\/wp-content\/uploads\/2024\/09\/Roasted-Peanut-Kernels-on-plate-scaled.webp\",\"width\":2560,\"height\":1707,\"caption\":\"Roasted Peanut Kernels on plate\"},{\"@type\":\"BreadcrumbList\",\"@id\":\"https:\/\/www.peanutoem.com\/manufacturer\/roasted-peanut-kernels\/#breadcrumb\",\"itemListElement\":[{\"@type\":\"ListItem\",\"position\":1,\"name\":\"Home\",\"item\":\"https:\/\/www.peanutoem.com\/\"},{\"@type\":\"ListItem\",\"position\":2,\"name\":\"Products\",\"item\":\"https:\/\/www.peanutoem.com\/shop\/\"},{\"@type\":\"ListItem\",\"position\":3,\"name\":\"Roasted Peanut Kernels\"}]},{\"@type\":\"WebSite\",\"@id\":\"https:\/\/www.peanutoem.com\/#website\",\"url\":\"https:\/\/www.peanutoem.com\/\",\"name\":\"Peanut Butter Factory\",\"description\":\"Peanut Butter Manufacturer and Roast Peanut OEM Factory | Peanut Private Label China Supplier\",\"publisher\":{\"@id\":\"https:\/\/www.peanutoem.com\/#organization\"},\"alternateName\":\"Peanut Butter OEM and Wholesale\",\"potentialAction\":[{\"@type\":\"SearchAction\",\"target\":{\"@type\":\"EntryPoint\",\"urlTemplate\":\"https:\/\/www.peanutoem.com\/?s={search_term_string}\"},\"query-input\":{\"@type\":\"PropertyValueSpecification\",\"valueRequired\":true,\"valueName\":\"search_term_string\"}}],\"inLanguage\":\"pt-BR\"},{\"@type\":\"Organization\",\"@id\":\"https:\/\/www.peanutoem.com\/#organization\",\"name\":\"Peanut Butter Factory\",\"alternateName\":\"JuFeng Group\",\"url\":\"https:\/\/www.peanutoem.com\/\",\"logo\":{\"@type\":\"ImageObject\",\"inLanguage\":\"pt-BR\",\"@id\":\"https:\/\/www.peanutoem.com\/#\/schema\/logo\/image\/\",\"url\":\"https:\/\/www.peanutoem.com\/wp-content\/uploads\/2024\/09\/JUFENG-LOGO.png\",\"contentUrl\":\"https:\/\/www.peanutoem.com\/wp-content\/uploads\/2024\/09\/JUFENG-LOGO.png\",\"width\":600,\"height\":170,\"caption\":\"Peanut Butter Factory\"},\"image\":{\"@id\":\"https:\/\/www.peanutoem.com\/#\/schema\/logo\/image\/\"}}]}<\/script>\n<!-- \/ Yoast SEO plugin. -->","yoast_head_json":{"title":"Roasted Peanut Kernels - Peanut Butter Factory","description":"Premium Roasted Peanut Kernels OEM supplier, private label manufacturer, and exporter. Choose us for superior quality and customizable options.","robots":{"index":"index","follow":"follow","max-snippet":"max-snippet:-1","max-image-preview":"max-image-preview:large","max-video-preview":"max-video-preview:-1"},"canonical":"https:\/\/www.peanutoem.com\/pt_br\/manufacturer\/roasted-peanut-kernels\/","og_locale":"pt_BR","og_type":"article","og_title":"Roasted Peanut Kernels - Peanut Butter Factory","og_description":"Premium Roasted Peanut Kernels OEM supplier, private label manufacturer, and exporter. Choose us for superior quality and customizable options.","og_url":"https:\/\/www.peanutoem.com\/pt_br\/manufacturer\/roasted-peanut-kernels\/","og_site_name":"Peanut Butter Factory","article_modified_time":"2024-09-24T15:21:33+00:00","og_image":[{"width":2560,"height":1707,"url":"https:\/\/www.peanutoem.com\/wp-content\/uploads\/2024\/09\/Roasted-Peanut-Kernels-on-plate-scaled.webp","type":"image\/webp"}],"twitter_card":"summary_large_image","twitter_misc":{"Est. tempo de leitura":"3 minutos"},"schema":{"@context":"https:\/\/schema.org","@graph":[{"@type":"WebPage","@id":"https:\/\/www.peanutoem.com\/manufacturer\/roasted-peanut-kernels\/","url":"https:\/\/www.peanutoem.com\/manufacturer\/roasted-peanut-kernels\/","name":"Roasted Peanut Kernels - Peanut Butter Factory","isPartOf":{"@id":"https:\/\/www.peanutoem.com\/#website"},"primaryImageOfPage":{"@id":"https:\/\/www.peanutoem.com\/manufacturer\/roasted-peanut-kernels\/#primaryimage"},"image":{"@id":"https:\/\/www.peanutoem.com\/manufacturer\/roasted-peanut-kernels\/#primaryimage"},"thumbnailUrl":"https:\/\/www.peanutoem.com\/wp-content\/uploads\/2024\/09\/Roasted-Peanut-Kernels-on-plate-scaled.webp","datePublished":"2024-09-02T13:58:23+00:00","dateModified":"2024-09-24T15:21:33+00:00","description":"Premium Roasted Peanut Kernels OEM supplier, private label manufacturer, and exporter. Choose us for superior quality and customizable options.","breadcrumb":{"@id":"https:\/\/www.peanutoem.com\/manufacturer\/roasted-peanut-kernels\/#breadcrumb"},"inLanguage":"pt-BR","potentialAction":[{"@type":"ReadAction","target":["https:\/\/www.peanutoem.com\/manufacturer\/roasted-peanut-kernels\/"]}]},{"@type":"ImageObject","inLanguage":"pt-BR","@id":"https:\/\/www.peanutoem.com\/manufacturer\/roasted-peanut-kernels\/#primaryimage","url":"https:\/\/www.peanutoem.com\/wp-content\/uploads\/2024\/09\/Roasted-Peanut-Kernels-on-plate-scaled.webp","contentUrl":"https:\/\/www.peanutoem.com\/wp-content\/uploads\/2024\/09\/Roasted-Peanut-Kernels-on-plate-scaled.webp","width":2560,"height":1707,"caption":"Roasted Peanut Kernels on plate"},{"@type":"BreadcrumbList","@id":"https:\/\/www.peanutoem.com\/manufacturer\/roasted-peanut-kernels\/#breadcrumb","itemListElement":[{"@type":"ListItem","position":1,"name":"Home","item":"https:\/\/www.peanutoem.com\/"},{"@type":"ListItem","position":2,"name":"Products","item":"https:\/\/www.peanutoem.com\/shop\/"},{"@type":"ListItem","position":3,"name":"Roasted Peanut Kernels"}]},{"@type":"WebSite","@id":"https:\/\/www.peanutoem.com\/#website","url":"https:\/\/www.peanutoem.com\/","name":"Peanut Butter Factory","description":"Peanut Butter Manufacturer and Roast Peanut OEM Factory | Peanut Private Label China Supplier","publisher":{"@id":"https:\/\/www.peanutoem.com\/#organization"},"alternateName":"Peanut Butter OEM and Wholesale","potentialAction":[{"@type":"SearchAction","target":{"@type":"EntryPoint","urlTemplate":"https:\/\/www.peanutoem.com\/?s={search_term_string}"},"query-input":{"@type":"PropertyValueSpecification","valueRequired":true,"valueName":"search_term_string"}}],"inLanguage":"pt-BR"},{"@type":"Organization","@id":"https:\/\/www.peanutoem.com\/#organization","name":"Peanut Butter Factory","alternateName":"JuFeng Group","url":"https:\/\/www.peanutoem.com\/","logo":{"@type":"ImageObject","inLanguage":"pt-BR","@id":"https:\/\/www.peanutoem.com\/#\/schema\/logo\/image\/","url":"https:\/\/www.peanutoem.com\/wp-content\/uploads\/2024\/09\/JUFENG-LOGO.png","contentUrl":"https:\/\/www.peanutoem.com\/wp-content\/uploads\/2024\/09\/JUFENG-LOGO.png","width":600,"height":170,"caption":"Peanut Butter Factory"},"image":{"@id":"https:\/\/www.peanutoem.com\/#\/schema\/logo\/image\/"}}]}},"_links":{"self":[{"href":"https:\/\/www.peanutoem.com\/pt_br\/wp-json\/wp\/v2\/product\/1553","targetHints":{"allow":["GET"]}}],"collection":[{"href":"https:\/\/www.peanutoem.com\/pt_br\/wp-json\/wp\/v2\/product"}],"about":[{"href":"https:\/\/www.peanutoem.com\/pt_br\/wp-json\/wp\/v2\/types\/product"}],"replies":[{"embeddable":true,"href":"https:\/\/www.peanutoem.com\/pt_br\/wp-json\/wp\/v2\/comments?post=1553"}],"wp:featuredmedia":[{"embeddable":true,"href":"https:\/\/www.peanutoem.com\/pt_br\/wp-json\/wp\/v2\/media\/1697"}],"wp:attachment":[{"href":"https:\/\/www.peanutoem.com\/pt_br\/wp-json\/wp\/v2\/media?parent=1553"}],"wp:term":[{"taxonomy":"product_cat","embeddable":true,"href":"https:\/\/www.peanutoem.com\/pt_br\/wp-json\/wp\/v2\/product_cat?post=1553"},{"taxonomy":"product_tag","embeddable":true,"href":"https:\/\/www.peanutoem.com\/pt_br\/wp-json\/wp\/v2\/product_tag?post=1553"}],"curies":[{"name":"wp","href":"https:\/\/api.w.org\/{rel}","templated":true}]}}