{"id":1393,"date":"2023-06-08T07:38:38","date_gmt":"2023-06-08T07:38:38","guid":{"rendered":"https:\/\/www.peanutoem.com\/?post_type=product&#038;p=1393"},"modified":"2024-10-09T12:10:08","modified_gmt":"2024-10-09T12:10:08","slug":"salty-peanut-butter","status":"publish","type":"product","link":"https:\/\/www.peanutoem.com\/sk\/manufacturer\/salty-peanut-butter\/","title":{"rendered":"Slan\u00e9 ara\u0161idov\u00e9 maslo"},"content":{"rendered":"<h3>Popredn\u00fd poskytovate\u013e OEM a s\u00fakromn\u00fd v\u00fdrobca slan\u00fdch zna\u010diek <a href=\"https:\/\/www.peanutoem.com\/sk\/Wholesale\/peanut-butter\/\" target=\"_blank\" rel=\"noopener\">Ara\u0161idov\u00e9 maslo<\/a><\/h3>\n<p>S hrdos\u0165ou pon\u00fakame pr\u00e9miov\u00e9 slan\u00e9 ara\u0161idov\u00e9 maslo ako d\u00f4veryhodn\u00fd poskytovate\u013e OEM, v\u00fdrobca s\u00fakromn\u00fdch zna\u010diek a glob\u00e1lny v\u00fdvozca. Vyroben\u00e9 s dokonalou rovnov\u00e1hou pra\u017een\u00fdch ara\u0161idov a <a href=\"https:\/\/en.wikipedia.org\/wiki\/Salt\" target=\"_blank\" rel=\"noopener\">so\u013e<\/a>, dod\u00e1va pikantn\u00fa pr\u00edchu\u0165 ide\u00e1lnu na ob\u010derstvenie a varenie. Na\u0161e plne prisp\u00f4sobite\u013en\u00e9 v\u00fdrobn\u00e9 rie\u0161enia umo\u017e\u0148uj\u00fa zna\u010dk\u00e1m vytv\u00e1ra\u0165 jedine\u010dn\u00e9 vari\u00e1cie s flexibiln\u00fdm balen\u00edm a ve\u013ekos\u0165ou objedn\u00e1vok.<\/p>\n<h3>\u010co je slan\u00e9 ara\u0161idov\u00e9 maslo?<\/h3>\n<p>Slan\u00e9 ara\u0161idov\u00e9 maslo je chutn\u00e1 vari\u00e1cia tradi\u010dn\u00e9ho ara\u0161idov\u00e9ho masla, ktor\u00e1 pon\u00faka pikantn\u00fd n\u00e1dych s pridanou so\u013eou. Tento typ ara\u0161idov\u00e9ho masla oslovuje spotrebite\u013eov, ktor\u00ed h\u013eadaj\u00fa odv\u00e1\u017enej\u0161\u00ed a menej sladk\u00fd variant. So\u013e zvy\u0161uje prirodzen\u00fa orie\u0161kov\u00fa chu\u0165 ara\u0161idov, v\u010faka \u010domu s\u00fa ob\u013e\u00faben\u00e9 pre slan\u00e9 recepty, n\u00e1tierky a ob\u010derstvenie.<\/p>\n<p><img loading=\"lazy\" decoding=\"async\" class=\"alignnone wp-image-1970 size-large\" src=\"https:\/\/www.peanutoem.com\/wp-content\/uploads\/2023\/06\/Seasalt-Peanut-Butter-200g-1-1024x461.webp\" alt=\"Ara\u0161idov\u00e9 maslo z morskej soli 200 g\" width=\"1020\" height=\"459\" srcset=\"https:\/\/www.peanutoem.com\/wp-content\/uploads\/2023\/06\/Seasalt-Peanut-Butter-200g-1-1024x461.webp 1024w, https:\/\/www.peanutoem.com\/wp-content\/uploads\/2023\/06\/Seasalt-Peanut-Butter-200g-1-300x135.webp 300w, https:\/\/www.peanutoem.com\/wp-content\/uploads\/2023\/06\/Seasalt-Peanut-Butter-200g-1-768x346.webp 768w, https:\/\/www.peanutoem.com\/wp-content\/uploads\/2023\/06\/Seasalt-Peanut-Butter-200g-1-1536x691.webp 1536w, https:\/\/www.peanutoem.com\/wp-content\/uploads\/2023\/06\/Seasalt-Peanut-Butter-200g-1-2048x922.webp 2048w, https:\/\/www.peanutoem.com\/wp-content\/uploads\/2023\/06\/Seasalt-Peanut-Butter-200g-1-18x8.webp 18w, https:\/\/www.peanutoem.com\/wp-content\/uploads\/2023\/06\/Seasalt-Peanut-Butter-200g-1-600x270.webp 600w\" sizes=\"auto, (max-width: 1020px) 100vw, 1020px\" \/><\/p>\n<h3>Ak\u00e9 s\u00fa in\u00e9 men\u00e1?<\/h3>\n<p>Slan\u00e9 ara\u0161idov\u00e9 maslo m\u00f4\u017ee by\u0165 tie\u017e ozna\u010den\u00e9 ako:<\/p>\n<ul>\n<li><strong>Slan\u00e9 ara\u0161idov\u00e9 maslo<\/strong><\/li>\n<li><strong>Slan\u00e9 ara\u0161idov\u00e9 maslo<\/strong><\/li>\n<li><strong>Ara\u0161idov\u00e9 maslo so so\u013eou<\/strong><\/li>\n<li><strong>Ara\u0161idov\u00e9 maslo naplnen\u00e9 so\u013eou<\/strong><\/li>\n<\/ul>\n<p>Tieto n\u00e1zvy zd\u00f4raz\u0148uj\u00fa v\u00fdrazn\u00fd pikantn\u00fd prvok, ktor\u00fd rob\u00ed zo slan\u00e9ho ara\u0161idov\u00e9ho masla jedine\u010dn\u00fd a ob\u013e\u00faben\u00fd produkt.<\/p>\n<h3>Pre\u010do si vybra\u0165 n\u00e1s ako dod\u00e1vate\u013ea?<\/h3>\n<p>Ako d\u00f4veryhodn\u00fd poskytovate\u013e OEM a v\u00fdrobca s\u00fakromn\u00fdch zna\u010diek pon\u00fakame:<\/p>\n<ul>\n<li><strong>Prisp\u00f4sobite\u013en\u00e9 slan\u00e9 ara\u0161idov\u00e9 maslo<\/strong>: Produkty \u0161it\u00e9 na mieru, aby boli v s\u00falade s va\u0161ou zna\u010dkou.<\/li>\n<li><strong>glob\u00e1lne <a href=\"https:\/\/www.peanutoem.com\/sk\/certificate\/\" target=\"_blank\" rel=\"noopener\">Certifik\u00e1cie<\/a><\/strong>: Na\u0161e \u0161tandardy zah\u0155\u0148aj\u00fa HACCP, BRCGS, Halal, Kosher a EU Organic, \u010do zais\u0165uje \u0161pi\u010dkov\u00fa kvalitu.<\/li>\n<li><strong>V\u0161estrann\u00e9 mo\u017enosti balenia<\/strong>: Vyr\u00e1bame r\u00f4zne ve\u013ekosti, od maloobchodn\u00fdch poh\u00e1rov a\u017e po ve\u013ekoobjemov\u00e9 kontajnery.<\/li>\n<li><strong>Glob\u00e1lne exportn\u00e9 expert\u00edzy<\/strong>: Spo\u013eahlivo dod\u00e1vame na medzin\u00e1rodn\u00e9 trhy.<\/li>\n<\/ul>\n<h3>\u010cast\u00e9 ot\u00e1zky o ara\u0161idovom masle so so\u013eou<\/h3>\n<ol>\n<li><strong>\u010co odli\u0161uje va\u0161e slan\u00e9 ara\u0161idov\u00e9 maslo?<\/strong><br \/>\nDod\u00e1vame pr\u00e9miov\u00e9, konzistentn\u00e9 ara\u0161idov\u00e9 maslo so so\u013eou s prisp\u00f4sobite\u013en\u00fdmi mo\u017enos\u0165ami v\u00fdroby priv\u00e1tnych zna\u010diek.<\/li>\n<li><strong>Ak\u00e9 ingrediencie pou\u017e\u00edvate?<\/strong><br \/>\nNa\u0161e slan\u00e9 ara\u0161idov\u00e9 maslo obsahuje kvalitn\u00e9 pra\u017een\u00e9 ara\u0161idy a presne odmeran\u00fa so\u013e, bez pr\u00edsad.<\/li>\n<li><strong>M\u00f4\u017eem upravi\u0165 obsah soli?<\/strong><br \/>\n\u00c1no, pon\u00fakame flexibilitu v \u00farovniach soli, aby zodpovedali chu\u0165ov\u00e9mu profilu va\u0161ej zna\u010dky.<\/li>\n<li><strong>Ak\u00e9 mo\u017enosti balenia s\u00fa k dispoz\u00edcii?<\/strong><br \/>\nPoskytujeme poh\u00e1re, vedr\u00e1 a vrec\u00fa\u0161ka vo ve\u013ekostiach vhodn\u00fdch pre maloobchodn\u00fa aj hromadn\u00fa distrib\u00faciu.<\/li>\n<li><strong>Ak\u00e1 dlh\u00e1 je dodacia lehota?<\/strong><br \/>\nDodanie sa zvy\u010dajne pohybuje od 7 do 20 dn\u00ed v z\u00e1vislosti od ve\u013ekosti objedn\u00e1vky a \u0161pecifik\u00e1ci\u00ed.<\/li>\n<li><strong>Pon\u00fakate slu\u017eby priv\u00e1tnych zna\u010diek?<\/strong><br \/>\n\u00c1no, \u0161pecializujeme sa na slu\u017eby priv\u00e1tnych zna\u010diek s \u00fapln\u00fdm prisp\u00f4soben\u00edm zna\u010dky a balenia.<\/li>\n<li><strong>Ak\u00e9 je minim\u00e1lne mno\u017estvo objedn\u00e1vky (MOQ)?<\/strong><br \/>\nNa\u0161e MOQ je jedna tona a pojme ve\u013ek\u00e9 aj men\u0161ie podniky.<\/li>\n<\/ol>\n<h3>Objavte v\u0161estrannos\u0165 na\u0161ich prisp\u00f4sobite\u013en\u00fdch produktov<\/h3>\n<p>Slan\u00e9 ara\u0161idov\u00e9 maslo je v\u0161estrannou vo\u013ebou pre t\u00fdch, ktor\u00ed h\u013eadaj\u00fa slan\u00fa alternat\u00edvu sladk\u00fdch odr\u00f4d. Jeho jedine\u010dn\u00e1 chu\u0165 zlep\u0161uje desiatu a varenie, v\u010faka \u010domu je ide\u00e1lny do n\u00e1tierok, dipov a om\u00e1\u010dok. Sp\u013a\u0148ame rast\u00faci dopyt po chutn\u00fdch a vysokokvalitn\u00fdch mo\u017enostiach a z\u00e1rove\u0148 pon\u00fakame \u00fapln\u00e9 prisp\u00f4sobenie pod\u013ea va\u0161ich potrieb.<\/p>\n<p>Ako v\u00e1\u0161 spo\u013eahliv\u00fd OEM partner a partner priv\u00e1tnych zna\u010diek dod\u00e1vame vysokokvalitn\u00e9, prisp\u00f4sobite\u013en\u00e9 mo\u017enosti s glob\u00e1lnymi exportn\u00fdmi mo\u017enos\u0165ami, ktor\u00e9 zais\u0165uj\u00fa dokonalos\u0165 v ka\u017edej n\u00e1dobe.<\/p>\n<a href=\"mailto:globepeanut@gmail.com\" class=\"button primary is-primary is-medium\"  >\n    <span>Nap\u00ed\u0161te n\u00e1m<\/span>\n  <\/a>","protected":false},"excerpt":{"rendered":"<table width=\"564\">\n<tbody>\n<tr>\n<td width=\"113\"><strong>N\u00e1zov produktu<\/strong><\/td>\n<td width=\"402\">Slan\u00e9 ara\u0161idov\u00e9 maslo<\/td>\n<\/tr>\n<tr>\n<td width=\"113\"><strong>Ingrediencie<\/strong><\/td>\n<td width=\"402\">Vybran\u00e9 ara\u0161idov\u00e9 jadr\u00e1, so\u013e<\/td>\n<\/tr>\n<tr>\n<td width=\"113\"><strong>\u0160pecifik\u00e1cie<\/strong><\/td>\n<td width=\"402\">227gx24, 340gx12, 375gx12, 500gx12, 510gx12, 1kgx12, 10kgx1, 20kgx1, 220kgx1<\/td>\n<\/tr>\n<tr>\n<td width=\"113\"><strong>Baliaci formul\u00e1r<\/strong><\/td>\n<td width=\"402\">N\u00e1doba, vedro, balenie doy, ta\u0161ka, kart\u00f3n, plechovka, sud, plechovka, f\u013ea\u0161a at\u010f<\/td>\n<\/tr>\n<tr>\n<td width=\"113\"><strong>Dodacia lehota<\/strong><\/td>\n<td width=\"402\">7 ~ 20 dn\u00ed po objedn\u00e1vke<\/td>\n<\/tr>\n<tr>\n<td width=\"113\"><strong>MOQ<\/strong><\/td>\n<td width=\"402\">Jedna tona<\/td>\n<\/tr>\n<tr>\n<td width=\"113\"><strong>Uk\u00e1\u017eka<\/strong><\/td>\n<td width=\"402\">K dispoz\u00edcii bezplatn\u00e1 vzorka<\/td>\n<\/tr>\n<tr>\n<td width=\"113\"><strong>OEM<\/strong><\/td>\n<td width=\"402\">\u0160t\u00edtok kupuj\u00faceho prijat\u00fd<\/td>\n<\/tr>\n<\/tbody>\n<\/table>","protected":false},"featured_media":1968,"comment_status":"open","ping_status":"closed","template":"","meta":[],"product_cat":[15],"product_tag":[],"class_list":{"0":"post-1393","1":"product","2":"type-product","3":"status-publish","4":"has-post-thumbnail","6":"product_cat-peanut-butter","8":"first","9":"instock","10":"shipping-taxable","11":"product-type-simple"},"yoast_head":"<!-- This site is optimized with the Yoast SEO plugin v24.9 - https:\/\/yoast.com\/wordpress\/plugins\/seo\/ -->\n<title>Salty Peanut Butter China Exporter OEM - Peanut Butter Factory<\/title>\n<meta name=\"description\" content=\"Discover premium salty peanut butter OEM service. Your trusted private label manufacturer. Enjoy customizable production, various packaging.\" \/>\n<meta name=\"robots\" content=\"index, follow, max-snippet:-1, max-image-preview:large, max-video-preview:-1\" \/>\n<link rel=\"canonical\" href=\"https:\/\/www.peanutoem.com\/sk\/manufacturer\/salty-peanut-butter\/\" \/>\n<meta property=\"og:locale\" content=\"sk_SK\" \/>\n<meta property=\"og:type\" content=\"article\" \/>\n<meta property=\"og:title\" content=\"Salty Peanut Butter China Exporter OEM - Peanut Butter Factory\" \/>\n<meta property=\"og:description\" content=\"Discover premium salty peanut butter OEM service. Your trusted private label manufacturer. Enjoy customizable production, various packaging.\" \/>\n<meta property=\"og:url\" content=\"https:\/\/www.peanutoem.com\/sk\/manufacturer\/salty-peanut-butter\/\" \/>\n<meta property=\"og:site_name\" content=\"Peanut Butter Factory\" \/>\n<meta property=\"article:modified_time\" content=\"2024-10-09T12:10:08+00:00\" \/>\n<meta property=\"og:image\" content=\"https:\/\/www.peanutoem.com\/wp-content\/uploads\/2023\/06\/200g-seasalt-peanut-butter-1-scaled.webp\" \/>\n\t<meta property=\"og:image:width\" content=\"2560\" \/>\n\t<meta property=\"og:image:height\" content=\"1152\" \/>\n\t<meta property=\"og:image:type\" content=\"image\/webp\" \/>\n<meta name=\"twitter:card\" content=\"summary_large_image\" \/>\n<meta name=\"twitter:label1\" content=\"Predpokladan\u00fd \u010das \u010d\u00edtania\" \/>\n\t<meta name=\"twitter:data1\" content=\"3 min\u00faty\" \/>\n<script type=\"application\/ld+json\" class=\"yoast-schema-graph\">{\"@context\":\"https:\/\/schema.org\",\"@graph\":[{\"@type\":\"WebPage\",\"@id\":\"https:\/\/www.peanutoem.com\/manufacturer\/salty-peanut-butter\/\",\"url\":\"https:\/\/www.peanutoem.com\/manufacturer\/salty-peanut-butter\/\",\"name\":\"Salty Peanut Butter China Exporter OEM - Peanut Butter Factory\",\"isPartOf\":{\"@id\":\"https:\/\/www.peanutoem.com\/#website\"},\"primaryImageOfPage\":{\"@id\":\"https:\/\/www.peanutoem.com\/manufacturer\/salty-peanut-butter\/#primaryimage\"},\"image\":{\"@id\":\"https:\/\/www.peanutoem.com\/manufacturer\/salty-peanut-butter\/#primaryimage\"},\"thumbnailUrl\":\"https:\/\/www.peanutoem.com\/wp-content\/uploads\/2023\/06\/200g-seasalt-peanut-butter-1-scaled.webp\",\"datePublished\":\"2023-06-08T07:38:38+00:00\",\"dateModified\":\"2024-10-09T12:10:08+00:00\",\"description\":\"Discover premium salty peanut butter OEM service. Your trusted private label manufacturer. Enjoy customizable production, various packaging.\",\"breadcrumb\":{\"@id\":\"https:\/\/www.peanutoem.com\/manufacturer\/salty-peanut-butter\/#breadcrumb\"},\"inLanguage\":\"sk-SK\",\"potentialAction\":[{\"@type\":\"ReadAction\",\"target\":[\"https:\/\/www.peanutoem.com\/manufacturer\/salty-peanut-butter\/\"]}]},{\"@type\":\"ImageObject\",\"inLanguage\":\"sk-SK\",\"@id\":\"https:\/\/www.peanutoem.com\/manufacturer\/salty-peanut-butter\/#primaryimage\",\"url\":\"https:\/\/www.peanutoem.com\/wp-content\/uploads\/2023\/06\/200g-seasalt-peanut-butter-1-scaled.webp\",\"contentUrl\":\"https:\/\/www.peanutoem.com\/wp-content\/uploads\/2023\/06\/200g-seasalt-peanut-butter-1-scaled.webp\",\"width\":2560,\"height\":1152,\"caption\":\"200g seasalt peanut butter\"},{\"@type\":\"BreadcrumbList\",\"@id\":\"https:\/\/www.peanutoem.com\/manufacturer\/salty-peanut-butter\/#breadcrumb\",\"itemListElement\":[{\"@type\":\"ListItem\",\"position\":1,\"name\":\"Home\",\"item\":\"https:\/\/www.peanutoem.com\/\"},{\"@type\":\"ListItem\",\"position\":2,\"name\":\"Products\",\"item\":\"https:\/\/www.peanutoem.com\/shop\/\"},{\"@type\":\"ListItem\",\"position\":3,\"name\":\"Salty Peanut Butter\"}]},{\"@type\":\"WebSite\",\"@id\":\"https:\/\/www.peanutoem.com\/#website\",\"url\":\"https:\/\/www.peanutoem.com\/\",\"name\":\"Peanut Butter Factory\",\"description\":\"Peanut Butter Manufacturer and Roast Peanut OEM Factory | Peanut Private Label China Supplier\",\"publisher\":{\"@id\":\"https:\/\/www.peanutoem.com\/#organization\"},\"alternateName\":\"Peanut Butter OEM and Wholesale\",\"potentialAction\":[{\"@type\":\"SearchAction\",\"target\":{\"@type\":\"EntryPoint\",\"urlTemplate\":\"https:\/\/www.peanutoem.com\/?s={search_term_string}\"},\"query-input\":{\"@type\":\"PropertyValueSpecification\",\"valueRequired\":true,\"valueName\":\"search_term_string\"}}],\"inLanguage\":\"sk-SK\"},{\"@type\":\"Organization\",\"@id\":\"https:\/\/www.peanutoem.com\/#organization\",\"name\":\"Peanut Butter Factory\",\"alternateName\":\"JuFeng Group\",\"url\":\"https:\/\/www.peanutoem.com\/\",\"logo\":{\"@type\":\"ImageObject\",\"inLanguage\":\"sk-SK\",\"@id\":\"https:\/\/www.peanutoem.com\/#\/schema\/logo\/image\/\",\"url\":\"https:\/\/www.peanutoem.com\/wp-content\/uploads\/2024\/09\/JUFENG-LOGO.png\",\"contentUrl\":\"https:\/\/www.peanutoem.com\/wp-content\/uploads\/2024\/09\/JUFENG-LOGO.png\",\"width\":600,\"height\":170,\"caption\":\"Peanut Butter Factory\"},\"image\":{\"@id\":\"https:\/\/www.peanutoem.com\/#\/schema\/logo\/image\/\"}}]}<\/script>\n<!-- \/ Yoast SEO plugin. -->","yoast_head_json":{"title":"Salty Peanut Butter China Exporter OEM - Peanut Butter Factory","description":"Discover premium salty peanut butter OEM service. Your trusted private label manufacturer. Enjoy customizable production, various packaging.","robots":{"index":"index","follow":"follow","max-snippet":"max-snippet:-1","max-image-preview":"max-image-preview:large","max-video-preview":"max-video-preview:-1"},"canonical":"https:\/\/www.peanutoem.com\/sk\/manufacturer\/salty-peanut-butter\/","og_locale":"sk_SK","og_type":"article","og_title":"Salty Peanut Butter China Exporter OEM - Peanut Butter Factory","og_description":"Discover premium salty peanut butter OEM service. Your trusted private label manufacturer. Enjoy customizable production, various packaging.","og_url":"https:\/\/www.peanutoem.com\/sk\/manufacturer\/salty-peanut-butter\/","og_site_name":"Peanut Butter Factory","article_modified_time":"2024-10-09T12:10:08+00:00","og_image":[{"width":2560,"height":1152,"url":"https:\/\/www.peanutoem.com\/wp-content\/uploads\/2023\/06\/200g-seasalt-peanut-butter-1-scaled.webp","type":"image\/webp"}],"twitter_card":"summary_large_image","twitter_misc":{"Predpokladan\u00fd \u010das \u010d\u00edtania":"3 min\u00faty"},"schema":{"@context":"https:\/\/schema.org","@graph":[{"@type":"WebPage","@id":"https:\/\/www.peanutoem.com\/manufacturer\/salty-peanut-butter\/","url":"https:\/\/www.peanutoem.com\/manufacturer\/salty-peanut-butter\/","name":"Salty Peanut Butter China Exporter OEM - Peanut Butter Factory","isPartOf":{"@id":"https:\/\/www.peanutoem.com\/#website"},"primaryImageOfPage":{"@id":"https:\/\/www.peanutoem.com\/manufacturer\/salty-peanut-butter\/#primaryimage"},"image":{"@id":"https:\/\/www.peanutoem.com\/manufacturer\/salty-peanut-butter\/#primaryimage"},"thumbnailUrl":"https:\/\/www.peanutoem.com\/wp-content\/uploads\/2023\/06\/200g-seasalt-peanut-butter-1-scaled.webp","datePublished":"2023-06-08T07:38:38+00:00","dateModified":"2024-10-09T12:10:08+00:00","description":"Discover premium salty peanut butter OEM service. Your trusted private label manufacturer. Enjoy customizable production, various packaging.","breadcrumb":{"@id":"https:\/\/www.peanutoem.com\/manufacturer\/salty-peanut-butter\/#breadcrumb"},"inLanguage":"sk-SK","potentialAction":[{"@type":"ReadAction","target":["https:\/\/www.peanutoem.com\/manufacturer\/salty-peanut-butter\/"]}]},{"@type":"ImageObject","inLanguage":"sk-SK","@id":"https:\/\/www.peanutoem.com\/manufacturer\/salty-peanut-butter\/#primaryimage","url":"https:\/\/www.peanutoem.com\/wp-content\/uploads\/2023\/06\/200g-seasalt-peanut-butter-1-scaled.webp","contentUrl":"https:\/\/www.peanutoem.com\/wp-content\/uploads\/2023\/06\/200g-seasalt-peanut-butter-1-scaled.webp","width":2560,"height":1152,"caption":"200g seasalt peanut butter"},{"@type":"BreadcrumbList","@id":"https:\/\/www.peanutoem.com\/manufacturer\/salty-peanut-butter\/#breadcrumb","itemListElement":[{"@type":"ListItem","position":1,"name":"Home","item":"https:\/\/www.peanutoem.com\/"},{"@type":"ListItem","position":2,"name":"Products","item":"https:\/\/www.peanutoem.com\/shop\/"},{"@type":"ListItem","position":3,"name":"Salty Peanut Butter"}]},{"@type":"WebSite","@id":"https:\/\/www.peanutoem.com\/#website","url":"https:\/\/www.peanutoem.com\/","name":"Peanut Butter Factory","description":"Peanut Butter Manufacturer and Roast Peanut OEM Factory | Peanut Private Label China Supplier","publisher":{"@id":"https:\/\/www.peanutoem.com\/#organization"},"alternateName":"Peanut Butter OEM and Wholesale","potentialAction":[{"@type":"SearchAction","target":{"@type":"EntryPoint","urlTemplate":"https:\/\/www.peanutoem.com\/?s={search_term_string}"},"query-input":{"@type":"PropertyValueSpecification","valueRequired":true,"valueName":"search_term_string"}}],"inLanguage":"sk-SK"},{"@type":"Organization","@id":"https:\/\/www.peanutoem.com\/#organization","name":"Peanut Butter Factory","alternateName":"JuFeng Group","url":"https:\/\/www.peanutoem.com\/","logo":{"@type":"ImageObject","inLanguage":"sk-SK","@id":"https:\/\/www.peanutoem.com\/#\/schema\/logo\/image\/","url":"https:\/\/www.peanutoem.com\/wp-content\/uploads\/2024\/09\/JUFENG-LOGO.png","contentUrl":"https:\/\/www.peanutoem.com\/wp-content\/uploads\/2024\/09\/JUFENG-LOGO.png","width":600,"height":170,"caption":"Peanut Butter Factory"},"image":{"@id":"https:\/\/www.peanutoem.com\/#\/schema\/logo\/image\/"}}]}},"_links":{"self":[{"href":"https:\/\/www.peanutoem.com\/sk\/wp-json\/wp\/v2\/product\/1393","targetHints":{"allow":["GET"]}}],"collection":[{"href":"https:\/\/www.peanutoem.com\/sk\/wp-json\/wp\/v2\/product"}],"about":[{"href":"https:\/\/www.peanutoem.com\/sk\/wp-json\/wp\/v2\/types\/product"}],"replies":[{"embeddable":true,"href":"https:\/\/www.peanutoem.com\/sk\/wp-json\/wp\/v2\/comments?post=1393"}],"wp:featuredmedia":[{"embeddable":true,"href":"https:\/\/www.peanutoem.com\/sk\/wp-json\/wp\/v2\/media\/1968"}],"wp:attachment":[{"href":"https:\/\/www.peanutoem.com\/sk\/wp-json\/wp\/v2\/media?parent=1393"}],"wp:term":[{"taxonomy":"product_cat","embeddable":true,"href":"https:\/\/www.peanutoem.com\/sk\/wp-json\/wp\/v2\/product_cat?post=1393"},{"taxonomy":"product_tag","embeddable":true,"href":"https:\/\/www.peanutoem.com\/sk\/wp-json\/wp\/v2\/product_tag?post=1393"}],"curies":[{"name":"wp","href":"https:\/\/api.w.org\/{rel}","templated":true}]}}