{"id":1397,"date":"2023-06-08T07:51:40","date_gmt":"2023-06-08T07:51:40","guid":{"rendered":"https:\/\/www.peanutoem.com\/?post_type=product&#038;p=1397"},"modified":"2024-09-28T07:06:47","modified_gmt":"2024-09-28T07:06:47","slug":"creamy-peanut-butter","status":"publish","type":"product","link":"https:\/\/www.peanutoem.com\/sk\/manufacturer\/creamy-peanut-butter\/","title":{"rendered":"Kr\u00e9mov\u00e9 ara\u0161idov\u00e9 maslo | Hladk\u00e9 ara\u0161idov\u00e9 maslo"},"content":{"rendered":"<h3>Kr\u00e9mov\u00e1 <a href=\"https:\/\/www.peanutoem.com\/sk\/Wholesale\/peanut-butter\/\" target=\"_blank\" rel=\"noopener\">Ara\u0161idov\u00e9 maslo<\/a> | Hladk\u00e9 ara\u0161idov\u00e9 maslo \u2013 popredn\u00fd v\u00fdrobca s\u00fakromn\u00fdch zna\u010diek OEM<\/h3>\n<p>Sme hrd\u00ed na to, \u017ee sme \u0161pi\u010dkov\u00fdm v\u00fdrobcom s\u00fakromn\u00fdch zna\u010diek OEM, v\u00fdvozcom a dod\u00e1vate\u013eom kr\u00e9mov\u00e9ho ara\u0161idov\u00e9ho masla a hladk\u00e9ho ara\u0161idov\u00e9ho masla. Na\u0161e najmodernej\u0161ie v\u00fdrobn\u00e9 linky a vysok\u00e9 \u0161tandardy kvality zaru\u010duj\u00fa, \u017ee ka\u017ed\u00fd t\u00e9glik ara\u0161idov\u00e9ho masla sp\u013a\u0148a glob\u00e1lne po\u017eiadavky na chu\u0165 a konzistenciu. Podporovan\u00e9 medzin\u00e1rodne uzn\u00e1van\u00fdmi <a href=\"https:\/\/www.peanutoem.com\/sk\/certificate\/\" target=\"_blank\" rel=\"noopener\">certifik\u00e1ci\u00ed<\/a> ako HACCP, BRCGS, ECOCERT, Halal a Kosher, na\u0161e v\u00fdrobky z ara\u0161idov\u00e9ho masla s\u00fa z\u00e1kladom pre podniky na celom svete.<\/p>\n<p><img loading=\"lazy\" decoding=\"async\" class=\"alignnone wp-image-1620 size-large\" src=\"https:\/\/www.peanutoem.com\/wp-content\/uploads\/2024\/09\/Peanut-Butter-Qualifications-1024x736.webp\" alt=\"Kvalifik\u00e1cia OEM procesora s ara\u0161idov\u00fdm maslom\" width=\"1020\" height=\"733\" srcset=\"https:\/\/www.peanutoem.com\/wp-content\/uploads\/2024\/09\/Peanut-Butter-Qualifications-1024x736.webp 1024w, https:\/\/www.peanutoem.com\/wp-content\/uploads\/2024\/09\/Peanut-Butter-Qualifications-300x216.webp 300w, https:\/\/www.peanutoem.com\/wp-content\/uploads\/2024\/09\/Peanut-Butter-Qualifications-768x552.webp 768w, https:\/\/www.peanutoem.com\/wp-content\/uploads\/2024\/09\/Peanut-Butter-Qualifications-18x12.webp 18w, https:\/\/www.peanutoem.com\/wp-content\/uploads\/2024\/09\/Peanut-Butter-Qualifications-600x431.webp 600w, https:\/\/www.peanutoem.com\/wp-content\/uploads\/2024\/09\/Peanut-Butter-Qualifications.webp 1341w\" sizes=\"auto, (max-width: 1020px) 100vw, 1020px\" \/><\/p>\n<h3>\u010co je kr\u00e9mov\u00e9 ara\u0161idov\u00e9 maslo a hladk\u00e9 ara\u0161idov\u00e9 maslo?<\/h3>\n<p>Kr\u00e9mov\u00e9 ara\u0161idov\u00e9 maslo a hladk\u00e9 ara\u0161idov\u00e9 maslo s\u00fa dva z najob\u013e\u00fabenej\u0161\u00edch druhov ara\u0161idov\u00fdch n\u00e1tierok. Oba s\u00fa vyroben\u00e9 z jemne mlet\u00fdch pra\u017een\u00fdch ara\u0161idov, v\u00fdsledkom \u010doho je bohat\u00e1 a hladk\u00e1 text\u00fara. Kr\u00e9mov\u00e9 ara\u0161idov\u00e9 maslo v\u0161ak pon\u00faka o nie\u010do hustej\u0161iu \u0161trukt\u00faru v porovnan\u00ed s hladk\u00fdm ara\u0161idov\u00fdm maslom, v\u010faka \u010domu je ide\u00e1lne na natieranie na chlieb alebo ako pr\u00edsada pri pe\u010den\u00ed a varen\u00ed.<\/p>\n<h3>Na\u0161a kapacita<\/h3>\n<p>Pracujeme s pokro\u010dil\u00fdmi spracovate\u013esk\u00fdmi zariadeniami, ktor\u00e9 s\u00fa schopn\u00e9 vyprodukova\u0165 30 000 ton ara\u0161idov\u00e9ho masla ro\u010dne. Na\u0161e dobre vybaven\u00e9 laborat\u00f3ri\u00e1 vykon\u00e1vaj\u00fa pr\u00edsne senzorick\u00e9, fyzik\u00e1lne, chemick\u00e9 a mikrobi\u00e1lne testy, aby zabezpe\u010dili kvalitu a bezpe\u010dnos\u0165 ka\u017edej \u0161ar\u017ee.<\/p>\n<h3>OEM rie\u0161enia priv\u00e1tnych zna\u010diek pre ara\u0161idov\u00e9 maslo<\/h3>\n<p>Ako d\u00f4veryhodn\u00fd v\u00fdrobca OEM a dod\u00e1vate\u013e s\u00fakromn\u00fdch zna\u010diek pon\u00fakame prisp\u00f4soben\u00e9 rie\u0161enia, ktor\u00e9 zodpovedaj\u00fa potreb\u00e1m va\u0161ej zna\u010dky. \u010ci u\u017e chcete doda\u0165 svoj vlastn\u00fd \u0161t\u00edtok kr\u00e9mov\u00e9ho ara\u0161idov\u00e9ho masla alebo hladk\u00e9ho ara\u0161idov\u00e9ho masla, pon\u00fakame flexibiln\u00e9 mo\u017enosti balenia a ve\u013ekosti produktu. N\u00e1\u0161 t\u00edm zais\u0165uje, \u017ee va\u0161e produkty s\u00fa vyr\u00e1ban\u00e9 starostlivo a pod\u013ea najvy\u0161\u0161\u00edch priemyseln\u00fdch \u0161tandardov.<\/p>\n<h3>Glob\u00e1lny export\u00e9r a dod\u00e1vate\u013e<\/h3>\n<p>S glob\u00e1lnou p\u00f4sobnos\u0165ou sl\u00fa\u017eime ako spo\u013eahliv\u00fd v\u00fdvozca a dod\u00e1vate\u013e ara\u0161idov\u00e9ho masla, ktor\u00fd dod\u00e1va na\u0161e produkty v\u00fdznamn\u00fdm maloobchodn\u00edkom s potravinami, fran\u0161\u00edzam a distrib\u00fatorom po celom svete. Na\u0161a rozsiahla distribu\u010dn\u00e1 sie\u0165 a efekt\u00edvna logistika zais\u0165uj\u00fa v\u010dasn\u00e9 doru\u010denie bez oh\u013eadu na to, kde sa nach\u00e1dza va\u0161a firma.<\/p>\n<h3>Pre\u010do si vybra\u0165 n\u00e1s?<\/h3>\n<ul>\n<li><strong>Vysok\u00e1 v\u00fdrobn\u00e1 kapacita<\/strong>: 30 000 ton ro\u010dne<\/li>\n<li><strong>Komplexn\u00e9 certifik\u00e1cie<\/strong>: HACCP, BRCGS, Halal, Kosher, EU Organic<\/li>\n<li><strong>Odborn\u00edci na OEM a s\u00fakromn\u00e9 zna\u010dky<\/strong>: Rie\u0161enia na mieru pre va\u0161u zna\u010dku<\/li>\n<li><strong>Glob\u00e1lny dod\u00e1vate\u013e a export\u00e9r<\/strong>: Poskytujeme klientom po celom svete pr\u00e9miov\u00e9 ara\u0161idov\u00e9 produkty<\/li>\n<\/ul>\n<p>Zav\u00e4zujeme sa dod\u00e1va\u0165 tie najlep\u0161ie produkty z ara\u0161idov\u00e9ho masla, ktor\u00e9 sp\u013a\u0148aj\u00fa vyv\u00edjaj\u00face sa po\u017eiadavky glob\u00e1lneho trhu. \u010ci u\u017e potrebujete mal\u00e9 maloobchodn\u00e9 balenie alebo ve\u013ek\u00e9 mno\u017estvo, dod\u00e1vame s dokonalos\u0165ou.<\/p>\n<a href=\"mailto:globepeanut@gmail.com\" class=\"button primary is-primary is-medium\"  >\n    <span>Nap\u00ed\u0161te n\u00e1m<\/span>\n  <\/a>","protected":false},"excerpt":{"rendered":"<table style=\"height: 282px;\" width=\"564\">\n<tbody>\n<tr>\n<td width=\"113\"><strong>N\u00e1zov produktu<\/strong><\/td>\n<td width=\"402\">Kr\u00e9mov\u00e9 ara\u0161idov\u00e9 maslo | Hladk\u00e9 ara\u0161idov\u00e9 maslo<\/td>\n<\/tr>\n<tr>\n<td width=\"113\"><strong>Ingrediencie<\/strong><\/td>\n<td width=\"402\">Vybran\u00e9 jadr\u00e1 ara\u0161idov, biely cukor, hydrogenovan\u00fd rastlinn\u00fd olej, so\u013e<\/td>\n<\/tr>\n<tr>\n<td width=\"113\"><strong>\u0160pecifik\u00e1cie<\/strong><\/td>\n<td width=\"402\">200gx36, 227gx24, 340gx12, 375gx12, 500gx12, 510gx12, 1kgx12, 10kgx1, 20kgx1, 220kgx1<\/td>\n<\/tr>\n<tr>\n<td width=\"113\"><strong>Baliaci formul\u00e1r<\/strong><\/td>\n<td width=\"402\">N\u00e1doba, vedro, balenie doy, ta\u0161ka, kart\u00f3n, plechovka, sud, plechovka, f\u013ea\u0161a at\u010f<\/td>\n<\/tr>\n<tr>\n<td width=\"113\"><strong>Dodacia lehota<\/strong><\/td>\n<td width=\"402\">7 ~ 20 dn\u00ed po objedn\u00e1vke<\/td>\n<\/tr>\n<tr>\n<td width=\"113\"><strong>MOQ<\/strong><\/td>\n<td width=\"402\">Jedna tona<\/td>\n<\/tr>\n<tr>\n<td width=\"113\"><strong>Uk\u00e1\u017eka<\/strong><\/td>\n<td width=\"402\">K dispoz\u00edcii bezplatn\u00e1 vzorka<\/td>\n<\/tr>\n<tr>\n<td width=\"113\"><strong>OEM<\/strong><\/td>\n<td width=\"402\">\u0160t\u00edtok kupuj\u00faceho prijat\u00fd<\/td>\n<\/tr>\n<\/tbody>\n<\/table>\n<p>&nbsp;<\/p>","protected":false},"featured_media":1641,"comment_status":"open","ping_status":"closed","template":"","meta":[],"product_cat":[15],"product_tag":[],"class_list":{"0":"post-1397","1":"product","2":"type-product","3":"status-publish","4":"has-post-thumbnail","6":"product_cat-peanut-butter","8":"first","9":"instock","10":"featured","11":"shipping-taxable","12":"product-type-simple"},"yoast_head":"<!-- This site is optimized with the Yoast SEO plugin v24.9 - https:\/\/yoast.com\/wordpress\/plugins\/seo\/ -->\n<title>Creamy Peanut Butter Manufacturer- Smooth Peanut Butter OEM - Peanut Butter Factory<\/title>\n<meta name=\"description\" content=\"As a leading OEM private label manufacturer, we offer premium creamy and smooth peanut butter with flexible packaging, certified to global standards.\" \/>\n<meta name=\"robots\" content=\"index, follow, max-snippet:-1, max-image-preview:large, max-video-preview:-1\" \/>\n<link rel=\"canonical\" href=\"https:\/\/www.peanutoem.com\/sk\/manufacturer\/creamy-peanut-butter\/\" \/>\n<meta property=\"og:locale\" content=\"sk_SK\" \/>\n<meta property=\"og:type\" content=\"article\" \/>\n<meta property=\"og:title\" content=\"Creamy Peanut Butter Manufacturer- Smooth Peanut Butter OEM - Peanut Butter Factory\" \/>\n<meta property=\"og:description\" content=\"As a leading OEM private label manufacturer, we offer premium creamy and smooth peanut butter with flexible packaging, certified to global standards.\" \/>\n<meta property=\"og:url\" content=\"https:\/\/www.peanutoem.com\/sk\/manufacturer\/creamy-peanut-butter\/\" \/>\n<meta property=\"og:site_name\" content=\"Peanut Butter Factory\" \/>\n<meta property=\"article:modified_time\" content=\"2024-09-28T07:06:47+00:00\" \/>\n<meta property=\"og:image\" content=\"https:\/\/www.peanutoem.com\/wp-content\/uploads\/2023\/06\/Creamy-Peanut-Butter-in-jar.webp\" \/>\n\t<meta property=\"og:image:width\" content=\"1000\" \/>\n\t<meta property=\"og:image:height\" content=\"1000\" \/>\n\t<meta property=\"og:image:type\" content=\"image\/webp\" \/>\n<meta name=\"twitter:card\" content=\"summary_large_image\" \/>\n<meta name=\"twitter:label1\" content=\"Predpokladan\u00fd \u010das \u010d\u00edtania\" \/>\n\t<meta name=\"twitter:data1\" content=\"3 min\u00faty\" \/>\n<script type=\"application\/ld+json\" class=\"yoast-schema-graph\">{\"@context\":\"https:\/\/schema.org\",\"@graph\":[{\"@type\":\"WebPage\",\"@id\":\"https:\/\/www.peanutoem.com\/manufacturer\/creamy-peanut-butter\/\",\"url\":\"https:\/\/www.peanutoem.com\/manufacturer\/creamy-peanut-butter\/\",\"name\":\"Creamy Peanut Butter Manufacturer- Smooth Peanut Butter OEM - Peanut Butter Factory\",\"isPartOf\":{\"@id\":\"https:\/\/www.peanutoem.com\/#website\"},\"primaryImageOfPage\":{\"@id\":\"https:\/\/www.peanutoem.com\/manufacturer\/creamy-peanut-butter\/#primaryimage\"},\"image\":{\"@id\":\"https:\/\/www.peanutoem.com\/manufacturer\/creamy-peanut-butter\/#primaryimage\"},\"thumbnailUrl\":\"https:\/\/www.peanutoem.com\/wp-content\/uploads\/2023\/06\/Creamy-Peanut-Butter-in-jar.webp\",\"datePublished\":\"2023-06-08T07:51:40+00:00\",\"dateModified\":\"2024-09-28T07:06:47+00:00\",\"description\":\"As a leading OEM private label manufacturer, we offer premium creamy and smooth peanut butter with flexible packaging, certified to global standards.\",\"breadcrumb\":{\"@id\":\"https:\/\/www.peanutoem.com\/manufacturer\/creamy-peanut-butter\/#breadcrumb\"},\"inLanguage\":\"sk-SK\",\"potentialAction\":[{\"@type\":\"ReadAction\",\"target\":[\"https:\/\/www.peanutoem.com\/manufacturer\/creamy-peanut-butter\/\"]}]},{\"@type\":\"ImageObject\",\"inLanguage\":\"sk-SK\",\"@id\":\"https:\/\/www.peanutoem.com\/manufacturer\/creamy-peanut-butter\/#primaryimage\",\"url\":\"https:\/\/www.peanutoem.com\/wp-content\/uploads\/2023\/06\/Creamy-Peanut-Butter-in-jar.webp\",\"contentUrl\":\"https:\/\/www.peanutoem.com\/wp-content\/uploads\/2023\/06\/Creamy-Peanut-Butter-in-jar.webp\",\"width\":1000,\"height\":1000,\"caption\":\"Creamy Peanut Butter in jar\"},{\"@type\":\"BreadcrumbList\",\"@id\":\"https:\/\/www.peanutoem.com\/manufacturer\/creamy-peanut-butter\/#breadcrumb\",\"itemListElement\":[{\"@type\":\"ListItem\",\"position\":1,\"name\":\"Home\",\"item\":\"https:\/\/www.peanutoem.com\/\"},{\"@type\":\"ListItem\",\"position\":2,\"name\":\"Products\",\"item\":\"https:\/\/www.peanutoem.com\/shop\/\"},{\"@type\":\"ListItem\",\"position\":3,\"name\":\"Creamy Peanut Butter | Smooth Peanut Butter\"}]},{\"@type\":\"WebSite\",\"@id\":\"https:\/\/www.peanutoem.com\/#website\",\"url\":\"https:\/\/www.peanutoem.com\/\",\"name\":\"Peanut Butter Factory\",\"description\":\"Peanut Butter Manufacturer and Roast Peanut OEM Factory | Peanut Private Label China Supplier\",\"publisher\":{\"@id\":\"https:\/\/www.peanutoem.com\/#organization\"},\"alternateName\":\"Peanut Butter OEM and Wholesale\",\"potentialAction\":[{\"@type\":\"SearchAction\",\"target\":{\"@type\":\"EntryPoint\",\"urlTemplate\":\"https:\/\/www.peanutoem.com\/?s={search_term_string}\"},\"query-input\":{\"@type\":\"PropertyValueSpecification\",\"valueRequired\":true,\"valueName\":\"search_term_string\"}}],\"inLanguage\":\"sk-SK\"},{\"@type\":\"Organization\",\"@id\":\"https:\/\/www.peanutoem.com\/#organization\",\"name\":\"Peanut Butter Factory\",\"alternateName\":\"JuFeng Group\",\"url\":\"https:\/\/www.peanutoem.com\/\",\"logo\":{\"@type\":\"ImageObject\",\"inLanguage\":\"sk-SK\",\"@id\":\"https:\/\/www.peanutoem.com\/#\/schema\/logo\/image\/\",\"url\":\"https:\/\/www.peanutoem.com\/wp-content\/uploads\/2024\/09\/JUFENG-LOGO.png\",\"contentUrl\":\"https:\/\/www.peanutoem.com\/wp-content\/uploads\/2024\/09\/JUFENG-LOGO.png\",\"width\":600,\"height\":170,\"caption\":\"Peanut Butter Factory\"},\"image\":{\"@id\":\"https:\/\/www.peanutoem.com\/#\/schema\/logo\/image\/\"}}]}<\/script>\n<!-- \/ Yoast SEO plugin. -->","yoast_head_json":{"title":"Creamy Peanut Butter Manufacturer- Smooth Peanut Butter OEM - Peanut Butter Factory","description":"As a leading OEM private label manufacturer, we offer premium creamy and smooth peanut butter with flexible packaging, certified to global standards.","robots":{"index":"index","follow":"follow","max-snippet":"max-snippet:-1","max-image-preview":"max-image-preview:large","max-video-preview":"max-video-preview:-1"},"canonical":"https:\/\/www.peanutoem.com\/sk\/manufacturer\/creamy-peanut-butter\/","og_locale":"sk_SK","og_type":"article","og_title":"Creamy Peanut Butter Manufacturer- Smooth Peanut Butter OEM - Peanut Butter Factory","og_description":"As a leading OEM private label manufacturer, we offer premium creamy and smooth peanut butter with flexible packaging, certified to global standards.","og_url":"https:\/\/www.peanutoem.com\/sk\/manufacturer\/creamy-peanut-butter\/","og_site_name":"Peanut Butter Factory","article_modified_time":"2024-09-28T07:06:47+00:00","og_image":[{"width":1000,"height":1000,"url":"https:\/\/www.peanutoem.com\/wp-content\/uploads\/2023\/06\/Creamy-Peanut-Butter-in-jar.webp","type":"image\/webp"}],"twitter_card":"summary_large_image","twitter_misc":{"Predpokladan\u00fd \u010das \u010d\u00edtania":"3 min\u00faty"},"schema":{"@context":"https:\/\/schema.org","@graph":[{"@type":"WebPage","@id":"https:\/\/www.peanutoem.com\/manufacturer\/creamy-peanut-butter\/","url":"https:\/\/www.peanutoem.com\/manufacturer\/creamy-peanut-butter\/","name":"Creamy Peanut Butter Manufacturer- Smooth Peanut Butter OEM - Peanut Butter Factory","isPartOf":{"@id":"https:\/\/www.peanutoem.com\/#website"},"primaryImageOfPage":{"@id":"https:\/\/www.peanutoem.com\/manufacturer\/creamy-peanut-butter\/#primaryimage"},"image":{"@id":"https:\/\/www.peanutoem.com\/manufacturer\/creamy-peanut-butter\/#primaryimage"},"thumbnailUrl":"https:\/\/www.peanutoem.com\/wp-content\/uploads\/2023\/06\/Creamy-Peanut-Butter-in-jar.webp","datePublished":"2023-06-08T07:51:40+00:00","dateModified":"2024-09-28T07:06:47+00:00","description":"As a leading OEM private label manufacturer, we offer premium creamy and smooth peanut butter with flexible packaging, certified to global standards.","breadcrumb":{"@id":"https:\/\/www.peanutoem.com\/manufacturer\/creamy-peanut-butter\/#breadcrumb"},"inLanguage":"sk-SK","potentialAction":[{"@type":"ReadAction","target":["https:\/\/www.peanutoem.com\/manufacturer\/creamy-peanut-butter\/"]}]},{"@type":"ImageObject","inLanguage":"sk-SK","@id":"https:\/\/www.peanutoem.com\/manufacturer\/creamy-peanut-butter\/#primaryimage","url":"https:\/\/www.peanutoem.com\/wp-content\/uploads\/2023\/06\/Creamy-Peanut-Butter-in-jar.webp","contentUrl":"https:\/\/www.peanutoem.com\/wp-content\/uploads\/2023\/06\/Creamy-Peanut-Butter-in-jar.webp","width":1000,"height":1000,"caption":"Creamy Peanut Butter in jar"},{"@type":"BreadcrumbList","@id":"https:\/\/www.peanutoem.com\/manufacturer\/creamy-peanut-butter\/#breadcrumb","itemListElement":[{"@type":"ListItem","position":1,"name":"Home","item":"https:\/\/www.peanutoem.com\/"},{"@type":"ListItem","position":2,"name":"Products","item":"https:\/\/www.peanutoem.com\/shop\/"},{"@type":"ListItem","position":3,"name":"Creamy Peanut Butter | Smooth Peanut Butter"}]},{"@type":"WebSite","@id":"https:\/\/www.peanutoem.com\/#website","url":"https:\/\/www.peanutoem.com\/","name":"Peanut Butter Factory","description":"Peanut Butter Manufacturer and Roast Peanut OEM Factory | Peanut Private Label China Supplier","publisher":{"@id":"https:\/\/www.peanutoem.com\/#organization"},"alternateName":"Peanut Butter OEM and Wholesale","potentialAction":[{"@type":"SearchAction","target":{"@type":"EntryPoint","urlTemplate":"https:\/\/www.peanutoem.com\/?s={search_term_string}"},"query-input":{"@type":"PropertyValueSpecification","valueRequired":true,"valueName":"search_term_string"}}],"inLanguage":"sk-SK"},{"@type":"Organization","@id":"https:\/\/www.peanutoem.com\/#organization","name":"Peanut Butter Factory","alternateName":"JuFeng Group","url":"https:\/\/www.peanutoem.com\/","logo":{"@type":"ImageObject","inLanguage":"sk-SK","@id":"https:\/\/www.peanutoem.com\/#\/schema\/logo\/image\/","url":"https:\/\/www.peanutoem.com\/wp-content\/uploads\/2024\/09\/JUFENG-LOGO.png","contentUrl":"https:\/\/www.peanutoem.com\/wp-content\/uploads\/2024\/09\/JUFENG-LOGO.png","width":600,"height":170,"caption":"Peanut Butter Factory"},"image":{"@id":"https:\/\/www.peanutoem.com\/#\/schema\/logo\/image\/"}}]}},"_links":{"self":[{"href":"https:\/\/www.peanutoem.com\/sk\/wp-json\/wp\/v2\/product\/1397","targetHints":{"allow":["GET"]}}],"collection":[{"href":"https:\/\/www.peanutoem.com\/sk\/wp-json\/wp\/v2\/product"}],"about":[{"href":"https:\/\/www.peanutoem.com\/sk\/wp-json\/wp\/v2\/types\/product"}],"replies":[{"embeddable":true,"href":"https:\/\/www.peanutoem.com\/sk\/wp-json\/wp\/v2\/comments?post=1397"}],"wp:featuredmedia":[{"embeddable":true,"href":"https:\/\/www.peanutoem.com\/sk\/wp-json\/wp\/v2\/media\/1641"}],"wp:attachment":[{"href":"https:\/\/www.peanutoem.com\/sk\/wp-json\/wp\/v2\/media?parent=1397"}],"wp:term":[{"taxonomy":"product_cat","embeddable":true,"href":"https:\/\/www.peanutoem.com\/sk\/wp-json\/wp\/v2\/product_cat?post=1397"},{"taxonomy":"product_tag","embeddable":true,"href":"https:\/\/www.peanutoem.com\/sk\/wp-json\/wp\/v2\/product_tag?post=1397"}],"curies":[{"name":"wp","href":"https:\/\/api.w.org\/{rel}","templated":true}]}}