{"id":1402,"date":"2023-06-08T08:15:42","date_gmt":"2023-06-08T08:15:42","guid":{"rendered":"https:\/\/www.peanutoem.com\/?post_type=product&#038;p=1402"},"modified":"2024-09-28T06:53:33","modified_gmt":"2024-09-28T06:53:33","slug":"crunchy-peanut-butter","status":"publish","type":"product","link":"https:\/\/www.peanutoem.com\/sk\/manufacturer\/crunchy-peanut-butter\/","title":{"rendered":"\u201cCrunchy Ara\u0161idov\u00e9 maslo | Custom Crunchy Ara\u0161idov\u00e9 maslo\u201d \u2014 Tov\u00e1re\u0148 na ara\u0161idov\u00e9 maslo"},"content":{"rendered":"<h3>Chrumkav\u00e9 <a href=\"https:\/\/www.peanutoem.com\/sk\/Wholesale\/peanut-butter\/\" target=\"_blank\" rel=\"noopener\">Ara\u0161idov\u00e9 maslo<\/a> \u2013 Pr\u00e9miov\u00fd v\u00fdrobca s\u00fakromn\u00fdch zna\u010diek OEM<\/h3>\n<p>Sme hrd\u00ed na to, \u017ee sme popredn\u00fdm v\u00fdrobcom s\u00fakromn\u00fdch zna\u010diek OEM, v\u00fdvozcom a dod\u00e1vate\u013eom vysokokvalitn\u00e9ho chrumkav\u00e9ho ara\u0161idov\u00e9ho masla, ktor\u00e9 pon\u00faka uspokojiv\u00fa text\u00faru, ktor\u00e1 je ide\u00e1lna pre maloobchod aj priemyseln\u00e9 pou\u017eitie. Na\u0161e v\u00fdrobn\u00e9 mo\u017enosti v kombin\u00e1cii s prisp\u00f4sobite\u013en\u00fdmi mo\u017enos\u0165ami n\u00e1m umo\u017e\u0148uj\u00fa uspokoji\u0165 jedine\u010dn\u00e9 potreby zna\u010diek na celom svete.<\/p>\n<h3>Pokro\u010dil\u00e1 v\u00fdroba a <a href=\"https:\/\/www.peanutoem.com\/sk\/certificate\/\" target=\"_blank\" rel=\"noopener\">Certifik\u00e1cie<\/a><\/h3>\n<p>Na\u0161e modern\u00e9 zariadenia s\u00fa vybaven\u00e9 tak, aby zvl\u00e1dli ve\u013ekov\u00fdrobu pri zachovan\u00ed pr\u00edsnej kontroly kvality. V\u010faka certifik\u00e1ci\u00e1m ako HACCP, BRCGS, Halal, Kosher a EU Organic zais\u0165ujeme, \u017ee na\u0161e chrumkav\u00e9 ara\u0161idov\u00e9 maslo sp\u013a\u0148a najvy\u0161\u0161ie glob\u00e1lne \u0161tandardy. To z n\u00e1s rob\u00ed preferovan\u00e9ho partnera pre podniky, ktor\u00e9 h\u013eadaj\u00fa spo\u013eahliv\u00e9 rie\u0161enia OEM a priv\u00e1tnych zna\u010diek.<\/p>\n<h3>\u010co je chrumkav\u00e9 ara\u0161idov\u00e9 maslo?<\/h3>\n<p>Chrumkav\u00e9 ara\u0161idov\u00e9 maslo obsahuje mal\u00e9 ara\u0161idov\u00e9 zrnie\u010dka, ktor\u00e9 poskytuj\u00fa text\u00faru a bohat\u00fa ara\u0161idov\u00fa chu\u0165. T\u00e1to odroda je ide\u00e1lna pre spotrebite\u013eov, ktor\u00ed si u\u017e\u00edvaj\u00fa v\u00fdraznej\u0161\u00ed z\u00e1\u017eitok z ara\u0161idov\u00e9ho masla v porovnan\u00ed s hladk\u00fdmi alebo kr\u00e9mov\u00fdmi mo\u017enos\u0165ami. Na\u0161e ara\u0161idov\u00e9 maslo vo forme gran\u00fal je vyroben\u00e9 z t\u00fdch najkvalitnej\u0161\u00edch ara\u0161idov, ktor\u00e9 zais\u0165uj\u00fa konzistenciu v ka\u017edej n\u00e1dobe.<\/p>\n<p>Chrumkav\u00e9 ara\u0161idov\u00e9 maslo m\u00f4\u017ee by\u0165 ozna\u010dovan\u00e9 aj nieko\u013ek\u00fdmi in\u00fdmi n\u00e1zvami, v z\u00e1vislosti od regi\u00f3nu alebo marketingov\u00fdch preferenci\u00ed. Niektor\u00e9 alternat\u00edvne n\u00e1zvy zah\u0155\u0148aj\u00fa:<\/p>\n<ol>\n<li><strong>Hrub\u00e9 ara\u0161idov\u00e9 maslo<\/strong> - Toto je be\u017en\u00fd term\u00edn, najm\u00e4 v USA, ktor\u00fd sa vz\u0165ahuje na rovnak\u00fa text\u00farovan\u00fa odrodu.<\/li>\n<li><strong>Ara\u0161idov\u00e9 maslo granulovan\u00e9ho typu<\/strong> \u2013 Opis jeho granulovanej text\u00fary, ktor\u00e1 sa \u010dasto pou\u017e\u00edva v technickej\u0161om alebo priemyselnom kontexte.<\/li>\n<li><strong>\u0160trukt\u00farovan\u00e9 ara\u0161idov\u00e9 maslo<\/strong> \u2013 Zv\u00fdraznenie text\u00fary k\u00faskov ara\u0161idov.<\/li>\n<li><strong>Orie\u0161kov\u00e9 ara\u0161idov\u00e9 maslo<\/strong> \u2013 Niekedy sa pou\u017e\u00edva na zd\u00f4raznenie k\u00faskov ara\u0161idov v n\u00e1tierke.<\/li>\n<\/ol>\n<p>Tieto n\u00e1zvy s\u00fa \u010dasto zamenite\u013en\u00e9 a vyjadruj\u00fa my\u0161lienku, \u017ee ara\u0161idov\u00e9 maslo obsahuje mal\u00e9 k\u00fasky alebo granule ara\u0161idov.<\/p>\n<h3>Prisp\u00f4soben\u00e9 rie\u0161enia priv\u00e1tnych zna\u010diek pre chrumkav\u00e9 ara\u0161idov\u00e9 maslo<\/h3>\n<p>Ako popredn\u00fd v\u00fdrobca OEM pon\u00fakame prisp\u00f4soben\u00e9 slu\u017eby s\u00fakromn\u00fdch zna\u010diek pre chrumkav\u00e9 ara\u0161idov\u00e9 maslo. \u010ci u\u017e potrebujete jedine\u010dn\u00e9 balenie alebo \u0161pecifick\u00e9 ve\u013ekosti, poskytujeme flexibiln\u00e9 mo\u017enosti, ktor\u00e9 vyhovuj\u00fa potreb\u00e1m va\u0161ej zna\u010dky. N\u00e1\u0161 t\u00edm s vami \u00fazko spolupracuje na v\u00fdvoji produktu, ktor\u00fd je v s\u00falade s identitou va\u0161ej zna\u010dky a po\u017eiadavkami trhu.<\/p>\n<h3>Glob\u00e1lny v\u00fdvozca a dod\u00e1vate\u013e ara\u0161idov\u00e9ho masla granulovan\u00e9ho typu<\/h3>\n<p>V\u010faka \u0161irokej exportnej sieti sl\u00fa\u017eime klientom po celom svete, v\u010faka \u010domu sme d\u00f4veryhodn\u00fdm v\u00fdvozcom a dod\u00e1vate\u013eom ara\u0161idov\u00e9ho masla granulovan\u00e9ho typu. Na\u0161a efekt\u00edvna logistika zais\u0165uje v\u010dasn\u00e9 dodanie, \u010di u\u017e potrebujete mal\u00e9 d\u00e1vky alebo hromadn\u00e9 objedn\u00e1vky. Ch\u00e1peme d\u00f4le\u017eitos\u0165 konzistentnosti a spo\u013eahlivosti na medzin\u00e1rodn\u00fdch trhoch.<\/p>\n<h3>Pre\u010do si vybra\u0165 n\u00e1s?<\/h3>\n<ul>\n<li><strong>Rozsiahla v\u00fdrobn\u00e1 kapacita<\/strong>: Ve\u013ekos\u00e9riov\u00e1 v\u00fdroba na mieru va\u0161ej zna\u010dky<\/li>\n<li><strong>glob\u00e1lne <a href=\"https:\/\/www.peanutoem.com\/sk\/certificate\/\" target=\"_blank\" rel=\"noopener\">Certifik\u00e1cie<\/a><\/strong>: Vr\u00e1tane HACCP, BRCGS, Halal, Kosher a \u010fal\u0161\u00edch<\/li>\n<li><strong>Flexibiln\u00e9 mo\u017enosti OEM a s\u00fakromn\u00fdch zna\u010diek<\/strong>: Prisp\u00f4sobite\u013en\u00e9 pod\u013ea va\u0161ich \u0161pecifik\u00e1ci\u00ed<\/li>\n<li><strong>D\u00f4veryhodn\u00fd export\u00e9r a dod\u00e1vate\u013e<\/strong>: Obsluhuje trhy po celom svete s konzistentnou kvalitou<\/li>\n<\/ul>\n<p>Sme pripraven\u00ed poskytn\u00fa\u0165 to najlep\u0161ie z chrumkav\u00e9ho ara\u0161idov\u00e9ho masla prostredn\u00edctvom na\u0161ich flexibiln\u00fdch rie\u0161en\u00ed OEM a priv\u00e1tnych zna\u010diek. Dovo\u013ete n\u00e1m pom\u00f4c\u0165 v\u00e1m prinies\u0165 pr\u00e9miov\u00e9 ara\u0161idov\u00e9 maslo typu gran\u00fal va\u0161im z\u00e1kazn\u00edkom so zameran\u00edm na kvalitu a prisp\u00f4sobenie.<\/p>\n<a href=\"mailto:globepeanut@gmail.com\" class=\"button primary is-primary is-medium\"  >\n    <span>Nap\u00ed\u0161te n\u00e1m<\/span>\n  <\/a>","protected":false},"excerpt":{"rendered":"<table width=\"564\">\n<tbody>\n<tr>\n<td width=\"113\"><strong>N\u00e1zov produktu<\/strong><\/td>\n<td width=\"402\">Chrumkav\u00e9 ara\u0161idov\u00e9 maslo<\/td>\n<\/tr>\n<tr>\n<td width=\"113\"><strong>Ingrediencie<\/strong><\/td>\n<td width=\"402\">Vybran\u00e9 jadr\u00e1 ara\u0161idov, biely cukor, hydrogenovan\u00fd rastlinn\u00fd olej, so\u013e<\/td>\n<\/tr>\n<tr>\n<td width=\"113\"><strong>\u0160pecifik\u00e1cie<\/strong><\/td>\n<td width=\"402\">200gx36, 227gx24, 340gx12, 375gx12, 500gx12, 510gx12, 1kgx12, 10kgx1, 20kgx1, 220kgx1<\/td>\n<\/tr>\n<tr>\n<td width=\"113\"><strong>Baliaci formul\u00e1r<\/strong><\/td>\n<td width=\"402\">N\u00e1doba, vedro, balenie doy, ta\u0161ka, kart\u00f3n, plechovka, sud, plechovka, f\u013ea\u0161a at\u010f<\/td>\n<\/tr>\n<tr>\n<td width=\"113\"><strong>Dodacia lehota<\/strong><\/td>\n<td width=\"402\">7 ~ 20 dn\u00ed po objedn\u00e1vke<\/td>\n<\/tr>\n<tr>\n<td width=\"113\"><strong>MOQ<\/strong><\/td>\n<td width=\"402\">Jedna tona<\/td>\n<\/tr>\n<tr>\n<td width=\"113\"><strong>Uk\u00e1\u017eka<\/strong><\/td>\n<td width=\"402\">K dispoz\u00edcii bezplatn\u00e1 vzorka<\/td>\n<\/tr>\n<tr>\n<td width=\"113\"><strong>OEM<\/strong><\/td>\n<td width=\"402\">\u0160t\u00edtok kupuj\u00faceho prijat\u00fd<\/td>\n<\/tr>\n<\/tbody>\n<\/table>","protected":false},"featured_media":1652,"comment_status":"open","ping_status":"closed","template":"","meta":[],"product_cat":[15],"product_tag":[],"class_list":{"0":"post-1402","1":"product","2":"type-product","3":"status-publish","4":"has-post-thumbnail","6":"product_cat-peanut-butter","8":"first","9":"instock","10":"featured","11":"shipping-taxable","12":"product-type-simple"},"yoast_head":"<!-- This site is optimized with the Yoast SEO plugin v24.9 - https:\/\/yoast.com\/wordpress\/plugins\/seo\/ -->\n<title>Crunchy Peanut Butter | Custom Crunchy Peanut Butter OEM - Peanut Butter Factory<\/title>\n<meta name=\"description\" content=\"As a leading private label manufacturer, Our crunchy peanut butter is made with delightful granule texture and customizable packaging.\" \/>\n<meta name=\"robots\" content=\"index, follow, max-snippet:-1, max-image-preview:large, max-video-preview:-1\" \/>\n<link rel=\"canonical\" href=\"https:\/\/www.peanutoem.com\/sk\/manufacturer\/crunchy-peanut-butter\/\" \/>\n<meta property=\"og:locale\" content=\"sk_SK\" \/>\n<meta property=\"og:type\" content=\"article\" \/>\n<meta property=\"og:title\" content=\"Crunchy Peanut Butter | Custom Crunchy Peanut Butter OEM - Peanut Butter Factory\" \/>\n<meta property=\"og:description\" content=\"As a leading private label manufacturer, Our crunchy peanut butter is made with delightful granule texture and customizable packaging.\" \/>\n<meta property=\"og:url\" content=\"https:\/\/www.peanutoem.com\/sk\/manufacturer\/crunchy-peanut-butter\/\" \/>\n<meta property=\"og:site_name\" content=\"Peanut Butter Factory\" \/>\n<meta property=\"article:modified_time\" content=\"2024-09-28T06:53:33+00:00\" \/>\n<meta property=\"og:image\" content=\"https:\/\/www.peanutoem.com\/wp-content\/uploads\/2023\/06\/Crunchy-Type-Peanut-Butter-340g.webp\" \/>\n\t<meta property=\"og:image:width\" content=\"1000\" \/>\n\t<meta property=\"og:image:height\" content=\"1000\" \/>\n\t<meta property=\"og:image:type\" content=\"image\/webp\" \/>\n<meta name=\"twitter:card\" content=\"summary_large_image\" \/>\n<meta name=\"twitter:label1\" content=\"Predpokladan\u00fd \u010das \u010d\u00edtania\" \/>\n\t<meta name=\"twitter:data1\" content=\"3 min\u00faty\" \/>\n<script type=\"application\/ld+json\" class=\"yoast-schema-graph\">{\"@context\":\"https:\/\/schema.org\",\"@graph\":[{\"@type\":\"WebPage\",\"@id\":\"https:\/\/www.peanutoem.com\/manufacturer\/crunchy-peanut-butter\/\",\"url\":\"https:\/\/www.peanutoem.com\/manufacturer\/crunchy-peanut-butter\/\",\"name\":\"Crunchy Peanut Butter | Custom Crunchy Peanut Butter OEM - Peanut Butter Factory\",\"isPartOf\":{\"@id\":\"https:\/\/www.peanutoem.com\/#website\"},\"primaryImageOfPage\":{\"@id\":\"https:\/\/www.peanutoem.com\/manufacturer\/crunchy-peanut-butter\/#primaryimage\"},\"image\":{\"@id\":\"https:\/\/www.peanutoem.com\/manufacturer\/crunchy-peanut-butter\/#primaryimage\"},\"thumbnailUrl\":\"https:\/\/www.peanutoem.com\/wp-content\/uploads\/2023\/06\/Crunchy-Type-Peanut-Butter-340g.webp\",\"datePublished\":\"2023-06-08T08:15:42+00:00\",\"dateModified\":\"2024-09-28T06:53:33+00:00\",\"description\":\"As a leading private label manufacturer, Our crunchy peanut butter is made with delightful granule texture and customizable packaging.\",\"breadcrumb\":{\"@id\":\"https:\/\/www.peanutoem.com\/manufacturer\/crunchy-peanut-butter\/#breadcrumb\"},\"inLanguage\":\"sk-SK\",\"potentialAction\":[{\"@type\":\"ReadAction\",\"target\":[\"https:\/\/www.peanutoem.com\/manufacturer\/crunchy-peanut-butter\/\"]}]},{\"@type\":\"ImageObject\",\"inLanguage\":\"sk-SK\",\"@id\":\"https:\/\/www.peanutoem.com\/manufacturer\/crunchy-peanut-butter\/#primaryimage\",\"url\":\"https:\/\/www.peanutoem.com\/wp-content\/uploads\/2023\/06\/Crunchy-Type-Peanut-Butter-340g.webp\",\"contentUrl\":\"https:\/\/www.peanutoem.com\/wp-content\/uploads\/2023\/06\/Crunchy-Type-Peanut-Butter-340g.webp\",\"width\":1000,\"height\":1000,\"caption\":\"Crunchy Type Peanut Butter 340g\"},{\"@type\":\"BreadcrumbList\",\"@id\":\"https:\/\/www.peanutoem.com\/manufacturer\/crunchy-peanut-butter\/#breadcrumb\",\"itemListElement\":[{\"@type\":\"ListItem\",\"position\":1,\"name\":\"Home\",\"item\":\"https:\/\/www.peanutoem.com\/\"},{\"@type\":\"ListItem\",\"position\":2,\"name\":\"Products\",\"item\":\"https:\/\/www.peanutoem.com\/shop\/\"},{\"@type\":\"ListItem\",\"position\":3,\"name\":\"Crunchy Peanut Butter | Custom Crunchy Peanut Butter\"}]},{\"@type\":\"WebSite\",\"@id\":\"https:\/\/www.peanutoem.com\/#website\",\"url\":\"https:\/\/www.peanutoem.com\/\",\"name\":\"Peanut Butter Factory\",\"description\":\"Peanut Butter Manufacturer and Roast Peanut OEM Factory | Peanut Private Label China Supplier\",\"publisher\":{\"@id\":\"https:\/\/www.peanutoem.com\/#organization\"},\"alternateName\":\"Peanut Butter OEM and Wholesale\",\"potentialAction\":[{\"@type\":\"SearchAction\",\"target\":{\"@type\":\"EntryPoint\",\"urlTemplate\":\"https:\/\/www.peanutoem.com\/?s={search_term_string}\"},\"query-input\":{\"@type\":\"PropertyValueSpecification\",\"valueRequired\":true,\"valueName\":\"search_term_string\"}}],\"inLanguage\":\"sk-SK\"},{\"@type\":\"Organization\",\"@id\":\"https:\/\/www.peanutoem.com\/#organization\",\"name\":\"Peanut Butter Factory\",\"alternateName\":\"JuFeng Group\",\"url\":\"https:\/\/www.peanutoem.com\/\",\"logo\":{\"@type\":\"ImageObject\",\"inLanguage\":\"sk-SK\",\"@id\":\"https:\/\/www.peanutoem.com\/#\/schema\/logo\/image\/\",\"url\":\"https:\/\/www.peanutoem.com\/wp-content\/uploads\/2024\/09\/JUFENG-LOGO.png\",\"contentUrl\":\"https:\/\/www.peanutoem.com\/wp-content\/uploads\/2024\/09\/JUFENG-LOGO.png\",\"width\":600,\"height\":170,\"caption\":\"Peanut Butter Factory\"},\"image\":{\"@id\":\"https:\/\/www.peanutoem.com\/#\/schema\/logo\/image\/\"}}]}<\/script>\n<!-- \/ Yoast SEO plugin. -->","yoast_head_json":{"title":"Crunchy Peanut Butter | Custom Crunchy Peanut Butter OEM - Peanut Butter Factory","description":"As a leading private label manufacturer, Our crunchy peanut butter is made with delightful granule texture and customizable packaging.","robots":{"index":"index","follow":"follow","max-snippet":"max-snippet:-1","max-image-preview":"max-image-preview:large","max-video-preview":"max-video-preview:-1"},"canonical":"https:\/\/www.peanutoem.com\/sk\/manufacturer\/crunchy-peanut-butter\/","og_locale":"sk_SK","og_type":"article","og_title":"Crunchy Peanut Butter | Custom Crunchy Peanut Butter OEM - Peanut Butter Factory","og_description":"As a leading private label manufacturer, Our crunchy peanut butter is made with delightful granule texture and customizable packaging.","og_url":"https:\/\/www.peanutoem.com\/sk\/manufacturer\/crunchy-peanut-butter\/","og_site_name":"Peanut Butter Factory","article_modified_time":"2024-09-28T06:53:33+00:00","og_image":[{"width":1000,"height":1000,"url":"https:\/\/www.peanutoem.com\/wp-content\/uploads\/2023\/06\/Crunchy-Type-Peanut-Butter-340g.webp","type":"image\/webp"}],"twitter_card":"summary_large_image","twitter_misc":{"Predpokladan\u00fd \u010das \u010d\u00edtania":"3 min\u00faty"},"schema":{"@context":"https:\/\/schema.org","@graph":[{"@type":"WebPage","@id":"https:\/\/www.peanutoem.com\/manufacturer\/crunchy-peanut-butter\/","url":"https:\/\/www.peanutoem.com\/manufacturer\/crunchy-peanut-butter\/","name":"Crunchy Peanut Butter | Custom Crunchy Peanut Butter OEM - Peanut Butter Factory","isPartOf":{"@id":"https:\/\/www.peanutoem.com\/#website"},"primaryImageOfPage":{"@id":"https:\/\/www.peanutoem.com\/manufacturer\/crunchy-peanut-butter\/#primaryimage"},"image":{"@id":"https:\/\/www.peanutoem.com\/manufacturer\/crunchy-peanut-butter\/#primaryimage"},"thumbnailUrl":"https:\/\/www.peanutoem.com\/wp-content\/uploads\/2023\/06\/Crunchy-Type-Peanut-Butter-340g.webp","datePublished":"2023-06-08T08:15:42+00:00","dateModified":"2024-09-28T06:53:33+00:00","description":"As a leading private label manufacturer, Our crunchy peanut butter is made with delightful granule texture and customizable packaging.","breadcrumb":{"@id":"https:\/\/www.peanutoem.com\/manufacturer\/crunchy-peanut-butter\/#breadcrumb"},"inLanguage":"sk-SK","potentialAction":[{"@type":"ReadAction","target":["https:\/\/www.peanutoem.com\/manufacturer\/crunchy-peanut-butter\/"]}]},{"@type":"ImageObject","inLanguage":"sk-SK","@id":"https:\/\/www.peanutoem.com\/manufacturer\/crunchy-peanut-butter\/#primaryimage","url":"https:\/\/www.peanutoem.com\/wp-content\/uploads\/2023\/06\/Crunchy-Type-Peanut-Butter-340g.webp","contentUrl":"https:\/\/www.peanutoem.com\/wp-content\/uploads\/2023\/06\/Crunchy-Type-Peanut-Butter-340g.webp","width":1000,"height":1000,"caption":"Crunchy Type Peanut Butter 340g"},{"@type":"BreadcrumbList","@id":"https:\/\/www.peanutoem.com\/manufacturer\/crunchy-peanut-butter\/#breadcrumb","itemListElement":[{"@type":"ListItem","position":1,"name":"Home","item":"https:\/\/www.peanutoem.com\/"},{"@type":"ListItem","position":2,"name":"Products","item":"https:\/\/www.peanutoem.com\/shop\/"},{"@type":"ListItem","position":3,"name":"Crunchy Peanut Butter | Custom Crunchy Peanut Butter"}]},{"@type":"WebSite","@id":"https:\/\/www.peanutoem.com\/#website","url":"https:\/\/www.peanutoem.com\/","name":"Peanut Butter Factory","description":"Peanut Butter Manufacturer and Roast Peanut OEM Factory | Peanut Private Label China Supplier","publisher":{"@id":"https:\/\/www.peanutoem.com\/#organization"},"alternateName":"Peanut Butter OEM and Wholesale","potentialAction":[{"@type":"SearchAction","target":{"@type":"EntryPoint","urlTemplate":"https:\/\/www.peanutoem.com\/?s={search_term_string}"},"query-input":{"@type":"PropertyValueSpecification","valueRequired":true,"valueName":"search_term_string"}}],"inLanguage":"sk-SK"},{"@type":"Organization","@id":"https:\/\/www.peanutoem.com\/#organization","name":"Peanut Butter Factory","alternateName":"JuFeng Group","url":"https:\/\/www.peanutoem.com\/","logo":{"@type":"ImageObject","inLanguage":"sk-SK","@id":"https:\/\/www.peanutoem.com\/#\/schema\/logo\/image\/","url":"https:\/\/www.peanutoem.com\/wp-content\/uploads\/2024\/09\/JUFENG-LOGO.png","contentUrl":"https:\/\/www.peanutoem.com\/wp-content\/uploads\/2024\/09\/JUFENG-LOGO.png","width":600,"height":170,"caption":"Peanut Butter Factory"},"image":{"@id":"https:\/\/www.peanutoem.com\/#\/schema\/logo\/image\/"}}]}},"_links":{"self":[{"href":"https:\/\/www.peanutoem.com\/sk\/wp-json\/wp\/v2\/product\/1402","targetHints":{"allow":["GET"]}}],"collection":[{"href":"https:\/\/www.peanutoem.com\/sk\/wp-json\/wp\/v2\/product"}],"about":[{"href":"https:\/\/www.peanutoem.com\/sk\/wp-json\/wp\/v2\/types\/product"}],"replies":[{"embeddable":true,"href":"https:\/\/www.peanutoem.com\/sk\/wp-json\/wp\/v2\/comments?post=1402"}],"wp:featuredmedia":[{"embeddable":true,"href":"https:\/\/www.peanutoem.com\/sk\/wp-json\/wp\/v2\/media\/1652"}],"wp:attachment":[{"href":"https:\/\/www.peanutoem.com\/sk\/wp-json\/wp\/v2\/media?parent=1402"}],"wp:term":[{"taxonomy":"product_cat","embeddable":true,"href":"https:\/\/www.peanutoem.com\/sk\/wp-json\/wp\/v2\/product_cat?post=1402"},{"taxonomy":"product_tag","embeddable":true,"href":"https:\/\/www.peanutoem.com\/sk\/wp-json\/wp\/v2\/product_tag?post=1402"}],"curies":[{"name":"wp","href":"https:\/\/api.w.org\/{rel}","templated":true}]}}