{"id":1543,"date":"2024-09-02T13:37:15","date_gmt":"2024-09-02T13:37:15","guid":{"rendered":"https:\/\/www.peanutoem.com\/?post_type=product&#038;p=1543"},"modified":"2024-09-28T06:03:37","modified_gmt":"2024-09-28T06:03:37","slug":"pure-peanut-butter","status":"publish","type":"product","link":"https:\/\/www.peanutoem.com\/sk\/manufacturer\/pure-peanut-butter\/","title":{"rendered":"\u010cist\u00e9 ara\u0161idov\u00e9 maslo"},"content":{"rendered":"<h3>\u010cist\u00e9 ara\u0161idov\u00e9 maslo \u2013 popredn\u00fd poskytovate\u013e OEM a v\u00fdrobca s\u00fakromn\u00fdch zna\u010diek<\/h3>\n<p>\u0160pecializujeme sa na v\u00fdrobu a dod\u00e1vku \u010dist\u00e9ho ara\u0161idov\u00e9ho masla ako d\u00f4veryhodn\u00fd poskytovate\u013e OEM, v\u00fdrobca s\u00fakromn\u00fdch zna\u010diek a v\u00fdvozca. Na\u0161e produkty s\u00fa vyroben\u00e9 z ara\u0161idov 100%, ktor\u00e9 va\u0161ej zna\u010dke poskytuj\u00fa bezkonkuren\u010dn\u00fa kvalitu a autentickos\u0165. V\u010faka pokro\u010dil\u00fdm v\u00fdrobn\u00fdm mo\u017enostiam a glob\u00e1lnym certifik\u00e1ci\u00e1m prisp\u00f4sobujeme na\u0161e rie\u0161enia ara\u0161idov\u00e9ho masla va\u0161im \u0161pecifick\u00fdm po\u017eiadavk\u00e1m.<\/p>\n<h3>\u010co je \u010dist\u00e9 ara\u0161idov\u00e9 maslo?<\/h3>\n<p><strong>\u010cist\u00e1 <a href=\"https:\/\/www.peanutoem.com\/sk\/Wholesale\/peanut-butter\/\" target=\"_blank\" rel=\"noopener\">ara\u0161idov\u00e9 maslo<\/a><\/strong> je vyroben\u00fd z 100% <a href=\"https:\/\/en.wikipedia.org\/wiki\/Peanut\" target=\"_blank\" rel=\"noopener\">ara\u0161idy<\/a>, bez ak\u00fdchko\u013evek pridan\u00fdch cukrov, olejov alebo konzerva\u010dn\u00fdch l\u00e1tok. Pon\u00faka prirodzen\u00fa, nespracovan\u00fa chu\u0165, ktor\u00e1 oslovuje spotrebite\u013eov, ktor\u00ed dbaj\u00fa na svoje zdravie. Tento typ ara\u0161idov\u00e9ho masla si zachov\u00e1va bohat\u00fa chu\u0165 a pr\u00edrodn\u00e9 oleje z ara\u0161idov, v\u010faka \u010domu je ob\u013e\u00fabenou vo\u013ebou pre t\u00fdch, ktor\u00ed h\u013eadaj\u00fa \u010dist\u00e9 produkty.<\/p>\n<h3>Ak\u00e9 s\u00fa in\u00e9 n\u00e1zvy \u010dist\u00e9ho ara\u0161idov\u00e9ho masla?<\/h3>\n<p>V regi\u00f3noch a odvetviach je tie\u017e zn\u00e1my pod r\u00f4znymi n\u00e1zvami. Niektor\u00e9 z najbe\u017enej\u0161\u00edch alternat\u00edvnych n\u00e1zvov zah\u0155\u0148aj\u00fa:<\/p>\n<ul>\n<li><strong>Pr\u00edrodn\u00e9 ara\u0161idov\u00e9 maslo<\/strong><\/li>\n<li><strong>Nesladen\u00e9 ara\u0161idov\u00e9 maslo<\/strong><\/li>\n<li><strong>Ara\u0161idov\u00e9 maslo bez adit\u00edv<\/strong><\/li>\n<li><strong>Ara\u0161idov\u00e9 maslo 100%<\/strong><\/li>\n<\/ul>\n<p>Tieto n\u00e1zvy zd\u00f4raz\u0148uj\u00fa absenciu \u010fal\u0161\u00edch pr\u00edsad, \u010d\u00edm zd\u00f4raz\u0148uj\u00fa \u010distotu produktu.<\/p>\n<h3>Pre\u010do si vybra\u0165 n\u00e1s ako dod\u00e1vate\u013ea?<\/h3>\n<p>Ako popredn\u00fd poskytovate\u013e OEM a v\u00fdrobca s\u00fakromn\u00fdch zna\u010diek pon\u00fakame:<\/p>\n<ul>\n<li><strong>Vysoko kvalitn\u00e9 produkty:<\/strong> Na\u0161e \u010dist\u00e9 ara\u0161idov\u00e9 maslo obsahuje vybran\u00e9 ara\u0161idy 100% bez pridan\u00fdch cukrov, olejov alebo konzerva\u010dn\u00fdch l\u00e1tok.<\/li>\n<li><strong>Prisp\u00f4sobite\u013en\u00e9 rie\u0161enia:<\/strong> Pon\u00fakame flexibiln\u00e9 mo\u017enosti balenia vr\u00e1tane t\u00e9glikov, plechoviek a vedier v r\u00f4znych ve\u013ekostiach, aby sme splnili po\u017eiadavky trhu.<\/li>\n<li><strong>glob\u00e1lne <a href=\"https:\/\/www.peanutoem.com\/sk\/certificate\/\" target=\"_blank\" rel=\"noopener\">Certifik\u00e1cie<\/a>:<\/strong> Na\u0161e certifik\u00e1cie, vr\u00e1tane HACCP, BRCGS, Halal a Kosher, zais\u0165uj\u00fa bezpe\u010dnos\u0165 produktov a pr\u00e9miov\u00fa kvalitu.<\/li>\n<li><strong>Ve\u013ek\u00e1 v\u00fdrobn\u00e1 kapacita:<\/strong> Dok\u00e1\u017eeme efekt\u00edvne spracova\u0165 mal\u00e9 aj hromadn\u00e9 objedn\u00e1vky a vyhovie\u0165 r\u00f4znym potreb\u00e1m klientov.<\/li>\n<li><strong>Odbornos\u0165 v oblasti glob\u00e1lneho exportu:<\/strong> M\u00e1me rozsiahle sk\u00fasenosti s dod\u00e1van\u00edm vysokokvalitn\u00e9ho ara\u0161idov\u00e9ho masla klientom po celom svete.<\/li>\n<\/ul>\n<h3>\u010cast\u00e9 ot\u00e1zky o na\u0161ej obchodnej \u00falohe ako v\u00fdrobcu a ve\u013ekoobchodu<\/h3>\n<ol>\n<li><strong>Pre\u010do ste popredn\u00fdm poskytovate\u013eom OEM v priemysle ara\u0161idov\u00e9ho masla?<\/strong><br \/>\nVyr\u00e1bame ara\u0161idov\u00e9 maslo pre zna\u010dky pod ich vlastnou zna\u010dkou, \u010d\u00edm zabezpe\u010dujeme produktov\u00e9 rie\u0161enia na mieru.<\/li>\n<li><strong>Pon\u00fakate slu\u017eby priv\u00e1tnych zna\u010diek?<\/strong><br \/>\n\u00c1no, \u0161pecializujeme sa na flexibiln\u00e9 rie\u0161enia priv\u00e1tnych zna\u010diek, ktor\u00e9 v\u00e1m pom\u00f4\u017eu vytvori\u0165 va\u0161e zna\u010dkov\u00e9 ara\u0161idov\u00e9 maslo.<\/li>\n<li><strong>Ak\u00e9 ingrediencie pou\u017e\u00edvate?<\/strong><br \/>\nNa\u0161e \u010dist\u00e9 ara\u0161idov\u00e9 maslo pozost\u00e1va z vybran\u00fdch ara\u0161idov 100%, bez ak\u00fdchko\u013evek pridan\u00fdch cukrov, olejov alebo konzerva\u010dn\u00fdch l\u00e1tok.<\/li>\n<li><strong>Ako m\u00f4\u017eem prisp\u00f4sobi\u0165 svoje balenie?<\/strong><br \/>\nM\u00f4\u017eete si vybra\u0165 z r\u00f4znych mo\u017enost\u00ed balenia a ve\u013ekost\u00ed, prisp\u00f4soben\u00fdch va\u0161im potreb\u00e1m, od maloobchodn\u00e9ho a\u017e po hromadn\u00e9.<\/li>\n<li><strong>Ak\u00e9 je minim\u00e1lne mno\u017estvo objedn\u00e1vky (MOQ)?<\/strong><br \/>\nMOQ je jedna tona, \u010do poskytuje flexibilitu pre mal\u00e9 aj ve\u013ek\u00e9 podniky.<\/li>\n<li><strong>\u010c\u00edm vynik\u00e1 va\u0161e \u010dist\u00e9 ara\u0161idov\u00e9 maslo?<\/strong><br \/>\nN\u00e1\u0161 z\u00e1v\u00e4zok ku kvalite, glob\u00e1lne certifik\u00e1cie a prisp\u00f4soben\u00e9 rie\u0161enia priv\u00e1tnych zna\u010diek n\u00e1s odli\u0161uj\u00fa od konkurencie.<\/li>\n<li><strong>Ako dlho trv\u00e1 spracovanie objedn\u00e1vky?<\/strong><br \/>\nDodacie lehoty sa pohybuj\u00fa od 7 do 20 dn\u00ed v z\u00e1vislosti od ve\u013ekosti objedn\u00e1vky a po\u017eiadaviek na balenie.<\/li>\n<li><strong>M\u00f4\u017eem po\u017eiada\u0165 o vzorky pred zadan\u00edm objedn\u00e1vky?<\/strong><br \/>\n\u00c1no, pon\u00fakame bezplatn\u00e9 vzorky n\u00e1\u0161ho \u010dist\u00e9ho ara\u0161idov\u00e9ho masla na vyhodnotenie kvality pred zadan\u00edm hromadnej objedn\u00e1vky.<\/li>\n<li><strong>Exportujete glob\u00e1lne?<\/strong><br \/>\nAbsol\u00fatne! M\u00e1me sk\u00fasenosti s v\u00fdvozom vysokokvalitn\u00e9ho \u010dist\u00e9ho ara\u0161idov\u00e9ho masla klientom po celom svete.<\/li>\n<\/ol>\n<h3>Pre\u010do \u010dist\u00e9 ara\u0161idov\u00e9 maslo?<\/h3>\n<p>\u010cist\u00e9 ara\u0161idov\u00e9 maslo je tou spr\u00e1vnou vo\u013ebou pre spotrebite\u013eov, ktor\u00ed si uvedomuj\u00fa zdravie, ktor\u00ed h\u013eadaj\u00fa pr\u00edrodn\u00fd produkt bez pr\u00edsad. Je bohat\u00fd na bielkoviny, zdrav\u00e9 tuky a z\u00e1kladn\u00e9 \u017eiviny, \u010do z neho rob\u00ed v\u0161estrann\u00fa ingredienciu v kuchyniach po celom svete. Ke\u010f\u017ee sa spotrebitelia viac zameriavaj\u00fa na \u010dist\u00e9 etikety, dopyt po produktoch na b\u00e1ze ara\u0161idov 100% neust\u00e1le rastie.<\/p>\n<p>Zabezpe\u010dujeme, \u017ee na\u0161e \u010dist\u00e9 ara\u0161idov\u00e9 maslo sp\u013a\u0148a tieto po\u017eiadavky a poskytuje produkt, ktor\u00fd je \u010do najbli\u017e\u0161ie k pr\u00edrode a z\u00e1rove\u0148 je plne prisp\u00f4sobite\u013en\u00fd potreb\u00e1m va\u0161ej zna\u010dky. \u010ci u\u017e chcete roz\u0161\u00edri\u0165 ponuku svojej zna\u010dky alebo vst\u00fapi\u0165 na nov\u00e9 trhy, m\u00e1me kapacitu, odborn\u00e9 znalosti a certifik\u00e1cie, aby sme to dosiahli.<\/p>\n<a href=\"mailto:globepeanut@gmail.com\" class=\"button primary is-primary is-medium\"  >\n    <span>Nap\u00ed\u0161te n\u00e1m<\/span>\n  <\/a>","protected":false},"excerpt":{"rendered":"<table width=\"564\">\n<tbody>\n<tr>\n<td width=\"113\"><strong>N\u00e1zov produktu<\/strong><\/td>\n<td width=\"402\">\u010cist\u00e9 ara\u0161idov\u00e9 maslo<\/td>\n<\/tr>\n<tr>\n<td width=\"113\"><strong>Ingrediencie<\/strong><\/td>\n<td width=\"402\">Vybran\u00e9 ara\u0161idov\u00e9 maslo<\/td>\n<\/tr>\n<tr>\n<td width=\"113\"><strong>\u0160pecifik\u00e1cie<\/strong><\/td>\n<td width=\"402\">10 kg x 1, 20 kg x 1, 22 kg x 1,220 kg x 1<\/td>\n<\/tr>\n<tr>\n<td width=\"113\"><strong>Baliaci formul\u00e1r<\/strong><\/td>\n<td width=\"402\">Poh\u00e1r, vedro, ta\u0161ka, kart\u00f3n, sud, f\u013ea\u0161a at\u010f<\/td>\n<\/tr>\n<tr>\n<td width=\"113\"><strong>Dodacia lehota<\/strong><\/td>\n<td width=\"402\">7 ~ 20 dn\u00ed po objedn\u00e1vke<\/td>\n<\/tr>\n<tr>\n<td width=\"113\"><strong>MOQ<\/strong><\/td>\n<td width=\"402\">Jedna tona<\/td>\n<\/tr>\n<tr>\n<td width=\"113\"><strong>Uk\u00e1\u017eka<\/strong><\/td>\n<td width=\"402\">K dispoz\u00edcii bezplatn\u00e1 vzorka<\/td>\n<\/tr>\n<tr>\n<td width=\"113\"><strong>OEM<\/strong><\/td>\n<td width=\"402\">\u0160t\u00edtok kupuj\u00faceho prijat\u00fd<\/td>\n<\/tr>\n<\/tbody>\n<\/table>","protected":false},"featured_media":1659,"comment_status":"open","ping_status":"closed","template":"","meta":[],"product_cat":[15],"product_tag":[],"class_list":{"0":"post-1543","1":"product","2":"type-product","3":"status-publish","4":"has-post-thumbnail","6":"product_cat-peanut-butter","8":"first","9":"instock","10":"shipping-taxable","11":"product-type-simple"},"yoast_head":"<!-- This site is optimized with the Yoast SEO plugin v24.9 - https:\/\/yoast.com\/wordpress\/plugins\/seo\/ -->\n<title>Pure Peanut Butter OEM Producer - Peanut Butter Factory<\/title>\n<meta name=\"description\" content=\"As a top OEM manufacturer and exporter, we supply pure peanut butter made from 100% peanuts. Customizable private label solutions for your business needs.\" \/>\n<meta name=\"robots\" content=\"index, follow, max-snippet:-1, max-image-preview:large, max-video-preview:-1\" \/>\n<link rel=\"canonical\" href=\"https:\/\/www.peanutoem.com\/sk\/manufacturer\/pure-peanut-butter\/\" \/>\n<meta property=\"og:locale\" content=\"sk_SK\" \/>\n<meta property=\"og:type\" content=\"article\" \/>\n<meta property=\"og:title\" content=\"Pure Peanut Butter OEM Producer - Peanut Butter Factory\" \/>\n<meta property=\"og:description\" content=\"As a top OEM manufacturer and exporter, we supply pure peanut butter made from 100% peanuts. Customizable private label solutions for your business needs.\" \/>\n<meta property=\"og:url\" content=\"https:\/\/www.peanutoem.com\/sk\/manufacturer\/pure-peanut-butter\/\" \/>\n<meta property=\"og:site_name\" content=\"Peanut Butter Factory\" \/>\n<meta property=\"article:modified_time\" content=\"2024-09-28T06:03:37+00:00\" \/>\n<meta property=\"og:image\" content=\"https:\/\/www.peanutoem.com\/wp-content\/uploads\/2024\/09\/Pure-Peanut-Butter-OEM-Supplier.webp\" \/>\n\t<meta property=\"og:image:width\" content=\"1000\" \/>\n\t<meta property=\"og:image:height\" content=\"1000\" \/>\n\t<meta property=\"og:image:type\" content=\"image\/webp\" \/>\n<meta name=\"twitter:card\" content=\"summary_large_image\" \/>\n<meta name=\"twitter:label1\" content=\"Predpokladan\u00fd \u010das \u010d\u00edtania\" \/>\n\t<meta name=\"twitter:data1\" content=\"3 min\u00faty\" \/>\n<script type=\"application\/ld+json\" class=\"yoast-schema-graph\">{\"@context\":\"https:\/\/schema.org\",\"@graph\":[{\"@type\":\"WebPage\",\"@id\":\"https:\/\/www.peanutoem.com\/manufacturer\/pure-peanut-butter\/\",\"url\":\"https:\/\/www.peanutoem.com\/manufacturer\/pure-peanut-butter\/\",\"name\":\"Pure Peanut Butter OEM Producer - Peanut Butter Factory\",\"isPartOf\":{\"@id\":\"https:\/\/www.peanutoem.com\/#website\"},\"primaryImageOfPage\":{\"@id\":\"https:\/\/www.peanutoem.com\/manufacturer\/pure-peanut-butter\/#primaryimage\"},\"image\":{\"@id\":\"https:\/\/www.peanutoem.com\/manufacturer\/pure-peanut-butter\/#primaryimage\"},\"thumbnailUrl\":\"https:\/\/www.peanutoem.com\/wp-content\/uploads\/2024\/09\/Pure-Peanut-Butter-OEM-Supplier.webp\",\"datePublished\":\"2024-09-02T13:37:15+00:00\",\"dateModified\":\"2024-09-28T06:03:37+00:00\",\"description\":\"As a top OEM manufacturer and exporter, we supply pure peanut butter made from 100% peanuts. Customizable private label solutions for your business needs.\",\"breadcrumb\":{\"@id\":\"https:\/\/www.peanutoem.com\/manufacturer\/pure-peanut-butter\/#breadcrumb\"},\"inLanguage\":\"sk-SK\",\"potentialAction\":[{\"@type\":\"ReadAction\",\"target\":[\"https:\/\/www.peanutoem.com\/manufacturer\/pure-peanut-butter\/\"]}]},{\"@type\":\"ImageObject\",\"inLanguage\":\"sk-SK\",\"@id\":\"https:\/\/www.peanutoem.com\/manufacturer\/pure-peanut-butter\/#primaryimage\",\"url\":\"https:\/\/www.peanutoem.com\/wp-content\/uploads\/2024\/09\/Pure-Peanut-Butter-OEM-Supplier.webp\",\"contentUrl\":\"https:\/\/www.peanutoem.com\/wp-content\/uploads\/2024\/09\/Pure-Peanut-Butter-OEM-Supplier.webp\",\"width\":1000,\"height\":1000,\"caption\":\"Pure Peanut Butter OEM Supplier\"},{\"@type\":\"BreadcrumbList\",\"@id\":\"https:\/\/www.peanutoem.com\/manufacturer\/pure-peanut-butter\/#breadcrumb\",\"itemListElement\":[{\"@type\":\"ListItem\",\"position\":1,\"name\":\"Home\",\"item\":\"https:\/\/www.peanutoem.com\/\"},{\"@type\":\"ListItem\",\"position\":2,\"name\":\"Products\",\"item\":\"https:\/\/www.peanutoem.com\/shop\/\"},{\"@type\":\"ListItem\",\"position\":3,\"name\":\"Pure Peanut Butter\"}]},{\"@type\":\"WebSite\",\"@id\":\"https:\/\/www.peanutoem.com\/#website\",\"url\":\"https:\/\/www.peanutoem.com\/\",\"name\":\"Peanut Butter Factory\",\"description\":\"Peanut Butter Manufacturer and Roast Peanut OEM Factory | Peanut Private Label China Supplier\",\"publisher\":{\"@id\":\"https:\/\/www.peanutoem.com\/#organization\"},\"alternateName\":\"Peanut Butter OEM and Wholesale\",\"potentialAction\":[{\"@type\":\"SearchAction\",\"target\":{\"@type\":\"EntryPoint\",\"urlTemplate\":\"https:\/\/www.peanutoem.com\/?s={search_term_string}\"},\"query-input\":{\"@type\":\"PropertyValueSpecification\",\"valueRequired\":true,\"valueName\":\"search_term_string\"}}],\"inLanguage\":\"sk-SK\"},{\"@type\":\"Organization\",\"@id\":\"https:\/\/www.peanutoem.com\/#organization\",\"name\":\"Peanut Butter Factory\",\"alternateName\":\"JuFeng Group\",\"url\":\"https:\/\/www.peanutoem.com\/\",\"logo\":{\"@type\":\"ImageObject\",\"inLanguage\":\"sk-SK\",\"@id\":\"https:\/\/www.peanutoem.com\/#\/schema\/logo\/image\/\",\"url\":\"https:\/\/www.peanutoem.com\/wp-content\/uploads\/2024\/09\/JUFENG-LOGO.png\",\"contentUrl\":\"https:\/\/www.peanutoem.com\/wp-content\/uploads\/2024\/09\/JUFENG-LOGO.png\",\"width\":600,\"height\":170,\"caption\":\"Peanut Butter Factory\"},\"image\":{\"@id\":\"https:\/\/www.peanutoem.com\/#\/schema\/logo\/image\/\"}}]}<\/script>\n<!-- \/ Yoast SEO plugin. -->","yoast_head_json":{"title":"Pure Peanut Butter OEM Producer - Peanut Butter Factory","description":"As a top OEM manufacturer and exporter, we supply pure peanut butter made from 100% peanuts. Customizable private label solutions for your business needs.","robots":{"index":"index","follow":"follow","max-snippet":"max-snippet:-1","max-image-preview":"max-image-preview:large","max-video-preview":"max-video-preview:-1"},"canonical":"https:\/\/www.peanutoem.com\/sk\/manufacturer\/pure-peanut-butter\/","og_locale":"sk_SK","og_type":"article","og_title":"Pure Peanut Butter OEM Producer - Peanut Butter Factory","og_description":"As a top OEM manufacturer and exporter, we supply pure peanut butter made from 100% peanuts. Customizable private label solutions for your business needs.","og_url":"https:\/\/www.peanutoem.com\/sk\/manufacturer\/pure-peanut-butter\/","og_site_name":"Peanut Butter Factory","article_modified_time":"2024-09-28T06:03:37+00:00","og_image":[{"width":1000,"height":1000,"url":"https:\/\/www.peanutoem.com\/wp-content\/uploads\/2024\/09\/Pure-Peanut-Butter-OEM-Supplier.webp","type":"image\/webp"}],"twitter_card":"summary_large_image","twitter_misc":{"Predpokladan\u00fd \u010das \u010d\u00edtania":"3 min\u00faty"},"schema":{"@context":"https:\/\/schema.org","@graph":[{"@type":"WebPage","@id":"https:\/\/www.peanutoem.com\/manufacturer\/pure-peanut-butter\/","url":"https:\/\/www.peanutoem.com\/manufacturer\/pure-peanut-butter\/","name":"Pure Peanut Butter OEM Producer - Peanut Butter Factory","isPartOf":{"@id":"https:\/\/www.peanutoem.com\/#website"},"primaryImageOfPage":{"@id":"https:\/\/www.peanutoem.com\/manufacturer\/pure-peanut-butter\/#primaryimage"},"image":{"@id":"https:\/\/www.peanutoem.com\/manufacturer\/pure-peanut-butter\/#primaryimage"},"thumbnailUrl":"https:\/\/www.peanutoem.com\/wp-content\/uploads\/2024\/09\/Pure-Peanut-Butter-OEM-Supplier.webp","datePublished":"2024-09-02T13:37:15+00:00","dateModified":"2024-09-28T06:03:37+00:00","description":"As a top OEM manufacturer and exporter, we supply pure peanut butter made from 100% peanuts. Customizable private label solutions for your business needs.","breadcrumb":{"@id":"https:\/\/www.peanutoem.com\/manufacturer\/pure-peanut-butter\/#breadcrumb"},"inLanguage":"sk-SK","potentialAction":[{"@type":"ReadAction","target":["https:\/\/www.peanutoem.com\/manufacturer\/pure-peanut-butter\/"]}]},{"@type":"ImageObject","inLanguage":"sk-SK","@id":"https:\/\/www.peanutoem.com\/manufacturer\/pure-peanut-butter\/#primaryimage","url":"https:\/\/www.peanutoem.com\/wp-content\/uploads\/2024\/09\/Pure-Peanut-Butter-OEM-Supplier.webp","contentUrl":"https:\/\/www.peanutoem.com\/wp-content\/uploads\/2024\/09\/Pure-Peanut-Butter-OEM-Supplier.webp","width":1000,"height":1000,"caption":"Pure Peanut Butter OEM Supplier"},{"@type":"BreadcrumbList","@id":"https:\/\/www.peanutoem.com\/manufacturer\/pure-peanut-butter\/#breadcrumb","itemListElement":[{"@type":"ListItem","position":1,"name":"Home","item":"https:\/\/www.peanutoem.com\/"},{"@type":"ListItem","position":2,"name":"Products","item":"https:\/\/www.peanutoem.com\/shop\/"},{"@type":"ListItem","position":3,"name":"Pure Peanut Butter"}]},{"@type":"WebSite","@id":"https:\/\/www.peanutoem.com\/#website","url":"https:\/\/www.peanutoem.com\/","name":"Peanut Butter Factory","description":"Peanut Butter Manufacturer and Roast Peanut OEM Factory | Peanut Private Label China Supplier","publisher":{"@id":"https:\/\/www.peanutoem.com\/#organization"},"alternateName":"Peanut Butter OEM and Wholesale","potentialAction":[{"@type":"SearchAction","target":{"@type":"EntryPoint","urlTemplate":"https:\/\/www.peanutoem.com\/?s={search_term_string}"},"query-input":{"@type":"PropertyValueSpecification","valueRequired":true,"valueName":"search_term_string"}}],"inLanguage":"sk-SK"},{"@type":"Organization","@id":"https:\/\/www.peanutoem.com\/#organization","name":"Peanut Butter Factory","alternateName":"JuFeng Group","url":"https:\/\/www.peanutoem.com\/","logo":{"@type":"ImageObject","inLanguage":"sk-SK","@id":"https:\/\/www.peanutoem.com\/#\/schema\/logo\/image\/","url":"https:\/\/www.peanutoem.com\/wp-content\/uploads\/2024\/09\/JUFENG-LOGO.png","contentUrl":"https:\/\/www.peanutoem.com\/wp-content\/uploads\/2024\/09\/JUFENG-LOGO.png","width":600,"height":170,"caption":"Peanut Butter Factory"},"image":{"@id":"https:\/\/www.peanutoem.com\/#\/schema\/logo\/image\/"}}]}},"_links":{"self":[{"href":"https:\/\/www.peanutoem.com\/sk\/wp-json\/wp\/v2\/product\/1543","targetHints":{"allow":["GET"]}}],"collection":[{"href":"https:\/\/www.peanutoem.com\/sk\/wp-json\/wp\/v2\/product"}],"about":[{"href":"https:\/\/www.peanutoem.com\/sk\/wp-json\/wp\/v2\/types\/product"}],"replies":[{"embeddable":true,"href":"https:\/\/www.peanutoem.com\/sk\/wp-json\/wp\/v2\/comments?post=1543"}],"wp:featuredmedia":[{"embeddable":true,"href":"https:\/\/www.peanutoem.com\/sk\/wp-json\/wp\/v2\/media\/1659"}],"wp:attachment":[{"href":"https:\/\/www.peanutoem.com\/sk\/wp-json\/wp\/v2\/media?parent=1543"}],"wp:term":[{"taxonomy":"product_cat","embeddable":true,"href":"https:\/\/www.peanutoem.com\/sk\/wp-json\/wp\/v2\/product_cat?post=1543"},{"taxonomy":"product_tag","embeddable":true,"href":"https:\/\/www.peanutoem.com\/sk\/wp-json\/wp\/v2\/product_tag?post=1543"}],"curies":[{"name":"wp","href":"https:\/\/api.w.org\/{rel}","templated":true}]}}