{"id":1545,"date":"2024-09-02T13:38:22","date_gmt":"2024-09-02T13:38:22","guid":{"rendered":"https:\/\/www.peanutoem.com\/?post_type=product&#038;p=1545"},"modified":"2024-09-28T05:39:23","modified_gmt":"2024-09-28T05:39:23","slug":"stabilized-peanut-butter","status":"publish","type":"product","link":"https:\/\/www.peanutoem.com\/sk\/manufacturer\/stabilized-peanut-butter\/","title":{"rendered":"Stabilizovan\u00e9 ara\u0161idov\u00e9 maslo"},"content":{"rendered":"<h3>\u010co je to stabilizovan\u00e9 ara\u0161idov\u00e9 maslo?<\/h3>\n<p>Stabilizovan\u00e9 <a href=\"https:\/\/www.peanutoem.com\/sk\/Wholesale\/peanut-butter\/\" target=\"_blank\" rel=\"noopener\">ara\u0161idov\u00e9 maslo<\/a> je \u0161peci\u00e1lne formulovan\u00fd <a href=\"https:\/\/en.wikipedia.org\/wiki\/Peanut\" target=\"_blank\" rel=\"noopener\">ara\u0161idy<\/a> maslo, ktor\u00e9 si zachov\u00e1va svoju hodv\u00e1bnu, kr\u00e9mov\u00fa text\u00faru v priebehu \u010dasu bez toho, aby doch\u00e1dzalo k odde\u013eovaniu oleja a vody v priebehu \u010dasu. Na rozdiel od be\u017en\u00e9ho pr\u00edrodn\u00e9ho ara\u0161idov\u00e9ho masla, ktor\u00e9 m\u00e1 tendenciu sa prirodzene odde\u013eova\u0165 do vrstiev ara\u0161idov\u00e9ho oleja na vrchu a pevnej ara\u0161idovej str\u00fahanky na spodnej strane, stabilizovan\u00e9 ara\u0161idov\u00e9 maslo je \u0161ikovne zmie\u0161an\u00e9 s pr\u00edrodn\u00fdmi stabiliz\u00e1tormi, ako s\u00fa rastlinn\u00e9 oleje alebo emulg\u00e1tory, aby sa zabezpe\u010dila jednotn\u00e1 text\u00fara. T\u00e1to funkcia z neho rob\u00ed najlep\u0161iu vo\u013ebu pre spotrebite\u013eov, ktor\u00ed h\u013eadaj\u00fa pohodlie, preto\u017ee nie s\u00fa potrebn\u00e9 \u010fal\u0161ie oper\u00e1cie, ako je mie\u0161anie pred pou\u017eit\u00edm. Stabilizovan\u00e9 ara\u0161idov\u00e9 maslo je ob\u013e\u00faben\u00e9 pre svoju st\u00e1lu kvalitu a dlh\u00fa trvanlivos\u0165 a je milovan\u00e9 nielen dom\u00e1cimi u\u017e\u00edvate\u013emi, ale m\u00e1 \u0161irok\u00e9 vyu\u017eitie aj v potravin\u00e1rskom priemysle.<\/p>\n<h3>Ak\u00e9 s\u00fa in\u00e9 men\u00e1?<\/h3>\n<p>Stabilizovan\u00e9 ara\u0161idov\u00e9 maslo mo\u017eno ozna\u010dova\u0165 r\u00f4znymi n\u00e1zvami, vr\u00e1tane:<\/p>\n<ul>\n<li>Kr\u00e9mov\u00e1 ara\u0161idov\u00e1 n\u00e1tierka<\/li>\n<li>Kr\u00e9mov\u00e9 stabilizovan\u00e9 ara\u0161idov\u00e9 maslo<\/li>\n<li>Emulgovan\u00e9 ara\u0161idov\u00e9 maslo<\/li>\n<li>Homog\u00e9nne alebo homogenizovan\u00e9 ara\u0161idov\u00e9 maslo<\/li>\n<li>Dlhotrvaj\u00faca ara\u0161idov\u00e1 n\u00e1tierka<\/li>\n<li>Ara\u0161idov\u00e9 maslo bez mie\u0161ania<\/li>\n<li>Neodde\u013euj\u00face ara\u0161idov\u00e9 maslo<\/li>\n<li>Spracovan\u00e9 ara\u0161idov\u00e9 maslo<\/li>\n<li>Ara\u0161idov\u00e9 maslo stabiln\u00e9 pri skladovan\u00ed<\/li>\n<li>Hladk\u00e9 n\u00e1tierkov\u00e9 ara\u0161idov\u00e9 maslo<\/li>\n<li>Hladk\u00e9 ara\u0161idov\u00e9 maslo stabiln\u00e9 pri skladovan\u00ed<\/li>\n<\/ul>\n<h3><strong>Hor\u00face t\u00e9my o stabilizovanom ara\u0161idovom masle<\/strong><\/h3>\n<ol>\n<li><strong> V\u00fdhody: <\/strong>Stabilizovan\u00e9 ara\u0161idov\u00e9 maslo pon\u00faka nieko\u013eko v\u00fdhod, vr\u00e1tane jednotnej text\u00fary, ktor\u00e1 nevy\u017eaduje mie\u0161anie a dlh\u0161ej trvanlivosti. Je ide\u00e1lny na pou\u017eitie v receptoch a ako n\u00e1tierka, kde je rozhoduj\u00faca konzistentn\u00e1 text\u00fara.<\/li>\n<li><strong> Aplik\u00e1cia vo v\u00fdrobe potrav\u00edn:\u00a0<\/strong>V\u010faka svojej stabilite je \u0161iroko pou\u017e\u00edvan\u00fd pri v\u00fdrobe potrav\u00edn. Sl\u00fa\u017ei ako pr\u00edsada do r\u00f4znych produktov, ako s\u00fa snack bary, om\u00e1\u010dky a pe\u010divo, kde je d\u00f4le\u017eit\u00e1 konzistencia a kvalita.<\/li>\n<li><strong> Spotrebite\u013esk\u00e9 preferencie a trendy: <\/strong>Spotrebitelia \u010doraz viac preferuj\u00fa stabilizovan\u00e9 ara\u0161idov\u00e9 maslo pre jeho pohodlie a spo\u013eahlivos\u0165. Ke\u010f\u017ee zmeny \u017eivotn\u00e9ho \u0161t\u00fdlu ved\u00fa k ru\u0161nej\u0161\u00edm programom, z\u00edskavaj\u00fa na popularite produkty, ktor\u00e9 pon\u00fakaj\u00fa bezprobl\u00e9mov\u00e9 skladovanie a pr\u00edpravu.<\/li>\n<li><strong> Nutri\u010dn\u00e9 aspekty: <\/strong>Stabilizovan\u00e9 ara\u0161idov\u00e9 maslo si zachov\u00e1va svoj nutri\u010dn\u00fd profil a z\u00e1rove\u0148 pon\u00faka stabiln\u00fd a konzistentn\u00fd produkt. Poskytuje z\u00e1kladn\u00e9 \u017eiviny, ako s\u00fa bielkoviny, zdrav\u00e9 tuky a vitam\u00edny, v\u010faka \u010domu je zdravou vo\u013ebou pri r\u00f4znych di\u00e9tach.<\/li>\n<\/ol>\n<h3><strong>Pre\u010do si vybra\u0165 n\u00e1s ako dod\u00e1vate\u013ea?<\/strong><\/h3>\n<ol>\n<li><strong>Pre\u010do ste najlep\u0161ou vo\u013ebou pre slu\u017eby OEM stabilizovan\u00e9ho ara\u0161idov\u00e9ho masla?<\/strong><br \/>\nPoskytujeme prisp\u00f4soben\u00e9 rie\u0161enia, vysokokvalitn\u00e9 produkty a rozsiahle odborn\u00e9 znalosti v oblasti glob\u00e1lnej v\u00fdroby a exportu.<\/li>\n<li><strong>M\u00f4\u017eete upravi\u0165 text\u00faru, konzistenciu a zlo\u017eenie?<\/strong><br \/>\n\u00c1no, m\u00f4\u017eeme prisp\u00f4sobi\u0165 text\u00faru a vyvin\u00fa\u0165 jedine\u010dn\u00e9 formul\u00e1cie tak, aby vyhovovali va\u0161im \u0161pecifick\u00fdm po\u017eiadavk\u00e1m a preferenci\u00e1m spotrebite\u013eov.<\/li>\n<li><strong>Ak\u00e9 mo\u017enosti balenia s\u00fa k dispoz\u00edcii?<\/strong><br \/>\nPon\u00fakame r\u00f4zne prisp\u00f4sobite\u013en\u00e9 form\u00e1ty balenia vr\u00e1tane t\u00e9glikov, vrec\u00fa\u0161ok a ve\u013ekoobjemov\u00fdch kontajnerov, ktor\u00e9 s\u00fa prisp\u00f4soben\u00e9 potreb\u00e1m va\u0161ej zna\u010dky.<\/li>\n<li><strong>Je dostupn\u00fd v organick\u00fdch variantoch?<\/strong><br \/>\nAbsol\u00fatne! Pon\u00fakame stabilizovan\u00e9 ara\u0161idov\u00e9 maslo vyroben\u00e9 z organick\u00fdch ara\u0161idov a pr\u00edrodn\u00fdch ingredienci\u00ed.<\/li>\n<li><strong>Ako zabezpe\u010dujete kvalitu?<\/strong><br \/>\nNa\u0161e pr\u00edsne procesy kontroly kvality a certifik\u00e1cie, ako s\u00fa HACCP, BRCGS a Kosher, zaru\u010duj\u00fa, \u017ee ka\u017ed\u00e1 \u0161ar\u017ea sp\u013a\u0148a najvy\u0161\u0161ie \u0161tandardy.<\/li>\n<li><strong>Ak\u00e9 s\u00fa va\u0161e dodacie lehoty na v\u00fdrobu a prepravu?<\/strong><br \/>\nDodacie lehoty sa l\u00ed\u0161ia v z\u00e1vislosti od objemu objedn\u00e1vky a miesta ur\u010denia, ale zais\u0165ujeme efekt\u00edvnu v\u00fdrobu a v\u010dasn\u00e9 dod\u00e1vky, zvy\u010dajne v priebehu nieko\u013ek\u00fdch t\u00fd\u017ed\u0148ov.<\/li>\n<li><strong>Rie\u0161ite medzin\u00e1rodn\u00fd export?<\/strong><br \/>\n\u00c1no, riadime v\u0161etky aspekty glob\u00e1lnej prepravy a dodr\u017eiavania predpisov, aby sme zabezpe\u010dili hladk\u00e9 doru\u010denie.<\/li>\n<li><strong>Ak\u00e9 m\u00e1te certifik\u00e1cie?<\/strong><br \/>\nNa\u0161e stabilizovan\u00e9 ara\u0161idov\u00e9 maslo je certifikovan\u00e9 pod\u013ea HACCP, Kosher, Halal, BRCGS a \u010fal\u0161\u00edch relevantn\u00fdch noriem, \u010do zais\u0165uje bezpe\u010dnos\u0165 a kvalitu produktov.<\/li>\n<li><strong>M\u00f4\u017eeme po\u017eiada\u0165 o vzorky pred zadan\u00edm \u00faplnej objedn\u00e1vky?<\/strong><br \/>\n\u00c1no, poskytujeme vzorov\u00e9 \u0161ar\u017ee na testovanie, \u010d\u00edm zais\u0165ujeme, \u017ee spln\u00ed va\u0161e o\u010dak\u00e1vania pred v\u00e4\u010d\u0161\u00edm z\u00e1v\u00e4zkom.<\/li>\n<\/ol>\n<h3><strong>Fakty o stabilizovanom ara\u0161idovom masle\u00a0<\/strong><\/h3>\n<ol>\n<li><strong>\u017diadne oddelenie:<\/strong> Stabilizovan\u00e9 ara\u0161idov\u00e9 maslo sa nerozde\u013euje na olej a pevn\u00e9 l\u00e1tky, \u010do zais\u0165uje konzistentn\u00fa text\u00faru po\u010das celej doby skladovate\u013enosti.<\/li>\n<li><strong>Pred\u013a\u017een\u00e1 doba pou\u017eite\u013enosti:<\/strong> M\u00e1 dlh\u0161iu trvanlivos\u0165 v porovnan\u00ed s tradi\u010dn\u00fdm ara\u0161idov\u00fdm maslom, \u010d\u00edm sa zni\u017euje potreba \u010dast\u00fdch v\u00fdkupov a odpadu.<\/li>\n<li><strong>Pohodlie:<\/strong> Ide\u00e1lne na pou\u017eitie v r\u00f4znych aplik\u00e1ci\u00e1ch, kde je rozhoduj\u00faca stabiln\u00e1, roztierate\u013en\u00e1 konzistencia, ako napr\u00edklad pri v\u00fdrobe potrav\u00edn a maloobchode.<\/li>\n<li><strong>Zadr\u017eiavanie \u017eiv\u00edn:<\/strong> Napriek svojej stabilite si zachov\u00e1va nutri\u010dn\u00e9 v\u00fdhody ara\u0161idov, vr\u00e1tane bielkov\u00edn, zdrav\u00fdch tukov a z\u00e1kladn\u00fdch vitam\u00ednov.<\/li>\n<li><strong>V\u0161estrann\u00e9 vyu\u017eitie:<\/strong> Vhodn\u00e9 pre cel\u00fd rad produktov, od n\u00e1tierok a snackov a\u017e po pr\u00edsadov\u00e9 z\u00e1klady v spracovan\u00fdch potravin\u00e1ch.<\/li>\n<\/ol>\n<a href=\"mailto:globepeanut@gmail.com\" class=\"button primary is-primary is-medium\"  >\n    <span>Nap\u00ed\u0161te n\u00e1m<\/span>\n  <\/a>","protected":false},"excerpt":{"rendered":"<table width=\"564\">\n<tbody>\n<tr>\n<td width=\"113\"><strong>N\u00e1zov produktu<\/strong><\/td>\n<td width=\"402\">Stabilizovan\u00e9 ara\u0161idov\u00e9 maslo<\/td>\n<\/tr>\n<tr>\n<td width=\"113\"><strong>\u0160pecifik\u00e1cie<\/strong><\/td>\n<td width=\"402\">10 kg x 1, 20 kg x 1, 22 kg x 1<\/td>\n<\/tr>\n<tr>\n<td width=\"113\"><strong>Baliaci formul\u00e1r<\/strong><\/td>\n<td width=\"402\">N\u00e1doba, vedro, balenie doy, ta\u0161ka, kart\u00f3n, plechovka, sud, plechovka, f\u013ea\u0161a at\u010f<\/td>\n<\/tr>\n<tr>\n<td width=\"113\"><strong>Dodacia lehota<\/strong><\/td>\n<td width=\"402\">7 ~ 20 dn\u00ed po objedn\u00e1vke<\/td>\n<\/tr>\n<tr>\n<td width=\"113\"><strong>MOQ<\/strong><\/td>\n<td width=\"402\">Jedna tona<\/td>\n<\/tr>\n<tr>\n<td width=\"113\"><strong>Uk\u00e1\u017eka<\/strong><\/td>\n<td width=\"402\">K dispoz\u00edcii bezplatn\u00e1 vzorka<\/td>\n<\/tr>\n<tr>\n<td width=\"113\"><strong>OEM<\/strong><\/td>\n<td width=\"402\">\u0160t\u00edtok kupuj\u00faceho prijat\u00fd<\/td>\n<\/tr>\n<\/tbody>\n<\/table>","protected":false},"featured_media":1692,"comment_status":"open","ping_status":"closed","template":"","meta":[],"product_cat":[15],"product_tag":[],"class_list":{"0":"post-1545","1":"product","2":"type-product","3":"status-publish","4":"has-post-thumbnail","6":"product_cat-peanut-butter","8":"first","9":"instock","10":"shipping-taxable","11":"product-type-simple"},"yoast_head":"<!-- This site is optimized with the Yoast SEO plugin v24.9 - https:\/\/yoast.com\/wordpress\/plugins\/seo\/ -->\n<title>Stabilized Peanut Butter China Producer - Peanut Butter Factory<\/title>\n<meta name=\"description\" content=\"Leading stabilized peanut butter OEM private label manufacturer and exporter. High-quality and packaging customized to meet global market demands.\" \/>\n<meta name=\"robots\" content=\"index, follow, max-snippet:-1, max-image-preview:large, max-video-preview:-1\" \/>\n<link rel=\"canonical\" href=\"https:\/\/www.peanutoem.com\/sk\/manufacturer\/stabilized-peanut-butter\/\" \/>\n<meta property=\"og:locale\" content=\"sk_SK\" \/>\n<meta property=\"og:type\" content=\"article\" \/>\n<meta property=\"og:title\" content=\"Stabilized Peanut Butter China Producer - Peanut Butter Factory\" \/>\n<meta property=\"og:description\" content=\"Leading stabilized peanut butter OEM private label manufacturer and exporter. High-quality and packaging customized to meet global market demands.\" \/>\n<meta property=\"og:url\" content=\"https:\/\/www.peanutoem.com\/sk\/manufacturer\/stabilized-peanut-butter\/\" \/>\n<meta property=\"og:site_name\" content=\"Peanut Butter Factory\" \/>\n<meta property=\"article:modified_time\" content=\"2024-09-28T05:39:23+00:00\" \/>\n<meta property=\"og:image\" content=\"https:\/\/www.peanutoem.com\/wp-content\/uploads\/2024\/09\/Stabilized-Peanut-Butter-in-Jar.webp\" \/>\n\t<meta property=\"og:image:width\" content=\"1000\" \/>\n\t<meta property=\"og:image:height\" content=\"1000\" \/>\n\t<meta property=\"og:image:type\" content=\"image\/webp\" \/>\n<meta name=\"twitter:card\" content=\"summary_large_image\" \/>\n<meta name=\"twitter:label1\" content=\"Predpokladan\u00fd \u010das \u010d\u00edtania\" \/>\n\t<meta name=\"twitter:data1\" content=\"4 min\u00faty\" \/>\n<script type=\"application\/ld+json\" class=\"yoast-schema-graph\">{\"@context\":\"https:\/\/schema.org\",\"@graph\":[{\"@type\":\"WebPage\",\"@id\":\"https:\/\/www.peanutoem.com\/manufacturer\/stabilized-peanut-butter\/\",\"url\":\"https:\/\/www.peanutoem.com\/manufacturer\/stabilized-peanut-butter\/\",\"name\":\"Stabilized Peanut Butter China Producer - Peanut Butter Factory\",\"isPartOf\":{\"@id\":\"https:\/\/www.peanutoem.com\/#website\"},\"primaryImageOfPage\":{\"@id\":\"https:\/\/www.peanutoem.com\/manufacturer\/stabilized-peanut-butter\/#primaryimage\"},\"image\":{\"@id\":\"https:\/\/www.peanutoem.com\/manufacturer\/stabilized-peanut-butter\/#primaryimage\"},\"thumbnailUrl\":\"https:\/\/www.peanutoem.com\/wp-content\/uploads\/2024\/09\/Stabilized-Peanut-Butter-in-Jar.webp\",\"datePublished\":\"2024-09-02T13:38:22+00:00\",\"dateModified\":\"2024-09-28T05:39:23+00:00\",\"description\":\"Leading stabilized peanut butter OEM private label manufacturer and exporter. High-quality and packaging customized to meet global market demands.\",\"breadcrumb\":{\"@id\":\"https:\/\/www.peanutoem.com\/manufacturer\/stabilized-peanut-butter\/#breadcrumb\"},\"inLanguage\":\"sk-SK\",\"potentialAction\":[{\"@type\":\"ReadAction\",\"target\":[\"https:\/\/www.peanutoem.com\/manufacturer\/stabilized-peanut-butter\/\"]}]},{\"@type\":\"ImageObject\",\"inLanguage\":\"sk-SK\",\"@id\":\"https:\/\/www.peanutoem.com\/manufacturer\/stabilized-peanut-butter\/#primaryimage\",\"url\":\"https:\/\/www.peanutoem.com\/wp-content\/uploads\/2024\/09\/Stabilized-Peanut-Butter-in-Jar.webp\",\"contentUrl\":\"https:\/\/www.peanutoem.com\/wp-content\/uploads\/2024\/09\/Stabilized-Peanut-Butter-in-Jar.webp\",\"width\":1000,\"height\":1000,\"caption\":\"Stabilized Peanut Butter in Jar\"},{\"@type\":\"BreadcrumbList\",\"@id\":\"https:\/\/www.peanutoem.com\/manufacturer\/stabilized-peanut-butter\/#breadcrumb\",\"itemListElement\":[{\"@type\":\"ListItem\",\"position\":1,\"name\":\"Home\",\"item\":\"https:\/\/www.peanutoem.com\/\"},{\"@type\":\"ListItem\",\"position\":2,\"name\":\"Products\",\"item\":\"https:\/\/www.peanutoem.com\/shop\/\"},{\"@type\":\"ListItem\",\"position\":3,\"name\":\"Stabilized Peanut Butter\"}]},{\"@type\":\"WebSite\",\"@id\":\"https:\/\/www.peanutoem.com\/#website\",\"url\":\"https:\/\/www.peanutoem.com\/\",\"name\":\"Peanut Butter Factory\",\"description\":\"Peanut Butter Manufacturer and Roast Peanut OEM Factory | Peanut Private Label China Supplier\",\"publisher\":{\"@id\":\"https:\/\/www.peanutoem.com\/#organization\"},\"alternateName\":\"Peanut Butter OEM and Wholesale\",\"potentialAction\":[{\"@type\":\"SearchAction\",\"target\":{\"@type\":\"EntryPoint\",\"urlTemplate\":\"https:\/\/www.peanutoem.com\/?s={search_term_string}\"},\"query-input\":{\"@type\":\"PropertyValueSpecification\",\"valueRequired\":true,\"valueName\":\"search_term_string\"}}],\"inLanguage\":\"sk-SK\"},{\"@type\":\"Organization\",\"@id\":\"https:\/\/www.peanutoem.com\/#organization\",\"name\":\"Peanut Butter Factory\",\"alternateName\":\"JuFeng Group\",\"url\":\"https:\/\/www.peanutoem.com\/\",\"logo\":{\"@type\":\"ImageObject\",\"inLanguage\":\"sk-SK\",\"@id\":\"https:\/\/www.peanutoem.com\/#\/schema\/logo\/image\/\",\"url\":\"https:\/\/www.peanutoem.com\/wp-content\/uploads\/2024\/09\/JUFENG-LOGO.png\",\"contentUrl\":\"https:\/\/www.peanutoem.com\/wp-content\/uploads\/2024\/09\/JUFENG-LOGO.png\",\"width\":600,\"height\":170,\"caption\":\"Peanut Butter Factory\"},\"image\":{\"@id\":\"https:\/\/www.peanutoem.com\/#\/schema\/logo\/image\/\"}}]}<\/script>\n<!-- \/ Yoast SEO plugin. -->","yoast_head_json":{"title":"Stabilized Peanut Butter China Producer - Peanut Butter Factory","description":"Leading stabilized peanut butter OEM private label manufacturer and exporter. High-quality and packaging customized to meet global market demands.","robots":{"index":"index","follow":"follow","max-snippet":"max-snippet:-1","max-image-preview":"max-image-preview:large","max-video-preview":"max-video-preview:-1"},"canonical":"https:\/\/www.peanutoem.com\/sk\/manufacturer\/stabilized-peanut-butter\/","og_locale":"sk_SK","og_type":"article","og_title":"Stabilized Peanut Butter China Producer - Peanut Butter Factory","og_description":"Leading stabilized peanut butter OEM private label manufacturer and exporter. High-quality and packaging customized to meet global market demands.","og_url":"https:\/\/www.peanutoem.com\/sk\/manufacturer\/stabilized-peanut-butter\/","og_site_name":"Peanut Butter Factory","article_modified_time":"2024-09-28T05:39:23+00:00","og_image":[{"width":1000,"height":1000,"url":"https:\/\/www.peanutoem.com\/wp-content\/uploads\/2024\/09\/Stabilized-Peanut-Butter-in-Jar.webp","type":"image\/webp"}],"twitter_card":"summary_large_image","twitter_misc":{"Predpokladan\u00fd \u010das \u010d\u00edtania":"4 min\u00faty"},"schema":{"@context":"https:\/\/schema.org","@graph":[{"@type":"WebPage","@id":"https:\/\/www.peanutoem.com\/manufacturer\/stabilized-peanut-butter\/","url":"https:\/\/www.peanutoem.com\/manufacturer\/stabilized-peanut-butter\/","name":"Stabilized Peanut Butter China Producer - Peanut Butter Factory","isPartOf":{"@id":"https:\/\/www.peanutoem.com\/#website"},"primaryImageOfPage":{"@id":"https:\/\/www.peanutoem.com\/manufacturer\/stabilized-peanut-butter\/#primaryimage"},"image":{"@id":"https:\/\/www.peanutoem.com\/manufacturer\/stabilized-peanut-butter\/#primaryimage"},"thumbnailUrl":"https:\/\/www.peanutoem.com\/wp-content\/uploads\/2024\/09\/Stabilized-Peanut-Butter-in-Jar.webp","datePublished":"2024-09-02T13:38:22+00:00","dateModified":"2024-09-28T05:39:23+00:00","description":"Leading stabilized peanut butter OEM private label manufacturer and exporter. High-quality and packaging customized to meet global market demands.","breadcrumb":{"@id":"https:\/\/www.peanutoem.com\/manufacturer\/stabilized-peanut-butter\/#breadcrumb"},"inLanguage":"sk-SK","potentialAction":[{"@type":"ReadAction","target":["https:\/\/www.peanutoem.com\/manufacturer\/stabilized-peanut-butter\/"]}]},{"@type":"ImageObject","inLanguage":"sk-SK","@id":"https:\/\/www.peanutoem.com\/manufacturer\/stabilized-peanut-butter\/#primaryimage","url":"https:\/\/www.peanutoem.com\/wp-content\/uploads\/2024\/09\/Stabilized-Peanut-Butter-in-Jar.webp","contentUrl":"https:\/\/www.peanutoem.com\/wp-content\/uploads\/2024\/09\/Stabilized-Peanut-Butter-in-Jar.webp","width":1000,"height":1000,"caption":"Stabilized Peanut Butter in Jar"},{"@type":"BreadcrumbList","@id":"https:\/\/www.peanutoem.com\/manufacturer\/stabilized-peanut-butter\/#breadcrumb","itemListElement":[{"@type":"ListItem","position":1,"name":"Home","item":"https:\/\/www.peanutoem.com\/"},{"@type":"ListItem","position":2,"name":"Products","item":"https:\/\/www.peanutoem.com\/shop\/"},{"@type":"ListItem","position":3,"name":"Stabilized Peanut Butter"}]},{"@type":"WebSite","@id":"https:\/\/www.peanutoem.com\/#website","url":"https:\/\/www.peanutoem.com\/","name":"Peanut Butter Factory","description":"Peanut Butter Manufacturer and Roast Peanut OEM Factory | Peanut Private Label China Supplier","publisher":{"@id":"https:\/\/www.peanutoem.com\/#organization"},"alternateName":"Peanut Butter OEM and Wholesale","potentialAction":[{"@type":"SearchAction","target":{"@type":"EntryPoint","urlTemplate":"https:\/\/www.peanutoem.com\/?s={search_term_string}"},"query-input":{"@type":"PropertyValueSpecification","valueRequired":true,"valueName":"search_term_string"}}],"inLanguage":"sk-SK"},{"@type":"Organization","@id":"https:\/\/www.peanutoem.com\/#organization","name":"Peanut Butter Factory","alternateName":"JuFeng Group","url":"https:\/\/www.peanutoem.com\/","logo":{"@type":"ImageObject","inLanguage":"sk-SK","@id":"https:\/\/www.peanutoem.com\/#\/schema\/logo\/image\/","url":"https:\/\/www.peanutoem.com\/wp-content\/uploads\/2024\/09\/JUFENG-LOGO.png","contentUrl":"https:\/\/www.peanutoem.com\/wp-content\/uploads\/2024\/09\/JUFENG-LOGO.png","width":600,"height":170,"caption":"Peanut Butter Factory"},"image":{"@id":"https:\/\/www.peanutoem.com\/#\/schema\/logo\/image\/"}}]}},"_links":{"self":[{"href":"https:\/\/www.peanutoem.com\/sk\/wp-json\/wp\/v2\/product\/1545","targetHints":{"allow":["GET"]}}],"collection":[{"href":"https:\/\/www.peanutoem.com\/sk\/wp-json\/wp\/v2\/product"}],"about":[{"href":"https:\/\/www.peanutoem.com\/sk\/wp-json\/wp\/v2\/types\/product"}],"replies":[{"embeddable":true,"href":"https:\/\/www.peanutoem.com\/sk\/wp-json\/wp\/v2\/comments?post=1545"}],"wp:featuredmedia":[{"embeddable":true,"href":"https:\/\/www.peanutoem.com\/sk\/wp-json\/wp\/v2\/media\/1692"}],"wp:attachment":[{"href":"https:\/\/www.peanutoem.com\/sk\/wp-json\/wp\/v2\/media?parent=1545"}],"wp:term":[{"taxonomy":"product_cat","embeddable":true,"href":"https:\/\/www.peanutoem.com\/sk\/wp-json\/wp\/v2\/product_cat?post=1545"},{"taxonomy":"product_tag","embeddable":true,"href":"https:\/\/www.peanutoem.com\/sk\/wp-json\/wp\/v2\/product_tag?post=1545"}],"curies":[{"name":"wp","href":"https:\/\/api.w.org\/{rel}","templated":true}]}}