{"id":1555,"date":"2024-09-02T14:00:33","date_gmt":"2024-09-02T14:00:33","guid":{"rendered":"https:\/\/www.peanutoem.com\/?post_type=product&#038;p=1555"},"modified":"2024-09-28T04:44:51","modified_gmt":"2024-09-28T04:44:51","slug":"roasted-peanut-kernels-in-split","status":"publish","type":"product","link":"https:\/\/www.peanutoem.com\/sk\/manufacturer\/roasted-peanut-kernels-in-split\/","title":{"rendered":"Pra\u017een\u00e9 ara\u0161idov\u00e9 jadr\u00e1 v Splite | Nakr\u00e1jan\u00e9 pra\u017een\u00e9 ara\u0161idov\u00e9 jadr\u00e1"},"content":{"rendered":"<h3>\u010co s\u00fa pra\u017een\u00e9 ara\u0161idov\u00e9 jadr\u00e1 v Splite?<\/h3>\n<p>Pra\u017een\u00e9 ara\u0161idov\u00e9 jadr\u00e1 v Splite alebo naz\u00fdvan\u00e9 pra\u017een\u00e9 rozdelen\u00e9 ara\u0161idov\u00e9 jadr\u00e1 s\u00fa ara\u0161idy, ktor\u00e9 boli starostlivo upra\u017een\u00e9 k dokonalosti a potom starostlivo rozdelen\u00e9 na polovicu. S\u00fa zn\u00e1me svojou bohatou ar\u00f3mou, chrumkavou chu\u0165ou a \u0161irok\u00fdm vyu\u017eit\u00edm v pochutin\u00e1ch, pe\u010dive a r\u00f4znych potravin\u00e1ch. Proces pra\u017eenia nielen\u017ee zv\u00fdraz\u0148uje prirodzen\u00fa chu\u0165 ara\u0161idov, ale z\u00e1rove\u0148 z nich rob\u00ed ide\u00e1lnu vo\u013ebu pre v\u00fdrobcov potrav\u00edn, zna\u010dky snackov a spotrebite\u013eov, ktor\u00ed sleduj\u00fa zdrav\u0161iu stravu.<\/p>\n<h3>Alternat\u00edvne n\u00e1zvy pre pra\u017een\u00e9 ara\u0161idov\u00e9 jadr\u00e1 v Splite<\/h3>\n<p>Pra\u017een\u00e9 ara\u0161idov\u00e9 jadr\u00e1 v Splite sa ozna\u010duj\u00fa aj in\u00fdmi n\u00e1zvami v z\u00e1vislosti od regi\u00f3nu alebo trhu, vr\u00e1tane:<\/p>\n<ul>\n<li>Rozdelen\u00e9 pra\u017een\u00e9 ara\u0161idy<\/li>\n<li>Pra\u017een\u00e9 polovi\u010dky ara\u0161idov<\/li>\n<li>Rozdelen\u00e9 pra\u017een\u00e9 ara\u0161idov\u00e9 jadr\u00e1<\/li>\n<li>Ara\u0161idov\u00e9 \u0161tiepky<\/li>\n<\/ul>\n<h3>Relevantn\u00e9 hor\u00face t\u00e9my<\/h3>\n<ol>\n<li><strong>Zdravotn\u00e9 v\u00fdhody pra\u017een\u00fdch ara\u0161idov\u00fdch jadier<\/strong>: Pra\u017een\u00e9 jadr\u00e1 ara\u0161idov s\u00fa bohat\u00fdm zdrojom bielkov\u00edn, zdrav\u00fdch tukov a z\u00e1kladn\u00fdch vitam\u00ednov. S\u00fa v\u00fd\u017eivn\u00fdm ob\u010derstven\u00edm alebo pr\u00edsadou do r\u00f4znych produktov zameran\u00fdch na zdravie.<\/li>\n<li><strong>Rast\u00faci dopyt po ob\u010derstveniach na b\u00e1ze ara\u0161idov:<\/strong> Pra\u017een\u00e9 ara\u0161idov\u00e9 jadr\u00e1 v \u0161tiepanej forme z\u00edskavaj\u00fa na popularite kv\u00f4li n\u00e1rastu dopytu po zdrav\u00fdch snackoch.<\/li>\n<li><strong>Bezpe\u010dnos\u0165 a kontrola kvality potrav\u00edn pri spracovan\u00ed ara\u0161idov:<\/strong> Udr\u017eiavanie vysok\u00fdch v\u00fdrobn\u00fdch a manipula\u010dn\u00fdch \u0161tandardov je k\u013e\u00fa\u010dov\u00e9 pre integritu produktu a s\u00falad s predpismi o bezpe\u010dnosti potrav\u00edn.<\/li>\n<li><strong>Ara\u0161idov\u00e9 produkty s\u00fakromnej zna\u010dky:<\/strong> Mnoho zna\u010diek si vyber\u00e1 na\u0161e slu\u017eby priv\u00e1tnych zna\u010diek, aby pon\u00fakali pr\u00e9miov\u00e9 kr\u00e1jan\u00e9 jadr\u00e1 pra\u017een\u00fdch ara\u0161idov pod vlastnou zna\u010dkou.<\/li>\n<\/ol>\n<p><img loading=\"lazy\" decoding=\"async\" class=\"alignnone wp-image-1720 size-large\" src=\"https:\/\/www.peanutoem.com\/wp-content\/uploads\/2024\/09\/Roasted-Peanut-Power-in-Carton-1024x908.webp\" alt=\"Sila pra\u017een\u00fdch ara\u0161idov v kart\u00f3ne\" width=\"1020\" height=\"904\" srcset=\"https:\/\/www.peanutoem.com\/wp-content\/uploads\/2024\/09\/Roasted-Peanut-Power-in-Carton-1024x908.webp 1024w, https:\/\/www.peanutoem.com\/wp-content\/uploads\/2024\/09\/Roasted-Peanut-Power-in-Carton-300x266.webp 300w, https:\/\/www.peanutoem.com\/wp-content\/uploads\/2024\/09\/Roasted-Peanut-Power-in-Carton-768x681.webp 768w, https:\/\/www.peanutoem.com\/wp-content\/uploads\/2024\/09\/Roasted-Peanut-Power-in-Carton-1536x1362.webp 1536w, https:\/\/www.peanutoem.com\/wp-content\/uploads\/2024\/09\/Roasted-Peanut-Power-in-Carton-2048x1816.webp 2048w, https:\/\/www.peanutoem.com\/wp-content\/uploads\/2024\/09\/Roasted-Peanut-Power-in-Carton-14x12.webp 14w, https:\/\/www.peanutoem.com\/wp-content\/uploads\/2024\/09\/Roasted-Peanut-Power-in-Carton-600x532.webp 600w\" sizes=\"auto, (max-width: 1020px) 100vw, 1020px\" \/><\/p>\n<hr \/>\n<h3>Pre\u010do si vybra\u0165 n\u00e1s ako dod\u00e1vate\u013ea kr\u00e1jan\u00fdch jadier pra\u017een\u00fdch ara\u0161idov?<\/h3>\n<p>Sme d\u00f4veryhodn\u00fdm dod\u00e1vate\u013eom pra\u017een\u00fdch ara\u0161idov\u00fdch jadier v Splite z nieko\u013ek\u00fdch presved\u010div\u00fdch d\u00f4vodov:<\/p>\n<ul>\n<li><strong>Pokro\u010dil\u00e9 v\u00fdrobn\u00e9 zariadenia:<\/strong> Na\u0161a tov\u00e1re\u0148 pou\u017e\u00edva \u0161pi\u010dkov\u00e9 v\u00fdrobn\u00e9 linky v USA na \u0161pi\u010dkov\u00e9 procesy pra\u017eenia a rezania.<\/li>\n<li><strong>Pr\u00edsne zabezpe\u010denie kvality:<\/strong> V na\u0161om laborat\u00f3riu vykon\u00e1vame komplexn\u00e9 testy, aby sme sa uistili, \u017ee ka\u017ed\u00e1 \u0161ar\u017ea sp\u013a\u0148a glob\u00e1lne normy.<\/li>\n<li><strong>Glob\u00e1lne certifik\u00e1cie:<\/strong> Na\u0161e pra\u017een\u00e9 ara\u0161idov\u00e9 jadr\u00e1 s\u00fa certifikovan\u00e9 HACCP, BRCGS, Kosher, Halal a EU Organic pre kvalitu a bezpe\u010dnos\u0165.<\/li>\n<li><strong>Spo\u013eahliv\u00fd dod\u00e1vate\u013esk\u00fd re\u0165azec:<\/strong> N\u00e1\u0161 ve\u013ek\u00fd sklad s kon\u0161tantnou teplotou zaru\u010duje kvalitu produktov a stabilitu dod\u00e1vok po\u010das cel\u00e9ho roka.<\/li>\n<li><strong>Prisp\u00f4soben\u00e9 slu\u017eby:<\/strong> Poskytujeme rie\u0161enia priv\u00e1tnych zna\u010diek prisp\u00f4soben\u00e9 \u0161pecifick\u00fdm potreb\u00e1m zna\u010diek a dovozcov na celom svete.<\/li>\n<li><strong>Trvalo udr\u017eate\u013en\u00fd rozvoj:<\/strong> Zameriavame sa na udr\u017eate\u013en\u00e9 postupy a spolupracujeme s renomovan\u00fdmi sie\u0165ami supermarketov pre vz\u00e1jomn\u00fa prosperitu.<\/li>\n<\/ul>\n<h3>Ot\u00e1zky a odpovede o nakr\u00e1jan\u00fdch jadr\u00e1ch pra\u017een\u00fdch ara\u0161idov<\/h3>\n<p><strong>Ot\u00e1zka: \u010co z v\u00e1s rob\u00ed popredn\u00e9ho dod\u00e1vate\u013ea pra\u017een\u00fdch ara\u0161idov\u00fdch jadier v splite?<\/strong><br \/>\n<strong>A:<\/strong> Na\u0161e pokro\u010dil\u00e9 v\u00fdrobn\u00e9 zariadenia, pr\u00edsne zabezpe\u010denie kvality a glob\u00e1lne certifik\u00e1cie zaru\u010duj\u00fa, \u017ee neust\u00e1le dod\u00e1vame produkty vysokej kvality.<\/p>\n<p><strong>Ot\u00e1zka: M\u00f4\u017eem prisp\u00f4sobi\u0165 obal pod mojou zna\u010dkou?<\/strong><br \/>\n<strong>A:<\/strong> \u00c1no, poskytujeme slu\u017eby priv\u00e1tnych zna\u010diek, ktor\u00e9 umo\u017e\u0148uj\u00fa \u00fapln\u00e9 prisp\u00f4sobenie balenia a zna\u010dky tak, aby vyhovovali va\u0161im potreb\u00e1m trhu.<\/p>\n<p><strong>Ot\u00e1zka: Ak\u00e9 certifik\u00e1cie maj\u00fa va\u0161e pra\u017een\u00e9 jadr\u00e1 ara\u0161idov?<\/strong><br \/>\n<strong>A:<\/strong> Na\u0161e produkty s\u00fa certifikovan\u00e9 HACCP, BRC, Halal, Kosher, EU Organic a \u010fal\u0161\u00edmi glob\u00e1lnymi normami, ktor\u00e9 zais\u0165uj\u00fa kvalitu a bezpe\u010dnos\u0165.<\/p>\n<p><strong>Ot\u00e1zka: Ako zabezpe\u010dujete \u010derstvos\u0165 a kvalitu?<\/strong><br \/>\n<strong>A:<\/strong> N\u00e1\u0161 ve\u013ek\u00fd sklad s kon\u0161tantnou teplotou udr\u017euje optim\u00e1lne podmienky, zachov\u00e1va \u010derstvos\u0165 a kvalitu a\u017e do dodania.<\/p>\n<p><strong>Ot\u00e1zka: Poskytujete hromadn\u00e9 objedn\u00e1vky na medzin\u00e1rodn\u00fa prepravu?<\/strong><br \/>\n<strong>A:<\/strong> \u00c1no, \u0161pecializujeme sa na hromadn\u00e9 objedn\u00e1vky a medzin\u00e1rodn\u00e9 z\u00e1sielky, \u010d\u00edm zabezpe\u010dujeme bezprobl\u00e9mov\u00fd dod\u00e1vate\u013esk\u00fd re\u0165azec pre glob\u00e1lnych klientov.<\/p>\n<p><strong>Ot\u00e1zka: Ak\u00e9 s\u00fa v\u00fdhody v\u00fdberu pra\u017een\u00fdch ara\u0161idov\u00fdch jadier v delenej forme?<\/strong><br \/>\n<strong>A:<\/strong> \u0160tiepan\u00e9 pra\u017een\u00e9 jadr\u00e1 ara\u0161idov pon\u00fakaj\u00fa produkt pripraven\u00fd na pou\u017eitie s vylep\u0161enou chu\u0165ou a text\u00farou, ide\u00e1lny na ob\u010derstvenie a ozdoby.<\/p>\n<p><strong>Ot\u00e1zka: S\u00fa vo va\u0161ich pra\u017een\u00fdch jadr\u00e1ch ara\u0161idov pr\u00edsady?<\/strong><br \/>\n<strong>A:<\/strong> Nie, na\u0161e pra\u017een\u00e9 ara\u0161idov\u00e9 jadr\u00e1 neobsahuj\u00fa pr\u00edsady a konzerva\u010dn\u00e9 l\u00e1tky, \u010do zaru\u010duje pr\u00edrodn\u00fd produkt.<\/p>\n<p><strong>Ot\u00e1zka: M\u00f4\u017eem po\u017eiada\u0165 o \u0161pecifick\u00e9 \u00farovne pra\u017eenia?<\/strong><br \/>\n<strong>A:<\/strong> \u00c1no, m\u00f4\u017eeme prisp\u00f4sobi\u0165 \u00farovne pra\u017eenia va\u0161im \u0161pecifik\u00e1ci\u00e1m, \u010di u\u017e uprednost\u0148ujete svetl\u00e9, stredn\u00e9 alebo tmav\u00e9 pra\u017eenie.<\/p>\n<p><strong>Ot\u00e1zka: Ako m\u00f4\u017eem po\u017eiada\u0165 o vzorku?<\/strong><br \/>\n<strong>A:<\/strong> <a href=\"mailto:globepeanut@gmail.com\" target=\"_blank\" rel=\"noopener\">Kontaktova\u0165 <\/a>n\u00e1\u0161 predajn\u00fd t\u00edm si vy\u017eiada vzorku a prediskutuje va\u0161e \u0161pecifick\u00e9 potreby.<\/p>\n<p><strong>Ot\u00e1zka: Na ak\u00e9 trhy dod\u00e1vate?<\/strong><br \/>\n<strong>A:<\/strong> Pra\u017een\u00e9 jadr\u00e1 ara\u0161idov dod\u00e1vame na r\u00f4zne trhy po celom svete, vr\u00e1tane Severnej Ameriky, Eur\u00f3py, \u00c1zie a Stredn\u00e9ho v\u00fdchodu, so siln\u00fdmi priemyseln\u00fdmi partnerstvami.<\/p>\n<a href=\"mailto:globepeanut@gmail.com\" class=\"button primary is-primary is-medium\"  >\n    <span>Nap\u00ed\u0161te n\u00e1m<\/span>\n  <\/a>","protected":false},"excerpt":{"rendered":"<p>Sme v\u00fdrobcom a dod\u00e1vate\u013eom nakr\u00e1jan\u00fdch pe\u010den\u00fdch ara\u0161idov\u00fdch jadier v \u010c\u00edne<\/p>\n<p>- MOQ: 1 tona<br \/>\n\u2013 Pon\u00fakan\u00e1 slu\u017eba OEM\/ODM<br \/>\n- K dispoz\u00edcii bezplatn\u00e1 vzorka<br \/>\n- Prijmite prisp\u00f4sobenie (\u0161pecifik\u00e1cie, ve\u013ekosti, farba, dizajn at\u010f.)<br \/>\n- \u0160pecifik\u00e1cie (3-5 mesh, 4-7 mesh, 5-8 mesh, 6-10 mesh, 8-14 mesh alebo ako va\u0161a po\u017eiadavka)<\/p>\n<p>Ak chcete z\u00edska\u0165 pra\u017een\u00e9 ara\u0161idov\u00e9 jadr\u00e1 v delen\u00fdch alebo nakr\u00e1jan\u00e9 pra\u017een\u00e9 ara\u0161idov\u00e9 jadr\u00e1, kontaktujte n\u00e1s.<\/p>","protected":false},"featured_media":1712,"comment_status":"open","ping_status":"closed","template":"","meta":[],"product_cat":[37],"product_tag":[],"class_list":{"0":"post-1555","1":"product","2":"type-product","3":"status-publish","4":"has-post-thumbnail","6":"product_cat-roasted-peanut","8":"first","9":"instock","10":"shipping-taxable","11":"product-type-simple"},"yoast_head":"<!-- This site is optimized with the Yoast SEO plugin v24.9 - https:\/\/yoast.com\/wordpress\/plugins\/seo\/ -->\n<title>Roasted Peanut Kernels in Split | Sliced Roasted Peanut Kernels - Peanut Butter Factory<\/title>\n<meta name=\"description\" content=\"We are leading OEM manufacturer, supplier, and exporter of high-quality Roasted Peanut Kernels in Split. Private label services and global brands partner.\" \/>\n<meta name=\"robots\" content=\"index, follow, max-snippet:-1, max-image-preview:large, max-video-preview:-1\" \/>\n<link rel=\"canonical\" href=\"https:\/\/www.peanutoem.com\/sk\/manufacturer\/roasted-peanut-kernels-in-split\/\" \/>\n<meta property=\"og:locale\" content=\"sk_SK\" \/>\n<meta property=\"og:type\" content=\"article\" \/>\n<meta property=\"og:title\" content=\"Roasted Peanut Kernels in Split | Sliced Roasted Peanut Kernels - Peanut Butter Factory\" \/>\n<meta property=\"og:description\" content=\"We are leading OEM manufacturer, supplier, and exporter of high-quality Roasted Peanut Kernels in Split. Private label services and global brands partner.\" \/>\n<meta property=\"og:url\" content=\"https:\/\/www.peanutoem.com\/sk\/manufacturer\/roasted-peanut-kernels-in-split\/\" \/>\n<meta property=\"og:site_name\" content=\"Peanut Butter Factory\" \/>\n<meta property=\"article:modified_time\" content=\"2024-09-28T04:44:51+00:00\" \/>\n<meta property=\"og:image\" content=\"https:\/\/www.peanutoem.com\/wp-content\/uploads\/2024\/09\/4-6mm-roasted-peanut-kernels-scaled.webp\" \/>\n\t<meta property=\"og:image:width\" content=\"1920\" \/>\n\t<meta property=\"og:image:height\" content=\"2560\" \/>\n\t<meta property=\"og:image:type\" content=\"image\/webp\" \/>\n<meta name=\"twitter:card\" content=\"summary_large_image\" \/>\n<meta name=\"twitter:label1\" content=\"Predpokladan\u00fd \u010das \u010d\u00edtania\" \/>\n\t<meta name=\"twitter:data1\" content=\"4 min\u00faty\" \/>\n<script type=\"application\/ld+json\" class=\"yoast-schema-graph\">{\"@context\":\"https:\/\/schema.org\",\"@graph\":[{\"@type\":\"WebPage\",\"@id\":\"https:\/\/www.peanutoem.com\/manufacturer\/roasted-peanut-kernels-in-split\/\",\"url\":\"https:\/\/www.peanutoem.com\/manufacturer\/roasted-peanut-kernels-in-split\/\",\"name\":\"Roasted Peanut Kernels in Split | Sliced Roasted Peanut Kernels - Peanut Butter Factory\",\"isPartOf\":{\"@id\":\"https:\/\/www.peanutoem.com\/#website\"},\"primaryImageOfPage\":{\"@id\":\"https:\/\/www.peanutoem.com\/manufacturer\/roasted-peanut-kernels-in-split\/#primaryimage\"},\"image\":{\"@id\":\"https:\/\/www.peanutoem.com\/manufacturer\/roasted-peanut-kernels-in-split\/#primaryimage\"},\"thumbnailUrl\":\"https:\/\/www.peanutoem.com\/wp-content\/uploads\/2024\/09\/4-6mm-roasted-peanut-kernels-scaled.webp\",\"datePublished\":\"2024-09-02T14:00:33+00:00\",\"dateModified\":\"2024-09-28T04:44:51+00:00\",\"description\":\"We are leading OEM manufacturer, supplier, and exporter of high-quality Roasted Peanut Kernels in Split. Private label services and global brands partner.\",\"breadcrumb\":{\"@id\":\"https:\/\/www.peanutoem.com\/manufacturer\/roasted-peanut-kernels-in-split\/#breadcrumb\"},\"inLanguage\":\"sk-SK\",\"potentialAction\":[{\"@type\":\"ReadAction\",\"target\":[\"https:\/\/www.peanutoem.com\/manufacturer\/roasted-peanut-kernels-in-split\/\"]}]},{\"@type\":\"ImageObject\",\"inLanguage\":\"sk-SK\",\"@id\":\"https:\/\/www.peanutoem.com\/manufacturer\/roasted-peanut-kernels-in-split\/#primaryimage\",\"url\":\"https:\/\/www.peanutoem.com\/wp-content\/uploads\/2024\/09\/4-6mm-roasted-peanut-kernels-scaled.webp\",\"contentUrl\":\"https:\/\/www.peanutoem.com\/wp-content\/uploads\/2024\/09\/4-6mm-roasted-peanut-kernels-scaled.webp\",\"width\":1920,\"height\":2560,\"caption\":\"4-6mm roasted peanut kernels\"},{\"@type\":\"BreadcrumbList\",\"@id\":\"https:\/\/www.peanutoem.com\/manufacturer\/roasted-peanut-kernels-in-split\/#breadcrumb\",\"itemListElement\":[{\"@type\":\"ListItem\",\"position\":1,\"name\":\"Home\",\"item\":\"https:\/\/www.peanutoem.com\/\"},{\"@type\":\"ListItem\",\"position\":2,\"name\":\"Products\",\"item\":\"https:\/\/www.peanutoem.com\/shop\/\"},{\"@type\":\"ListItem\",\"position\":3,\"name\":\"Roasted Peanut Kernels in Split | Sliced Roasted Peanut Kernels\"}]},{\"@type\":\"WebSite\",\"@id\":\"https:\/\/www.peanutoem.com\/#website\",\"url\":\"https:\/\/www.peanutoem.com\/\",\"name\":\"Peanut Butter Factory\",\"description\":\"Peanut Butter Manufacturer and Roast Peanut OEM Factory | Peanut Private Label China Supplier\",\"publisher\":{\"@id\":\"https:\/\/www.peanutoem.com\/#organization\"},\"alternateName\":\"Peanut Butter OEM and Wholesale\",\"potentialAction\":[{\"@type\":\"SearchAction\",\"target\":{\"@type\":\"EntryPoint\",\"urlTemplate\":\"https:\/\/www.peanutoem.com\/?s={search_term_string}\"},\"query-input\":{\"@type\":\"PropertyValueSpecification\",\"valueRequired\":true,\"valueName\":\"search_term_string\"}}],\"inLanguage\":\"sk-SK\"},{\"@type\":\"Organization\",\"@id\":\"https:\/\/www.peanutoem.com\/#organization\",\"name\":\"Peanut Butter Factory\",\"alternateName\":\"JuFeng Group\",\"url\":\"https:\/\/www.peanutoem.com\/\",\"logo\":{\"@type\":\"ImageObject\",\"inLanguage\":\"sk-SK\",\"@id\":\"https:\/\/www.peanutoem.com\/#\/schema\/logo\/image\/\",\"url\":\"https:\/\/www.peanutoem.com\/wp-content\/uploads\/2024\/09\/JUFENG-LOGO.png\",\"contentUrl\":\"https:\/\/www.peanutoem.com\/wp-content\/uploads\/2024\/09\/JUFENG-LOGO.png\",\"width\":600,\"height\":170,\"caption\":\"Peanut Butter Factory\"},\"image\":{\"@id\":\"https:\/\/www.peanutoem.com\/#\/schema\/logo\/image\/\"}}]}<\/script>\n<!-- \/ Yoast SEO plugin. -->","yoast_head_json":{"title":"Roasted Peanut Kernels in Split | Sliced Roasted Peanut Kernels - Peanut Butter Factory","description":"We are leading OEM manufacturer, supplier, and exporter of high-quality Roasted Peanut Kernels in Split. Private label services and global brands partner.","robots":{"index":"index","follow":"follow","max-snippet":"max-snippet:-1","max-image-preview":"max-image-preview:large","max-video-preview":"max-video-preview:-1"},"canonical":"https:\/\/www.peanutoem.com\/sk\/manufacturer\/roasted-peanut-kernels-in-split\/","og_locale":"sk_SK","og_type":"article","og_title":"Roasted Peanut Kernels in Split | Sliced Roasted Peanut Kernels - Peanut Butter Factory","og_description":"We are leading OEM manufacturer, supplier, and exporter of high-quality Roasted Peanut Kernels in Split. Private label services and global brands partner.","og_url":"https:\/\/www.peanutoem.com\/sk\/manufacturer\/roasted-peanut-kernels-in-split\/","og_site_name":"Peanut Butter Factory","article_modified_time":"2024-09-28T04:44:51+00:00","og_image":[{"width":1920,"height":2560,"url":"https:\/\/www.peanutoem.com\/wp-content\/uploads\/2024\/09\/4-6mm-roasted-peanut-kernels-scaled.webp","type":"image\/webp"}],"twitter_card":"summary_large_image","twitter_misc":{"Predpokladan\u00fd \u010das \u010d\u00edtania":"4 min\u00faty"},"schema":{"@context":"https:\/\/schema.org","@graph":[{"@type":"WebPage","@id":"https:\/\/www.peanutoem.com\/manufacturer\/roasted-peanut-kernels-in-split\/","url":"https:\/\/www.peanutoem.com\/manufacturer\/roasted-peanut-kernels-in-split\/","name":"Roasted Peanut Kernels in Split | Sliced Roasted Peanut Kernels - Peanut Butter Factory","isPartOf":{"@id":"https:\/\/www.peanutoem.com\/#website"},"primaryImageOfPage":{"@id":"https:\/\/www.peanutoem.com\/manufacturer\/roasted-peanut-kernels-in-split\/#primaryimage"},"image":{"@id":"https:\/\/www.peanutoem.com\/manufacturer\/roasted-peanut-kernels-in-split\/#primaryimage"},"thumbnailUrl":"https:\/\/www.peanutoem.com\/wp-content\/uploads\/2024\/09\/4-6mm-roasted-peanut-kernels-scaled.webp","datePublished":"2024-09-02T14:00:33+00:00","dateModified":"2024-09-28T04:44:51+00:00","description":"We are leading OEM manufacturer, supplier, and exporter of high-quality Roasted Peanut Kernels in Split. Private label services and global brands partner.","breadcrumb":{"@id":"https:\/\/www.peanutoem.com\/manufacturer\/roasted-peanut-kernels-in-split\/#breadcrumb"},"inLanguage":"sk-SK","potentialAction":[{"@type":"ReadAction","target":["https:\/\/www.peanutoem.com\/manufacturer\/roasted-peanut-kernels-in-split\/"]}]},{"@type":"ImageObject","inLanguage":"sk-SK","@id":"https:\/\/www.peanutoem.com\/manufacturer\/roasted-peanut-kernels-in-split\/#primaryimage","url":"https:\/\/www.peanutoem.com\/wp-content\/uploads\/2024\/09\/4-6mm-roasted-peanut-kernels-scaled.webp","contentUrl":"https:\/\/www.peanutoem.com\/wp-content\/uploads\/2024\/09\/4-6mm-roasted-peanut-kernels-scaled.webp","width":1920,"height":2560,"caption":"4-6mm roasted peanut kernels"},{"@type":"BreadcrumbList","@id":"https:\/\/www.peanutoem.com\/manufacturer\/roasted-peanut-kernels-in-split\/#breadcrumb","itemListElement":[{"@type":"ListItem","position":1,"name":"Home","item":"https:\/\/www.peanutoem.com\/"},{"@type":"ListItem","position":2,"name":"Products","item":"https:\/\/www.peanutoem.com\/shop\/"},{"@type":"ListItem","position":3,"name":"Roasted Peanut Kernels in Split | Sliced Roasted Peanut Kernels"}]},{"@type":"WebSite","@id":"https:\/\/www.peanutoem.com\/#website","url":"https:\/\/www.peanutoem.com\/","name":"Peanut Butter Factory","description":"Peanut Butter Manufacturer and Roast Peanut OEM Factory | Peanut Private Label China Supplier","publisher":{"@id":"https:\/\/www.peanutoem.com\/#organization"},"alternateName":"Peanut Butter OEM and Wholesale","potentialAction":[{"@type":"SearchAction","target":{"@type":"EntryPoint","urlTemplate":"https:\/\/www.peanutoem.com\/?s={search_term_string}"},"query-input":{"@type":"PropertyValueSpecification","valueRequired":true,"valueName":"search_term_string"}}],"inLanguage":"sk-SK"},{"@type":"Organization","@id":"https:\/\/www.peanutoem.com\/#organization","name":"Peanut Butter Factory","alternateName":"JuFeng Group","url":"https:\/\/www.peanutoem.com\/","logo":{"@type":"ImageObject","inLanguage":"sk-SK","@id":"https:\/\/www.peanutoem.com\/#\/schema\/logo\/image\/","url":"https:\/\/www.peanutoem.com\/wp-content\/uploads\/2024\/09\/JUFENG-LOGO.png","contentUrl":"https:\/\/www.peanutoem.com\/wp-content\/uploads\/2024\/09\/JUFENG-LOGO.png","width":600,"height":170,"caption":"Peanut Butter Factory"},"image":{"@id":"https:\/\/www.peanutoem.com\/#\/schema\/logo\/image\/"}}]}},"_links":{"self":[{"href":"https:\/\/www.peanutoem.com\/sk\/wp-json\/wp\/v2\/product\/1555","targetHints":{"allow":["GET"]}}],"collection":[{"href":"https:\/\/www.peanutoem.com\/sk\/wp-json\/wp\/v2\/product"}],"about":[{"href":"https:\/\/www.peanutoem.com\/sk\/wp-json\/wp\/v2\/types\/product"}],"replies":[{"embeddable":true,"href":"https:\/\/www.peanutoem.com\/sk\/wp-json\/wp\/v2\/comments?post=1555"}],"wp:featuredmedia":[{"embeddable":true,"href":"https:\/\/www.peanutoem.com\/sk\/wp-json\/wp\/v2\/media\/1712"}],"wp:attachment":[{"href":"https:\/\/www.peanutoem.com\/sk\/wp-json\/wp\/v2\/media?parent=1555"}],"wp:term":[{"taxonomy":"product_cat","embeddable":true,"href":"https:\/\/www.peanutoem.com\/sk\/wp-json\/wp\/v2\/product_cat?post=1555"},{"taxonomy":"product_tag","embeddable":true,"href":"https:\/\/www.peanutoem.com\/sk\/wp-json\/wp\/v2\/product_tag?post=1555"}],"curies":[{"name":"wp","href":"https:\/\/api.w.org\/{rel}","templated":true}]}}