{"id":1556,"date":"2024-09-02T14:00:57","date_gmt":"2024-09-02T14:00:57","guid":{"rendered":"https:\/\/www.peanutoem.com\/?post_type=product&#038;p=1556"},"modified":"2024-09-28T04:23:49","modified_gmt":"2024-09-28T04:23:49","slug":"roasted-peanut-powder","status":"publish","type":"product","link":"https:\/\/www.peanutoem.com\/sk\/manufacturer\/roasted-peanut-powder\/","title":{"rendered":"Pra\u017een\u00fd ara\u0161idov\u00fd pr\u00e1\u0161ok"},"content":{"rendered":"<h3>\u010co je pra\u017een\u00fd ara\u0161idov\u00fd pr\u00e1\u0161ok?<\/h3>\n<p>Pra\u017een\u00fd ara\u0161idov\u00fd pr\u00e1\u0161ok sa vyr\u00e1ba jemn\u00fdm mlet\u00edm ara\u0161idov a zv\u00fdraznen\u00edm ich prirodzenej chuti prostredn\u00edctvom a <a href=\"https:\/\/en.wikipedia.org\/wiki\/Roasting\" target=\"_blank\" rel=\"noopener\">pra\u017eenie<\/a> proces. T\u00e1to v\u0161estrann\u00e1 pr\u00edsada je popul\u00e1rna v potravin\u00e1rskom priemysle a sl\u00fa\u017ei ako pr\u00e9miov\u00e1 zlo\u017eka v ara\u0161idov\u00fdch snackoch, pe\u010dive, om\u00e1\u010dkach a prote\u00ednov\u00fdch pr\u00e1\u0161koch. Proces pra\u017eenia v\u00fdrazne zvy\u0161uje orie\u0161kov\u00fa ar\u00f3mu ara\u0161idov, \u010do z nich rob\u00ed preferovan\u00fd materi\u00e1l pre v\u00fdrobcov potrav\u00edn, ktor\u00ed h\u013eadaj\u00fa bohat\u00fa ara\u0161idov\u00fa chu\u0165. Jeho pr\u00e1\u0161kov\u00e1 forma umo\u017e\u0148uje jednoduch\u00e9 za\u010dlenenie do r\u00f4znych receptov a dod\u00e1va jedl\u00e1m bohat\u00fa chu\u0165 bez potreby \u010fal\u0161ej vody.<\/p>\n<h3><img loading=\"lazy\" decoding=\"async\" class=\"alignnone wp-image-1719 size-full\" src=\"https:\/\/www.peanutoem.com\/wp-content\/uploads\/2024\/09\/Roasted-Peanut-Powder-in-Pouch.webp\" alt=\"Pra\u017een\u00fd ara\u0161idov\u00fd pr\u00e1\u0161ok vo vrec\u00fa\u0161ku\" width=\"912\" height=\"1128\" srcset=\"https:\/\/www.peanutoem.com\/wp-content\/uploads\/2024\/09\/Roasted-Peanut-Powder-in-Pouch.webp 912w, https:\/\/www.peanutoem.com\/wp-content\/uploads\/2024\/09\/Roasted-Peanut-Powder-in-Pouch-243x300.webp 243w, https:\/\/www.peanutoem.com\/wp-content\/uploads\/2024\/09\/Roasted-Peanut-Powder-in-Pouch-828x1024.webp 828w, https:\/\/www.peanutoem.com\/wp-content\/uploads\/2024\/09\/Roasted-Peanut-Powder-in-Pouch-768x950.webp 768w, https:\/\/www.peanutoem.com\/wp-content\/uploads\/2024\/09\/Roasted-Peanut-Powder-in-Pouch-10x12.webp 10w, https:\/\/www.peanutoem.com\/wp-content\/uploads\/2024\/09\/Roasted-Peanut-Powder-in-Pouch-600x742.webp 600w\" sizes=\"auto, (max-width: 912px) 100vw, 912px\" \/><\/h3>\n<h3>Alternat\u00edvne n\u00e1zvy pre pra\u017een\u00fd ara\u0161idov\u00fd pr\u00e1\u0161ok<\/h3>\n<p>Pra\u017een\u00fd ara\u0161idov\u00fd pr\u00e1\u0161ok je na trhu zn\u00e1my pod r\u00f4znymi n\u00e1zvami. Niektor\u00e9 be\u017en\u00e9 alternat\u00edvy zah\u0155\u0148aj\u00fa:<\/p>\n<ul>\n<li>Ara\u0161idov\u00e1 m\u00faka<\/li>\n<li>Pra\u017een\u00fd mlet\u00fd ara\u0161idov\u00fd pr\u00e1\u0161ok<\/li>\n<li>Ara\u0161idov\u00e9 jedlo<\/li>\n<li>Pra\u017een\u00fd ara\u0161idov\u00fd prach<\/li>\n<li>Odtu\u010dnen\u00fd ara\u0161idov\u00fd pr\u00e1\u0161ok<\/li>\n<\/ul>\n<div class=\"group\/conversation-turn relative flex w-full min-w-0 flex-col agent-turn\">\n<div class=\"flex-col gap-1 md:gap-3\">\n<h3>Relevantn\u00e9 hor\u00face t\u00e9my o pra\u017een\u00fdch ara\u0161idov\u00fdch pr\u00e1\u0161koch<\/h3>\n<ul>\n<li data-pm-slice=\"0 0 []\"><strong>Aplik\u00e1cie na bezlepkov\u00e9 pe\u010denie:<\/strong> Viac pek\u00e1rov pou\u017e\u00edva pra\u017een\u00fd ara\u0161idov\u00fd pr\u00e1\u0161ok ako n\u00e1hradu m\u00faky v bezlepkov\u00fdch receptoch, \u010d\u00edm zlep\u0161uje chu\u0165 aj v\u00fd\u017eivu.<\/li>\n<li><strong>Zdravotn\u00e9 v\u00fdhody:<\/strong> Spotrebitelia, ktor\u00ed si uvedomuj\u00fa zdravie, pova\u017euj\u00fa pra\u017een\u00fd ara\u0161idov\u00fd pr\u00e1\u0161ok za pr\u00ed\u0165a\u017eliv\u00fd v\u010faka vysok\u00e9mu obsahu bielkov\u00edn, vl\u00e1kniny a zdrav\u00e9ho tuku.<\/li>\n<li><strong>Rast\u00faci dopyt po rastlinn\u00fdch bielkovin\u00e1ch:<\/strong> Ako rastie rastlinn\u00e1 strava, pra\u017een\u00fd ara\u0161idov\u00fd pr\u00e1\u0161ok sa st\u00e1va ob\u013e\u00faben\u00fdm zdrojom bielkov\u00edn pre veg\u00e1nov a vegetari\u00e1nov.<\/li>\n<li><strong>Aplik\u00e1cie na bezlepkov\u00e9 pe\u010denie:<\/strong> Pek\u00e1ri \u010doraz \u010dastej\u0161ie vyberaj\u00fa pra\u017een\u00fd ara\u0161idov\u00fd pr\u00e1\u0161ok ako n\u00e1hradu m\u00faky v bezlepkov\u00fdch receptoch, \u010d\u00edm sa zvy\u0161uje chu\u0165 a v\u00fd\u017eiva.<\/li>\n<li><strong>Inovat\u00edvne vyu\u017eitie v potravin\u00e1rskom priemysle:<\/strong> T\u00e1to v\u0161estrann\u00e1 pr\u00edsada zv\u00fdraz\u0148uje chu\u0165 a text\u00faru r\u00f4znych produktov, od energetick\u00fdch ty\u010diniek a\u017e po om\u00e1\u010dky.<\/li>\n<li><strong>Pr\u00edle\u017eitosti priv\u00e1tnych zna\u010diek:<\/strong> Mnoho zna\u010diek sa rozhodlo pre produkty z ara\u0161idov priv\u00e1tnej zna\u010dky a pon\u00faka s nami ako d\u00f4veryhodn\u00fdm partnerom OEM prisp\u00f4soben\u00e9 rie\u0161enia pra\u017een\u00e9ho ara\u0161idov\u00e9ho pr\u00e1\u0161ku.<\/li>\n<\/ul>\n<h3 class=\"flex max-w-full flex-col flex-grow\"><span style=\"font-size: 20.16px;\">Ako d\u00f4veryhodn\u00fd l\u00edder v priemysle spracovania ara\u0161idov pon\u00fakame pr\u00e9miov\u00fd pr\u00e1\u0161ok z pra\u017een\u00fdch ara\u0161idov pre r\u00f4zne aplik\u00e1cie. Takto vynik\u00e1me:<\/span><\/h3>\n<ul>\n<li><strong>Najmodernej\u0161ia produkcia:<\/strong> Na\u0161e pokro\u010dil\u00e9 v\u00fdrobn\u00e9 linky zabezpe\u010duj\u00fa vysoko kvalitn\u00fd pra\u017een\u00fd ara\u0161idov\u00fd pr\u00e1\u0161ok s konzistentnou ve\u013ekos\u0165ou \u010dast\u00edc a chu\u0165ou.<\/li>\n<li><strong>Prisp\u00f4soben\u00e9 rie\u0161enia:<\/strong> Ako v\u00fdrobca OEM poskytujeme slu\u017eby priv\u00e1tnych zna\u010diek, prisp\u00f4soben\u00e9 \u00farovne pra\u017eenia a flexibiln\u00e9 mo\u017enosti balenia, aby sme splnili va\u0161e jedine\u010dn\u00e9 potreby.<\/li>\n<li><strong>Pr\u00edsna kontrola kvality:<\/strong> Dodr\u017eiavame najvy\u0161\u0161ie \u0161tandardy produktov prostredn\u00edctvom pr\u00edsneho senzorick\u00e9ho, chemick\u00e9ho a mikrobi\u00e1lneho testovania v na\u0161ich najmodernej\u0161\u00edch laborat\u00f3ri\u00e1ch.<\/li>\n<li><strong>Certifik\u00e1ty a zhoda:<\/strong> Na\u0161e certifik\u00e1cie \u2013 BRCGS, HACCP, Halal, Kosher a EU Organic \u2013 potvrdzuj\u00fa, \u017ee dodr\u017eiavame pr\u00edsne normy kvality a bezpe\u010dnosti.<\/li>\n<li><strong>Glob\u00e1lne exportn\u00e9 expert\u00edzy:<\/strong> S rozsiahlymi sk\u00fasenos\u0165ami v medzin\u00e1rodnej logistike garantujeme hladk\u00fd a spo\u013eahliv\u00fd exportn\u00fd proces na trhy po celom svete.<\/li>\n<li><strong>Z\u00e1v\u00e4zok udr\u017eate\u013enosti:<\/strong> Uprednost\u0148ujeme trvalo udr\u017eate\u013en\u00e9 z\u00edskavanie zdrojov a ekologick\u00e9 v\u00fdrobn\u00e9 postupy, \u010d\u00edm prispievame k lep\u0161ej bud\u00facnosti ara\u0161idov\u00e9ho priemyslu.<\/li>\n<\/ul>\n<h3>Pre\u010do si vybra\u0165 n\u00e1s?<\/h3>\n<ul>\n<li><strong>Najlep\u0161ia vo\u013eba:<\/strong> Na\u0161a \u0161pi\u010dkov\u00e1 technol\u00f3gia, mo\u017enosti prisp\u00f4sobenia a glob\u00e1lne certifik\u00e1cie z n\u00e1s robia popredn\u00e9ho dod\u00e1vate\u013ea.<\/li>\n<li><strong>Balenie na mieru:<\/strong> Pon\u00fakame slu\u017eby priv\u00e1tnych zna\u010diek na prisp\u00f4sobenie v\u00e1\u0161ho balenia a zna\u010dky va\u0161im \u0161pecifik\u00e1ci\u00e1m.<\/li>\n<li><strong>Zabezpe\u010denie \u010derstvosti:<\/strong> Na\u0161e sklady s kontrolovanou teplotou udr\u017euj\u00fa \u010derstvos\u0165 produktov po\u010das skladovania a prepravy.<\/li>\n<li><strong>\u00darovne pra\u017eenia:<\/strong> Vychutnajte si prisp\u00f4sobite\u013en\u00e9 \u00farovne pra\u017eenia od svetlej po tmav\u00fa, vytvoren\u00e9 tak, aby vyhovovali va\u0161im chu\u0165ov\u00fdm preferenci\u00e1m.<\/li>\n<li><strong>Hromadn\u00e9 objedn\u00e1vky:<\/strong> Obr\u00e1\u0165te sa na n\u00e1\u0161 obchodn\u00fd t\u00edm, aby ste mohli jednoducho prediskutova\u0165 a splni\u0165 va\u0161e potreby hromadn\u00fdch objedn\u00e1vok.<\/li>\n<li><strong>Priemyseln\u00e9 aplik\u00e1cie:<\/strong> N\u00e1\u0161 pra\u017een\u00fd ara\u0161idov\u00fd pr\u00e1\u0161ok je ob\u013e\u00faben\u00fd pri pe\u010den\u00ed, v\u00fdrobe ob\u010derstvenia, prote\u00ednov\u00fdch doplnkoch, om\u00e1\u010dkach a pr\u00edchutiach.<\/li>\n<li><strong>Bezlepkov\u00e9:<\/strong> Prirodzene bez lepku, je to vynikaj\u00faca vo\u013eba pre bezlepkov\u00e9 potraviny.<\/li>\n<li><strong>Dostupn\u00e9 vzorky:<\/strong> Poskytujeme vzorky pre potenci\u00e1lnych klientov na vyhodnotenie kvality a vhodnosti n\u00e1\u0161ho produktu.<\/li>\n<li><strong>Glob\u00e1lny dosah:<\/strong> Exportujeme na trhy v Severnej Amerike, Eur\u00f3pe, \u00c1zii a na Strednom v\u00fdchode, \u010d\u00edm zabezpe\u010dujeme robustn\u00fa medzin\u00e1rodn\u00fa dod\u00e1vate\u013esk\u00fa sie\u0165.<\/li>\n<\/ul>\n<a href=\"mailto:globepeanut@gmail.com\" class=\"button primary is-primary is-medium\"  >\n    <span>Nap\u00ed\u0161te n\u00e1m<\/span>\n  <\/a>\n\n<\/div>\n<\/div>","protected":false},"excerpt":{"rendered":"<p>Sme v\u00fdrobcom a dod\u00e1vate\u013eom pra\u017een\u00e9ho ara\u0161idov\u00e9ho pr\u00e1\u0161ku v \u010c\u00edne<\/p>\n<p>- MOQ: 1 tona<br \/>\n\u2013 Pon\u00fakan\u00e1 slu\u017eba OEM\/ODM<br \/>\n- K dispoz\u00edcii bezplatn\u00e1 vzorka<br \/>\n- Prijmite prisp\u00f4sobenie (\u0161pecifik\u00e1cie, ve\u013ekosti, farba, dizajn at\u010f.)<br \/>\n- \u0160pecifik\u00e1cie (o 14 \u00f4k men\u0161ie alebo pod\u013ea va\u0161ich po\u017eiadaviek)<\/p>\n<p>Ak chcete z\u00edska\u0165 pra\u017een\u00fd ara\u0161idov\u00fd pr\u00e1\u0161ok, kontaktujte n\u00e1s.<\/p>","protected":false},"featured_media":1714,"comment_status":"open","ping_status":"closed","template":"","meta":[],"product_cat":[37],"product_tag":[],"class_list":{"0":"post-1556","1":"product","2":"type-product","3":"status-publish","4":"has-post-thumbnail","6":"product_cat-roasted-peanut","8":"first","9":"instock","10":"shipping-taxable","11":"product-type-simple"},"yoast_head":"<!-- This site is optimized with the Yoast SEO plugin v24.9 - https:\/\/yoast.com\/wordpress\/plugins\/seo\/ -->\n<title>Roasted Peanut Powder Manufacturer - Peanut Butter Factory<\/title>\n<meta name=\"description\" content=\"We are a top OEM, private label manufacturer, and exporter of premium Roasted Peanut Powder, offering quality solutions globally.\" \/>\n<meta name=\"robots\" content=\"index, follow, max-snippet:-1, max-image-preview:large, max-video-preview:-1\" \/>\n<link rel=\"canonical\" href=\"https:\/\/www.peanutoem.com\/sk\/manufacturer\/roasted-peanut-powder\/\" \/>\n<meta property=\"og:locale\" content=\"sk_SK\" \/>\n<meta property=\"og:type\" content=\"article\" \/>\n<meta property=\"og:title\" content=\"Roasted Peanut Powder Manufacturer - Peanut Butter Factory\" \/>\n<meta property=\"og:description\" content=\"We are a top OEM, private label manufacturer, and exporter of premium Roasted Peanut Powder, offering quality solutions globally.\" \/>\n<meta property=\"og:url\" content=\"https:\/\/www.peanutoem.com\/sk\/manufacturer\/roasted-peanut-powder\/\" \/>\n<meta property=\"og:site_name\" content=\"Peanut Butter Factory\" \/>\n<meta property=\"article:modified_time\" content=\"2024-09-28T04:23:49+00:00\" \/>\n<meta property=\"og:image\" content=\"https:\/\/www.peanutoem.com\/wp-content\/uploads\/2024\/09\/Roasted-Peanut-Powder.webp\" \/>\n\t<meta property=\"og:image:width\" content=\"551\" \/>\n\t<meta property=\"og:image:height\" content=\"472\" \/>\n\t<meta property=\"og:image:type\" content=\"image\/webp\" \/>\n<meta name=\"twitter:card\" content=\"summary_large_image\" \/>\n<meta name=\"twitter:label1\" content=\"Predpokladan\u00fd \u010das \u010d\u00edtania\" \/>\n\t<meta name=\"twitter:data1\" content=\"3 min\u00faty\" \/>\n<script type=\"application\/ld+json\" class=\"yoast-schema-graph\">{\"@context\":\"https:\/\/schema.org\",\"@graph\":[{\"@type\":\"WebPage\",\"@id\":\"https:\/\/www.peanutoem.com\/manufacturer\/roasted-peanut-powder\/\",\"url\":\"https:\/\/www.peanutoem.com\/manufacturer\/roasted-peanut-powder\/\",\"name\":\"Roasted Peanut Powder Manufacturer - Peanut Butter Factory\",\"isPartOf\":{\"@id\":\"https:\/\/www.peanutoem.com\/#website\"},\"primaryImageOfPage\":{\"@id\":\"https:\/\/www.peanutoem.com\/manufacturer\/roasted-peanut-powder\/#primaryimage\"},\"image\":{\"@id\":\"https:\/\/www.peanutoem.com\/manufacturer\/roasted-peanut-powder\/#primaryimage\"},\"thumbnailUrl\":\"https:\/\/www.peanutoem.com\/wp-content\/uploads\/2024\/09\/Roasted-Peanut-Powder.webp\",\"datePublished\":\"2024-09-02T14:00:57+00:00\",\"dateModified\":\"2024-09-28T04:23:49+00:00\",\"description\":\"We are a top OEM, private label manufacturer, and exporter of premium Roasted Peanut Powder, offering quality solutions globally.\",\"breadcrumb\":{\"@id\":\"https:\/\/www.peanutoem.com\/manufacturer\/roasted-peanut-powder\/#breadcrumb\"},\"inLanguage\":\"sk-SK\",\"potentialAction\":[{\"@type\":\"ReadAction\",\"target\":[\"https:\/\/www.peanutoem.com\/manufacturer\/roasted-peanut-powder\/\"]}]},{\"@type\":\"ImageObject\",\"inLanguage\":\"sk-SK\",\"@id\":\"https:\/\/www.peanutoem.com\/manufacturer\/roasted-peanut-powder\/#primaryimage\",\"url\":\"https:\/\/www.peanutoem.com\/wp-content\/uploads\/2024\/09\/Roasted-Peanut-Powder.webp\",\"contentUrl\":\"https:\/\/www.peanutoem.com\/wp-content\/uploads\/2024\/09\/Roasted-Peanut-Powder.webp\",\"width\":551,\"height\":472,\"caption\":\"Roasted Peanut Powder\"},{\"@type\":\"BreadcrumbList\",\"@id\":\"https:\/\/www.peanutoem.com\/manufacturer\/roasted-peanut-powder\/#breadcrumb\",\"itemListElement\":[{\"@type\":\"ListItem\",\"position\":1,\"name\":\"Home\",\"item\":\"https:\/\/www.peanutoem.com\/\"},{\"@type\":\"ListItem\",\"position\":2,\"name\":\"Products\",\"item\":\"https:\/\/www.peanutoem.com\/shop\/\"},{\"@type\":\"ListItem\",\"position\":3,\"name\":\"Roasted Peanut Powder\"}]},{\"@type\":\"WebSite\",\"@id\":\"https:\/\/www.peanutoem.com\/#website\",\"url\":\"https:\/\/www.peanutoem.com\/\",\"name\":\"Peanut Butter Factory\",\"description\":\"Peanut Butter Manufacturer and Roast Peanut OEM Factory | Peanut Private Label China Supplier\",\"publisher\":{\"@id\":\"https:\/\/www.peanutoem.com\/#organization\"},\"alternateName\":\"Peanut Butter OEM and Wholesale\",\"potentialAction\":[{\"@type\":\"SearchAction\",\"target\":{\"@type\":\"EntryPoint\",\"urlTemplate\":\"https:\/\/www.peanutoem.com\/?s={search_term_string}\"},\"query-input\":{\"@type\":\"PropertyValueSpecification\",\"valueRequired\":true,\"valueName\":\"search_term_string\"}}],\"inLanguage\":\"sk-SK\"},{\"@type\":\"Organization\",\"@id\":\"https:\/\/www.peanutoem.com\/#organization\",\"name\":\"Peanut Butter Factory\",\"alternateName\":\"JuFeng Group\",\"url\":\"https:\/\/www.peanutoem.com\/\",\"logo\":{\"@type\":\"ImageObject\",\"inLanguage\":\"sk-SK\",\"@id\":\"https:\/\/www.peanutoem.com\/#\/schema\/logo\/image\/\",\"url\":\"https:\/\/www.peanutoem.com\/wp-content\/uploads\/2024\/09\/JUFENG-LOGO.png\",\"contentUrl\":\"https:\/\/www.peanutoem.com\/wp-content\/uploads\/2024\/09\/JUFENG-LOGO.png\",\"width\":600,\"height\":170,\"caption\":\"Peanut Butter Factory\"},\"image\":{\"@id\":\"https:\/\/www.peanutoem.com\/#\/schema\/logo\/image\/\"}}]}<\/script>\n<!-- \/ Yoast SEO plugin. -->","yoast_head_json":{"title":"Roasted Peanut Powder Manufacturer - Peanut Butter Factory","description":"We are a top OEM, private label manufacturer, and exporter of premium Roasted Peanut Powder, offering quality solutions globally.","robots":{"index":"index","follow":"follow","max-snippet":"max-snippet:-1","max-image-preview":"max-image-preview:large","max-video-preview":"max-video-preview:-1"},"canonical":"https:\/\/www.peanutoem.com\/sk\/manufacturer\/roasted-peanut-powder\/","og_locale":"sk_SK","og_type":"article","og_title":"Roasted Peanut Powder Manufacturer - Peanut Butter Factory","og_description":"We are a top OEM, private label manufacturer, and exporter of premium Roasted Peanut Powder, offering quality solutions globally.","og_url":"https:\/\/www.peanutoem.com\/sk\/manufacturer\/roasted-peanut-powder\/","og_site_name":"Peanut Butter Factory","article_modified_time":"2024-09-28T04:23:49+00:00","og_image":[{"width":551,"height":472,"url":"https:\/\/www.peanutoem.com\/wp-content\/uploads\/2024\/09\/Roasted-Peanut-Powder.webp","type":"image\/webp"}],"twitter_card":"summary_large_image","twitter_misc":{"Predpokladan\u00fd \u010das \u010d\u00edtania":"3 min\u00faty"},"schema":{"@context":"https:\/\/schema.org","@graph":[{"@type":"WebPage","@id":"https:\/\/www.peanutoem.com\/manufacturer\/roasted-peanut-powder\/","url":"https:\/\/www.peanutoem.com\/manufacturer\/roasted-peanut-powder\/","name":"Roasted Peanut Powder Manufacturer - Peanut Butter Factory","isPartOf":{"@id":"https:\/\/www.peanutoem.com\/#website"},"primaryImageOfPage":{"@id":"https:\/\/www.peanutoem.com\/manufacturer\/roasted-peanut-powder\/#primaryimage"},"image":{"@id":"https:\/\/www.peanutoem.com\/manufacturer\/roasted-peanut-powder\/#primaryimage"},"thumbnailUrl":"https:\/\/www.peanutoem.com\/wp-content\/uploads\/2024\/09\/Roasted-Peanut-Powder.webp","datePublished":"2024-09-02T14:00:57+00:00","dateModified":"2024-09-28T04:23:49+00:00","description":"We are a top OEM, private label manufacturer, and exporter of premium Roasted Peanut Powder, offering quality solutions globally.","breadcrumb":{"@id":"https:\/\/www.peanutoem.com\/manufacturer\/roasted-peanut-powder\/#breadcrumb"},"inLanguage":"sk-SK","potentialAction":[{"@type":"ReadAction","target":["https:\/\/www.peanutoem.com\/manufacturer\/roasted-peanut-powder\/"]}]},{"@type":"ImageObject","inLanguage":"sk-SK","@id":"https:\/\/www.peanutoem.com\/manufacturer\/roasted-peanut-powder\/#primaryimage","url":"https:\/\/www.peanutoem.com\/wp-content\/uploads\/2024\/09\/Roasted-Peanut-Powder.webp","contentUrl":"https:\/\/www.peanutoem.com\/wp-content\/uploads\/2024\/09\/Roasted-Peanut-Powder.webp","width":551,"height":472,"caption":"Roasted Peanut Powder"},{"@type":"BreadcrumbList","@id":"https:\/\/www.peanutoem.com\/manufacturer\/roasted-peanut-powder\/#breadcrumb","itemListElement":[{"@type":"ListItem","position":1,"name":"Home","item":"https:\/\/www.peanutoem.com\/"},{"@type":"ListItem","position":2,"name":"Products","item":"https:\/\/www.peanutoem.com\/shop\/"},{"@type":"ListItem","position":3,"name":"Roasted Peanut Powder"}]},{"@type":"WebSite","@id":"https:\/\/www.peanutoem.com\/#website","url":"https:\/\/www.peanutoem.com\/","name":"Peanut Butter Factory","description":"Peanut Butter Manufacturer and Roast Peanut OEM Factory | Peanut Private Label China Supplier","publisher":{"@id":"https:\/\/www.peanutoem.com\/#organization"},"alternateName":"Peanut Butter OEM and Wholesale","potentialAction":[{"@type":"SearchAction","target":{"@type":"EntryPoint","urlTemplate":"https:\/\/www.peanutoem.com\/?s={search_term_string}"},"query-input":{"@type":"PropertyValueSpecification","valueRequired":true,"valueName":"search_term_string"}}],"inLanguage":"sk-SK"},{"@type":"Organization","@id":"https:\/\/www.peanutoem.com\/#organization","name":"Peanut Butter Factory","alternateName":"JuFeng Group","url":"https:\/\/www.peanutoem.com\/","logo":{"@type":"ImageObject","inLanguage":"sk-SK","@id":"https:\/\/www.peanutoem.com\/#\/schema\/logo\/image\/","url":"https:\/\/www.peanutoem.com\/wp-content\/uploads\/2024\/09\/JUFENG-LOGO.png","contentUrl":"https:\/\/www.peanutoem.com\/wp-content\/uploads\/2024\/09\/JUFENG-LOGO.png","width":600,"height":170,"caption":"Peanut Butter Factory"},"image":{"@id":"https:\/\/www.peanutoem.com\/#\/schema\/logo\/image\/"}}]}},"_links":{"self":[{"href":"https:\/\/www.peanutoem.com\/sk\/wp-json\/wp\/v2\/product\/1556","targetHints":{"allow":["GET"]}}],"collection":[{"href":"https:\/\/www.peanutoem.com\/sk\/wp-json\/wp\/v2\/product"}],"about":[{"href":"https:\/\/www.peanutoem.com\/sk\/wp-json\/wp\/v2\/types\/product"}],"replies":[{"embeddable":true,"href":"https:\/\/www.peanutoem.com\/sk\/wp-json\/wp\/v2\/comments?post=1556"}],"wp:featuredmedia":[{"embeddable":true,"href":"https:\/\/www.peanutoem.com\/sk\/wp-json\/wp\/v2\/media\/1714"}],"wp:attachment":[{"href":"https:\/\/www.peanutoem.com\/sk\/wp-json\/wp\/v2\/media?parent=1556"}],"wp:term":[{"taxonomy":"product_cat","embeddable":true,"href":"https:\/\/www.peanutoem.com\/sk\/wp-json\/wp\/v2\/product_cat?post=1556"},{"taxonomy":"product_tag","embeddable":true,"href":"https:\/\/www.peanutoem.com\/sk\/wp-json\/wp\/v2\/product_tag?post=1556"}],"curies":[{"name":"wp","href":"https:\/\/api.w.org\/{rel}","templated":true}]}}